{"id":28657,"date":"2026-04-29T16:37:17","date_gmt":"2026-04-29T14:37:17","guid":{"rendered":"https:\/\/welabplus.com\/wevision\/?post_type=product&#038;p=28657"},"modified":"2026-04-29T16:37:17","modified_gmt":"2026-04-29T14:37:17","slug":"big-ben-doble","status":"publish","type":"product","link":"https:\/\/welabplus.com\/wevision\/catalogo\/soporte-rigging\/clamps-y-adaptadores\/big-ben-doble\/","title":{"rendered":"BIG BEN DOBLE"},"content":{"rendered":"<div>\n<div class=\"\">\n<p>La garra <strong>BIG BEN DOBLE<\/strong> es un clamp de grip profesional dise\u00f1ado para unir dos tubos o estructuras de forma s\u00f3lida y segura. Permite crear soportes robustos para iluminaci\u00f3n y escenograf\u00eda con m\u00e1xima estabilidad. Cuenta con Spigot de 28mm.<\/p>\n<p class=\"\" data-start=\"709\" data-end=\"902\">Gracias a su construcci\u00f3n met\u00e1lica de alta resistencia y sus bloqueos por tornillo, ofrece una sujeci\u00f3n segura incluso con cargas pesadas como SkyPanels, luces HMI o estructuras personalizadas.<\/p>\n<h3 data-start=\"904\" data-end=\"935\"><strong data-start=\"904\" data-end=\"935\">Caracter\u00edsticas T\u00e9cnicas de BIG BEN DOBLE:<\/strong><\/h3>\n<ul data-start=\"937\" data-end=\"1258\">\n<li class=\"\" data-start=\"937\" data-end=\"993\">\n<p class=\"\" data-start=\"939\" data-end=\"993\">Uni\u00f3n de dos esp\u00e1rragos de 28 mm (Junior Pin) en 90\u00b0.<\/p>\n<\/li>\n<li class=\"\" data-start=\"994\" data-end=\"1081\">\n<p class=\"\" data-start=\"996\" data-end=\"1081\">Ideal para montar estructuras perpendiculares o sistemas de iluminaci\u00f3n suspendidos.<\/p>\n<\/li>\n<li class=\"\" data-start=\"1082\" data-end=\"1129\">\n<p class=\"\" data-start=\"1084\" data-end=\"1129\">Construcci\u00f3n de acero o aluminio mecanizado.<\/p>\n<\/li>\n<li class=\"\" data-start=\"1130\" data-end=\"1197\">\n<p class=\"\" data-start=\"1132\" data-end=\"1197\">Compatible con tr\u00edpodes, bases de suelo, tubos o piezas de grip.<\/p>\n<\/li>\n<li class=\"\" data-start=\"1198\" data-end=\"1258\">\n<p class=\"\" data-start=\"1200\" data-end=\"1258\">Uso frecuente en rodajes de cine, TV, eventos y estudios.<\/p>\n<\/li>\n<\/ul>\n<\/div>\n<\/div>\n<p>&nbsp;<\/p>\n<p><strong>M\u00e1s informaci\u00f3n<\/strong> en la\u00a0<a href=\"https:\/\/blackbirdrental.com\/products\/big-ben-doble-avenger-c4486\">web del anunciante.<\/a><\/p>\n<p>&nbsp;<\/p>\n<hr \/>\n<div class=\"social-icon social-big\"><a href=\"https:\/\/www.facebook.com\/welabplus\/\" target=\"_blank\" title=\"\"><i class=\"fa fa-facebook\"><\/i><\/a><\/div>\n<div class=\"social-icon social-big\"><a href=\"https:\/\/twitter.com\/welabplus\" target=\"_blank\" title=\"\"><i class=\"fa fa-twitter\"><\/i><\/a><\/div>\n<div class=\"social-icon social-big\"><a href=\"https:\/\/www.instagram.com\/welabplus\/?hl=es\" target=\"_blank\" title=\"\"><i class=\"fa fa-instagram\"><\/i><\/a><\/div>\n<div class=\"social-icon social-big\"><a href=\"https:\/\/www.linkedin.com\/company\/welabplus\" target=\"_blank\" title=\"\"><i class=\"fa fa-linkedin\"><\/i><\/a><\/div>\n","protected":false},"excerpt":{"rendered":"<p>La garra BIG BEN DOBLE es un clamp de grip profesional dise\u00f1ado para unir dos tubos o estructuras de forma [&hellip;]<\/p>\n","protected":false},"featured_media":28650,"comment_status":"closed","ping_status":"closed","template":"","meta":{"_acf_changed":false,"inline_featured_image":false},"product_brand":[],"product_cat":[9315],"product_tag":[9676,9677,9678,9679,9680,9681,9682,9652,9671,9672,9673,9674,9675],"class_list":{"0":"post-28657","1":"product","2":"type-product","3":"status-publish","4":"has-post-thumbnail","6":"product_cat-clamps-y-adaptadores","7":"product_tag-conector-doble-para-tubos-de-50mm-con-receptor","8":"product_tag-abrazadera-reforzada-para-iluminacion-pesada","9":"product_tag-material-de-agarre-para-estructuras-de-teatro-y-eventos","10":"product_tag-rigging-industrial","11":"product_tag-scaffolding-accessories","12":"product_tag-kupo-kcp-363b","13":"product_tag-seguridad-en-altura","14":"product_tag-kupo-grip","15":"product_tag-garra-big-ben-doble","16":"product_tag-double-big-ben-clamp","17":"product_tag-abrazadera-de-andamio-doble","18":"product_tag-kcp-844","19":"product_tag-garra-doble-para-rigging-de-cine","21":"first","22":"instock","23":"shipping-taxable","24":"purchasable","25":"product-type-simple"},"acf":[],"yoast_head":"<!-- This site is optimized with the Yoast SEO plugin v26.2 - https:\/\/yoast.com\/wordpress\/plugins\/seo\/ -->\n<title>BIG BEN DOBLE - Wevision<\/title>\n<meta name=\"description\" content=\"La garra BIG BEN DOBLE es un clamp de grip profesional dise\u00f1ado para unir dos tubos o estructuras de forma s\u00f3lida y segura. Permite crear soportes robust...\" \/>\n<meta name=\"robots\" content=\"index, follow, max-snippet:-1, max-image-preview:large, max-video-preview:-1\" \/>\n<link rel=\"canonical\" href=\"https:\/\/welabplus.com\/wevision\/catalogo\/soporte-rigging\/clamps-y-adaptadores\/big-ben-doble\/\" \/>\n<meta property=\"og:locale\" content=\"es_ES\" \/>\n<meta property=\"og:type\" content=\"article\" \/>\n<meta property=\"og:title\" content=\"BIG BEN DOBLE - Wevision\" \/>\n<meta property=\"og:description\" content=\"La garra BIG BEN DOBLE es un clamp de grip profesional dise\u00f1ado para unir dos tubos o estructuras de forma s\u00f3lida y segura. Permite crear soportes robust...\" \/>\n<meta property=\"og:url\" content=\"https:\/\/welabplus.com\/wevision\/catalogo\/soporte-rigging\/clamps-y-adaptadores\/big-ben-doble\/\" \/>\n<meta property=\"og:site_name\" content=\"Wevision\" \/>\n<meta property=\"article:publisher\" content=\"https:\/\/www.facebook.com\/welab.es\/\" \/>\n<meta property=\"og:image\" content=\"https:\/\/welabplus.com\/wevision\/wp-content\/uploads\/2026\/04\/ALQUILER-GARRA-BIG-BEN-DOBLE-WEVISION.jpg\" \/>\n\t<meta property=\"og:image:width\" content=\"933\" \/>\n\t<meta property=\"og:image:height\" content=\"557\" \/>\n\t<meta property=\"og:image:type\" content=\"image\/jpeg\" \/>\n<meta name=\"twitter:card\" content=\"summary_large_image\" \/>\n<meta name=\"twitter:site\" content=\"@welabspain\" \/>\n<meta name=\"twitter:label1\" content=\"Tiempo de lectura\" \/>\n\t<meta name=\"twitter:data1\" content=\"1 minuto\" \/>\n<script type=\"application\/ld+json\" class=\"yoast-schema-graph\">{\"@context\":\"https:\/\/schema.org\",\"@graph\":[{\"@type\":\"WebPage\",\"@id\":\"https:\/\/welabplus.com\/wevision\/catalogo\/soporte-rigging\/clamps-y-adaptadores\/big-ben-doble\/\",\"url\":\"https:\/\/welabplus.com\/wevision\/catalogo\/soporte-rigging\/clamps-y-adaptadores\/big-ben-doble\/\",\"name\":\"BIG BEN DOBLE - Wevision\",\"isPartOf\":{\"@id\":\"https:\/\/welabplus.com\/wevision\/#website\"},\"primaryImageOfPage\":{\"@id\":\"https:\/\/welabplus.com\/wevision\/catalogo\/soporte-rigging\/clamps-y-adaptadores\/big-ben-doble\/#primaryimage\"},\"image\":{\"@id\":\"https:\/\/welabplus.com\/wevision\/catalogo\/soporte-rigging\/clamps-y-adaptadores\/big-ben-doble\/#primaryimage\"},\"thumbnailUrl\":\"https:\/\/welabplus.com\/wevision\/wp-content\/uploads\/2026\/04\/ALQUILER-GARRA-BIG-BEN-DOBLE-WEVISION.jpg\",\"datePublished\":\"2026-04-29T14:37:17+00:00\",\"description\":\"La garra BIG BEN DOBLE es un clamp de grip profesional dise\u00f1ado para unir dos tubos o estructuras de forma s\u00f3lida y segura. Permite crear soportes robust...\",\"breadcrumb\":{\"@id\":\"https:\/\/welabplus.com\/wevision\/catalogo\/soporte-rigging\/clamps-y-adaptadores\/big-ben-doble\/#breadcrumb\"},\"inLanguage\":\"es\",\"potentialAction\":[{\"@type\":\"ReadAction\",\"target\":[\"https:\/\/welabplus.com\/wevision\/catalogo\/soporte-rigging\/clamps-y-adaptadores\/big-ben-doble\/\"]}]},{\"@type\":\"ImageObject\",\"inLanguage\":\"es\",\"@id\":\"https:\/\/welabplus.com\/wevision\/catalogo\/soporte-rigging\/clamps-y-adaptadores\/big-ben-doble\/#primaryimage\",\"url\":\"https:\/\/welabplus.com\/wevision\/wp-content\/uploads\/2026\/04\/ALQUILER-GARRA-BIG-BEN-DOBLE-WEVISION.jpg\",\"contentUrl\":\"https:\/\/welabplus.com\/wevision\/wp-content\/uploads\/2026\/04\/ALQUILER-GARRA-BIG-BEN-DOBLE-WEVISION.jpg\",\"width\":933,\"height\":557,\"caption\":\"ALQUILER GARRA BIG BEN DOBLE WEVISION\"},{\"@type\":\"BreadcrumbList\",\"@id\":\"https:\/\/welabplus.com\/wevision\/catalogo\/soporte-rigging\/clamps-y-adaptadores\/big-ben-doble\/#breadcrumb\",\"itemListElement\":[{\"@type\":\"ListItem\",\"position\":1,\"name\":\"Portada\",\"item\":\"https:\/\/welabplus.com\/wevision\/\"},{\"@type\":\"ListItem\",\"position\":2,\"name\":\"Cat\u00e1logo\",\"item\":\"https:\/\/welabplus.com\/wevision\/catalogo\/\"},{\"@type\":\"ListItem\",\"position\":3,\"name\":\"BIG BEN DOBLE\"}]},{\"@type\":\"WebSite\",\"@id\":\"https:\/\/welabplus.com\/wevision\/#website\",\"url\":\"https:\/\/welabplus.com\/wevision\/\",\"name\":\"Welabplus\",\"description\":\"C\u00e1maras y lentes para cine\",\"publisher\":{\"@id\":\"https:\/\/welabplus.com\/wevision\/#organization\"},\"potentialAction\":[{\"@type\":\"SearchAction\",\"target\":{\"@type\":\"EntryPoint\",\"urlTemplate\":\"https:\/\/welabplus.com\/wevision\/?s={search_term_string}\"},\"query-input\":{\"@type\":\"PropertyValueSpecification\",\"valueRequired\":true,\"valueName\":\"search_term_string\"}}],\"inLanguage\":\"es\"},{\"@type\":\"Organization\",\"@id\":\"https:\/\/welabplus.com\/wevision\/#organization\",\"name\":\"Welab Canary Islands\",\"url\":\"https:\/\/welabplus.com\/wevision\/\",\"logo\":{\"@type\":\"ImageObject\",\"inLanguage\":\"es\",\"@id\":\"https:\/\/welabplus.com\/wevision\/#\/schema\/logo\/image\/\",\"url\":\"\",\"contentUrl\":\"\",\"caption\":\"Welab Canary Islands\"},\"image\":{\"@id\":\"https:\/\/welabplus.com\/wevision\/#\/schema\/logo\/image\/\"},\"sameAs\":[\"https:\/\/www.facebook.com\/welab.es\/\",\"https:\/\/x.com\/welabspain\"]}]}<\/script>\n<!-- \/ Yoast SEO plugin. -->","yoast_head_json":{"title":"BIG BEN DOBLE - Wevision","description":"La garra BIG BEN DOBLE es un clamp de grip profesional dise\u00f1ado para unir dos tubos o estructuras de forma s\u00f3lida y segura. Permite crear soportes robust...","robots":{"index":"index","follow":"follow","max-snippet":"max-snippet:-1","max-image-preview":"max-image-preview:large","max-video-preview":"max-video-preview:-1"},"canonical":"https:\/\/welabplus.com\/wevision\/catalogo\/soporte-rigging\/clamps-y-adaptadores\/big-ben-doble\/","og_locale":"es_ES","og_type":"article","og_title":"BIG BEN DOBLE - Wevision","og_description":"La garra BIG BEN DOBLE es un clamp de grip profesional dise\u00f1ado para unir dos tubos o estructuras de forma s\u00f3lida y segura. Permite crear soportes robust...","og_url":"https:\/\/welabplus.com\/wevision\/catalogo\/soporte-rigging\/clamps-y-adaptadores\/big-ben-doble\/","og_site_name":"Wevision","article_publisher":"https:\/\/www.facebook.com\/welab.es\/","og_image":[{"width":933,"height":557,"url":"https:\/\/welabplus.com\/wevision\/wp-content\/uploads\/2026\/04\/ALQUILER-GARRA-BIG-BEN-DOBLE-WEVISION.jpg","type":"image\/jpeg"}],"twitter_card":"summary_large_image","twitter_site":"@welabspain","twitter_misc":{"Tiempo de lectura":"1 minuto"},"schema":{"@context":"https:\/\/schema.org","@graph":[{"@type":"WebPage","@id":"https:\/\/welabplus.com\/wevision\/catalogo\/soporte-rigging\/clamps-y-adaptadores\/big-ben-doble\/","url":"https:\/\/welabplus.com\/wevision\/catalogo\/soporte-rigging\/clamps-y-adaptadores\/big-ben-doble\/","name":"BIG BEN DOBLE - Wevision","isPartOf":{"@id":"https:\/\/welabplus.com\/wevision\/#website"},"primaryImageOfPage":{"@id":"https:\/\/welabplus.com\/wevision\/catalogo\/soporte-rigging\/clamps-y-adaptadores\/big-ben-doble\/#primaryimage"},"image":{"@id":"https:\/\/welabplus.com\/wevision\/catalogo\/soporte-rigging\/clamps-y-adaptadores\/big-ben-doble\/#primaryimage"},"thumbnailUrl":"https:\/\/welabplus.com\/wevision\/wp-content\/uploads\/2026\/04\/ALQUILER-GARRA-BIG-BEN-DOBLE-WEVISION.jpg","datePublished":"2026-04-29T14:37:17+00:00","description":"La garra BIG BEN DOBLE es un clamp de grip profesional dise\u00f1ado para unir dos tubos o estructuras de forma s\u00f3lida y segura. Permite crear soportes robust...","breadcrumb":{"@id":"https:\/\/welabplus.com\/wevision\/catalogo\/soporte-rigging\/clamps-y-adaptadores\/big-ben-doble\/#breadcrumb"},"inLanguage":"es","potentialAction":[{"@type":"ReadAction","target":["https:\/\/welabplus.com\/wevision\/catalogo\/soporte-rigging\/clamps-y-adaptadores\/big-ben-doble\/"]}]},{"@type":"ImageObject","inLanguage":"es","@id":"https:\/\/welabplus.com\/wevision\/catalogo\/soporte-rigging\/clamps-y-adaptadores\/big-ben-doble\/#primaryimage","url":"https:\/\/welabplus.com\/wevision\/wp-content\/uploads\/2026\/04\/ALQUILER-GARRA-BIG-BEN-DOBLE-WEVISION.jpg","contentUrl":"https:\/\/welabplus.com\/wevision\/wp-content\/uploads\/2026\/04\/ALQUILER-GARRA-BIG-BEN-DOBLE-WEVISION.jpg","width":933,"height":557,"caption":"ALQUILER GARRA BIG BEN DOBLE WEVISION"},{"@type":"BreadcrumbList","@id":"https:\/\/welabplus.com\/wevision\/catalogo\/soporte-rigging\/clamps-y-adaptadores\/big-ben-doble\/#breadcrumb","itemListElement":[{"@type":"ListItem","position":1,"name":"Portada","item":"https:\/\/welabplus.com\/wevision\/"},{"@type":"ListItem","position":2,"name":"Cat\u00e1logo","item":"https:\/\/welabplus.com\/wevision\/catalogo\/"},{"@type":"ListItem","position":3,"name":"BIG BEN DOBLE"}]},{"@type":"WebSite","@id":"https:\/\/welabplus.com\/wevision\/#website","url":"https:\/\/welabplus.com\/wevision\/","name":"Welabplus","description":"C\u00e1maras y lentes para cine","publisher":{"@id":"https:\/\/welabplus.com\/wevision\/#organization"},"potentialAction":[{"@type":"SearchAction","target":{"@type":"EntryPoint","urlTemplate":"https:\/\/welabplus.com\/wevision\/?s={search_term_string}"},"query-input":{"@type":"PropertyValueSpecification","valueRequired":true,"valueName":"search_term_string"}}],"inLanguage":"es"},{"@type":"Organization","@id":"https:\/\/welabplus.com\/wevision\/#organization","name":"Welab Canary Islands","url":"https:\/\/welabplus.com\/wevision\/","logo":{"@type":"ImageObject","inLanguage":"es","@id":"https:\/\/welabplus.com\/wevision\/#\/schema\/logo\/image\/","url":"","contentUrl":"","caption":"Welab Canary Islands"},"image":{"@id":"https:\/\/welabplus.com\/wevision\/#\/schema\/logo\/image\/"},"sameAs":["https:\/\/www.facebook.com\/welab.es\/","https:\/\/x.com\/welabspain"]}]}},"_links":{"self":[{"href":"https:\/\/welabplus.com\/wevision\/wp-json\/wp\/v2\/product\/28657","targetHints":{"allow":["GET"]}}],"collection":[{"href":"https:\/\/welabplus.com\/wevision\/wp-json\/wp\/v2\/product"}],"about":[{"href":"https:\/\/welabplus.com\/wevision\/wp-json\/wp\/v2\/types\/product"}],"replies":[{"embeddable":true,"href":"https:\/\/welabplus.com\/wevision\/wp-json\/wp\/v2\/comments?post=28657"}],"wp:featuredmedia":[{"embeddable":true,"href":"https:\/\/welabplus.com\/wevision\/wp-json\/wp\/v2\/media\/28650"}],"wp:attachment":[{"href":"https:\/\/welabplus.com\/wevision\/wp-json\/wp\/v2\/media?parent=28657"}],"wp:term":[{"taxonomy":"product_brand","embeddable":true,"href":"https:\/\/welabplus.com\/wevision\/wp-json\/wp\/v2\/product_brand?post=28657"},{"taxonomy":"product_cat","embeddable":true,"href":"https:\/\/welabplus.com\/wevision\/wp-json\/wp\/v2\/product_cat?post=28657"},{"taxonomy":"product_tag","embeddable":true,"href":"https:\/\/welabplus.com\/wevision\/wp-json\/wp\/v2\/product_tag?post=28657"}],"curies":[{"name":"wp","href":"https:\/\/api.w.org\/{rel}","templated":true}]}}