{"id":28656,"date":"2026-04-28T11:39:06","date_gmt":"2026-04-28T09:39:06","guid":{"rendered":"https:\/\/welabplus.com\/wevision\/?post_type=product&#038;p=28656"},"modified":"2026-04-28T11:39:06","modified_gmt":"2026-04-28T09:39:06","slug":"aputure-storm-xt52","status":"publish","type":"product","link":"https:\/\/welabplus.com\/wevision\/catalogo\/led\/foco-puntual-cob\/aputure\/aputure-storm-xt52\/","title":{"rendered":"APUTURE STORM XT52"},"content":{"rendered":"<p class=\"p1\">La <b>Aputure STORM XT52<\/b> es un proyector LED de alt\u00edsima potencia dise\u00f1ado para grandes producciones cinematogr\u00e1ficas, capaz de rivalizar con fuentes HMI de gran formato. Incorpora el avanzado motor de color <b>BLAIR<\/b>, que ofrece luz blanca de m\u00e1xima calidad, amplio rango de temperatura (2.500K &#8211; 10.000K) y control preciso de color sin necesidad de gels.<\/p>\n<p class=\"p1\">Con una salida excepcional (superando incluso a un HMI de 6.000W) y construcci\u00f3n robusta IP65, es una soluci\u00f3n profesional pensada para rodajes exigentes en exterior e interior.<\/p>\n<p>&nbsp;<\/p>\n<h3>Caracter\u00edsticas T\u00e9cnicas del APUTURE STORM XT52:<\/h3>\n<div class=\"_h6_7trh4_23 _maxWidth_7trh4_257\" role=\"heading\" data-color-mode=\"light\" aria-level=\"1\"><strong><span dir=\"auto\">LAIR: La mejor luz blanca regulable<\/span><\/strong><\/div>\n<p class=\"_bodyL_7trh4_23 _maxWidth_7trh4_257\" data-color-mode=\"light\"><span dir=\"auto\">La Aputure STORM XT52 utiliza el motor de luz BLAIR (azul\/lima\/\u00e1mbar\/\u00edndigo\/rojo), que proporciona la luz blanca de mayor calidad y la mayor capacidad de ajuste de verde (+\/-) de cualquier tecnolog\u00eda LED. Los emisores \u00edndigo del motor de luz BLAIR realzan materiales fluorescentes como la luz natural y las fuentes de tungsteno.<\/span><\/p>\n<p class=\"_bodyL_7trh4_23 _maxWidth_7trh4_257\" data-color-mode=\"light\"><span dir=\"auto\">La potencia lum\u00ednica del STORM XT52 es la m\u00e1s alta de cualquier luminaria LED de fuente puntual en la industria, con 41.900 lux a 5 metros con un reflector de 35\u00b0. Esto supera el brillo de una luminaria HMI de 6.000 W.<\/span><\/p>\n<div class=\"_h6_7trh4_23 _maxWidth_7trh4_257\" role=\"heading\" data-color-mode=\"light\" aria-level=\"1\"><strong><span dir=\"auto\">Control de ajuste de color<\/span><\/strong><\/div>\n<p class=\"_bodyL_7trh4_23 _maxWidth_7trh4_257\" data-color-mode=\"light\"><span dir=\"auto\">El revolucionario motor de luz BLAIR tambi\u00e9n puede generar colores saturados en m\u00e1s del 70 % del espacio de color Rec.2020 utilizando los modos HSIC+ limitado y de control x,y. Consigue atardeceres carmes\u00ed intensos, \u00e1mbares ricos en vapor de sodio y sutiles efectos de color sin necesidad de filtros de gel.<\/span><\/p>\n<p class=\"_bodyL_7trh4_23 _maxWidth_7trh4_257\" data-color-mode=\"light\"><span dir=\"auto\">STORM XT52 es m\u00e1s del doble de potente que cualquier otra luz de color de fuente puntual.<\/span><\/p>\n<div class=\"_h6_7trh4_23 _maxWidth_7trh4_257\" role=\"heading\" data-color-mode=\"light\" aria-level=\"1\"><strong><span dir=\"auto\">El tama\u00f1o m\u00e1s peque\u00f1o y el peso m\u00e1s bajo de su categor\u00eda.<\/span><\/strong><\/div>\n<p class=\"_bodyL_7trh4_23 _maxWidth_7trh4_257\" data-color-mode=\"light\"><span dir=\"auto\">El cabezal de la l\u00e1mpara STORM XT52 pesa 27,80 kg (61,29 lb) y puede ser levantado por una sola persona y operado con un soporte de manivela est\u00e1ndar. La caja de control port\u00e1til XT52 tiene el tama\u00f1o de un malet\u00edn y pesa tan solo 13,40 kg (29,54 lb).<\/span><\/p>\n<div class=\"_h6_7trh4_23 _maxWidth_7trh4_257\" role=\"heading\" data-color-mode=\"light\" aria-level=\"1\"><strong><span dir=\"auto\">Ampl\u00eda tu alcance<\/span><\/strong><\/div>\n<p class=\"_bodyL_7trh4_23 _maxWidth_7trh4_257\" data-color-mode=\"light\"><span dir=\"auto\">Extienda el cable del cabezal STORM XT52 de 7,5 m hasta 45 m. Coloque el cabezal de la l\u00e1mpara en una plataforma elevadora y deje la caja de control en el suelo para ahorrar peso y tener los controles f\u00edsicos a mano. Alimente el STORM XT52 a m\u00e1xima luminosidad con generadores est\u00e1ndar de 6500 W.<\/span><\/p>\n<p>&nbsp;<\/p>\n<p><strong>M\u00e1s informaci\u00f3n<\/strong> en la\u00a0<a href=\"https:\/\/aputure.com\/products\/storm-xt52?srsltid=AfmBOoqdZsW3j1hTYfuyLglnIfgAyaSiY9dRDmQBhgD2Gu_V268PxXuG\">web del anunciante.<\/a><\/p>\n<p>&nbsp;<\/p>\n<hr \/>\n<div class=\"social-icon social-big\"><a href=\"https:\/\/www.facebook.com\/welabplus\/\" target=\"_blank\" title=\"\"><i class=\"fa fa-facebook\"><\/i><\/a><\/div>\n<div class=\"social-icon social-big\"><a href=\"https:\/\/twitter.com\/welabplus\" target=\"_blank\" title=\"\"><i class=\"fa fa-twitter\"><\/i><\/a><\/div>\n<div class=\"social-icon social-big\"><a href=\"https:\/\/www.instagram.com\/welabplus\/?hl=es\" target=\"_blank\" title=\"\"><i class=\"fa fa-instagram\"><\/i><\/a><\/div>\n<div class=\"social-icon social-big\"><a href=\"https:\/\/www.linkedin.com\/company\/welabplus\" target=\"_blank\" title=\"\"><i class=\"fa fa-linkedin\"><\/i><\/a><\/div>\n","protected":false},"excerpt":{"rendered":"<p>La Aputure STORM XT52 es un proyector LED de alt\u00edsima potencia dise\u00f1ado para grandes producciones cinematogr\u00e1ficas, capaz de rivalizar con [&hellip;]<\/p>\n","protected":false},"featured_media":28645,"comment_status":"closed","ping_status":"closed","template":"","meta":{"_acf_changed":false,"inline_featured_image":false},"product_brand":[],"product_cat":[8981],"product_tag":[8987,9710,9711,9712,9713,9714,9715,9716,9717],"class_list":{"0":"post-28656","1":"product","2":"type-product","3":"status-publish","4":"has-post-thumbnail","6":"product_cat-aputure","7":"product_tag-aputure","8":"product_tag-storm-1200x","9":"product_tag-blair-cg-light-engine","10":"product_tag-foco-led-de-alta-potencia","11":"product_tag-xt52-referencia-tecnica","12":"product_tag-foco-led-aputure-storm-1200x-espectro-completo","13":"product_tag-proyector-led-ip65-para-rodajes-profesionales","14":"product_tag-iluminacion-led-con-tecnologia-blair","15":"product_tag-aputure-storm-xt52-iluminacion-profesional","17":"first","18":"instock","19":"shipping-taxable","20":"purchasable","21":"product-type-simple"},"acf":[],"yoast_head":"<!-- This site is optimized with the Yoast SEO plugin v26.2 - https:\/\/yoast.com\/wordpress\/plugins\/seo\/ -->\n<title>APUTURE STORM XT52 - Wevision<\/title>\n<meta name=\"description\" content=\"La Aputure STORM XT52 es un proyector LED de alt\u00edsima potencia dise\u00f1ado para grandes producciones cinematogr\u00e1ficas, capaz de rivalizar con fuentes HMI de...\" \/>\n<meta name=\"robots\" content=\"index, follow, max-snippet:-1, max-image-preview:large, max-video-preview:-1\" \/>\n<link rel=\"canonical\" href=\"https:\/\/welabplus.com\/wevision\/catalogo\/led\/foco-puntual-cob\/aputure\/aputure-storm-xt52\/\" \/>\n<meta property=\"og:locale\" content=\"es_ES\" \/>\n<meta property=\"og:type\" content=\"article\" \/>\n<meta property=\"og:title\" content=\"APUTURE STORM XT52 - Wevision\" \/>\n<meta property=\"og:description\" content=\"La Aputure STORM XT52 es un proyector LED de alt\u00edsima potencia dise\u00f1ado para grandes producciones cinematogr\u00e1ficas, capaz de rivalizar con fuentes HMI de...\" \/>\n<meta property=\"og:url\" content=\"https:\/\/welabplus.com\/wevision\/catalogo\/led\/foco-puntual-cob\/aputure\/aputure-storm-xt52\/\" \/>\n<meta property=\"og:site_name\" content=\"Wevision\" \/>\n<meta property=\"article:publisher\" content=\"https:\/\/www.facebook.com\/welab.es\/\" \/>\n<meta property=\"og:image\" content=\"https:\/\/welabplus.com\/wevision\/wp-content\/uploads\/2026\/04\/ALQUILER-APERTURE-STORM-XT52-WEVISION.jpg\" \/>\n\t<meta property=\"og:image:width\" content=\"933\" \/>\n\t<meta property=\"og:image:height\" content=\"557\" \/>\n\t<meta property=\"og:image:type\" content=\"image\/jpeg\" \/>\n<meta name=\"twitter:card\" content=\"summary_large_image\" \/>\n<meta name=\"twitter:site\" content=\"@welabspain\" \/>\n<meta name=\"twitter:label1\" content=\"Tiempo de lectura\" \/>\n\t<meta name=\"twitter:data1\" content=\"3 minutos\" \/>\n<script type=\"application\/ld+json\" class=\"yoast-schema-graph\">{\"@context\":\"https:\/\/schema.org\",\"@graph\":[{\"@type\":\"WebPage\",\"@id\":\"https:\/\/welabplus.com\/wevision\/catalogo\/led\/foco-puntual-cob\/aputure\/aputure-storm-xt52\/\",\"url\":\"https:\/\/welabplus.com\/wevision\/catalogo\/led\/foco-puntual-cob\/aputure\/aputure-storm-xt52\/\",\"name\":\"APUTURE STORM XT52 - Wevision\",\"isPartOf\":{\"@id\":\"https:\/\/welabplus.com\/wevision\/#website\"},\"primaryImageOfPage\":{\"@id\":\"https:\/\/welabplus.com\/wevision\/catalogo\/led\/foco-puntual-cob\/aputure\/aputure-storm-xt52\/#primaryimage\"},\"image\":{\"@id\":\"https:\/\/welabplus.com\/wevision\/catalogo\/led\/foco-puntual-cob\/aputure\/aputure-storm-xt52\/#primaryimage\"},\"thumbnailUrl\":\"https:\/\/welabplus.com\/wevision\/wp-content\/uploads\/2026\/04\/ALQUILER-APERTURE-STORM-XT52-WEVISION.jpg\",\"datePublished\":\"2026-04-28T09:39:06+00:00\",\"description\":\"La Aputure STORM XT52 es un proyector LED de alt\u00edsima potencia dise\u00f1ado para grandes producciones cinematogr\u00e1ficas, capaz de rivalizar con fuentes HMI de...\",\"breadcrumb\":{\"@id\":\"https:\/\/welabplus.com\/wevision\/catalogo\/led\/foco-puntual-cob\/aputure\/aputure-storm-xt52\/#breadcrumb\"},\"inLanguage\":\"es\",\"potentialAction\":[{\"@type\":\"ReadAction\",\"target\":[\"https:\/\/welabplus.com\/wevision\/catalogo\/led\/foco-puntual-cob\/aputure\/aputure-storm-xt52\/\"]}]},{\"@type\":\"ImageObject\",\"inLanguage\":\"es\",\"@id\":\"https:\/\/welabplus.com\/wevision\/catalogo\/led\/foco-puntual-cob\/aputure\/aputure-storm-xt52\/#primaryimage\",\"url\":\"https:\/\/welabplus.com\/wevision\/wp-content\/uploads\/2026\/04\/ALQUILER-APERTURE-STORM-XT52-WEVISION.jpg\",\"contentUrl\":\"https:\/\/welabplus.com\/wevision\/wp-content\/uploads\/2026\/04\/ALQUILER-APERTURE-STORM-XT52-WEVISION.jpg\",\"width\":933,\"height\":557,\"caption\":\"ALQUILER APUTURE STORM XT52 WEVISION\"},{\"@type\":\"BreadcrumbList\",\"@id\":\"https:\/\/welabplus.com\/wevision\/catalogo\/led\/foco-puntual-cob\/aputure\/aputure-storm-xt52\/#breadcrumb\",\"itemListElement\":[{\"@type\":\"ListItem\",\"position\":1,\"name\":\"Portada\",\"item\":\"https:\/\/welabplus.com\/wevision\/\"},{\"@type\":\"ListItem\",\"position\":2,\"name\":\"Cat\u00e1logo\",\"item\":\"https:\/\/welabplus.com\/wevision\/catalogo\/\"},{\"@type\":\"ListItem\",\"position\":3,\"name\":\"APUTURE STORM XT52\"}]},{\"@type\":\"WebSite\",\"@id\":\"https:\/\/welabplus.com\/wevision\/#website\",\"url\":\"https:\/\/welabplus.com\/wevision\/\",\"name\":\"Welabplus\",\"description\":\"C\u00e1maras y lentes para cine\",\"publisher\":{\"@id\":\"https:\/\/welabplus.com\/wevision\/#organization\"},\"potentialAction\":[{\"@type\":\"SearchAction\",\"target\":{\"@type\":\"EntryPoint\",\"urlTemplate\":\"https:\/\/welabplus.com\/wevision\/?s={search_term_string}\"},\"query-input\":{\"@type\":\"PropertyValueSpecification\",\"valueRequired\":true,\"valueName\":\"search_term_string\"}}],\"inLanguage\":\"es\"},{\"@type\":\"Organization\",\"@id\":\"https:\/\/welabplus.com\/wevision\/#organization\",\"name\":\"Welab Canary Islands\",\"url\":\"https:\/\/welabplus.com\/wevision\/\",\"logo\":{\"@type\":\"ImageObject\",\"inLanguage\":\"es\",\"@id\":\"https:\/\/welabplus.com\/wevision\/#\/schema\/logo\/image\/\",\"url\":\"\",\"contentUrl\":\"\",\"caption\":\"Welab Canary Islands\"},\"image\":{\"@id\":\"https:\/\/welabplus.com\/wevision\/#\/schema\/logo\/image\/\"},\"sameAs\":[\"https:\/\/www.facebook.com\/welab.es\/\",\"https:\/\/x.com\/welabspain\"]}]}<\/script>\n<!-- \/ Yoast SEO plugin. -->","yoast_head_json":{"title":"APUTURE STORM XT52 - Wevision","description":"La Aputure STORM XT52 es un proyector LED de alt\u00edsima potencia dise\u00f1ado para grandes producciones cinematogr\u00e1ficas, capaz de rivalizar con fuentes HMI de...","robots":{"index":"index","follow":"follow","max-snippet":"max-snippet:-1","max-image-preview":"max-image-preview:large","max-video-preview":"max-video-preview:-1"},"canonical":"https:\/\/welabplus.com\/wevision\/catalogo\/led\/foco-puntual-cob\/aputure\/aputure-storm-xt52\/","og_locale":"es_ES","og_type":"article","og_title":"APUTURE STORM XT52 - Wevision","og_description":"La Aputure STORM XT52 es un proyector LED de alt\u00edsima potencia dise\u00f1ado para grandes producciones cinematogr\u00e1ficas, capaz de rivalizar con fuentes HMI de...","og_url":"https:\/\/welabplus.com\/wevision\/catalogo\/led\/foco-puntual-cob\/aputure\/aputure-storm-xt52\/","og_site_name":"Wevision","article_publisher":"https:\/\/www.facebook.com\/welab.es\/","og_image":[{"width":933,"height":557,"url":"https:\/\/welabplus.com\/wevision\/wp-content\/uploads\/2026\/04\/ALQUILER-APERTURE-STORM-XT52-WEVISION.jpg","type":"image\/jpeg"}],"twitter_card":"summary_large_image","twitter_site":"@welabspain","twitter_misc":{"Tiempo de lectura":"3 minutos"},"schema":{"@context":"https:\/\/schema.org","@graph":[{"@type":"WebPage","@id":"https:\/\/welabplus.com\/wevision\/catalogo\/led\/foco-puntual-cob\/aputure\/aputure-storm-xt52\/","url":"https:\/\/welabplus.com\/wevision\/catalogo\/led\/foco-puntual-cob\/aputure\/aputure-storm-xt52\/","name":"APUTURE STORM XT52 - Wevision","isPartOf":{"@id":"https:\/\/welabplus.com\/wevision\/#website"},"primaryImageOfPage":{"@id":"https:\/\/welabplus.com\/wevision\/catalogo\/led\/foco-puntual-cob\/aputure\/aputure-storm-xt52\/#primaryimage"},"image":{"@id":"https:\/\/welabplus.com\/wevision\/catalogo\/led\/foco-puntual-cob\/aputure\/aputure-storm-xt52\/#primaryimage"},"thumbnailUrl":"https:\/\/welabplus.com\/wevision\/wp-content\/uploads\/2026\/04\/ALQUILER-APERTURE-STORM-XT52-WEVISION.jpg","datePublished":"2026-04-28T09:39:06+00:00","description":"La Aputure STORM XT52 es un proyector LED de alt\u00edsima potencia dise\u00f1ado para grandes producciones cinematogr\u00e1ficas, capaz de rivalizar con fuentes HMI de...","breadcrumb":{"@id":"https:\/\/welabplus.com\/wevision\/catalogo\/led\/foco-puntual-cob\/aputure\/aputure-storm-xt52\/#breadcrumb"},"inLanguage":"es","potentialAction":[{"@type":"ReadAction","target":["https:\/\/welabplus.com\/wevision\/catalogo\/led\/foco-puntual-cob\/aputure\/aputure-storm-xt52\/"]}]},{"@type":"ImageObject","inLanguage":"es","@id":"https:\/\/welabplus.com\/wevision\/catalogo\/led\/foco-puntual-cob\/aputure\/aputure-storm-xt52\/#primaryimage","url":"https:\/\/welabplus.com\/wevision\/wp-content\/uploads\/2026\/04\/ALQUILER-APERTURE-STORM-XT52-WEVISION.jpg","contentUrl":"https:\/\/welabplus.com\/wevision\/wp-content\/uploads\/2026\/04\/ALQUILER-APERTURE-STORM-XT52-WEVISION.jpg","width":933,"height":557,"caption":"ALQUILER APUTURE STORM XT52 WEVISION"},{"@type":"BreadcrumbList","@id":"https:\/\/welabplus.com\/wevision\/catalogo\/led\/foco-puntual-cob\/aputure\/aputure-storm-xt52\/#breadcrumb","itemListElement":[{"@type":"ListItem","position":1,"name":"Portada","item":"https:\/\/welabplus.com\/wevision\/"},{"@type":"ListItem","position":2,"name":"Cat\u00e1logo","item":"https:\/\/welabplus.com\/wevision\/catalogo\/"},{"@type":"ListItem","position":3,"name":"APUTURE STORM XT52"}]},{"@type":"WebSite","@id":"https:\/\/welabplus.com\/wevision\/#website","url":"https:\/\/welabplus.com\/wevision\/","name":"Welabplus","description":"C\u00e1maras y lentes para cine","publisher":{"@id":"https:\/\/welabplus.com\/wevision\/#organization"},"potentialAction":[{"@type":"SearchAction","target":{"@type":"EntryPoint","urlTemplate":"https:\/\/welabplus.com\/wevision\/?s={search_term_string}"},"query-input":{"@type":"PropertyValueSpecification","valueRequired":true,"valueName":"search_term_string"}}],"inLanguage":"es"},{"@type":"Organization","@id":"https:\/\/welabplus.com\/wevision\/#organization","name":"Welab Canary Islands","url":"https:\/\/welabplus.com\/wevision\/","logo":{"@type":"ImageObject","inLanguage":"es","@id":"https:\/\/welabplus.com\/wevision\/#\/schema\/logo\/image\/","url":"","contentUrl":"","caption":"Welab Canary Islands"},"image":{"@id":"https:\/\/welabplus.com\/wevision\/#\/schema\/logo\/image\/"},"sameAs":["https:\/\/www.facebook.com\/welab.es\/","https:\/\/x.com\/welabspain"]}]}},"_links":{"self":[{"href":"https:\/\/welabplus.com\/wevision\/wp-json\/wp\/v2\/product\/28656","targetHints":{"allow":["GET"]}}],"collection":[{"href":"https:\/\/welabplus.com\/wevision\/wp-json\/wp\/v2\/product"}],"about":[{"href":"https:\/\/welabplus.com\/wevision\/wp-json\/wp\/v2\/types\/product"}],"replies":[{"embeddable":true,"href":"https:\/\/welabplus.com\/wevision\/wp-json\/wp\/v2\/comments?post=28656"}],"wp:featuredmedia":[{"embeddable":true,"href":"https:\/\/welabplus.com\/wevision\/wp-json\/wp\/v2\/media\/28645"}],"wp:attachment":[{"href":"https:\/\/welabplus.com\/wevision\/wp-json\/wp\/v2\/media?parent=28656"}],"wp:term":[{"taxonomy":"product_brand","embeddable":true,"href":"https:\/\/welabplus.com\/wevision\/wp-json\/wp\/v2\/product_brand?post=28656"},{"taxonomy":"product_cat","embeddable":true,"href":"https:\/\/welabplus.com\/wevision\/wp-json\/wp\/v2\/product_cat?post=28656"},{"taxonomy":"product_tag","embeddable":true,"href":"https:\/\/welabplus.com\/wevision\/wp-json\/wp\/v2\/product_tag?post=28656"}],"curies":[{"name":"wp","href":"https:\/\/api.w.org\/{rel}","templated":true}]}}