{"id":28655,"date":"2026-04-29T16:37:16","date_gmt":"2026-04-29T14:37:16","guid":{"rendered":"https:\/\/welabplus.com\/wevision\/?post_type=product&#038;p=28655"},"modified":"2026-04-29T16:37:17","modified_gmt":"2026-04-29T14:37:17","slug":"aputure-lantern-120","status":"publish","type":"product","link":"https:\/\/welabplus.com\/wevision\/catalogo\/modificadores-modelado\/chimeras-softboxes\/aputure-lantern-120\/","title":{"rendered":"APUTURE LANTERN 120"},"content":{"rendered":"<p class=\"p1\">La <strong>APUTURE LANTERN 120<\/strong> es un modificador de luz esf\u00e9rico de gran formato dise\u00f1ado para generar una iluminaci\u00f3n suave, uniforme y envolvente en 360\u00b0. Con un di\u00e1metro de 120 cm, permite cubrir amplias \u00e1reas de forma r\u00e1pida, siendo ideal para iluminaci\u00f3n general, ambientes o luz cenital en rodajes de cine y televisi\u00f3n.<\/p>\n<p>&nbsp;<\/p>\n<h3><strong>Fotometr\u00eda<\/strong><\/h3>\n<p>Cuando se combina con la STORM XT52 disponible por separado, la linterna permite hasta 12,520 lux a 9.8 &#8216;y 5600K. A\u00f1adido al Electro Storm XT26 opcional, ofrece 5820 lux. Si se usa con el Electro Storm CS15 de la marca, el accesorio produce hasta 3520 lux a la misma distancia y temperatura de color.<\/p>\n<p>&nbsp;<\/p>\n<h3>Caracter\u00edsticas T\u00e9cnicas del APUTURE LANTERN 120:<\/h3>\n<ul>\n<li>Para accesorios LED de montaje Aputure.<\/li>\n<li>Dispersi\u00f3n de haz omnidireccional.<\/li>\n<li>Configuraci\u00f3n r\u00e1pida y f\u00e1cil.<\/li>\n<li>Varillas de acero.<\/li>\n<\/ul>\n<p>&nbsp;<\/p>\n<h3><span dir=\"auto\">Dimensiones<\/span><\/h3>\n<ul>\n<li><span dir=\"auto\">Linterna (construida)<\/span><span dir=\"auto\">\u2300120,0 x 81,3 cm<\/span><br \/>\n<span dir=\"auto\">\u230047,2 x 32,0 pulgadas<\/span><\/li>\n<li><span dir=\"auto\">Linterna (colapsada)<\/span><span dir=\"auto\">149,0 x 19,0 x 19,0 cm<\/span><br \/>\n<span dir=\"auto\">58,7 x 7,5 x 7,5 pulgadas<\/span><\/li>\n<\/ul>\n<p>&nbsp;<\/p>\n<h3>Pesos<\/h3>\n<ul>\n<li><span dir=\"auto\">Linterna: <\/span><span dir=\"auto\">2,41 kg \/ 5,31 lb.<\/span><\/li>\n<li><span dir=\"auto\">Linterna con falda: <\/span><span dir=\"auto\">3,31 kg \/ 7,30 lb.<\/span><\/li>\n<li><span dir=\"auto\">Bolsa de transporte: <\/span><span dir=\"auto\">0,13 kg \/ 0,29 lb.<\/span><\/li>\n<\/ul>\n<p>&nbsp;<\/p>\n<p><strong>M\u00e1s informaci\u00f3n<\/strong> en la\u00a0<a href=\"https:\/\/aputure.com\/products\/aputure-mount-lantern-120?srsltid=AfmBOoo7pB0XO4HkJIUrw8JjN1es4qrk18gWtGwsqbUvdbFKL43NzGK8\">web del anunciante.<\/a><\/p>\n<p>&nbsp;<\/p>\n<hr \/>\n<div class=\"social-icon social-big\"><a href=\"https:\/\/www.facebook.com\/welabplus\/\" target=\"_blank\" title=\"\"><i class=\"fa fa-facebook\"><\/i><\/a><\/div>\n<div class=\"social-icon social-big\"><a href=\"https:\/\/twitter.com\/welabplus\" target=\"_blank\" title=\"\"><i class=\"fa fa-twitter\"><\/i><\/a><\/div>\n<div class=\"social-icon social-big\"><a href=\"https:\/\/www.instagram.com\/welabplus\/?hl=es\" target=\"_blank\" title=\"\"><i class=\"fa fa-instagram\"><\/i><\/a><\/div>\n<div class=\"social-icon social-big\"><a href=\"https:\/\/www.linkedin.com\/company\/welabplus\" target=\"_blank\" title=\"\"><i class=\"fa fa-linkedin\"><\/i><\/a><\/div>\n","protected":false},"excerpt":{"rendered":"<p>La APUTURE LANTERN 120 es un modificador de luz esf\u00e9rico de gran formato dise\u00f1ado para generar una iluminaci\u00f3n suave, uniforme [&hellip;]<\/p>\n","protected":false},"featured_media":28644,"comment_status":"closed","ping_status":"closed","template":"","meta":{"_acf_changed":false,"inline_featured_image":false},"product_brand":[],"product_cat":[9310],"product_tag":[9692,9693,9694,8987,9683,9684,9685,9686,9687,9688,9689,9690,9691],"class_list":{"0":"post-28655","1":"product","2":"type-product","3":"status-publish","4":"has-post-thumbnail","6":"product_cat-chimeras-softboxes","7":"product_tag-aputure-ls-1200d-pro","8":"product_tag-kupo-kcp-363b-big-boom-ideal-para-suspenderla","9":"product_tag-c-stand-con-brazo-de-extension","10":"product_tag-aputure","11":"product_tag-lantern-120","12":"product_tag-softbox-esferica","13":"product_tag-china-ball-moderna","14":"product_tag-difusor-omnidireccional","15":"product_tag-softbox-esferica-para-aputure-600d-1200d","16":"product_tag-difusor-de-luz-360-grados-profesional","17":"product_tag-accesorios-bowens-para-iluminacion-led","18":"product_tag-lantern-de-gran-formato-para-rodajes","19":"product_tag-aputure-ls-600-series","21":"first","22":"instock","23":"shipping-taxable","24":"purchasable","25":"product-type-simple"},"acf":[],"yoast_head":"<!-- This site is optimized with the Yoast SEO plugin v26.2 - https:\/\/yoast.com\/wordpress\/plugins\/seo\/ -->\n<title>APUTURE LANTERN 120 - Wevision<\/title>\n<meta name=\"description\" content=\"La APUTURE LANTERN 120 es un modificador de luz esf\u00e9rico de gran formato dise\u00f1ado para generar una iluminaci\u00f3n suave, uniforme y envolvente en 360\u00b0. Con...\" \/>\n<meta name=\"robots\" content=\"index, follow, max-snippet:-1, max-image-preview:large, max-video-preview:-1\" \/>\n<link rel=\"canonical\" href=\"https:\/\/welabplus.com\/wevision\/catalogo\/modificadores-modelado\/chimeras-softboxes\/aputure-lantern-120\/\" \/>\n<meta property=\"og:locale\" content=\"es_ES\" \/>\n<meta property=\"og:type\" content=\"article\" \/>\n<meta property=\"og:title\" content=\"APUTURE LANTERN 120 - Wevision\" \/>\n<meta property=\"og:description\" content=\"La APUTURE LANTERN 120 es un modificador de luz esf\u00e9rico de gran formato dise\u00f1ado para generar una iluminaci\u00f3n suave, uniforme y envolvente en 360\u00b0. Con...\" \/>\n<meta property=\"og:url\" content=\"https:\/\/welabplus.com\/wevision\/catalogo\/modificadores-modelado\/chimeras-softboxes\/aputure-lantern-120\/\" \/>\n<meta property=\"og:site_name\" content=\"Wevision\" \/>\n<meta property=\"article:publisher\" content=\"https:\/\/www.facebook.com\/welab.es\/\" \/>\n<meta property=\"article:modified_time\" content=\"2026-04-29T14:37:17+00:00\" \/>\n<meta property=\"og:image\" content=\"https:\/\/welabplus.com\/wevision\/wp-content\/uploads\/2026\/04\/ALQUILER-APERTURE-LANTERN-120-WEVISION.jpg\" \/>\n\t<meta property=\"og:image:width\" content=\"933\" \/>\n\t<meta property=\"og:image:height\" content=\"557\" \/>\n\t<meta property=\"og:image:type\" content=\"image\/jpeg\" \/>\n<meta name=\"twitter:card\" content=\"summary_large_image\" \/>\n<meta name=\"twitter:site\" content=\"@welabspain\" \/>\n<meta name=\"twitter:label1\" content=\"Tiempo de lectura\" \/>\n\t<meta name=\"twitter:data1\" content=\"2 minutos\" \/>\n<script type=\"application\/ld+json\" class=\"yoast-schema-graph\">{\"@context\":\"https:\/\/schema.org\",\"@graph\":[{\"@type\":\"WebPage\",\"@id\":\"https:\/\/welabplus.com\/wevision\/catalogo\/modificadores-modelado\/chimeras-softboxes\/aputure-lantern-120\/\",\"url\":\"https:\/\/welabplus.com\/wevision\/catalogo\/modificadores-modelado\/chimeras-softboxes\/aputure-lantern-120\/\",\"name\":\"APUTURE LANTERN 120 - Wevision\",\"isPartOf\":{\"@id\":\"https:\/\/welabplus.com\/wevision\/#website\"},\"primaryImageOfPage\":{\"@id\":\"https:\/\/welabplus.com\/wevision\/catalogo\/modificadores-modelado\/chimeras-softboxes\/aputure-lantern-120\/#primaryimage\"},\"image\":{\"@id\":\"https:\/\/welabplus.com\/wevision\/catalogo\/modificadores-modelado\/chimeras-softboxes\/aputure-lantern-120\/#primaryimage\"},\"thumbnailUrl\":\"https:\/\/welabplus.com\/wevision\/wp-content\/uploads\/2026\/04\/ALQUILER-APERTURE-LANTERN-120-WEVISION.jpg\",\"datePublished\":\"2026-04-29T14:37:16+00:00\",\"dateModified\":\"2026-04-29T14:37:17+00:00\",\"description\":\"La APUTURE LANTERN 120 es un modificador de luz esf\u00e9rico de gran formato dise\u00f1ado para generar una iluminaci\u00f3n suave, uniforme y envolvente en 360\u00b0. Con...\",\"breadcrumb\":{\"@id\":\"https:\/\/welabplus.com\/wevision\/catalogo\/modificadores-modelado\/chimeras-softboxes\/aputure-lantern-120\/#breadcrumb\"},\"inLanguage\":\"es\",\"potentialAction\":[{\"@type\":\"ReadAction\",\"target\":[\"https:\/\/welabplus.com\/wevision\/catalogo\/modificadores-modelado\/chimeras-softboxes\/aputure-lantern-120\/\"]}]},{\"@type\":\"ImageObject\",\"inLanguage\":\"es\",\"@id\":\"https:\/\/welabplus.com\/wevision\/catalogo\/modificadores-modelado\/chimeras-softboxes\/aputure-lantern-120\/#primaryimage\",\"url\":\"https:\/\/welabplus.com\/wevision\/wp-content\/uploads\/2026\/04\/ALQUILER-APERTURE-LANTERN-120-WEVISION.jpg\",\"contentUrl\":\"https:\/\/welabplus.com\/wevision\/wp-content\/uploads\/2026\/04\/ALQUILER-APERTURE-LANTERN-120-WEVISION.jpg\",\"width\":933,\"height\":557,\"caption\":\"ALQUILER APERTURE LANTERN 120 WEVISION\"},{\"@type\":\"BreadcrumbList\",\"@id\":\"https:\/\/welabplus.com\/wevision\/catalogo\/modificadores-modelado\/chimeras-softboxes\/aputure-lantern-120\/#breadcrumb\",\"itemListElement\":[{\"@type\":\"ListItem\",\"position\":1,\"name\":\"Portada\",\"item\":\"https:\/\/welabplus.com\/wevision\/\"},{\"@type\":\"ListItem\",\"position\":2,\"name\":\"Cat\u00e1logo\",\"item\":\"https:\/\/welabplus.com\/wevision\/catalogo\/\"},{\"@type\":\"ListItem\",\"position\":3,\"name\":\"APUTURE LANTERN 120\"}]},{\"@type\":\"WebSite\",\"@id\":\"https:\/\/welabplus.com\/wevision\/#website\",\"url\":\"https:\/\/welabplus.com\/wevision\/\",\"name\":\"Welabplus\",\"description\":\"C\u00e1maras y lentes para cine\",\"publisher\":{\"@id\":\"https:\/\/welabplus.com\/wevision\/#organization\"},\"potentialAction\":[{\"@type\":\"SearchAction\",\"target\":{\"@type\":\"EntryPoint\",\"urlTemplate\":\"https:\/\/welabplus.com\/wevision\/?s={search_term_string}\"},\"query-input\":{\"@type\":\"PropertyValueSpecification\",\"valueRequired\":true,\"valueName\":\"search_term_string\"}}],\"inLanguage\":\"es\"},{\"@type\":\"Organization\",\"@id\":\"https:\/\/welabplus.com\/wevision\/#organization\",\"name\":\"Welab Canary Islands\",\"url\":\"https:\/\/welabplus.com\/wevision\/\",\"logo\":{\"@type\":\"ImageObject\",\"inLanguage\":\"es\",\"@id\":\"https:\/\/welabplus.com\/wevision\/#\/schema\/logo\/image\/\",\"url\":\"\",\"contentUrl\":\"\",\"caption\":\"Welab Canary Islands\"},\"image\":{\"@id\":\"https:\/\/welabplus.com\/wevision\/#\/schema\/logo\/image\/\"},\"sameAs\":[\"https:\/\/www.facebook.com\/welab.es\/\",\"https:\/\/x.com\/welabspain\"]}]}<\/script>\n<!-- \/ Yoast SEO plugin. -->","yoast_head_json":{"title":"APUTURE LANTERN 120 - Wevision","description":"La APUTURE LANTERN 120 es un modificador de luz esf\u00e9rico de gran formato dise\u00f1ado para generar una iluminaci\u00f3n suave, uniforme y envolvente en 360\u00b0. Con...","robots":{"index":"index","follow":"follow","max-snippet":"max-snippet:-1","max-image-preview":"max-image-preview:large","max-video-preview":"max-video-preview:-1"},"canonical":"https:\/\/welabplus.com\/wevision\/catalogo\/modificadores-modelado\/chimeras-softboxes\/aputure-lantern-120\/","og_locale":"es_ES","og_type":"article","og_title":"APUTURE LANTERN 120 - Wevision","og_description":"La APUTURE LANTERN 120 es un modificador de luz esf\u00e9rico de gran formato dise\u00f1ado para generar una iluminaci\u00f3n suave, uniforme y envolvente en 360\u00b0. Con...","og_url":"https:\/\/welabplus.com\/wevision\/catalogo\/modificadores-modelado\/chimeras-softboxes\/aputure-lantern-120\/","og_site_name":"Wevision","article_publisher":"https:\/\/www.facebook.com\/welab.es\/","article_modified_time":"2026-04-29T14:37:17+00:00","og_image":[{"width":933,"height":557,"url":"https:\/\/welabplus.com\/wevision\/wp-content\/uploads\/2026\/04\/ALQUILER-APERTURE-LANTERN-120-WEVISION.jpg","type":"image\/jpeg"}],"twitter_card":"summary_large_image","twitter_site":"@welabspain","twitter_misc":{"Tiempo de lectura":"2 minutos"},"schema":{"@context":"https:\/\/schema.org","@graph":[{"@type":"WebPage","@id":"https:\/\/welabplus.com\/wevision\/catalogo\/modificadores-modelado\/chimeras-softboxes\/aputure-lantern-120\/","url":"https:\/\/welabplus.com\/wevision\/catalogo\/modificadores-modelado\/chimeras-softboxes\/aputure-lantern-120\/","name":"APUTURE LANTERN 120 - Wevision","isPartOf":{"@id":"https:\/\/welabplus.com\/wevision\/#website"},"primaryImageOfPage":{"@id":"https:\/\/welabplus.com\/wevision\/catalogo\/modificadores-modelado\/chimeras-softboxes\/aputure-lantern-120\/#primaryimage"},"image":{"@id":"https:\/\/welabplus.com\/wevision\/catalogo\/modificadores-modelado\/chimeras-softboxes\/aputure-lantern-120\/#primaryimage"},"thumbnailUrl":"https:\/\/welabplus.com\/wevision\/wp-content\/uploads\/2026\/04\/ALQUILER-APERTURE-LANTERN-120-WEVISION.jpg","datePublished":"2026-04-29T14:37:16+00:00","dateModified":"2026-04-29T14:37:17+00:00","description":"La APUTURE LANTERN 120 es un modificador de luz esf\u00e9rico de gran formato dise\u00f1ado para generar una iluminaci\u00f3n suave, uniforme y envolvente en 360\u00b0. Con...","breadcrumb":{"@id":"https:\/\/welabplus.com\/wevision\/catalogo\/modificadores-modelado\/chimeras-softboxes\/aputure-lantern-120\/#breadcrumb"},"inLanguage":"es","potentialAction":[{"@type":"ReadAction","target":["https:\/\/welabplus.com\/wevision\/catalogo\/modificadores-modelado\/chimeras-softboxes\/aputure-lantern-120\/"]}]},{"@type":"ImageObject","inLanguage":"es","@id":"https:\/\/welabplus.com\/wevision\/catalogo\/modificadores-modelado\/chimeras-softboxes\/aputure-lantern-120\/#primaryimage","url":"https:\/\/welabplus.com\/wevision\/wp-content\/uploads\/2026\/04\/ALQUILER-APERTURE-LANTERN-120-WEVISION.jpg","contentUrl":"https:\/\/welabplus.com\/wevision\/wp-content\/uploads\/2026\/04\/ALQUILER-APERTURE-LANTERN-120-WEVISION.jpg","width":933,"height":557,"caption":"ALQUILER APERTURE LANTERN 120 WEVISION"},{"@type":"BreadcrumbList","@id":"https:\/\/welabplus.com\/wevision\/catalogo\/modificadores-modelado\/chimeras-softboxes\/aputure-lantern-120\/#breadcrumb","itemListElement":[{"@type":"ListItem","position":1,"name":"Portada","item":"https:\/\/welabplus.com\/wevision\/"},{"@type":"ListItem","position":2,"name":"Cat\u00e1logo","item":"https:\/\/welabplus.com\/wevision\/catalogo\/"},{"@type":"ListItem","position":3,"name":"APUTURE LANTERN 120"}]},{"@type":"WebSite","@id":"https:\/\/welabplus.com\/wevision\/#website","url":"https:\/\/welabplus.com\/wevision\/","name":"Welabplus","description":"C\u00e1maras y lentes para cine","publisher":{"@id":"https:\/\/welabplus.com\/wevision\/#organization"},"potentialAction":[{"@type":"SearchAction","target":{"@type":"EntryPoint","urlTemplate":"https:\/\/welabplus.com\/wevision\/?s={search_term_string}"},"query-input":{"@type":"PropertyValueSpecification","valueRequired":true,"valueName":"search_term_string"}}],"inLanguage":"es"},{"@type":"Organization","@id":"https:\/\/welabplus.com\/wevision\/#organization","name":"Welab Canary Islands","url":"https:\/\/welabplus.com\/wevision\/","logo":{"@type":"ImageObject","inLanguage":"es","@id":"https:\/\/welabplus.com\/wevision\/#\/schema\/logo\/image\/","url":"","contentUrl":"","caption":"Welab Canary Islands"},"image":{"@id":"https:\/\/welabplus.com\/wevision\/#\/schema\/logo\/image\/"},"sameAs":["https:\/\/www.facebook.com\/welab.es\/","https:\/\/x.com\/welabspain"]}]}},"_links":{"self":[{"href":"https:\/\/welabplus.com\/wevision\/wp-json\/wp\/v2\/product\/28655","targetHints":{"allow":["GET"]}}],"collection":[{"href":"https:\/\/welabplus.com\/wevision\/wp-json\/wp\/v2\/product"}],"about":[{"href":"https:\/\/welabplus.com\/wevision\/wp-json\/wp\/v2\/types\/product"}],"replies":[{"embeddable":true,"href":"https:\/\/welabplus.com\/wevision\/wp-json\/wp\/v2\/comments?post=28655"}],"wp:featuredmedia":[{"embeddable":true,"href":"https:\/\/welabplus.com\/wevision\/wp-json\/wp\/v2\/media\/28644"}],"wp:attachment":[{"href":"https:\/\/welabplus.com\/wevision\/wp-json\/wp\/v2\/media?parent=28655"}],"wp:term":[{"taxonomy":"product_brand","embeddable":true,"href":"https:\/\/welabplus.com\/wevision\/wp-json\/wp\/v2\/product_brand?post=28655"},{"taxonomy":"product_cat","embeddable":true,"href":"https:\/\/welabplus.com\/wevision\/wp-json\/wp\/v2\/product_cat?post=28655"},{"taxonomy":"product_tag","embeddable":true,"href":"https:\/\/welabplus.com\/wevision\/wp-json\/wp\/v2\/product_tag?post=28655"}],"curies":[{"name":"wp","href":"https:\/\/api.w.org\/{rel}","templated":true}]}}