{"id":28652,"date":"2026-04-29T16:36:30","date_gmt":"2026-04-29T14:36:30","guid":{"rendered":"https:\/\/welabplus.com\/wevision\/?post_type=product&#038;p=28652"},"modified":"2026-04-29T16:36:30","modified_gmt":"2026-04-29T14:36:30","slug":"dopchoice-snapgrid-40o-para-snapbag-90x60-cm","status":"publish","type":"product","link":"https:\/\/welabplus.com\/wevision\/catalogo\/modificadores-modelado\/chimeras-softboxes\/dopchoice-snapgrid-40o-para-snapbag-90x60-cm\/","title":{"rendered":"DOPCHOICE SNAPGRID 40\u00ba PARA SNAPBAG 90X60 cm"},"content":{"rendered":"<p class=\"p1\">La <strong>DOPCHOICE SNAPGRID 40\u00ba PARA SNAPBAG 90X60 cm<\/strong>\u00a0es un modificador de luz dise\u00f1ado para <b>controlar la dispersi\u00f3n y dirigir el haz<\/b> en paneles LED 2\u00d71 como el Vortex 8 o Skypanel. Reduce el spill y concentra la luz en un \u00e1ngulo de 40\u00b0, permitiendo una iluminaci\u00f3n m\u00e1s precisa y contrastada.<\/p>\n<p class=\"p1\">Se monta directamente sobre la Snapbag mediante sistema de velcro, ofreciendo un montaje r\u00e1pido y seguro en rodaje. Su estructura plegable tipo \u201ceggcrate\u201d mantiene la luz suave pero m\u00e1s direccional, ideal para modelar sujetos sin contaminar el entorno.<\/p>\n<p>&nbsp;<\/p>\n<h3>Caracter\u00edsticas T\u00e9cnicas del producto:<\/h3>\n<ul>\n<li><span dir=\"auto\">Sin barriga. Siempre firme.<\/span><\/li>\n<li><span dir=\"auto\">Sin complicaciones. Incre\u00edblemente sencillo y r\u00e1pido de instalar.<\/span><\/li>\n<li><span dir=\"auto\">Sin desgaste. Extremadamente duradero.<\/span><\/li>\n<li><span dir=\"auto\">Muchos \u00e1ngulos de haz diferentes.<\/span><\/li>\n<\/ul>\n<p>&nbsp;<\/p>\n<h3>Especificaciones T\u00e9cnicas de la DOPCHOICE SNAPGRID 40\u00ba:<\/h3>\n<ul>\n<li>Se adapta a cualquier SNAPBAG\u00ae de 90 x 60 cm, incluida bolsa de transporte (900-0038).<\/li>\n<li>Sistema de montaje: ajuste de gancho y bucle.<\/li>\n<li>Grado: 40\u00b0.<\/li>\n<li>Tama\u00f1o instalado: 89 x 61 x 8,2 cm \/ 0,6 kg\u00a0 \u00a0&#8211;\u00a0 \u00a035 x 24 x 3,2 pulgadas \/ 1,2 libras<\/li>\n<li>Tama\u00f1o del paquete: <span dir=\"auto\">45 x 18 x 11 cm \/ 0,7 kg\u00a0 &#8211;\u00a0 \u00a0<\/span><span dir=\"auto\">17,7 x 7,1 x 4,3 pulgadas \/ 1,4 libras<\/span><\/li>\n<li>Peso instalado: 0,54 kg.<\/li>\n<\/ul>\n<p>&nbsp;<\/p>\n<p><strong>M\u00e1s informaci\u00f3n<\/strong> en la\u00a0<a href=\"https:\/\/grauluminotecnia.com\/cajas-difusoras\/1156-dopchoice-snapgrid-40-snapbag-90x60.html?srsltid=AfmBOopB8bVvbq_nE_PrCSaFboZyHIHm56Dl8p2Z8vHYjkjL_MSLPXBT\">web del anunciante.<\/a><\/p>\n<div>\n<div class=\"\">\n<p>&nbsp;<\/p>\n<\/div>\n<\/div>\n<hr \/>\n<div class=\"social-icon social-big\"><a href=\"https:\/\/www.facebook.com\/welabplus\/\" target=\"_blank\" title=\"\"><i class=\"fa fa-facebook\"><\/i><\/a><\/div>\n<div class=\"social-icon social-big\"><a href=\"https:\/\/twitter.com\/welabplus\" target=\"_blank\" title=\"\"><i class=\"fa fa-twitter\"><\/i><\/a><\/div>\n<div class=\"social-icon social-big\"><a href=\"https:\/\/www.instagram.com\/welabplus\/?hl=es\" target=\"_blank\" title=\"\"><i class=\"fa fa-instagram\"><\/i><\/a><\/div>\n<div class=\"social-icon social-big\"><a href=\"https:\/\/www.linkedin.com\/company\/welabplus\" target=\"_blank\" title=\"\"><i class=\"fa fa-linkedin\"><\/i><\/a><\/div>\n","protected":false},"excerpt":{"rendered":"<p>La DOPCHOICE SNAPGRID 40\u00ba PARA SNAPBAG 90X60 cm\u00a0es un modificador de luz dise\u00f1ado para controlar la dispersi\u00f3n y dirigir el [&hellip;]<\/p>\n","protected":false},"featured_media":28649,"comment_status":"closed","ping_status":"closed","template":"","meta":{"_acf_changed":false,"inline_featured_image":false},"product_brand":[],"product_cat":[9310],"product_tag":[9695,9696,9697,9698,9699,9700,9701,9702,9703],"class_list":{"0":"post-28652","1":"product","2":"type-product","3":"status-publish","4":"has-post-thumbnail","6":"product_cat-chimeras-softboxes","7":"product_tag-dopchoice","8":"product_tag-snapgrid-40","9":"product_tag-rejilla-de-control-de-luz-eggcrate","10":"product_tag-snapgrid-para-snapbag","11":"product_tag-sg-s9640-referencia-tecnica-habitual","12":"product_tag-grid-de-40-grados-para-snapbag-90x60","13":"product_tag-accesorio-dopchoice-para-softbox-profesional","14":"product_tag-control-de-haz-para-iluminacion-led","15":"product_tag-rejilla-plegable-para-control-de-luz","17":"first","18":"instock","19":"shipping-taxable","20":"purchasable","21":"product-type-simple"},"acf":[],"yoast_head":"<!-- This site is optimized with the Yoast SEO plugin v26.2 - https:\/\/yoast.com\/wordpress\/plugins\/seo\/ -->\n<title>DOPCHOICE SNAPGRID 40\u00ba PARA SNAPBAG 90X60 cm - Wevision<\/title>\n<meta name=\"description\" content=\"La DOPCHOICE SNAPGRID 40\u00ba PARA SNAPBAG 90X60 cm\u00a0es un modificador de luz dise\u00f1ado para controlar la dispersi\u00f3n y dirigir el haz en paneles LED 2\u00d71 como...\" \/>\n<meta name=\"robots\" content=\"index, follow, max-snippet:-1, max-image-preview:large, max-video-preview:-1\" \/>\n<link rel=\"canonical\" href=\"https:\/\/welabplus.com\/wevision\/catalogo\/modificadores-modelado\/chimeras-softboxes\/dopchoice-snapgrid-40o-para-snapbag-90x60-cm\/\" \/>\n<meta property=\"og:locale\" content=\"es_ES\" \/>\n<meta property=\"og:type\" content=\"article\" \/>\n<meta property=\"og:title\" content=\"DOPCHOICE SNAPGRID 40\u00ba PARA SNAPBAG 90X60 cm - Wevision\" \/>\n<meta property=\"og:description\" content=\"La DOPCHOICE SNAPGRID 40\u00ba PARA SNAPBAG 90X60 cm\u00a0es un modificador de luz dise\u00f1ado para controlar la dispersi\u00f3n y dirigir el haz en paneles LED 2\u00d71 como...\" \/>\n<meta property=\"og:url\" content=\"https:\/\/welabplus.com\/wevision\/catalogo\/modificadores-modelado\/chimeras-softboxes\/dopchoice-snapgrid-40o-para-snapbag-90x60-cm\/\" \/>\n<meta property=\"og:site_name\" content=\"Wevision\" \/>\n<meta property=\"article:publisher\" content=\"https:\/\/www.facebook.com\/welab.es\/\" \/>\n<meta property=\"og:image\" content=\"https:\/\/welabplus.com\/wevision\/wp-content\/uploads\/2026\/04\/ALQUILER-DOPCHOICE-SNAPGRID-PARA-SNAPBAG-90X60CM-WEVISION.jpg\" \/>\n\t<meta property=\"og:image:width\" content=\"933\" \/>\n\t<meta property=\"og:image:height\" content=\"557\" \/>\n\t<meta property=\"og:image:type\" content=\"image\/jpeg\" \/>\n<meta name=\"twitter:card\" content=\"summary_large_image\" \/>\n<meta name=\"twitter:site\" content=\"@welabspain\" \/>\n<meta name=\"twitter:label1\" content=\"Tiempo de lectura\" \/>\n\t<meta name=\"twitter:data1\" content=\"2 minutos\" \/>\n<script type=\"application\/ld+json\" class=\"yoast-schema-graph\">{\"@context\":\"https:\/\/schema.org\",\"@graph\":[{\"@type\":\"WebPage\",\"@id\":\"https:\/\/welabplus.com\/wevision\/catalogo\/modificadores-modelado\/chimeras-softboxes\/dopchoice-snapgrid-40o-para-snapbag-90x60-cm\/\",\"url\":\"https:\/\/welabplus.com\/wevision\/catalogo\/modificadores-modelado\/chimeras-softboxes\/dopchoice-snapgrid-40o-para-snapbag-90x60-cm\/\",\"name\":\"DOPCHOICE SNAPGRID 40\u00ba PARA SNAPBAG 90X60 cm - Wevision\",\"isPartOf\":{\"@id\":\"https:\/\/welabplus.com\/wevision\/#website\"},\"primaryImageOfPage\":{\"@id\":\"https:\/\/welabplus.com\/wevision\/catalogo\/modificadores-modelado\/chimeras-softboxes\/dopchoice-snapgrid-40o-para-snapbag-90x60-cm\/#primaryimage\"},\"image\":{\"@id\":\"https:\/\/welabplus.com\/wevision\/catalogo\/modificadores-modelado\/chimeras-softboxes\/dopchoice-snapgrid-40o-para-snapbag-90x60-cm\/#primaryimage\"},\"thumbnailUrl\":\"https:\/\/welabplus.com\/wevision\/wp-content\/uploads\/2026\/04\/ALQUILER-DOPCHOICE-SNAPGRID-PARA-SNAPBAG-90X60CM-WEVISION.jpg\",\"datePublished\":\"2026-04-29T14:36:30+00:00\",\"description\":\"La DOPCHOICE SNAPGRID 40\u00ba PARA SNAPBAG 90X60 cm\u00a0es un modificador de luz dise\u00f1ado para controlar la dispersi\u00f3n y dirigir el haz en paneles LED 2\u00d71 como...\",\"breadcrumb\":{\"@id\":\"https:\/\/welabplus.com\/wevision\/catalogo\/modificadores-modelado\/chimeras-softboxes\/dopchoice-snapgrid-40o-para-snapbag-90x60-cm\/#breadcrumb\"},\"inLanguage\":\"es\",\"potentialAction\":[{\"@type\":\"ReadAction\",\"target\":[\"https:\/\/welabplus.com\/wevision\/catalogo\/modificadores-modelado\/chimeras-softboxes\/dopchoice-snapgrid-40o-para-snapbag-90x60-cm\/\"]}]},{\"@type\":\"ImageObject\",\"inLanguage\":\"es\",\"@id\":\"https:\/\/welabplus.com\/wevision\/catalogo\/modificadores-modelado\/chimeras-softboxes\/dopchoice-snapgrid-40o-para-snapbag-90x60-cm\/#primaryimage\",\"url\":\"https:\/\/welabplus.com\/wevision\/wp-content\/uploads\/2026\/04\/ALQUILER-DOPCHOICE-SNAPGRID-PARA-SNAPBAG-90X60CM-WEVISION.jpg\",\"contentUrl\":\"https:\/\/welabplus.com\/wevision\/wp-content\/uploads\/2026\/04\/ALQUILER-DOPCHOICE-SNAPGRID-PARA-SNAPBAG-90X60CM-WEVISION.jpg\",\"width\":933,\"height\":557,\"caption\":\"ALQUILER DOPCHOICE SNAPCHRID PARA SNAPBAG 90X60 cm WEVISION\"},{\"@type\":\"BreadcrumbList\",\"@id\":\"https:\/\/welabplus.com\/wevision\/catalogo\/modificadores-modelado\/chimeras-softboxes\/dopchoice-snapgrid-40o-para-snapbag-90x60-cm\/#breadcrumb\",\"itemListElement\":[{\"@type\":\"ListItem\",\"position\":1,\"name\":\"Portada\",\"item\":\"https:\/\/welabplus.com\/wevision\/\"},{\"@type\":\"ListItem\",\"position\":2,\"name\":\"Cat\u00e1logo\",\"item\":\"https:\/\/welabplus.com\/wevision\/catalogo\/\"},{\"@type\":\"ListItem\",\"position\":3,\"name\":\"DOPCHOICE SNAPGRID 40\u00ba PARA SNAPBAG 90X60 cm\"}]},{\"@type\":\"WebSite\",\"@id\":\"https:\/\/welabplus.com\/wevision\/#website\",\"url\":\"https:\/\/welabplus.com\/wevision\/\",\"name\":\"Welabplus\",\"description\":\"C\u00e1maras y lentes para cine\",\"publisher\":{\"@id\":\"https:\/\/welabplus.com\/wevision\/#organization\"},\"potentialAction\":[{\"@type\":\"SearchAction\",\"target\":{\"@type\":\"EntryPoint\",\"urlTemplate\":\"https:\/\/welabplus.com\/wevision\/?s={search_term_string}\"},\"query-input\":{\"@type\":\"PropertyValueSpecification\",\"valueRequired\":true,\"valueName\":\"search_term_string\"}}],\"inLanguage\":\"es\"},{\"@type\":\"Organization\",\"@id\":\"https:\/\/welabplus.com\/wevision\/#organization\",\"name\":\"Welab Canary Islands\",\"url\":\"https:\/\/welabplus.com\/wevision\/\",\"logo\":{\"@type\":\"ImageObject\",\"inLanguage\":\"es\",\"@id\":\"https:\/\/welabplus.com\/wevision\/#\/schema\/logo\/image\/\",\"url\":\"\",\"contentUrl\":\"\",\"caption\":\"Welab Canary Islands\"},\"image\":{\"@id\":\"https:\/\/welabplus.com\/wevision\/#\/schema\/logo\/image\/\"},\"sameAs\":[\"https:\/\/www.facebook.com\/welab.es\/\",\"https:\/\/x.com\/welabspain\"]}]}<\/script>\n<!-- \/ Yoast SEO plugin. -->","yoast_head_json":{"title":"DOPCHOICE SNAPGRID 40\u00ba PARA SNAPBAG 90X60 cm - Wevision","description":"La DOPCHOICE SNAPGRID 40\u00ba PARA SNAPBAG 90X60 cm\u00a0es un modificador de luz dise\u00f1ado para controlar la dispersi\u00f3n y dirigir el haz en paneles LED 2\u00d71 como...","robots":{"index":"index","follow":"follow","max-snippet":"max-snippet:-1","max-image-preview":"max-image-preview:large","max-video-preview":"max-video-preview:-1"},"canonical":"https:\/\/welabplus.com\/wevision\/catalogo\/modificadores-modelado\/chimeras-softboxes\/dopchoice-snapgrid-40o-para-snapbag-90x60-cm\/","og_locale":"es_ES","og_type":"article","og_title":"DOPCHOICE SNAPGRID 40\u00ba PARA SNAPBAG 90X60 cm - Wevision","og_description":"La DOPCHOICE SNAPGRID 40\u00ba PARA SNAPBAG 90X60 cm\u00a0es un modificador de luz dise\u00f1ado para controlar la dispersi\u00f3n y dirigir el haz en paneles LED 2\u00d71 como...","og_url":"https:\/\/welabplus.com\/wevision\/catalogo\/modificadores-modelado\/chimeras-softboxes\/dopchoice-snapgrid-40o-para-snapbag-90x60-cm\/","og_site_name":"Wevision","article_publisher":"https:\/\/www.facebook.com\/welab.es\/","og_image":[{"width":933,"height":557,"url":"https:\/\/welabplus.com\/wevision\/wp-content\/uploads\/2026\/04\/ALQUILER-DOPCHOICE-SNAPGRID-PARA-SNAPBAG-90X60CM-WEVISION.jpg","type":"image\/jpeg"}],"twitter_card":"summary_large_image","twitter_site":"@welabspain","twitter_misc":{"Tiempo de lectura":"2 minutos"},"schema":{"@context":"https:\/\/schema.org","@graph":[{"@type":"WebPage","@id":"https:\/\/welabplus.com\/wevision\/catalogo\/modificadores-modelado\/chimeras-softboxes\/dopchoice-snapgrid-40o-para-snapbag-90x60-cm\/","url":"https:\/\/welabplus.com\/wevision\/catalogo\/modificadores-modelado\/chimeras-softboxes\/dopchoice-snapgrid-40o-para-snapbag-90x60-cm\/","name":"DOPCHOICE SNAPGRID 40\u00ba PARA SNAPBAG 90X60 cm - Wevision","isPartOf":{"@id":"https:\/\/welabplus.com\/wevision\/#website"},"primaryImageOfPage":{"@id":"https:\/\/welabplus.com\/wevision\/catalogo\/modificadores-modelado\/chimeras-softboxes\/dopchoice-snapgrid-40o-para-snapbag-90x60-cm\/#primaryimage"},"image":{"@id":"https:\/\/welabplus.com\/wevision\/catalogo\/modificadores-modelado\/chimeras-softboxes\/dopchoice-snapgrid-40o-para-snapbag-90x60-cm\/#primaryimage"},"thumbnailUrl":"https:\/\/welabplus.com\/wevision\/wp-content\/uploads\/2026\/04\/ALQUILER-DOPCHOICE-SNAPGRID-PARA-SNAPBAG-90X60CM-WEVISION.jpg","datePublished":"2026-04-29T14:36:30+00:00","description":"La DOPCHOICE SNAPGRID 40\u00ba PARA SNAPBAG 90X60 cm\u00a0es un modificador de luz dise\u00f1ado para controlar la dispersi\u00f3n y dirigir el haz en paneles LED 2\u00d71 como...","breadcrumb":{"@id":"https:\/\/welabplus.com\/wevision\/catalogo\/modificadores-modelado\/chimeras-softboxes\/dopchoice-snapgrid-40o-para-snapbag-90x60-cm\/#breadcrumb"},"inLanguage":"es","potentialAction":[{"@type":"ReadAction","target":["https:\/\/welabplus.com\/wevision\/catalogo\/modificadores-modelado\/chimeras-softboxes\/dopchoice-snapgrid-40o-para-snapbag-90x60-cm\/"]}]},{"@type":"ImageObject","inLanguage":"es","@id":"https:\/\/welabplus.com\/wevision\/catalogo\/modificadores-modelado\/chimeras-softboxes\/dopchoice-snapgrid-40o-para-snapbag-90x60-cm\/#primaryimage","url":"https:\/\/welabplus.com\/wevision\/wp-content\/uploads\/2026\/04\/ALQUILER-DOPCHOICE-SNAPGRID-PARA-SNAPBAG-90X60CM-WEVISION.jpg","contentUrl":"https:\/\/welabplus.com\/wevision\/wp-content\/uploads\/2026\/04\/ALQUILER-DOPCHOICE-SNAPGRID-PARA-SNAPBAG-90X60CM-WEVISION.jpg","width":933,"height":557,"caption":"ALQUILER DOPCHOICE SNAPCHRID PARA SNAPBAG 90X60 cm WEVISION"},{"@type":"BreadcrumbList","@id":"https:\/\/welabplus.com\/wevision\/catalogo\/modificadores-modelado\/chimeras-softboxes\/dopchoice-snapgrid-40o-para-snapbag-90x60-cm\/#breadcrumb","itemListElement":[{"@type":"ListItem","position":1,"name":"Portada","item":"https:\/\/welabplus.com\/wevision\/"},{"@type":"ListItem","position":2,"name":"Cat\u00e1logo","item":"https:\/\/welabplus.com\/wevision\/catalogo\/"},{"@type":"ListItem","position":3,"name":"DOPCHOICE SNAPGRID 40\u00ba PARA SNAPBAG 90X60 cm"}]},{"@type":"WebSite","@id":"https:\/\/welabplus.com\/wevision\/#website","url":"https:\/\/welabplus.com\/wevision\/","name":"Welabplus","description":"C\u00e1maras y lentes para cine","publisher":{"@id":"https:\/\/welabplus.com\/wevision\/#organization"},"potentialAction":[{"@type":"SearchAction","target":{"@type":"EntryPoint","urlTemplate":"https:\/\/welabplus.com\/wevision\/?s={search_term_string}"},"query-input":{"@type":"PropertyValueSpecification","valueRequired":true,"valueName":"search_term_string"}}],"inLanguage":"es"},{"@type":"Organization","@id":"https:\/\/welabplus.com\/wevision\/#organization","name":"Welab Canary Islands","url":"https:\/\/welabplus.com\/wevision\/","logo":{"@type":"ImageObject","inLanguage":"es","@id":"https:\/\/welabplus.com\/wevision\/#\/schema\/logo\/image\/","url":"","contentUrl":"","caption":"Welab Canary Islands"},"image":{"@id":"https:\/\/welabplus.com\/wevision\/#\/schema\/logo\/image\/"},"sameAs":["https:\/\/www.facebook.com\/welab.es\/","https:\/\/x.com\/welabspain"]}]}},"_links":{"self":[{"href":"https:\/\/welabplus.com\/wevision\/wp-json\/wp\/v2\/product\/28652","targetHints":{"allow":["GET"]}}],"collection":[{"href":"https:\/\/welabplus.com\/wevision\/wp-json\/wp\/v2\/product"}],"about":[{"href":"https:\/\/welabplus.com\/wevision\/wp-json\/wp\/v2\/types\/product"}],"replies":[{"embeddable":true,"href":"https:\/\/welabplus.com\/wevision\/wp-json\/wp\/v2\/comments?post=28652"}],"wp:featuredmedia":[{"embeddable":true,"href":"https:\/\/welabplus.com\/wevision\/wp-json\/wp\/v2\/media\/28649"}],"wp:attachment":[{"href":"https:\/\/welabplus.com\/wevision\/wp-json\/wp\/v2\/media?parent=28652"}],"wp:term":[{"taxonomy":"product_brand","embeddable":true,"href":"https:\/\/welabplus.com\/wevision\/wp-json\/wp\/v2\/product_brand?post=28652"},{"taxonomy":"product_cat","embeddable":true,"href":"https:\/\/welabplus.com\/wevision\/wp-json\/wp\/v2\/product_cat?post=28652"},{"taxonomy":"product_tag","embeddable":true,"href":"https:\/\/welabplus.com\/wevision\/wp-json\/wp\/v2\/product_tag?post=28652"}],"curies":[{"name":"wp","href":"https:\/\/api.w.org\/{rel}","templated":true}]}}