{"id":28599,"date":"2026-03-25T11:09:05","date_gmt":"2026-03-25T10:09:05","guid":{"rendered":"https:\/\/welabplus.com\/wevision\/?post_type=product&#038;p=28599"},"modified":"2026-03-25T11:13:56","modified_gmt":"2026-03-25T10:13:56","slug":"airtube-100","status":"publish","type":"product","link":"https:\/\/welabplus.com\/wevision\/catalogo\/modificadores-modelado\/chimeras-softboxes\/airtube-100\/","title":{"rendered":"AIRTUBE 100"},"content":{"rendered":"<p><span dir=\"auto\">El <strong>AIRTUBE 100<\/strong> aumenta la apertura de luz de tu luminaria. Simplemente col\u00f3calo delante de uno o m\u00e1s tubos e \u00ednflalo. Aprovecha todas las funciones de tus tubos LED, como el funcionamiento con bater\u00eda, la selecci\u00f3n de color, los efectos y el control de p\u00edxeles. Al usar un AIRTUBE largo, puedes conectar varios tubos LED cortos uno tras otro. Perfecto para generar reflejos extremadamente largos e ininterrumpidos para rodajes de pel\u00edculas de productos o sesiones fotogr\u00e1ficas. Adem\u00e1s, el AIRTUBE ofrece opciones de montaje para otros accesorios: faldones, cubiertas de luz difusa y rejillas difusoras. Confiamos en materiales de alta calidad y probados, como los tejidos t\u00e9cnicos para cine Magic Cloth\u00ae y Ultrabounce\u00ae de TRP worldwide. Con cada AIRTUBE se incluyen gratuitamente faldones y una cubierta de luz difusa. Tanto el fald\u00f3n como la cubierta de luz difusa est\u00e1n fabricados con tejido negro opaco que absorbe el 99% de la luz.<\/span><\/p>\n<p><span dir=\"auto\">La falda se compone de dos partes para cubrir uno o ambos lados del <strong>AIRTUBE<\/strong>. Se unen mediante velcro, cubriendo completamente el AIRTUBE. La cubierta de la luz de derrame tambi\u00e9n consta de dos partes y facilita la fijaci\u00f3n flexible a posibles soportes, as\u00ed como el acceso a men\u00fas y conectores. Ambas se unen f\u00e1cilmente con velcro y se fijan a la banda de felpa del AIRTUBE tambi\u00e9n con velcro.<\/span><\/p>\n<p>&nbsp;<\/p>\n<p><strong>Compatibilidad:<\/strong> todos los tubos LED con una apertura de 100 cm\/3,28 pies, por ejemplo, Astera Titan.<\/p>\n<p>&nbsp;<\/p>\n<h3>Especificaciones T\u00e9cnicas del AIRTUBE 100:<\/h3>\n<p><span dir=\"auto\">Este tubo de aire es especialmente adecuado para su uso con el Astera Titan o el Pixelbar AX1, as\u00ed como con todos los tubos LED con una longitud de apertura de aproximadamente 1 m \/ 3,28 pies.<\/span><\/p>\n<ul>\n<li><span dir=\"auto\">Longitud del tubo de aire: ~1,1 m \/ 3,6 pies.<\/span><\/li>\n<li><span dir=\"auto\">Longitud de la abertura: ~1 m \/ 3,28 pies.<\/span><\/li>\n<li><span dir=\"auto\">Di\u00e1metro del tubo de aire: ~19 cm \/ 7,5 pulgadas.<\/span><\/li>\n<li><span dir=\"auto\">Temperatura ambiente m\u00e1xima: +45 \u00b0C\/113 \u00b0F.<\/span><\/li>\n<li><span dir=\"auto\">Temperatura superficial m\u00e1xima: +85 \u00b0C\/185 \u00b0F.<\/span><\/li>\n<\/ul>\n<p>&nbsp;<\/p>\n<p><strong>M\u00e1s informaci\u00f3n<\/strong> en la\u00a0<a href=\"https:\/\/www.caligri.com\/products\/airtube-classic-100\">web del anunciante.<\/a><\/p>\n<div>\n<div class=\"\">\n<p>&nbsp;<\/p>\n<\/div>\n<\/div>\n<hr \/>\n<div class=\"social-icon social-big\"><a href=\"https:\/\/www.facebook.com\/welabplus\/\" target=\"_blank\" title=\"\"><i class=\"fa fa-facebook\"><\/i><\/a><\/div>\n<div class=\"social-icon social-big\"><a href=\"https:\/\/twitter.com\/welabplus\" target=\"_blank\" title=\"\"><i class=\"fa fa-twitter\"><\/i><\/a><\/div>\n<div class=\"social-icon social-big\"><a href=\"https:\/\/www.instagram.com\/welabplus\/?hl=es\" target=\"_blank\" title=\"\"><i class=\"fa fa-instagram\"><\/i><\/a><\/div>\n<div class=\"social-icon social-big\"><a href=\"https:\/\/www.linkedin.com\/company\/welabplus\" target=\"_blank\" title=\"\"><i class=\"fa fa-linkedin\"><\/i><\/a><\/div>\n","protected":false},"excerpt":{"rendered":"<p>El AIRTUBE 100 aumenta la apertura de luz de tu luminaria. Simplemente col\u00f3calo delante de uno o m\u00e1s tubos e [&hellip;]<\/p>\n","protected":false},"featured_media":28602,"comment_status":"closed","ping_status":"closed","template":"","meta":{"_acf_changed":false,"inline_featured_image":false},"product_brand":[],"product_cat":[9310],"product_tag":[9639,9640,9641,9642,9643,9644,9645,9646,9647],"class_list":{"0":"post-28599","1":"product","2":"type-product","3":"status-publish","4":"has-post-thumbnail","6":"product_cat-chimeras-softboxes","7":"product_tag-alquiler-modificadores-modelado","8":"product_tag-modificadores-modelado","9":"product_tag-chimeras-y-softboxes","10":"product_tag-alquiler-chimeras-y-softboxes","11":"product_tag-airtube-100","12":"product_tag-alquiler-airtube-100","13":"product_tag-airtube","14":"product_tag-caligri","15":"product_tag-alquiler-airtube-classic-100","17":"first","18":"instock","19":"shipping-taxable","20":"purchasable","21":"product-type-simple"},"acf":[],"yoast_head":"<!-- This site is optimized with the Yoast SEO plugin v26.2 - https:\/\/yoast.com\/wordpress\/plugins\/seo\/ -->\n<title>AIRTUBE 100 - Wevision<\/title>\n<meta name=\"description\" content=\"El AIRTUBE 100 aumenta la apertura de luz de tu luminaria. Simplemente col\u00f3calo delante de uno o m\u00e1s tubos e \u00ednflalo. Aprovecha todas las funciones de tu...\" \/>\n<meta name=\"robots\" content=\"index, follow, max-snippet:-1, max-image-preview:large, max-video-preview:-1\" \/>\n<link rel=\"canonical\" href=\"https:\/\/welabplus.com\/wevision\/catalogo\/modificadores-modelado\/chimeras-softboxes\/airtube-100\/\" \/>\n<meta property=\"og:locale\" content=\"es_ES\" \/>\n<meta property=\"og:type\" content=\"article\" \/>\n<meta property=\"og:title\" content=\"AIRTUBE 100 - Wevision\" \/>\n<meta property=\"og:description\" content=\"El AIRTUBE 100 aumenta la apertura de luz de tu luminaria. Simplemente col\u00f3calo delante de uno o m\u00e1s tubos e \u00ednflalo. Aprovecha todas las funciones de tu...\" \/>\n<meta property=\"og:url\" content=\"https:\/\/welabplus.com\/wevision\/catalogo\/modificadores-modelado\/chimeras-softboxes\/airtube-100\/\" \/>\n<meta property=\"og:site_name\" content=\"Wevision\" \/>\n<meta property=\"article:publisher\" content=\"https:\/\/www.facebook.com\/welab.es\/\" \/>\n<meta property=\"article:modified_time\" content=\"2026-03-25T10:13:56+00:00\" \/>\n<meta property=\"og:image\" content=\"https:\/\/welabplus.com\/wevision\/wp-content\/uploads\/2026\/03\/ALQUILER-AIRTUBE-100-WEVISION.jpg\" \/>\n\t<meta property=\"og:image:width\" content=\"933\" \/>\n\t<meta property=\"og:image:height\" content=\"557\" \/>\n\t<meta property=\"og:image:type\" content=\"image\/jpeg\" \/>\n<meta name=\"twitter:card\" content=\"summary_large_image\" \/>\n<meta name=\"twitter:site\" content=\"@welabspain\" \/>\n<meta name=\"twitter:label1\" content=\"Tiempo de lectura\" \/>\n\t<meta name=\"twitter:data1\" content=\"2 minutos\" \/>\n<script type=\"application\/ld+json\" class=\"yoast-schema-graph\">{\"@context\":\"https:\/\/schema.org\",\"@graph\":[{\"@type\":\"WebPage\",\"@id\":\"https:\/\/welabplus.com\/wevision\/catalogo\/modificadores-modelado\/chimeras-softboxes\/airtube-100\/\",\"url\":\"https:\/\/welabplus.com\/wevision\/catalogo\/modificadores-modelado\/chimeras-softboxes\/airtube-100\/\",\"name\":\"AIRTUBE 100 - Wevision\",\"isPartOf\":{\"@id\":\"https:\/\/welabplus.com\/wevision\/#website\"},\"primaryImageOfPage\":{\"@id\":\"https:\/\/welabplus.com\/wevision\/catalogo\/modificadores-modelado\/chimeras-softboxes\/airtube-100\/#primaryimage\"},\"image\":{\"@id\":\"https:\/\/welabplus.com\/wevision\/catalogo\/modificadores-modelado\/chimeras-softboxes\/airtube-100\/#primaryimage\"},\"thumbnailUrl\":\"https:\/\/welabplus.com\/wevision\/wp-content\/uploads\/2026\/03\/ALQUILER-AIRTUBE-100-WEVISION.jpg\",\"datePublished\":\"2026-03-25T10:09:05+00:00\",\"dateModified\":\"2026-03-25T10:13:56+00:00\",\"description\":\"El AIRTUBE 100 aumenta la apertura de luz de tu luminaria. Simplemente col\u00f3calo delante de uno o m\u00e1s tubos e \u00ednflalo. Aprovecha todas las funciones de tu...\",\"breadcrumb\":{\"@id\":\"https:\/\/welabplus.com\/wevision\/catalogo\/modificadores-modelado\/chimeras-softboxes\/airtube-100\/#breadcrumb\"},\"inLanguage\":\"es\",\"potentialAction\":[{\"@type\":\"ReadAction\",\"target\":[\"https:\/\/welabplus.com\/wevision\/catalogo\/modificadores-modelado\/chimeras-softboxes\/airtube-100\/\"]}]},{\"@type\":\"ImageObject\",\"inLanguage\":\"es\",\"@id\":\"https:\/\/welabplus.com\/wevision\/catalogo\/modificadores-modelado\/chimeras-softboxes\/airtube-100\/#primaryimage\",\"url\":\"https:\/\/welabplus.com\/wevision\/wp-content\/uploads\/2026\/03\/ALQUILER-AIRTUBE-100-WEVISION.jpg\",\"contentUrl\":\"https:\/\/welabplus.com\/wevision\/wp-content\/uploads\/2026\/03\/ALQUILER-AIRTUBE-100-WEVISION.jpg\",\"width\":933,\"height\":557,\"caption\":\"ALQUILER AIRTUBE 100 WEVISION\"},{\"@type\":\"BreadcrumbList\",\"@id\":\"https:\/\/welabplus.com\/wevision\/catalogo\/modificadores-modelado\/chimeras-softboxes\/airtube-100\/#breadcrumb\",\"itemListElement\":[{\"@type\":\"ListItem\",\"position\":1,\"name\":\"Portada\",\"item\":\"https:\/\/welabplus.com\/wevision\/\"},{\"@type\":\"ListItem\",\"position\":2,\"name\":\"Cat\u00e1logo\",\"item\":\"https:\/\/welabplus.com\/wevision\/catalogo\/\"},{\"@type\":\"ListItem\",\"position\":3,\"name\":\"AIRTUBE 100\"}]},{\"@type\":\"WebSite\",\"@id\":\"https:\/\/welabplus.com\/wevision\/#website\",\"url\":\"https:\/\/welabplus.com\/wevision\/\",\"name\":\"Welabplus\",\"description\":\"C\u00e1maras y lentes para cine\",\"publisher\":{\"@id\":\"https:\/\/welabplus.com\/wevision\/#organization\"},\"potentialAction\":[{\"@type\":\"SearchAction\",\"target\":{\"@type\":\"EntryPoint\",\"urlTemplate\":\"https:\/\/welabplus.com\/wevision\/?s={search_term_string}\"},\"query-input\":{\"@type\":\"PropertyValueSpecification\",\"valueRequired\":true,\"valueName\":\"search_term_string\"}}],\"inLanguage\":\"es\"},{\"@type\":\"Organization\",\"@id\":\"https:\/\/welabplus.com\/wevision\/#organization\",\"name\":\"Welab Canary Islands\",\"url\":\"https:\/\/welabplus.com\/wevision\/\",\"logo\":{\"@type\":\"ImageObject\",\"inLanguage\":\"es\",\"@id\":\"https:\/\/welabplus.com\/wevision\/#\/schema\/logo\/image\/\",\"url\":\"\",\"contentUrl\":\"\",\"caption\":\"Welab Canary Islands\"},\"image\":{\"@id\":\"https:\/\/welabplus.com\/wevision\/#\/schema\/logo\/image\/\"},\"sameAs\":[\"https:\/\/www.facebook.com\/welab.es\/\",\"https:\/\/x.com\/welabspain\"]}]}<\/script>\n<!-- \/ Yoast SEO plugin. -->","yoast_head_json":{"title":"AIRTUBE 100 - Wevision","description":"El AIRTUBE 100 aumenta la apertura de luz de tu luminaria. Simplemente col\u00f3calo delante de uno o m\u00e1s tubos e \u00ednflalo. Aprovecha todas las funciones de tu...","robots":{"index":"index","follow":"follow","max-snippet":"max-snippet:-1","max-image-preview":"max-image-preview:large","max-video-preview":"max-video-preview:-1"},"canonical":"https:\/\/welabplus.com\/wevision\/catalogo\/modificadores-modelado\/chimeras-softboxes\/airtube-100\/","og_locale":"es_ES","og_type":"article","og_title":"AIRTUBE 100 - Wevision","og_description":"El AIRTUBE 100 aumenta la apertura de luz de tu luminaria. Simplemente col\u00f3calo delante de uno o m\u00e1s tubos e \u00ednflalo. Aprovecha todas las funciones de tu...","og_url":"https:\/\/welabplus.com\/wevision\/catalogo\/modificadores-modelado\/chimeras-softboxes\/airtube-100\/","og_site_name":"Wevision","article_publisher":"https:\/\/www.facebook.com\/welab.es\/","article_modified_time":"2026-03-25T10:13:56+00:00","og_image":[{"width":933,"height":557,"url":"https:\/\/welabplus.com\/wevision\/wp-content\/uploads\/2026\/03\/ALQUILER-AIRTUBE-100-WEVISION.jpg","type":"image\/jpeg"}],"twitter_card":"summary_large_image","twitter_site":"@welabspain","twitter_misc":{"Tiempo de lectura":"2 minutos"},"schema":{"@context":"https:\/\/schema.org","@graph":[{"@type":"WebPage","@id":"https:\/\/welabplus.com\/wevision\/catalogo\/modificadores-modelado\/chimeras-softboxes\/airtube-100\/","url":"https:\/\/welabplus.com\/wevision\/catalogo\/modificadores-modelado\/chimeras-softboxes\/airtube-100\/","name":"AIRTUBE 100 - Wevision","isPartOf":{"@id":"https:\/\/welabplus.com\/wevision\/#website"},"primaryImageOfPage":{"@id":"https:\/\/welabplus.com\/wevision\/catalogo\/modificadores-modelado\/chimeras-softboxes\/airtube-100\/#primaryimage"},"image":{"@id":"https:\/\/welabplus.com\/wevision\/catalogo\/modificadores-modelado\/chimeras-softboxes\/airtube-100\/#primaryimage"},"thumbnailUrl":"https:\/\/welabplus.com\/wevision\/wp-content\/uploads\/2026\/03\/ALQUILER-AIRTUBE-100-WEVISION.jpg","datePublished":"2026-03-25T10:09:05+00:00","dateModified":"2026-03-25T10:13:56+00:00","description":"El AIRTUBE 100 aumenta la apertura de luz de tu luminaria. Simplemente col\u00f3calo delante de uno o m\u00e1s tubos e \u00ednflalo. Aprovecha todas las funciones de tu...","breadcrumb":{"@id":"https:\/\/welabplus.com\/wevision\/catalogo\/modificadores-modelado\/chimeras-softboxes\/airtube-100\/#breadcrumb"},"inLanguage":"es","potentialAction":[{"@type":"ReadAction","target":["https:\/\/welabplus.com\/wevision\/catalogo\/modificadores-modelado\/chimeras-softboxes\/airtube-100\/"]}]},{"@type":"ImageObject","inLanguage":"es","@id":"https:\/\/welabplus.com\/wevision\/catalogo\/modificadores-modelado\/chimeras-softboxes\/airtube-100\/#primaryimage","url":"https:\/\/welabplus.com\/wevision\/wp-content\/uploads\/2026\/03\/ALQUILER-AIRTUBE-100-WEVISION.jpg","contentUrl":"https:\/\/welabplus.com\/wevision\/wp-content\/uploads\/2026\/03\/ALQUILER-AIRTUBE-100-WEVISION.jpg","width":933,"height":557,"caption":"ALQUILER AIRTUBE 100 WEVISION"},{"@type":"BreadcrumbList","@id":"https:\/\/welabplus.com\/wevision\/catalogo\/modificadores-modelado\/chimeras-softboxes\/airtube-100\/#breadcrumb","itemListElement":[{"@type":"ListItem","position":1,"name":"Portada","item":"https:\/\/welabplus.com\/wevision\/"},{"@type":"ListItem","position":2,"name":"Cat\u00e1logo","item":"https:\/\/welabplus.com\/wevision\/catalogo\/"},{"@type":"ListItem","position":3,"name":"AIRTUBE 100"}]},{"@type":"WebSite","@id":"https:\/\/welabplus.com\/wevision\/#website","url":"https:\/\/welabplus.com\/wevision\/","name":"Welabplus","description":"C\u00e1maras y lentes para cine","publisher":{"@id":"https:\/\/welabplus.com\/wevision\/#organization"},"potentialAction":[{"@type":"SearchAction","target":{"@type":"EntryPoint","urlTemplate":"https:\/\/welabplus.com\/wevision\/?s={search_term_string}"},"query-input":{"@type":"PropertyValueSpecification","valueRequired":true,"valueName":"search_term_string"}}],"inLanguage":"es"},{"@type":"Organization","@id":"https:\/\/welabplus.com\/wevision\/#organization","name":"Welab Canary Islands","url":"https:\/\/welabplus.com\/wevision\/","logo":{"@type":"ImageObject","inLanguage":"es","@id":"https:\/\/welabplus.com\/wevision\/#\/schema\/logo\/image\/","url":"","contentUrl":"","caption":"Welab Canary Islands"},"image":{"@id":"https:\/\/welabplus.com\/wevision\/#\/schema\/logo\/image\/"},"sameAs":["https:\/\/www.facebook.com\/welab.es\/","https:\/\/x.com\/welabspain"]}]}},"_links":{"self":[{"href":"https:\/\/welabplus.com\/wevision\/wp-json\/wp\/v2\/product\/28599","targetHints":{"allow":["GET"]}}],"collection":[{"href":"https:\/\/welabplus.com\/wevision\/wp-json\/wp\/v2\/product"}],"about":[{"href":"https:\/\/welabplus.com\/wevision\/wp-json\/wp\/v2\/types\/product"}],"replies":[{"embeddable":true,"href":"https:\/\/welabplus.com\/wevision\/wp-json\/wp\/v2\/comments?post=28599"}],"wp:featuredmedia":[{"embeddable":true,"href":"https:\/\/welabplus.com\/wevision\/wp-json\/wp\/v2\/media\/28602"}],"wp:attachment":[{"href":"https:\/\/welabplus.com\/wevision\/wp-json\/wp\/v2\/media?parent=28599"}],"wp:term":[{"taxonomy":"product_brand","embeddable":true,"href":"https:\/\/welabplus.com\/wevision\/wp-json\/wp\/v2\/product_brand?post=28599"},{"taxonomy":"product_cat","embeddable":true,"href":"https:\/\/welabplus.com\/wevision\/wp-json\/wp\/v2\/product_cat?post=28599"},{"taxonomy":"product_tag","embeddable":true,"href":"https:\/\/welabplus.com\/wevision\/wp-json\/wp\/v2\/product_tag?post=28599"}],"curies":[{"name":"wp","href":"https:\/\/api.w.org\/{rel}","templated":true}]}}