{"id":28574,"date":"2026-03-18T16:35:16","date_gmt":"2026-03-18T15:35:16","guid":{"rendered":"https:\/\/welabplus.com\/wevision\/?post_type=product&#038;p=28574"},"modified":"2026-03-23T11:33:55","modified_gmt":"2026-03-23T10:33:55","slug":"kit-astera-x4-tubos-led-hyperion","status":"publish","type":"product","link":"https:\/\/welabplus.com\/wevision\/catalogo\/led\/led-led\/kit-astera-x4-tubos-led-hyperion\/","title":{"rendered":"KIT ASTERA x4 TUBOS LED HYPERION"},"content":{"rendered":"<p><strong>KIT ASTERA x4 TUBOS LED HYPERION<\/strong> con todos los accesorios esenciales guardados en un resistente estuche de pl\u00e1stico protector.<\/p>\n<p>Tras el enorme \u00e9xito del <strong>Titan Tube,<\/strong> Astera ha creado el Hyperion Tube de<strong> doble longitud,<\/strong> que mide algo m\u00e1s de <strong>2 m (80&#8243;).<\/strong> El doble de LEDs, el doble de bater\u00edas, el doble de brillo, el doble de p\u00edxeles y la misma luz de alta calidad con App, CRMX y control en el tubo y opci\u00f3n de DMX con cable.<\/p>\n<p>&nbsp;<\/p>\n<h3>Caracter\u00edsticas T\u00e9cnicas del Kit:<\/h3>\n<p><strong>FLICKER-FREE<\/strong><br \/>\nGracias a su tecnolog\u00eda PWM codificada, las luces con Titan LED Engine no provocan flickering cuando se filma con frecuencias de cuadro est\u00e1ndar. Las grabaciones con c\u00e1maras de alta velocidad son posibles, pero podr\u00edan no funcionar en todas las condiciones. Pruebe antes de grabar.<\/p>\n<p><strong>BATER\u00cdA INCORPORADA<\/strong><br \/>\nHyperion tiene una potente bater\u00eda integrada. Con nuestra tecnolog\u00eda \u00abseamless runtime\u00bb, puede ajustarse a una duraci\u00f3n espec\u00edfica para garantizar que sus luces no se queden sin bater\u00eda mientras obtienen el m\u00e1ximo brillo. Cuando muestra la luz blanca en el brillo m\u00e1ximo, durar\u00e1 1 h 45 min.<\/p>\n<p><strong>EFECTOS<\/strong><br \/>\nHaga r\u00e1pidamente programas a partir de colores y efectos, desencad\u00e9nalos o h\u00e1galos coincidir con un ritmo. Convierta varios programas y luces en escenas.<\/p>\n<p><strong>TALKBACK+<\/strong><br \/>\nDetecta todas las luces disponibles, las configura, comprueba su estado y configura las direcciones DMX y los perfiles DMX.<\/p>\n<p><strong>ANTIRROBO<\/strong><br \/>\nCuando se activa, la alarma de robo integrada da una alarma visual y audible si las luces se est\u00e1n moviendo. Adem\u00e1s, la AsteraApp tambi\u00e9n muestra la alarma.<\/p>\n<p><strong>GRAN VARIEDAD DE ACCESORIOS<\/strong><br \/>\nEl Titan Tube -al igual que el resto de productos Astera- cuenta con una gran variedad de accesorios del propio de fabricante y de terceros tales como softboxes de la prestigiosa marca DoP Choice.<\/p>\n<p>&nbsp;<\/p>\n<h3>Especificaciones T\u00e9cnicas del KIT ASTERA x4 TUBOS LED HYPERION:<\/h3>\n<ul>\n<li>Consumo de energ\u00eda: 92W.<\/li>\n<li>Potencia total: 144W.<\/li>\n<li>RGBMA (RGB+MINT+AMBER).<\/li>\n<li>Motor TITAN LED.<\/li>\n<li>CCT AMPLIO: 1,750K ? 20,000K.<\/li>\n<li>Ratio TLCI\/CRI superior a 96.<\/li>\n<li>32 Pixeles.<\/li>\n<li>CRMX.<\/li>\n<li>IP65 (s\u00f3lo con FP1-SP).<\/li>\n<li>Bater\u00eda integrada.<\/li>\n<li>Di\u00e1metro 42mm x 2031mm de largo.<\/li>\n<\/ul>\n<p>&nbsp;<\/p>\n<p><strong>M\u00e1s informaci\u00f3n<\/strong> en la\u00a0<a href=\"https:\/\/astera-led.com\/es\/products\/hyperion-tube\/\">web del anunciante.<\/a><\/p>\n<div>\n<div class=\"\">\n<p>&nbsp;<\/p>\n<\/div>\n<\/div>\n<hr \/>\n<div class=\"social-icon social-big\"><a href=\"https:\/\/www.facebook.com\/welabplus\/\" target=\"_blank\" title=\"\"><i class=\"fa fa-facebook\"><\/i><\/a><\/div>\n<div class=\"social-icon social-big\"><a href=\"https:\/\/twitter.com\/welabplus\" target=\"_blank\" title=\"\"><i class=\"fa fa-twitter\"><\/i><\/a><\/div>\n<div class=\"social-icon social-big\"><a href=\"https:\/\/www.instagram.com\/welabplus\/?hl=es\" target=\"_blank\" title=\"\"><i class=\"fa fa-instagram\"><\/i><\/a><\/div>\n<div class=\"social-icon social-big\"><a href=\"https:\/\/www.linkedin.com\/company\/welabplus\" target=\"_blank\" title=\"\"><i class=\"fa fa-linkedin\"><\/i><\/a><\/div>\n","protected":false},"excerpt":{"rendered":"<p>KIT ASTERA x4 TUBOS LED HYPERION con todos los accesorios esenciales guardados en un resistente estuche de pl\u00e1stico protector. Tras [&hellip;]<\/p>\n","protected":false},"featured_media":28582,"comment_status":"closed","ping_status":"closed","template":"","meta":{"_acf_changed":false,"inline_featured_image":false},"product_brand":[],"product_cat":[9339],"product_tag":[6354,6356,9619,9620,9621,9622,9623,9624,9625,9626,9627,9628,9629],"class_list":{"0":"post-28574","1":"product","2":"type-product","3":"status-publish","4":"has-post-thumbnail","6":"product_cat-led-led","7":"product_tag-led","8":"product_tag-alquiler-led","9":"product_tag-kit-astera-x4-tubos-led-hyperion","10":"product_tag-alquiler-kit-astera-x4-tubos-led-hyperion","11":"product_tag-tubos-led","12":"product_tag-alquiler-tbos-led","13":"product_tag-tubos-led-hyperion","14":"product_tag-tubos","15":"product_tag-titan-tube","16":"product_tag-astera","17":"product_tag-alquiler-astera","18":"product_tag-tubos-astera","19":"product_tag-astera-tubes","21":"first","22":"instock","23":"shipping-taxable","24":"purchasable","25":"product-type-simple"},"acf":[],"yoast_head":"<!-- This site is optimized with the Yoast SEO plugin v26.2 - https:\/\/yoast.com\/wordpress\/plugins\/seo\/ -->\n<title>KIT ASTERA x4 TUBOS LED HYPERION - Wevision<\/title>\n<meta name=\"robots\" content=\"index, follow, max-snippet:-1, max-image-preview:large, max-video-preview:-1\" \/>\n<link rel=\"canonical\" href=\"https:\/\/welabplus.com\/wevision\/catalogo\/led\/led-led\/kit-astera-x4-tubos-led-hyperion\/\" \/>\n<meta property=\"og:locale\" content=\"es_ES\" \/>\n<meta property=\"og:type\" content=\"article\" \/>\n<meta property=\"og:title\" content=\"KIT ASTERA x4 TUBOS LED HYPERION - Wevision\" \/>\n<meta property=\"og:description\" content=\"KIT ASTERA x4 TUBOS LED HYPERION con todos los accesorios esenciales guardados en un resistente estuche de pl\u00e1stico protector. Tras [&hellip;]\" \/>\n<meta property=\"og:url\" content=\"https:\/\/welabplus.com\/wevision\/catalogo\/led\/led-led\/kit-astera-x4-tubos-led-hyperion\/\" \/>\n<meta property=\"og:site_name\" content=\"Wevision\" \/>\n<meta property=\"article:publisher\" content=\"https:\/\/www.facebook.com\/welab.es\/\" \/>\n<meta property=\"article:modified_time\" content=\"2026-03-23T10:33:55+00:00\" \/>\n<meta property=\"og:image\" content=\"https:\/\/welabplus.com\/wevision\/wp-content\/uploads\/2026\/03\/ALQUILER-KIT-ASTERA-x4-TUBOS-LED-HYPERION-WEVISION.jpg\" \/>\n\t<meta property=\"og:image:width\" content=\"933\" \/>\n\t<meta property=\"og:image:height\" content=\"557\" \/>\n\t<meta property=\"og:image:type\" content=\"image\/jpeg\" \/>\n<meta name=\"twitter:card\" content=\"summary_large_image\" \/>\n<meta name=\"twitter:site\" content=\"@welabspain\" \/>\n<meta name=\"twitter:label1\" content=\"Tiempo de lectura\" \/>\n\t<meta name=\"twitter:data1\" content=\"2 minutos\" \/>\n<script type=\"application\/ld+json\" class=\"yoast-schema-graph\">{\"@context\":\"https:\/\/schema.org\",\"@graph\":[{\"@type\":\"WebPage\",\"@id\":\"https:\/\/welabplus.com\/wevision\/catalogo\/led\/led-led\/kit-astera-x4-tubos-led-hyperion\/\",\"url\":\"https:\/\/welabplus.com\/wevision\/catalogo\/led\/led-led\/kit-astera-x4-tubos-led-hyperion\/\",\"name\":\"KIT ASTERA x4 TUBOS LED HYPERION - Wevision\",\"isPartOf\":{\"@id\":\"https:\/\/welabplus.com\/wevision\/#website\"},\"primaryImageOfPage\":{\"@id\":\"https:\/\/welabplus.com\/wevision\/catalogo\/led\/led-led\/kit-astera-x4-tubos-led-hyperion\/#primaryimage\"},\"image\":{\"@id\":\"https:\/\/welabplus.com\/wevision\/catalogo\/led\/led-led\/kit-astera-x4-tubos-led-hyperion\/#primaryimage\"},\"thumbnailUrl\":\"https:\/\/welabplus.com\/wevision\/wp-content\/uploads\/2026\/03\/ALQUILER-KIT-ASTERA-x4-TUBOS-LED-HYPERION-WEVISION.jpg\",\"datePublished\":\"2026-03-18T15:35:16+00:00\",\"dateModified\":\"2026-03-23T10:33:55+00:00\",\"breadcrumb\":{\"@id\":\"https:\/\/welabplus.com\/wevision\/catalogo\/led\/led-led\/kit-astera-x4-tubos-led-hyperion\/#breadcrumb\"},\"inLanguage\":\"es\",\"potentialAction\":[{\"@type\":\"ReadAction\",\"target\":[\"https:\/\/welabplus.com\/wevision\/catalogo\/led\/led-led\/kit-astera-x4-tubos-led-hyperion\/\"]}]},{\"@type\":\"ImageObject\",\"inLanguage\":\"es\",\"@id\":\"https:\/\/welabplus.com\/wevision\/catalogo\/led\/led-led\/kit-astera-x4-tubos-led-hyperion\/#primaryimage\",\"url\":\"https:\/\/welabplus.com\/wevision\/wp-content\/uploads\/2026\/03\/ALQUILER-KIT-ASTERA-x4-TUBOS-LED-HYPERION-WEVISION.jpg\",\"contentUrl\":\"https:\/\/welabplus.com\/wevision\/wp-content\/uploads\/2026\/03\/ALQUILER-KIT-ASTERA-x4-TUBOS-LED-HYPERION-WEVISION.jpg\",\"width\":933,\"height\":557,\"caption\":\"ALQUILER KIT ASTERA x4 TUBOS LED HYPERION WEVISION\"},{\"@type\":\"BreadcrumbList\",\"@id\":\"https:\/\/welabplus.com\/wevision\/catalogo\/led\/led-led\/kit-astera-x4-tubos-led-hyperion\/#breadcrumb\",\"itemListElement\":[{\"@type\":\"ListItem\",\"position\":1,\"name\":\"Portada\",\"item\":\"https:\/\/welabplus.com\/wevision\/\"},{\"@type\":\"ListItem\",\"position\":2,\"name\":\"Cat\u00e1logo\",\"item\":\"https:\/\/welabplus.com\/wevision\/catalogo\/\"},{\"@type\":\"ListItem\",\"position\":3,\"name\":\"KIT ASTERA x4 TUBOS LED HYPERION\"}]},{\"@type\":\"WebSite\",\"@id\":\"https:\/\/welabplus.com\/wevision\/#website\",\"url\":\"https:\/\/welabplus.com\/wevision\/\",\"name\":\"Welabplus\",\"description\":\"C\u00e1maras y lentes para cine\",\"publisher\":{\"@id\":\"https:\/\/welabplus.com\/wevision\/#organization\"},\"potentialAction\":[{\"@type\":\"SearchAction\",\"target\":{\"@type\":\"EntryPoint\",\"urlTemplate\":\"https:\/\/welabplus.com\/wevision\/?s={search_term_string}\"},\"query-input\":{\"@type\":\"PropertyValueSpecification\",\"valueRequired\":true,\"valueName\":\"search_term_string\"}}],\"inLanguage\":\"es\"},{\"@type\":\"Organization\",\"@id\":\"https:\/\/welabplus.com\/wevision\/#organization\",\"name\":\"Welab Canary Islands\",\"url\":\"https:\/\/welabplus.com\/wevision\/\",\"logo\":{\"@type\":\"ImageObject\",\"inLanguage\":\"es\",\"@id\":\"https:\/\/welabplus.com\/wevision\/#\/schema\/logo\/image\/\",\"url\":\"\",\"contentUrl\":\"\",\"caption\":\"Welab Canary Islands\"},\"image\":{\"@id\":\"https:\/\/welabplus.com\/wevision\/#\/schema\/logo\/image\/\"},\"sameAs\":[\"https:\/\/www.facebook.com\/welab.es\/\",\"https:\/\/x.com\/welabspain\"]}]}<\/script>\n<!-- \/ Yoast SEO plugin. -->","yoast_head_json":{"title":"KIT ASTERA x4 TUBOS LED HYPERION - Wevision","robots":{"index":"index","follow":"follow","max-snippet":"max-snippet:-1","max-image-preview":"max-image-preview:large","max-video-preview":"max-video-preview:-1"},"canonical":"https:\/\/welabplus.com\/wevision\/catalogo\/led\/led-led\/kit-astera-x4-tubos-led-hyperion\/","og_locale":"es_ES","og_type":"article","og_title":"KIT ASTERA x4 TUBOS LED HYPERION - Wevision","og_description":"KIT ASTERA x4 TUBOS LED HYPERION con todos los accesorios esenciales guardados en un resistente estuche de pl\u00e1stico protector. Tras [&hellip;]","og_url":"https:\/\/welabplus.com\/wevision\/catalogo\/led\/led-led\/kit-astera-x4-tubos-led-hyperion\/","og_site_name":"Wevision","article_publisher":"https:\/\/www.facebook.com\/welab.es\/","article_modified_time":"2026-03-23T10:33:55+00:00","og_image":[{"width":933,"height":557,"url":"https:\/\/welabplus.com\/wevision\/wp-content\/uploads\/2026\/03\/ALQUILER-KIT-ASTERA-x4-TUBOS-LED-HYPERION-WEVISION.jpg","type":"image\/jpeg"}],"twitter_card":"summary_large_image","twitter_site":"@welabspain","twitter_misc":{"Tiempo de lectura":"2 minutos"},"schema":{"@context":"https:\/\/schema.org","@graph":[{"@type":"WebPage","@id":"https:\/\/welabplus.com\/wevision\/catalogo\/led\/led-led\/kit-astera-x4-tubos-led-hyperion\/","url":"https:\/\/welabplus.com\/wevision\/catalogo\/led\/led-led\/kit-astera-x4-tubos-led-hyperion\/","name":"KIT ASTERA x4 TUBOS LED HYPERION - Wevision","isPartOf":{"@id":"https:\/\/welabplus.com\/wevision\/#website"},"primaryImageOfPage":{"@id":"https:\/\/welabplus.com\/wevision\/catalogo\/led\/led-led\/kit-astera-x4-tubos-led-hyperion\/#primaryimage"},"image":{"@id":"https:\/\/welabplus.com\/wevision\/catalogo\/led\/led-led\/kit-astera-x4-tubos-led-hyperion\/#primaryimage"},"thumbnailUrl":"https:\/\/welabplus.com\/wevision\/wp-content\/uploads\/2026\/03\/ALQUILER-KIT-ASTERA-x4-TUBOS-LED-HYPERION-WEVISION.jpg","datePublished":"2026-03-18T15:35:16+00:00","dateModified":"2026-03-23T10:33:55+00:00","breadcrumb":{"@id":"https:\/\/welabplus.com\/wevision\/catalogo\/led\/led-led\/kit-astera-x4-tubos-led-hyperion\/#breadcrumb"},"inLanguage":"es","potentialAction":[{"@type":"ReadAction","target":["https:\/\/welabplus.com\/wevision\/catalogo\/led\/led-led\/kit-astera-x4-tubos-led-hyperion\/"]}]},{"@type":"ImageObject","inLanguage":"es","@id":"https:\/\/welabplus.com\/wevision\/catalogo\/led\/led-led\/kit-astera-x4-tubos-led-hyperion\/#primaryimage","url":"https:\/\/welabplus.com\/wevision\/wp-content\/uploads\/2026\/03\/ALQUILER-KIT-ASTERA-x4-TUBOS-LED-HYPERION-WEVISION.jpg","contentUrl":"https:\/\/welabplus.com\/wevision\/wp-content\/uploads\/2026\/03\/ALQUILER-KIT-ASTERA-x4-TUBOS-LED-HYPERION-WEVISION.jpg","width":933,"height":557,"caption":"ALQUILER KIT ASTERA x4 TUBOS LED HYPERION WEVISION"},{"@type":"BreadcrumbList","@id":"https:\/\/welabplus.com\/wevision\/catalogo\/led\/led-led\/kit-astera-x4-tubos-led-hyperion\/#breadcrumb","itemListElement":[{"@type":"ListItem","position":1,"name":"Portada","item":"https:\/\/welabplus.com\/wevision\/"},{"@type":"ListItem","position":2,"name":"Cat\u00e1logo","item":"https:\/\/welabplus.com\/wevision\/catalogo\/"},{"@type":"ListItem","position":3,"name":"KIT ASTERA x4 TUBOS LED HYPERION"}]},{"@type":"WebSite","@id":"https:\/\/welabplus.com\/wevision\/#website","url":"https:\/\/welabplus.com\/wevision\/","name":"Welabplus","description":"C\u00e1maras y lentes para cine","publisher":{"@id":"https:\/\/welabplus.com\/wevision\/#organization"},"potentialAction":[{"@type":"SearchAction","target":{"@type":"EntryPoint","urlTemplate":"https:\/\/welabplus.com\/wevision\/?s={search_term_string}"},"query-input":{"@type":"PropertyValueSpecification","valueRequired":true,"valueName":"search_term_string"}}],"inLanguage":"es"},{"@type":"Organization","@id":"https:\/\/welabplus.com\/wevision\/#organization","name":"Welab Canary Islands","url":"https:\/\/welabplus.com\/wevision\/","logo":{"@type":"ImageObject","inLanguage":"es","@id":"https:\/\/welabplus.com\/wevision\/#\/schema\/logo\/image\/","url":"","contentUrl":"","caption":"Welab Canary Islands"},"image":{"@id":"https:\/\/welabplus.com\/wevision\/#\/schema\/logo\/image\/"},"sameAs":["https:\/\/www.facebook.com\/welab.es\/","https:\/\/x.com\/welabspain"]}]}},"_links":{"self":[{"href":"https:\/\/welabplus.com\/wevision\/wp-json\/wp\/v2\/product\/28574","targetHints":{"allow":["GET"]}}],"collection":[{"href":"https:\/\/welabplus.com\/wevision\/wp-json\/wp\/v2\/product"}],"about":[{"href":"https:\/\/welabplus.com\/wevision\/wp-json\/wp\/v2\/types\/product"}],"replies":[{"embeddable":true,"href":"https:\/\/welabplus.com\/wevision\/wp-json\/wp\/v2\/comments?post=28574"}],"wp:featuredmedia":[{"embeddable":true,"href":"https:\/\/welabplus.com\/wevision\/wp-json\/wp\/v2\/media\/28582"}],"wp:attachment":[{"href":"https:\/\/welabplus.com\/wevision\/wp-json\/wp\/v2\/media?parent=28574"}],"wp:term":[{"taxonomy":"product_brand","embeddable":true,"href":"https:\/\/welabplus.com\/wevision\/wp-json\/wp\/v2\/product_brand?post=28574"},{"taxonomy":"product_cat","embeddable":true,"href":"https:\/\/welabplus.com\/wevision\/wp-json\/wp\/v2\/product_cat?post=28574"},{"taxonomy":"product_tag","embeddable":true,"href":"https:\/\/welabplus.com\/wevision\/wp-json\/wp\/v2\/product_tag?post=28574"}],"curies":[{"name":"wp","href":"https:\/\/api.w.org\/{rel}","templated":true}]}}