{"id":28568,"date":"2026-03-18T15:32:14","date_gmt":"2026-03-18T14:32:14","guid":{"rendered":"https:\/\/welabplus.com\/wevision\/?post_type=product&#038;p=28568"},"modified":"2026-03-18T15:36:19","modified_gmt":"2026-03-18T14:36:19","slug":"powerbank-ecoflow-delta-2-1048-wh","status":"publish","type":"product","link":"https:\/\/welabplus.com\/wevision\/catalogo\/acumuladores\/powerbank-ecoflow-delta-2-1048-wh\/","title":{"rendered":"POWERBANK ECOFLOW DELTA 2 1048 WH"},"content":{"rendered":"<p><strong>POWERBANK ECOFLOW DELTA 2 1048 WH<\/strong>\u00a0es imprescindible en cualquier hogar que d\u00e9 prioridad a la seguridad energ\u00e9tica y a la comodidad. Aseg\u00farate de estar preparado con la estaci\u00f3n de energ\u00eda hecha para casi cualquier situaci\u00f3n en la que tu familia pueda encontrarse.<\/p>\n<p>&nbsp;<\/p>\n<h3>Caracter\u00edsticas T\u00e9cnicas del producto:<\/h3>\n<div class=\"order-1 pdp-title\">\n<p class=\"h1\"><strong>Energ\u00eda para casi todo<\/strong><\/p>\n<\/div>\n<div class=\"order-2 pdp-content\">\n<div class=\"notification_msg heading-6\">\n<p>La salida de CA de 1800 W permite alimentar m\u00e1s del 90 % de los aparatos de tu hogar. Es decir, el microondas, la nevera o incluso la cafetera estar\u00e1n respaldados en caso de apag\u00f3n. O bien, prueba a conectar hasta 13 dispositivos a la vez cuando te re\u00fanas con la familia alrededor de la mesa. A diferencia de otras marcas, DELTA 2 puede evitar la sobrecarga de dispositivos de hasta 2400 W gracias a la tecnolog\u00eda X-Boost.<\/p>\n<\/div>\n<\/div>\n<div class=\"content\">\n<p><strong>Multiplica por tres. Ampl\u00eda la capacidad.<\/strong><\/p>\n<\/div>\n<div class=\"notification_msg heading-6\">\n<p>Con una capacidad de\u00a0<strong>1 kWh\u00a0<\/strong>para empezar, tendr\u00e1s energ\u00eda suficiente para lo esencial durante horas. \u00bfNecesitas m\u00e1s? A\u00f1ade la bater\u00eda adicional DELTA 2 para llegar a los\u00a0<strong>2048 Wh\u00a0<\/strong>o la bater\u00eda adicional DELTA Max para llegar a los\u00a0<strong>3040 Wh<\/strong>. Ideal como energ\u00eda auxiliar para el hogar o aparatos de uso diario.<\/p>\n<\/div>\n<div class=\"order-1 pdp-title\">\n<p class=\"h1\"><strong>Puedes ser ecol\u00f3gico sin sacrificar la velocidad.<\/strong><\/p>\n<\/div>\n<div class=\"order-2 pdp-content\">\n<div class=\"notification_msg heading-6\">\n<p>Se puede combinar con paneles solares y cargar en tan solo 3-6 horas con 1 panel solar port\u00e1til 400 W o 2 paneles de 220 W. Con su algoritmo inteligente de seguimiento del punto de m\u00e1xima potencia (MPPT), DELTA 2 puede detectar de forma activa la tensi\u00f3n y la corriente en tiempo real para alcanzar el punto de m\u00e1xima potencia con una eficiencia superior al 98 %. Esto significa una carga m\u00e1s eficiente que otras marcas.<\/p>\n<div class=\"order-1 pdp-title\">\n<p class=\"h1\"><strong>Con un dise\u00f1o durar 6 a\u00f1os m\u00e1s.<\/strong><\/p>\n<\/div>\n<div class=\"order-2 pdp-content\">\n<div class=\"notification_msg heading-6\">\n<p>Por fin&#8230; una tecnolog\u00eda hecha para durar. Obtiene 10 a\u00f1os de uso diario hasta alcanzar el 80% de su capacidad original. Esto se debe a la qu\u00edmica de la bater\u00eda LiFePO4, que ofrece m\u00e1s de 3.000 ciclos de carga y descarga completos y 6 veces m\u00e1s tiempo que la media del sector.<\/p>\n<div class=\"order-1 pdp-title\">\n<p class=\"h1\"><strong>La seguridad es lo m\u00e1s importante.<\/strong><\/p>\n<\/div>\n<div class=\"order-2 pdp-content\">\n<div class=\"notification_msg heading-6\">\n<p>El sistema de gesti\u00f3n de la bater\u00eda integrado de DELTA 2 regula par\u00e1metros fundamentales para garantizar su seguridad y resistencia a lo largo del tiempo.<\/p>\n<\/div>\n<\/div>\n<\/div>\n<\/div>\n<\/div>\n<\/div>\n<p><strong>Preparado para emergencias.<\/strong><\/p>\n<div class=\"content content-align-m-center\">\n<p>Se puede utilizar como EPS (fuente de alimentaci\u00f3n de emergencia) para cambiar autom\u00e1ticamente a la alimentaci\u00f3n de la bater\u00eda cuando se produzca un apag\u00f3n. Ideal para mantener tus aparatos esenciales en funcionamiento durante apagones.<\/p>\n<\/div>\n<div class=\"order-1 pdp-title\">\n<p class=\"h1\"><strong>Control desde cualquier lugar.<\/strong><\/p>\n<\/div>\n<div class=\"order-2 pdp-content\">\n<div class=\"content\">\n<p>Utiliza la aplicaci\u00f3n EcoFlow para controlar tu DELTA 2 desde cualquier lugar mediante Wi-Fi. Con\u00e9ctate por Bluetooth cuando no tengas conexi\u00f3n a la red. En ambos casos puedes comprobar los datos de carga, personalizar la configuraci\u00f3n y ajustar la velocidad de carga con facilidad.<\/p>\n<\/div>\n<\/div>\n<p><strong>Parte de un ecosistema en constante crecimiento.<\/strong><\/p>\n<div class=\"content\">\n<p>DELTA 2 es solo el principio. Se puede conectar a una amplia variedad de productos EcoFlow, como paneles solares port\u00e1tiles, bater\u00edas adicionales y mucho m\u00e1s. Todo ello para ofrecer una soluci\u00f3n de energ\u00eda integral para tu familia.<\/p>\n<\/div>\n<p>&nbsp;<\/p>\n<h3>Especificaciones T\u00e9cnicas del POWERBANK ECOFLOW DELTA 2 1048 WH:<\/h3>\n<div class=\"pdp-specs-block\">\n<ul>\n<li class=\"pdp-specs-title\">Capacidad: 1024 Wh.<\/li>\n<li class=\"pdp-specs-title\">Bater\u00eda adicional: admite una bater\u00eda adicional DELTA 2 o una bater\u00eda adicional DELTA Max.<\/li>\n<li class=\"pdp-specs-title\">Salida de CA: 4 salidas, 1800 W en total (pico: 2700 W).<\/li>\n<li class=\"pdp-specs-title\">Potencia m\u00e1xima de los dispositivos compatibles con X-Boost: 2400W.<\/li>\n<li class=\"pdp-specs-title\">Salida USB-A: 2 puertos, 5 V, 2,4 A, 12 W m\u00e1x.<\/li>\n<li class=\"pdp-specs-title\">Carga r\u00e1pida USB-A: 2 puertos, 5 V, 2,4 A\/9 V, 2 A\/12 V, 1,5 A, 18 W m\u00e1x.<\/li>\n<li class=\"pdp-specs-title\">Salida USB-C: 2 puertos, 5\/9\/12\/15\/20 V, 5 A, 100 W m\u00e1x.<\/li>\n<li class=\"pdp-specs-title\">Salida de alimentaci\u00f3n para coche: 1 puerto, 12,6 V, 10 A, 126 W m\u00e1x.<\/li>\n<li class=\"pdp-specs-title\">Salida DC5521: 2 puertos, 12,6V, 3A, 38W m\u00e1x.<\/li>\n<li class=\"pdp-specs-title\">Carga de CA: 1200W<\/li>\n<li class=\"pdp-specs-title\">Carga mediante energ\u00eda solar: 11-60 V, 15 A, 500 W m\u00e1x.<\/li>\n<li class=\"pdp-specs-title\">Carga en veh\u00edculo: admite bater\u00eda de 12 V\/24 V, 8 A.<\/li>\n<li class=\"pdp-specs-title\">Carga de CC: 1100W.<\/li>\n<li class=\"pdp-specs-title\">Qu\u00edmica de la bater\u00eda: LFP (bater\u00eda LiFePO4).<\/li>\n<li class=\"pdp-specs-title\">Ciclos de vida \u00fatil: 3000 ciclos a m\u00e1s del 80 % de la capacidad.<\/li>\n<li class=\"pdp-specs-title\">Conectividad: Wi-Fi &amp; Bluetooth.<\/li>\n<li class=\"pdp-specs-title\">Dimensiones: 15,7 x 8,3 x 11 pulg.\/400 x 211 x 281 mm.<\/li>\n<li class=\"pdp-specs-title\">Peso neto: 27 lbs \/ 12 kg.<\/li>\n<\/ul>\n<\/div>\n<p>&nbsp;<\/p>\n<h3>V\u00eddeo T\u00e9cnico del ECOFLOW:<\/h3>\n<p><iframe loading=\"lazy\" title=\"YouTube video player\" src=\"https:\/\/www.youtube.com\/embed\/_YQbsiPE8to?si=Cn9wjFnXR-thiRmn\" width=\"845\" height=\"475\" frameborder=\"0\" allowfullscreen=\"allowfullscreen\" data-mce-fragment=\"1\"><span data-mce-type=\"bookmark\" style=\"display: inline-block; width: 0px; overflow: hidden; line-height: 0;\" class=\"mce_SELRES_start\">\ufeff<\/span><\/iframe><\/p>\n<p>&nbsp;<\/p>\n<hr \/>\n<div class=\"social-icon social-big\"><a href=\"https:\/\/www.facebook.com\/welabplus\/\" target=\"_blank\" title=\"\"><i class=\"fa fa-facebook\"><\/i><\/a><\/div>\n<div class=\"social-icon social-big\"><a href=\"https:\/\/twitter.com\/welabplus\" target=\"_blank\" title=\"\"><i class=\"fa fa-twitter\"><\/i><\/a><\/div>\n<div class=\"social-icon social-big\"><a href=\"https:\/\/www.instagram.com\/welabplus\/?hl=es\" target=\"_blank\" title=\"\"><i class=\"fa fa-instagram\"><\/i><\/a><\/div>\n<div class=\"social-icon social-big\"><a href=\"https:\/\/www.linkedin.com\/company\/welabplus\" target=\"_blank\" title=\"\"><i class=\"fa fa-linkedin\"><\/i><\/a><\/div>\n","protected":false},"excerpt":{"rendered":"<p>POWERBANK ECOFLOW DELTA 2 1048 WH\u00a0es imprescindible en cualquier hogar que d\u00e9 prioridad a la seguridad energ\u00e9tica y a la [&hellip;]<\/p>\n","protected":false},"featured_media":28569,"comment_status":"closed","ping_status":"closed","template":"","meta":{"_acf_changed":false,"inline_featured_image":false},"product_brand":[],"product_cat":[7747],"product_tag":[7743,7745,9136,9613,9614,9615],"class_list":{"0":"post-28568","1":"product","2":"type-product","3":"status-publish","4":"has-post-thumbnail","6":"product_cat-acumuladores","7":"product_tag-alquiler-acumuladores","8":"product_tag-alquiler-acumuladores-madrid","9":"product_tag-ecoflow","10":"product_tag-acumulador-powerbank-ecoflow-delta-2-1048-wh","11":"product_tag-powerbank","12":"product_tag-powerbank-ecoflow-delta-2-1048-wh","14":"first","15":"instock","16":"shipping-taxable","17":"purchasable","18":"product-type-simple"},"acf":[],"yoast_head":"<!-- This site is optimized with the Yoast SEO plugin v26.2 - https:\/\/yoast.com\/wordpress\/plugins\/seo\/ -->\n<title>POWERBANK ECOFLOW DELTA 2 1048 WH - Wevision<\/title>\n<meta name=\"description\" content=\"Alquiler de POWERBANK ECOFLOW DELTA 2 1048 WH en Wevision en Madrid y en las Islas Canarias, para cine, publicidad, series, documentales, videoclips, la...\" \/>\n<meta name=\"robots\" content=\"index, follow, max-snippet:-1, max-image-preview:large, max-video-preview:-1\" \/>\n<link rel=\"canonical\" href=\"https:\/\/welabplus.com\/wevision\/catalogo\/acumuladores\/powerbank-ecoflow-delta-2-1048-wh\/\" \/>\n<meta property=\"og:locale\" content=\"es_ES\" \/>\n<meta property=\"og:type\" content=\"article\" \/>\n<meta property=\"og:title\" content=\"POWERBANK ECOFLOW DELTA 2 1048 WH - Wevision\" \/>\n<meta property=\"og:description\" content=\"Alquiler de POWERBANK ECOFLOW DELTA 2 1048 WH en Wevision en Madrid y en las Islas Canarias, para cine, publicidad, series, documentales, videoclips, la...\" \/>\n<meta property=\"og:url\" content=\"https:\/\/welabplus.com\/wevision\/catalogo\/acumuladores\/powerbank-ecoflow-delta-2-1048-wh\/\" \/>\n<meta property=\"og:site_name\" content=\"Wevision\" \/>\n<meta property=\"article:publisher\" content=\"https:\/\/www.facebook.com\/welab.es\/\" \/>\n<meta property=\"article:modified_time\" content=\"2026-03-18T14:36:19+00:00\" \/>\n<meta property=\"og:image\" content=\"https:\/\/welabplus.com\/wevision\/wp-content\/uploads\/2026\/03\/ALQUILER-POWERBANK-ECOFLOW-DELTA-2-1048-WH-WEVISION.jpg\" \/>\n\t<meta property=\"og:image:width\" content=\"933\" \/>\n\t<meta property=\"og:image:height\" content=\"557\" \/>\n\t<meta property=\"og:image:type\" content=\"image\/jpeg\" \/>\n<meta name=\"twitter:card\" content=\"summary_large_image\" \/>\n<meta name=\"twitter:site\" content=\"@welabspain\" \/>\n<meta name=\"twitter:label1\" content=\"Tiempo de lectura\" \/>\n\t<meta name=\"twitter:data1\" content=\"4 minutos\" \/>\n<script type=\"application\/ld+json\" class=\"yoast-schema-graph\">{\"@context\":\"https:\/\/schema.org\",\"@graph\":[{\"@type\":\"WebPage\",\"@id\":\"https:\/\/welabplus.com\/wevision\/catalogo\/acumuladores\/powerbank-ecoflow-delta-2-1048-wh\/\",\"url\":\"https:\/\/welabplus.com\/wevision\/catalogo\/acumuladores\/powerbank-ecoflow-delta-2-1048-wh\/\",\"name\":\"POWERBANK ECOFLOW DELTA 2 1048 WH - Wevision\",\"isPartOf\":{\"@id\":\"https:\/\/welabplus.com\/wevision\/#website\"},\"primaryImageOfPage\":{\"@id\":\"https:\/\/welabplus.com\/wevision\/catalogo\/acumuladores\/powerbank-ecoflow-delta-2-1048-wh\/#primaryimage\"},\"image\":{\"@id\":\"https:\/\/welabplus.com\/wevision\/catalogo\/acumuladores\/powerbank-ecoflow-delta-2-1048-wh\/#primaryimage\"},\"thumbnailUrl\":\"https:\/\/welabplus.com\/wevision\/wp-content\/uploads\/2026\/03\/ALQUILER-POWERBANK-ECOFLOW-DELTA-2-1048-WH-WEVISION.jpg\",\"datePublished\":\"2026-03-18T14:32:14+00:00\",\"dateModified\":\"2026-03-18T14:36:19+00:00\",\"description\":\"Alquiler de POWERBANK ECOFLOW DELTA 2 1048 WH en Wevision en Madrid y en las Islas Canarias, para cine, publicidad, series, documentales, videoclips, la...\",\"breadcrumb\":{\"@id\":\"https:\/\/welabplus.com\/wevision\/catalogo\/acumuladores\/powerbank-ecoflow-delta-2-1048-wh\/#breadcrumb\"},\"inLanguage\":\"es\",\"potentialAction\":[{\"@type\":\"ReadAction\",\"target\":[\"https:\/\/welabplus.com\/wevision\/catalogo\/acumuladores\/powerbank-ecoflow-delta-2-1048-wh\/\"]}]},{\"@type\":\"ImageObject\",\"inLanguage\":\"es\",\"@id\":\"https:\/\/welabplus.com\/wevision\/catalogo\/acumuladores\/powerbank-ecoflow-delta-2-1048-wh\/#primaryimage\",\"url\":\"https:\/\/welabplus.com\/wevision\/wp-content\/uploads\/2026\/03\/ALQUILER-POWERBANK-ECOFLOW-DELTA-2-1048-WH-WEVISION.jpg\",\"contentUrl\":\"https:\/\/welabplus.com\/wevision\/wp-content\/uploads\/2026\/03\/ALQUILER-POWERBANK-ECOFLOW-DELTA-2-1048-WH-WEVISION.jpg\",\"width\":933,\"height\":557,\"caption\":\"ALQUILER POWERBANK ECOFLOW DELTA 2 1048 WH WEVISION\"},{\"@type\":\"BreadcrumbList\",\"@id\":\"https:\/\/welabplus.com\/wevision\/catalogo\/acumuladores\/powerbank-ecoflow-delta-2-1048-wh\/#breadcrumb\",\"itemListElement\":[{\"@type\":\"ListItem\",\"position\":1,\"name\":\"Portada\",\"item\":\"https:\/\/welabplus.com\/wevision\/\"},{\"@type\":\"ListItem\",\"position\":2,\"name\":\"Cat\u00e1logo\",\"item\":\"https:\/\/welabplus.com\/wevision\/catalogo\/\"},{\"@type\":\"ListItem\",\"position\":3,\"name\":\"POWERBANK ECOFLOW DELTA 2 1048 WH\"}]},{\"@type\":\"WebSite\",\"@id\":\"https:\/\/welabplus.com\/wevision\/#website\",\"url\":\"https:\/\/welabplus.com\/wevision\/\",\"name\":\"Welabplus\",\"description\":\"C\u00e1maras y lentes para cine\",\"publisher\":{\"@id\":\"https:\/\/welabplus.com\/wevision\/#organization\"},\"potentialAction\":[{\"@type\":\"SearchAction\",\"target\":{\"@type\":\"EntryPoint\",\"urlTemplate\":\"https:\/\/welabplus.com\/wevision\/?s={search_term_string}\"},\"query-input\":{\"@type\":\"PropertyValueSpecification\",\"valueRequired\":true,\"valueName\":\"search_term_string\"}}],\"inLanguage\":\"es\"},{\"@type\":\"Organization\",\"@id\":\"https:\/\/welabplus.com\/wevision\/#organization\",\"name\":\"Welab Canary Islands\",\"url\":\"https:\/\/welabplus.com\/wevision\/\",\"logo\":{\"@type\":\"ImageObject\",\"inLanguage\":\"es\",\"@id\":\"https:\/\/welabplus.com\/wevision\/#\/schema\/logo\/image\/\",\"url\":\"\",\"contentUrl\":\"\",\"caption\":\"Welab Canary Islands\"},\"image\":{\"@id\":\"https:\/\/welabplus.com\/wevision\/#\/schema\/logo\/image\/\"},\"sameAs\":[\"https:\/\/www.facebook.com\/welab.es\/\",\"https:\/\/x.com\/welabspain\"]}]}<\/script>\n<!-- \/ Yoast SEO plugin. -->","yoast_head_json":{"title":"POWERBANK ECOFLOW DELTA 2 1048 WH - Wevision","description":"Alquiler de POWERBANK ECOFLOW DELTA 2 1048 WH en Wevision en Madrid y en las Islas Canarias, para cine, publicidad, series, documentales, videoclips, la...","robots":{"index":"index","follow":"follow","max-snippet":"max-snippet:-1","max-image-preview":"max-image-preview:large","max-video-preview":"max-video-preview:-1"},"canonical":"https:\/\/welabplus.com\/wevision\/catalogo\/acumuladores\/powerbank-ecoflow-delta-2-1048-wh\/","og_locale":"es_ES","og_type":"article","og_title":"POWERBANK ECOFLOW DELTA 2 1048 WH - Wevision","og_description":"Alquiler de POWERBANK ECOFLOW DELTA 2 1048 WH en Wevision en Madrid y en las Islas Canarias, para cine, publicidad, series, documentales, videoclips, la...","og_url":"https:\/\/welabplus.com\/wevision\/catalogo\/acumuladores\/powerbank-ecoflow-delta-2-1048-wh\/","og_site_name":"Wevision","article_publisher":"https:\/\/www.facebook.com\/welab.es\/","article_modified_time":"2026-03-18T14:36:19+00:00","og_image":[{"width":933,"height":557,"url":"https:\/\/welabplus.com\/wevision\/wp-content\/uploads\/2026\/03\/ALQUILER-POWERBANK-ECOFLOW-DELTA-2-1048-WH-WEVISION.jpg","type":"image\/jpeg"}],"twitter_card":"summary_large_image","twitter_site":"@welabspain","twitter_misc":{"Tiempo de lectura":"4 minutos"},"schema":{"@context":"https:\/\/schema.org","@graph":[{"@type":"WebPage","@id":"https:\/\/welabplus.com\/wevision\/catalogo\/acumuladores\/powerbank-ecoflow-delta-2-1048-wh\/","url":"https:\/\/welabplus.com\/wevision\/catalogo\/acumuladores\/powerbank-ecoflow-delta-2-1048-wh\/","name":"POWERBANK ECOFLOW DELTA 2 1048 WH - Wevision","isPartOf":{"@id":"https:\/\/welabplus.com\/wevision\/#website"},"primaryImageOfPage":{"@id":"https:\/\/welabplus.com\/wevision\/catalogo\/acumuladores\/powerbank-ecoflow-delta-2-1048-wh\/#primaryimage"},"image":{"@id":"https:\/\/welabplus.com\/wevision\/catalogo\/acumuladores\/powerbank-ecoflow-delta-2-1048-wh\/#primaryimage"},"thumbnailUrl":"https:\/\/welabplus.com\/wevision\/wp-content\/uploads\/2026\/03\/ALQUILER-POWERBANK-ECOFLOW-DELTA-2-1048-WH-WEVISION.jpg","datePublished":"2026-03-18T14:32:14+00:00","dateModified":"2026-03-18T14:36:19+00:00","description":"Alquiler de POWERBANK ECOFLOW DELTA 2 1048 WH en Wevision en Madrid y en las Islas Canarias, para cine, publicidad, series, documentales, videoclips, la...","breadcrumb":{"@id":"https:\/\/welabplus.com\/wevision\/catalogo\/acumuladores\/powerbank-ecoflow-delta-2-1048-wh\/#breadcrumb"},"inLanguage":"es","potentialAction":[{"@type":"ReadAction","target":["https:\/\/welabplus.com\/wevision\/catalogo\/acumuladores\/powerbank-ecoflow-delta-2-1048-wh\/"]}]},{"@type":"ImageObject","inLanguage":"es","@id":"https:\/\/welabplus.com\/wevision\/catalogo\/acumuladores\/powerbank-ecoflow-delta-2-1048-wh\/#primaryimage","url":"https:\/\/welabplus.com\/wevision\/wp-content\/uploads\/2026\/03\/ALQUILER-POWERBANK-ECOFLOW-DELTA-2-1048-WH-WEVISION.jpg","contentUrl":"https:\/\/welabplus.com\/wevision\/wp-content\/uploads\/2026\/03\/ALQUILER-POWERBANK-ECOFLOW-DELTA-2-1048-WH-WEVISION.jpg","width":933,"height":557,"caption":"ALQUILER POWERBANK ECOFLOW DELTA 2 1048 WH WEVISION"},{"@type":"BreadcrumbList","@id":"https:\/\/welabplus.com\/wevision\/catalogo\/acumuladores\/powerbank-ecoflow-delta-2-1048-wh\/#breadcrumb","itemListElement":[{"@type":"ListItem","position":1,"name":"Portada","item":"https:\/\/welabplus.com\/wevision\/"},{"@type":"ListItem","position":2,"name":"Cat\u00e1logo","item":"https:\/\/welabplus.com\/wevision\/catalogo\/"},{"@type":"ListItem","position":3,"name":"POWERBANK ECOFLOW DELTA 2 1048 WH"}]},{"@type":"WebSite","@id":"https:\/\/welabplus.com\/wevision\/#website","url":"https:\/\/welabplus.com\/wevision\/","name":"Welabplus","description":"C\u00e1maras y lentes para cine","publisher":{"@id":"https:\/\/welabplus.com\/wevision\/#organization"},"potentialAction":[{"@type":"SearchAction","target":{"@type":"EntryPoint","urlTemplate":"https:\/\/welabplus.com\/wevision\/?s={search_term_string}"},"query-input":{"@type":"PropertyValueSpecification","valueRequired":true,"valueName":"search_term_string"}}],"inLanguage":"es"},{"@type":"Organization","@id":"https:\/\/welabplus.com\/wevision\/#organization","name":"Welab Canary Islands","url":"https:\/\/welabplus.com\/wevision\/","logo":{"@type":"ImageObject","inLanguage":"es","@id":"https:\/\/welabplus.com\/wevision\/#\/schema\/logo\/image\/","url":"","contentUrl":"","caption":"Welab Canary Islands"},"image":{"@id":"https:\/\/welabplus.com\/wevision\/#\/schema\/logo\/image\/"},"sameAs":["https:\/\/www.facebook.com\/welab.es\/","https:\/\/x.com\/welabspain"]}]}},"_links":{"self":[{"href":"https:\/\/welabplus.com\/wevision\/wp-json\/wp\/v2\/product\/28568","targetHints":{"allow":["GET"]}}],"collection":[{"href":"https:\/\/welabplus.com\/wevision\/wp-json\/wp\/v2\/product"}],"about":[{"href":"https:\/\/welabplus.com\/wevision\/wp-json\/wp\/v2\/types\/product"}],"replies":[{"embeddable":true,"href":"https:\/\/welabplus.com\/wevision\/wp-json\/wp\/v2\/comments?post=28568"}],"wp:featuredmedia":[{"embeddable":true,"href":"https:\/\/welabplus.com\/wevision\/wp-json\/wp\/v2\/media\/28569"}],"wp:attachment":[{"href":"https:\/\/welabplus.com\/wevision\/wp-json\/wp\/v2\/media?parent=28568"}],"wp:term":[{"taxonomy":"product_brand","embeddable":true,"href":"https:\/\/welabplus.com\/wevision\/wp-json\/wp\/v2\/product_brand?post=28568"},{"taxonomy":"product_cat","embeddable":true,"href":"https:\/\/welabplus.com\/wevision\/wp-json\/wp\/v2\/product_cat?post=28568"},{"taxonomy":"product_tag","embeddable":true,"href":"https:\/\/welabplus.com\/wevision\/wp-json\/wp\/v2\/product_tag?post=28568"}],"curies":[{"name":"wp","href":"https:\/\/api.w.org\/{rel}","templated":true}]}}