{"id":28524,"date":"2026-02-23T15:30:47","date_gmt":"2026-02-23T14:30:47","guid":{"rendered":"https:\/\/welabplus.com\/wevision\/?post_type=product&#038;p=28524"},"modified":"2026-03-18T11:31:57","modified_gmt":"2026-03-18T10:31:57","slug":"rosco-mini-v-2","status":"publish","type":"product","link":"https:\/\/welabplus.com\/wevision\/catalogo\/efectos-atmosfericos\/maquinas-humo\/rosco-mini-v-2\/","title":{"rendered":"ROSCO MINI-V"},"content":{"rendered":"<p>El <strong>ROSCO MINI-V<\/strong> es la m\u00e1quina de humo m\u00e1s compacta y asequible de su gama. La Mini-V emite un flujo de humo potente y continuo de calidad profesional. El peque\u00f1o dise\u00f1o de Mini-V y su intercambiador de calor duradero y de bajo consumo, hace de ella una elecci\u00f3n perfecta para los usuarios m\u00f3viles o aplicaciones que carecen del espacio necesario para un generador de humo de mayor tama\u00f1o.<\/p>\n<p>Un funcionamiento sencillo implica un uso sencillo, sin molestias y una s\u00f3lida fiabilidad. El <strong>Mini-V<\/strong> se calienta r\u00e1pidamente y produce un abundante chorro de humo, que se activa y desactiva mediante un interruptor oscilante. No se requiere formaci\u00f3n para los ayudantes, alumnos, t\u00e9cnicos ni ingenieros \u2013 simplemente pulse y mantenga para producir el humo. Especialmente apta para fot\u00f3grafos y vide\u00f3grafos, esta ligera unidad se transporta f\u00e1cilmente a cualquier localizaci\u00f3n que exija una m\u00e1quina de humo de calidad profesional.<\/p>\n<p>&nbsp;<\/p>\n<h3>Especificaciones T\u00e9cnicas del ROSCO MINI-V:<\/h3>\n<table style=\"height: *;\" width=\"100%\">\n<tbody>\n<tr>\n<td><strong>Potencia:<\/strong><\/td>\n<td>1000W<\/td>\n<\/tr>\n<tr>\n<td><strong>Requisitos de alimentaci\u00f3n:<\/strong><\/td>\n<td>9,1A a 110 VAC\/60hz<br \/>\n4,3A a 230 V AC\/50hz<\/td>\n<\/tr>\n<tr>\n<td><strong>Salida:<\/strong><\/td>\n<td>Consumo de fluido de 1 litro\/hora<\/td>\n<\/tr>\n<tr>\n<td><strong>Control:<\/strong><\/td>\n<td>Mando de encendido\/apagado con carcasa magn\u00e9tica<br \/>\ny cable de 3m<\/td>\n<\/tr>\n<tr>\n<td><strong>Dimensiones:<\/strong><\/td>\n<td>406mm x 191mm x 209mm<\/td>\n<\/tr>\n<tr>\n<td><strong>Peso:<\/strong><\/td>\n<td>5,4 kg<\/td>\n<\/tr>\n<tr>\n<td><strong>Carcasa:<\/strong><\/td>\n<td>Resistente carcasa de acero de 12 g<br \/>\nPintura con revestimiento de polvo resistente al desconchado<br \/>\nPuntos de fijaci\u00f3n duros para los soportes de suspensi\u00f3n<\/td>\n<\/tr>\n<tr>\n<td><strong>Aprobaciones:<\/strong><\/td>\n<td>CE<br \/>\nPendiente ETL \/ cETL<br \/>\nAprobada por Actor&#8217;s Equity<br \/>\nAMPTP Bolet\u00edn de seguridad n\u00b0 10<br \/>\nCumplimiento RoHS<\/td>\n<\/tr>\n<\/tbody>\n<\/table>\n<div>\n<div class=\"\">\n<div>\n<div class=\"\">\n<p>&nbsp;<\/p>\n<\/div>\n<\/div>\n<hr \/>\n<div class=\"social-icon social-big\"><a href=\"https:\/\/www.facebook.com\/welabplus\/\" target=\"_blank\" title=\"\"><i class=\"fa fa-facebook\"><\/i><\/a><\/div>\n<div class=\"social-icon social-big\"><a href=\"https:\/\/twitter.com\/welabplus\" target=\"_blank\" title=\"\"><i class=\"fa fa-twitter\"><\/i><\/a><\/div>\n<div class=\"social-icon social-big\"><a href=\"https:\/\/www.instagram.com\/welabplus\/?hl=es\" target=\"_blank\" title=\"\"><i class=\"fa fa-instagram\"><\/i><\/a><\/div>\n<div class=\"social-icon social-big\"><a href=\"https:\/\/www.linkedin.com\/company\/welabplus\" target=\"_blank\" title=\"\"><i class=\"fa fa-linkedin\"><\/i><\/a><\/div>\n<\/div>\n<\/div>\n","protected":false},"excerpt":{"rendered":"<p>El ROSCO MINI-V es la m\u00e1quina de humo m\u00e1s compacta y asequible de su gama. La Mini-V emite un flujo [&hellip;]<\/p>\n","protected":false},"featured_media":28526,"comment_status":"closed","ping_status":"closed","template":"","meta":{"_acf_changed":false,"inline_featured_image":false},"product_brand":[],"product_cat":[9337],"product_tag":[6478,6479,6480,6481,6482,9597,9598],"class_list":{"0":"post-28524","1":"product","2":"type-product","3":"status-publish","4":"has-post-thumbnail","6":"product_cat-maquinas-humo","7":"product_tag-maquina-de-humo","8":"product_tag-humo-audiovisuales","9":"product_tag-humo-fiestas","10":"product_tag-maquina-humo-pequena","11":"product_tag-alquiler-maquina-de-humo","12":"product_tag-rosco-mini-v","13":"product_tag-alquiler-rosco-mini-v","15":"first","16":"instock","17":"shipping-taxable","18":"purchasable","19":"product-type-simple"},"acf":[],"yoast_head":"<!-- This site is optimized with the Yoast SEO plugin v26.2 - https:\/\/yoast.com\/wordpress\/plugins\/seo\/ -->\n<title>ROSCO MINI-V - Wevision<\/title>\n<meta name=\"description\" content=\"Alquiler de ROSCO MINI-V en Wevision en Madrid y en las Islas Canarias para cine, publicidad, series, documentales, videoclips, largometrajes...\" \/>\n<meta name=\"robots\" content=\"index, follow, max-snippet:-1, max-image-preview:large, max-video-preview:-1\" \/>\n<link rel=\"canonical\" href=\"https:\/\/welabplus.com\/wevision\/catalogo\/efectos-atmosfericos\/maquinas-humo\/rosco-mini-v-2\/\" \/>\n<meta property=\"og:locale\" content=\"es_ES\" \/>\n<meta property=\"og:type\" content=\"article\" \/>\n<meta property=\"og:title\" content=\"ROSCO MINI-V - Wevision\" \/>\n<meta property=\"og:description\" content=\"Alquiler de ROSCO MINI-V en Wevision en Madrid y en las Islas Canarias para cine, publicidad, series, documentales, videoclips, largometrajes...\" \/>\n<meta property=\"og:url\" content=\"https:\/\/welabplus.com\/wevision\/catalogo\/efectos-atmosfericos\/maquinas-humo\/rosco-mini-v-2\/\" \/>\n<meta property=\"og:site_name\" content=\"Wevision\" \/>\n<meta property=\"article:publisher\" content=\"https:\/\/www.facebook.com\/welab.es\/\" \/>\n<meta property=\"article:modified_time\" content=\"2026-03-18T10:31:57+00:00\" \/>\n<meta property=\"og:image\" content=\"https:\/\/welabplus.com\/wevision\/wp-content\/uploads\/2026\/02\/ALQUILER-ROSCO-MINI-V-WEVISION.jpg\" \/>\n\t<meta property=\"og:image:width\" content=\"933\" \/>\n\t<meta property=\"og:image:height\" content=\"557\" \/>\n\t<meta property=\"og:image:type\" content=\"image\/jpeg\" \/>\n<meta name=\"twitter:card\" content=\"summary_large_image\" \/>\n<meta name=\"twitter:site\" content=\"@welabspain\" \/>\n<meta name=\"twitter:label1\" content=\"Tiempo de lectura\" \/>\n\t<meta name=\"twitter:data1\" content=\"2 minutos\" \/>\n<script type=\"application\/ld+json\" class=\"yoast-schema-graph\">{\"@context\":\"https:\/\/schema.org\",\"@graph\":[{\"@type\":\"WebPage\",\"@id\":\"https:\/\/welabplus.com\/wevision\/catalogo\/efectos-atmosfericos\/maquinas-humo\/rosco-mini-v-2\/\",\"url\":\"https:\/\/welabplus.com\/wevision\/catalogo\/efectos-atmosfericos\/maquinas-humo\/rosco-mini-v-2\/\",\"name\":\"ROSCO MINI-V - Wevision\",\"isPartOf\":{\"@id\":\"https:\/\/welabplus.com\/wevision\/#website\"},\"primaryImageOfPage\":{\"@id\":\"https:\/\/welabplus.com\/wevision\/catalogo\/efectos-atmosfericos\/maquinas-humo\/rosco-mini-v-2\/#primaryimage\"},\"image\":{\"@id\":\"https:\/\/welabplus.com\/wevision\/catalogo\/efectos-atmosfericos\/maquinas-humo\/rosco-mini-v-2\/#primaryimage\"},\"thumbnailUrl\":\"https:\/\/welabplus.com\/wevision\/wp-content\/uploads\/2026\/02\/ALQUILER-ROSCO-MINI-V-WEVISION.jpg\",\"datePublished\":\"2026-02-23T14:30:47+00:00\",\"dateModified\":\"2026-03-18T10:31:57+00:00\",\"description\":\"Alquiler de ROSCO MINI-V en Wevision en Madrid y en las Islas Canarias para cine, publicidad, series, documentales, videoclips, largometrajes...\",\"breadcrumb\":{\"@id\":\"https:\/\/welabplus.com\/wevision\/catalogo\/efectos-atmosfericos\/maquinas-humo\/rosco-mini-v-2\/#breadcrumb\"},\"inLanguage\":\"es\",\"potentialAction\":[{\"@type\":\"ReadAction\",\"target\":[\"https:\/\/welabplus.com\/wevision\/catalogo\/efectos-atmosfericos\/maquinas-humo\/rosco-mini-v-2\/\"]}]},{\"@type\":\"ImageObject\",\"inLanguage\":\"es\",\"@id\":\"https:\/\/welabplus.com\/wevision\/catalogo\/efectos-atmosfericos\/maquinas-humo\/rosco-mini-v-2\/#primaryimage\",\"url\":\"https:\/\/welabplus.com\/wevision\/wp-content\/uploads\/2026\/02\/ALQUILER-ROSCO-MINI-V-WEVISION.jpg\",\"contentUrl\":\"https:\/\/welabplus.com\/wevision\/wp-content\/uploads\/2026\/02\/ALQUILER-ROSCO-MINI-V-WEVISION.jpg\",\"width\":933,\"height\":557,\"caption\":\"ALQUILER ROSCO MINI-V WEVISION\"},{\"@type\":\"BreadcrumbList\",\"@id\":\"https:\/\/welabplus.com\/wevision\/catalogo\/efectos-atmosfericos\/maquinas-humo\/rosco-mini-v-2\/#breadcrumb\",\"itemListElement\":[{\"@type\":\"ListItem\",\"position\":1,\"name\":\"Portada\",\"item\":\"https:\/\/welabplus.com\/wevision\/\"},{\"@type\":\"ListItem\",\"position\":2,\"name\":\"Cat\u00e1logo\",\"item\":\"https:\/\/welabplus.com\/wevision\/catalogo\/\"},{\"@type\":\"ListItem\",\"position\":3,\"name\":\"ROSCO MINI-V\"}]},{\"@type\":\"WebSite\",\"@id\":\"https:\/\/welabplus.com\/wevision\/#website\",\"url\":\"https:\/\/welabplus.com\/wevision\/\",\"name\":\"Welabplus\",\"description\":\"C\u00e1maras y lentes para cine\",\"publisher\":{\"@id\":\"https:\/\/welabplus.com\/wevision\/#organization\"},\"potentialAction\":[{\"@type\":\"SearchAction\",\"target\":{\"@type\":\"EntryPoint\",\"urlTemplate\":\"https:\/\/welabplus.com\/wevision\/?s={search_term_string}\"},\"query-input\":{\"@type\":\"PropertyValueSpecification\",\"valueRequired\":true,\"valueName\":\"search_term_string\"}}],\"inLanguage\":\"es\"},{\"@type\":\"Organization\",\"@id\":\"https:\/\/welabplus.com\/wevision\/#organization\",\"name\":\"Welab Canary Islands\",\"url\":\"https:\/\/welabplus.com\/wevision\/\",\"logo\":{\"@type\":\"ImageObject\",\"inLanguage\":\"es\",\"@id\":\"https:\/\/welabplus.com\/wevision\/#\/schema\/logo\/image\/\",\"url\":\"\",\"contentUrl\":\"\",\"caption\":\"Welab Canary Islands\"},\"image\":{\"@id\":\"https:\/\/welabplus.com\/wevision\/#\/schema\/logo\/image\/\"},\"sameAs\":[\"https:\/\/www.facebook.com\/welab.es\/\",\"https:\/\/x.com\/welabspain\"]}]}<\/script>\n<!-- \/ Yoast SEO plugin. -->","yoast_head_json":{"title":"ROSCO MINI-V - Wevision","description":"Alquiler de ROSCO MINI-V en Wevision en Madrid y en las Islas Canarias para cine, publicidad, series, documentales, videoclips, largometrajes...","robots":{"index":"index","follow":"follow","max-snippet":"max-snippet:-1","max-image-preview":"max-image-preview:large","max-video-preview":"max-video-preview:-1"},"canonical":"https:\/\/welabplus.com\/wevision\/catalogo\/efectos-atmosfericos\/maquinas-humo\/rosco-mini-v-2\/","og_locale":"es_ES","og_type":"article","og_title":"ROSCO MINI-V - Wevision","og_description":"Alquiler de ROSCO MINI-V en Wevision en Madrid y en las Islas Canarias para cine, publicidad, series, documentales, videoclips, largometrajes...","og_url":"https:\/\/welabplus.com\/wevision\/catalogo\/efectos-atmosfericos\/maquinas-humo\/rosco-mini-v-2\/","og_site_name":"Wevision","article_publisher":"https:\/\/www.facebook.com\/welab.es\/","article_modified_time":"2026-03-18T10:31:57+00:00","og_image":[{"width":933,"height":557,"url":"https:\/\/welabplus.com\/wevision\/wp-content\/uploads\/2026\/02\/ALQUILER-ROSCO-MINI-V-WEVISION.jpg","type":"image\/jpeg"}],"twitter_card":"summary_large_image","twitter_site":"@welabspain","twitter_misc":{"Tiempo de lectura":"2 minutos"},"schema":{"@context":"https:\/\/schema.org","@graph":[{"@type":"WebPage","@id":"https:\/\/welabplus.com\/wevision\/catalogo\/efectos-atmosfericos\/maquinas-humo\/rosco-mini-v-2\/","url":"https:\/\/welabplus.com\/wevision\/catalogo\/efectos-atmosfericos\/maquinas-humo\/rosco-mini-v-2\/","name":"ROSCO MINI-V - Wevision","isPartOf":{"@id":"https:\/\/welabplus.com\/wevision\/#website"},"primaryImageOfPage":{"@id":"https:\/\/welabplus.com\/wevision\/catalogo\/efectos-atmosfericos\/maquinas-humo\/rosco-mini-v-2\/#primaryimage"},"image":{"@id":"https:\/\/welabplus.com\/wevision\/catalogo\/efectos-atmosfericos\/maquinas-humo\/rosco-mini-v-2\/#primaryimage"},"thumbnailUrl":"https:\/\/welabplus.com\/wevision\/wp-content\/uploads\/2026\/02\/ALQUILER-ROSCO-MINI-V-WEVISION.jpg","datePublished":"2026-02-23T14:30:47+00:00","dateModified":"2026-03-18T10:31:57+00:00","description":"Alquiler de ROSCO MINI-V en Wevision en Madrid y en las Islas Canarias para cine, publicidad, series, documentales, videoclips, largometrajes...","breadcrumb":{"@id":"https:\/\/welabplus.com\/wevision\/catalogo\/efectos-atmosfericos\/maquinas-humo\/rosco-mini-v-2\/#breadcrumb"},"inLanguage":"es","potentialAction":[{"@type":"ReadAction","target":["https:\/\/welabplus.com\/wevision\/catalogo\/efectos-atmosfericos\/maquinas-humo\/rosco-mini-v-2\/"]}]},{"@type":"ImageObject","inLanguage":"es","@id":"https:\/\/welabplus.com\/wevision\/catalogo\/efectos-atmosfericos\/maquinas-humo\/rosco-mini-v-2\/#primaryimage","url":"https:\/\/welabplus.com\/wevision\/wp-content\/uploads\/2026\/02\/ALQUILER-ROSCO-MINI-V-WEVISION.jpg","contentUrl":"https:\/\/welabplus.com\/wevision\/wp-content\/uploads\/2026\/02\/ALQUILER-ROSCO-MINI-V-WEVISION.jpg","width":933,"height":557,"caption":"ALQUILER ROSCO MINI-V WEVISION"},{"@type":"BreadcrumbList","@id":"https:\/\/welabplus.com\/wevision\/catalogo\/efectos-atmosfericos\/maquinas-humo\/rosco-mini-v-2\/#breadcrumb","itemListElement":[{"@type":"ListItem","position":1,"name":"Portada","item":"https:\/\/welabplus.com\/wevision\/"},{"@type":"ListItem","position":2,"name":"Cat\u00e1logo","item":"https:\/\/welabplus.com\/wevision\/catalogo\/"},{"@type":"ListItem","position":3,"name":"ROSCO MINI-V"}]},{"@type":"WebSite","@id":"https:\/\/welabplus.com\/wevision\/#website","url":"https:\/\/welabplus.com\/wevision\/","name":"Welabplus","description":"C\u00e1maras y lentes para cine","publisher":{"@id":"https:\/\/welabplus.com\/wevision\/#organization"},"potentialAction":[{"@type":"SearchAction","target":{"@type":"EntryPoint","urlTemplate":"https:\/\/welabplus.com\/wevision\/?s={search_term_string}"},"query-input":{"@type":"PropertyValueSpecification","valueRequired":true,"valueName":"search_term_string"}}],"inLanguage":"es"},{"@type":"Organization","@id":"https:\/\/welabplus.com\/wevision\/#organization","name":"Welab Canary Islands","url":"https:\/\/welabplus.com\/wevision\/","logo":{"@type":"ImageObject","inLanguage":"es","@id":"https:\/\/welabplus.com\/wevision\/#\/schema\/logo\/image\/","url":"","contentUrl":"","caption":"Welab Canary Islands"},"image":{"@id":"https:\/\/welabplus.com\/wevision\/#\/schema\/logo\/image\/"},"sameAs":["https:\/\/www.facebook.com\/welab.es\/","https:\/\/x.com\/welabspain"]}]}},"_links":{"self":[{"href":"https:\/\/welabplus.com\/wevision\/wp-json\/wp\/v2\/product\/28524","targetHints":{"allow":["GET"]}}],"collection":[{"href":"https:\/\/welabplus.com\/wevision\/wp-json\/wp\/v2\/product"}],"about":[{"href":"https:\/\/welabplus.com\/wevision\/wp-json\/wp\/v2\/types\/product"}],"replies":[{"embeddable":true,"href":"https:\/\/welabplus.com\/wevision\/wp-json\/wp\/v2\/comments?post=28524"}],"wp:featuredmedia":[{"embeddable":true,"href":"https:\/\/welabplus.com\/wevision\/wp-json\/wp\/v2\/media\/28526"}],"wp:attachment":[{"href":"https:\/\/welabplus.com\/wevision\/wp-json\/wp\/v2\/media?parent=28524"}],"wp:term":[{"taxonomy":"product_brand","embeddable":true,"href":"https:\/\/welabplus.com\/wevision\/wp-json\/wp\/v2\/product_brand?post=28524"},{"taxonomy":"product_cat","embeddable":true,"href":"https:\/\/welabplus.com\/wevision\/wp-json\/wp\/v2\/product_cat?post=28524"},{"taxonomy":"product_tag","embeddable":true,"href":"https:\/\/welabplus.com\/wevision\/wp-json\/wp\/v2\/product_tag?post=28524"}],"curies":[{"name":"wp","href":"https:\/\/api.w.org\/{rel}","templated":true}]}}