{"id":28475,"date":"2026-02-06T12:36:20","date_gmt":"2026-02-06T11:36:20","guid":{"rendered":"https:\/\/welabplus.com\/wevision\/?post_type=product&#038;p=28475"},"modified":"2026-02-23T10:33:20","modified_gmt":"2026-02-23T09:33:20","slug":"kit-astera-lunabulb-x8-bombillas-e27","status":"publish","type":"product","link":"https:\/\/welabplus.com\/wevision\/catalogo\/led\/bombillas\/kit-astera-lunabulb-x8-bombillas-e27\/","title":{"rendered":"KIT ASTERA LUNABULB x8 BOMBILLAS E27"},"content":{"rendered":"<p>El <strong>KIT ASTERA LUNABULB x8 BOMBILLAS E27<\/strong> es una luminaria inteligente para sets de cine y televisi\u00f3n y eventos que a\u00fana la apariencia de una bombilla cl\u00e1sica y la funcionalidad avanzada, control creativo y aplicaci\u00f3n flexible propias de los equipos LED Wireless de Astera.<\/p>\n<p>LunaBulb es una bombilla con fuente de LED Titan, una potencia de 4,25 W y un consumo de tan solo 3,3 W, casquillos E27 que se enroscan directamente en un portal\u00e1mparas con alimentaci\u00f3n 220 V.<\/p>\n<p>Ofrece la posibilidad de ajustar tanto los niveles de blanco como el color (RGB, Menta y \u00c1mbar), proporcionando la m\u00e1xima precisi\u00f3n en los tonos de piel y una iluminaci\u00f3n sin parpadeos para una gran variedad de entornos.<\/p>\n<p>Se puede controlar de forma inal\u00e1mbrica v\u00eda CRMX, la intuitiva AsteraApp, BTB o utilizando los mandos FX Remote y White Remote; siendo posible realizar la configuraci\u00f3n de forma r\u00e1pida y sencilla, ya sea individualmente o en grupo, por medio de la nueva maleta PrepCase, con capacidad para 8 LunaBulb.<\/p>\n<p>&nbsp;<\/p>\n<h3>Caracter\u00edsticas T\u00e9cnicas del KIT ASTERA LUNABULB x8 BOMBILLAS E27:<\/h3>\n<ul>\n<li>Colores: Rojo, Verde, Azul, Menta, \u00c1mbar.<\/li>\n<li>Flujo luminoso: 750lm*.<\/li>\n<li>Potencia LED total: 4,25W.<\/li>\n<li>Consumo energ\u00e9tico m\u00e1ximo: 3,3W.<\/li>\n<li>TLCI (3200-6500K)*: \u226596.<\/li>\n<li>CRI (3200-6500K)*: \u226596.<\/li>\n<li>Strobe: 0-25Hz.<\/li>\n<li>Alcance inal\u00e1mbrico: CRMX \/ UHF hasta 100 m \/ 110 yds Bluetooth hasta 3 m \/ 3,3 yds.<\/li>\n<li>P\u00edxeles: 1.<\/li>\n<\/ul>\n<p>&nbsp;<\/p>\n<p><strong>M\u00e1s informaci\u00f3n<\/strong> en la\u00a0<a href=\"https:\/\/astera-led.com\/es\/products\/lunabulb\/\">web del anunciante<\/a>.<\/p>\n<div>\n<div class=\"\">\n<p>&nbsp;<\/p>\n<\/div>\n<\/div>\n<hr \/>\n<div class=\"social-icon social-big\"><a href=\"https:\/\/www.facebook.com\/welabplus\/\" target=\"_blank\" title=\"\"><i class=\"fa fa-facebook\"><\/i><\/a><\/div>\n<div class=\"social-icon social-big\"><a href=\"https:\/\/twitter.com\/welabplus\" target=\"_blank\" title=\"\"><i class=\"fa fa-twitter\"><\/i><\/a><\/div>\n<div class=\"social-icon social-big\"><a href=\"https:\/\/www.instagram.com\/welabplus\/?hl=es\" target=\"_blank\" title=\"\"><i class=\"fa fa-instagram\"><\/i><\/a><\/div>\n<div class=\"social-icon social-big\"><a href=\"https:\/\/www.linkedin.com\/company\/welabplus\" target=\"_blank\" title=\"\"><i class=\"fa fa-linkedin\"><\/i><\/a><\/div>\n","protected":false},"excerpt":{"rendered":"<p>El KIT ASTERA LUNABULB x8 BOMBILLAS E27 es una luminaria inteligente para sets de cine y televisi\u00f3n y eventos que [&hellip;]<\/p>\n","protected":false},"featured_media":28477,"comment_status":"closed","ping_status":"closed","template":"","meta":{"_acf_changed":false,"inline_featured_image":false},"product_brand":[],"product_cat":[6296],"product_tag":[],"class_list":{"0":"post-28475","1":"product","2":"type-product","3":"status-publish","4":"has-post-thumbnail","6":"product_cat-bombillas","8":"first","9":"instock","10":"shipping-taxable","11":"purchasable","12":"product-type-simple"},"acf":[],"yoast_head":"<!-- This site is optimized with the Yoast SEO plugin v26.2 - https:\/\/yoast.com\/wordpress\/plugins\/seo\/ -->\n<title>KIT ASTERA LUNABULB x8 BOMBILLAS E27 - Wevision<\/title>\n<meta name=\"description\" content=\"El KIT ASTERA LUNABULB x8 BOMBILLAS E27 es una luminaria inteligente para sets de cine y televisi\u00f3n y eventos que a\u00fana la apariencia de una bombilla cl\u00e1s...\" \/>\n<meta name=\"robots\" content=\"index, follow, max-snippet:-1, max-image-preview:large, max-video-preview:-1\" \/>\n<link rel=\"canonical\" href=\"https:\/\/welabplus.com\/wevision\/catalogo\/led\/bombillas\/kit-astera-lunabulb-x8-bombillas-e27\/\" \/>\n<meta property=\"og:locale\" content=\"es_ES\" \/>\n<meta property=\"og:type\" content=\"article\" \/>\n<meta property=\"og:title\" content=\"KIT ASTERA LUNABULB x8 BOMBILLAS E27 - Wevision\" \/>\n<meta property=\"og:description\" content=\"El KIT ASTERA LUNABULB x8 BOMBILLAS E27 es una luminaria inteligente para sets de cine y televisi\u00f3n y eventos que a\u00fana la apariencia de una bombilla cl\u00e1s...\" \/>\n<meta property=\"og:url\" content=\"https:\/\/welabplus.com\/wevision\/catalogo\/led\/bombillas\/kit-astera-lunabulb-x8-bombillas-e27\/\" \/>\n<meta property=\"og:site_name\" content=\"Wevision\" \/>\n<meta property=\"article:publisher\" content=\"https:\/\/www.facebook.com\/welab.es\/\" \/>\n<meta property=\"article:modified_time\" content=\"2026-02-23T09:33:20+00:00\" \/>\n<meta property=\"og:image\" content=\"https:\/\/welabplus.com\/wevision\/wp-content\/uploads\/2026\/02\/ALQUILER-KIT-ASTERA-LUNABULB-x8-BOMBILLAS-E27-WEVISION.jpg\" \/>\n\t<meta property=\"og:image:width\" content=\"933\" \/>\n\t<meta property=\"og:image:height\" content=\"557\" \/>\n\t<meta property=\"og:image:type\" content=\"image\/jpeg\" \/>\n<meta name=\"twitter:card\" content=\"summary_large_image\" \/>\n<meta name=\"twitter:site\" content=\"@welabspain\" \/>\n<meta name=\"twitter:label1\" content=\"Tiempo de lectura\" \/>\n\t<meta name=\"twitter:data1\" content=\"2 minutos\" \/>\n<script type=\"application\/ld+json\" class=\"yoast-schema-graph\">{\"@context\":\"https:\/\/schema.org\",\"@graph\":[{\"@type\":\"WebPage\",\"@id\":\"https:\/\/welabplus.com\/wevision\/catalogo\/led\/bombillas\/kit-astera-lunabulb-x8-bombillas-e27\/\",\"url\":\"https:\/\/welabplus.com\/wevision\/catalogo\/led\/bombillas\/kit-astera-lunabulb-x8-bombillas-e27\/\",\"name\":\"KIT ASTERA LUNABULB x8 BOMBILLAS E27 - Wevision\",\"isPartOf\":{\"@id\":\"https:\/\/welabplus.com\/wevision\/#website\"},\"primaryImageOfPage\":{\"@id\":\"https:\/\/welabplus.com\/wevision\/catalogo\/led\/bombillas\/kit-astera-lunabulb-x8-bombillas-e27\/#primaryimage\"},\"image\":{\"@id\":\"https:\/\/welabplus.com\/wevision\/catalogo\/led\/bombillas\/kit-astera-lunabulb-x8-bombillas-e27\/#primaryimage\"},\"thumbnailUrl\":\"https:\/\/welabplus.com\/wevision\/wp-content\/uploads\/2026\/02\/ALQUILER-KIT-ASTERA-LUNABULB-x8-BOMBILLAS-E27-WEVISION.jpg\",\"datePublished\":\"2026-02-06T11:36:20+00:00\",\"dateModified\":\"2026-02-23T09:33:20+00:00\",\"description\":\"El KIT ASTERA LUNABULB x8 BOMBILLAS E27 es una luminaria inteligente para sets de cine y televisi\u00f3n y eventos que a\u00fana la apariencia de una bombilla cl\u00e1s...\",\"breadcrumb\":{\"@id\":\"https:\/\/welabplus.com\/wevision\/catalogo\/led\/bombillas\/kit-astera-lunabulb-x8-bombillas-e27\/#breadcrumb\"},\"inLanguage\":\"es\",\"potentialAction\":[{\"@type\":\"ReadAction\",\"target\":[\"https:\/\/welabplus.com\/wevision\/catalogo\/led\/bombillas\/kit-astera-lunabulb-x8-bombillas-e27\/\"]}]},{\"@type\":\"ImageObject\",\"inLanguage\":\"es\",\"@id\":\"https:\/\/welabplus.com\/wevision\/catalogo\/led\/bombillas\/kit-astera-lunabulb-x8-bombillas-e27\/#primaryimage\",\"url\":\"https:\/\/welabplus.com\/wevision\/wp-content\/uploads\/2026\/02\/ALQUILER-KIT-ASTERA-LUNABULB-x8-BOMBILLAS-E27-WEVISION.jpg\",\"contentUrl\":\"https:\/\/welabplus.com\/wevision\/wp-content\/uploads\/2026\/02\/ALQUILER-KIT-ASTERA-LUNABULB-x8-BOMBILLAS-E27-WEVISION.jpg\",\"width\":933,\"height\":557,\"caption\":\"ALQUILER KIT ASTERA LUNABULB x8 BOMBILLAS E27 WEVISION\"},{\"@type\":\"BreadcrumbList\",\"@id\":\"https:\/\/welabplus.com\/wevision\/catalogo\/led\/bombillas\/kit-astera-lunabulb-x8-bombillas-e27\/#breadcrumb\",\"itemListElement\":[{\"@type\":\"ListItem\",\"position\":1,\"name\":\"Portada\",\"item\":\"https:\/\/welabplus.com\/wevision\/\"},{\"@type\":\"ListItem\",\"position\":2,\"name\":\"Cat\u00e1logo\",\"item\":\"https:\/\/welabplus.com\/wevision\/catalogo\/\"},{\"@type\":\"ListItem\",\"position\":3,\"name\":\"KIT ASTERA LUNABULB x8 BOMBILLAS E27\"}]},{\"@type\":\"WebSite\",\"@id\":\"https:\/\/welabplus.com\/wevision\/#website\",\"url\":\"https:\/\/welabplus.com\/wevision\/\",\"name\":\"Welabplus\",\"description\":\"C\u00e1maras y lentes para cine\",\"publisher\":{\"@id\":\"https:\/\/welabplus.com\/wevision\/#organization\"},\"potentialAction\":[{\"@type\":\"SearchAction\",\"target\":{\"@type\":\"EntryPoint\",\"urlTemplate\":\"https:\/\/welabplus.com\/wevision\/?s={search_term_string}\"},\"query-input\":{\"@type\":\"PropertyValueSpecification\",\"valueRequired\":true,\"valueName\":\"search_term_string\"}}],\"inLanguage\":\"es\"},{\"@type\":\"Organization\",\"@id\":\"https:\/\/welabplus.com\/wevision\/#organization\",\"name\":\"Welab Canary Islands\",\"url\":\"https:\/\/welabplus.com\/wevision\/\",\"logo\":{\"@type\":\"ImageObject\",\"inLanguage\":\"es\",\"@id\":\"https:\/\/welabplus.com\/wevision\/#\/schema\/logo\/image\/\",\"url\":\"\",\"contentUrl\":\"\",\"caption\":\"Welab Canary Islands\"},\"image\":{\"@id\":\"https:\/\/welabplus.com\/wevision\/#\/schema\/logo\/image\/\"},\"sameAs\":[\"https:\/\/www.facebook.com\/welab.es\/\",\"https:\/\/x.com\/welabspain\"]}]}<\/script>\n<!-- \/ Yoast SEO plugin. -->","yoast_head_json":{"title":"KIT ASTERA LUNABULB x8 BOMBILLAS E27 - Wevision","description":"El KIT ASTERA LUNABULB x8 BOMBILLAS E27 es una luminaria inteligente para sets de cine y televisi\u00f3n y eventos que a\u00fana la apariencia de una bombilla cl\u00e1s...","robots":{"index":"index","follow":"follow","max-snippet":"max-snippet:-1","max-image-preview":"max-image-preview:large","max-video-preview":"max-video-preview:-1"},"canonical":"https:\/\/welabplus.com\/wevision\/catalogo\/led\/bombillas\/kit-astera-lunabulb-x8-bombillas-e27\/","og_locale":"es_ES","og_type":"article","og_title":"KIT ASTERA LUNABULB x8 BOMBILLAS E27 - Wevision","og_description":"El KIT ASTERA LUNABULB x8 BOMBILLAS E27 es una luminaria inteligente para sets de cine y televisi\u00f3n y eventos que a\u00fana la apariencia de una bombilla cl\u00e1s...","og_url":"https:\/\/welabplus.com\/wevision\/catalogo\/led\/bombillas\/kit-astera-lunabulb-x8-bombillas-e27\/","og_site_name":"Wevision","article_publisher":"https:\/\/www.facebook.com\/welab.es\/","article_modified_time":"2026-02-23T09:33:20+00:00","og_image":[{"width":933,"height":557,"url":"https:\/\/welabplus.com\/wevision\/wp-content\/uploads\/2026\/02\/ALQUILER-KIT-ASTERA-LUNABULB-x8-BOMBILLAS-E27-WEVISION.jpg","type":"image\/jpeg"}],"twitter_card":"summary_large_image","twitter_site":"@welabspain","twitter_misc":{"Tiempo de lectura":"2 minutos"},"schema":{"@context":"https:\/\/schema.org","@graph":[{"@type":"WebPage","@id":"https:\/\/welabplus.com\/wevision\/catalogo\/led\/bombillas\/kit-astera-lunabulb-x8-bombillas-e27\/","url":"https:\/\/welabplus.com\/wevision\/catalogo\/led\/bombillas\/kit-astera-lunabulb-x8-bombillas-e27\/","name":"KIT ASTERA LUNABULB x8 BOMBILLAS E27 - Wevision","isPartOf":{"@id":"https:\/\/welabplus.com\/wevision\/#website"},"primaryImageOfPage":{"@id":"https:\/\/welabplus.com\/wevision\/catalogo\/led\/bombillas\/kit-astera-lunabulb-x8-bombillas-e27\/#primaryimage"},"image":{"@id":"https:\/\/welabplus.com\/wevision\/catalogo\/led\/bombillas\/kit-astera-lunabulb-x8-bombillas-e27\/#primaryimage"},"thumbnailUrl":"https:\/\/welabplus.com\/wevision\/wp-content\/uploads\/2026\/02\/ALQUILER-KIT-ASTERA-LUNABULB-x8-BOMBILLAS-E27-WEVISION.jpg","datePublished":"2026-02-06T11:36:20+00:00","dateModified":"2026-02-23T09:33:20+00:00","description":"El KIT ASTERA LUNABULB x8 BOMBILLAS E27 es una luminaria inteligente para sets de cine y televisi\u00f3n y eventos que a\u00fana la apariencia de una bombilla cl\u00e1s...","breadcrumb":{"@id":"https:\/\/welabplus.com\/wevision\/catalogo\/led\/bombillas\/kit-astera-lunabulb-x8-bombillas-e27\/#breadcrumb"},"inLanguage":"es","potentialAction":[{"@type":"ReadAction","target":["https:\/\/welabplus.com\/wevision\/catalogo\/led\/bombillas\/kit-astera-lunabulb-x8-bombillas-e27\/"]}]},{"@type":"ImageObject","inLanguage":"es","@id":"https:\/\/welabplus.com\/wevision\/catalogo\/led\/bombillas\/kit-astera-lunabulb-x8-bombillas-e27\/#primaryimage","url":"https:\/\/welabplus.com\/wevision\/wp-content\/uploads\/2026\/02\/ALQUILER-KIT-ASTERA-LUNABULB-x8-BOMBILLAS-E27-WEVISION.jpg","contentUrl":"https:\/\/welabplus.com\/wevision\/wp-content\/uploads\/2026\/02\/ALQUILER-KIT-ASTERA-LUNABULB-x8-BOMBILLAS-E27-WEVISION.jpg","width":933,"height":557,"caption":"ALQUILER KIT ASTERA LUNABULB x8 BOMBILLAS E27 WEVISION"},{"@type":"BreadcrumbList","@id":"https:\/\/welabplus.com\/wevision\/catalogo\/led\/bombillas\/kit-astera-lunabulb-x8-bombillas-e27\/#breadcrumb","itemListElement":[{"@type":"ListItem","position":1,"name":"Portada","item":"https:\/\/welabplus.com\/wevision\/"},{"@type":"ListItem","position":2,"name":"Cat\u00e1logo","item":"https:\/\/welabplus.com\/wevision\/catalogo\/"},{"@type":"ListItem","position":3,"name":"KIT ASTERA LUNABULB x8 BOMBILLAS E27"}]},{"@type":"WebSite","@id":"https:\/\/welabplus.com\/wevision\/#website","url":"https:\/\/welabplus.com\/wevision\/","name":"Welabplus","description":"C\u00e1maras y lentes para cine","publisher":{"@id":"https:\/\/welabplus.com\/wevision\/#organization"},"potentialAction":[{"@type":"SearchAction","target":{"@type":"EntryPoint","urlTemplate":"https:\/\/welabplus.com\/wevision\/?s={search_term_string}"},"query-input":{"@type":"PropertyValueSpecification","valueRequired":true,"valueName":"search_term_string"}}],"inLanguage":"es"},{"@type":"Organization","@id":"https:\/\/welabplus.com\/wevision\/#organization","name":"Welab Canary Islands","url":"https:\/\/welabplus.com\/wevision\/","logo":{"@type":"ImageObject","inLanguage":"es","@id":"https:\/\/welabplus.com\/wevision\/#\/schema\/logo\/image\/","url":"","contentUrl":"","caption":"Welab Canary Islands"},"image":{"@id":"https:\/\/welabplus.com\/wevision\/#\/schema\/logo\/image\/"},"sameAs":["https:\/\/www.facebook.com\/welab.es\/","https:\/\/x.com\/welabspain"]}]}},"_links":{"self":[{"href":"https:\/\/welabplus.com\/wevision\/wp-json\/wp\/v2\/product\/28475","targetHints":{"allow":["GET"]}}],"collection":[{"href":"https:\/\/welabplus.com\/wevision\/wp-json\/wp\/v2\/product"}],"about":[{"href":"https:\/\/welabplus.com\/wevision\/wp-json\/wp\/v2\/types\/product"}],"replies":[{"embeddable":true,"href":"https:\/\/welabplus.com\/wevision\/wp-json\/wp\/v2\/comments?post=28475"}],"wp:featuredmedia":[{"embeddable":true,"href":"https:\/\/welabplus.com\/wevision\/wp-json\/wp\/v2\/media\/28477"}],"wp:attachment":[{"href":"https:\/\/welabplus.com\/wevision\/wp-json\/wp\/v2\/media?parent=28475"}],"wp:term":[{"taxonomy":"product_brand","embeddable":true,"href":"https:\/\/welabplus.com\/wevision\/wp-json\/wp\/v2\/product_brand?post=28475"},{"taxonomy":"product_cat","embeddable":true,"href":"https:\/\/welabplus.com\/wevision\/wp-json\/wp\/v2\/product_cat?post=28475"},{"taxonomy":"product_tag","embeddable":true,"href":"https:\/\/welabplus.com\/wevision\/wp-json\/wp\/v2\/product_tag?post=28475"}],"curies":[{"name":"wp","href":"https:\/\/api.w.org\/{rel}","templated":true}]}}