{"id":28453,"date":"2026-01-26T12:58:06","date_gmt":"2026-01-26T11:58:06","guid":{"rendered":"https:\/\/welabplus.com\/wevision\/?post_type=product&#038;p=28453"},"modified":"2026-01-26T12:58:06","modified_gmt":"2026-01-26T11:58:06","slug":"flash-profoto-d1-500-air","status":"publish","type":"product","link":"https:\/\/welabplus.com\/wevision\/catalogo\/flash\/cabezas-flash\/flash-profoto-d1-500-air\/","title":{"rendered":"FLASH PROFOTO D1 500 AIR"},"content":{"rendered":"<p>Con el <strong>FLASH PROFOTO D1 500 AIR,<\/strong> sabes exactamente lo que obtendr\u00e1s. Es un s\u00f3lido todoterreno que ofrece el mejor rendimiento de su clase en todo momento, lo que lo convierte en un fant\u00e1stico flash compacto para iniciarse. Por eso miles de fot\u00f3grafos satisfechos de todo el mundo conf\u00edan en \u00e9l para obtener una potencia consistente, resultados en color y fiabilidad. Gracias a su rango de potencia de 7 f-stop y a la breve duraci\u00f3n del flash, su rendimiento es tan bueno como muchos de los generadores de estudio de alta gama. Si buscas un producto contrastado y fiable que no te defraude, no busques m\u00e1s: tienes el <strong>D1.<\/strong><\/p>\n<p>&nbsp;<\/p>\n<h3 class=\"font-bold\">Caracter\u00edsticas T\u00e9cnicas del PROFOTO PROTUNGSTENO AIR:<\/h3>\n<ul class=\"pt-3xl pl-xl list-disc\">\n<li class=\"mb-2\">Compacto y ligero.<\/li>\n<li class=\"mb-2\">Fiable, duradero y robusto.<\/li>\n<li class=\"mb-2\">Proporciona 250, 500 y 1000\u00a0W por encima de un rango de potencia de 7 f-stop ajustable en pasos de 1\/10 f-stop.<\/li>\n<li class=\"mb-2\">Corta duraci\u00f3n de flash incluso con ajustes de alta potencia.<\/li>\n<li class=\"mb-2\">Puede controlarse de forma inal\u00e1mbrica desde un rango de hasta 300 m con cualquier Air Remote opcional.<\/li>\n<li class=\"mb-2\">Gracias a su reflector integrado, ofrece un control y una calidad de la luz superiores.<\/li>\n<li class=\"mb-2\">Interfaz de usuario sencilla e intuitiva.<\/li>\n<li class=\"mb-2\">Compatible con m\u00e1s de 120 Light Shaping Tools de Profoto.<\/li>\n<\/ul>\n<p>&nbsp;<\/p>\n<p><strong>M\u00e1s informaci\u00f3n<\/strong> en la\u00a0<a href=\"https:\/\/www.profoto.com\/es\/es\/shop\/products\/lights\/monolights\/mains-powered\/d1-500-air3\/\">web del anunciante.<\/a><\/p>\n<div>\n<div class=\"\">\n<p>&nbsp;<\/p>\n<\/div>\n<\/div>\n<hr \/>\n<div class=\"social-icon social-big\"><a href=\"https:\/\/www.facebook.com\/welabplus\/\" target=\"_blank\" title=\"\"><i class=\"fa fa-facebook\"><\/i><\/a><\/div>\n<div class=\"social-icon social-big\"><a href=\"https:\/\/twitter.com\/welabplus\" target=\"_blank\" title=\"\"><i class=\"fa fa-twitter\"><\/i><\/a><\/div>\n<div class=\"social-icon social-big\"><a href=\"https:\/\/www.instagram.com\/welabplus\/?hl=es\" target=\"_blank\" title=\"\"><i class=\"fa fa-instagram\"><\/i><\/a><\/div>\n<div class=\"social-icon social-big\"><a href=\"https:\/\/www.linkedin.com\/company\/welabplus\" target=\"_blank\" title=\"\"><i class=\"fa fa-linkedin\"><\/i><\/a><\/div>\n","protected":false},"excerpt":{"rendered":"<p>Con el FLASH PROFOTO D1 500 AIR, sabes exactamente lo que obtendr\u00e1s. Es un s\u00f3lido todoterreno que ofrece el mejor [&hellip;]<\/p>\n","protected":false},"featured_media":28454,"comment_status":"closed","ping_status":"closed","template":"","meta":{"_acf_changed":false,"inline_featured_image":false},"product_brand":[],"product_cat":[9306],"product_tag":[],"class_list":{"0":"post-28453","1":"product","2":"type-product","3":"status-publish","4":"has-post-thumbnail","6":"product_cat-cabezas-flash","8":"first","9":"instock","10":"shipping-taxable","11":"purchasable","12":"product-type-simple"},"acf":[],"yoast_head":"<!-- This site is optimized with the Yoast SEO plugin v26.2 - https:\/\/yoast.com\/wordpress\/plugins\/seo\/ -->\n<title>FLASH PROFOTO D1 500 AIR - Wevision<\/title>\n<meta name=\"description\" content=\"Con el FLASH PROFOTO D1 500 AIR, sabes exactamente lo que obtendr\u00e1s. Es un s\u00f3lido todoterreno que ofrece el mejor rendimiento de su clase en todo momento...\" \/>\n<meta name=\"robots\" content=\"index, follow, max-snippet:-1, max-image-preview:large, max-video-preview:-1\" \/>\n<link rel=\"canonical\" href=\"https:\/\/welabplus.com\/wevision\/catalogo\/flash\/cabezas-flash\/flash-profoto-d1-500-air\/\" \/>\n<meta property=\"og:locale\" content=\"es_ES\" \/>\n<meta property=\"og:type\" content=\"article\" \/>\n<meta property=\"og:title\" content=\"FLASH PROFOTO D1 500 AIR - Wevision\" \/>\n<meta property=\"og:description\" content=\"Con el FLASH PROFOTO D1 500 AIR, sabes exactamente lo que obtendr\u00e1s. Es un s\u00f3lido todoterreno que ofrece el mejor rendimiento de su clase en todo momento...\" \/>\n<meta property=\"og:url\" content=\"https:\/\/welabplus.com\/wevision\/catalogo\/flash\/cabezas-flash\/flash-profoto-d1-500-air\/\" \/>\n<meta property=\"og:site_name\" content=\"Wevision\" \/>\n<meta property=\"article:publisher\" content=\"https:\/\/www.facebook.com\/welab.es\/\" \/>\n<meta property=\"og:image\" content=\"https:\/\/welabplus.com\/wevision\/wp-content\/uploads\/2026\/01\/ALQUILER-FLASH-PROFOTO-D1-500-AIR-WEVISION.jpg\" \/>\n\t<meta property=\"og:image:width\" content=\"933\" \/>\n\t<meta property=\"og:image:height\" content=\"557\" \/>\n\t<meta property=\"og:image:type\" content=\"image\/jpeg\" \/>\n<meta name=\"twitter:card\" content=\"summary_large_image\" \/>\n<meta name=\"twitter:site\" content=\"@welabspain\" \/>\n<meta name=\"twitter:label1\" content=\"Tiempo de lectura\" \/>\n\t<meta name=\"twitter:data1\" content=\"2 minutos\" \/>\n<script type=\"application\/ld+json\" class=\"yoast-schema-graph\">{\"@context\":\"https:\/\/schema.org\",\"@graph\":[{\"@type\":\"WebPage\",\"@id\":\"https:\/\/welabplus.com\/wevision\/catalogo\/flash\/cabezas-flash\/flash-profoto-d1-500-air\/\",\"url\":\"https:\/\/welabplus.com\/wevision\/catalogo\/flash\/cabezas-flash\/flash-profoto-d1-500-air\/\",\"name\":\"FLASH PROFOTO D1 500 AIR - Wevision\",\"isPartOf\":{\"@id\":\"https:\/\/welabplus.com\/wevision\/#website\"},\"primaryImageOfPage\":{\"@id\":\"https:\/\/welabplus.com\/wevision\/catalogo\/flash\/cabezas-flash\/flash-profoto-d1-500-air\/#primaryimage\"},\"image\":{\"@id\":\"https:\/\/welabplus.com\/wevision\/catalogo\/flash\/cabezas-flash\/flash-profoto-d1-500-air\/#primaryimage\"},\"thumbnailUrl\":\"https:\/\/welabplus.com\/wevision\/wp-content\/uploads\/2026\/01\/ALQUILER-FLASH-PROFOTO-D1-500-AIR-WEVISION.jpg\",\"datePublished\":\"2026-01-26T11:58:06+00:00\",\"description\":\"Con el FLASH PROFOTO D1 500 AIR, sabes exactamente lo que obtendr\u00e1s. Es un s\u00f3lido todoterreno que ofrece el mejor rendimiento de su clase en todo momento...\",\"breadcrumb\":{\"@id\":\"https:\/\/welabplus.com\/wevision\/catalogo\/flash\/cabezas-flash\/flash-profoto-d1-500-air\/#breadcrumb\"},\"inLanguage\":\"es\",\"potentialAction\":[{\"@type\":\"ReadAction\",\"target\":[\"https:\/\/welabplus.com\/wevision\/catalogo\/flash\/cabezas-flash\/flash-profoto-d1-500-air\/\"]}]},{\"@type\":\"ImageObject\",\"inLanguage\":\"es\",\"@id\":\"https:\/\/welabplus.com\/wevision\/catalogo\/flash\/cabezas-flash\/flash-profoto-d1-500-air\/#primaryimage\",\"url\":\"https:\/\/welabplus.com\/wevision\/wp-content\/uploads\/2026\/01\/ALQUILER-FLASH-PROFOTO-D1-500-AIR-WEVISION.jpg\",\"contentUrl\":\"https:\/\/welabplus.com\/wevision\/wp-content\/uploads\/2026\/01\/ALQUILER-FLASH-PROFOTO-D1-500-AIR-WEVISION.jpg\",\"width\":933,\"height\":557,\"caption\":\"ALQUILER FLASH PROFOTO D1 500 AIR WEVISION\"},{\"@type\":\"BreadcrumbList\",\"@id\":\"https:\/\/welabplus.com\/wevision\/catalogo\/flash\/cabezas-flash\/flash-profoto-d1-500-air\/#breadcrumb\",\"itemListElement\":[{\"@type\":\"ListItem\",\"position\":1,\"name\":\"Portada\",\"item\":\"https:\/\/welabplus.com\/wevision\/\"},{\"@type\":\"ListItem\",\"position\":2,\"name\":\"Cat\u00e1logo\",\"item\":\"https:\/\/welabplus.com\/wevision\/catalogo\/\"},{\"@type\":\"ListItem\",\"position\":3,\"name\":\"FLASH PROFOTO D1 500 AIR\"}]},{\"@type\":\"WebSite\",\"@id\":\"https:\/\/welabplus.com\/wevision\/#website\",\"url\":\"https:\/\/welabplus.com\/wevision\/\",\"name\":\"Welabplus\",\"description\":\"C\u00e1maras y lentes para cine\",\"publisher\":{\"@id\":\"https:\/\/welabplus.com\/wevision\/#organization\"},\"potentialAction\":[{\"@type\":\"SearchAction\",\"target\":{\"@type\":\"EntryPoint\",\"urlTemplate\":\"https:\/\/welabplus.com\/wevision\/?s={search_term_string}\"},\"query-input\":{\"@type\":\"PropertyValueSpecification\",\"valueRequired\":true,\"valueName\":\"search_term_string\"}}],\"inLanguage\":\"es\"},{\"@type\":\"Organization\",\"@id\":\"https:\/\/welabplus.com\/wevision\/#organization\",\"name\":\"Welab Canary Islands\",\"url\":\"https:\/\/welabplus.com\/wevision\/\",\"logo\":{\"@type\":\"ImageObject\",\"inLanguage\":\"es\",\"@id\":\"https:\/\/welabplus.com\/wevision\/#\/schema\/logo\/image\/\",\"url\":\"\",\"contentUrl\":\"\",\"caption\":\"Welab Canary Islands\"},\"image\":{\"@id\":\"https:\/\/welabplus.com\/wevision\/#\/schema\/logo\/image\/\"},\"sameAs\":[\"https:\/\/www.facebook.com\/welab.es\/\",\"https:\/\/x.com\/welabspain\"]}]}<\/script>\n<!-- \/ Yoast SEO plugin. -->","yoast_head_json":{"title":"FLASH PROFOTO D1 500 AIR - Wevision","description":"Con el FLASH PROFOTO D1 500 AIR, sabes exactamente lo que obtendr\u00e1s. Es un s\u00f3lido todoterreno que ofrece el mejor rendimiento de su clase en todo momento...","robots":{"index":"index","follow":"follow","max-snippet":"max-snippet:-1","max-image-preview":"max-image-preview:large","max-video-preview":"max-video-preview:-1"},"canonical":"https:\/\/welabplus.com\/wevision\/catalogo\/flash\/cabezas-flash\/flash-profoto-d1-500-air\/","og_locale":"es_ES","og_type":"article","og_title":"FLASH PROFOTO D1 500 AIR - Wevision","og_description":"Con el FLASH PROFOTO D1 500 AIR, sabes exactamente lo que obtendr\u00e1s. Es un s\u00f3lido todoterreno que ofrece el mejor rendimiento de su clase en todo momento...","og_url":"https:\/\/welabplus.com\/wevision\/catalogo\/flash\/cabezas-flash\/flash-profoto-d1-500-air\/","og_site_name":"Wevision","article_publisher":"https:\/\/www.facebook.com\/welab.es\/","og_image":[{"width":933,"height":557,"url":"https:\/\/welabplus.com\/wevision\/wp-content\/uploads\/2026\/01\/ALQUILER-FLASH-PROFOTO-D1-500-AIR-WEVISION.jpg","type":"image\/jpeg"}],"twitter_card":"summary_large_image","twitter_site":"@welabspain","twitter_misc":{"Tiempo de lectura":"2 minutos"},"schema":{"@context":"https:\/\/schema.org","@graph":[{"@type":"WebPage","@id":"https:\/\/welabplus.com\/wevision\/catalogo\/flash\/cabezas-flash\/flash-profoto-d1-500-air\/","url":"https:\/\/welabplus.com\/wevision\/catalogo\/flash\/cabezas-flash\/flash-profoto-d1-500-air\/","name":"FLASH PROFOTO D1 500 AIR - Wevision","isPartOf":{"@id":"https:\/\/welabplus.com\/wevision\/#website"},"primaryImageOfPage":{"@id":"https:\/\/welabplus.com\/wevision\/catalogo\/flash\/cabezas-flash\/flash-profoto-d1-500-air\/#primaryimage"},"image":{"@id":"https:\/\/welabplus.com\/wevision\/catalogo\/flash\/cabezas-flash\/flash-profoto-d1-500-air\/#primaryimage"},"thumbnailUrl":"https:\/\/welabplus.com\/wevision\/wp-content\/uploads\/2026\/01\/ALQUILER-FLASH-PROFOTO-D1-500-AIR-WEVISION.jpg","datePublished":"2026-01-26T11:58:06+00:00","description":"Con el FLASH PROFOTO D1 500 AIR, sabes exactamente lo que obtendr\u00e1s. Es un s\u00f3lido todoterreno que ofrece el mejor rendimiento de su clase en todo momento...","breadcrumb":{"@id":"https:\/\/welabplus.com\/wevision\/catalogo\/flash\/cabezas-flash\/flash-profoto-d1-500-air\/#breadcrumb"},"inLanguage":"es","potentialAction":[{"@type":"ReadAction","target":["https:\/\/welabplus.com\/wevision\/catalogo\/flash\/cabezas-flash\/flash-profoto-d1-500-air\/"]}]},{"@type":"ImageObject","inLanguage":"es","@id":"https:\/\/welabplus.com\/wevision\/catalogo\/flash\/cabezas-flash\/flash-profoto-d1-500-air\/#primaryimage","url":"https:\/\/welabplus.com\/wevision\/wp-content\/uploads\/2026\/01\/ALQUILER-FLASH-PROFOTO-D1-500-AIR-WEVISION.jpg","contentUrl":"https:\/\/welabplus.com\/wevision\/wp-content\/uploads\/2026\/01\/ALQUILER-FLASH-PROFOTO-D1-500-AIR-WEVISION.jpg","width":933,"height":557,"caption":"ALQUILER FLASH PROFOTO D1 500 AIR WEVISION"},{"@type":"BreadcrumbList","@id":"https:\/\/welabplus.com\/wevision\/catalogo\/flash\/cabezas-flash\/flash-profoto-d1-500-air\/#breadcrumb","itemListElement":[{"@type":"ListItem","position":1,"name":"Portada","item":"https:\/\/welabplus.com\/wevision\/"},{"@type":"ListItem","position":2,"name":"Cat\u00e1logo","item":"https:\/\/welabplus.com\/wevision\/catalogo\/"},{"@type":"ListItem","position":3,"name":"FLASH PROFOTO D1 500 AIR"}]},{"@type":"WebSite","@id":"https:\/\/welabplus.com\/wevision\/#website","url":"https:\/\/welabplus.com\/wevision\/","name":"Welabplus","description":"C\u00e1maras y lentes para cine","publisher":{"@id":"https:\/\/welabplus.com\/wevision\/#organization"},"potentialAction":[{"@type":"SearchAction","target":{"@type":"EntryPoint","urlTemplate":"https:\/\/welabplus.com\/wevision\/?s={search_term_string}"},"query-input":{"@type":"PropertyValueSpecification","valueRequired":true,"valueName":"search_term_string"}}],"inLanguage":"es"},{"@type":"Organization","@id":"https:\/\/welabplus.com\/wevision\/#organization","name":"Welab Canary Islands","url":"https:\/\/welabplus.com\/wevision\/","logo":{"@type":"ImageObject","inLanguage":"es","@id":"https:\/\/welabplus.com\/wevision\/#\/schema\/logo\/image\/","url":"","contentUrl":"","caption":"Welab Canary Islands"},"image":{"@id":"https:\/\/welabplus.com\/wevision\/#\/schema\/logo\/image\/"},"sameAs":["https:\/\/www.facebook.com\/welab.es\/","https:\/\/x.com\/welabspain"]}]}},"_links":{"self":[{"href":"https:\/\/welabplus.com\/wevision\/wp-json\/wp\/v2\/product\/28453","targetHints":{"allow":["GET"]}}],"collection":[{"href":"https:\/\/welabplus.com\/wevision\/wp-json\/wp\/v2\/product"}],"about":[{"href":"https:\/\/welabplus.com\/wevision\/wp-json\/wp\/v2\/types\/product"}],"replies":[{"embeddable":true,"href":"https:\/\/welabplus.com\/wevision\/wp-json\/wp\/v2\/comments?post=28453"}],"wp:featuredmedia":[{"embeddable":true,"href":"https:\/\/welabplus.com\/wevision\/wp-json\/wp\/v2\/media\/28454"}],"wp:attachment":[{"href":"https:\/\/welabplus.com\/wevision\/wp-json\/wp\/v2\/media?parent=28453"}],"wp:term":[{"taxonomy":"product_brand","embeddable":true,"href":"https:\/\/welabplus.com\/wevision\/wp-json\/wp\/v2\/product_brand?post=28453"},{"taxonomy":"product_cat","embeddable":true,"href":"https:\/\/welabplus.com\/wevision\/wp-json\/wp\/v2\/product_cat?post=28453"},{"taxonomy":"product_tag","embeddable":true,"href":"https:\/\/welabplus.com\/wevision\/wp-json\/wp\/v2\/product_tag?post=28453"}],"curies":[{"name":"wp","href":"https:\/\/api.w.org\/{rel}","templated":true}]}}