{"id":28449,"date":"2026-01-26T12:57:13","date_gmt":"2026-01-26T11:57:13","guid":{"rendered":"https:\/\/welabplus.com\/wevision\/?post_type=product&#038;p=28449"},"modified":"2026-03-18T16:35:48","modified_gmt":"2026-03-18T15:35:48","slug":"profoto-protungsteno-air","status":"publish","type":"product","link":"https:\/\/welabplus.com\/wevision\/catalogo\/tungsteno\/open-face\/profoto-protungsteno-air\/","title":{"rendered":"PROFOTO PROTUNGSTENO AIR"},"content":{"rendered":"<p>El <strong>PROFOTO PROTUNGSTENO AIR<\/strong> aut\u00f3nomo es ideal para crear luz con car\u00e1cter o mejorar la iluminaci\u00f3n interior. Proporciona una luz blanca que aumenta en calidez al difuminarse. Las luces se pueden regular hasta un 10 % menos y controlarse de forma remota desde un Air Remote. El ProTungsten se conecta directamente a una toma de pared sin necesidad de ballast.<\/p>\n<div><\/div>\n<h3 class=\"font-bold\">Caracter\u00edsticas T\u00e9cnicas del PROFOTO PROTUNGSTENO AIR:<\/h3>\n<ul class=\"pt-3xl pl-xl list-disc\">\n<li class=\"mb-2\">Compacta y ligera.<\/li>\n<li class=\"mb-2\">Bombilla hal\u00f3gena intercambiable de 500 o 1000\u00a0W (no incluida).<\/li>\n<li class=\"mb-2\">Regulable hasta un 10 % menos.<\/li>\n<li class=\"mb-2\">Ventilador de refrigeraci\u00f3n especialmente silencioso.<\/li>\n<li class=\"mb-2\">Control inal\u00e1mbrico desde un Air Remote.<\/li>\n<li class=\"mb-2\">Presenta un uso seguro gracias a la cubierta de protecci\u00f3n de cristal extragrueso.<\/li>\n<li class=\"mb-2\">Compatible con una amplia variedad de Light Shaping Tools.<\/li>\n<\/ul>\n<p>&nbsp;<\/p>\n<p><strong>M\u00e1s informaci\u00f3n<\/strong> en la\u00a0<a href=\"https:\/\/www.profoto.com\/de\/es\/shop\/products\/lights\/continuous-lights\/protungsten-air\/\">web del anunciante.<\/a><\/p>\n<div>\n<div class=\"\">\n<p>&nbsp;<\/p>\n<\/div>\n<\/div>\n<hr \/>\n<div class=\"social-icon social-big\"><a href=\"https:\/\/www.facebook.com\/welabplus\/\" target=\"_blank\" title=\"\"><i class=\"fa fa-facebook\"><\/i><\/a><\/div>\n<div class=\"social-icon social-big\"><a href=\"https:\/\/twitter.com\/welabplus\" target=\"_blank\" title=\"\"><i class=\"fa fa-twitter\"><\/i><\/a><\/div>\n<div class=\"social-icon social-big\"><a href=\"https:\/\/www.instagram.com\/welabplus\/?hl=es\" target=\"_blank\" title=\"\"><i class=\"fa fa-instagram\"><\/i><\/a><\/div>\n<div class=\"social-icon social-big\"><a href=\"https:\/\/www.linkedin.com\/company\/welabplus\" target=\"_blank\" title=\"\"><i class=\"fa fa-linkedin\"><\/i><\/a><\/div>\n","protected":false},"excerpt":{"rendered":"<p>El PROFOTO PROTUNGSTENO AIR aut\u00f3nomo es ideal para crear luz con car\u00e1cter o mejorar la iluminaci\u00f3n interior. Proporciona una luz [&hellip;]<\/p>\n","protected":false},"featured_media":28450,"comment_status":"closed","ping_status":"closed","template":"","meta":{"_acf_changed":false,"inline_featured_image":false},"product_brand":[],"product_cat":[9298],"product_tag":[],"class_list":{"0":"post-28449","1":"product","2":"type-product","3":"status-publish","4":"has-post-thumbnail","6":"product_cat-open-face","8":"first","9":"instock","10":"shipping-taxable","11":"purchasable","12":"product-type-simple"},"acf":[],"yoast_head":"<!-- This site is optimized with the Yoast SEO plugin v26.2 - https:\/\/yoast.com\/wordpress\/plugins\/seo\/ -->\n<title>PROFOTO PROTUNGSTENO AIR - Wevision<\/title>\n<meta name=\"description\" content=\"El PROFOTO PROTUNGSTENO AIR aut\u00f3nomo es ideal para crear luz con car\u00e1cter o mejorar la iluminaci\u00f3n interior. Proporciona una luz blanca que aumenta en ca...\" \/>\n<meta name=\"robots\" content=\"index, follow, max-snippet:-1, max-image-preview:large, max-video-preview:-1\" \/>\n<link rel=\"canonical\" href=\"https:\/\/welabplus.com\/wevision\/catalogo\/tungsteno\/open-face\/profoto-protungsteno-air\/\" \/>\n<meta property=\"og:locale\" content=\"es_ES\" \/>\n<meta property=\"og:type\" content=\"article\" \/>\n<meta property=\"og:title\" content=\"PROFOTO PROTUNGSTENO AIR - Wevision\" \/>\n<meta property=\"og:description\" content=\"El PROFOTO PROTUNGSTENO AIR aut\u00f3nomo es ideal para crear luz con car\u00e1cter o mejorar la iluminaci\u00f3n interior. Proporciona una luz blanca que aumenta en ca...\" \/>\n<meta property=\"og:url\" content=\"https:\/\/welabplus.com\/wevision\/catalogo\/tungsteno\/open-face\/profoto-protungsteno-air\/\" \/>\n<meta property=\"og:site_name\" content=\"Wevision\" \/>\n<meta property=\"article:publisher\" content=\"https:\/\/www.facebook.com\/welab.es\/\" \/>\n<meta property=\"article:modified_time\" content=\"2026-03-18T15:35:48+00:00\" \/>\n<meta property=\"og:image\" content=\"https:\/\/welabplus.com\/wevision\/wp-content\/uploads\/2026\/01\/ALQUILER-PROFOTO-PROTUNGSTENO-AIR-WEVISION.jpg\" \/>\n\t<meta property=\"og:image:width\" content=\"933\" \/>\n\t<meta property=\"og:image:height\" content=\"557\" \/>\n\t<meta property=\"og:image:type\" content=\"image\/jpeg\" \/>\n<meta name=\"twitter:card\" content=\"summary_large_image\" \/>\n<meta name=\"twitter:site\" content=\"@welabspain\" \/>\n<meta name=\"twitter:label1\" content=\"Tiempo de lectura\" \/>\n\t<meta name=\"twitter:data1\" content=\"1 minuto\" \/>\n<script type=\"application\/ld+json\" class=\"yoast-schema-graph\">{\"@context\":\"https:\/\/schema.org\",\"@graph\":[{\"@type\":\"WebPage\",\"@id\":\"https:\/\/welabplus.com\/wevision\/catalogo\/tungsteno\/open-face\/profoto-protungsteno-air\/\",\"url\":\"https:\/\/welabplus.com\/wevision\/catalogo\/tungsteno\/open-face\/profoto-protungsteno-air\/\",\"name\":\"PROFOTO PROTUNGSTENO AIR - Wevision\",\"isPartOf\":{\"@id\":\"https:\/\/welabplus.com\/wevision\/#website\"},\"primaryImageOfPage\":{\"@id\":\"https:\/\/welabplus.com\/wevision\/catalogo\/tungsteno\/open-face\/profoto-protungsteno-air\/#primaryimage\"},\"image\":{\"@id\":\"https:\/\/welabplus.com\/wevision\/catalogo\/tungsteno\/open-face\/profoto-protungsteno-air\/#primaryimage\"},\"thumbnailUrl\":\"https:\/\/welabplus.com\/wevision\/wp-content\/uploads\/2026\/01\/ALQUILER-PROFOTO-PROTUNGSTENO-AIR-WEVISION.jpg\",\"datePublished\":\"2026-01-26T11:57:13+00:00\",\"dateModified\":\"2026-03-18T15:35:48+00:00\",\"description\":\"El PROFOTO PROTUNGSTENO AIR aut\u00f3nomo es ideal para crear luz con car\u00e1cter o mejorar la iluminaci\u00f3n interior. Proporciona una luz blanca que aumenta en ca...\",\"breadcrumb\":{\"@id\":\"https:\/\/welabplus.com\/wevision\/catalogo\/tungsteno\/open-face\/profoto-protungsteno-air\/#breadcrumb\"},\"inLanguage\":\"es\",\"potentialAction\":[{\"@type\":\"ReadAction\",\"target\":[\"https:\/\/welabplus.com\/wevision\/catalogo\/tungsteno\/open-face\/profoto-protungsteno-air\/\"]}]},{\"@type\":\"ImageObject\",\"inLanguage\":\"es\",\"@id\":\"https:\/\/welabplus.com\/wevision\/catalogo\/tungsteno\/open-face\/profoto-protungsteno-air\/#primaryimage\",\"url\":\"https:\/\/welabplus.com\/wevision\/wp-content\/uploads\/2026\/01\/ALQUILER-PROFOTO-PROTUNGSTENO-AIR-WEVISION.jpg\",\"contentUrl\":\"https:\/\/welabplus.com\/wevision\/wp-content\/uploads\/2026\/01\/ALQUILER-PROFOTO-PROTUNGSTENO-AIR-WEVISION.jpg\",\"width\":933,\"height\":557,\"caption\":\"ALQUILER PROFOTO PROTUNGSTENO AIR WEVISION\"},{\"@type\":\"BreadcrumbList\",\"@id\":\"https:\/\/welabplus.com\/wevision\/catalogo\/tungsteno\/open-face\/profoto-protungsteno-air\/#breadcrumb\",\"itemListElement\":[{\"@type\":\"ListItem\",\"position\":1,\"name\":\"Portada\",\"item\":\"https:\/\/welabplus.com\/wevision\/\"},{\"@type\":\"ListItem\",\"position\":2,\"name\":\"Cat\u00e1logo\",\"item\":\"https:\/\/welabplus.com\/wevision\/catalogo\/\"},{\"@type\":\"ListItem\",\"position\":3,\"name\":\"PROFOTO PROTUNGSTENO AIR\"}]},{\"@type\":\"WebSite\",\"@id\":\"https:\/\/welabplus.com\/wevision\/#website\",\"url\":\"https:\/\/welabplus.com\/wevision\/\",\"name\":\"Welabplus\",\"description\":\"C\u00e1maras y lentes para cine\",\"publisher\":{\"@id\":\"https:\/\/welabplus.com\/wevision\/#organization\"},\"potentialAction\":[{\"@type\":\"SearchAction\",\"target\":{\"@type\":\"EntryPoint\",\"urlTemplate\":\"https:\/\/welabplus.com\/wevision\/?s={search_term_string}\"},\"query-input\":{\"@type\":\"PropertyValueSpecification\",\"valueRequired\":true,\"valueName\":\"search_term_string\"}}],\"inLanguage\":\"es\"},{\"@type\":\"Organization\",\"@id\":\"https:\/\/welabplus.com\/wevision\/#organization\",\"name\":\"Welab Canary Islands\",\"url\":\"https:\/\/welabplus.com\/wevision\/\",\"logo\":{\"@type\":\"ImageObject\",\"inLanguage\":\"es\",\"@id\":\"https:\/\/welabplus.com\/wevision\/#\/schema\/logo\/image\/\",\"url\":\"\",\"contentUrl\":\"\",\"caption\":\"Welab Canary Islands\"},\"image\":{\"@id\":\"https:\/\/welabplus.com\/wevision\/#\/schema\/logo\/image\/\"},\"sameAs\":[\"https:\/\/www.facebook.com\/welab.es\/\",\"https:\/\/x.com\/welabspain\"]}]}<\/script>\n<!-- \/ Yoast SEO plugin. -->","yoast_head_json":{"title":"PROFOTO PROTUNGSTENO AIR - Wevision","description":"El PROFOTO PROTUNGSTENO AIR aut\u00f3nomo es ideal para crear luz con car\u00e1cter o mejorar la iluminaci\u00f3n interior. Proporciona una luz blanca que aumenta en ca...","robots":{"index":"index","follow":"follow","max-snippet":"max-snippet:-1","max-image-preview":"max-image-preview:large","max-video-preview":"max-video-preview:-1"},"canonical":"https:\/\/welabplus.com\/wevision\/catalogo\/tungsteno\/open-face\/profoto-protungsteno-air\/","og_locale":"es_ES","og_type":"article","og_title":"PROFOTO PROTUNGSTENO AIR - Wevision","og_description":"El PROFOTO PROTUNGSTENO AIR aut\u00f3nomo es ideal para crear luz con car\u00e1cter o mejorar la iluminaci\u00f3n interior. Proporciona una luz blanca que aumenta en ca...","og_url":"https:\/\/welabplus.com\/wevision\/catalogo\/tungsteno\/open-face\/profoto-protungsteno-air\/","og_site_name":"Wevision","article_publisher":"https:\/\/www.facebook.com\/welab.es\/","article_modified_time":"2026-03-18T15:35:48+00:00","og_image":[{"width":933,"height":557,"url":"https:\/\/welabplus.com\/wevision\/wp-content\/uploads\/2026\/01\/ALQUILER-PROFOTO-PROTUNGSTENO-AIR-WEVISION.jpg","type":"image\/jpeg"}],"twitter_card":"summary_large_image","twitter_site":"@welabspain","twitter_misc":{"Tiempo de lectura":"1 minuto"},"schema":{"@context":"https:\/\/schema.org","@graph":[{"@type":"WebPage","@id":"https:\/\/welabplus.com\/wevision\/catalogo\/tungsteno\/open-face\/profoto-protungsteno-air\/","url":"https:\/\/welabplus.com\/wevision\/catalogo\/tungsteno\/open-face\/profoto-protungsteno-air\/","name":"PROFOTO PROTUNGSTENO AIR - Wevision","isPartOf":{"@id":"https:\/\/welabplus.com\/wevision\/#website"},"primaryImageOfPage":{"@id":"https:\/\/welabplus.com\/wevision\/catalogo\/tungsteno\/open-face\/profoto-protungsteno-air\/#primaryimage"},"image":{"@id":"https:\/\/welabplus.com\/wevision\/catalogo\/tungsteno\/open-face\/profoto-protungsteno-air\/#primaryimage"},"thumbnailUrl":"https:\/\/welabplus.com\/wevision\/wp-content\/uploads\/2026\/01\/ALQUILER-PROFOTO-PROTUNGSTENO-AIR-WEVISION.jpg","datePublished":"2026-01-26T11:57:13+00:00","dateModified":"2026-03-18T15:35:48+00:00","description":"El PROFOTO PROTUNGSTENO AIR aut\u00f3nomo es ideal para crear luz con car\u00e1cter o mejorar la iluminaci\u00f3n interior. Proporciona una luz blanca que aumenta en ca...","breadcrumb":{"@id":"https:\/\/welabplus.com\/wevision\/catalogo\/tungsteno\/open-face\/profoto-protungsteno-air\/#breadcrumb"},"inLanguage":"es","potentialAction":[{"@type":"ReadAction","target":["https:\/\/welabplus.com\/wevision\/catalogo\/tungsteno\/open-face\/profoto-protungsteno-air\/"]}]},{"@type":"ImageObject","inLanguage":"es","@id":"https:\/\/welabplus.com\/wevision\/catalogo\/tungsteno\/open-face\/profoto-protungsteno-air\/#primaryimage","url":"https:\/\/welabplus.com\/wevision\/wp-content\/uploads\/2026\/01\/ALQUILER-PROFOTO-PROTUNGSTENO-AIR-WEVISION.jpg","contentUrl":"https:\/\/welabplus.com\/wevision\/wp-content\/uploads\/2026\/01\/ALQUILER-PROFOTO-PROTUNGSTENO-AIR-WEVISION.jpg","width":933,"height":557,"caption":"ALQUILER PROFOTO PROTUNGSTENO AIR WEVISION"},{"@type":"BreadcrumbList","@id":"https:\/\/welabplus.com\/wevision\/catalogo\/tungsteno\/open-face\/profoto-protungsteno-air\/#breadcrumb","itemListElement":[{"@type":"ListItem","position":1,"name":"Portada","item":"https:\/\/welabplus.com\/wevision\/"},{"@type":"ListItem","position":2,"name":"Cat\u00e1logo","item":"https:\/\/welabplus.com\/wevision\/catalogo\/"},{"@type":"ListItem","position":3,"name":"PROFOTO PROTUNGSTENO AIR"}]},{"@type":"WebSite","@id":"https:\/\/welabplus.com\/wevision\/#website","url":"https:\/\/welabplus.com\/wevision\/","name":"Welabplus","description":"C\u00e1maras y lentes para cine","publisher":{"@id":"https:\/\/welabplus.com\/wevision\/#organization"},"potentialAction":[{"@type":"SearchAction","target":{"@type":"EntryPoint","urlTemplate":"https:\/\/welabplus.com\/wevision\/?s={search_term_string}"},"query-input":{"@type":"PropertyValueSpecification","valueRequired":true,"valueName":"search_term_string"}}],"inLanguage":"es"},{"@type":"Organization","@id":"https:\/\/welabplus.com\/wevision\/#organization","name":"Welab Canary Islands","url":"https:\/\/welabplus.com\/wevision\/","logo":{"@type":"ImageObject","inLanguage":"es","@id":"https:\/\/welabplus.com\/wevision\/#\/schema\/logo\/image\/","url":"","contentUrl":"","caption":"Welab Canary Islands"},"image":{"@id":"https:\/\/welabplus.com\/wevision\/#\/schema\/logo\/image\/"},"sameAs":["https:\/\/www.facebook.com\/welab.es\/","https:\/\/x.com\/welabspain"]}]}},"_links":{"self":[{"href":"https:\/\/welabplus.com\/wevision\/wp-json\/wp\/v2\/product\/28449","targetHints":{"allow":["GET"]}}],"collection":[{"href":"https:\/\/welabplus.com\/wevision\/wp-json\/wp\/v2\/product"}],"about":[{"href":"https:\/\/welabplus.com\/wevision\/wp-json\/wp\/v2\/types\/product"}],"replies":[{"embeddable":true,"href":"https:\/\/welabplus.com\/wevision\/wp-json\/wp\/v2\/comments?post=28449"}],"wp:featuredmedia":[{"embeddable":true,"href":"https:\/\/welabplus.com\/wevision\/wp-json\/wp\/v2\/media\/28450"}],"wp:attachment":[{"href":"https:\/\/welabplus.com\/wevision\/wp-json\/wp\/v2\/media?parent=28449"}],"wp:term":[{"taxonomy":"product_brand","embeddable":true,"href":"https:\/\/welabplus.com\/wevision\/wp-json\/wp\/v2\/product_brand?post=28449"},{"taxonomy":"product_cat","embeddable":true,"href":"https:\/\/welabplus.com\/wevision\/wp-json\/wp\/v2\/product_cat?post=28449"},{"taxonomy":"product_tag","embeddable":true,"href":"https:\/\/welabplus.com\/wevision\/wp-json\/wp\/v2\/product_tag?post=28449"}],"curies":[{"name":"wp","href":"https:\/\/api.w.org\/{rel}","templated":true}]}}