{"id":28437,"date":"2025-12-19T11:00:54","date_gmt":"2025-12-19T10:00:54","guid":{"rendered":"https:\/\/welabplus.com\/wevision\/?post_type=product&#038;p=28437"},"modified":"2026-04-09T12:00:20","modified_gmt":"2026-04-09T10:00:20","slug":"aputure-storm-80c","status":"publish","type":"product","link":"https:\/\/welabplus.com\/wevision\/catalogo\/led\/foco-puntual-cob\/aputure\/aputure-storm-80c\/","title":{"rendered":"APUTURE STORM 80C"},"content":{"rendered":"<p><span class=\"BZ_Pyq_fadeIn\"><a href=\"https:\/\/welabplus.com\/wevision\/wp-content\/uploads\/2026\/03\/GUIA-APUTURE-STORM-80C-WEVISION.pdf\"><img loading=\"lazy\" decoding=\"async\" class=\"alignnone wp-image-28287 size-full\" src=\"https:\/\/welabplus.com\/wevision\/wp-content\/uploads\/2025\/11\/ICO-GUIDE-WEVISION.png\" alt=\"ICO GUIDE WEVISION\" width=\"100\" height=\"100\" srcset=\"https:\/\/welabplus.com\/wevision\/wp-content\/uploads\/2025\/11\/ICO-GUIDE-WEVISION.png 100w, https:\/\/welabplus.com\/wevision\/wp-content\/uploads\/2025\/11\/ICO-GUIDE-WEVISION-80x80.png 80w\" sizes=\"auto, (max-width: 100px) 100vw, 100px\" \/><\/a><a href=\"https:\/\/welabplus.com\/wevision\/portfolio-item\/video-aputure-storm-80c\/\"><img loading=\"lazy\" decoding=\"async\" class=\"alignnone wp-image-28288 size-full\" src=\"https:\/\/welabplus.com\/wevision\/wp-content\/uploads\/2025\/11\/ICO-VIDEO-WEVISION.png\" alt=\"ICO VIDEO WEVISION\" width=\"100\" height=\"100\" srcset=\"https:\/\/welabplus.com\/wevision\/wp-content\/uploads\/2025\/11\/ICO-VIDEO-WEVISION.png 100w, https:\/\/welabplus.com\/wevision\/wp-content\/uploads\/2025\/11\/ICO-VIDEO-WEVISION-80x80.png 80w\" sizes=\"auto, (max-width: 100px) 100vw, 100px\" \/><\/a><\/span><\/p>\n<p>El <strong>APUTURE STORM 80C<\/strong>\u00a0es una herramienta de iluminaci\u00f3n de vanguardia dise\u00f1ada para satisfacer las necesidades de una amplia variedad de profesionales de la industria cinematogr\u00e1fica y fotogr\u00e1fica que buscan luces compactas, ajustables en color y vers\u00e1tiles, incluyendo cineastas, t\u00e9cnicos de iluminaci\u00f3n, vide\u00f3grafos y fot\u00f3grafos.<\/p>\n<p>Este avanzado dispositivo LED ofrece una soluci\u00f3n de iluminaci\u00f3n eficaz y f\u00e1cil de desplegar en cualquier condici\u00f3n de rodaje. Con el nuevo motor de<strong> luz BLAIR-CG<\/strong> y resistencia IP65, el STORM 80c se puede utilizar para proporcionar luces precisas y ajustables para el cabello y relleno en cualquier situaci\u00f3n de filmaci\u00f3n, ya sea bajo la lluvia o a plena luz del sol.<\/p>\n<p>&nbsp;<\/p>\n<p>Los t\u00e9cnicos apreciar\u00e1n la facilidad con la que el STORM 80c se integra en configuraciones profesionales. Equipado con diversas opciones de control, incluyendo DMX512 de 16 bits, LumenRadio CRMX y control mediante la aplicaci\u00f3n Sidus Link\u00ae, este dispositivo se adapta sin problemas a redes de iluminaci\u00f3n complejas, mejorando la eficiencia del flujo de trabajo, mientras ocupa un espacio reducido en el set.<br \/>\nLos vide\u00f3grafos se beneficiar\u00e1n de la relaci\u00f3n entre la salida de luz y el tama\u00f1o del STORM 80c, que ofrece 20,185 lux a 5,600K a 1 metro, y todo ello con un peso de menos de 3 libras. Gracias a su vers\u00e1til montaje Mini ProLock, los vide\u00f3grafos tienen la flexibilidad de lograr r\u00e1pidamente los looks de iluminaci\u00f3n deseados con modificadores dise\u00f1ados y optimizados para el STORM 80c.<\/p>\n<p>Los fot\u00f3grafos que necesiten una soluci\u00f3n de iluminaci\u00f3n port\u00e1til y de calidad profesional encontrar\u00e1n en el STORM 80c una herramienta imprescindible en su equipo. Con su tama\u00f1o compacto y total capacidad de ajuste de color, el STORM 80c puede utilizarse en una amplia gama de aplicaciones fotogr\u00e1ficas, desde retratos en estudio hasta sesiones al aire libre.<\/p>\n<p>Ya seas un cineasta experimentado, un t\u00e9cnico de iluminaci\u00f3n, un vide\u00f3grafo o un fot\u00f3grafo, el <strong>STORM 80c<\/strong> te permite llevar tu trabajo al siguiente nivel con su alta precisi\u00f3n de color, versatilidad y fiabilidad, garantizando resultados excepcionales en cada producci\u00f3n o sesi\u00f3n fotogr\u00e1fica.<\/p>\n<p>&nbsp;<\/p>\n<h3>Caracter\u00edsticas generales del APUTURE STORM 80C:<\/h3>\n<ul>\n<li>Foco compacto de punto de luz a todo color de 80W.<\/li>\n<li>Nuevo chipset LED exclusivo y revolucionario: Azul, Lima, \u00c1mbar, \u00cdndigo, Rojo, Cian, Verde (BLAIR-CG).<\/li>\n<li>19,850 Lux a 1m (5600K) usando el reflector hiperesf\u00e9rico de 35\u00b0 incluido.<\/li>\n<li>Rango CCT de 1,800K a 20,000K.<\/li>\n<li>Mezcla avanzada de diodos que permite utilizar de manera m\u00e1s efectiva la salida de luz de cada diodo.<\/li>\n<li>Control avanzado de punto blanco con correcci\u00f3n de color verde\/magenta (\u00b1G 100% rango completo ASC MITC).<\/li>\n<li>Alta precisi\u00f3n de color: CRI?97, TLCI?98, CQS [CIE D5600]?96, SSI [P3200]: 88, SSI [CIE D5600]: 84, TM-30 Rf (promedio) 96, TM-30 Rg (promedio) 103.<\/li>\n<li>Cobertura de m\u00e1s del 90% del gamut de color Rec.2020.<\/li>\n<li>Dise\u00f1o compacto (Peso de la cabeza de la l\u00e1mpara con soporte: 1.35 kg \/ 2.98 lbs).<\/li>\n<li>Soporte removible que permite rotaci\u00f3n de 360\u00b0 de la cabeza de la l\u00e1mpara.<\/li>\n<li>Potencial de rigging vers\u00e1til con cuatro roscas de 3\/8-16in.<\/li>\n<li>Nuevo dise\u00f1o robusto de soporte de accesorios Mini ProLock que permite una conexi\u00f3n de accesorios m\u00e1s segura y alineada \u00f3pticamente.<\/li>\n<li>Resistencia al clima IP65.<\/li>\n<li>M\u00faltiples m\u00e9todos de control: Sidus Link y Sidus Link Pro App, LumenRadio CRMX, DMX512 de 16 bits con entradas y salidas de 5 pines.<\/li>\n<li>Atenuaci\u00f3n suave de 0.1-100% sin escalas.<\/li>\n<li>Salida m\u00ednima:19.8 lux a 1m, 5,600K.<\/li>\n<li>Dos modos de salida: M\u00e1ximo y Constante.<\/li>\n<li>Modos de fotograf\u00eda a alta velocidad, Lead-Follow y Studio.<\/li>\n<li>4 modos de ventilador: Inteligente, Alto, Medio, Silencioso.<\/li>\n<li>74 perfiles de control DMX con m\u00faltiples modos de atenuaci\u00f3n DMX y comportamientos personalizables ante p\u00e9rdida de se\u00f1al DMX.<\/li>\n<li>4 curvas de atenuaci\u00f3n: Lineal, Exponencial, Logar\u00edtmica, en forma de S.<\/li>\n<li>15 efectos de luz integrados: Lightning II; Paparazzi; Color Chase; Candle; Explosion II; Strobe II; Cop Car II; Fireworks; Welding II; Pulsing II; Faulty Bulb II; Fire II; Club lights; TV II; Party Lights.<\/li>\n<li>10 preajustes guardables.<\/li>\n<\/ul>\n<p>&nbsp;<\/p>\n<h3>Especificaciones T\u00e9cnicas:<\/h3>\n<ul>\n<li>Chipset LED: BLAIR-CG.<\/li>\n<li>CCT 1,800K ? 20,000K.<\/li>\n<li>Cobertura del Gamut de Color 90%+ Rec.2020.<\/li>\n<li>CRI 97.<\/li>\n<li>TLCI 99.<\/li>\n<li>CQS (5600K) 96.<\/li>\n<li>CQS (3200K) 97.<\/li>\n<li>SSI (Tungsteno) 88.<\/li>\n<li>SSI (D56) 84.<\/li>\n<li>TM-30 RF (Promedio) 96.<\/li>\n<li>TM-30 RG (Promedio) 103.<\/li>\n<li>Consumo M\u00e1ximo de Energ\u00eda 100W.<\/li>\n<li>Salida M\u00e1xima de Energ\u00eda 80W.<\/li>\n<li>Clasificaci\u00f3n de Resistencia al Clima IP65.<\/li>\n<li>\u00c1ngulo del Haz COB Nativo 60\u00b0.<\/li>\n<li>\u00c1ngulo del Haz con Reflector Incluido 35\u00b0.<\/li>\n<li>Voltaje de Operaci\u00f3n 100V ~ 240V \/ 50-60 Hz.<\/li>\n<li>Salida del Adaptador DC 19V\/5.3A.<\/li>\n<li>Voltaje de Operaci\u00f3n de Bater\u00eda con Montaje en V 14.4V.<\/li>\n<li>Especificaciones de Energ\u00eda USB-C Entrada 20V\/5A; Salida 5V\/0.5A.<\/li>\n<li>Temperatura de Operaci\u00f3n -20\u00b0C ~ 45\u00b0C \/ -4\u00b0F ~ 113\u00b0F.<\/li>\n<li>Temperatura de Almacenaje -40\u00b0C ~ 80\u00b0C \/ -40\u00b0F ~ 176\u00b0F.<\/li>\n<li>M\u00e9todos de Control En el dispositivo, Sidus Link App, Sidus Link Pro App, DMX, RDM, CRMX.<\/li>\n<li>Puertos de Datos USB-C, Terminal DMX de 3 Pines con Bloqueo.<\/li>\n<li>Actualizaci\u00f3n de Firmware Sidus Link, Sidus Link Pro, USB-C.<\/li>\n<li>Tipo de Pantalla TFT.<\/li>\n<li>Rango Inal\u00e1mbrico.<\/li>\n<li>Sidus Bluetooth ?100m \/ ?262.5ft.<\/li>\n<li>CRMX (TimoTwo) ?100m \/ ?262.5ft.<\/li>\n<li>Niveles de Ruido del Ventilador de la Cabeza de L\u00e1mpara (a 1m).<\/li>\n<li>Modo Inteligente 26.1 Dba.<\/li>\n<li>Modo Alto 26.7 dBA.<\/li>\n<li>Modo Medio 24.4 dBA.<\/li>\n<li>Modo Silencioso 22.3 dBA.<\/li>\n<li>Dimensiones: Cabeza de L\u00e1mpara (Sin Yugo) 10.1 x 10.4 x 14.7cm. Cabeza de L\u00e1mpara (Con Yugo) 16.7 x 22.5 x 14.7cm.<\/li>\n<li>Peso: Cabeza de L\u00e1mpara (Sin Yugo) 1.01kg \/ 2.23lbs. Cabeza de L\u00e1mpara (Con Yugo) 1.35kg \/ 2.98lbs. Adaptador de Energ\u00eda AC 405g \/ 0.89lb.<\/li>\n<\/ul>\n<p>&nbsp;<\/p>\n<h3>Accesorios incluidos<span style=\"font-size: 16px;\">STORM 80c Lamp Head With Yoke:<\/span><\/h3>\n<div>\n<div class=\"gmail_quote\">\n<ul>\n<li>Mini ProLock Hyper Reflector.<\/li>\n<li>Mini Lantern Diffuser.<\/li>\n<li>Mini ProLock Mount Protection Cover.<\/li>\n<li>AC Power Adapter.<\/li>\n<li>AC Power Cable (4m).<\/li>\n<li>CF4 Fresnel.<\/li>\n<li>CF4 Barn Doors.<\/li>\n<li>Light Dome 40.<\/li>\n<li>STORM 80c Handheld Bracket.<\/li>\n<li>STORM 80c Bowens Mount Adapter.<\/li>\n<li>D-Tap to 5.5mm DC Barrel Power Cable.<\/li>\n<li>Aputure Super Clamp.<\/li>\n<li>Aputure Universal Magic Arm.<\/li>\n<li>Hard Shell Rolling Case.<\/li>\n<\/ul>\n<\/div>\n<\/div>\n<p>&nbsp;<\/p>\n<p>&nbsp;<\/p>\n","protected":false},"excerpt":{"rendered":"<p>El APUTURE STORM 80C\u00a0es una herramienta de iluminaci\u00f3n de vanguardia dise\u00f1ada para satisfacer las necesidades de una amplia variedad de [&hellip;]<\/p>\n","protected":false},"featured_media":28438,"comment_status":"closed","ping_status":"closed","template":"","meta":{"_acf_changed":false,"inline_featured_image":false},"product_brand":[],"product_cat":[8981],"product_tag":[9538,9539,9540,9535,9536,9537],"class_list":{"0":"post-28437","1":"product","2":"type-product","3":"status-publish","4":"has-post-thumbnail","6":"product_cat-aputure","7":"product_tag-alquiler-aputure-80c-madrid","8":"product_tag-alquiler-storm-aputure","9":"product_tag-alquiler-storm-80c","10":"product_tag-alquiler-aputure-storm-80-c","11":"product_tag-aputure-80c-alquiler","12":"product_tag-alquiiler-madrid-aputure","14":"first","15":"instock","16":"shipping-taxable","17":"purchasable","18":"product-type-simple"},"acf":[],"yoast_head":"<!-- This site is optimized with the Yoast SEO plugin v26.2 - https:\/\/yoast.com\/wordpress\/plugins\/seo\/ -->\n<title>APUTURE STORM 80C - Wevision<\/title>\n<meta name=\"description\" content=\"Alquiler de APUTURE STORM 80C en Wevision en Madrid y en las Islas Canarias para cine, publicidad, series, documentales, videoclips, largometrajes...\" \/>\n<meta name=\"robots\" content=\"index, follow, max-snippet:-1, max-image-preview:large, max-video-preview:-1\" \/>\n<link rel=\"canonical\" href=\"https:\/\/welabplus.com\/wevision\/catalogo\/led\/foco-puntual-cob\/aputure\/aputure-storm-80c\/\" \/>\n<meta property=\"og:locale\" content=\"es_ES\" \/>\n<meta property=\"og:type\" content=\"article\" \/>\n<meta property=\"og:title\" content=\"APUTURE STORM 80C - Wevision\" \/>\n<meta property=\"og:description\" content=\"Alquiler de APUTURE STORM 80C en Wevision en Madrid y en las Islas Canarias para cine, publicidad, series, documentales, videoclips, largometrajes...\" \/>\n<meta property=\"og:url\" content=\"https:\/\/welabplus.com\/wevision\/catalogo\/led\/foco-puntual-cob\/aputure\/aputure-storm-80c\/\" \/>\n<meta property=\"og:site_name\" content=\"Wevision\" \/>\n<meta property=\"article:publisher\" content=\"https:\/\/www.facebook.com\/welab.es\/\" \/>\n<meta property=\"article:modified_time\" content=\"2026-04-09T10:00:20+00:00\" \/>\n<meta property=\"og:image\" content=\"https:\/\/welabplus.com\/wevision\/wp-content\/uploads\/2025\/12\/ALQUILER-APUTURE-80-C-STORM-WEVISION.png\" \/>\n\t<meta property=\"og:image:width\" content=\"933\" \/>\n\t<meta property=\"og:image:height\" content=\"557\" \/>\n\t<meta property=\"og:image:type\" content=\"image\/png\" \/>\n<meta name=\"twitter:card\" content=\"summary_large_image\" \/>\n<meta name=\"twitter:site\" content=\"@welabspain\" \/>\n<meta name=\"twitter:label1\" content=\"Tiempo de lectura\" \/>\n\t<meta name=\"twitter:data1\" content=\"5 minutos\" \/>\n<script type=\"application\/ld+json\" class=\"yoast-schema-graph\">{\"@context\":\"https:\/\/schema.org\",\"@graph\":[{\"@type\":\"WebPage\",\"@id\":\"https:\/\/welabplus.com\/wevision\/catalogo\/led\/foco-puntual-cob\/aputure\/aputure-storm-80c\/\",\"url\":\"https:\/\/welabplus.com\/wevision\/catalogo\/led\/foco-puntual-cob\/aputure\/aputure-storm-80c\/\",\"name\":\"APUTURE STORM 80C - Wevision\",\"isPartOf\":{\"@id\":\"https:\/\/welabplus.com\/wevision\/#website\"},\"primaryImageOfPage\":{\"@id\":\"https:\/\/welabplus.com\/wevision\/catalogo\/led\/foco-puntual-cob\/aputure\/aputure-storm-80c\/#primaryimage\"},\"image\":{\"@id\":\"https:\/\/welabplus.com\/wevision\/catalogo\/led\/foco-puntual-cob\/aputure\/aputure-storm-80c\/#primaryimage\"},\"thumbnailUrl\":\"https:\/\/welabplus.com\/wevision\/wp-content\/uploads\/2025\/12\/ALQUILER-APUTURE-80-C-STORM-WEVISION.png\",\"datePublished\":\"2025-12-19T10:00:54+00:00\",\"dateModified\":\"2026-04-09T10:00:20+00:00\",\"description\":\"Alquiler de APUTURE STORM 80C en Wevision en Madrid y en las Islas Canarias para cine, publicidad, series, documentales, videoclips, largometrajes...\",\"breadcrumb\":{\"@id\":\"https:\/\/welabplus.com\/wevision\/catalogo\/led\/foco-puntual-cob\/aputure\/aputure-storm-80c\/#breadcrumb\"},\"inLanguage\":\"es\",\"potentialAction\":[{\"@type\":\"ReadAction\",\"target\":[\"https:\/\/welabplus.com\/wevision\/catalogo\/led\/foco-puntual-cob\/aputure\/aputure-storm-80c\/\"]}]},{\"@type\":\"ImageObject\",\"inLanguage\":\"es\",\"@id\":\"https:\/\/welabplus.com\/wevision\/catalogo\/led\/foco-puntual-cob\/aputure\/aputure-storm-80c\/#primaryimage\",\"url\":\"https:\/\/welabplus.com\/wevision\/wp-content\/uploads\/2025\/12\/ALQUILER-APUTURE-80-C-STORM-WEVISION.png\",\"contentUrl\":\"https:\/\/welabplus.com\/wevision\/wp-content\/uploads\/2025\/12\/ALQUILER-APUTURE-80-C-STORM-WEVISION.png\",\"width\":933,\"height\":557,\"caption\":\"ALQUILER APUTURE 80 C STORM WEVISION\"},{\"@type\":\"BreadcrumbList\",\"@id\":\"https:\/\/welabplus.com\/wevision\/catalogo\/led\/foco-puntual-cob\/aputure\/aputure-storm-80c\/#breadcrumb\",\"itemListElement\":[{\"@type\":\"ListItem\",\"position\":1,\"name\":\"Portada\",\"item\":\"https:\/\/welabplus.com\/wevision\/\"},{\"@type\":\"ListItem\",\"position\":2,\"name\":\"Cat\u00e1logo\",\"item\":\"https:\/\/welabplus.com\/wevision\/catalogo\/\"},{\"@type\":\"ListItem\",\"position\":3,\"name\":\"APUTURE STORM 80C\"}]},{\"@type\":\"WebSite\",\"@id\":\"https:\/\/welabplus.com\/wevision\/#website\",\"url\":\"https:\/\/welabplus.com\/wevision\/\",\"name\":\"Welabplus\",\"description\":\"C\u00e1maras y lentes para cine\",\"publisher\":{\"@id\":\"https:\/\/welabplus.com\/wevision\/#organization\"},\"potentialAction\":[{\"@type\":\"SearchAction\",\"target\":{\"@type\":\"EntryPoint\",\"urlTemplate\":\"https:\/\/welabplus.com\/wevision\/?s={search_term_string}\"},\"query-input\":{\"@type\":\"PropertyValueSpecification\",\"valueRequired\":true,\"valueName\":\"search_term_string\"}}],\"inLanguage\":\"es\"},{\"@type\":\"Organization\",\"@id\":\"https:\/\/welabplus.com\/wevision\/#organization\",\"name\":\"Welab Canary Islands\",\"url\":\"https:\/\/welabplus.com\/wevision\/\",\"logo\":{\"@type\":\"ImageObject\",\"inLanguage\":\"es\",\"@id\":\"https:\/\/welabplus.com\/wevision\/#\/schema\/logo\/image\/\",\"url\":\"\",\"contentUrl\":\"\",\"caption\":\"Welab Canary Islands\"},\"image\":{\"@id\":\"https:\/\/welabplus.com\/wevision\/#\/schema\/logo\/image\/\"},\"sameAs\":[\"https:\/\/www.facebook.com\/welab.es\/\",\"https:\/\/x.com\/welabspain\"]}]}<\/script>\n<!-- \/ Yoast SEO plugin. -->","yoast_head_json":{"title":"APUTURE STORM 80C - Wevision","description":"Alquiler de APUTURE STORM 80C en Wevision en Madrid y en las Islas Canarias para cine, publicidad, series, documentales, videoclips, largometrajes...","robots":{"index":"index","follow":"follow","max-snippet":"max-snippet:-1","max-image-preview":"max-image-preview:large","max-video-preview":"max-video-preview:-1"},"canonical":"https:\/\/welabplus.com\/wevision\/catalogo\/led\/foco-puntual-cob\/aputure\/aputure-storm-80c\/","og_locale":"es_ES","og_type":"article","og_title":"APUTURE STORM 80C - Wevision","og_description":"Alquiler de APUTURE STORM 80C en Wevision en Madrid y en las Islas Canarias para cine, publicidad, series, documentales, videoclips, largometrajes...","og_url":"https:\/\/welabplus.com\/wevision\/catalogo\/led\/foco-puntual-cob\/aputure\/aputure-storm-80c\/","og_site_name":"Wevision","article_publisher":"https:\/\/www.facebook.com\/welab.es\/","article_modified_time":"2026-04-09T10:00:20+00:00","og_image":[{"width":933,"height":557,"url":"https:\/\/welabplus.com\/wevision\/wp-content\/uploads\/2025\/12\/ALQUILER-APUTURE-80-C-STORM-WEVISION.png","type":"image\/png"}],"twitter_card":"summary_large_image","twitter_site":"@welabspain","twitter_misc":{"Tiempo de lectura":"5 minutos"},"schema":{"@context":"https:\/\/schema.org","@graph":[{"@type":"WebPage","@id":"https:\/\/welabplus.com\/wevision\/catalogo\/led\/foco-puntual-cob\/aputure\/aputure-storm-80c\/","url":"https:\/\/welabplus.com\/wevision\/catalogo\/led\/foco-puntual-cob\/aputure\/aputure-storm-80c\/","name":"APUTURE STORM 80C - Wevision","isPartOf":{"@id":"https:\/\/welabplus.com\/wevision\/#website"},"primaryImageOfPage":{"@id":"https:\/\/welabplus.com\/wevision\/catalogo\/led\/foco-puntual-cob\/aputure\/aputure-storm-80c\/#primaryimage"},"image":{"@id":"https:\/\/welabplus.com\/wevision\/catalogo\/led\/foco-puntual-cob\/aputure\/aputure-storm-80c\/#primaryimage"},"thumbnailUrl":"https:\/\/welabplus.com\/wevision\/wp-content\/uploads\/2025\/12\/ALQUILER-APUTURE-80-C-STORM-WEVISION.png","datePublished":"2025-12-19T10:00:54+00:00","dateModified":"2026-04-09T10:00:20+00:00","description":"Alquiler de APUTURE STORM 80C en Wevision en Madrid y en las Islas Canarias para cine, publicidad, series, documentales, videoclips, largometrajes...","breadcrumb":{"@id":"https:\/\/welabplus.com\/wevision\/catalogo\/led\/foco-puntual-cob\/aputure\/aputure-storm-80c\/#breadcrumb"},"inLanguage":"es","potentialAction":[{"@type":"ReadAction","target":["https:\/\/welabplus.com\/wevision\/catalogo\/led\/foco-puntual-cob\/aputure\/aputure-storm-80c\/"]}]},{"@type":"ImageObject","inLanguage":"es","@id":"https:\/\/welabplus.com\/wevision\/catalogo\/led\/foco-puntual-cob\/aputure\/aputure-storm-80c\/#primaryimage","url":"https:\/\/welabplus.com\/wevision\/wp-content\/uploads\/2025\/12\/ALQUILER-APUTURE-80-C-STORM-WEVISION.png","contentUrl":"https:\/\/welabplus.com\/wevision\/wp-content\/uploads\/2025\/12\/ALQUILER-APUTURE-80-C-STORM-WEVISION.png","width":933,"height":557,"caption":"ALQUILER APUTURE 80 C STORM WEVISION"},{"@type":"BreadcrumbList","@id":"https:\/\/welabplus.com\/wevision\/catalogo\/led\/foco-puntual-cob\/aputure\/aputure-storm-80c\/#breadcrumb","itemListElement":[{"@type":"ListItem","position":1,"name":"Portada","item":"https:\/\/welabplus.com\/wevision\/"},{"@type":"ListItem","position":2,"name":"Cat\u00e1logo","item":"https:\/\/welabplus.com\/wevision\/catalogo\/"},{"@type":"ListItem","position":3,"name":"APUTURE STORM 80C"}]},{"@type":"WebSite","@id":"https:\/\/welabplus.com\/wevision\/#website","url":"https:\/\/welabplus.com\/wevision\/","name":"Welabplus","description":"C\u00e1maras y lentes para cine","publisher":{"@id":"https:\/\/welabplus.com\/wevision\/#organization"},"potentialAction":[{"@type":"SearchAction","target":{"@type":"EntryPoint","urlTemplate":"https:\/\/welabplus.com\/wevision\/?s={search_term_string}"},"query-input":{"@type":"PropertyValueSpecification","valueRequired":true,"valueName":"search_term_string"}}],"inLanguage":"es"},{"@type":"Organization","@id":"https:\/\/welabplus.com\/wevision\/#organization","name":"Welab Canary Islands","url":"https:\/\/welabplus.com\/wevision\/","logo":{"@type":"ImageObject","inLanguage":"es","@id":"https:\/\/welabplus.com\/wevision\/#\/schema\/logo\/image\/","url":"","contentUrl":"","caption":"Welab Canary Islands"},"image":{"@id":"https:\/\/welabplus.com\/wevision\/#\/schema\/logo\/image\/"},"sameAs":["https:\/\/www.facebook.com\/welab.es\/","https:\/\/x.com\/welabspain"]}]}},"_links":{"self":[{"href":"https:\/\/welabplus.com\/wevision\/wp-json\/wp\/v2\/product\/28437","targetHints":{"allow":["GET"]}}],"collection":[{"href":"https:\/\/welabplus.com\/wevision\/wp-json\/wp\/v2\/product"}],"about":[{"href":"https:\/\/welabplus.com\/wevision\/wp-json\/wp\/v2\/types\/product"}],"replies":[{"embeddable":true,"href":"https:\/\/welabplus.com\/wevision\/wp-json\/wp\/v2\/comments?post=28437"}],"wp:featuredmedia":[{"embeddable":true,"href":"https:\/\/welabplus.com\/wevision\/wp-json\/wp\/v2\/media\/28438"}],"wp:attachment":[{"href":"https:\/\/welabplus.com\/wevision\/wp-json\/wp\/v2\/media?parent=28437"}],"wp:term":[{"taxonomy":"product_brand","embeddable":true,"href":"https:\/\/welabplus.com\/wevision\/wp-json\/wp\/v2\/product_brand?post=28437"},{"taxonomy":"product_cat","embeddable":true,"href":"https:\/\/welabplus.com\/wevision\/wp-json\/wp\/v2\/product_cat?post=28437"},{"taxonomy":"product_tag","embeddable":true,"href":"https:\/\/welabplus.com\/wevision\/wp-json\/wp\/v2\/product_tag?post=28437"}],"curies":[{"name":"wp","href":"https:\/\/api.w.org\/{rel}","templated":true}]}}