{"id":28262,"date":"2025-11-27T12:12:51","date_gmt":"2025-11-27T11:12:51","guid":{"rendered":"https:\/\/welabplus.com\/wevision\/?post_type=product&#038;p=28262"},"modified":"2026-03-27T12:23:24","modified_gmt":"2026-03-27T11:23:24","slug":"godox-mg2400r-k2-knowled-g-mount-rgb-cob-light","status":"publish","type":"product","link":"https:\/\/welabplus.com\/wevision\/catalogo\/led\/foco-puntual-cob\/godox\/godox-mg2400r-k2-knowled-g-mount-rgb-cob-light\/","title":{"rendered":"GODOX MG2400R K2 KNOWLED G-MOUNT RGB COB LIGHT"},"content":{"rendered":"<p><a href=\"https:\/\/welabplus.com\/wevision\/portfolio-item\/godox-mg4kr-vs-mg2400r\/?preview_id=28579&amp;preview_nonce=31e731b2e9&amp;_thumbnail_id=28608&amp;preview=true\"><img loading=\"lazy\" decoding=\"async\" class=\"alignnone wp-image-28286 size-full\" src=\"https:\/\/welabplus.com\/wevision\/wp-content\/uploads\/2025\/11\/ICO-COMPARISON-WEVISION.png\" alt=\"ICO COMPARISON WEVISION\" width=\"100\" height=\"100\" srcset=\"https:\/\/welabplus.com\/wevision\/wp-content\/uploads\/2025\/11\/ICO-COMPARISON-WEVISION.png 100w, https:\/\/welabplus.com\/wevision\/wp-content\/uploads\/2025\/11\/ICO-COMPARISON-WEVISION-80x80.png 80w\" sizes=\"auto, (max-width: 100px) 100vw, 100px\" \/><\/a><\/p>\n<p>El\u00a0<strong>Godox KNOWLED MG2400R K2 G-Mount RGB COB Light<\/strong>\u00a0es un\u00a0<strong>COB LED full color de alta potencia (\u22482650 W)<\/strong> dise\u00f1ado para cine, publicidad y broadcast. Con un rendimiento a la altura de los grandes HMIs pero con toda la flexibilidad del LED moderno. Ofrece un rango de temperatura de color de <strong>1800K a 10.000K<\/strong>, control de\u00a0<strong>tinte verde\/magenta<\/strong> y modos completos de color (CCT, HSI, RGB, geles, XY, FX). Lo que permite pasar de una luz blanca muy precisa a colores saturados y creativos en un solo equipo.<\/p>\n<p>&nbsp;<\/p>\n<h3>Caracter\u00edsticas T\u00e9cnicas:<\/h3>\n<p>Con\u00a0<strong>CRI 94\u201396 y TLCI 92\u201395<\/strong>, el MG2400R garantiza una reproducci\u00f3n crom\u00e1tica fiable incluso en entornos de broadcast exigentes. El cabezal utiliza la montura profesional\u00a0<strong>G-Mount<\/strong>. Compatible con toda la familia de modificadores de alto rendimiento de Godox (reflectores GR, beamlight Max60\/Max90, fresnel, linternas GL7, etc.), optimizados para ofrecer el m\u00e1ximo output y un haz limpio y uniforme.<\/p>\n<p>Pensado para rodajes duros, el MG2400R cuenta con construcci\u00f3n met\u00e1lica robusta y\u00a0<strong>protecci\u00f3n IP54\/IP65<\/strong>\u00a0en cabezal y controladora, resistente a lluvia y polvo, adem\u00e1s de un sistema de refrigeraci\u00f3n avanzado para trabajar muchas horas a plena potencia. Se integra f\u00e1cilmente en cualquier set gracias a sus m\u00faltiples opciones de control profesional:\u00a0<strong>DMX\/RDM, CRMX (LumenRadio), Ethernet, Bluetooth y app Godox Light \/ KNOWLED<\/strong>, adem\u00e1s de los controles locales en la caja de control. Es, en la pr\u00e1ctica, el\u00a0<strong>\u201c4K HMI LED full color\u201d del ecosistema Godox<\/strong>, ideal para formar parte del parque de luz de WeVision.<\/p>\n<p>&nbsp;<\/p>\n<hr \/>\n<div class=\"social-icon social-big\"><a href=\"https:\/\/www.facebook.com\/welabplus\/\" target=\"_blank\" title=\"\"><i class=\"fa fa-facebook\"><\/i><\/a><\/div>\n<div class=\"social-icon social-big\"><a href=\"https:\/\/twitter.com\/welabplus\" target=\"_blank\" title=\"\"><i class=\"fa fa-twitter\"><\/i><\/a><\/div>\n<div class=\"social-icon social-big\"><a href=\"https:\/\/www.instagram.com\/welabplus\/?hl=es\" target=\"_blank\" title=\"\"><i class=\"fa fa-instagram\"><\/i><\/a><\/div>\n<div class=\"social-icon social-big\"><a href=\"https:\/\/www.linkedin.com\/company\/welabplus\" target=\"_blank\" title=\"\"><i class=\"fa fa-linkedin\"><\/i><\/a><\/div>\n","protected":false},"excerpt":{"rendered":"<p>El\u00a0Godox KNOWLED MG2400R K2 G-Mount RGB COB Light\u00a0es un\u00a0COB LED full color de alta potencia (\u22482650 W) dise\u00f1ado para cine, [&hellip;]<\/p>\n","protected":false},"featured_media":28274,"comment_status":"closed","ping_status":"closed","template":"","meta":{"_acf_changed":false,"inline_featured_image":false},"product_brand":[],"product_cat":[9456,6293],"product_tag":[9458,9473,9474,9478,9479,9505,6258,9506,6271,9507,8136,9345,9422,9423,9424,9425,9426,9457],"class_list":{"0":"post-28262","1":"product","2":"type-product","3":"status-publish","4":"has-post-thumbnail","6":"product_cat-godox","7":"product_cat-foco-puntual-cob","8":"product_tag-wevision","9":"product_tag-cob","10":"product_tag-godox","11":"product_tag-g-mount","12":"product_tag-knowled","13":"product_tag-mg2400r","14":"product_tag-iluminacion","15":"product_tag-k2","16":"product_tag-alquiler-iluminacion-madrid","17":"product_tag-rgb","18":"product_tag-light","19":"product_tag-alquiler-godox","20":"product_tag-alquiler-foco-puntual-cob","21":"product_tag-alquiler-godox-mg2400r-k2-knowled-g-mount-rgb-cob-light","22":"product_tag-alquiler-godox-mg2400r-k2","23":"product_tag-alquiler-godox-mg2400r","24":"product_tag-alquiler-proyector-godox","25":"product_tag-luz","27":"first","28":"instock","29":"shipping-taxable","30":"purchasable","31":"product-type-simple"},"acf":[],"yoast_head":"<!-- This site is optimized with the Yoast SEO plugin v26.2 - https:\/\/yoast.com\/wordpress\/plugins\/seo\/ -->\n<title>GODOX MG2400R K2 KNOWLED G-MOUNT RGB COB LIGHT - Wevision<\/title>\n<meta name=\"description\" content=\"El\u00a0Godox KNOWLED MG2400R K2 G-Mount RGB COB Light\u00a0es un\u00a0COB LED full color de alta potencia (\u22482650 W) dise\u00f1ado para cine, publicidad y broadcast. Con un...\" \/>\n<meta name=\"robots\" content=\"index, follow, max-snippet:-1, max-image-preview:large, max-video-preview:-1\" \/>\n<link rel=\"canonical\" href=\"https:\/\/welabplus.com\/wevision\/catalogo\/led\/foco-puntual-cob\/godox\/godox-mg2400r-k2-knowled-g-mount-rgb-cob-light\/\" \/>\n<meta property=\"og:locale\" content=\"es_ES\" \/>\n<meta property=\"og:type\" content=\"article\" \/>\n<meta property=\"og:title\" content=\"GODOX MG2400R K2 KNOWLED G-MOUNT RGB COB LIGHT - Wevision\" \/>\n<meta property=\"og:description\" content=\"El\u00a0Godox KNOWLED MG2400R K2 G-Mount RGB COB Light\u00a0es un\u00a0COB LED full color de alta potencia (\u22482650 W) dise\u00f1ado para cine, publicidad y broadcast. Con un...\" \/>\n<meta property=\"og:url\" content=\"https:\/\/welabplus.com\/wevision\/catalogo\/led\/foco-puntual-cob\/godox\/godox-mg2400r-k2-knowled-g-mount-rgb-cob-light\/\" \/>\n<meta property=\"og:site_name\" content=\"Wevision\" \/>\n<meta property=\"article:publisher\" content=\"https:\/\/www.facebook.com\/welab.es\/\" \/>\n<meta property=\"article:modified_time\" content=\"2026-03-27T11:23:24+00:00\" \/>\n<meta property=\"og:image\" content=\"https:\/\/welabplus.com\/wevision\/wp-content\/uploads\/2025\/11\/ALQUILER-GODOX-KNOWLED-MG2400R-K2-RGB-LIGHT-2400WS-W-FLIGHT-CASE-WEVISION.jpg\" \/>\n\t<meta property=\"og:image:width\" content=\"933\" \/>\n\t<meta property=\"og:image:height\" content=\"557\" \/>\n\t<meta property=\"og:image:type\" content=\"image\/jpeg\" \/>\n<meta name=\"twitter:card\" content=\"summary_large_image\" \/>\n<meta name=\"twitter:site\" content=\"@welabspain\" \/>\n<meta name=\"twitter:label1\" content=\"Tiempo de lectura\" \/>\n\t<meta name=\"twitter:data1\" content=\"2 minutos\" \/>\n<script type=\"application\/ld+json\" class=\"yoast-schema-graph\">{\"@context\":\"https:\/\/schema.org\",\"@graph\":[{\"@type\":\"WebPage\",\"@id\":\"https:\/\/welabplus.com\/wevision\/catalogo\/led\/foco-puntual-cob\/godox\/godox-mg2400r-k2-knowled-g-mount-rgb-cob-light\/\",\"url\":\"https:\/\/welabplus.com\/wevision\/catalogo\/led\/foco-puntual-cob\/godox\/godox-mg2400r-k2-knowled-g-mount-rgb-cob-light\/\",\"name\":\"GODOX MG2400R K2 KNOWLED G-MOUNT RGB COB LIGHT - Wevision\",\"isPartOf\":{\"@id\":\"https:\/\/welabplus.com\/wevision\/#website\"},\"primaryImageOfPage\":{\"@id\":\"https:\/\/welabplus.com\/wevision\/catalogo\/led\/foco-puntual-cob\/godox\/godox-mg2400r-k2-knowled-g-mount-rgb-cob-light\/#primaryimage\"},\"image\":{\"@id\":\"https:\/\/welabplus.com\/wevision\/catalogo\/led\/foco-puntual-cob\/godox\/godox-mg2400r-k2-knowled-g-mount-rgb-cob-light\/#primaryimage\"},\"thumbnailUrl\":\"https:\/\/welabplus.com\/wevision\/wp-content\/uploads\/2025\/11\/ALQUILER-GODOX-KNOWLED-MG2400R-K2-RGB-LIGHT-2400WS-W-FLIGHT-CASE-WEVISION.jpg\",\"datePublished\":\"2025-11-27T11:12:51+00:00\",\"dateModified\":\"2026-03-27T11:23:24+00:00\",\"description\":\"El\u00a0Godox KNOWLED MG2400R K2 G-Mount RGB COB Light\u00a0es un\u00a0COB LED full color de alta potencia (\u22482650 W) dise\u00f1ado para cine, publicidad y broadcast. Con un...\",\"breadcrumb\":{\"@id\":\"https:\/\/welabplus.com\/wevision\/catalogo\/led\/foco-puntual-cob\/godox\/godox-mg2400r-k2-knowled-g-mount-rgb-cob-light\/#breadcrumb\"},\"inLanguage\":\"es\",\"potentialAction\":[{\"@type\":\"ReadAction\",\"target\":[\"https:\/\/welabplus.com\/wevision\/catalogo\/led\/foco-puntual-cob\/godox\/godox-mg2400r-k2-knowled-g-mount-rgb-cob-light\/\"]}]},{\"@type\":\"ImageObject\",\"inLanguage\":\"es\",\"@id\":\"https:\/\/welabplus.com\/wevision\/catalogo\/led\/foco-puntual-cob\/godox\/godox-mg2400r-k2-knowled-g-mount-rgb-cob-light\/#primaryimage\",\"url\":\"https:\/\/welabplus.com\/wevision\/wp-content\/uploads\/2025\/11\/ALQUILER-GODOX-KNOWLED-MG2400R-K2-RGB-LIGHT-2400WS-W-FLIGHT-CASE-WEVISION.jpg\",\"contentUrl\":\"https:\/\/welabplus.com\/wevision\/wp-content\/uploads\/2025\/11\/ALQUILER-GODOX-KNOWLED-MG2400R-K2-RGB-LIGHT-2400WS-W-FLIGHT-CASE-WEVISION.jpg\",\"width\":933,\"height\":557,\"caption\":\"ALQUILER GODOX KNOWLED MG2400R K2 RGB LIGHT 2400WS W FLIGHT CASE WEVISION\"},{\"@type\":\"BreadcrumbList\",\"@id\":\"https:\/\/welabplus.com\/wevision\/catalogo\/led\/foco-puntual-cob\/godox\/godox-mg2400r-k2-knowled-g-mount-rgb-cob-light\/#breadcrumb\",\"itemListElement\":[{\"@type\":\"ListItem\",\"position\":1,\"name\":\"Portada\",\"item\":\"https:\/\/welabplus.com\/wevision\/\"},{\"@type\":\"ListItem\",\"position\":2,\"name\":\"Cat\u00e1logo\",\"item\":\"https:\/\/welabplus.com\/wevision\/catalogo\/\"},{\"@type\":\"ListItem\",\"position\":3,\"name\":\"GODOX MG2400R K2 KNOWLED G-MOUNT RGB COB LIGHT\"}]},{\"@type\":\"WebSite\",\"@id\":\"https:\/\/welabplus.com\/wevision\/#website\",\"url\":\"https:\/\/welabplus.com\/wevision\/\",\"name\":\"Welabplus\",\"description\":\"C\u00e1maras y lentes para cine\",\"publisher\":{\"@id\":\"https:\/\/welabplus.com\/wevision\/#organization\"},\"potentialAction\":[{\"@type\":\"SearchAction\",\"target\":{\"@type\":\"EntryPoint\",\"urlTemplate\":\"https:\/\/welabplus.com\/wevision\/?s={search_term_string}\"},\"query-input\":{\"@type\":\"PropertyValueSpecification\",\"valueRequired\":true,\"valueName\":\"search_term_string\"}}],\"inLanguage\":\"es\"},{\"@type\":\"Organization\",\"@id\":\"https:\/\/welabplus.com\/wevision\/#organization\",\"name\":\"Welab Canary Islands\",\"url\":\"https:\/\/welabplus.com\/wevision\/\",\"logo\":{\"@type\":\"ImageObject\",\"inLanguage\":\"es\",\"@id\":\"https:\/\/welabplus.com\/wevision\/#\/schema\/logo\/image\/\",\"url\":\"\",\"contentUrl\":\"\",\"caption\":\"Welab Canary Islands\"},\"image\":{\"@id\":\"https:\/\/welabplus.com\/wevision\/#\/schema\/logo\/image\/\"},\"sameAs\":[\"https:\/\/www.facebook.com\/welab.es\/\",\"https:\/\/x.com\/welabspain\"]}]}<\/script>\n<!-- \/ Yoast SEO plugin. -->","yoast_head_json":{"title":"GODOX MG2400R K2 KNOWLED G-MOUNT RGB COB LIGHT - Wevision","description":"El\u00a0Godox KNOWLED MG2400R K2 G-Mount RGB COB Light\u00a0es un\u00a0COB LED full color de alta potencia (\u22482650 W) dise\u00f1ado para cine, publicidad y broadcast. Con un...","robots":{"index":"index","follow":"follow","max-snippet":"max-snippet:-1","max-image-preview":"max-image-preview:large","max-video-preview":"max-video-preview:-1"},"canonical":"https:\/\/welabplus.com\/wevision\/catalogo\/led\/foco-puntual-cob\/godox\/godox-mg2400r-k2-knowled-g-mount-rgb-cob-light\/","og_locale":"es_ES","og_type":"article","og_title":"GODOX MG2400R K2 KNOWLED G-MOUNT RGB COB LIGHT - Wevision","og_description":"El\u00a0Godox KNOWLED MG2400R K2 G-Mount RGB COB Light\u00a0es un\u00a0COB LED full color de alta potencia (\u22482650 W) dise\u00f1ado para cine, publicidad y broadcast. Con un...","og_url":"https:\/\/welabplus.com\/wevision\/catalogo\/led\/foco-puntual-cob\/godox\/godox-mg2400r-k2-knowled-g-mount-rgb-cob-light\/","og_site_name":"Wevision","article_publisher":"https:\/\/www.facebook.com\/welab.es\/","article_modified_time":"2026-03-27T11:23:24+00:00","og_image":[{"width":933,"height":557,"url":"https:\/\/welabplus.com\/wevision\/wp-content\/uploads\/2025\/11\/ALQUILER-GODOX-KNOWLED-MG2400R-K2-RGB-LIGHT-2400WS-W-FLIGHT-CASE-WEVISION.jpg","type":"image\/jpeg"}],"twitter_card":"summary_large_image","twitter_site":"@welabspain","twitter_misc":{"Tiempo de lectura":"2 minutos"},"schema":{"@context":"https:\/\/schema.org","@graph":[{"@type":"WebPage","@id":"https:\/\/welabplus.com\/wevision\/catalogo\/led\/foco-puntual-cob\/godox\/godox-mg2400r-k2-knowled-g-mount-rgb-cob-light\/","url":"https:\/\/welabplus.com\/wevision\/catalogo\/led\/foco-puntual-cob\/godox\/godox-mg2400r-k2-knowled-g-mount-rgb-cob-light\/","name":"GODOX MG2400R K2 KNOWLED G-MOUNT RGB COB LIGHT - Wevision","isPartOf":{"@id":"https:\/\/welabplus.com\/wevision\/#website"},"primaryImageOfPage":{"@id":"https:\/\/welabplus.com\/wevision\/catalogo\/led\/foco-puntual-cob\/godox\/godox-mg2400r-k2-knowled-g-mount-rgb-cob-light\/#primaryimage"},"image":{"@id":"https:\/\/welabplus.com\/wevision\/catalogo\/led\/foco-puntual-cob\/godox\/godox-mg2400r-k2-knowled-g-mount-rgb-cob-light\/#primaryimage"},"thumbnailUrl":"https:\/\/welabplus.com\/wevision\/wp-content\/uploads\/2025\/11\/ALQUILER-GODOX-KNOWLED-MG2400R-K2-RGB-LIGHT-2400WS-W-FLIGHT-CASE-WEVISION.jpg","datePublished":"2025-11-27T11:12:51+00:00","dateModified":"2026-03-27T11:23:24+00:00","description":"El\u00a0Godox KNOWLED MG2400R K2 G-Mount RGB COB Light\u00a0es un\u00a0COB LED full color de alta potencia (\u22482650 W) dise\u00f1ado para cine, publicidad y broadcast. Con un...","breadcrumb":{"@id":"https:\/\/welabplus.com\/wevision\/catalogo\/led\/foco-puntual-cob\/godox\/godox-mg2400r-k2-knowled-g-mount-rgb-cob-light\/#breadcrumb"},"inLanguage":"es","potentialAction":[{"@type":"ReadAction","target":["https:\/\/welabplus.com\/wevision\/catalogo\/led\/foco-puntual-cob\/godox\/godox-mg2400r-k2-knowled-g-mount-rgb-cob-light\/"]}]},{"@type":"ImageObject","inLanguage":"es","@id":"https:\/\/welabplus.com\/wevision\/catalogo\/led\/foco-puntual-cob\/godox\/godox-mg2400r-k2-knowled-g-mount-rgb-cob-light\/#primaryimage","url":"https:\/\/welabplus.com\/wevision\/wp-content\/uploads\/2025\/11\/ALQUILER-GODOX-KNOWLED-MG2400R-K2-RGB-LIGHT-2400WS-W-FLIGHT-CASE-WEVISION.jpg","contentUrl":"https:\/\/welabplus.com\/wevision\/wp-content\/uploads\/2025\/11\/ALQUILER-GODOX-KNOWLED-MG2400R-K2-RGB-LIGHT-2400WS-W-FLIGHT-CASE-WEVISION.jpg","width":933,"height":557,"caption":"ALQUILER GODOX KNOWLED MG2400R K2 RGB LIGHT 2400WS W FLIGHT CASE WEVISION"},{"@type":"BreadcrumbList","@id":"https:\/\/welabplus.com\/wevision\/catalogo\/led\/foco-puntual-cob\/godox\/godox-mg2400r-k2-knowled-g-mount-rgb-cob-light\/#breadcrumb","itemListElement":[{"@type":"ListItem","position":1,"name":"Portada","item":"https:\/\/welabplus.com\/wevision\/"},{"@type":"ListItem","position":2,"name":"Cat\u00e1logo","item":"https:\/\/welabplus.com\/wevision\/catalogo\/"},{"@type":"ListItem","position":3,"name":"GODOX MG2400R K2 KNOWLED G-MOUNT RGB COB LIGHT"}]},{"@type":"WebSite","@id":"https:\/\/welabplus.com\/wevision\/#website","url":"https:\/\/welabplus.com\/wevision\/","name":"Welabplus","description":"C\u00e1maras y lentes para cine","publisher":{"@id":"https:\/\/welabplus.com\/wevision\/#organization"},"potentialAction":[{"@type":"SearchAction","target":{"@type":"EntryPoint","urlTemplate":"https:\/\/welabplus.com\/wevision\/?s={search_term_string}"},"query-input":{"@type":"PropertyValueSpecification","valueRequired":true,"valueName":"search_term_string"}}],"inLanguage":"es"},{"@type":"Organization","@id":"https:\/\/welabplus.com\/wevision\/#organization","name":"Welab Canary Islands","url":"https:\/\/welabplus.com\/wevision\/","logo":{"@type":"ImageObject","inLanguage":"es","@id":"https:\/\/welabplus.com\/wevision\/#\/schema\/logo\/image\/","url":"","contentUrl":"","caption":"Welab Canary Islands"},"image":{"@id":"https:\/\/welabplus.com\/wevision\/#\/schema\/logo\/image\/"},"sameAs":["https:\/\/www.facebook.com\/welab.es\/","https:\/\/x.com\/welabspain"]}]}},"_links":{"self":[{"href":"https:\/\/welabplus.com\/wevision\/wp-json\/wp\/v2\/product\/28262","targetHints":{"allow":["GET"]}}],"collection":[{"href":"https:\/\/welabplus.com\/wevision\/wp-json\/wp\/v2\/product"}],"about":[{"href":"https:\/\/welabplus.com\/wevision\/wp-json\/wp\/v2\/types\/product"}],"replies":[{"embeddable":true,"href":"https:\/\/welabplus.com\/wevision\/wp-json\/wp\/v2\/comments?post=28262"}],"wp:featuredmedia":[{"embeddable":true,"href":"https:\/\/welabplus.com\/wevision\/wp-json\/wp\/v2\/media\/28274"}],"wp:attachment":[{"href":"https:\/\/welabplus.com\/wevision\/wp-json\/wp\/v2\/media?parent=28262"}],"wp:term":[{"taxonomy":"product_brand","embeddable":true,"href":"https:\/\/welabplus.com\/wevision\/wp-json\/wp\/v2\/product_brand?post=28262"},{"taxonomy":"product_cat","embeddable":true,"href":"https:\/\/welabplus.com\/wevision\/wp-json\/wp\/v2\/product_cat?post=28262"},{"taxonomy":"product_tag","embeddable":true,"href":"https:\/\/welabplus.com\/wevision\/wp-json\/wp\/v2\/product_tag?post=28262"}],"curies":[{"name":"wp","href":"https:\/\/api.w.org\/{rel}","templated":true}]}}