{"id":28213,"date":"2025-11-24T11:24:40","date_gmt":"2025-11-24T10:24:40","guid":{"rendered":"https:\/\/welabplus.com\/wevision\/?post_type=product&#038;p=28213"},"modified":"2026-03-27T12:22:22","modified_gmt":"2026-03-27T11:22:22","slug":"godox-mg4kr-knowled-g-mount-rgb","status":"publish","type":"product","link":"https:\/\/welabplus.com\/wevision\/catalogo\/led\/foco-puntual-cob\/godox\/godox-mg4kr-knowled-g-mount-rgb\/","title":{"rendered":"GODOX MG4KR KNOWLED G MOUNT RGB"},"content":{"rendered":"<p><a href=\"https:\/\/welabplus.com\/wevision\/portfolio-item\/godox-mg4kr-vs-mg2400r\/?preview_id=28579&amp;preview_nonce=31e731b2e9&amp;_thumbnail_id=28608&amp;preview=true\"><img loading=\"lazy\" decoding=\"async\" class=\"alignnone wp-image-28286 size-full\" src=\"https:\/\/welabplus.com\/wevision\/wp-content\/uploads\/2025\/11\/ICO-COMPARISON-WEVISION.png\" alt=\"ICO COMPARISON WEVISION\" width=\"100\" height=\"100\" srcset=\"https:\/\/welabplus.com\/wevision\/wp-content\/uploads\/2025\/11\/ICO-COMPARISON-WEVISION.png 100w, https:\/\/welabplus.com\/wevision\/wp-content\/uploads\/2025\/11\/ICO-COMPARISON-WEVISION-80x80.png 80w\" sizes=\"auto, (max-width: 100px) 100vw, 100px\" \/><\/a><\/p>\n<p>El <strong>Godox MG4K<\/strong> <strong>Knowled G Mount RGB<\/strong> ofrece un brillo excepcional con la mitad de energ\u00eda que una HMI 4K tradicional, alcanzando 25 600 lux con solo 2000 W en lugar de 4000 W. Brilla con m\u00e1s intensidad y es m\u00e1s ecol\u00f3gico. M\u00e1s brillante que una HMI 4K.<\/p>\n<p>&nbsp;<\/p>\n<p class=\"Protit\"><strong><span dir=\"auto\">La mitad del peso de una HMI 4K<\/span><\/strong><\/p>\n<p class=\"Prodes\"><span dir=\"auto\">Con un peso de tan solo 10 kg, el MG4K ofrece una salida l\u00edder en su clase en un tama\u00f1o compacto, lo que hace que el montaje, el movimiento y el posicionamiento en el set sean m\u00e1s r\u00e1pidos y seguros.<\/span><\/p>\n<p>&nbsp;<\/p>\n<p><strong><span dir=\"auto\">M\u00e1xima eficiencia \u00f3ptica<\/span><\/strong><\/p>\n<div><span dir=\"auto\">El Godox MG4K maximiza la eficiencia \u00f3ptica gracias a su avanzado motor de luz. Con el \u00e1rea de emisi\u00f3n m\u00e1s peque\u00f1a de la industria, ofrece la mayor eficiencia, una eficacia luminosa \u00f3ptima (110 lm\/W) y el m\u00e1ximo brillo en su categor\u00eda de potencia.<\/span><\/div>\n<div><\/div>\n<p><strong><span dir=\"auto\">Refrigeraci\u00f3n eficiente para un rendimiento estable<\/span><\/strong><\/p>\n<div class=\"Prodes\"><span dir=\"auto\">Dise\u00f1ado para un alto rendimiento en un formato compacto, el sistema de enfriamiento avanzado de Godox ofrece una disipaci\u00f3n de calor m\u00e1s r\u00e1pida del 67%, manteniendo al MG4K fresco y confiable durante cada sesi\u00f3n, lo que garantiza un rendimiento constante y una vida \u00fatil m\u00e1s larga.<\/span><\/div>\n<div><\/div>\n<p class=\"Protit\"><strong><span dir=\"auto\">Iluminaci\u00f3n de precisi\u00f3n y funcionamiento flexible<\/span><\/strong><\/p>\n<div class=\"Prodes\"><span dir=\"auto\">El MG4K ofrece un brillo preciso, una reproducci\u00f3n de color exacta, una atenuaci\u00f3n del 0,1 % y un funcionamiento vers\u00e1til, satisfaciendo las exigentes necesidades de las producciones de cine y televisi\u00f3n.<\/span><\/div>\n<div><\/div>\n<p class=\"Protit\"><strong><span dir=\"auto\">Ecosistema de accesorios de montura G<\/span><\/strong><\/p>\n<div class=\"Prodes\"><span dir=\"auto\">El MG4K cuenta con un ecosistema G-Mount vers\u00e1til, compatible con 16 modificadores profesionales, desde reflectores, Fresnel y Beamlight hasta accesorios de proyecci\u00f3n, softboxes, Liteflow y difusi\u00f3n ajustable, lo que garantiza una compatibilidad completa de accesorios.<\/span><\/div>\n<p>&nbsp;<\/p>\n<h3>Especificaciones T\u00e9cnicas:<\/h3>\n<table data-sort=\"sortDisabled\">\n<tbody>\n<tr class=\"firstRow\">\n<td align=\"left\" valign=\"middle\" width=\"723\"><strong><span dir=\"auto\">Modelo<\/span><\/strong><\/td>\n<td align=\"left\" valign=\"middle\" width=\"723\"><strong><span dir=\"auto\">MG4K<\/span><\/strong><\/td>\n<\/tr>\n<tr>\n<td align=\"left\" valign=\"middle\" width=\"723\"><span dir=\"auto\">Puerto de entrada de CA<\/span><\/td>\n<td align=\"left\" valign=\"middle\" width=\"723\"><span dir=\"auto\">100 V \uff5e 60 Hz 2300 W 240 V \uff5e 50 Hz 2260 W<\/span><\/td>\n<\/tr>\n<tr>\n<td align=\"left\" valign=\"middle\" width=\"723\"><span dir=\"auto\">Gama CCT<\/span><\/td>\n<td align=\"left\" valign=\"middle\" width=\"723\"><span dir=\"auto\">2800K-10000K<\/span><\/td>\n<\/tr>\n<tr>\n<td align=\"left\" valign=\"middle\" width=\"723\"><span dir=\"auto\">Gama GM<\/span><\/td>\n<td align=\"left\" valign=\"middle\" width=\"723\"><span dir=\"auto\">-100%\uff5e100%<\/span><\/td>\n<\/tr>\n<tr>\n<td align=\"left\" valign=\"middle\" width=\"723\"><span dir=\"auto\">Rango de brillo<\/span><\/td>\n<td align=\"left\" valign=\"middle\" width=\"723\"><span dir=\"auto\">0,0% \uff5e 100,0%<\/span><\/td>\n<\/tr>\n<tr>\n<td colspan=\"1\" rowspan=\"1\" align=\"left\" valign=\"middle\"><span dir=\"auto\">Curvas de atenuaci\u00f3n<\/span><\/td>\n<td colspan=\"1\" rowspan=\"1\" align=\"left\" valign=\"middle\"><span dir=\"auto\">lineal, curva S, exponencial, logar\u00edtmica<\/span><\/td>\n<\/tr>\n<tr>\n<td colspan=\"1\" rowspan=\"1\" align=\"left\" valign=\"middle\"><span dir=\"auto\">Modos FX<\/span><\/td>\n<td colspan=\"1\" rowspan=\"1\" align=\"left\" valign=\"middle\"><span dir=\"auto\">11<\/span><\/td>\n<\/tr>\n<tr>\n<td align=\"left\" valign=\"middle\" width=\"723\"><span dir=\"auto\">CRI<\/span><\/td>\n<td align=\"left\" valign=\"middle\" width=\"723\"><span dir=\"auto\">\u224897<\/span><\/td>\n<\/tr>\n<tr>\n<td align=\"left\" valign=\"middle\" width=\"723\"><span dir=\"auto\">TLCI<\/span><\/td>\n<td align=\"left\" valign=\"middle\" width=\"723\"><span dir=\"auto\">\u224898<\/span><\/td>\n<\/tr>\n<tr>\n<td align=\"left\" valign=\"middle\" width=\"723\"><span dir=\"auto\">Cuerpo de luz\/controlador<\/span><span dir=\"auto\">Grado de protecci\u00f3n<\/span><\/td>\n<td align=\"left\" valign=\"middle\" width=\"723\"><span dir=\"auto\">IP65<\/span><\/td>\n<\/tr>\n<tr>\n<td colspan=\"1\" rowspan=\"1\" align=\"left\" valign=\"middle\"><span dir=\"auto\">M\u00e9todos de control<\/span><\/td>\n<td colspan=\"1\" rowspan=\"1\" align=\"left\" valign=\"middle\"><span dir=\"auto\">Control por controlador DMX\/RDM, CRMX, Ethernet, Bluetooth, inal\u00e1mbrico o cableado<\/span><\/td>\n<\/tr>\n<tr>\n<td colspan=\"1\" rowspan=\"1\" align=\"left\" valign=\"middle\"><span dir=\"auto\">Control de distancia por Bluetooth<\/span><\/td>\n<td colspan=\"1\" rowspan=\"1\" align=\"left\" valign=\"middle\"><span dir=\"auto\">60 metros<\/span><\/td>\n<\/tr>\n<tr>\n<td align=\"left\" valign=\"middle\" width=\"723\"><span dir=\"auto\">Puerto USB-A<\/span><\/td>\n<td align=\"left\" valign=\"middle\" width=\"723\"><span dir=\"auto\">Actualizaci\u00f3n de firmware\/Fuente de alimentaci\u00f3n de 5 V y 1,5 A<\/span><\/td>\n<\/tr>\n<tr>\n<td colspan=\"1\" rowspan=\"1\" align=\"left\" valign=\"middle\"><span dir=\"auto\">Temperatura del entorno de trabajo<\/span><\/td>\n<td colspan=\"1\" rowspan=\"1\" align=\"left\" valign=\"middle\"><span dir=\"auto\">-20\u2103\uff5e45\u2103<\/span><\/td>\n<\/tr>\n<tr>\n<td colspan=\"1\" rowspan=\"2\" align=\"left\" valign=\"middle\" width=\"723\"><span dir=\"auto\">Dimensi\u00f3n (sin soporte tipo U ni reflector) \u2248<\/span><\/td>\n<td align=\"left\" valign=\"middle\" width=\"723\"><span dir=\"auto\">Cuerpo de luz: 10,43&#8243; x 13,35&#8243; x 11,81&#8243;<\/span><\/td>\n<\/tr>\n<tr>\n<td colspan=\"1\" rowspan=\"1\" align=\"left\" valign=\"middle\"><span dir=\"auto\">Controlador: 9,37&#8243; x 6,97&#8243; x 12,99&#8243;<\/span><\/td>\n<\/tr>\n<tr>\n<td colspan=\"1\" rowspan=\"2\" align=\"left\" valign=\"middle\"><span dir=\"auto\">Peso neto (sin tipo U) <\/span>soporte y reflector)\u2248<\/td>\n<td colspan=\"1\" rowspan=\"1\" align=\"left\" valign=\"middle\"><span dir=\"auto\">Cuerpo ligero: 10 kg<\/span><\/td>\n<\/tr>\n<tr>\n<td colspan=\"1\" rowspan=\"1\" align=\"left\" valign=\"middle\"><span dir=\"auto\">Controlador: 6,4 kg<\/span><\/td>\n<\/tr>\n<\/tbody>\n<\/table>\n<p>&nbsp;<\/p>\n<p><strong>M\u00e1s informaci\u00f3n<\/strong> en la\u00a0<a href=\"https:\/\/www.godox.com\/product-e\/KNOWLED\/MG4K.html\">web del anunciante.<\/a><\/p>\n<div>\n<div class=\"\">\n<p>&nbsp;<\/p>\n<\/div>\n<\/div>\n<hr \/>\n<div class=\"social-icon social-big\"><a href=\"https:\/\/www.facebook.com\/welabplus\/\" target=\"_blank\" title=\"\"><i class=\"fa fa-facebook\"><\/i><\/a><\/div>\n<div class=\"social-icon social-big\"><a href=\"https:\/\/twitter.com\/welabplus\" target=\"_blank\" title=\"\"><i class=\"fa fa-twitter\"><\/i><\/a><\/div>\n<div class=\"social-icon social-big\"><a href=\"https:\/\/www.instagram.com\/welabplus\/?hl=es\" target=\"_blank\" title=\"\"><i class=\"fa fa-instagram\"><\/i><\/a><\/div>\n<div class=\"social-icon social-big\"><a href=\"https:\/\/www.linkedin.com\/company\/welabplus\" target=\"_blank\" title=\"\"><i class=\"fa fa-linkedin\"><\/i><\/a><\/div>\n","protected":false},"excerpt":{"rendered":"<p>El Godox MG4K Knowled G Mount RGB ofrece un brillo excepcional con la mitad de energ\u00eda que una HMI 4K [&hellip;]<\/p>\n","protected":false},"featured_media":28202,"comment_status":"closed","ping_status":"closed","template":"","meta":{"_acf_changed":false,"inline_featured_image":false},"product_brand":[],"product_cat":[9456,6293],"product_tag":[9474,9478,9479,9506,9507,6258,9534,8133,8136,9345,9356,9357,9358,9359,9360,9457,9458],"class_list":{"0":"post-28213","1":"product","2":"type-product","3":"status-publish","4":"has-post-thumbnail","6":"product_cat-godox","7":"product_cat-foco-puntual-cob","8":"product_tag-godox","9":"product_tag-g-mount","10":"product_tag-knowled","11":"product_tag-k2","12":"product_tag-rgb","13":"product_tag-iluminacion","14":"product_tag-mg4kr","15":"product_tag-alquiler-luces-led","16":"product_tag-light","17":"product_tag-alquiler-godox","18":"product_tag-alquiler-godox-mg4kr-knowled-g-mount","19":"product_tag-alquiler-godox-mg4kr","20":"product_tag-godox-mg4kr","21":"product_tag-alquiler-iluminacion-foco-puntual-cob","22":"product_tag-alquiler-foco-puntual-led","23":"product_tag-luz","24":"product_tag-wevision","26":"first","27":"instock","28":"shipping-taxable","29":"purchasable","30":"product-type-simple"},"acf":[],"yoast_head":"<!-- This site is optimized with the Yoast SEO plugin v26.2 - https:\/\/yoast.com\/wordpress\/plugins\/seo\/ -->\n<title>GODOX MG4KR KNOWLED G MOUNT RGB - Wevision<\/title>\n<meta name=\"description\" content=\"El Godox MG4K Knowled G Mount RGB ofrece un brillo excepcional con la mitad de energ\u00eda que una HMI 4K tradicional, alcanzando 25 600 lux con solo 2000 W...\" \/>\n<meta name=\"robots\" content=\"index, follow, max-snippet:-1, max-image-preview:large, max-video-preview:-1\" \/>\n<link rel=\"canonical\" href=\"https:\/\/welabplus.com\/wevision\/catalogo\/led\/foco-puntual-cob\/godox\/godox-mg4kr-knowled-g-mount-rgb\/\" \/>\n<meta property=\"og:locale\" content=\"es_ES\" \/>\n<meta property=\"og:type\" content=\"article\" \/>\n<meta property=\"og:title\" content=\"GODOX MG4KR KNOWLED G MOUNT RGB - Wevision\" \/>\n<meta property=\"og:description\" content=\"El Godox MG4K Knowled G Mount RGB ofrece un brillo excepcional con la mitad de energ\u00eda que una HMI 4K tradicional, alcanzando 25 600 lux con solo 2000 W...\" \/>\n<meta property=\"og:url\" content=\"https:\/\/welabplus.com\/wevision\/catalogo\/led\/foco-puntual-cob\/godox\/godox-mg4kr-knowled-g-mount-rgb\/\" \/>\n<meta property=\"og:site_name\" content=\"Wevision\" \/>\n<meta property=\"article:publisher\" content=\"https:\/\/www.facebook.com\/welab.es\/\" \/>\n<meta property=\"article:modified_time\" content=\"2026-03-27T11:22:22+00:00\" \/>\n<meta property=\"og:image\" content=\"https:\/\/welabplus.com\/wevision\/wp-content\/uploads\/2025\/11\/ALQUILER-GODOX-MG4KR-KNOWLED-G-MOUNT-RGB-WEVISION.jpg\" \/>\n\t<meta property=\"og:image:width\" content=\"933\" \/>\n\t<meta property=\"og:image:height\" content=\"557\" \/>\n\t<meta property=\"og:image:type\" content=\"image\/jpeg\" \/>\n<meta name=\"twitter:card\" content=\"summary_large_image\" \/>\n<meta name=\"twitter:site\" content=\"@welabspain\" \/>\n<meta name=\"twitter:label1\" content=\"Tiempo de lectura\" \/>\n\t<meta name=\"twitter:data1\" content=\"3 minutos\" \/>\n<script type=\"application\/ld+json\" class=\"yoast-schema-graph\">{\"@context\":\"https:\/\/schema.org\",\"@graph\":[{\"@type\":\"WebPage\",\"@id\":\"https:\/\/welabplus.com\/wevision\/catalogo\/led\/foco-puntual-cob\/godox\/godox-mg4kr-knowled-g-mount-rgb\/\",\"url\":\"https:\/\/welabplus.com\/wevision\/catalogo\/led\/foco-puntual-cob\/godox\/godox-mg4kr-knowled-g-mount-rgb\/\",\"name\":\"GODOX MG4KR KNOWLED G MOUNT RGB - Wevision\",\"isPartOf\":{\"@id\":\"https:\/\/welabplus.com\/wevision\/#website\"},\"primaryImageOfPage\":{\"@id\":\"https:\/\/welabplus.com\/wevision\/catalogo\/led\/foco-puntual-cob\/godox\/godox-mg4kr-knowled-g-mount-rgb\/#primaryimage\"},\"image\":{\"@id\":\"https:\/\/welabplus.com\/wevision\/catalogo\/led\/foco-puntual-cob\/godox\/godox-mg4kr-knowled-g-mount-rgb\/#primaryimage\"},\"thumbnailUrl\":\"https:\/\/welabplus.com\/wevision\/wp-content\/uploads\/2025\/11\/ALQUILER-GODOX-MG4KR-KNOWLED-G-MOUNT-RGB-WEVISION.jpg\",\"datePublished\":\"2025-11-24T10:24:40+00:00\",\"dateModified\":\"2026-03-27T11:22:22+00:00\",\"description\":\"El Godox MG4K Knowled G Mount RGB ofrece un brillo excepcional con la mitad de energ\u00eda que una HMI 4K tradicional, alcanzando 25 600 lux con solo 2000 W...\",\"breadcrumb\":{\"@id\":\"https:\/\/welabplus.com\/wevision\/catalogo\/led\/foco-puntual-cob\/godox\/godox-mg4kr-knowled-g-mount-rgb\/#breadcrumb\"},\"inLanguage\":\"es\",\"potentialAction\":[{\"@type\":\"ReadAction\",\"target\":[\"https:\/\/welabplus.com\/wevision\/catalogo\/led\/foco-puntual-cob\/godox\/godox-mg4kr-knowled-g-mount-rgb\/\"]}]},{\"@type\":\"ImageObject\",\"inLanguage\":\"es\",\"@id\":\"https:\/\/welabplus.com\/wevision\/catalogo\/led\/foco-puntual-cob\/godox\/godox-mg4kr-knowled-g-mount-rgb\/#primaryimage\",\"url\":\"https:\/\/welabplus.com\/wevision\/wp-content\/uploads\/2025\/11\/ALQUILER-GODOX-MG4KR-KNOWLED-G-MOUNT-RGB-WEVISION.jpg\",\"contentUrl\":\"https:\/\/welabplus.com\/wevision\/wp-content\/uploads\/2025\/11\/ALQUILER-GODOX-MG4KR-KNOWLED-G-MOUNT-RGB-WEVISION.jpg\",\"width\":933,\"height\":557,\"caption\":\"ALQUILER GODOX MG4KR KNOWLED G MOUNT RGB WEVISION\"},{\"@type\":\"BreadcrumbList\",\"@id\":\"https:\/\/welabplus.com\/wevision\/catalogo\/led\/foco-puntual-cob\/godox\/godox-mg4kr-knowled-g-mount-rgb\/#breadcrumb\",\"itemListElement\":[{\"@type\":\"ListItem\",\"position\":1,\"name\":\"Portada\",\"item\":\"https:\/\/welabplus.com\/wevision\/\"},{\"@type\":\"ListItem\",\"position\":2,\"name\":\"Cat\u00e1logo\",\"item\":\"https:\/\/welabplus.com\/wevision\/catalogo\/\"},{\"@type\":\"ListItem\",\"position\":3,\"name\":\"GODOX MG4KR KNOWLED G MOUNT RGB\"}]},{\"@type\":\"WebSite\",\"@id\":\"https:\/\/welabplus.com\/wevision\/#website\",\"url\":\"https:\/\/welabplus.com\/wevision\/\",\"name\":\"Welabplus\",\"description\":\"C\u00e1maras y lentes para cine\",\"publisher\":{\"@id\":\"https:\/\/welabplus.com\/wevision\/#organization\"},\"potentialAction\":[{\"@type\":\"SearchAction\",\"target\":{\"@type\":\"EntryPoint\",\"urlTemplate\":\"https:\/\/welabplus.com\/wevision\/?s={search_term_string}\"},\"query-input\":{\"@type\":\"PropertyValueSpecification\",\"valueRequired\":true,\"valueName\":\"search_term_string\"}}],\"inLanguage\":\"es\"},{\"@type\":\"Organization\",\"@id\":\"https:\/\/welabplus.com\/wevision\/#organization\",\"name\":\"Welab Canary Islands\",\"url\":\"https:\/\/welabplus.com\/wevision\/\",\"logo\":{\"@type\":\"ImageObject\",\"inLanguage\":\"es\",\"@id\":\"https:\/\/welabplus.com\/wevision\/#\/schema\/logo\/image\/\",\"url\":\"\",\"contentUrl\":\"\",\"caption\":\"Welab Canary Islands\"},\"image\":{\"@id\":\"https:\/\/welabplus.com\/wevision\/#\/schema\/logo\/image\/\"},\"sameAs\":[\"https:\/\/www.facebook.com\/welab.es\/\",\"https:\/\/x.com\/welabspain\"]}]}<\/script>\n<!-- \/ Yoast SEO plugin. -->","yoast_head_json":{"title":"GODOX MG4KR KNOWLED G MOUNT RGB - Wevision","description":"El Godox MG4K Knowled G Mount RGB ofrece un brillo excepcional con la mitad de energ\u00eda que una HMI 4K tradicional, alcanzando 25 600 lux con solo 2000 W...","robots":{"index":"index","follow":"follow","max-snippet":"max-snippet:-1","max-image-preview":"max-image-preview:large","max-video-preview":"max-video-preview:-1"},"canonical":"https:\/\/welabplus.com\/wevision\/catalogo\/led\/foco-puntual-cob\/godox\/godox-mg4kr-knowled-g-mount-rgb\/","og_locale":"es_ES","og_type":"article","og_title":"GODOX MG4KR KNOWLED G MOUNT RGB - Wevision","og_description":"El Godox MG4K Knowled G Mount RGB ofrece un brillo excepcional con la mitad de energ\u00eda que una HMI 4K tradicional, alcanzando 25 600 lux con solo 2000 W...","og_url":"https:\/\/welabplus.com\/wevision\/catalogo\/led\/foco-puntual-cob\/godox\/godox-mg4kr-knowled-g-mount-rgb\/","og_site_name":"Wevision","article_publisher":"https:\/\/www.facebook.com\/welab.es\/","article_modified_time":"2026-03-27T11:22:22+00:00","og_image":[{"width":933,"height":557,"url":"https:\/\/welabplus.com\/wevision\/wp-content\/uploads\/2025\/11\/ALQUILER-GODOX-MG4KR-KNOWLED-G-MOUNT-RGB-WEVISION.jpg","type":"image\/jpeg"}],"twitter_card":"summary_large_image","twitter_site":"@welabspain","twitter_misc":{"Tiempo de lectura":"3 minutos"},"schema":{"@context":"https:\/\/schema.org","@graph":[{"@type":"WebPage","@id":"https:\/\/welabplus.com\/wevision\/catalogo\/led\/foco-puntual-cob\/godox\/godox-mg4kr-knowled-g-mount-rgb\/","url":"https:\/\/welabplus.com\/wevision\/catalogo\/led\/foco-puntual-cob\/godox\/godox-mg4kr-knowled-g-mount-rgb\/","name":"GODOX MG4KR KNOWLED G MOUNT RGB - Wevision","isPartOf":{"@id":"https:\/\/welabplus.com\/wevision\/#website"},"primaryImageOfPage":{"@id":"https:\/\/welabplus.com\/wevision\/catalogo\/led\/foco-puntual-cob\/godox\/godox-mg4kr-knowled-g-mount-rgb\/#primaryimage"},"image":{"@id":"https:\/\/welabplus.com\/wevision\/catalogo\/led\/foco-puntual-cob\/godox\/godox-mg4kr-knowled-g-mount-rgb\/#primaryimage"},"thumbnailUrl":"https:\/\/welabplus.com\/wevision\/wp-content\/uploads\/2025\/11\/ALQUILER-GODOX-MG4KR-KNOWLED-G-MOUNT-RGB-WEVISION.jpg","datePublished":"2025-11-24T10:24:40+00:00","dateModified":"2026-03-27T11:22:22+00:00","description":"El Godox MG4K Knowled G Mount RGB ofrece un brillo excepcional con la mitad de energ\u00eda que una HMI 4K tradicional, alcanzando 25 600 lux con solo 2000 W...","breadcrumb":{"@id":"https:\/\/welabplus.com\/wevision\/catalogo\/led\/foco-puntual-cob\/godox\/godox-mg4kr-knowled-g-mount-rgb\/#breadcrumb"},"inLanguage":"es","potentialAction":[{"@type":"ReadAction","target":["https:\/\/welabplus.com\/wevision\/catalogo\/led\/foco-puntual-cob\/godox\/godox-mg4kr-knowled-g-mount-rgb\/"]}]},{"@type":"ImageObject","inLanguage":"es","@id":"https:\/\/welabplus.com\/wevision\/catalogo\/led\/foco-puntual-cob\/godox\/godox-mg4kr-knowled-g-mount-rgb\/#primaryimage","url":"https:\/\/welabplus.com\/wevision\/wp-content\/uploads\/2025\/11\/ALQUILER-GODOX-MG4KR-KNOWLED-G-MOUNT-RGB-WEVISION.jpg","contentUrl":"https:\/\/welabplus.com\/wevision\/wp-content\/uploads\/2025\/11\/ALQUILER-GODOX-MG4KR-KNOWLED-G-MOUNT-RGB-WEVISION.jpg","width":933,"height":557,"caption":"ALQUILER GODOX MG4KR KNOWLED G MOUNT RGB WEVISION"},{"@type":"BreadcrumbList","@id":"https:\/\/welabplus.com\/wevision\/catalogo\/led\/foco-puntual-cob\/godox\/godox-mg4kr-knowled-g-mount-rgb\/#breadcrumb","itemListElement":[{"@type":"ListItem","position":1,"name":"Portada","item":"https:\/\/welabplus.com\/wevision\/"},{"@type":"ListItem","position":2,"name":"Cat\u00e1logo","item":"https:\/\/welabplus.com\/wevision\/catalogo\/"},{"@type":"ListItem","position":3,"name":"GODOX MG4KR KNOWLED G MOUNT RGB"}]},{"@type":"WebSite","@id":"https:\/\/welabplus.com\/wevision\/#website","url":"https:\/\/welabplus.com\/wevision\/","name":"Welabplus","description":"C\u00e1maras y lentes para cine","publisher":{"@id":"https:\/\/welabplus.com\/wevision\/#organization"},"potentialAction":[{"@type":"SearchAction","target":{"@type":"EntryPoint","urlTemplate":"https:\/\/welabplus.com\/wevision\/?s={search_term_string}"},"query-input":{"@type":"PropertyValueSpecification","valueRequired":true,"valueName":"search_term_string"}}],"inLanguage":"es"},{"@type":"Organization","@id":"https:\/\/welabplus.com\/wevision\/#organization","name":"Welab Canary Islands","url":"https:\/\/welabplus.com\/wevision\/","logo":{"@type":"ImageObject","inLanguage":"es","@id":"https:\/\/welabplus.com\/wevision\/#\/schema\/logo\/image\/","url":"","contentUrl":"","caption":"Welab Canary Islands"},"image":{"@id":"https:\/\/welabplus.com\/wevision\/#\/schema\/logo\/image\/"},"sameAs":["https:\/\/www.facebook.com\/welab.es\/","https:\/\/x.com\/welabspain"]}]}},"_links":{"self":[{"href":"https:\/\/welabplus.com\/wevision\/wp-json\/wp\/v2\/product\/28213","targetHints":{"allow":["GET"]}}],"collection":[{"href":"https:\/\/welabplus.com\/wevision\/wp-json\/wp\/v2\/product"}],"about":[{"href":"https:\/\/welabplus.com\/wevision\/wp-json\/wp\/v2\/types\/product"}],"replies":[{"embeddable":true,"href":"https:\/\/welabplus.com\/wevision\/wp-json\/wp\/v2\/comments?post=28213"}],"wp:featuredmedia":[{"embeddable":true,"href":"https:\/\/welabplus.com\/wevision\/wp-json\/wp\/v2\/media\/28202"}],"wp:attachment":[{"href":"https:\/\/welabplus.com\/wevision\/wp-json\/wp\/v2\/media?parent=28213"}],"wp:term":[{"taxonomy":"product_brand","embeddable":true,"href":"https:\/\/welabplus.com\/wevision\/wp-json\/wp\/v2\/product_brand?post=28213"},{"taxonomy":"product_cat","embeddable":true,"href":"https:\/\/welabplus.com\/wevision\/wp-json\/wp\/v2\/product_cat?post=28213"},{"taxonomy":"product_tag","embeddable":true,"href":"https:\/\/welabplus.com\/wevision\/wp-json\/wp\/v2\/product_tag?post=28213"}],"curies":[{"name":"wp","href":"https:\/\/api.w.org\/{rel}","templated":true}]}}