{"id":28211,"date":"2025-11-24T11:37:02","date_gmt":"2025-11-24T10:37:02","guid":{"rendered":"https:\/\/welabplus.com\/wevision\/?post_type=product&#038;p=28211"},"modified":"2026-04-09T16:48:28","modified_gmt":"2026-04-09T14:48:28","slug":"godox-f400r-k1-knowled-rgb-light-mat","status":"publish","type":"product","link":"https:\/\/welabplus.com\/wevision\/catalogo\/led\/flexibles\/godox-f400r-k1-knowled-rgb-light-mat\/","title":{"rendered":"GODOX F400R K1 KNOWLED RGB LIGHT MAT"},"content":{"rendered":"<div class=\"text left\">\n<h3 class=\"tit wow fadeInUp\"><span dir=\"auto\"><span class=\"BZ_Pyq_fadeIn\"><a href=\"https:\/\/welabplus.com\/wevision\/wp-content\/uploads\/2026\/04\/GUIA-GODOX-MANTAS-SERIES-F-WEVISION.pdf\"><img loading=\"lazy\" decoding=\"async\" class=\"alignnone wp-image-28287 size-full\" src=\"https:\/\/welabplus.com\/wevision\/wp-content\/uploads\/2025\/11\/ICO-GUIDE-WEVISION.png\" alt=\"GU\u00cdA ICO WEVISION\" width=\"100\" height=\"100\" srcset=\"https:\/\/welabplus.com\/wevision\/wp-content\/uploads\/2025\/11\/ICO-GUIDE-WEVISION.png 100w, https:\/\/welabplus.com\/wevision\/wp-content\/uploads\/2025\/11\/ICO-GUIDE-WEVISION-80x80.png 80w\" sizes=\"auto, (max-width: 100px) 100vw, 100px\" \/><\/a><a href=\"https:\/\/welabplus.com\/wevision\/portfolio-item\/video-godox-mantas-series-f\/\"><img loading=\"lazy\" decoding=\"async\" class=\"alignnone wp-image-28288 size-full\" src=\"https:\/\/welabplus.com\/wevision\/wp-content\/uploads\/2025\/11\/ICO-VIDEO-WEVISION.png\" sizes=\"auto, (max-width: 100px) 100vw, 100px\" srcset=\"https:\/\/welabplus.com\/wevision\/wp-content\/uploads\/2025\/11\/ICO-VIDEO-WEVISION.png 100w, https:\/\/welabplus.com\/wevision\/wp-content\/uploads\/2025\/11\/ICO-VIDEO-WEVISION-80x80.png 80w\" alt=\"ICO VIDEO WEVISION\" width=\"100\" height=\"100\" \/><\/a><a href=\"https:\/\/welabplus.com\/wevision\/portfolio-item\/paneles-led-flexibles-godox\/\"><img loading=\"lazy\" decoding=\"async\" class=\"alignnone wp-image-28286 size-full\" src=\"https:\/\/welabplus.com\/wevision\/wp-content\/uploads\/2025\/11\/ICO-COMPARISON-WEVISION.png\" alt=\"COMPARACI\u00d3N DE ICO WEVISION\" width=\"100\" height=\"100\" srcset=\"https:\/\/welabplus.com\/wevision\/wp-content\/uploads\/2025\/11\/ICO-COMPARISON-WEVISION.png 100w, https:\/\/welabplus.com\/wevision\/wp-content\/uploads\/2025\/11\/ICO-COMPARISON-WEVISION-80x80.png 80w\" sizes=\"auto, (max-width: 100px) 100vw, 100px\" \/><\/a><\/span><\/span><\/h3>\n<h3 class=\"tit wow fadeInUp\"><span dir=\"auto\">Brillo a todo color para cada escena<\/span><\/h3>\n<div class=\"con wow fadeInUp\">\n<p><span dir=\"auto\">La serie de tapetes flexibles a todo color KNOWLED contin\u00faa la tradici\u00f3n de KNOWLED de alto brillo y saturaci\u00f3n de color, ofreciendo una luz de color de alta calidad y un brillo intenso. Con un amplio rango de CCT de 1800K a 10\u00a0000K y G\/M ajustable, es ideal para iluminar personas con tonos de piel impactantes o para una coloraci\u00f3n din\u00e1mica de escenas.<\/span><\/p>\n<\/div>\n<div class=\"con wow fadeInUp\">\n<h3>Protecci\u00f3n IP54 completa<\/h3>\n<\/div>\n<div class=\"con wow fadeInUp\">\n<p><span dir=\"auto\">La alfombrilla flexible a todo color KNOWLED cuenta con clasificaci\u00f3n IP54, lo que ofrece protecci\u00f3n total contra el polvo y el agua, desde el cabezal de la l\u00e1mpara hasta la caja de control. Garantiza un rendimiento fiable y una salida constante, incluso en entornos dif\u00edciles como la lluvia o la intemperie.<\/span><\/p>\n<\/div>\n<h3 class=\"tit wow fadeInUp\"><span dir=\"auto\">Dise\u00f1o de soporte mejorado<\/span><\/h3>\n<div class=\"con wow fadeInUp\">\n<p><span dir=\"auto\">El soporte met\u00e1lico recientemente mejorado mejora la resistencia y durabilidad, mientras que el dise\u00f1o de montaje r\u00e1pido optimiza la eficiencia de la instalaci\u00f3n. El dise\u00f1o plano del soporte en X se adapta perfectamente a espacios reducidos.\u00a0<\/span><\/p>\n<\/div>\n<h3 class=\"tit wow fadeInUp\"><span dir=\"auto\">Rendimiento de calidad cinematogr\u00e1fica<\/span><\/h3>\n<div class=\"con wow fadeInUp\">\n<p><span dir=\"auto\">Sin parpadeo con un CRI de 96+ y un TLCI de 97+, lo que garantiza una precisi\u00f3n de color precisa y un rendimiento confiable para la cinematograf\u00eda profesional.<\/span><\/p>\n<\/div>\n<h3 class=\"tit wow fadeInUp\"><span dir=\"auto\">Control de iluminaci\u00f3n estable<\/span><\/h3>\n<div class=\"con wow fadeInUp\">\n<p><span dir=\"auto\">La serie a todo color incorpora el m\u00f3dulo LumenRadio, que garantiza un control inal\u00e1mbrico eficiente y estable mediante CRMX. Toda la serie tambi\u00e9n es compatible con Bluetooth y control integrado. Adem\u00e1s, el modelo F400R es compatibles con los protocolos Ethernet Art-Net y sACN, lo que mejora a\u00fan m\u00e1s sus capacidades para producciones cinematogr\u00e1ficas y televisivas a gran escala.<\/span><\/p>\n<\/div>\n<div class=\"text left\">\n<h3 class=\"tit wow fadeInUp\"><span dir=\"auto\">Energ\u00eda en cualquier lugar, en cualquier momento<\/span><\/h3>\n<div class=\"con wow fadeInUp\">\n<p><span dir=\"auto\">Los modelos F100R, F200R, F200SR y F400R son compatibles con bater\u00edas de montura V, mientras que el F800R funciona con 48 V CC, lo que los hace ideales para instalaciones de iluminaci\u00f3n m\u00f3viles o sesiones fotogr\u00e1ficas en exteriores sin fuentes de alimentaci\u00f3n. Hay cables de CA y CC de varias longitudes disponibles para mayor comodidad (se venden por separado).<\/span><\/p>\n<\/div>\n<h3 class=\"tit wow fadeInUp animated\"><span dir=\"auto\">Softbox de aire desmontable <\/span><span dir=\"auto\">disponible para todos los tama\u00f1os<\/span><\/h3>\n<div class=\"con wow fadeInUp\">\n<p><span dir=\"auto\">Hay disponible una nueva caja de luz inflable de tama\u00f1o personalizado para cada tama\u00f1o, con fald\u00f3n y rejilla. Su dise\u00f1o curvo suaviza la luz para una distribuci\u00f3n m\u00e1s uniforme. F\u00e1cilmente desmontable y de inflar y desinflar r\u00e1pidamente, proporciona un modelado de luz flexible y eficiente para cualquier configuraci\u00f3n.<\/span><\/p>\n<\/div>\n<h3 class=\"tit wow fadeInUp\"><span dir=\"auto\">Excelencia en la modelaci\u00f3n de la luz<\/span><\/h3>\n<div class=\"con wow fadeInUp\">\n<p><span dir=\"auto\">La serie a todo color ahora incluye un softbox mejorado con rejilla, con un dise\u00f1o m\u00e1s profundo y duradero para una calidad y control de luz superiores, y se monta r\u00e1pidamente con velcro. Hay accesorios adicionales disponibles, como el softbox de aire y el softbox pancake, para satisfacer las necesidades de iluminaci\u00f3n de cualquier escena.<\/span><\/p>\n<\/div>\n<h3 class=\"tit wow fadeInUp\"><span dir=\"auto\">Consistencia de color entre unidades<\/span><\/h3>\n<div class=\"con wow fadeInUp\">\n<p><span dir=\"auto\">Las alfombrillas flexibles a todo color KNOWLED est\u00e1n dise\u00f1adas para ofrecer una consistencia de color excepcional sin variaciones visibles, ya sea en grandes conjuntos de paneles o junto con otras luminarias KNOWLED en el set. Esto es posible gracias a la avanzada gesti\u00f3n del color y al preciso sistema de calibraci\u00f3n de KNOWLED, que ofrecen un rendimiento fiable para producciones profesionales.<\/span><\/p>\n<p>&nbsp;<\/p>\n<\/div>\n<table style=\"height: 736px;\" width=\"1063\" data-sort=\"sortDisabled\">\n<tbody>\n<tr class=\"firstRow\">\n<td align=\"left\" valign=\"middle\" width=\"347\"><strong><span dir=\"auto\">Modelo<\/span><\/strong><\/td>\n<td align=\"left\" valign=\"middle\" width=\"347\"><strong><span dir=\"auto\">F400R<\/span><\/strong><\/td>\n<\/tr>\n<tr>\n<td align=\"left\" valign=\"middle\" width=\"347\"><span dir=\"auto\">Fuente de alimentaci\u00f3n<\/span><\/td>\n<td align=\"left\" valign=\"middle\" width=\"347\"><span dir=\"auto\">100 V-240 V ~ 50\/60 Hz<\/span><\/td>\n<\/tr>\n<tr>\n<td colspan=\"1\" rowspan=\"1\" align=\"left\" valign=\"middle\"><span dir=\"auto\">Potencia de entrada del controlador<\/span><\/td>\n<td colspan=\"1\" rowspan=\"1\" align=\"left\" valign=\"middle\"><span dir=\"auto\">460 W<\/span><\/td>\n<\/tr>\n<tr>\n<td colspan=\"1\" rowspan=\"1\" align=\"left\" valign=\"middle\"><span dir=\"auto\">CCT<\/span><\/td>\n<td colspan=\"2\" rowspan=\"1\" align=\"left\" valign=\"middle\"><span dir=\"auto\">1800K-10000K<\/span><\/td>\n<\/tr>\n<tr>\n<td colspan=\"1\" rowspan=\"1\" align=\"left\" valign=\"middle\"><span dir=\"auto\">Ajuste G\/M<\/span><\/td>\n<td colspan=\"2\" rowspan=\"1\" align=\"left\" valign=\"middle\"><span dir=\"auto\">-100%\uff5e100%<\/span><\/td>\n<\/tr>\n<tr>\n<td colspan=\"1\" rowspan=\"1\" align=\"left\" valign=\"middle\"><span dir=\"auto\">Rango de brillo<\/span><\/td>\n<td colspan=\"2\" rowspan=\"1\" align=\"left\" valign=\"middle\"><span dir=\"auto\">0%-100%<\/span><\/td>\n<\/tr>\n<tr>\n<td colspan=\"1\" rowspan=\"1\" align=\"left\" valign=\"middle\"><span dir=\"auto\">Curvas de atenuaci\u00f3n<\/span><\/td>\n<td colspan=\"2\" rowspan=\"1\" align=\"left\" valign=\"middle\"><span dir=\"auto\">lineal, curva S, exponencial, logar\u00edtmica<\/span><\/td>\n<\/tr>\n<tr>\n<td colspan=\"1\" rowspan=\"1\" align=\"left\" valign=\"middle\"><span dir=\"auto\">CRI<\/span><\/td>\n<td colspan=\"2\" rowspan=\"1\" align=\"left\" valign=\"middle\"><span dir=\"auto\">Promedio \u2265 96<\/span><\/td>\n<\/tr>\n<tr>\n<td align=\"left\" valign=\"middle\" width=\"347\"><span dir=\"auto\">TLCI<\/span><\/td>\n<td colspan=\"2\" rowspan=\"1\" align=\"left\" valign=\"middle\"><span dir=\"auto\">Promedio \u2265 97<\/span><\/td>\n<\/tr>\n<tr>\n<td align=\"left\" valign=\"middle\" width=\"347\"><span dir=\"auto\">Grado de protecci\u00f3n del cuerpo de luz\/controlador<\/span><\/td>\n<td colspan=\"2\" rowspan=\"1\" align=\"left\" valign=\"middle\"><span dir=\"auto\">IP54<\/span><\/td>\n<\/tr>\n<tr>\n<td align=\"left\" valign=\"middle\" width=\"347\"><span dir=\"auto\">M\u00e9todos de control<\/span><\/td>\n<td colspan=\"2\" rowspan=\"1\" align=\"left\" valign=\"middle\"><span dir=\"auto\">Control DMX512, compatible con protocolo RDM \/ LumenRadio CRMX \/ Ethernet (compatible con protocolo Art-Net y sACN) \/ Control por aplicaci\u00f3n Bluetooth<\/span><\/td>\n<\/tr>\n<tr>\n<td align=\"left\" valign=\"middle\" width=\"347\"><span dir=\"auto\">Control de distancia por Bluetooth<\/span><\/td>\n<td colspan=\"2\" rowspan=\"1\" align=\"left\" valign=\"middle\"><span dir=\"auto\">30 metros<\/span><\/td>\n<\/tr>\n<tr>\n<td align=\"left\" valign=\"middle\" width=\"347\"><span dir=\"auto\">Puerto USB-A<\/span><\/td>\n<td colspan=\"2\" rowspan=\"1\" align=\"left\" valign=\"middle\"><span dir=\"auto\">Actualizaci\u00f3n de firmware\/\u00a0Fuente de alimentaci\u00f3n de 5 V\u00a0<\/span><span dir=\"auto\">\u2393 1,5 A<\/span><\/td>\n<\/tr>\n<tr>\n<td align=\"left\" valign=\"middle\" width=\"347\"><span dir=\"auto\">Temperatura del entorno de trabajo<\/span><\/td>\n<td colspan=\"2\" rowspan=\"1\" align=\"left\" valign=\"middle\"><span dir=\"auto\">-20\u2103~45\u2103<\/span><\/td>\n<\/tr>\n<tr>\n<td colspan=\"1\" rowspan=\"2\" align=\"left\" valign=\"middle\"><span dir=\"auto\">Dimensi\u00f3n\u2248<\/span><\/td>\n<td colspan=\"1\" rowspan=\"1\" align=\"left\" valign=\"middle\"><span dir=\"auto\">Cuerpo de luz desnudo:<\/span><\/p>\n<p><span dir=\"auto\">25,08&#8243; * 48,07&#8243;<\/span><\/td>\n<\/tr>\n<tr>\n<td colspan=\"1\" rowspan=\"1\" align=\"left\" valign=\"middle\"><span dir=\"auto\">Controlador:<\/span><span dir=\"auto\">8,19&#8243; * 6,34&#8243; * 12,68&#8243;<\/span><\/td>\n<\/tr>\n<tr>\n<td colspan=\"1\" rowspan=\"2\" align=\"left\" valign=\"middle\"><span dir=\"auto\">Peso neto\u2248<\/span><\/td>\n<td colspan=\"1\" rowspan=\"1\" align=\"left\" valign=\"middle\"><span dir=\"auto\">Cuerpo ligero desnudo: 1,8 kg<\/span><\/td>\n<\/tr>\n<tr>\n<td colspan=\"1\" rowspan=\"1\" align=\"left\" valign=\"middle\"><span dir=\"auto\">Controlador: 5,8 kg<\/span><\/td>\n<\/tr>\n<\/tbody>\n<\/table>\n<\/div>\n<\/div>\n<p>&nbsp;<\/p>\n<p><strong>M\u00e1s informaci\u00f3n<\/strong> en la\u00a0<a href=\"https:\/\/www.godox.com\/product-b\/KNOWLED\/F100R-F200R-F200SR-F400R-F800R.html\">web del anunciante.<\/a><\/p>\n<div>\n<div class=\"\">\n<p>&nbsp;<\/p>\n<\/div>\n<\/div>\n<hr \/>\n<div class=\"social-icon social-big\"><a href=\"https:\/\/www.facebook.com\/welabplus\/\" target=\"_blank\" title=\"\"><i class=\"fa fa-facebook\"><\/i><\/a><\/div>\n<div class=\"social-icon social-big\"><a href=\"https:\/\/twitter.com\/welabplus\" target=\"_blank\" title=\"\"><i class=\"fa fa-twitter\"><\/i><\/a><\/div>\n<div class=\"social-icon social-big\"><a href=\"https:\/\/www.instagram.com\/welabplus\/?hl=es\" target=\"_blank\" title=\"\"><i class=\"fa fa-instagram\"><\/i><\/a><\/div>\n<div class=\"social-icon social-big\"><a href=\"https:\/\/www.linkedin.com\/company\/welabplus\" target=\"_blank\" title=\"\"><i class=\"fa fa-linkedin\"><\/i><\/a><\/div>\n","protected":false},"excerpt":{"rendered":"<p>Brillo a todo color para cada escena La serie de tapetes flexibles a todo color KNOWLED contin\u00faa la tradici\u00f3n de [&hellip;]<\/p>\n","protected":false},"featured_media":28205,"comment_status":"closed","ping_status":"closed","template":"","meta":{"_acf_changed":false,"inline_featured_image":false},"product_brand":[],"product_cat":[6294],"product_tag":[9348,9352,9353,9354,9355,8133,9345],"class_list":{"0":"post-28211","1":"product","2":"type-product","3":"status-publish","4":"has-post-thumbnail","6":"product_cat-flexibles","7":"product_tag-alquiler-flexibles-led","8":"product_tag-alquiler-godox-f400r-k1","9":"product_tag-alquiler-godox-f400r","10":"product_tag-godox-f400r","11":"product_tag-alquiler-iluminacion-flexibles","12":"product_tag-alquiler-luces-led","13":"product_tag-alquiler-godox","15":"first","16":"instock","17":"shipping-taxable","18":"purchasable","19":"product-type-simple"},"acf":[],"yoast_head":"<!-- This site is optimized with the Yoast SEO plugin v26.2 - https:\/\/yoast.com\/wordpress\/plugins\/seo\/ -->\n<title>GODOX F400R K1 KNOWLED RGB LIGHT MAT - Wevision<\/title>\n<meta name=\"description\" content=\"La serie de tapetes flexibles a todo color KNOWLED contin\u00faa la tradici\u00f3n de KNOWLED de alto brillo y saturaci\u00f3n de color, ofreciendo una luz de color de...\" \/>\n<meta name=\"robots\" content=\"index, follow, max-snippet:-1, max-image-preview:large, max-video-preview:-1\" \/>\n<link rel=\"canonical\" href=\"https:\/\/welabplus.com\/wevision\/catalogo\/led\/flexibles\/godox-f400r-k1-knowled-rgb-light-mat\/\" \/>\n<meta property=\"og:locale\" content=\"es_ES\" \/>\n<meta property=\"og:type\" content=\"article\" \/>\n<meta property=\"og:title\" content=\"GODOX F400R K1 KNOWLED RGB LIGHT MAT - Wevision\" \/>\n<meta property=\"og:description\" content=\"La serie de tapetes flexibles a todo color KNOWLED contin\u00faa la tradici\u00f3n de KNOWLED de alto brillo y saturaci\u00f3n de color, ofreciendo una luz de color de...\" \/>\n<meta property=\"og:url\" content=\"https:\/\/welabplus.com\/wevision\/catalogo\/led\/flexibles\/godox-f400r-k1-knowled-rgb-light-mat\/\" \/>\n<meta property=\"og:site_name\" content=\"Wevision\" \/>\n<meta property=\"article:publisher\" content=\"https:\/\/www.facebook.com\/welab.es\/\" \/>\n<meta property=\"article:modified_time\" content=\"2026-04-09T14:48:28+00:00\" \/>\n<meta property=\"og:image\" content=\"https:\/\/welabplus.com\/wevision\/wp-content\/uploads\/2025\/11\/ALQUILER-GODOX-F400R-K1-KNOWLED-RGB-LIGHT-MAT-WEVISION.jpg\" \/>\n\t<meta property=\"og:image:width\" content=\"933\" \/>\n\t<meta property=\"og:image:height\" content=\"557\" \/>\n\t<meta property=\"og:image:type\" content=\"image\/jpeg\" \/>\n<meta name=\"twitter:card\" content=\"summary_large_image\" \/>\n<meta name=\"twitter:site\" content=\"@welabspain\" \/>\n<meta name=\"twitter:label1\" content=\"Tiempo de lectura\" \/>\n\t<meta name=\"twitter:data1\" content=\"4 minutos\" \/>\n<script type=\"application\/ld+json\" class=\"yoast-schema-graph\">{\"@context\":\"https:\/\/schema.org\",\"@graph\":[{\"@type\":\"WebPage\",\"@id\":\"https:\/\/welabplus.com\/wevision\/catalogo\/led\/flexibles\/godox-f400r-k1-knowled-rgb-light-mat\/\",\"url\":\"https:\/\/welabplus.com\/wevision\/catalogo\/led\/flexibles\/godox-f400r-k1-knowled-rgb-light-mat\/\",\"name\":\"GODOX F400R K1 KNOWLED RGB LIGHT MAT - Wevision\",\"isPartOf\":{\"@id\":\"https:\/\/welabplus.com\/wevision\/#website\"},\"primaryImageOfPage\":{\"@id\":\"https:\/\/welabplus.com\/wevision\/catalogo\/led\/flexibles\/godox-f400r-k1-knowled-rgb-light-mat\/#primaryimage\"},\"image\":{\"@id\":\"https:\/\/welabplus.com\/wevision\/catalogo\/led\/flexibles\/godox-f400r-k1-knowled-rgb-light-mat\/#primaryimage\"},\"thumbnailUrl\":\"https:\/\/welabplus.com\/wevision\/wp-content\/uploads\/2025\/11\/ALQUILER-GODOX-F400R-K1-KNOWLED-RGB-LIGHT-MAT-WEVISION.jpg\",\"datePublished\":\"2025-11-24T10:37:02+00:00\",\"dateModified\":\"2026-04-09T14:48:28+00:00\",\"description\":\"La serie de tapetes flexibles a todo color KNOWLED contin\u00faa la tradici\u00f3n de KNOWLED de alto brillo y saturaci\u00f3n de color, ofreciendo una luz de color de...\",\"breadcrumb\":{\"@id\":\"https:\/\/welabplus.com\/wevision\/catalogo\/led\/flexibles\/godox-f400r-k1-knowled-rgb-light-mat\/#breadcrumb\"},\"inLanguage\":\"es\",\"potentialAction\":[{\"@type\":\"ReadAction\",\"target\":[\"https:\/\/welabplus.com\/wevision\/catalogo\/led\/flexibles\/godox-f400r-k1-knowled-rgb-light-mat\/\"]}]},{\"@type\":\"ImageObject\",\"inLanguage\":\"es\",\"@id\":\"https:\/\/welabplus.com\/wevision\/catalogo\/led\/flexibles\/godox-f400r-k1-knowled-rgb-light-mat\/#primaryimage\",\"url\":\"https:\/\/welabplus.com\/wevision\/wp-content\/uploads\/2025\/11\/ALQUILER-GODOX-F400R-K1-KNOWLED-RGB-LIGHT-MAT-WEVISION.jpg\",\"contentUrl\":\"https:\/\/welabplus.com\/wevision\/wp-content\/uploads\/2025\/11\/ALQUILER-GODOX-F400R-K1-KNOWLED-RGB-LIGHT-MAT-WEVISION.jpg\",\"width\":933,\"height\":557,\"caption\":\"ALQUILER GODOX F400R K1 KNOWLED RGB LIGHT MAT WEVISION\"},{\"@type\":\"BreadcrumbList\",\"@id\":\"https:\/\/welabplus.com\/wevision\/catalogo\/led\/flexibles\/godox-f400r-k1-knowled-rgb-light-mat\/#breadcrumb\",\"itemListElement\":[{\"@type\":\"ListItem\",\"position\":1,\"name\":\"Portada\",\"item\":\"https:\/\/welabplus.com\/wevision\/\"},{\"@type\":\"ListItem\",\"position\":2,\"name\":\"Cat\u00e1logo\",\"item\":\"https:\/\/welabplus.com\/wevision\/catalogo\/\"},{\"@type\":\"ListItem\",\"position\":3,\"name\":\"GODOX F400R K1 KNOWLED RGB LIGHT MAT\"}]},{\"@type\":\"WebSite\",\"@id\":\"https:\/\/welabplus.com\/wevision\/#website\",\"url\":\"https:\/\/welabplus.com\/wevision\/\",\"name\":\"Welabplus\",\"description\":\"C\u00e1maras y lentes para cine\",\"publisher\":{\"@id\":\"https:\/\/welabplus.com\/wevision\/#organization\"},\"potentialAction\":[{\"@type\":\"SearchAction\",\"target\":{\"@type\":\"EntryPoint\",\"urlTemplate\":\"https:\/\/welabplus.com\/wevision\/?s={search_term_string}\"},\"query-input\":{\"@type\":\"PropertyValueSpecification\",\"valueRequired\":true,\"valueName\":\"search_term_string\"}}],\"inLanguage\":\"es\"},{\"@type\":\"Organization\",\"@id\":\"https:\/\/welabplus.com\/wevision\/#organization\",\"name\":\"Welab Canary Islands\",\"url\":\"https:\/\/welabplus.com\/wevision\/\",\"logo\":{\"@type\":\"ImageObject\",\"inLanguage\":\"es\",\"@id\":\"https:\/\/welabplus.com\/wevision\/#\/schema\/logo\/image\/\",\"url\":\"\",\"contentUrl\":\"\",\"caption\":\"Welab Canary Islands\"},\"image\":{\"@id\":\"https:\/\/welabplus.com\/wevision\/#\/schema\/logo\/image\/\"},\"sameAs\":[\"https:\/\/www.facebook.com\/welab.es\/\",\"https:\/\/x.com\/welabspain\"]}]}<\/script>\n<!-- \/ Yoast SEO plugin. -->","yoast_head_json":{"title":"GODOX F400R K1 KNOWLED RGB LIGHT MAT - Wevision","description":"La serie de tapetes flexibles a todo color KNOWLED contin\u00faa la tradici\u00f3n de KNOWLED de alto brillo y saturaci\u00f3n de color, ofreciendo una luz de color de...","robots":{"index":"index","follow":"follow","max-snippet":"max-snippet:-1","max-image-preview":"max-image-preview:large","max-video-preview":"max-video-preview:-1"},"canonical":"https:\/\/welabplus.com\/wevision\/catalogo\/led\/flexibles\/godox-f400r-k1-knowled-rgb-light-mat\/","og_locale":"es_ES","og_type":"article","og_title":"GODOX F400R K1 KNOWLED RGB LIGHT MAT - Wevision","og_description":"La serie de tapetes flexibles a todo color KNOWLED contin\u00faa la tradici\u00f3n de KNOWLED de alto brillo y saturaci\u00f3n de color, ofreciendo una luz de color de...","og_url":"https:\/\/welabplus.com\/wevision\/catalogo\/led\/flexibles\/godox-f400r-k1-knowled-rgb-light-mat\/","og_site_name":"Wevision","article_publisher":"https:\/\/www.facebook.com\/welab.es\/","article_modified_time":"2026-04-09T14:48:28+00:00","og_image":[{"width":933,"height":557,"url":"https:\/\/welabplus.com\/wevision\/wp-content\/uploads\/2025\/11\/ALQUILER-GODOX-F400R-K1-KNOWLED-RGB-LIGHT-MAT-WEVISION.jpg","type":"image\/jpeg"}],"twitter_card":"summary_large_image","twitter_site":"@welabspain","twitter_misc":{"Tiempo de lectura":"4 minutos"},"schema":{"@context":"https:\/\/schema.org","@graph":[{"@type":"WebPage","@id":"https:\/\/welabplus.com\/wevision\/catalogo\/led\/flexibles\/godox-f400r-k1-knowled-rgb-light-mat\/","url":"https:\/\/welabplus.com\/wevision\/catalogo\/led\/flexibles\/godox-f400r-k1-knowled-rgb-light-mat\/","name":"GODOX F400R K1 KNOWLED RGB LIGHT MAT - Wevision","isPartOf":{"@id":"https:\/\/welabplus.com\/wevision\/#website"},"primaryImageOfPage":{"@id":"https:\/\/welabplus.com\/wevision\/catalogo\/led\/flexibles\/godox-f400r-k1-knowled-rgb-light-mat\/#primaryimage"},"image":{"@id":"https:\/\/welabplus.com\/wevision\/catalogo\/led\/flexibles\/godox-f400r-k1-knowled-rgb-light-mat\/#primaryimage"},"thumbnailUrl":"https:\/\/welabplus.com\/wevision\/wp-content\/uploads\/2025\/11\/ALQUILER-GODOX-F400R-K1-KNOWLED-RGB-LIGHT-MAT-WEVISION.jpg","datePublished":"2025-11-24T10:37:02+00:00","dateModified":"2026-04-09T14:48:28+00:00","description":"La serie de tapetes flexibles a todo color KNOWLED contin\u00faa la tradici\u00f3n de KNOWLED de alto brillo y saturaci\u00f3n de color, ofreciendo una luz de color de...","breadcrumb":{"@id":"https:\/\/welabplus.com\/wevision\/catalogo\/led\/flexibles\/godox-f400r-k1-knowled-rgb-light-mat\/#breadcrumb"},"inLanguage":"es","potentialAction":[{"@type":"ReadAction","target":["https:\/\/welabplus.com\/wevision\/catalogo\/led\/flexibles\/godox-f400r-k1-knowled-rgb-light-mat\/"]}]},{"@type":"ImageObject","inLanguage":"es","@id":"https:\/\/welabplus.com\/wevision\/catalogo\/led\/flexibles\/godox-f400r-k1-knowled-rgb-light-mat\/#primaryimage","url":"https:\/\/welabplus.com\/wevision\/wp-content\/uploads\/2025\/11\/ALQUILER-GODOX-F400R-K1-KNOWLED-RGB-LIGHT-MAT-WEVISION.jpg","contentUrl":"https:\/\/welabplus.com\/wevision\/wp-content\/uploads\/2025\/11\/ALQUILER-GODOX-F400R-K1-KNOWLED-RGB-LIGHT-MAT-WEVISION.jpg","width":933,"height":557,"caption":"ALQUILER GODOX F400R K1 KNOWLED RGB LIGHT MAT WEVISION"},{"@type":"BreadcrumbList","@id":"https:\/\/welabplus.com\/wevision\/catalogo\/led\/flexibles\/godox-f400r-k1-knowled-rgb-light-mat\/#breadcrumb","itemListElement":[{"@type":"ListItem","position":1,"name":"Portada","item":"https:\/\/welabplus.com\/wevision\/"},{"@type":"ListItem","position":2,"name":"Cat\u00e1logo","item":"https:\/\/welabplus.com\/wevision\/catalogo\/"},{"@type":"ListItem","position":3,"name":"GODOX F400R K1 KNOWLED RGB LIGHT MAT"}]},{"@type":"WebSite","@id":"https:\/\/welabplus.com\/wevision\/#website","url":"https:\/\/welabplus.com\/wevision\/","name":"Welabplus","description":"C\u00e1maras y lentes para cine","publisher":{"@id":"https:\/\/welabplus.com\/wevision\/#organization"},"potentialAction":[{"@type":"SearchAction","target":{"@type":"EntryPoint","urlTemplate":"https:\/\/welabplus.com\/wevision\/?s={search_term_string}"},"query-input":{"@type":"PropertyValueSpecification","valueRequired":true,"valueName":"search_term_string"}}],"inLanguage":"es"},{"@type":"Organization","@id":"https:\/\/welabplus.com\/wevision\/#organization","name":"Welab Canary Islands","url":"https:\/\/welabplus.com\/wevision\/","logo":{"@type":"ImageObject","inLanguage":"es","@id":"https:\/\/welabplus.com\/wevision\/#\/schema\/logo\/image\/","url":"","contentUrl":"","caption":"Welab Canary Islands"},"image":{"@id":"https:\/\/welabplus.com\/wevision\/#\/schema\/logo\/image\/"},"sameAs":["https:\/\/www.facebook.com\/welab.es\/","https:\/\/x.com\/welabspain"]}]}},"_links":{"self":[{"href":"https:\/\/welabplus.com\/wevision\/wp-json\/wp\/v2\/product\/28211","targetHints":{"allow":["GET"]}}],"collection":[{"href":"https:\/\/welabplus.com\/wevision\/wp-json\/wp\/v2\/product"}],"about":[{"href":"https:\/\/welabplus.com\/wevision\/wp-json\/wp\/v2\/types\/product"}],"replies":[{"embeddable":true,"href":"https:\/\/welabplus.com\/wevision\/wp-json\/wp\/v2\/comments?post=28211"}],"wp:featuredmedia":[{"embeddable":true,"href":"https:\/\/welabplus.com\/wevision\/wp-json\/wp\/v2\/media\/28205"}],"wp:attachment":[{"href":"https:\/\/welabplus.com\/wevision\/wp-json\/wp\/v2\/media?parent=28211"}],"wp:term":[{"taxonomy":"product_brand","embeddable":true,"href":"https:\/\/welabplus.com\/wevision\/wp-json\/wp\/v2\/product_brand?post=28211"},{"taxonomy":"product_cat","embeddable":true,"href":"https:\/\/welabplus.com\/wevision\/wp-json\/wp\/v2\/product_cat?post=28211"},{"taxonomy":"product_tag","embeddable":true,"href":"https:\/\/welabplus.com\/wevision\/wp-json\/wp\/v2\/product_tag?post=28211"}],"curies":[{"name":"wp","href":"https:\/\/api.w.org\/{rel}","templated":true}]}}