{"id":28207,"date":"2025-11-24T12:08:25","date_gmt":"2025-11-24T11:08:25","guid":{"rendered":"https:\/\/welabplus.com\/wevision\/?post_type=product&#038;p=28207"},"modified":"2025-12-03T15:31:03","modified_gmt":"2025-12-03T14:31:03","slug":"arri-hmi-m18","status":"publish","type":"product","link":"https:\/\/welabplus.com\/wevision\/catalogo\/hmi\/serie-m\/arri-hmi-m18\/","title":{"rendered":"ARRI HMI M18"},"content":{"rendered":"<p><a href=\"https:\/\/welabplus.com\/wevision\/portfolio-item\/focos-hmi-serie-m-de-arri\/?preview_id=28233&amp;preview_nonce=3dcaa52d45&amp;_thumbnail_id=28280&amp;preview=true\"><img loading=\"lazy\" decoding=\"async\" class=\"alignnone wp-image-28286 size-full\" src=\"https:\/\/welabplus.com\/wevision\/wp-content\/uploads\/2025\/11\/ICO-COMPARISON-WEVISION.png\" alt=\"ICO COMPARISON WEVISION\" width=\"100\" height=\"100\" srcset=\"https:\/\/welabplus.com\/wevision\/wp-content\/uploads\/2025\/11\/ICO-COMPARISON-WEVISION.png 100w, https:\/\/welabplus.com\/wevision\/wp-content\/uploads\/2025\/11\/ICO-COMPARISON-WEVISION-80x80.png 80w\" sizes=\"auto, (max-width: 100px) 100vw, 100px\" \/><\/a><\/p>\n<p>El\u00a0<strong>ARRI M18<\/strong>\u00a0es un proyector HMI de\u00a0<strong>1.800 W<\/strong>\u00a0de la serie M, que combina la tecnolog\u00eda \u00f3ptica\u00a0<strong>MAX Reflector<\/strong>\u00a0con el dise\u00f1o\u00a0<strong>True Blue<\/strong>\u00a0de ARRI. El resultado es una fuente de luz\u00a0<strong>muy compacta pero extremadamente potente<\/strong>, con un rendimiento equivalente (o superior) a un Fresnel de 2.5 kW. Pero con menor consumo y peso.<\/p>\n<p>Su haz\u00a0<strong>duro, uniforme y muy controlable<\/strong>\u00a0se ajusta de aproximadamente\u00a0<strong>20\u00b0 (spot) a 60\u00b0 (flood)<\/strong> sin necesidad de cambiar lentes. Lo que lo convierte en una herramienta muy vers\u00e1til para exteriores, refuerzos de luz d\u00eda en interiores o como backlight potente en plat\u00f3. Puede trabajar con l\u00e1mparas de <strong>1.800 W o 1.200 W<\/strong>, y funciona con balastos electr\u00f3nicos de alta frecuencia para un rendimiento\u00a0<strong>flicker-free<\/strong>, incluso en alta velocidad.<\/p>\n<p>Pensado para rodajes exigentes, el M18 mantiene el ADN ARRI: construcci\u00f3n robusta con certificaci\u00f3n\u00a0<strong>IP23<\/strong> (apto para trabajo en intemperie ligera), bloqueo de horquilla muy s\u00f3lido incluso con chimera de gran tama\u00f1o y compatibilidad con accesorios est\u00e1ndar de la familia ARRISUN\/M-Series. Es un \u201cdaylight de batalla\u201d perfecto para tener siempre en el cami\u00f3n de luz de Wevision.<\/p>\n<h3>Caracter\u00edsticas principales<\/h3>\n<ul>\n<li>Potencia:\u00a0<strong>1.800 W HMI<\/strong>\u00a0(tambi\u00e9n operable a\u00a0<strong>1.200 W<\/strong> con l\u00e1mpara y balasto adecuados).<\/li>\n<li>Tipo:\u00a0<strong>open face<\/strong>\u00a0con reflector facetado\u00a0<strong>MAX Technology<\/strong> (no necesita lentes intercambiables).<\/li>\n<li>Salida de luz: hasta\u00a0<strong>un 70 % m\u00e1s de output<\/strong> que un proyector HMI de 1.200 W de tama\u00f1o similar; rango equivalente aprox. a un Fresnel 2.5 kW.<\/li>\n<li>\u00c1ngulo de haz: ajustable aprox.\u00a0<strong>20\u00b0\u201360\u00b0<\/strong> (spot\u2013flood) sin accesorios adicionales.<\/li>\n<li>Temperatura de color:\u00a0<strong>5600\u20136000 K<\/strong> (daylight).<\/li>\n<li>Funcionamiento: compatible con balastos electr\u00f3nicos ARRI de\u00a0<strong>1.200\/1.800 W<\/strong>, con atenuaci\u00f3n y modo\u00a0<strong>flicker-free \/ high speed<\/strong>.<\/li>\n<li>Alimentaci\u00f3n: puede funcionar desde tomas dom\u00e9sticas est\u00e1ndar (seg\u00fan instalaci\u00f3n y pa\u00eds).<\/li>\n<li>Montura:\u00a0<strong>espiga 28 mm (Junior)<\/strong>, est\u00e1ndar de la industria.<\/li>\n<li>Protecci\u00f3n:\u00a0<strong>IP23<\/strong>, apto para trabajo en exterior con lluvia ligera.<\/li>\n<li>Peso aproximado del cabezal:\u00a0<strong>~10,5\u201311,5 kg<\/strong> (seg\u00fan versi\u00f3n).<\/li>\n<\/ul>\n<p>&nbsp;<\/p>\n<p><strong><img loading=\"lazy\" decoding=\"async\" class=\"alignleft wp-image-28243\" src=\"https:\/\/welabplus.com\/wevision\/wp-content\/uploads\/2025\/11\/ALQUILER-ARRI-HMI-M18-WEVISION_03.jpg\" alt=\"\" width=\"250\" height=\"250\" srcset=\"https:\/\/welabplus.com\/wevision\/wp-content\/uploads\/2025\/11\/ALQUILER-ARRI-HMI-M18-WEVISION_03.jpg 300w, https:\/\/welabplus.com\/wevision\/wp-content\/uploads\/2025\/11\/ALQUILER-ARRI-HMI-M18-WEVISION_03-150x150.jpg 150w, https:\/\/welabplus.com\/wevision\/wp-content\/uploads\/2025\/11\/ALQUILER-ARRI-HMI-M18-WEVISION_03-80x80.jpg 80w, https:\/\/welabplus.com\/wevision\/wp-content\/uploads\/2025\/11\/ALQUILER-ARRI-HMI-M18-WEVISION_03-100x100.jpg 100w\" sizes=\"auto, (max-width: 250px) 100vw, 250px\" \/><img loading=\"lazy\" decoding=\"async\" class=\"alignleft wp-image-28242\" src=\"https:\/\/welabplus.com\/wevision\/wp-content\/uploads\/2025\/11\/ALQUILER-ARRI-HMI-M18-WEVISION_02.jpg\" alt=\"\" width=\"250\" height=\"250\" srcset=\"https:\/\/welabplus.com\/wevision\/wp-content\/uploads\/2025\/11\/ALQUILER-ARRI-HMI-M18-WEVISION_02.jpg 300w, https:\/\/welabplus.com\/wevision\/wp-content\/uploads\/2025\/11\/ALQUILER-ARRI-HMI-M18-WEVISION_02-150x150.jpg 150w, https:\/\/welabplus.com\/wevision\/wp-content\/uploads\/2025\/11\/ALQUILER-ARRI-HMI-M18-WEVISION_02-80x80.jpg 80w, https:\/\/welabplus.com\/wevision\/wp-content\/uploads\/2025\/11\/ALQUILER-ARRI-HMI-M18-WEVISION_02-100x100.jpg 100w\" sizes=\"auto, (max-width: 250px) 100vw, 250px\" \/><\/strong><\/p>\n<p><img loading=\"lazy\" decoding=\"async\" class=\"alignleft wp-image-28241\" src=\"https:\/\/welabplus.com\/wevision\/wp-content\/uploads\/2025\/11\/ALQUILER-ARRI-HMI-M18-WEVISION_01.jpg\" alt=\"\" width=\"250\" height=\"250\" srcset=\"https:\/\/welabplus.com\/wevision\/wp-content\/uploads\/2025\/11\/ALQUILER-ARRI-HMI-M18-WEVISION_01.jpg 300w, https:\/\/welabplus.com\/wevision\/wp-content\/uploads\/2025\/11\/ALQUILER-ARRI-HMI-M18-WEVISION_01-150x150.jpg 150w, https:\/\/welabplus.com\/wevision\/wp-content\/uploads\/2025\/11\/ALQUILER-ARRI-HMI-M18-WEVISION_01-80x80.jpg 80w, https:\/\/welabplus.com\/wevision\/wp-content\/uploads\/2025\/11\/ALQUILER-ARRI-HMI-M18-WEVISION_01-100x100.jpg 100w\" sizes=\"auto, (max-width: 250px) 100vw, 250px\" \/><\/p>\n<p>&nbsp;<\/p>\n<p>&nbsp;<\/p>\n<p>&nbsp;<\/p>\n<p>&nbsp;<\/p>\n<p>&nbsp;<\/p>\n<p>&nbsp;<\/p>\n<p>&nbsp;<\/p>\n<p>&nbsp;<\/p>\n<p>&nbsp;<\/p>\n<p><strong>M\u00e1s informaci\u00f3n<\/strong> en la\u00a0<a href=\"https:\/\/www.arri.com\/resource\/blob\/31486\/1a6209e7e85fadca556066f12b551f72\/arri-m-series-m18-data-sheet-en-sep2018-data.pdf?utm_source=chatgpt.com\">web del anunciante.<\/a><\/p>\n<div>\n<div class=\"\">\n<p>&nbsp;<\/p>\n<\/div>\n<\/div>\n<hr \/>\n<div class=\"social-icon social-big\"><a href=\"https:\/\/www.facebook.com\/welabplus\/\" target=\"_blank\" title=\"\"><i class=\"fa fa-facebook\"><\/i><\/a><\/div>\n<div class=\"social-icon social-big\"><a href=\"https:\/\/twitter.com\/welabplus\" target=\"_blank\" title=\"\"><i class=\"fa fa-twitter\"><\/i><\/a><\/div>\n<div class=\"social-icon social-big\"><a href=\"https:\/\/www.instagram.com\/welabplus\/?hl=es\" target=\"_blank\" title=\"\"><i class=\"fa fa-instagram\"><\/i><\/a><\/div>\n<div class=\"social-icon social-big\"><a href=\"https:\/\/www.linkedin.com\/company\/welabplus\" target=\"_blank\" title=\"\"><i class=\"fa fa-linkedin\"><\/i><\/a><\/div>\n","protected":false},"excerpt":{"rendered":"<p>El\u00a0ARRI M18\u00a0es un proyector HMI de\u00a01.800 W\u00a0de la serie M, que combina la tecnolog\u00eda \u00f3ptica\u00a0MAX Reflector\u00a0con el dise\u00f1o\u00a0True Blue\u00a0de ARRI. [&hellip;]<\/p>\n","protected":false},"featured_media":28203,"comment_status":"closed","ping_status":"closed","template":"","meta":{"_acf_changed":false,"inline_featured_image":false},"product_brand":[],"product_cat":[9295],"product_tag":[9376,9457,9526,9527,9528,4523,6258,8136,9340,9341,9342,9343,9364,9373,9374],"class_list":{"0":"post-28207","1":"product","2":"type-product","3":"status-publish","4":"has-post-thumbnail","6":"product_cat-serie-m","7":"product_tag-alquiler-hmi-m18-madrid","8":"product_tag-luz","9":"product_tag-m18","10":"product_tag-max-reflector","11":"product_tag-true-blue","12":"product_tag-arri","13":"product_tag-iluminacion","14":"product_tag-light","15":"product_tag-hmi","16":"product_tag-alquiler-hmi","17":"product_tag-alquiler-arri-hmi-m18","18":"product_tag-alquiler-m18","19":"product_tag-alquiler-iluminacion-hmi","20":"product_tag-alquiler-hmi-serie-m","21":"product_tag-alquiler-serie-m","23":"first","24":"instock","25":"shipping-taxable","26":"purchasable","27":"product-type-simple"},"acf":[],"yoast_head":"<!-- This site is optimized with the Yoast SEO plugin v26.2 - https:\/\/yoast.com\/wordpress\/plugins\/seo\/ -->\n<title>ARRI HMI M18 - Wevision<\/title>\n<meta name=\"description\" content=\"El\u00a0ARRI M18\u00a0es un proyector HMI de\u00a01.800 W\u00a0de la serie M, que combina la tecnolog\u00eda \u00f3ptica\u00a0MAX Reflector\u00a0con el dise\u00f1o\u00a0True Blue\u00a0de ARRI.\" \/>\n<meta name=\"robots\" content=\"index, follow, max-snippet:-1, max-image-preview:large, max-video-preview:-1\" \/>\n<link rel=\"canonical\" href=\"https:\/\/welabplus.com\/wevision\/catalogo\/hmi\/serie-m\/arri-hmi-m18\/\" \/>\n<meta property=\"og:locale\" content=\"es_ES\" \/>\n<meta property=\"og:type\" content=\"article\" \/>\n<meta property=\"og:title\" content=\"ARRI HMI M18 - Wevision\" \/>\n<meta property=\"og:description\" content=\"El\u00a0ARRI M18\u00a0es un proyector HMI de\u00a01.800 W\u00a0de la serie M, que combina la tecnolog\u00eda \u00f3ptica\u00a0MAX Reflector\u00a0con el dise\u00f1o\u00a0True Blue\u00a0de ARRI.\" \/>\n<meta property=\"og:url\" content=\"https:\/\/welabplus.com\/wevision\/catalogo\/hmi\/serie-m\/arri-hmi-m18\/\" \/>\n<meta property=\"og:site_name\" content=\"Wevision\" \/>\n<meta property=\"article:publisher\" content=\"https:\/\/www.facebook.com\/welab.es\/\" \/>\n<meta property=\"article:modified_time\" content=\"2025-12-03T14:31:03+00:00\" \/>\n<meta property=\"og:image\" content=\"https:\/\/welabplus.com\/wevision\/wp-content\/uploads\/2025\/11\/ALQUILWE-ARRI-HMI-M18-WEVISION.jpg\" \/>\n\t<meta property=\"og:image:width\" content=\"933\" \/>\n\t<meta property=\"og:image:height\" content=\"557\" \/>\n\t<meta property=\"og:image:type\" content=\"image\/jpeg\" \/>\n<meta name=\"twitter:card\" content=\"summary_large_image\" \/>\n<meta name=\"twitter:site\" content=\"@welabspain\" \/>\n<meta name=\"twitter:label1\" content=\"Tiempo de lectura\" \/>\n\t<meta name=\"twitter:data1\" content=\"3 minutos\" \/>\n<script type=\"application\/ld+json\" class=\"yoast-schema-graph\">{\"@context\":\"https:\/\/schema.org\",\"@graph\":[{\"@type\":\"WebPage\",\"@id\":\"https:\/\/welabplus.com\/wevision\/catalogo\/hmi\/serie-m\/arri-hmi-m18\/\",\"url\":\"https:\/\/welabplus.com\/wevision\/catalogo\/hmi\/serie-m\/arri-hmi-m18\/\",\"name\":\"ARRI HMI M18 - Wevision\",\"isPartOf\":{\"@id\":\"https:\/\/welabplus.com\/wevision\/#website\"},\"primaryImageOfPage\":{\"@id\":\"https:\/\/welabplus.com\/wevision\/catalogo\/hmi\/serie-m\/arri-hmi-m18\/#primaryimage\"},\"image\":{\"@id\":\"https:\/\/welabplus.com\/wevision\/catalogo\/hmi\/serie-m\/arri-hmi-m18\/#primaryimage\"},\"thumbnailUrl\":\"https:\/\/welabplus.com\/wevision\/wp-content\/uploads\/2025\/11\/ALQUILWE-ARRI-HMI-M18-WEVISION.jpg\",\"datePublished\":\"2025-11-24T11:08:25+00:00\",\"dateModified\":\"2025-12-03T14:31:03+00:00\",\"description\":\"El\u00a0ARRI M18\u00a0es un proyector HMI de\u00a01.800 W\u00a0de la serie M, que combina la tecnolog\u00eda \u00f3ptica\u00a0MAX Reflector\u00a0con el dise\u00f1o\u00a0True Blue\u00a0de ARRI.\",\"breadcrumb\":{\"@id\":\"https:\/\/welabplus.com\/wevision\/catalogo\/hmi\/serie-m\/arri-hmi-m18\/#breadcrumb\"},\"inLanguage\":\"es\",\"potentialAction\":[{\"@type\":\"ReadAction\",\"target\":[\"https:\/\/welabplus.com\/wevision\/catalogo\/hmi\/serie-m\/arri-hmi-m18\/\"]}]},{\"@type\":\"ImageObject\",\"inLanguage\":\"es\",\"@id\":\"https:\/\/welabplus.com\/wevision\/catalogo\/hmi\/serie-m\/arri-hmi-m18\/#primaryimage\",\"url\":\"https:\/\/welabplus.com\/wevision\/wp-content\/uploads\/2025\/11\/ALQUILWE-ARRI-HMI-M18-WEVISION.jpg\",\"contentUrl\":\"https:\/\/welabplus.com\/wevision\/wp-content\/uploads\/2025\/11\/ALQUILWE-ARRI-HMI-M18-WEVISION.jpg\",\"width\":933,\"height\":557,\"caption\":\"ALQUILER ARRI HMI M18 WEVISION\"},{\"@type\":\"BreadcrumbList\",\"@id\":\"https:\/\/welabplus.com\/wevision\/catalogo\/hmi\/serie-m\/arri-hmi-m18\/#breadcrumb\",\"itemListElement\":[{\"@type\":\"ListItem\",\"position\":1,\"name\":\"Portada\",\"item\":\"https:\/\/welabplus.com\/wevision\/\"},{\"@type\":\"ListItem\",\"position\":2,\"name\":\"Cat\u00e1logo\",\"item\":\"https:\/\/welabplus.com\/wevision\/catalogo\/\"},{\"@type\":\"ListItem\",\"position\":3,\"name\":\"ARRI HMI M18\"}]},{\"@type\":\"WebSite\",\"@id\":\"https:\/\/welabplus.com\/wevision\/#website\",\"url\":\"https:\/\/welabplus.com\/wevision\/\",\"name\":\"Welabplus\",\"description\":\"C\u00e1maras y lentes para cine\",\"publisher\":{\"@id\":\"https:\/\/welabplus.com\/wevision\/#organization\"},\"potentialAction\":[{\"@type\":\"SearchAction\",\"target\":{\"@type\":\"EntryPoint\",\"urlTemplate\":\"https:\/\/welabplus.com\/wevision\/?s={search_term_string}\"},\"query-input\":{\"@type\":\"PropertyValueSpecification\",\"valueRequired\":true,\"valueName\":\"search_term_string\"}}],\"inLanguage\":\"es\"},{\"@type\":\"Organization\",\"@id\":\"https:\/\/welabplus.com\/wevision\/#organization\",\"name\":\"Welab Canary Islands\",\"url\":\"https:\/\/welabplus.com\/wevision\/\",\"logo\":{\"@type\":\"ImageObject\",\"inLanguage\":\"es\",\"@id\":\"https:\/\/welabplus.com\/wevision\/#\/schema\/logo\/image\/\",\"url\":\"\",\"contentUrl\":\"\",\"caption\":\"Welab Canary Islands\"},\"image\":{\"@id\":\"https:\/\/welabplus.com\/wevision\/#\/schema\/logo\/image\/\"},\"sameAs\":[\"https:\/\/www.facebook.com\/welab.es\/\",\"https:\/\/x.com\/welabspain\"]}]}<\/script>\n<!-- \/ Yoast SEO plugin. -->","yoast_head_json":{"title":"ARRI HMI M18 - Wevision","description":"El\u00a0ARRI M18\u00a0es un proyector HMI de\u00a01.800 W\u00a0de la serie M, que combina la tecnolog\u00eda \u00f3ptica\u00a0MAX Reflector\u00a0con el dise\u00f1o\u00a0True Blue\u00a0de ARRI.","robots":{"index":"index","follow":"follow","max-snippet":"max-snippet:-1","max-image-preview":"max-image-preview:large","max-video-preview":"max-video-preview:-1"},"canonical":"https:\/\/welabplus.com\/wevision\/catalogo\/hmi\/serie-m\/arri-hmi-m18\/","og_locale":"es_ES","og_type":"article","og_title":"ARRI HMI M18 - Wevision","og_description":"El\u00a0ARRI M18\u00a0es un proyector HMI de\u00a01.800 W\u00a0de la serie M, que combina la tecnolog\u00eda \u00f3ptica\u00a0MAX Reflector\u00a0con el dise\u00f1o\u00a0True Blue\u00a0de ARRI.","og_url":"https:\/\/welabplus.com\/wevision\/catalogo\/hmi\/serie-m\/arri-hmi-m18\/","og_site_name":"Wevision","article_publisher":"https:\/\/www.facebook.com\/welab.es\/","article_modified_time":"2025-12-03T14:31:03+00:00","og_image":[{"width":933,"height":557,"url":"https:\/\/welabplus.com\/wevision\/wp-content\/uploads\/2025\/11\/ALQUILWE-ARRI-HMI-M18-WEVISION.jpg","type":"image\/jpeg"}],"twitter_card":"summary_large_image","twitter_site":"@welabspain","twitter_misc":{"Tiempo de lectura":"3 minutos"},"schema":{"@context":"https:\/\/schema.org","@graph":[{"@type":"WebPage","@id":"https:\/\/welabplus.com\/wevision\/catalogo\/hmi\/serie-m\/arri-hmi-m18\/","url":"https:\/\/welabplus.com\/wevision\/catalogo\/hmi\/serie-m\/arri-hmi-m18\/","name":"ARRI HMI M18 - Wevision","isPartOf":{"@id":"https:\/\/welabplus.com\/wevision\/#website"},"primaryImageOfPage":{"@id":"https:\/\/welabplus.com\/wevision\/catalogo\/hmi\/serie-m\/arri-hmi-m18\/#primaryimage"},"image":{"@id":"https:\/\/welabplus.com\/wevision\/catalogo\/hmi\/serie-m\/arri-hmi-m18\/#primaryimage"},"thumbnailUrl":"https:\/\/welabplus.com\/wevision\/wp-content\/uploads\/2025\/11\/ALQUILWE-ARRI-HMI-M18-WEVISION.jpg","datePublished":"2025-11-24T11:08:25+00:00","dateModified":"2025-12-03T14:31:03+00:00","description":"El\u00a0ARRI M18\u00a0es un proyector HMI de\u00a01.800 W\u00a0de la serie M, que combina la tecnolog\u00eda \u00f3ptica\u00a0MAX Reflector\u00a0con el dise\u00f1o\u00a0True Blue\u00a0de ARRI.","breadcrumb":{"@id":"https:\/\/welabplus.com\/wevision\/catalogo\/hmi\/serie-m\/arri-hmi-m18\/#breadcrumb"},"inLanguage":"es","potentialAction":[{"@type":"ReadAction","target":["https:\/\/welabplus.com\/wevision\/catalogo\/hmi\/serie-m\/arri-hmi-m18\/"]}]},{"@type":"ImageObject","inLanguage":"es","@id":"https:\/\/welabplus.com\/wevision\/catalogo\/hmi\/serie-m\/arri-hmi-m18\/#primaryimage","url":"https:\/\/welabplus.com\/wevision\/wp-content\/uploads\/2025\/11\/ALQUILWE-ARRI-HMI-M18-WEVISION.jpg","contentUrl":"https:\/\/welabplus.com\/wevision\/wp-content\/uploads\/2025\/11\/ALQUILWE-ARRI-HMI-M18-WEVISION.jpg","width":933,"height":557,"caption":"ALQUILER ARRI HMI M18 WEVISION"},{"@type":"BreadcrumbList","@id":"https:\/\/welabplus.com\/wevision\/catalogo\/hmi\/serie-m\/arri-hmi-m18\/#breadcrumb","itemListElement":[{"@type":"ListItem","position":1,"name":"Portada","item":"https:\/\/welabplus.com\/wevision\/"},{"@type":"ListItem","position":2,"name":"Cat\u00e1logo","item":"https:\/\/welabplus.com\/wevision\/catalogo\/"},{"@type":"ListItem","position":3,"name":"ARRI HMI M18"}]},{"@type":"WebSite","@id":"https:\/\/welabplus.com\/wevision\/#website","url":"https:\/\/welabplus.com\/wevision\/","name":"Welabplus","description":"C\u00e1maras y lentes para cine","publisher":{"@id":"https:\/\/welabplus.com\/wevision\/#organization"},"potentialAction":[{"@type":"SearchAction","target":{"@type":"EntryPoint","urlTemplate":"https:\/\/welabplus.com\/wevision\/?s={search_term_string}"},"query-input":{"@type":"PropertyValueSpecification","valueRequired":true,"valueName":"search_term_string"}}],"inLanguage":"es"},{"@type":"Organization","@id":"https:\/\/welabplus.com\/wevision\/#organization","name":"Welab Canary Islands","url":"https:\/\/welabplus.com\/wevision\/","logo":{"@type":"ImageObject","inLanguage":"es","@id":"https:\/\/welabplus.com\/wevision\/#\/schema\/logo\/image\/","url":"","contentUrl":"","caption":"Welab Canary Islands"},"image":{"@id":"https:\/\/welabplus.com\/wevision\/#\/schema\/logo\/image\/"},"sameAs":["https:\/\/www.facebook.com\/welab.es\/","https:\/\/x.com\/welabspain"]}]}},"_links":{"self":[{"href":"https:\/\/welabplus.com\/wevision\/wp-json\/wp\/v2\/product\/28207","targetHints":{"allow":["GET"]}}],"collection":[{"href":"https:\/\/welabplus.com\/wevision\/wp-json\/wp\/v2\/product"}],"about":[{"href":"https:\/\/welabplus.com\/wevision\/wp-json\/wp\/v2\/types\/product"}],"replies":[{"embeddable":true,"href":"https:\/\/welabplus.com\/wevision\/wp-json\/wp\/v2\/comments?post=28207"}],"wp:featuredmedia":[{"embeddable":true,"href":"https:\/\/welabplus.com\/wevision\/wp-json\/wp\/v2\/media\/28203"}],"wp:attachment":[{"href":"https:\/\/welabplus.com\/wevision\/wp-json\/wp\/v2\/media?parent=28207"}],"wp:term":[{"taxonomy":"product_brand","embeddable":true,"href":"https:\/\/welabplus.com\/wevision\/wp-json\/wp\/v2\/product_brand?post=28207"},{"taxonomy":"product_cat","embeddable":true,"href":"https:\/\/welabplus.com\/wevision\/wp-json\/wp\/v2\/product_cat?post=28207"},{"taxonomy":"product_tag","embeddable":true,"href":"https:\/\/welabplus.com\/wevision\/wp-json\/wp\/v2\/product_tag?post=28207"}],"curies":[{"name":"wp","href":"https:\/\/api.w.org\/{rel}","templated":true}]}}