{"id":27661,"date":"2025-11-06T10:24:47","date_gmt":"2025-11-06T09:24:47","guid":{"rendered":"https:\/\/welabplus.com\/wevision\/?post_type=product&#038;p=27661"},"modified":"2025-11-20T11:21:31","modified_gmt":"2025-11-20T10:21:31","slug":"kit-astera-x8-tubos-led-helios","status":"publish","type":"product","link":"https:\/\/welabplus.com\/wevision\/catalogo\/led\/led-led\/kit-astera-x8-tubos-led-helios\/","title":{"rendered":"KIT ASTERA x8 TUBOS LED HELIOS"},"content":{"rendered":"<p><strong>KIT ASTERA x8 TUBOS LED HELIOS<\/strong> con todos los accesorios esenciales almacenados en un duradero malet\u00edn de pl\u00e1stico protector con ruedas y asas. Con la PowerBox incluida, puede cargar sus luces en la maleta para tenerlas listas para su pr\u00f3ximo trabajo. Para instalaciones m\u00e1s largas, la PowerBox puede sacarse de la maleta para suministrar energ\u00eda y datos a trav\u00e9s de los cables combinados Titan Power\/Data opcionales.<\/p>\n<p>&nbsp;<\/p>\n<h3>Caracter\u00edsticas del KIT ASTERA x8 TUBOS LED HELIOS:<\/h3>\n<ul>\n<li>ASTERA HELIOS TUBE tiene todas las caracter\u00edsticas del popular ASTERA TITAN TUBE y ofrece un formato m\u00e1s peque\u00f1o.<\/li>\n<li>Permite el montaje en \u00e1reas donde un TITAN TUBE no encaja y tambi\u00e9n aumenta la portabilidad.<\/li>\n<li>Tiene 8 p\u00edxeles y la mitad del brillo de un ASTERA TITAN TUBE y un poco m\u00e1s de la mitad de su tama\u00f1o.<\/li>\n<li>Los colores y el brillo se combinan perfectamente con los del ASTERA TITAN TUBE.<\/li>\n<\/ul>\n<p>&nbsp;<\/p>\n<hr \/>\n<div class=\"social-icon social-big\"><a href=\"https:\/\/www.facebook.com\/welabplus\/\" target=\"_blank\" title=\"\"><i class=\"fa fa-facebook\"><\/i><\/a><\/div>\n<div class=\"social-icon social-big\"><a href=\"https:\/\/twitter.com\/welabplus\" target=\"_blank\" title=\"\"><i class=\"fa fa-twitter\"><\/i><\/a><\/div>\n<div class=\"social-icon social-big\"><a href=\"https:\/\/www.instagram.com\/welabplus\/?hl=es\" target=\"_blank\" title=\"\"><i class=\"fa fa-instagram\"><\/i><\/a><\/div>\n<div class=\"social-icon social-big\"><a href=\"https:\/\/www.linkedin.com\/company\/welabplus\" target=\"_blank\" title=\"\"><i class=\"fa fa-linkedin\"><\/i><\/a><\/div>\n","protected":false},"excerpt":{"rendered":"<p>KIT ASTERA x8 TUBOS LED HELIOS con todos los accesorios esenciales almacenados en un duradero malet\u00edn de pl\u00e1stico protector con [&hellip;]<\/p>\n","protected":false},"featured_media":28057,"comment_status":"closed","ping_status":"closed","template":"","meta":{"_acf_changed":false,"inline_featured_image":false},"product_brand":[],"product_cat":[9339],"product_tag":[6354,6375,6407,9161,9162,9163,9164,9165,9166],"class_list":{"0":"post-27661","1":"product","2":"type-product","3":"status-publish","4":"has-post-thumbnail","6":"product_cat-led-led","7":"product_tag-led","8":"product_tag-alquiler-iluminacion-fluorescencia","9":"product_tag-alquiler-iluminacion-cine","10":"product_tag-kit-astera-x8-tubos-led-helios","11":"product_tag-kit-astera","12":"product_tag-tubos-led-helios","13":"product_tag-alquiler-kit-astera-x8-tubos-led-helios","14":"product_tag-alquiler-madrid-kit-astera-x8-tubos-led-helios","15":"product_tag-tubos-de-led","17":"first","18":"instock","19":"shipping-taxable","20":"purchasable","21":"product-type-simple"},"acf":[],"yoast_head":"<!-- This site is optimized with the Yoast SEO plugin v26.2 - https:\/\/yoast.com\/wordpress\/plugins\/seo\/ -->\n<title>KIT ASTERA x8 TUBOS LED HELIOS - Welabplus<\/title>\n<meta name=\"description\" content=\"Alquiler del KIT ASTERA x8 TUBOS LED HELIOS en Welab en Madrid y en las Islas Canarias, para cine, publicidad, series, documentales...\" \/>\n<meta name=\"robots\" content=\"index, follow, max-snippet:-1, max-image-preview:large, max-video-preview:-1\" \/>\n<link rel=\"canonical\" href=\"https:\/\/welabplus.com\/wevision\/catalogo\/led\/led-led\/kit-astera-x8-tubos-led-helios\/\" \/>\n<meta property=\"og:locale\" content=\"es_ES\" \/>\n<meta property=\"og:type\" content=\"article\" \/>\n<meta property=\"og:title\" content=\"KIT ASTERA x8 TUBOS LED HELIOS - Welabplus\" \/>\n<meta property=\"og:description\" content=\"Alquiler del KIT ASTERA x8 TUBOS LED HELIOS en Welab en Madrid y en las Islas Canarias, para cine, publicidad, series, documentales...\" \/>\n<meta property=\"og:url\" content=\"https:\/\/welabplus.com\/wevision\/catalogo\/led\/led-led\/kit-astera-x8-tubos-led-helios\/\" \/>\n<meta property=\"og:site_name\" content=\"Wevision\" \/>\n<meta property=\"article:publisher\" content=\"https:\/\/www.facebook.com\/welab.es\/\" \/>\n<meta property=\"article:modified_time\" content=\"2025-11-20T10:21:31+00:00\" \/>\n<meta property=\"og:image\" content=\"https:\/\/welabplus.com\/wevision\/wp-content\/uploads\/2025\/11\/ALQUILER-KIT-ASTERA-x8-TUBOS-LED-HELIOS-WEVISION_WELABPLUS.jpg\" \/>\n\t<meta property=\"og:image:width\" content=\"933\" \/>\n\t<meta property=\"og:image:height\" content=\"557\" \/>\n\t<meta property=\"og:image:type\" content=\"image\/jpeg\" \/>\n<meta name=\"twitter:card\" content=\"summary_large_image\" \/>\n<meta name=\"twitter:site\" content=\"@welabspain\" \/>\n<meta name=\"twitter:label1\" content=\"Tiempo de lectura\" \/>\n\t<meta name=\"twitter:data1\" content=\"1 minuto\" \/>\n<script type=\"application\/ld+json\" class=\"yoast-schema-graph\">{\"@context\":\"https:\/\/schema.org\",\"@graph\":[{\"@type\":\"WebPage\",\"@id\":\"https:\/\/welabplus.com\/wevision\/catalogo\/led\/led-led\/kit-astera-x8-tubos-led-helios\/\",\"url\":\"https:\/\/welabplus.com\/wevision\/catalogo\/led\/led-led\/kit-astera-x8-tubos-led-helios\/\",\"name\":\"KIT ASTERA x8 TUBOS LED HELIOS - Welabplus\",\"isPartOf\":{\"@id\":\"https:\/\/welabplus.com\/wevision\/#website\"},\"primaryImageOfPage\":{\"@id\":\"https:\/\/welabplus.com\/wevision\/catalogo\/led\/led-led\/kit-astera-x8-tubos-led-helios\/#primaryimage\"},\"image\":{\"@id\":\"https:\/\/welabplus.com\/wevision\/catalogo\/led\/led-led\/kit-astera-x8-tubos-led-helios\/#primaryimage\"},\"thumbnailUrl\":\"https:\/\/welabplus.com\/wevision\/wp-content\/uploads\/2025\/11\/ALQUILER-KIT-ASTERA-x8-TUBOS-LED-HELIOS-WEVISION_WELABPLUS.jpg\",\"datePublished\":\"2025-11-06T09:24:47+00:00\",\"dateModified\":\"2025-11-20T10:21:31+00:00\",\"description\":\"Alquiler del KIT ASTERA x8 TUBOS LED HELIOS en Welab en Madrid y en las Islas Canarias, para cine, publicidad, series, documentales...\",\"breadcrumb\":{\"@id\":\"https:\/\/welabplus.com\/wevision\/catalogo\/led\/led-led\/kit-astera-x8-tubos-led-helios\/#breadcrumb\"},\"inLanguage\":\"es\",\"potentialAction\":[{\"@type\":\"ReadAction\",\"target\":[\"https:\/\/welabplus.com\/wevision\/catalogo\/led\/led-led\/kit-astera-x8-tubos-led-helios\/\"]}]},{\"@type\":\"ImageObject\",\"inLanguage\":\"es\",\"@id\":\"https:\/\/welabplus.com\/wevision\/catalogo\/led\/led-led\/kit-astera-x8-tubos-led-helios\/#primaryimage\",\"url\":\"https:\/\/welabplus.com\/wevision\/wp-content\/uploads\/2025\/11\/ALQUILER-KIT-ASTERA-x8-TUBOS-LED-HELIOS-WEVISION_WELABPLUS.jpg\",\"contentUrl\":\"https:\/\/welabplus.com\/wevision\/wp-content\/uploads\/2025\/11\/ALQUILER-KIT-ASTERA-x8-TUBOS-LED-HELIOS-WEVISION_WELABPLUS.jpg\",\"width\":933,\"height\":557,\"caption\":\"ALQUILER KIT ASTERA X8 TUBOS LED HELIOS WEVISION WELABPLUS\"},{\"@type\":\"BreadcrumbList\",\"@id\":\"https:\/\/welabplus.com\/wevision\/catalogo\/led\/led-led\/kit-astera-x8-tubos-led-helios\/#breadcrumb\",\"itemListElement\":[{\"@type\":\"ListItem\",\"position\":1,\"name\":\"Portada\",\"item\":\"https:\/\/welabplus.com\/wevision\/\"},{\"@type\":\"ListItem\",\"position\":2,\"name\":\"Cat\u00e1logo\",\"item\":\"https:\/\/welabplus.com\/wevision\/catalogo\/\"},{\"@type\":\"ListItem\",\"position\":3,\"name\":\"KIT ASTERA x8 TUBOS LED HELIOS\"}]},{\"@type\":\"WebSite\",\"@id\":\"https:\/\/welabplus.com\/wevision\/#website\",\"url\":\"https:\/\/welabplus.com\/wevision\/\",\"name\":\"Welabplus\",\"description\":\"C\u00e1maras y lentes para cine\",\"publisher\":{\"@id\":\"https:\/\/welabplus.com\/wevision\/#organization\"},\"potentialAction\":[{\"@type\":\"SearchAction\",\"target\":{\"@type\":\"EntryPoint\",\"urlTemplate\":\"https:\/\/welabplus.com\/wevision\/?s={search_term_string}\"},\"query-input\":{\"@type\":\"PropertyValueSpecification\",\"valueRequired\":true,\"valueName\":\"search_term_string\"}}],\"inLanguage\":\"es\"},{\"@type\":\"Organization\",\"@id\":\"https:\/\/welabplus.com\/wevision\/#organization\",\"name\":\"Welab Canary Islands\",\"url\":\"https:\/\/welabplus.com\/wevision\/\",\"logo\":{\"@type\":\"ImageObject\",\"inLanguage\":\"es\",\"@id\":\"https:\/\/welabplus.com\/wevision\/#\/schema\/logo\/image\/\",\"url\":\"\",\"contentUrl\":\"\",\"caption\":\"Welab Canary Islands\"},\"image\":{\"@id\":\"https:\/\/welabplus.com\/wevision\/#\/schema\/logo\/image\/\"},\"sameAs\":[\"https:\/\/www.facebook.com\/welab.es\/\",\"https:\/\/x.com\/welabspain\"]}]}<\/script>\n<!-- \/ Yoast SEO plugin. -->","yoast_head_json":{"title":"KIT ASTERA x8 TUBOS LED HELIOS - Welabplus","description":"Alquiler del KIT ASTERA x8 TUBOS LED HELIOS en Welab en Madrid y en las Islas Canarias, para cine, publicidad, series, documentales...","robots":{"index":"index","follow":"follow","max-snippet":"max-snippet:-1","max-image-preview":"max-image-preview:large","max-video-preview":"max-video-preview:-1"},"canonical":"https:\/\/welabplus.com\/wevision\/catalogo\/led\/led-led\/kit-astera-x8-tubos-led-helios\/","og_locale":"es_ES","og_type":"article","og_title":"KIT ASTERA x8 TUBOS LED HELIOS - Welabplus","og_description":"Alquiler del KIT ASTERA x8 TUBOS LED HELIOS en Welab en Madrid y en las Islas Canarias, para cine, publicidad, series, documentales...","og_url":"https:\/\/welabplus.com\/wevision\/catalogo\/led\/led-led\/kit-astera-x8-tubos-led-helios\/","og_site_name":"Wevision","article_publisher":"https:\/\/www.facebook.com\/welab.es\/","article_modified_time":"2025-11-20T10:21:31+00:00","og_image":[{"width":933,"height":557,"url":"https:\/\/welabplus.com\/wevision\/wp-content\/uploads\/2025\/11\/ALQUILER-KIT-ASTERA-x8-TUBOS-LED-HELIOS-WEVISION_WELABPLUS.jpg","type":"image\/jpeg"}],"twitter_card":"summary_large_image","twitter_site":"@welabspain","twitter_misc":{"Tiempo de lectura":"1 minuto"},"schema":{"@context":"https:\/\/schema.org","@graph":[{"@type":"WebPage","@id":"https:\/\/welabplus.com\/wevision\/catalogo\/led\/led-led\/kit-astera-x8-tubos-led-helios\/","url":"https:\/\/welabplus.com\/wevision\/catalogo\/led\/led-led\/kit-astera-x8-tubos-led-helios\/","name":"KIT ASTERA x8 TUBOS LED HELIOS - Welabplus","isPartOf":{"@id":"https:\/\/welabplus.com\/wevision\/#website"},"primaryImageOfPage":{"@id":"https:\/\/welabplus.com\/wevision\/catalogo\/led\/led-led\/kit-astera-x8-tubos-led-helios\/#primaryimage"},"image":{"@id":"https:\/\/welabplus.com\/wevision\/catalogo\/led\/led-led\/kit-astera-x8-tubos-led-helios\/#primaryimage"},"thumbnailUrl":"https:\/\/welabplus.com\/wevision\/wp-content\/uploads\/2025\/11\/ALQUILER-KIT-ASTERA-x8-TUBOS-LED-HELIOS-WEVISION_WELABPLUS.jpg","datePublished":"2025-11-06T09:24:47+00:00","dateModified":"2025-11-20T10:21:31+00:00","description":"Alquiler del KIT ASTERA x8 TUBOS LED HELIOS en Welab en Madrid y en las Islas Canarias, para cine, publicidad, series, documentales...","breadcrumb":{"@id":"https:\/\/welabplus.com\/wevision\/catalogo\/led\/led-led\/kit-astera-x8-tubos-led-helios\/#breadcrumb"},"inLanguage":"es","potentialAction":[{"@type":"ReadAction","target":["https:\/\/welabplus.com\/wevision\/catalogo\/led\/led-led\/kit-astera-x8-tubos-led-helios\/"]}]},{"@type":"ImageObject","inLanguage":"es","@id":"https:\/\/welabplus.com\/wevision\/catalogo\/led\/led-led\/kit-astera-x8-tubos-led-helios\/#primaryimage","url":"https:\/\/welabplus.com\/wevision\/wp-content\/uploads\/2025\/11\/ALQUILER-KIT-ASTERA-x8-TUBOS-LED-HELIOS-WEVISION_WELABPLUS.jpg","contentUrl":"https:\/\/welabplus.com\/wevision\/wp-content\/uploads\/2025\/11\/ALQUILER-KIT-ASTERA-x8-TUBOS-LED-HELIOS-WEVISION_WELABPLUS.jpg","width":933,"height":557,"caption":"ALQUILER KIT ASTERA X8 TUBOS LED HELIOS WEVISION WELABPLUS"},{"@type":"BreadcrumbList","@id":"https:\/\/welabplus.com\/wevision\/catalogo\/led\/led-led\/kit-astera-x8-tubos-led-helios\/#breadcrumb","itemListElement":[{"@type":"ListItem","position":1,"name":"Portada","item":"https:\/\/welabplus.com\/wevision\/"},{"@type":"ListItem","position":2,"name":"Cat\u00e1logo","item":"https:\/\/welabplus.com\/wevision\/catalogo\/"},{"@type":"ListItem","position":3,"name":"KIT ASTERA x8 TUBOS LED HELIOS"}]},{"@type":"WebSite","@id":"https:\/\/welabplus.com\/wevision\/#website","url":"https:\/\/welabplus.com\/wevision\/","name":"Welabplus","description":"C\u00e1maras y lentes para cine","publisher":{"@id":"https:\/\/welabplus.com\/wevision\/#organization"},"potentialAction":[{"@type":"SearchAction","target":{"@type":"EntryPoint","urlTemplate":"https:\/\/welabplus.com\/wevision\/?s={search_term_string}"},"query-input":{"@type":"PropertyValueSpecification","valueRequired":true,"valueName":"search_term_string"}}],"inLanguage":"es"},{"@type":"Organization","@id":"https:\/\/welabplus.com\/wevision\/#organization","name":"Welab Canary Islands","url":"https:\/\/welabplus.com\/wevision\/","logo":{"@type":"ImageObject","inLanguage":"es","@id":"https:\/\/welabplus.com\/wevision\/#\/schema\/logo\/image\/","url":"","contentUrl":"","caption":"Welab Canary Islands"},"image":{"@id":"https:\/\/welabplus.com\/wevision\/#\/schema\/logo\/image\/"},"sameAs":["https:\/\/www.facebook.com\/welab.es\/","https:\/\/x.com\/welabspain"]}]}},"_links":{"self":[{"href":"https:\/\/welabplus.com\/wevision\/wp-json\/wp\/v2\/product\/27661","targetHints":{"allow":["GET"]}}],"collection":[{"href":"https:\/\/welabplus.com\/wevision\/wp-json\/wp\/v2\/product"}],"about":[{"href":"https:\/\/welabplus.com\/wevision\/wp-json\/wp\/v2\/types\/product"}],"replies":[{"embeddable":true,"href":"https:\/\/welabplus.com\/wevision\/wp-json\/wp\/v2\/comments?post=27661"}],"wp:featuredmedia":[{"embeddable":true,"href":"https:\/\/welabplus.com\/wevision\/wp-json\/wp\/v2\/media\/28057"}],"wp:attachment":[{"href":"https:\/\/welabplus.com\/wevision\/wp-json\/wp\/v2\/media?parent=27661"}],"wp:term":[{"taxonomy":"product_brand","embeddable":true,"href":"https:\/\/welabplus.com\/wevision\/wp-json\/wp\/v2\/product_brand?post=27661"},{"taxonomy":"product_cat","embeddable":true,"href":"https:\/\/welabplus.com\/wevision\/wp-json\/wp\/v2\/product_cat?post=27661"},{"taxonomy":"product_tag","embeddable":true,"href":"https:\/\/welabplus.com\/wevision\/wp-json\/wp\/v2\/product_tag?post=27661"}],"curies":[{"name":"wp","href":"https:\/\/api.w.org\/{rel}","templated":true}]}}