{"id":27394,"date":"2025-11-06T10:24:47","date_gmt":"2025-11-06T09:24:47","guid":{"rendered":"https:\/\/welabplus.com\/wevision\/?post_type=product&#038;p=27394"},"modified":"2025-11-18T12:15:17","modified_gmt":"2025-11-18T11:15:17","slug":"aputure-ls-600c-pro-ii","status":"publish","type":"product","link":"https:\/\/welabplus.com\/wevision\/catalogo\/led\/foco-puntual-cob\/aputure\/aputure-ls-600c-pro-ii\/","title":{"rendered":"APUTURE LS 600C PRO II"},"content":{"rendered":"<p class=\"_h6_1b1hc_15 _dim_1b1hc_29\">El <strong>APUTURE LS 600C PRO II<\/strong> se trata de una l\u00e1mpara de fuente puntual de color ajustable de 600 W con conectividad mejorada.<\/p>\n<p>&nbsp;<\/p>\n<h3>Caracter\u00edsticas principales del APUTURE LS 600C PRO II:<\/h3>\n<p><strong>HASTA UN 85% M<\/strong><strong>\u00c1S BRILLANTE<\/strong><\/p>\n<p>El LS 600c Pro II tiene un nuevo dise\u00f1o de motor ligero que aumenta la eficiencia de salida manteniendo el consumo de energ\u00eda y la calidad del color. Una nueva formulaci\u00f3n de emisores LED aumenta la potencia de la luz en un 35%. El nuevo dise\u00f1o es a\u00fan mejor con modificadores, ya que produce un 82 % m\u00e1s de luz cuando se usa con el Hyper-Reflector incluido y entre un 70 y un 85 % m\u00e1s cuando se combina con el fresnel F10.<\/p>\n<p><strong>AHORA PROTECCI\u00d3N CONTRA LA INTEMPERIE IP54<\/strong><\/p>\n<p>El IP54 significa que el LS 600c Pro II puede funcionar en entornos extremos. Los nuevos cierres en cada conector permiten que se pueda utilizar en el exterior bajo la lluvia.<\/p>\n<p><strong>COMPATIBLE CON EL ECOSISTEMA APUTURE<\/strong><\/p>\n<p>El LS 600c Pro II utiliza los mismos modificadores de montura Bowens y se puede controlar mediante Sidus Link. La luz ofrece todas las caracter\u00edsticas de su predecesora pero al tiempo mejora la salida, el parpadeo y la atenuaci\u00f3n.<\/p>\n<p>&nbsp;<\/p>\n<h3>Especificaciones T\u00e9cnicas del producto:<\/h3>\n<ul>\n<li class=\"_bodyL_1b1hc_15\">Luminaria LED de montaje Bowens de fuente puntual y color completo de 600 W.<\/li>\n<li class=\"_bodyL_1b1hc_15\">Consumo m\u00e1ximo de energ\u00eda: 720 W.<\/li>\n<li class=\"_bodyL_1b1hc_15\">Salida de luz diurna comparable a 1200 W HMI.<\/li>\n<li class=\"_bodyL_1b1hc_15\">Dise\u00f1o COB de di\u00e1metro peque\u00f1o mejorado con una mejora significativa en la salida: 82 % m\u00e1s de salida que el LS 600c Pro con el nuevo hiperreflector (91 500 lux a 1 m, 5600 K).<\/li>\n<li class=\"_bodyL_1b1hc_15\">Rango CCT de 2.300 K a 10.000 K.<\/li>\n<\/ul>\n<p>&nbsp;<\/p>\n<p><em>*M\u00e1s informaci\u00f3n sobre el producto pinchando<strong><a href=\"https:\/\/aputure.com\/products\/ls-600c-pro-ii?Battery+Mount=V-Mount\"> aqu\u00ed.<\/a><\/strong><\/em><\/p>\n<p>&nbsp;<\/p>\n<hr \/>\n<div class=\"social-icon social-big\"><a href=\"https:\/\/www.facebook.com\/welabplus\/\" target=\"_blank\" title=\"\"><i class=\"fa fa-facebook\"><\/i><\/a><\/div>\n<div class=\"social-icon social-big\"><a href=\"https:\/\/twitter.com\/welabplus\" target=\"_blank\" title=\"\"><i class=\"fa fa-twitter\"><\/i><\/a><\/div>\n<div class=\"social-icon social-big\"><a href=\"https:\/\/www.instagram.com\/welabplus\/?hl=es\" target=\"_blank\" title=\"\"><i class=\"fa fa-instagram\"><\/i><\/a><\/div>\n<div class=\"social-icon social-big\"><a href=\"https:\/\/www.linkedin.com\/company\/welabplus\" target=\"_blank\" title=\"\"><i class=\"fa fa-linkedin\"><\/i><\/a><\/div>\n","protected":false},"excerpt":{"rendered":"<p>El APUTURE LS 600C PRO II se trata de una l\u00e1mpara de fuente puntual de color ajustable de 600 W [&hellip;]<\/p>\n","protected":false},"featured_media":28045,"comment_status":"closed","ping_status":"closed","template":"","meta":{"_acf_changed":false,"inline_featured_image":false},"product_brand":[],"product_cat":[8981],"product_tag":[6258,6286,6313,6337,6364,8132,8987,8988,9000],"class_list":{"0":"post-27394","1":"product","2":"type-product","3":"status-publish","4":"has-post-thumbnail","6":"product_cat-aputure","7":"product_tag-iluminacion","8":"product_tag-alquiler-focos-para-rodajes-cinematograficos","9":"product_tag-alquiler-de-iluminacion-audiovisual","10":"product_tag-alquiler-focos","11":"product_tag-alquiler-iluminacion","12":"product_tag-focos","13":"product_tag-aputure","14":"product_tag-spotlight-lighting-rental","15":"product_tag-aputure-ls-600c-pro-ii","17":"first","18":"instock","19":"shipping-taxable","20":"purchasable","21":"product-type-simple"},"acf":[],"yoast_head":"<!-- This site is optimized with the Yoast SEO plugin v26.2 - https:\/\/yoast.com\/wordpress\/plugins\/seo\/ -->\n<title>APUTURE LS 600C PRO II - Welabplus<\/title>\n<meta name=\"description\" content=\"Alquiler del APUTURE LS 600C PRO II en Welab en Madrid y en las Islas Canarias, para cine, publicidad, series, documentales, videoclips...\" \/>\n<meta name=\"robots\" content=\"index, follow, max-snippet:-1, max-image-preview:large, max-video-preview:-1\" \/>\n<link rel=\"canonical\" href=\"https:\/\/welabplus.com\/wevision\/catalogo\/led\/foco-puntual-cob\/aputure\/aputure-ls-600c-pro-ii\/\" \/>\n<meta property=\"og:locale\" content=\"es_ES\" \/>\n<meta property=\"og:type\" content=\"article\" \/>\n<meta property=\"og:title\" content=\"APUTURE LS 600C PRO II - Welabplus\" \/>\n<meta property=\"og:description\" content=\"Alquiler del APUTURE LS 600C PRO II en Welab en Madrid y en las Islas Canarias, para cine, publicidad, series, documentales, videoclips...\" \/>\n<meta property=\"og:url\" content=\"https:\/\/welabplus.com\/wevision\/catalogo\/led\/foco-puntual-cob\/aputure\/aputure-ls-600c-pro-ii\/\" \/>\n<meta property=\"og:site_name\" content=\"Wevision\" \/>\n<meta property=\"article:publisher\" content=\"https:\/\/www.facebook.com\/welab.es\/\" \/>\n<meta property=\"article:modified_time\" content=\"2025-11-18T11:15:17+00:00\" \/>\n<meta property=\"og:image\" content=\"https:\/\/welabplus.com\/wevision\/wp-content\/uploads\/2025\/11\/ALQUILER-APUTURE-LS-600C-PRO-II-WEVISION_WELABPLUS.jpg\" \/>\n\t<meta property=\"og:image:width\" content=\"933\" \/>\n\t<meta property=\"og:image:height\" content=\"557\" \/>\n\t<meta property=\"og:image:type\" content=\"image\/jpeg\" \/>\n<meta name=\"twitter:card\" content=\"summary_large_image\" \/>\n<meta name=\"twitter:site\" content=\"@welabspain\" \/>\n<meta name=\"twitter:label1\" content=\"Tiempo de lectura\" \/>\n\t<meta name=\"twitter:data1\" content=\"2 minutos\" \/>\n<script type=\"application\/ld+json\" class=\"yoast-schema-graph\">{\"@context\":\"https:\/\/schema.org\",\"@graph\":[{\"@type\":\"WebPage\",\"@id\":\"https:\/\/welabplus.com\/wevision\/catalogo\/led\/foco-puntual-cob\/aputure\/aputure-ls-600c-pro-ii\/\",\"url\":\"https:\/\/welabplus.com\/wevision\/catalogo\/led\/foco-puntual-cob\/aputure\/aputure-ls-600c-pro-ii\/\",\"name\":\"APUTURE LS 600C PRO II - Welabplus\",\"isPartOf\":{\"@id\":\"https:\/\/welabplus.com\/wevision\/#website\"},\"primaryImageOfPage\":{\"@id\":\"https:\/\/welabplus.com\/wevision\/catalogo\/led\/foco-puntual-cob\/aputure\/aputure-ls-600c-pro-ii\/#primaryimage\"},\"image\":{\"@id\":\"https:\/\/welabplus.com\/wevision\/catalogo\/led\/foco-puntual-cob\/aputure\/aputure-ls-600c-pro-ii\/#primaryimage\"},\"thumbnailUrl\":\"https:\/\/welabplus.com\/wevision\/wp-content\/uploads\/2025\/11\/ALQUILER-APUTURE-LS-600C-PRO-II-WEVISION_WELABPLUS.jpg\",\"datePublished\":\"2025-11-06T09:24:47+00:00\",\"dateModified\":\"2025-11-18T11:15:17+00:00\",\"description\":\"Alquiler del APUTURE LS 600C PRO II en Welab en Madrid y en las Islas Canarias, para cine, publicidad, series, documentales, videoclips...\",\"breadcrumb\":{\"@id\":\"https:\/\/welabplus.com\/wevision\/catalogo\/led\/foco-puntual-cob\/aputure\/aputure-ls-600c-pro-ii\/#breadcrumb\"},\"inLanguage\":\"es\",\"potentialAction\":[{\"@type\":\"ReadAction\",\"target\":[\"https:\/\/welabplus.com\/wevision\/catalogo\/led\/foco-puntual-cob\/aputure\/aputure-ls-600c-pro-ii\/\"]}]},{\"@type\":\"ImageObject\",\"inLanguage\":\"es\",\"@id\":\"https:\/\/welabplus.com\/wevision\/catalogo\/led\/foco-puntual-cob\/aputure\/aputure-ls-600c-pro-ii\/#primaryimage\",\"url\":\"https:\/\/welabplus.com\/wevision\/wp-content\/uploads\/2025\/11\/ALQUILER-APUTURE-LS-600C-PRO-II-WEVISION_WELABPLUS.jpg\",\"contentUrl\":\"https:\/\/welabplus.com\/wevision\/wp-content\/uploads\/2025\/11\/ALQUILER-APUTURE-LS-600C-PRO-II-WEVISION_WELABPLUS.jpg\",\"width\":933,\"height\":557,\"caption\":\"ALQUILER APUTURE LS PRO II WEVISION WELABPLUS\"},{\"@type\":\"BreadcrumbList\",\"@id\":\"https:\/\/welabplus.com\/wevision\/catalogo\/led\/foco-puntual-cob\/aputure\/aputure-ls-600c-pro-ii\/#breadcrumb\",\"itemListElement\":[{\"@type\":\"ListItem\",\"position\":1,\"name\":\"Portada\",\"item\":\"https:\/\/welabplus.com\/wevision\/\"},{\"@type\":\"ListItem\",\"position\":2,\"name\":\"Cat\u00e1logo\",\"item\":\"https:\/\/welabplus.com\/wevision\/catalogo\/\"},{\"@type\":\"ListItem\",\"position\":3,\"name\":\"APUTURE LS 600C PRO II\"}]},{\"@type\":\"WebSite\",\"@id\":\"https:\/\/welabplus.com\/wevision\/#website\",\"url\":\"https:\/\/welabplus.com\/wevision\/\",\"name\":\"Welabplus\",\"description\":\"C\u00e1maras y lentes para cine\",\"publisher\":{\"@id\":\"https:\/\/welabplus.com\/wevision\/#organization\"},\"potentialAction\":[{\"@type\":\"SearchAction\",\"target\":{\"@type\":\"EntryPoint\",\"urlTemplate\":\"https:\/\/welabplus.com\/wevision\/?s={search_term_string}\"},\"query-input\":{\"@type\":\"PropertyValueSpecification\",\"valueRequired\":true,\"valueName\":\"search_term_string\"}}],\"inLanguage\":\"es\"},{\"@type\":\"Organization\",\"@id\":\"https:\/\/welabplus.com\/wevision\/#organization\",\"name\":\"Welab Canary Islands\",\"url\":\"https:\/\/welabplus.com\/wevision\/\",\"logo\":{\"@type\":\"ImageObject\",\"inLanguage\":\"es\",\"@id\":\"https:\/\/welabplus.com\/wevision\/#\/schema\/logo\/image\/\",\"url\":\"\",\"contentUrl\":\"\",\"caption\":\"Welab Canary Islands\"},\"image\":{\"@id\":\"https:\/\/welabplus.com\/wevision\/#\/schema\/logo\/image\/\"},\"sameAs\":[\"https:\/\/www.facebook.com\/welab.es\/\",\"https:\/\/x.com\/welabspain\"]}]}<\/script>\n<!-- \/ Yoast SEO plugin. -->","yoast_head_json":{"title":"APUTURE LS 600C PRO II - Welabplus","description":"Alquiler del APUTURE LS 600C PRO II en Welab en Madrid y en las Islas Canarias, para cine, publicidad, series, documentales, videoclips...","robots":{"index":"index","follow":"follow","max-snippet":"max-snippet:-1","max-image-preview":"max-image-preview:large","max-video-preview":"max-video-preview:-1"},"canonical":"https:\/\/welabplus.com\/wevision\/catalogo\/led\/foco-puntual-cob\/aputure\/aputure-ls-600c-pro-ii\/","og_locale":"es_ES","og_type":"article","og_title":"APUTURE LS 600C PRO II - Welabplus","og_description":"Alquiler del APUTURE LS 600C PRO II en Welab en Madrid y en las Islas Canarias, para cine, publicidad, series, documentales, videoclips...","og_url":"https:\/\/welabplus.com\/wevision\/catalogo\/led\/foco-puntual-cob\/aputure\/aputure-ls-600c-pro-ii\/","og_site_name":"Wevision","article_publisher":"https:\/\/www.facebook.com\/welab.es\/","article_modified_time":"2025-11-18T11:15:17+00:00","og_image":[{"width":933,"height":557,"url":"https:\/\/welabplus.com\/wevision\/wp-content\/uploads\/2025\/11\/ALQUILER-APUTURE-LS-600C-PRO-II-WEVISION_WELABPLUS.jpg","type":"image\/jpeg"}],"twitter_card":"summary_large_image","twitter_site":"@welabspain","twitter_misc":{"Tiempo de lectura":"2 minutos"},"schema":{"@context":"https:\/\/schema.org","@graph":[{"@type":"WebPage","@id":"https:\/\/welabplus.com\/wevision\/catalogo\/led\/foco-puntual-cob\/aputure\/aputure-ls-600c-pro-ii\/","url":"https:\/\/welabplus.com\/wevision\/catalogo\/led\/foco-puntual-cob\/aputure\/aputure-ls-600c-pro-ii\/","name":"APUTURE LS 600C PRO II - Welabplus","isPartOf":{"@id":"https:\/\/welabplus.com\/wevision\/#website"},"primaryImageOfPage":{"@id":"https:\/\/welabplus.com\/wevision\/catalogo\/led\/foco-puntual-cob\/aputure\/aputure-ls-600c-pro-ii\/#primaryimage"},"image":{"@id":"https:\/\/welabplus.com\/wevision\/catalogo\/led\/foco-puntual-cob\/aputure\/aputure-ls-600c-pro-ii\/#primaryimage"},"thumbnailUrl":"https:\/\/welabplus.com\/wevision\/wp-content\/uploads\/2025\/11\/ALQUILER-APUTURE-LS-600C-PRO-II-WEVISION_WELABPLUS.jpg","datePublished":"2025-11-06T09:24:47+00:00","dateModified":"2025-11-18T11:15:17+00:00","description":"Alquiler del APUTURE LS 600C PRO II en Welab en Madrid y en las Islas Canarias, para cine, publicidad, series, documentales, videoclips...","breadcrumb":{"@id":"https:\/\/welabplus.com\/wevision\/catalogo\/led\/foco-puntual-cob\/aputure\/aputure-ls-600c-pro-ii\/#breadcrumb"},"inLanguage":"es","potentialAction":[{"@type":"ReadAction","target":["https:\/\/welabplus.com\/wevision\/catalogo\/led\/foco-puntual-cob\/aputure\/aputure-ls-600c-pro-ii\/"]}]},{"@type":"ImageObject","inLanguage":"es","@id":"https:\/\/welabplus.com\/wevision\/catalogo\/led\/foco-puntual-cob\/aputure\/aputure-ls-600c-pro-ii\/#primaryimage","url":"https:\/\/welabplus.com\/wevision\/wp-content\/uploads\/2025\/11\/ALQUILER-APUTURE-LS-600C-PRO-II-WEVISION_WELABPLUS.jpg","contentUrl":"https:\/\/welabplus.com\/wevision\/wp-content\/uploads\/2025\/11\/ALQUILER-APUTURE-LS-600C-PRO-II-WEVISION_WELABPLUS.jpg","width":933,"height":557,"caption":"ALQUILER APUTURE LS PRO II WEVISION WELABPLUS"},{"@type":"BreadcrumbList","@id":"https:\/\/welabplus.com\/wevision\/catalogo\/led\/foco-puntual-cob\/aputure\/aputure-ls-600c-pro-ii\/#breadcrumb","itemListElement":[{"@type":"ListItem","position":1,"name":"Portada","item":"https:\/\/welabplus.com\/wevision\/"},{"@type":"ListItem","position":2,"name":"Cat\u00e1logo","item":"https:\/\/welabplus.com\/wevision\/catalogo\/"},{"@type":"ListItem","position":3,"name":"APUTURE LS 600C PRO II"}]},{"@type":"WebSite","@id":"https:\/\/welabplus.com\/wevision\/#website","url":"https:\/\/welabplus.com\/wevision\/","name":"Welabplus","description":"C\u00e1maras y lentes para cine","publisher":{"@id":"https:\/\/welabplus.com\/wevision\/#organization"},"potentialAction":[{"@type":"SearchAction","target":{"@type":"EntryPoint","urlTemplate":"https:\/\/welabplus.com\/wevision\/?s={search_term_string}"},"query-input":{"@type":"PropertyValueSpecification","valueRequired":true,"valueName":"search_term_string"}}],"inLanguage":"es"},{"@type":"Organization","@id":"https:\/\/welabplus.com\/wevision\/#organization","name":"Welab Canary Islands","url":"https:\/\/welabplus.com\/wevision\/","logo":{"@type":"ImageObject","inLanguage":"es","@id":"https:\/\/welabplus.com\/wevision\/#\/schema\/logo\/image\/","url":"","contentUrl":"","caption":"Welab Canary Islands"},"image":{"@id":"https:\/\/welabplus.com\/wevision\/#\/schema\/logo\/image\/"},"sameAs":["https:\/\/www.facebook.com\/welab.es\/","https:\/\/x.com\/welabspain"]}]}},"_links":{"self":[{"href":"https:\/\/welabplus.com\/wevision\/wp-json\/wp\/v2\/product\/27394","targetHints":{"allow":["GET"]}}],"collection":[{"href":"https:\/\/welabplus.com\/wevision\/wp-json\/wp\/v2\/product"}],"about":[{"href":"https:\/\/welabplus.com\/wevision\/wp-json\/wp\/v2\/types\/product"}],"replies":[{"embeddable":true,"href":"https:\/\/welabplus.com\/wevision\/wp-json\/wp\/v2\/comments?post=27394"}],"wp:featuredmedia":[{"embeddable":true,"href":"https:\/\/welabplus.com\/wevision\/wp-json\/wp\/v2\/media\/28045"}],"wp:attachment":[{"href":"https:\/\/welabplus.com\/wevision\/wp-json\/wp\/v2\/media?parent=27394"}],"wp:term":[{"taxonomy":"product_brand","embeddable":true,"href":"https:\/\/welabplus.com\/wevision\/wp-json\/wp\/v2\/product_brand?post=27394"},{"taxonomy":"product_cat","embeddable":true,"href":"https:\/\/welabplus.com\/wevision\/wp-json\/wp\/v2\/product_cat?post=27394"},{"taxonomy":"product_tag","embeddable":true,"href":"https:\/\/welabplus.com\/wevision\/wp-json\/wp\/v2\/product_tag?post=27394"}],"curies":[{"name":"wp","href":"https:\/\/api.w.org\/{rel}","templated":true}]}}