{"id":27392,"date":"2025-11-06T10:24:47","date_gmt":"2025-11-06T09:24:47","guid":{"rendered":"https:\/\/welabplus.com\/wevision\/?post_type=product&#038;p=27392"},"modified":"2025-11-18T12:17:19","modified_gmt":"2025-11-18T11:17:19","slug":"aputure-ls-600x","status":"publish","type":"product","link":"https:\/\/welabplus.com\/wevision\/catalogo\/led\/foco-puntual-cob\/aputure\/aputure-ls-600x\/","title":{"rendered":"APUTURE LS 600X"},"content":{"rendered":"<p>El <strong>APUTURE LS 600X Pro<\/strong> cuenta con un rango bicolor ampliado de 2700K~6500K y, al mismo tiempo, mantiene una salida impresionante. Equipado con su hiperreflector nativo, el 600x Pro puede generar 5610 lux a 3 metros (10 pies). Con el modificador Fresnel F10, la combinaci\u00f3n puede alcanzar una iluminancia de 18 510 lux a 3 metros en un punto de 15\u00b0.<\/p>\n<p>&nbsp;<\/p>\n<h3>Caracter\u00edsticas T\u00e9cnicas del APUTURE LS 600X:<\/h3>\n<ul>\n<li class=\"_bodyL_1b1hc_15\">LED de fuente puntual con montura Bowens bicolor de 600 W y dise\u00f1o \u00f3ptico de combinaci\u00f3n de colores de precisi\u00f3n.<\/li>\n<li class=\"_bodyL_1b1hc_15\">Salida impresionante: m\u00e1s de 5610 lux a 3 m con hiperreflector serie LS 600 (5600 K).<\/li>\n<li class=\"_bodyL_1b1hc_15\">Gama CCT bicolor ampliada: 2700 K 6500 K.<\/li>\n<li class=\"_bodyL_1b1hc_15\">Dise\u00f1o resistente a la intemperie.<\/li>\n<li class=\"_bodyL_1b1hc_15\">Sidus Link, LumenRadio CRMX, Art-net y sACN a trav\u00e9s de etherCON, DMX512 de 5 pines.<\/li>\n<\/ul>\n<p>&nbsp;<\/p>\n<div class=\"_boxContainer_1hmcs_7 _container_14buh_5 _color_1oe3i_2\" data-color-mode=\"light\">\n<div class=\"_box_1hmcs_7 _box_14buh_25 _color_1oe3i_2\" data-color-mode=\"light\">\n<h3 class=\"_h6_1b1hc_15\">Especificaciones del producto:<\/h3>\n<ul>\n<li>CCT2700K ~ 6500K.<\/li>\n<li>CRI\u226596.<\/li>\n<li>TLCI\u226598.<\/li>\n<li>CQS\u226595.<\/li>\n<li>SSI (D56)\u226574.<\/li>\n<li>SSI (Tungsteno)\u226585.<\/li>\n<li>TM-30 RF (promedio)95.<\/li>\n<li>TM-30 RG (Promedio)100.<\/li>\n<li>Potencia m\u00e1xima de salida\u2264600 W.<\/li>\n<li>Consumo de energ\u00eda\u2264720 W.<\/li>\n<li>Corriente de funcionamiento8A.<\/li>\n<li>Voltaje de funcionamiento (fuente de alimentaci\u00f3n)100 V ~ 240 V, 50 Hz\/60 Hz.<\/li>\n<li>Voltaje de funcionamiento (bater\u00eda): V-Mount \/ Gold Mount (dos bater\u00edas) Salida media12,5 V-16,8 V (14,4\/15 A) 22 V-33,6 V (26 V\/8,5 A, 28,8 V\/7,5 A).<\/li>\n<li>Voltaje de funcionamiento (bater\u00eda): Voltaje V-Mount \/ Gold Mount (dos bater\u00edas) Salida m\u00e1xima22 V-33,6 V (26 V\/18 A, 28,8 V\/16 A).<\/li>\n<li>Voltaje de funcionamiento (XLR de 3 pines [48 V CC])48 V\/15 A.<\/li>\n<li>Temperatura de funcionamiento-20 \u00b0C ~ 45 \u00b0C \/ -4 \u00b0F ~ 113 \u00b0F.<\/li>\n<li>Carga de la bater\u00eda (voltaje)16,8 V\/29,4 V.<\/li>\n<li>Carga de la bater\u00eda (amperaje)3A.<\/li>\n<li>Alcance operativo inal\u00e1mbrico (2,4 GHz)\u2264100 m.<\/li>\n<li>Alcance operativo inal\u00e1mbrico (Bluetooth)\u226480 m.<\/li>\n<li>Alcance operativo inal\u00e1mbrico (LumenRadio)\u2264100 m.<\/li>\n<li>Tipo de pantallaPantalla OLED.<\/li>\n<li>Firmware actualizableUSB (FAT16\/FAT32), Sidus Link OTA.<\/li>\n<li>M\u00e9todo de enfriamientoEnfriamiento activo.<\/li>\n<li>Impermeabilizaci\u00f3nResistente al agua y al polvo.<\/li>\n<li>Tipo de cable: Longitud m\u00e1xima del cable de la cabeza7,5 millones.<\/li>\n<li>Tipo de cable: Cable de alimentaci\u00f3nCable de alimentaci\u00f3n de CA Neutrik\u00ae powerCON TRUE1 TOP (6 m).<\/li>\n<li>Montaje de accesoriosMonte Bowens.<\/li>\n<li>Montaje16 mm\/28 mm | 5\/8 pulg. (pasador peque\u00f1o)\/1,125 pulg. (pasador peque\u00f1o).<\/li>\n<li>Dimensiones:<\/li>\n<\/ul>\n<\/div>\n<\/div>\n<div class=\"_boxContainer_1hmcs_7 _container_14buh_5 _color_1oe3i_2\" data-color-mode=\"light\">\n<div class=\"_box_1hmcs_7 _box_14buh_25 _color_1oe3i_2\" data-color-mode=\"light\">\n<ul>\n<li style=\"list-style-type: none;\">\n<ul>\n<li>Cabezal de l\u00e1mpara sin horquilla30,2 x 14,7 x 14,9 cm\/11,88 x 5,78 x 5,86 pulgadas.<\/li>\n<li>Cabezal de l\u00e1mpara con horquilla30,2 x 43,6 x 24,8 cm\/11,88 x 17,16 x 5,86 pulgadas.<\/li>\n<li>Caja de control32,3 x 17,9 x 14,2 cm\/12,71 x 7,04 x 5,59 pulgadas.<\/li>\n<li>Caso62,5 x 43,5 x 39 cm (24,61 x 17,13 x 15,35 pulgadas).<\/li>\n<\/ul>\n<\/li>\n<li>\n<p class=\"_h6_1b1hc_15\">Peso:<\/p>\n<ul>\n<li>Cabezal de l\u00e1mpara con horquilla5,16 kg\/11,37 libras.<\/li>\n<li>Caja de control4,89 kg\/10,78 libras.<\/li>\n<li>Peso (total con estuche).<\/li>\n<\/ul>\n<\/li>\n<\/ul>\n<\/div>\n<\/div>\n<p>&nbsp;<\/p>\n<hr \/>\n<div class=\"social-icon social-big\"><a href=\"https:\/\/www.facebook.com\/welabplus\/\" target=\"_blank\" title=\"\"><i class=\"fa fa-facebook\"><\/i><\/a><\/div>\n<div class=\"social-icon social-big\"><a href=\"https:\/\/twitter.com\/welabplus\" target=\"_blank\" title=\"\"><i class=\"fa fa-twitter\"><\/i><\/a><\/div>\n<div class=\"social-icon social-big\"><a href=\"https:\/\/www.instagram.com\/welabplus\/?hl=es\" target=\"_blank\" title=\"\"><i class=\"fa fa-instagram\"><\/i><\/a><\/div>\n<div class=\"social-icon social-big\"><a href=\"https:\/\/www.linkedin.com\/company\/welabplus\" target=\"_blank\" title=\"\"><i class=\"fa fa-linkedin\"><\/i><\/a><\/div>\n","protected":false},"excerpt":{"rendered":"<p>El APUTURE LS 600X Pro cuenta con un rango bicolor ampliado de 2700K~6500K y, al mismo tiempo, mantiene una salida [&hellip;]<\/p>\n","protected":false},"featured_media":28046,"comment_status":"closed","ping_status":"closed","template":"","meta":{"_acf_changed":false,"inline_featured_image":false},"product_brand":[],"product_cat":[8981],"product_tag":[6364,8132,8987,8988,8999,6258,6286,6313,6337],"class_list":{"0":"post-27392","1":"product","2":"type-product","3":"status-publish","4":"has-post-thumbnail","6":"product_cat-aputure","7":"product_tag-alquiler-iluminacion","8":"product_tag-focos","9":"product_tag-aputure","10":"product_tag-spotlight-lighting-rental","11":"product_tag-aputure-ls-600x","12":"product_tag-iluminacion","13":"product_tag-alquiler-focos-para-rodajes-cinematograficos","14":"product_tag-alquiler-de-iluminacion-audiovisual","15":"product_tag-alquiler-focos","17":"first","18":"instock","19":"shipping-taxable","20":"purchasable","21":"product-type-simple"},"acf":[],"yoast_head":"<!-- This site is optimized with the Yoast SEO plugin v26.2 - https:\/\/yoast.com\/wordpress\/plugins\/seo\/ -->\n<title>APUTURE LS 600X - Welabplus<\/title>\n<meta name=\"description\" content=\"Alquiler del APUTURE LS 600X en Welab en Madrid y en las Islas Canarias, para cine, publicidad, series, documentales, videoclips...\" \/>\n<meta name=\"robots\" content=\"index, follow, max-snippet:-1, max-image-preview:large, max-video-preview:-1\" \/>\n<link rel=\"canonical\" href=\"https:\/\/welabplus.com\/wevision\/catalogo\/led\/foco-puntual-cob\/aputure\/aputure-ls-600x\/\" \/>\n<meta property=\"og:locale\" content=\"es_ES\" \/>\n<meta property=\"og:type\" content=\"article\" \/>\n<meta property=\"og:title\" content=\"APUTURE LS 600X - Welabplus\" \/>\n<meta property=\"og:description\" content=\"Alquiler del APUTURE LS 600X en Welab en Madrid y en las Islas Canarias, para cine, publicidad, series, documentales, videoclips...\" \/>\n<meta property=\"og:url\" content=\"https:\/\/welabplus.com\/wevision\/catalogo\/led\/foco-puntual-cob\/aputure\/aputure-ls-600x\/\" \/>\n<meta property=\"og:site_name\" content=\"Wevision\" \/>\n<meta property=\"article:publisher\" content=\"https:\/\/www.facebook.com\/welab.es\/\" \/>\n<meta property=\"article:modified_time\" content=\"2025-11-18T11:17:19+00:00\" \/>\n<meta property=\"og:image\" content=\"https:\/\/welabplus.com\/wevision\/wp-content\/uploads\/2025\/11\/ALQUILER-APUTURE-LS-600X-WEVISION_WELABPLUS.jpg\" \/>\n\t<meta property=\"og:image:width\" content=\"933\" \/>\n\t<meta property=\"og:image:height\" content=\"557\" \/>\n\t<meta property=\"og:image:type\" content=\"image\/jpeg\" \/>\n<meta name=\"twitter:card\" content=\"summary_large_image\" \/>\n<meta name=\"twitter:site\" content=\"@welabspain\" \/>\n<meta name=\"twitter:label1\" content=\"Tiempo de lectura\" \/>\n\t<meta name=\"twitter:data1\" content=\"3 minutos\" \/>\n<script type=\"application\/ld+json\" class=\"yoast-schema-graph\">{\"@context\":\"https:\/\/schema.org\",\"@graph\":[{\"@type\":\"WebPage\",\"@id\":\"https:\/\/welabplus.com\/wevision\/catalogo\/led\/foco-puntual-cob\/aputure\/aputure-ls-600x\/\",\"url\":\"https:\/\/welabplus.com\/wevision\/catalogo\/led\/foco-puntual-cob\/aputure\/aputure-ls-600x\/\",\"name\":\"APUTURE LS 600X - Welabplus\",\"isPartOf\":{\"@id\":\"https:\/\/welabplus.com\/wevision\/#website\"},\"primaryImageOfPage\":{\"@id\":\"https:\/\/welabplus.com\/wevision\/catalogo\/led\/foco-puntual-cob\/aputure\/aputure-ls-600x\/#primaryimage\"},\"image\":{\"@id\":\"https:\/\/welabplus.com\/wevision\/catalogo\/led\/foco-puntual-cob\/aputure\/aputure-ls-600x\/#primaryimage\"},\"thumbnailUrl\":\"https:\/\/welabplus.com\/wevision\/wp-content\/uploads\/2025\/11\/ALQUILER-APUTURE-LS-600X-WEVISION_WELABPLUS.jpg\",\"datePublished\":\"2025-11-06T09:24:47+00:00\",\"dateModified\":\"2025-11-18T11:17:19+00:00\",\"description\":\"Alquiler del APUTURE LS 600X en Welab en Madrid y en las Islas Canarias, para cine, publicidad, series, documentales, videoclips...\",\"breadcrumb\":{\"@id\":\"https:\/\/welabplus.com\/wevision\/catalogo\/led\/foco-puntual-cob\/aputure\/aputure-ls-600x\/#breadcrumb\"},\"inLanguage\":\"es\",\"potentialAction\":[{\"@type\":\"ReadAction\",\"target\":[\"https:\/\/welabplus.com\/wevision\/catalogo\/led\/foco-puntual-cob\/aputure\/aputure-ls-600x\/\"]}]},{\"@type\":\"ImageObject\",\"inLanguage\":\"es\",\"@id\":\"https:\/\/welabplus.com\/wevision\/catalogo\/led\/foco-puntual-cob\/aputure\/aputure-ls-600x\/#primaryimage\",\"url\":\"https:\/\/welabplus.com\/wevision\/wp-content\/uploads\/2025\/11\/ALQUILER-APUTURE-LS-600X-WEVISION_WELABPLUS.jpg\",\"contentUrl\":\"https:\/\/welabplus.com\/wevision\/wp-content\/uploads\/2025\/11\/ALQUILER-APUTURE-LS-600X-WEVISION_WELABPLUS.jpg\",\"width\":933,\"height\":557,\"caption\":\"ALQUILER APUTURE LS 600X WEVISION WELABPLUS\"},{\"@type\":\"BreadcrumbList\",\"@id\":\"https:\/\/welabplus.com\/wevision\/catalogo\/led\/foco-puntual-cob\/aputure\/aputure-ls-600x\/#breadcrumb\",\"itemListElement\":[{\"@type\":\"ListItem\",\"position\":1,\"name\":\"Portada\",\"item\":\"https:\/\/welabplus.com\/wevision\/\"},{\"@type\":\"ListItem\",\"position\":2,\"name\":\"Cat\u00e1logo\",\"item\":\"https:\/\/welabplus.com\/wevision\/catalogo\/\"},{\"@type\":\"ListItem\",\"position\":3,\"name\":\"APUTURE LS 600X\"}]},{\"@type\":\"WebSite\",\"@id\":\"https:\/\/welabplus.com\/wevision\/#website\",\"url\":\"https:\/\/welabplus.com\/wevision\/\",\"name\":\"Welabplus\",\"description\":\"C\u00e1maras y lentes para cine\",\"publisher\":{\"@id\":\"https:\/\/welabplus.com\/wevision\/#organization\"},\"potentialAction\":[{\"@type\":\"SearchAction\",\"target\":{\"@type\":\"EntryPoint\",\"urlTemplate\":\"https:\/\/welabplus.com\/wevision\/?s={search_term_string}\"},\"query-input\":{\"@type\":\"PropertyValueSpecification\",\"valueRequired\":true,\"valueName\":\"search_term_string\"}}],\"inLanguage\":\"es\"},{\"@type\":\"Organization\",\"@id\":\"https:\/\/welabplus.com\/wevision\/#organization\",\"name\":\"Welab Canary Islands\",\"url\":\"https:\/\/welabplus.com\/wevision\/\",\"logo\":{\"@type\":\"ImageObject\",\"inLanguage\":\"es\",\"@id\":\"https:\/\/welabplus.com\/wevision\/#\/schema\/logo\/image\/\",\"url\":\"\",\"contentUrl\":\"\",\"caption\":\"Welab Canary Islands\"},\"image\":{\"@id\":\"https:\/\/welabplus.com\/wevision\/#\/schema\/logo\/image\/\"},\"sameAs\":[\"https:\/\/www.facebook.com\/welab.es\/\",\"https:\/\/x.com\/welabspain\"]}]}<\/script>\n<!-- \/ Yoast SEO plugin. -->","yoast_head_json":{"title":"APUTURE LS 600X - Welabplus","description":"Alquiler del APUTURE LS 600X en Welab en Madrid y en las Islas Canarias, para cine, publicidad, series, documentales, videoclips...","robots":{"index":"index","follow":"follow","max-snippet":"max-snippet:-1","max-image-preview":"max-image-preview:large","max-video-preview":"max-video-preview:-1"},"canonical":"https:\/\/welabplus.com\/wevision\/catalogo\/led\/foco-puntual-cob\/aputure\/aputure-ls-600x\/","og_locale":"es_ES","og_type":"article","og_title":"APUTURE LS 600X - Welabplus","og_description":"Alquiler del APUTURE LS 600X en Welab en Madrid y en las Islas Canarias, para cine, publicidad, series, documentales, videoclips...","og_url":"https:\/\/welabplus.com\/wevision\/catalogo\/led\/foco-puntual-cob\/aputure\/aputure-ls-600x\/","og_site_name":"Wevision","article_publisher":"https:\/\/www.facebook.com\/welab.es\/","article_modified_time":"2025-11-18T11:17:19+00:00","og_image":[{"width":933,"height":557,"url":"https:\/\/welabplus.com\/wevision\/wp-content\/uploads\/2025\/11\/ALQUILER-APUTURE-LS-600X-WEVISION_WELABPLUS.jpg","type":"image\/jpeg"}],"twitter_card":"summary_large_image","twitter_site":"@welabspain","twitter_misc":{"Tiempo de lectura":"3 minutos"},"schema":{"@context":"https:\/\/schema.org","@graph":[{"@type":"WebPage","@id":"https:\/\/welabplus.com\/wevision\/catalogo\/led\/foco-puntual-cob\/aputure\/aputure-ls-600x\/","url":"https:\/\/welabplus.com\/wevision\/catalogo\/led\/foco-puntual-cob\/aputure\/aputure-ls-600x\/","name":"APUTURE LS 600X - Welabplus","isPartOf":{"@id":"https:\/\/welabplus.com\/wevision\/#website"},"primaryImageOfPage":{"@id":"https:\/\/welabplus.com\/wevision\/catalogo\/led\/foco-puntual-cob\/aputure\/aputure-ls-600x\/#primaryimage"},"image":{"@id":"https:\/\/welabplus.com\/wevision\/catalogo\/led\/foco-puntual-cob\/aputure\/aputure-ls-600x\/#primaryimage"},"thumbnailUrl":"https:\/\/welabplus.com\/wevision\/wp-content\/uploads\/2025\/11\/ALQUILER-APUTURE-LS-600X-WEVISION_WELABPLUS.jpg","datePublished":"2025-11-06T09:24:47+00:00","dateModified":"2025-11-18T11:17:19+00:00","description":"Alquiler del APUTURE LS 600X en Welab en Madrid y en las Islas Canarias, para cine, publicidad, series, documentales, videoclips...","breadcrumb":{"@id":"https:\/\/welabplus.com\/wevision\/catalogo\/led\/foco-puntual-cob\/aputure\/aputure-ls-600x\/#breadcrumb"},"inLanguage":"es","potentialAction":[{"@type":"ReadAction","target":["https:\/\/welabplus.com\/wevision\/catalogo\/led\/foco-puntual-cob\/aputure\/aputure-ls-600x\/"]}]},{"@type":"ImageObject","inLanguage":"es","@id":"https:\/\/welabplus.com\/wevision\/catalogo\/led\/foco-puntual-cob\/aputure\/aputure-ls-600x\/#primaryimage","url":"https:\/\/welabplus.com\/wevision\/wp-content\/uploads\/2025\/11\/ALQUILER-APUTURE-LS-600X-WEVISION_WELABPLUS.jpg","contentUrl":"https:\/\/welabplus.com\/wevision\/wp-content\/uploads\/2025\/11\/ALQUILER-APUTURE-LS-600X-WEVISION_WELABPLUS.jpg","width":933,"height":557,"caption":"ALQUILER APUTURE LS 600X WEVISION WELABPLUS"},{"@type":"BreadcrumbList","@id":"https:\/\/welabplus.com\/wevision\/catalogo\/led\/foco-puntual-cob\/aputure\/aputure-ls-600x\/#breadcrumb","itemListElement":[{"@type":"ListItem","position":1,"name":"Portada","item":"https:\/\/welabplus.com\/wevision\/"},{"@type":"ListItem","position":2,"name":"Cat\u00e1logo","item":"https:\/\/welabplus.com\/wevision\/catalogo\/"},{"@type":"ListItem","position":3,"name":"APUTURE LS 600X"}]},{"@type":"WebSite","@id":"https:\/\/welabplus.com\/wevision\/#website","url":"https:\/\/welabplus.com\/wevision\/","name":"Welabplus","description":"C\u00e1maras y lentes para cine","publisher":{"@id":"https:\/\/welabplus.com\/wevision\/#organization"},"potentialAction":[{"@type":"SearchAction","target":{"@type":"EntryPoint","urlTemplate":"https:\/\/welabplus.com\/wevision\/?s={search_term_string}"},"query-input":{"@type":"PropertyValueSpecification","valueRequired":true,"valueName":"search_term_string"}}],"inLanguage":"es"},{"@type":"Organization","@id":"https:\/\/welabplus.com\/wevision\/#organization","name":"Welab Canary Islands","url":"https:\/\/welabplus.com\/wevision\/","logo":{"@type":"ImageObject","inLanguage":"es","@id":"https:\/\/welabplus.com\/wevision\/#\/schema\/logo\/image\/","url":"","contentUrl":"","caption":"Welab Canary Islands"},"image":{"@id":"https:\/\/welabplus.com\/wevision\/#\/schema\/logo\/image\/"},"sameAs":["https:\/\/www.facebook.com\/welab.es\/","https:\/\/x.com\/welabspain"]}]}},"_links":{"self":[{"href":"https:\/\/welabplus.com\/wevision\/wp-json\/wp\/v2\/product\/27392","targetHints":{"allow":["GET"]}}],"collection":[{"href":"https:\/\/welabplus.com\/wevision\/wp-json\/wp\/v2\/product"}],"about":[{"href":"https:\/\/welabplus.com\/wevision\/wp-json\/wp\/v2\/types\/product"}],"replies":[{"embeddable":true,"href":"https:\/\/welabplus.com\/wevision\/wp-json\/wp\/v2\/comments?post=27392"}],"wp:featuredmedia":[{"embeddable":true,"href":"https:\/\/welabplus.com\/wevision\/wp-json\/wp\/v2\/media\/28046"}],"wp:attachment":[{"href":"https:\/\/welabplus.com\/wevision\/wp-json\/wp\/v2\/media?parent=27392"}],"wp:term":[{"taxonomy":"product_brand","embeddable":true,"href":"https:\/\/welabplus.com\/wevision\/wp-json\/wp\/v2\/product_brand?post=27392"},{"taxonomy":"product_cat","embeddable":true,"href":"https:\/\/welabplus.com\/wevision\/wp-json\/wp\/v2\/product_cat?post=27392"},{"taxonomy":"product_tag","embeddable":true,"href":"https:\/\/welabplus.com\/wevision\/wp-json\/wp\/v2\/product_tag?post=27392"}],"curies":[{"name":"wp","href":"https:\/\/api.w.org\/{rel}","templated":true}]}}