{"id":27390,"date":"2025-11-06T10:24:47","date_gmt":"2025-11-06T09:24:47","guid":{"rendered":"https:\/\/welabplus.com\/wevision\/?post_type=product&#038;p=27390"},"modified":"2025-11-18T12:18:43","modified_gmt":"2025-11-18T11:18:43","slug":"aputure-ls-c300d","status":"publish","type":"product","link":"https:\/\/welabplus.com\/wevision\/catalogo\/led\/foco-puntual-cob\/aputure\/aputure-ls-c300d\/","title":{"rendered":"APUTURE LS C300D"},"content":{"rendered":"<p>El foco <strong>APUTURE LS C300D<\/strong> es una de las luces m\u00e1s potentes, vers\u00e1tiles, de bajo consumo con temperatura de color luz d\u00eda que existen de iluminaci\u00f3n LED. Es comparable a un 2K de Tungsteno o un Joker de HMI. Perfecta para rodajes donde uno quiere moverse con facilidad. Tienen dimmer incluido de 0 a 100 de potencia. Adem\u00e1s se pueden utilizar accesorios como la l\u00e1mpara Fresnel, Space Light o Softbox para obtener diferentes resultados.<\/p>\n<p>&nbsp;<\/p>\n<h3>Caracter\u00edsticas principales del APUTURE LS C300D:<\/h3>\n<p><strong>CAMBIANDO EL JUEGO<\/strong><br \/>\nImpulsado por los comentarios de los usuarios, el nuevo y mejorado 300d Mark II es un 20 % m\u00e1s brillante, m\u00e1s duradero, m\u00e1s port\u00e1til y m\u00e1s inteligente que el 300d original.<\/p>\n<p><strong>A\u00daN M\u00c1S SALIDA<\/strong><br \/>\n300d Mark II emite un 20% m\u00e1s de luz que su predecesor. Cuando se combina con el Fresnel 2X, el 300d Mark II puede producir hasta 90 000 lux, acerc\u00e1ndose a la luminancia de un HMI de 575 W.<\/p>\n<p><strong>CARACTER\u00cdSTICAS REINVENTADAS<\/strong><br \/>\nEl nuevo yugo permite una rotaci\u00f3n de 360\u00b0 y, cuando se combina con el mecanismo de bloqueo del freno de mano de la 120d Mark II, podr\u00e1 asegurar la luz en cualquier posici\u00f3n, con cualquier modificador.<\/p>\n<p><strong>REDISE\u00d1O REVOLUCIONARIO<\/strong><br \/>\nLa caja de control 300DII es completamente silenciosa, compuesta de aleaci\u00f3n de aluminio, una antena incorporada y una correa de paracord de grado militar. Tambi\u00e9n es la primera luz que presenta la placa y la abrazadera de liberaci\u00f3n r\u00e1pida de Aputure, lo que le permite sujetarse de manera segura a cualquier soporte, truss o riel de velocidad.<\/p>\n<p><strong>LOS CINEASTAS INDEPENDIENTES SE REGOCIJAN<\/strong><br \/>\nEl 300d II cuenta con una nueva tecnolog\u00eda que permite a los usuarios alimentar la luz con una sola bater\u00eda, hasta la mitad de su salida original. El cable Neutrik de 6 m incluido proporciona una conexi\u00f3n de alimentaci\u00f3n de bloqueo confiable, y el XLR opcional de 5 pines de 7,5 m le brinda la capacidad de tener siempre la caja de control cerca.<\/p>\n<p><strong>EFECTOS INCORPORADOS<\/strong><br \/>\nEl 300d II se lanza con 8 efectos de iluminaci\u00f3n incorporados, con m\u00e1s a trav\u00e9s de futuras actualizaciones de firmware: Explosi\u00f3n, Bombilla defectuosa, TV, Luz estrobosc\u00f3pica, Paparazzi, Rel\u00e1mpago, Fuegos artificiales, Pulsaci\u00f3n.<\/p>\n<p><strong>ADAPTABILIDAD<\/strong><br \/>\nCon un control de atenuaci\u00f3n de 0-100 %, el 300d II se puede usar en entornos con poca luz o para dominar el sol; con 4 curvas de atenuaci\u00f3n diferentes: lineal, logar\u00edtmica, exponencial y curva en S.<\/p>\n<p><strong>CONTROLABILIDAD OPCIONAL<\/strong><br \/>\nAdem\u00e1s de la rueda de control, el 300d Mark II cuenta con compatibilidad DMX512, un control remoto inal\u00e1mbrico de 2,4 GHz y la capacidad de ser controlado por nuestra aplicaci\u00f3n Sidus Link mediante Bluetooth 5.0.<\/p>\n<p><strong>ENLACE SIDUS<\/strong><br \/>\nEl 300d Mark II ser\u00e1 el primer accesorio de iluminaci\u00f3n Aputure controlable por aplicaci\u00f3n. Con la tecnolog\u00eda de red de malla Bluetooth SIG, Sidus Link? le permite controlar sus luces desde una distancia de hasta 400 metros, al vincular varias luces a una distancia de hasta 80 metros.<\/p>\n<p>&nbsp;<\/p>\n<h3>Especialidades T\u00e9cnicas del foco APUTURE:<\/h3>\n<ul>\n<li><span id=\"result_box\" lang=\"es\">Peso: 2.1 Kg.<\/span><\/li>\n<li class=\"trans-verified-button-small\" dir=\"ltr\"><span id=\"result_box\" lang=\"es\">Entrada de alimentaci\u00f3n: \u2264300W.<\/span><\/li>\n<li class=\"trans-verified-button-small\" dir=\"ltr\"><span id=\"result_box\" lang=\"es\">Modo de enfriamiento: enfriamiento activo.<\/span><\/li>\n<li>Corriente de funcionamiento 3.5A.<\/li>\n<li>Consumo de energ\u00eda 350W m\u00e1ximo.<\/li>\n<li>Fuente de alimentaci\u00f3n CA 100 ~ 240 V 50\/60 Hz.<\/li>\n<li>Modo de enfriamiento Refrigeraci\u00f3n activa.<\/li>\n<li>TCLI 97.<\/li>\n<li>+CQS 95+.<\/li>\n<li>IRC 96+.<\/li>\n<li>Temperatura del color 5500K\u00b1200K.<\/li>\n<li>Frecuencia de radio 2. 4 GHz.<\/li>\n<li>Canales 1\/2\/3.<\/li>\n<li>Grupos A\/B\/C\/D.<\/li>\n<li>Habilidad remota 100m.<\/li>\n<li>Requisito de bater\u00eda 12V-168V ?15A.<\/li>\n<li>Tipo de control de aplicaci\u00f3n Bluetooth 5.0.<\/li>\n<li>Tama\u00f1os (largo x alto x ancho) Luz 29,84&#215;21,56&#215;34,45 cm\/11,75&#215;8,49&#215;13,56 pulgadas.<\/li>\n<li>Caja del controlador (montaje en V) 27,86&#215;12,67&#215;9,67 cm\/10,97&#215;4,99&#215;3,81 pulgadas.<\/li>\n<\/ul>\n<p>&nbsp;<\/p>\n<h3>V\u00eddeo T\u00e9cnico del foco:<\/h3>\n<p><iframe loading=\"lazy\" title=\"YouTube video player\" src=\"https:\/\/www.youtube.com\/embed\/W51yCrm0BE0?si=RNzM0LCWG6xM6udE\" width=\"845\" height=\"475\" frameborder=\"0\" allowfullscreen=\"allowfullscreen\"><span data-mce-type=\"bookmark\" style=\"display: inline-block; width: 0px; overflow: hidden; line-height: 0;\" class=\"mce_SELRES_start\">\ufeff<\/span><\/iframe><\/p>\n<p>&nbsp;<\/p>\n<hr \/>\n<div class=\"social-icon social-big\"><a href=\"https:\/\/www.facebook.com\/welabplus\/\" target=\"_blank\" title=\"\"><i class=\"fa fa-facebook\"><\/i><\/a><\/div>\n<div class=\"social-icon social-big\"><a href=\"https:\/\/twitter.com\/welabplus\" target=\"_blank\" title=\"\"><i class=\"fa fa-twitter\"><\/i><\/a><\/div>\n<div class=\"social-icon social-big\"><a href=\"https:\/\/www.instagram.com\/welabplus\/?hl=es\" target=\"_blank\" title=\"\"><i class=\"fa fa-instagram\"><\/i><\/a><\/div>\n<div class=\"social-icon social-big\"><a href=\"https:\/\/www.linkedin.com\/company\/welabplus\" target=\"_blank\" title=\"\"><i class=\"fa fa-linkedin\"><\/i><\/a><\/div>\n","protected":false},"excerpt":{"rendered":"<p>El foco APUTURE LS C300D es una de las luces m\u00e1s potentes, vers\u00e1tiles, de bajo consumo con temperatura de color [&hellip;]<\/p>\n","protected":false},"featured_media":28047,"comment_status":"closed","ping_status":"closed","template":"","meta":{"_acf_changed":false,"inline_featured_image":false},"product_brand":[],"product_cat":[8981],"product_tag":[6258,6286,6313,6337,6364,8132,8987,8988,8998],"class_list":{"0":"post-27390","1":"product","2":"type-product","3":"status-publish","4":"has-post-thumbnail","6":"product_cat-aputure","7":"product_tag-iluminacion","8":"product_tag-alquiler-focos-para-rodajes-cinematograficos","9":"product_tag-alquiler-de-iluminacion-audiovisual","10":"product_tag-alquiler-focos","11":"product_tag-alquiler-iluminacion","12":"product_tag-focos","13":"product_tag-aputure","14":"product_tag-spotlight-lighting-rental","15":"product_tag-aputure-ls-c300d","17":"first","18":"instock","19":"shipping-taxable","20":"purchasable","21":"product-type-simple"},"acf":[],"yoast_head":"<!-- This site is optimized with the Yoast SEO plugin v26.2 - https:\/\/yoast.com\/wordpress\/plugins\/seo\/ -->\n<title>APUTURE LS C300D - Welabplus<\/title>\n<meta name=\"description\" content=\"Alquiler del APUTURE LS C300D en Welab en Madrid y en las Islas Canarias, para cine, publicidad, series, documentales, videoclips...\" \/>\n<meta name=\"robots\" content=\"index, follow, max-snippet:-1, max-image-preview:large, max-video-preview:-1\" \/>\n<link rel=\"canonical\" href=\"https:\/\/welabplus.com\/wevision\/catalogo\/led\/foco-puntual-cob\/aputure\/aputure-ls-c300d\/\" \/>\n<meta property=\"og:locale\" content=\"es_ES\" \/>\n<meta property=\"og:type\" content=\"article\" \/>\n<meta property=\"og:title\" content=\"APUTURE LS C300D - Welabplus\" \/>\n<meta property=\"og:description\" content=\"Alquiler del APUTURE LS C300D en Welab en Madrid y en las Islas Canarias, para cine, publicidad, series, documentales, videoclips...\" \/>\n<meta property=\"og:url\" content=\"https:\/\/welabplus.com\/wevision\/catalogo\/led\/foco-puntual-cob\/aputure\/aputure-ls-c300d\/\" \/>\n<meta property=\"og:site_name\" content=\"Wevision\" \/>\n<meta property=\"article:publisher\" content=\"https:\/\/www.facebook.com\/welab.es\/\" \/>\n<meta property=\"article:modified_time\" content=\"2025-11-18T11:18:43+00:00\" \/>\n<meta property=\"og:image\" content=\"https:\/\/welabplus.com\/wevision\/wp-content\/uploads\/2025\/11\/ALQUILER-APUTURE-LS-C300D-WEVISION_WELABPLUS.jpg\" \/>\n\t<meta property=\"og:image:width\" content=\"933\" \/>\n\t<meta property=\"og:image:height\" content=\"557\" \/>\n\t<meta property=\"og:image:type\" content=\"image\/jpeg\" \/>\n<meta name=\"twitter:card\" content=\"summary_large_image\" \/>\n<meta name=\"twitter:site\" content=\"@welabspain\" \/>\n<meta name=\"twitter:label1\" content=\"Tiempo de lectura\" \/>\n\t<meta name=\"twitter:data1\" content=\"3 minutos\" \/>\n<script type=\"application\/ld+json\" class=\"yoast-schema-graph\">{\"@context\":\"https:\/\/schema.org\",\"@graph\":[{\"@type\":\"WebPage\",\"@id\":\"https:\/\/welabplus.com\/wevision\/catalogo\/led\/foco-puntual-cob\/aputure\/aputure-ls-c300d\/\",\"url\":\"https:\/\/welabplus.com\/wevision\/catalogo\/led\/foco-puntual-cob\/aputure\/aputure-ls-c300d\/\",\"name\":\"APUTURE LS C300D - Welabplus\",\"isPartOf\":{\"@id\":\"https:\/\/welabplus.com\/wevision\/#website\"},\"primaryImageOfPage\":{\"@id\":\"https:\/\/welabplus.com\/wevision\/catalogo\/led\/foco-puntual-cob\/aputure\/aputure-ls-c300d\/#primaryimage\"},\"image\":{\"@id\":\"https:\/\/welabplus.com\/wevision\/catalogo\/led\/foco-puntual-cob\/aputure\/aputure-ls-c300d\/#primaryimage\"},\"thumbnailUrl\":\"https:\/\/welabplus.com\/wevision\/wp-content\/uploads\/2025\/11\/ALQUILER-APUTURE-LS-C300D-WEVISION_WELABPLUS.jpg\",\"datePublished\":\"2025-11-06T09:24:47+00:00\",\"dateModified\":\"2025-11-18T11:18:43+00:00\",\"description\":\"Alquiler del APUTURE LS C300D en Welab en Madrid y en las Islas Canarias, para cine, publicidad, series, documentales, videoclips...\",\"breadcrumb\":{\"@id\":\"https:\/\/welabplus.com\/wevision\/catalogo\/led\/foco-puntual-cob\/aputure\/aputure-ls-c300d\/#breadcrumb\"},\"inLanguage\":\"es\",\"potentialAction\":[{\"@type\":\"ReadAction\",\"target\":[\"https:\/\/welabplus.com\/wevision\/catalogo\/led\/foco-puntual-cob\/aputure\/aputure-ls-c300d\/\"]}]},{\"@type\":\"ImageObject\",\"inLanguage\":\"es\",\"@id\":\"https:\/\/welabplus.com\/wevision\/catalogo\/led\/foco-puntual-cob\/aputure\/aputure-ls-c300d\/#primaryimage\",\"url\":\"https:\/\/welabplus.com\/wevision\/wp-content\/uploads\/2025\/11\/ALQUILER-APUTURE-LS-C300D-WEVISION_WELABPLUS.jpg\",\"contentUrl\":\"https:\/\/welabplus.com\/wevision\/wp-content\/uploads\/2025\/11\/ALQUILER-APUTURE-LS-C300D-WEVISION_WELABPLUS.jpg\",\"width\":933,\"height\":557,\"caption\":\"ALQUILER APUTURE LS C300D WEVISION WELABPLUS\"},{\"@type\":\"BreadcrumbList\",\"@id\":\"https:\/\/welabplus.com\/wevision\/catalogo\/led\/foco-puntual-cob\/aputure\/aputure-ls-c300d\/#breadcrumb\",\"itemListElement\":[{\"@type\":\"ListItem\",\"position\":1,\"name\":\"Portada\",\"item\":\"https:\/\/welabplus.com\/wevision\/\"},{\"@type\":\"ListItem\",\"position\":2,\"name\":\"Cat\u00e1logo\",\"item\":\"https:\/\/welabplus.com\/wevision\/catalogo\/\"},{\"@type\":\"ListItem\",\"position\":3,\"name\":\"APUTURE LS C300D\"}]},{\"@type\":\"WebSite\",\"@id\":\"https:\/\/welabplus.com\/wevision\/#website\",\"url\":\"https:\/\/welabplus.com\/wevision\/\",\"name\":\"Welabplus\",\"description\":\"C\u00e1maras y lentes para cine\",\"publisher\":{\"@id\":\"https:\/\/welabplus.com\/wevision\/#organization\"},\"potentialAction\":[{\"@type\":\"SearchAction\",\"target\":{\"@type\":\"EntryPoint\",\"urlTemplate\":\"https:\/\/welabplus.com\/wevision\/?s={search_term_string}\"},\"query-input\":{\"@type\":\"PropertyValueSpecification\",\"valueRequired\":true,\"valueName\":\"search_term_string\"}}],\"inLanguage\":\"es\"},{\"@type\":\"Organization\",\"@id\":\"https:\/\/welabplus.com\/wevision\/#organization\",\"name\":\"Welab Canary Islands\",\"url\":\"https:\/\/welabplus.com\/wevision\/\",\"logo\":{\"@type\":\"ImageObject\",\"inLanguage\":\"es\",\"@id\":\"https:\/\/welabplus.com\/wevision\/#\/schema\/logo\/image\/\",\"url\":\"\",\"contentUrl\":\"\",\"caption\":\"Welab Canary Islands\"},\"image\":{\"@id\":\"https:\/\/welabplus.com\/wevision\/#\/schema\/logo\/image\/\"},\"sameAs\":[\"https:\/\/www.facebook.com\/welab.es\/\",\"https:\/\/x.com\/welabspain\"]}]}<\/script>\n<!-- \/ Yoast SEO plugin. -->","yoast_head_json":{"title":"APUTURE LS C300D - Welabplus","description":"Alquiler del APUTURE LS C300D en Welab en Madrid y en las Islas Canarias, para cine, publicidad, series, documentales, videoclips...","robots":{"index":"index","follow":"follow","max-snippet":"max-snippet:-1","max-image-preview":"max-image-preview:large","max-video-preview":"max-video-preview:-1"},"canonical":"https:\/\/welabplus.com\/wevision\/catalogo\/led\/foco-puntual-cob\/aputure\/aputure-ls-c300d\/","og_locale":"es_ES","og_type":"article","og_title":"APUTURE LS C300D - Welabplus","og_description":"Alquiler del APUTURE LS C300D en Welab en Madrid y en las Islas Canarias, para cine, publicidad, series, documentales, videoclips...","og_url":"https:\/\/welabplus.com\/wevision\/catalogo\/led\/foco-puntual-cob\/aputure\/aputure-ls-c300d\/","og_site_name":"Wevision","article_publisher":"https:\/\/www.facebook.com\/welab.es\/","article_modified_time":"2025-11-18T11:18:43+00:00","og_image":[{"width":933,"height":557,"url":"https:\/\/welabplus.com\/wevision\/wp-content\/uploads\/2025\/11\/ALQUILER-APUTURE-LS-C300D-WEVISION_WELABPLUS.jpg","type":"image\/jpeg"}],"twitter_card":"summary_large_image","twitter_site":"@welabspain","twitter_misc":{"Tiempo de lectura":"3 minutos"},"schema":{"@context":"https:\/\/schema.org","@graph":[{"@type":"WebPage","@id":"https:\/\/welabplus.com\/wevision\/catalogo\/led\/foco-puntual-cob\/aputure\/aputure-ls-c300d\/","url":"https:\/\/welabplus.com\/wevision\/catalogo\/led\/foco-puntual-cob\/aputure\/aputure-ls-c300d\/","name":"APUTURE LS C300D - Welabplus","isPartOf":{"@id":"https:\/\/welabplus.com\/wevision\/#website"},"primaryImageOfPage":{"@id":"https:\/\/welabplus.com\/wevision\/catalogo\/led\/foco-puntual-cob\/aputure\/aputure-ls-c300d\/#primaryimage"},"image":{"@id":"https:\/\/welabplus.com\/wevision\/catalogo\/led\/foco-puntual-cob\/aputure\/aputure-ls-c300d\/#primaryimage"},"thumbnailUrl":"https:\/\/welabplus.com\/wevision\/wp-content\/uploads\/2025\/11\/ALQUILER-APUTURE-LS-C300D-WEVISION_WELABPLUS.jpg","datePublished":"2025-11-06T09:24:47+00:00","dateModified":"2025-11-18T11:18:43+00:00","description":"Alquiler del APUTURE LS C300D en Welab en Madrid y en las Islas Canarias, para cine, publicidad, series, documentales, videoclips...","breadcrumb":{"@id":"https:\/\/welabplus.com\/wevision\/catalogo\/led\/foco-puntual-cob\/aputure\/aputure-ls-c300d\/#breadcrumb"},"inLanguage":"es","potentialAction":[{"@type":"ReadAction","target":["https:\/\/welabplus.com\/wevision\/catalogo\/led\/foco-puntual-cob\/aputure\/aputure-ls-c300d\/"]}]},{"@type":"ImageObject","inLanguage":"es","@id":"https:\/\/welabplus.com\/wevision\/catalogo\/led\/foco-puntual-cob\/aputure\/aputure-ls-c300d\/#primaryimage","url":"https:\/\/welabplus.com\/wevision\/wp-content\/uploads\/2025\/11\/ALQUILER-APUTURE-LS-C300D-WEVISION_WELABPLUS.jpg","contentUrl":"https:\/\/welabplus.com\/wevision\/wp-content\/uploads\/2025\/11\/ALQUILER-APUTURE-LS-C300D-WEVISION_WELABPLUS.jpg","width":933,"height":557,"caption":"ALQUILER APUTURE LS C300D WEVISION WELABPLUS"},{"@type":"BreadcrumbList","@id":"https:\/\/welabplus.com\/wevision\/catalogo\/led\/foco-puntual-cob\/aputure\/aputure-ls-c300d\/#breadcrumb","itemListElement":[{"@type":"ListItem","position":1,"name":"Portada","item":"https:\/\/welabplus.com\/wevision\/"},{"@type":"ListItem","position":2,"name":"Cat\u00e1logo","item":"https:\/\/welabplus.com\/wevision\/catalogo\/"},{"@type":"ListItem","position":3,"name":"APUTURE LS C300D"}]},{"@type":"WebSite","@id":"https:\/\/welabplus.com\/wevision\/#website","url":"https:\/\/welabplus.com\/wevision\/","name":"Welabplus","description":"C\u00e1maras y lentes para cine","publisher":{"@id":"https:\/\/welabplus.com\/wevision\/#organization"},"potentialAction":[{"@type":"SearchAction","target":{"@type":"EntryPoint","urlTemplate":"https:\/\/welabplus.com\/wevision\/?s={search_term_string}"},"query-input":{"@type":"PropertyValueSpecification","valueRequired":true,"valueName":"search_term_string"}}],"inLanguage":"es"},{"@type":"Organization","@id":"https:\/\/welabplus.com\/wevision\/#organization","name":"Welab Canary Islands","url":"https:\/\/welabplus.com\/wevision\/","logo":{"@type":"ImageObject","inLanguage":"es","@id":"https:\/\/welabplus.com\/wevision\/#\/schema\/logo\/image\/","url":"","contentUrl":"","caption":"Welab Canary Islands"},"image":{"@id":"https:\/\/welabplus.com\/wevision\/#\/schema\/logo\/image\/"},"sameAs":["https:\/\/www.facebook.com\/welab.es\/","https:\/\/x.com\/welabspain"]}]}},"_links":{"self":[{"href":"https:\/\/welabplus.com\/wevision\/wp-json\/wp\/v2\/product\/27390","targetHints":{"allow":["GET"]}}],"collection":[{"href":"https:\/\/welabplus.com\/wevision\/wp-json\/wp\/v2\/product"}],"about":[{"href":"https:\/\/welabplus.com\/wevision\/wp-json\/wp\/v2\/types\/product"}],"replies":[{"embeddable":true,"href":"https:\/\/welabplus.com\/wevision\/wp-json\/wp\/v2\/comments?post=27390"}],"wp:featuredmedia":[{"embeddable":true,"href":"https:\/\/welabplus.com\/wevision\/wp-json\/wp\/v2\/media\/28047"}],"wp:attachment":[{"href":"https:\/\/welabplus.com\/wevision\/wp-json\/wp\/v2\/media?parent=27390"}],"wp:term":[{"taxonomy":"product_brand","embeddable":true,"href":"https:\/\/welabplus.com\/wevision\/wp-json\/wp\/v2\/product_brand?post=27390"},{"taxonomy":"product_cat","embeddable":true,"href":"https:\/\/welabplus.com\/wevision\/wp-json\/wp\/v2\/product_cat?post=27390"},{"taxonomy":"product_tag","embeddable":true,"href":"https:\/\/welabplus.com\/wevision\/wp-json\/wp\/v2\/product_tag?post=27390"}],"curies":[{"name":"wp","href":"https:\/\/api.w.org\/{rel}","templated":true}]}}