{"id":27374,"date":"2025-11-06T10:24:47","date_gmt":"2025-11-06T09:24:47","guid":{"rendered":"https:\/\/welabplus.com\/wevision\/?post_type=product&#038;p=27374"},"modified":"2025-11-18T12:20:14","modified_gmt":"2025-11-18T11:20:14","slug":"f10-fresnel-viseras-para-ls-600c-pro-ii-y-600x","status":"publish","type":"product","link":"https:\/\/welabplus.com\/wevision\/catalogo\/led\/foco-puntual-cob\/aputure\/f10-fresnel-viseras-para-ls-600c-pro-ii-y-600x\/","title":{"rendered":"F10 FRESNEL + VISERAS (para LS 600C PRO II Y 600X)"},"content":{"rendered":"<p>Descubre nuestro pack de <strong>F10 FRESNEL + VISERAS (para LS 600C PRO II Y 600X).<\/strong> Este cuento con un <strong>F10 Fresnel<\/strong> con montura Bowens de 10 pulgadas para las series Light Storm 600 y 1200. Tambi\u00e9n cuenta con una serie de <strong>viseras F10<\/strong> <strong>(para LS 600C PRO II Y 600X)\u00a0<\/strong>las cuales est\u00e1n dise\u00f1adas para el Fresnel F10 y se deslizan en su ranura para accesorios de inserci\u00f3n est\u00e1ndar de 13,1 pulgadas (333 mm).<\/p>\n<p>&nbsp;<\/p>\n<h3>F10 FRESNEL<\/h3>\n<p>El <strong>Aputure F10 Fresnel<\/strong> es el primer Fresnel de 10 pulgadas est\u00e1ndar de la industria dise\u00f1ado para luminarias modulares <strong>Bowens Mount.<\/strong> Con su Fresnel de vidrio de <strong>250 mm (9,84 pulgadas)<\/strong> de ancho, el F10 no solo intensifica enormemente la salida de un LED de fuente puntual, sino que tambi\u00e9n produce una calidad de luz que los t\u00e9cnicos de iluminaci\u00f3n encontrar\u00e1n similar a la de un Tungsten <strong>5K<\/strong> o <strong>Studio 2K.<\/strong><\/p>\n<p>&nbsp;<\/p>\n<p><strong>Caracter\u00edsticas T\u00e9cnicas del Fresnel:<\/strong><\/p>\n<ul>\n<li class=\"_bodyL_1b1hc_15\">Hasta 29 300 lux a 3 metros con el LS 600d Pro (foco de 15\u00b0).<\/li>\n<li class=\"_bodyL_1b1hc_15\">\u00c1ngulo de haz variable de 15\u00ba a 45\u00b0 para focos puntuales.<\/li>\n<li class=\"_bodyL_1b1hc_15\">La lente Fresnel de vidrio de 10&#8243; (250 mm) aumenta la salida hasta 10x.<\/li>\n<li class=\"_bodyL_1b1hc_15\">El sistema \u00f3ptico de doble lente optimiza el \u00e1ngulo del haz para lograr la m\u00e1xima salida de luz.<\/li>\n<li class=\"_bodyL_1b1hc_15\">Compatible con luces LED con montura Bowens (LS 600d Pro, 300d II, 300x, 120d II, etc.).<\/li>\n<li class=\"_bodyL_1b1hc_15\">Compatible con puertas de granero F10 con anillo frontal de metal fundido a presi\u00f3n y ranura para accesorios.<\/li>\n<li class=\"_bodyL_1b1hc_15\">Mecanismo de enfoque helicoidal ergon\u00f3mico y sin fisuras.<\/li>\n<li class=\"_bodyL_1b1hc_15\">Dise\u00f1o resistente al calor para soportar luces COB de alto voltaje.<\/li>\n<li class=\"_bodyL_1b1hc_15\">Incluye bolsa de transporte de tela acolchada duradera.<\/li>\n<\/ul>\n<p>&nbsp;<\/p>\n<p><em><strong>*M\u00e1s informaci\u00f3n<\/strong> del producto en <a href=\"https:\/\/aputure.com\/products\/f10-fresnel?Title=Default+Title\">la web del fabricante.<\/a><\/em><\/p>\n<p>&nbsp;<\/p>\n<h3>VISERAS (para LS 600C PRO II Y 600X)<\/h3>\n<p>Al igual que con los accesorios Fresnel tradicionales, las hojas de las puertas de granero F10 est\u00e1n dise\u00f1adas para ser lo suficientemente grandes como para dar forma y controlar adecuadamente la salida de un Fresnel de 10 pulgadas est\u00e1ndar de la industria.<\/p>\n<p>&nbsp;<\/p>\n<p><strong>Caracter\u00edsticas T\u00e9cnicas de las viseras:<\/strong><\/p>\n<ul>\n<li class=\"_bodyL_1b1hc_15\">Compatible con Fresnel F10 para una mejor modelaci\u00f3n de la luz de fuentes grandes.<\/li>\n<li class=\"_bodyL_1b1hc_15\">Puertas de granero ajustables de 8 hojas: hojas grandes y banderines auxiliares para dar forma precisa a la luz.<\/li>\n<li class=\"_bodyL_1b1hc_15\">Cable de seguridad y punto de montaje incluidos para mayor seguridad.<\/li>\n<li class=\"_bodyL_1b1hc_15\">Incluye plato reflector negro con ranura para accesorios para montar en cualquier dispositivo de montaje Bowens.<\/li>\n<li class=\"_bodyL_1b1hc_15\">Hojas m\u00e1s grandes y plato reflector negro que minimiza el tama\u00f1o de la fuente de luz para cortes m\u00e1s n\u00edtidos que muchas otras puertas de granero LED.<\/li>\n<\/ul>\n<p>&nbsp;<\/p>\n<p><em><strong>*M\u00e1s informaci\u00f3n<\/strong> del producto en <a href=\"https:\/\/aputure.com\/products\/f10-barn-doors?Title=Default+Title\">la web del fabricante.<\/a><\/em><\/p>\n<p>&nbsp;<\/p>\n<hr \/>\n<div class=\"social-icon social-big\"><a href=\"https:\/\/www.facebook.com\/welabplus\/\" target=\"_blank\" title=\"\"><i class=\"fa fa-facebook\"><\/i><\/a><\/div>\n<div class=\"social-icon social-big\"><a href=\"https:\/\/twitter.com\/welabplus\" target=\"_blank\" title=\"\"><i class=\"fa fa-twitter\"><\/i><\/a><\/div>\n<div class=\"social-icon social-big\"><a href=\"https:\/\/www.instagram.com\/welabplus\/?hl=es\" target=\"_blank\" title=\"\"><i class=\"fa fa-instagram\"><\/i><\/a><\/div>\n<div class=\"social-icon social-big\"><a href=\"https:\/\/www.linkedin.com\/company\/welabplus\" target=\"_blank\" title=\"\"><i class=\"fa fa-linkedin\"><\/i><\/a><\/div>\n","protected":false},"excerpt":{"rendered":"<p>Descubre nuestro pack de F10 FRESNEL + VISERAS (para LS 600C PRO II Y 600X). Este cuento con un F10 [&hellip;]<\/p>\n","protected":false},"featured_media":28048,"comment_status":"closed","ping_status":"closed","template":"","meta":{"_acf_changed":false,"inline_featured_image":false},"product_brand":[],"product_cat":[8981],"product_tag":[6301,8132,8986,8987,8988,8989],"class_list":{"0":"post-27374","1":"product","2":"type-product","3":"status-publish","4":"has-post-thumbnail","6":"product_cat-aputure","7":"product_tag-lighting-rental-madrid","8":"product_tag-focos","9":"product_tag-f10-fresnel-viseras-para-ls-600c-pro-ii-y-600x","10":"product_tag-aputure","11":"product_tag-spotlight-lighting-rental","12":"product_tag-fresnel","14":"first","15":"instock","16":"shipping-taxable","17":"purchasable","18":"product-type-simple"},"acf":[],"yoast_head":"<!-- This site is optimized with the Yoast SEO plugin v26.2 - https:\/\/yoast.com\/wordpress\/plugins\/seo\/ -->\n<title>F10 FRESNEL + VISERAS (para LS 600C PRO II Y 600X) - Welabplus<\/title>\n<meta name=\"description\" content=\"Alquiler de F10 FRESNEL + VISERAS (para LS 600C PRO II Y 600X) en Welab en Madrid y en las Islas Canarias, para cine, publicidad, series, documentales...\" \/>\n<meta name=\"robots\" content=\"index, follow, max-snippet:-1, max-image-preview:large, max-video-preview:-1\" \/>\n<link rel=\"canonical\" href=\"https:\/\/welabplus.com\/wevision\/catalogo\/led\/foco-puntual-cob\/aputure\/f10-fresnel-viseras-para-ls-600c-pro-ii-y-600x\/\" \/>\n<meta property=\"og:locale\" content=\"es_ES\" \/>\n<meta property=\"og:type\" content=\"article\" \/>\n<meta property=\"og:title\" content=\"F10 FRESNEL + VISERAS (para LS 600C PRO II Y 600X) - Welabplus\" \/>\n<meta property=\"og:description\" content=\"Alquiler de F10 FRESNEL + VISERAS (para LS 600C PRO II Y 600X) en Welab en Madrid y en las Islas Canarias, para cine, publicidad, series, documentales...\" \/>\n<meta property=\"og:url\" content=\"https:\/\/welabplus.com\/wevision\/catalogo\/led\/foco-puntual-cob\/aputure\/f10-fresnel-viseras-para-ls-600c-pro-ii-y-600x\/\" \/>\n<meta property=\"og:site_name\" content=\"Wevision\" \/>\n<meta property=\"article:publisher\" content=\"https:\/\/www.facebook.com\/welab.es\/\" \/>\n<meta property=\"article:modified_time\" content=\"2025-11-18T11:20:14+00:00\" \/>\n<meta property=\"og:image\" content=\"https:\/\/welabplus.com\/wevision\/wp-content\/uploads\/2025\/11\/ALQUILER-F10-FRESNEL-VISERAS-PARA-LS-600C-PRO-II-Y-600X-WEVISION_WELABPLUS.jpg\" \/>\n\t<meta property=\"og:image:width\" content=\"933\" \/>\n\t<meta property=\"og:image:height\" content=\"557\" \/>\n\t<meta property=\"og:image:type\" content=\"image\/jpeg\" \/>\n<meta name=\"twitter:card\" content=\"summary_large_image\" \/>\n<meta name=\"twitter:site\" content=\"@welabspain\" \/>\n<meta name=\"twitter:label1\" content=\"Tiempo de lectura\" \/>\n\t<meta name=\"twitter:data1\" content=\"3 minutos\" \/>\n<script type=\"application\/ld+json\" class=\"yoast-schema-graph\">{\"@context\":\"https:\/\/schema.org\",\"@graph\":[{\"@type\":\"WebPage\",\"@id\":\"https:\/\/welabplus.com\/wevision\/catalogo\/led\/foco-puntual-cob\/aputure\/f10-fresnel-viseras-para-ls-600c-pro-ii-y-600x\/\",\"url\":\"https:\/\/welabplus.com\/wevision\/catalogo\/led\/foco-puntual-cob\/aputure\/f10-fresnel-viseras-para-ls-600c-pro-ii-y-600x\/\",\"name\":\"F10 FRESNEL + VISERAS (para LS 600C PRO II Y 600X) - Welabplus\",\"isPartOf\":{\"@id\":\"https:\/\/welabplus.com\/wevision\/#website\"},\"primaryImageOfPage\":{\"@id\":\"https:\/\/welabplus.com\/wevision\/catalogo\/led\/foco-puntual-cob\/aputure\/f10-fresnel-viseras-para-ls-600c-pro-ii-y-600x\/#primaryimage\"},\"image\":{\"@id\":\"https:\/\/welabplus.com\/wevision\/catalogo\/led\/foco-puntual-cob\/aputure\/f10-fresnel-viseras-para-ls-600c-pro-ii-y-600x\/#primaryimage\"},\"thumbnailUrl\":\"https:\/\/welabplus.com\/wevision\/wp-content\/uploads\/2025\/11\/ALQUILER-F10-FRESNEL-VISERAS-PARA-LS-600C-PRO-II-Y-600X-WEVISION_WELABPLUS.jpg\",\"datePublished\":\"2025-11-06T09:24:47+00:00\",\"dateModified\":\"2025-11-18T11:20:14+00:00\",\"description\":\"Alquiler de F10 FRESNEL + VISERAS (para LS 600C PRO II Y 600X) en Welab en Madrid y en las Islas Canarias, para cine, publicidad, series, documentales...\",\"breadcrumb\":{\"@id\":\"https:\/\/welabplus.com\/wevision\/catalogo\/led\/foco-puntual-cob\/aputure\/f10-fresnel-viseras-para-ls-600c-pro-ii-y-600x\/#breadcrumb\"},\"inLanguage\":\"es\",\"potentialAction\":[{\"@type\":\"ReadAction\",\"target\":[\"https:\/\/welabplus.com\/wevision\/catalogo\/led\/foco-puntual-cob\/aputure\/f10-fresnel-viseras-para-ls-600c-pro-ii-y-600x\/\"]}]},{\"@type\":\"ImageObject\",\"inLanguage\":\"es\",\"@id\":\"https:\/\/welabplus.com\/wevision\/catalogo\/led\/foco-puntual-cob\/aputure\/f10-fresnel-viseras-para-ls-600c-pro-ii-y-600x\/#primaryimage\",\"url\":\"https:\/\/welabplus.com\/wevision\/wp-content\/uploads\/2025\/11\/ALQUILER-F10-FRESNEL-VISERAS-PARA-LS-600C-PRO-II-Y-600X-WEVISION_WELABPLUS.jpg\",\"contentUrl\":\"https:\/\/welabplus.com\/wevision\/wp-content\/uploads\/2025\/11\/ALQUILER-F10-FRESNEL-VISERAS-PARA-LS-600C-PRO-II-Y-600X-WEVISION_WELABPLUS.jpg\",\"width\":933,\"height\":557,\"caption\":\"ALQUILER F10 FRESNEL VISERAS PARA LS 600C PRO II Y 600X WEVISION WELABPLUS\"},{\"@type\":\"BreadcrumbList\",\"@id\":\"https:\/\/welabplus.com\/wevision\/catalogo\/led\/foco-puntual-cob\/aputure\/f10-fresnel-viseras-para-ls-600c-pro-ii-y-600x\/#breadcrumb\",\"itemListElement\":[{\"@type\":\"ListItem\",\"position\":1,\"name\":\"Portada\",\"item\":\"https:\/\/welabplus.com\/wevision\/\"},{\"@type\":\"ListItem\",\"position\":2,\"name\":\"Cat\u00e1logo\",\"item\":\"https:\/\/welabplus.com\/wevision\/catalogo\/\"},{\"@type\":\"ListItem\",\"position\":3,\"name\":\"F10 FRESNEL + VISERAS (para LS 600C PRO II Y 600X)\"}]},{\"@type\":\"WebSite\",\"@id\":\"https:\/\/welabplus.com\/wevision\/#website\",\"url\":\"https:\/\/welabplus.com\/wevision\/\",\"name\":\"Welabplus\",\"description\":\"C\u00e1maras y lentes para cine\",\"publisher\":{\"@id\":\"https:\/\/welabplus.com\/wevision\/#organization\"},\"potentialAction\":[{\"@type\":\"SearchAction\",\"target\":{\"@type\":\"EntryPoint\",\"urlTemplate\":\"https:\/\/welabplus.com\/wevision\/?s={search_term_string}\"},\"query-input\":{\"@type\":\"PropertyValueSpecification\",\"valueRequired\":true,\"valueName\":\"search_term_string\"}}],\"inLanguage\":\"es\"},{\"@type\":\"Organization\",\"@id\":\"https:\/\/welabplus.com\/wevision\/#organization\",\"name\":\"Welab Canary Islands\",\"url\":\"https:\/\/welabplus.com\/wevision\/\",\"logo\":{\"@type\":\"ImageObject\",\"inLanguage\":\"es\",\"@id\":\"https:\/\/welabplus.com\/wevision\/#\/schema\/logo\/image\/\",\"url\":\"\",\"contentUrl\":\"\",\"caption\":\"Welab Canary Islands\"},\"image\":{\"@id\":\"https:\/\/welabplus.com\/wevision\/#\/schema\/logo\/image\/\"},\"sameAs\":[\"https:\/\/www.facebook.com\/welab.es\/\",\"https:\/\/x.com\/welabspain\"]}]}<\/script>\n<!-- \/ Yoast SEO plugin. -->","yoast_head_json":{"title":"F10 FRESNEL + VISERAS (para LS 600C PRO II Y 600X) - Welabplus","description":"Alquiler de F10 FRESNEL + VISERAS (para LS 600C PRO II Y 600X) en Welab en Madrid y en las Islas Canarias, para cine, publicidad, series, documentales...","robots":{"index":"index","follow":"follow","max-snippet":"max-snippet:-1","max-image-preview":"max-image-preview:large","max-video-preview":"max-video-preview:-1"},"canonical":"https:\/\/welabplus.com\/wevision\/catalogo\/led\/foco-puntual-cob\/aputure\/f10-fresnel-viseras-para-ls-600c-pro-ii-y-600x\/","og_locale":"es_ES","og_type":"article","og_title":"F10 FRESNEL + VISERAS (para LS 600C PRO II Y 600X) - Welabplus","og_description":"Alquiler de F10 FRESNEL + VISERAS (para LS 600C PRO II Y 600X) en Welab en Madrid y en las Islas Canarias, para cine, publicidad, series, documentales...","og_url":"https:\/\/welabplus.com\/wevision\/catalogo\/led\/foco-puntual-cob\/aputure\/f10-fresnel-viseras-para-ls-600c-pro-ii-y-600x\/","og_site_name":"Wevision","article_publisher":"https:\/\/www.facebook.com\/welab.es\/","article_modified_time":"2025-11-18T11:20:14+00:00","og_image":[{"width":933,"height":557,"url":"https:\/\/welabplus.com\/wevision\/wp-content\/uploads\/2025\/11\/ALQUILER-F10-FRESNEL-VISERAS-PARA-LS-600C-PRO-II-Y-600X-WEVISION_WELABPLUS.jpg","type":"image\/jpeg"}],"twitter_card":"summary_large_image","twitter_site":"@welabspain","twitter_misc":{"Tiempo de lectura":"3 minutos"},"schema":{"@context":"https:\/\/schema.org","@graph":[{"@type":"WebPage","@id":"https:\/\/welabplus.com\/wevision\/catalogo\/led\/foco-puntual-cob\/aputure\/f10-fresnel-viseras-para-ls-600c-pro-ii-y-600x\/","url":"https:\/\/welabplus.com\/wevision\/catalogo\/led\/foco-puntual-cob\/aputure\/f10-fresnel-viseras-para-ls-600c-pro-ii-y-600x\/","name":"F10 FRESNEL + VISERAS (para LS 600C PRO II Y 600X) - Welabplus","isPartOf":{"@id":"https:\/\/welabplus.com\/wevision\/#website"},"primaryImageOfPage":{"@id":"https:\/\/welabplus.com\/wevision\/catalogo\/led\/foco-puntual-cob\/aputure\/f10-fresnel-viseras-para-ls-600c-pro-ii-y-600x\/#primaryimage"},"image":{"@id":"https:\/\/welabplus.com\/wevision\/catalogo\/led\/foco-puntual-cob\/aputure\/f10-fresnel-viseras-para-ls-600c-pro-ii-y-600x\/#primaryimage"},"thumbnailUrl":"https:\/\/welabplus.com\/wevision\/wp-content\/uploads\/2025\/11\/ALQUILER-F10-FRESNEL-VISERAS-PARA-LS-600C-PRO-II-Y-600X-WEVISION_WELABPLUS.jpg","datePublished":"2025-11-06T09:24:47+00:00","dateModified":"2025-11-18T11:20:14+00:00","description":"Alquiler de F10 FRESNEL + VISERAS (para LS 600C PRO II Y 600X) en Welab en Madrid y en las Islas Canarias, para cine, publicidad, series, documentales...","breadcrumb":{"@id":"https:\/\/welabplus.com\/wevision\/catalogo\/led\/foco-puntual-cob\/aputure\/f10-fresnel-viseras-para-ls-600c-pro-ii-y-600x\/#breadcrumb"},"inLanguage":"es","potentialAction":[{"@type":"ReadAction","target":["https:\/\/welabplus.com\/wevision\/catalogo\/led\/foco-puntual-cob\/aputure\/f10-fresnel-viseras-para-ls-600c-pro-ii-y-600x\/"]}]},{"@type":"ImageObject","inLanguage":"es","@id":"https:\/\/welabplus.com\/wevision\/catalogo\/led\/foco-puntual-cob\/aputure\/f10-fresnel-viseras-para-ls-600c-pro-ii-y-600x\/#primaryimage","url":"https:\/\/welabplus.com\/wevision\/wp-content\/uploads\/2025\/11\/ALQUILER-F10-FRESNEL-VISERAS-PARA-LS-600C-PRO-II-Y-600X-WEVISION_WELABPLUS.jpg","contentUrl":"https:\/\/welabplus.com\/wevision\/wp-content\/uploads\/2025\/11\/ALQUILER-F10-FRESNEL-VISERAS-PARA-LS-600C-PRO-II-Y-600X-WEVISION_WELABPLUS.jpg","width":933,"height":557,"caption":"ALQUILER F10 FRESNEL VISERAS PARA LS 600C PRO II Y 600X WEVISION WELABPLUS"},{"@type":"BreadcrumbList","@id":"https:\/\/welabplus.com\/wevision\/catalogo\/led\/foco-puntual-cob\/aputure\/f10-fresnel-viseras-para-ls-600c-pro-ii-y-600x\/#breadcrumb","itemListElement":[{"@type":"ListItem","position":1,"name":"Portada","item":"https:\/\/welabplus.com\/wevision\/"},{"@type":"ListItem","position":2,"name":"Cat\u00e1logo","item":"https:\/\/welabplus.com\/wevision\/catalogo\/"},{"@type":"ListItem","position":3,"name":"F10 FRESNEL + VISERAS (para LS 600C PRO II Y 600X)"}]},{"@type":"WebSite","@id":"https:\/\/welabplus.com\/wevision\/#website","url":"https:\/\/welabplus.com\/wevision\/","name":"Welabplus","description":"C\u00e1maras y lentes para cine","publisher":{"@id":"https:\/\/welabplus.com\/wevision\/#organization"},"potentialAction":[{"@type":"SearchAction","target":{"@type":"EntryPoint","urlTemplate":"https:\/\/welabplus.com\/wevision\/?s={search_term_string}"},"query-input":{"@type":"PropertyValueSpecification","valueRequired":true,"valueName":"search_term_string"}}],"inLanguage":"es"},{"@type":"Organization","@id":"https:\/\/welabplus.com\/wevision\/#organization","name":"Welab Canary Islands","url":"https:\/\/welabplus.com\/wevision\/","logo":{"@type":"ImageObject","inLanguage":"es","@id":"https:\/\/welabplus.com\/wevision\/#\/schema\/logo\/image\/","url":"","contentUrl":"","caption":"Welab Canary Islands"},"image":{"@id":"https:\/\/welabplus.com\/wevision\/#\/schema\/logo\/image\/"},"sameAs":["https:\/\/www.facebook.com\/welab.es\/","https:\/\/x.com\/welabspain"]}]}},"_links":{"self":[{"href":"https:\/\/welabplus.com\/wevision\/wp-json\/wp\/v2\/product\/27374","targetHints":{"allow":["GET"]}}],"collection":[{"href":"https:\/\/welabplus.com\/wevision\/wp-json\/wp\/v2\/product"}],"about":[{"href":"https:\/\/welabplus.com\/wevision\/wp-json\/wp\/v2\/types\/product"}],"replies":[{"embeddable":true,"href":"https:\/\/welabplus.com\/wevision\/wp-json\/wp\/v2\/comments?post=27374"}],"wp:featuredmedia":[{"embeddable":true,"href":"https:\/\/welabplus.com\/wevision\/wp-json\/wp\/v2\/media\/28048"}],"wp:attachment":[{"href":"https:\/\/welabplus.com\/wevision\/wp-json\/wp\/v2\/media?parent=27374"}],"wp:term":[{"taxonomy":"product_brand","embeddable":true,"href":"https:\/\/welabplus.com\/wevision\/wp-json\/wp\/v2\/product_brand?post=27374"},{"taxonomy":"product_cat","embeddable":true,"href":"https:\/\/welabplus.com\/wevision\/wp-json\/wp\/v2\/product_cat?post=27374"},{"taxonomy":"product_tag","embeddable":true,"href":"https:\/\/welabplus.com\/wevision\/wp-json\/wp\/v2\/product_tag?post=27374"}],"curies":[{"name":"wp","href":"https:\/\/api.w.org\/{rel}","templated":true}]}}