{"id":25261,"date":"2025-11-06T10:24:47","date_gmt":"2025-11-06T09:24:47","guid":{"rendered":"https:\/\/welabplus.com\/wevision\/?post_type=product&#038;p=25261"},"modified":"2025-11-18T12:21:40","modified_gmt":"2025-11-18T11:21:40","slug":"nanlite-forza-720b-bi-color","status":"publish","type":"product","link":"https:\/\/welabplus.com\/wevision\/catalogo\/led\/foco-puntual-cob\/nanlite\/nanlite-forza-720b-bi-color\/","title":{"rendered":"NANLITE FORZA 720B BI-COLOR"},"content":{"rendered":"<p><strong>NANLITE FORZA 720B BI-COLOR, <\/strong>el foco de luz led super<strong> potente Bi-color<\/strong> con montura de accesorios Bowens.<\/p>\n<p>&nbsp;<\/p>\n<h3>Caracter\u00edsticas T\u00e9cnicas del foco NANLITE FORZA 720B BI-COLOR:<\/h3>\n<p><strong>Infinitas posibilidades de modelado de luz<\/strong><\/p>\n<p>Todos los accesorios con montura Bowens dise\u00f1ados para el los focos de la serie Forza se pueden conectar sin problemas con Forza 720\/720B, incluido el accesorio de proyecci\u00f3n PJ-BM y otras herramientas generales de modificaci\u00f3n de luz con montura Bowens en el mercado. Todos los paraguas tambi\u00e9n est\u00e1n admitidos gracias a su montura en el yugo.<\/p>\n<p>&nbsp;<\/p>\n<p><strong>Energ\u00eda en cualquier lugar sin miedo al transporte<\/strong><\/p>\n<p>El disparo sin restricciones de lugar para Forza 720\/720B se puede permitir f\u00e1cilmente con la soluci\u00f3n de fuente de alimentaci\u00f3n dual de AC &amp; DC, tambi\u00e9n se puede alimentar conect\u00e1ndose directamente a la toma de corriente dom\u00e9stica.<\/p>\n<p>&nbsp;<\/p>\n<p><strong>Sistema de enfriamiento ultra silencioso<\/strong><\/p>\n<p>El sistema de enfriamiento ultra silencioso optimizado para la gesti\u00f3n del sonido puede limitar el ruido del ventilador a un nivel casi imperceptible mientras mantiene la salida completa. Los usuarios pueden concentrarse completamente en crear los efectos de iluminaci\u00f3n deseados sin problemas.<\/p>\n<p>Los usuarios tambi\u00e9n pueden optar por apagar el ventilador a trav\u00e9s del control a bordo \/ NANLINK APP para lograr un nivel de cero decibelios para producciones especiales que requieren silencio absoluto.<\/p>\n<p>&nbsp;<\/p>\n<p><strong>Calidad de construcci\u00f3n premium<\/strong><\/p>\n<p>Tanto el cabezal de la l\u00e1mpara como la unidad de control cuentan con una robusta construcci\u00f3n met\u00e1lica para una protecci\u00f3n general. Se ha integrado un amplificador de antena sobresaliente en la unidad de control para recibir y transmitir se\u00f1ales Bluetooth y 2.4G. La abrazadera de liberaci\u00f3n r\u00e1pida puede fijar la unidad de control firmemente en el soporte de luz y posee un mecanismo de liberaci\u00f3n r\u00e1pida.<\/p>\n<p>&nbsp;<\/p>\n<p><strong>Modos de salida duales para un flujo de trabajo eficiente en el set<\/strong><\/p>\n<p><strong>A.<\/strong> Salida m\u00e1xima<\/p>\n<p>La salida siempre se maximizar\u00e1 para que el CCT seleccionado libere la m\u00e1xima potencia del foco, la creaci\u00f3n se puede potenciar al m\u00e1ximo como resultado.<\/p>\n<p><strong>B.<\/strong> Salida constante<\/p>\n<p>El nivel de luminancia no se ver\u00e1 afectado en absoluto al ajustar el CCT. Se mantiene uniforme todo el tiempo entre el rango general de CCT de 2700K-6500K. La eficiencia del flujo de trabajo se puede mejorar en gran medida al lograr el ajuste CCT con una relaci\u00f3n de luz estable.\u00a0 Solo se puede controlar en el Forza 720B<\/p>\n<p>&nbsp;<\/p>\n<p><strong>Potentes controles para una integraci\u00f3n perfecta<\/strong><\/p>\n<p>Forza 720\/720B cuenta con atenuaci\u00f3n continua de 0-100% en incrementos de 0.1, lo que garantiza la suavidad en el control de la luz.<\/p>\n<p>La conexi\u00f3n estable con NANLINK APP es algo seguro con m\u00f3dulos duales incorporados de 2.4G y Bluetooth. La funcionalidad DMX\/RDM tambi\u00e9n puede ofrecer soluciones digitales para la producci\u00f3n audiovisual, mientras que un puerto USB-A adicional puede alimentar a un receptor DMX inal\u00e1mbrico. Bluetooth, DMX\/RDM, 2.4G, APP , NANLINK BOX.<\/p>\n<p>&nbsp;<\/p>\n<h3>Especificaciones T\u00e9cnicas del NANLITE FORZA 60B SPOT LIGHT:<\/h3>\n<ul>\n<li>Consumo de energ\u00eda: 800 W.<\/li>\n<li>Potencia Led total 800 w. x 2.<\/li>\n<li>Iluminancia (con reflector est\u00e1ndar): 3m-7919lux \/ 736fc, 5m-3152lux \/ 293fc, 7m-1714lux \/ 159 fc.<\/li>\n<li>Temperatura de color: 2700 &#8211; 6500 K.<\/li>\n<li>CRI \/ TLCI: 95\/96, fuente de alimentaci\u00f3n: DC48V \/ 16,67 A, 100-240V AC.<\/li>\n<li>Admite bater\u00edas V-Mount (no incluidas).<\/li>\n<li>Regulaci\u00f3n de potencia: 0 a 100% continuo.<\/li>\n<li>Efectos: CCT loop, INT Loop, Flash, Pulse, Storm, TV, Paparazzi, Candle\/Fire, Bad Bulb, Firework, Explosion auto.<\/li>\n<li>Explosi\u00f3n manual y Welding.<\/li>\n<li>Control: En la unidad inal\u00e1mbrica 2.4G, Nanlink Box (opcional).<\/li>\n<li>Mando a distancia (opcional).<\/li>\n<li>DMX \/ RDM.<\/li>\n<li>Bluetooth.<\/li>\n<li>APP Nanlink.<\/li>\n<li>Dimensiones: 518 x 228 x 142 mm (Foco) 156 x 140 x 332mm (unidad de control).<\/li>\n<li>Peso (foco): 5,3 kg, (foco + Adapter + unidad de control): 9,6 kg.<\/li>\n<\/ul>\n<p>&nbsp;<\/p>\n<p><strong>M\u00e1s informaci\u00f3n<\/strong> en la <a href=\"https:\/\/nanlite.es\/focos-led\/1042-foco-led-nanlite-forza-720b-bi-color-6949987423348.html\">siguiente p\u00e1gina.<\/a><\/p>\n<div>\n<div class=\"\">\n<p>&nbsp;<\/p>\n<\/div>\n<\/div>\n<hr \/>\n<div class=\"social-icon social-big\"><a href=\"https:\/\/www.facebook.com\/welabplus\/\" target=\"_blank\" title=\"\"><i class=\"fa fa-facebook\"><\/i><\/a><\/div>\n<div class=\"social-icon social-big\"><a href=\"https:\/\/twitter.com\/welabplus\" target=\"_blank\" title=\"\"><i class=\"fa fa-twitter\"><\/i><\/a><\/div>\n<div class=\"social-icon social-big\"><a href=\"https:\/\/www.instagram.com\/welabplus\/?hl=es\" target=\"_blank\" title=\"\"><i class=\"fa fa-instagram\"><\/i><\/a><\/div>\n<div class=\"social-icon social-big\"><a href=\"https:\/\/www.linkedin.com\/company\/welabplus\" target=\"_blank\" title=\"\"><i class=\"fa fa-linkedin\"><\/i><\/a><\/div>\n","protected":false},"excerpt":{"rendered":"<p>NANLITE FORZA 720B BI-COLOR, el foco de luz led super potente Bi-color con montura de accesorios Bowens. &nbsp; Caracter\u00edsticas T\u00e9cnicas [&hellip;]<\/p>\n","protected":false},"featured_media":28049,"comment_status":"closed","ping_status":"closed","template":"","meta":{"_acf_changed":false,"inline_featured_image":false},"product_brand":[],"product_cat":[8982],"product_tag":[6337,6354,6356,6364,8132,8140,8141,8142,8143,6258],"class_list":{"0":"post-25261","1":"product","2":"type-product","3":"status-publish","4":"has-post-thumbnail","6":"product_cat-nanlite","7":"product_tag-alquiler-focos","8":"product_tag-led","9":"product_tag-alquiler-led","10":"product_tag-alquiler-iluminacion","11":"product_tag-focos","12":"product_tag-nanlite","13":"product_tag-nanlite-forza-720b-bi-color","14":"product_tag-luces","15":"product_tag-alquiler-nanlite-forza-720b-bi-color","16":"product_tag-iluminacion","18":"first","19":"instock","20":"shipping-taxable","21":"purchasable","22":"product-type-simple"},"acf":[],"yoast_head":"<!-- This site is optimized with the Yoast SEO plugin v26.2 - https:\/\/yoast.com\/wordpress\/plugins\/seo\/ -->\n<title>NANLITE FORZA 720B BI-COLOR - Welabplus<\/title>\n<meta name=\"description\" content=\"Alquiler del NANLITE FORZA 720B BI-COLOR en Welab en Madrid y en las Islas Canarias, para cine, publicidad, series, documentales, videoclips...\" \/>\n<meta name=\"robots\" content=\"index, follow, max-snippet:-1, max-image-preview:large, max-video-preview:-1\" \/>\n<link rel=\"canonical\" href=\"https:\/\/welabplus.com\/wevision\/catalogo\/led\/foco-puntual-cob\/nanlite\/nanlite-forza-720b-bi-color\/\" \/>\n<meta property=\"og:locale\" content=\"es_ES\" \/>\n<meta property=\"og:type\" content=\"article\" \/>\n<meta property=\"og:title\" content=\"NANLITE FORZA 720B BI-COLOR - Welabplus\" \/>\n<meta property=\"og:description\" content=\"Alquiler del NANLITE FORZA 720B BI-COLOR en Welab en Madrid y en las Islas Canarias, para cine, publicidad, series, documentales, videoclips...\" \/>\n<meta property=\"og:url\" content=\"https:\/\/welabplus.com\/wevision\/catalogo\/led\/foco-puntual-cob\/nanlite\/nanlite-forza-720b-bi-color\/\" \/>\n<meta property=\"og:site_name\" content=\"Wevision\" \/>\n<meta property=\"article:publisher\" content=\"https:\/\/www.facebook.com\/welab.es\/\" \/>\n<meta property=\"article:modified_time\" content=\"2025-11-18T11:21:40+00:00\" \/>\n<meta property=\"og:image\" content=\"https:\/\/welabplus.com\/wevision\/wp-content\/uploads\/2025\/11\/ALQUILER-NANLITE-FORZA-720B-BI-COLOR-WEVISION_WELABPLUS.jpg\" \/>\n\t<meta property=\"og:image:width\" content=\"933\" \/>\n\t<meta property=\"og:image:height\" content=\"557\" \/>\n\t<meta property=\"og:image:type\" content=\"image\/jpeg\" \/>\n<meta name=\"twitter:card\" content=\"summary_large_image\" \/>\n<meta name=\"twitter:site\" content=\"@welabspain\" \/>\n<meta name=\"twitter:label1\" content=\"Tiempo de lectura\" \/>\n\t<meta name=\"twitter:data1\" content=\"4 minutos\" \/>\n<script type=\"application\/ld+json\" class=\"yoast-schema-graph\">{\"@context\":\"https:\/\/schema.org\",\"@graph\":[{\"@type\":\"WebPage\",\"@id\":\"https:\/\/welabplus.com\/wevision\/catalogo\/led\/foco-puntual-cob\/nanlite\/nanlite-forza-720b-bi-color\/\",\"url\":\"https:\/\/welabplus.com\/wevision\/catalogo\/led\/foco-puntual-cob\/nanlite\/nanlite-forza-720b-bi-color\/\",\"name\":\"NANLITE FORZA 720B BI-COLOR - Welabplus\",\"isPartOf\":{\"@id\":\"https:\/\/welabplus.com\/wevision\/#website\"},\"primaryImageOfPage\":{\"@id\":\"https:\/\/welabplus.com\/wevision\/catalogo\/led\/foco-puntual-cob\/nanlite\/nanlite-forza-720b-bi-color\/#primaryimage\"},\"image\":{\"@id\":\"https:\/\/welabplus.com\/wevision\/catalogo\/led\/foco-puntual-cob\/nanlite\/nanlite-forza-720b-bi-color\/#primaryimage\"},\"thumbnailUrl\":\"https:\/\/welabplus.com\/wevision\/wp-content\/uploads\/2025\/11\/ALQUILER-NANLITE-FORZA-720B-BI-COLOR-WEVISION_WELABPLUS.jpg\",\"datePublished\":\"2025-11-06T09:24:47+00:00\",\"dateModified\":\"2025-11-18T11:21:40+00:00\",\"description\":\"Alquiler del NANLITE FORZA 720B BI-COLOR en Welab en Madrid y en las Islas Canarias, para cine, publicidad, series, documentales, videoclips...\",\"breadcrumb\":{\"@id\":\"https:\/\/welabplus.com\/wevision\/catalogo\/led\/foco-puntual-cob\/nanlite\/nanlite-forza-720b-bi-color\/#breadcrumb\"},\"inLanguage\":\"es\",\"potentialAction\":[{\"@type\":\"ReadAction\",\"target\":[\"https:\/\/welabplus.com\/wevision\/catalogo\/led\/foco-puntual-cob\/nanlite\/nanlite-forza-720b-bi-color\/\"]}]},{\"@type\":\"ImageObject\",\"inLanguage\":\"es\",\"@id\":\"https:\/\/welabplus.com\/wevision\/catalogo\/led\/foco-puntual-cob\/nanlite\/nanlite-forza-720b-bi-color\/#primaryimage\",\"url\":\"https:\/\/welabplus.com\/wevision\/wp-content\/uploads\/2025\/11\/ALQUILER-NANLITE-FORZA-720B-BI-COLOR-WEVISION_WELABPLUS.jpg\",\"contentUrl\":\"https:\/\/welabplus.com\/wevision\/wp-content\/uploads\/2025\/11\/ALQUILER-NANLITE-FORZA-720B-BI-COLOR-WEVISION_WELABPLUS.jpg\",\"width\":933,\"height\":557,\"caption\":\"ALQUILER NANLITE FORZA 720B BI COLOR WEVISION WELABPLUS\"},{\"@type\":\"BreadcrumbList\",\"@id\":\"https:\/\/welabplus.com\/wevision\/catalogo\/led\/foco-puntual-cob\/nanlite\/nanlite-forza-720b-bi-color\/#breadcrumb\",\"itemListElement\":[{\"@type\":\"ListItem\",\"position\":1,\"name\":\"Portada\",\"item\":\"https:\/\/welabplus.com\/wevision\/\"},{\"@type\":\"ListItem\",\"position\":2,\"name\":\"Cat\u00e1logo\",\"item\":\"https:\/\/welabplus.com\/wevision\/catalogo\/\"},{\"@type\":\"ListItem\",\"position\":3,\"name\":\"NANLITE FORZA 720B BI-COLOR\"}]},{\"@type\":\"WebSite\",\"@id\":\"https:\/\/welabplus.com\/wevision\/#website\",\"url\":\"https:\/\/welabplus.com\/wevision\/\",\"name\":\"Welabplus\",\"description\":\"C\u00e1maras y lentes para cine\",\"publisher\":{\"@id\":\"https:\/\/welabplus.com\/wevision\/#organization\"},\"potentialAction\":[{\"@type\":\"SearchAction\",\"target\":{\"@type\":\"EntryPoint\",\"urlTemplate\":\"https:\/\/welabplus.com\/wevision\/?s={search_term_string}\"},\"query-input\":{\"@type\":\"PropertyValueSpecification\",\"valueRequired\":true,\"valueName\":\"search_term_string\"}}],\"inLanguage\":\"es\"},{\"@type\":\"Organization\",\"@id\":\"https:\/\/welabplus.com\/wevision\/#organization\",\"name\":\"Welab Canary Islands\",\"url\":\"https:\/\/welabplus.com\/wevision\/\",\"logo\":{\"@type\":\"ImageObject\",\"inLanguage\":\"es\",\"@id\":\"https:\/\/welabplus.com\/wevision\/#\/schema\/logo\/image\/\",\"url\":\"\",\"contentUrl\":\"\",\"caption\":\"Welab Canary Islands\"},\"image\":{\"@id\":\"https:\/\/welabplus.com\/wevision\/#\/schema\/logo\/image\/\"},\"sameAs\":[\"https:\/\/www.facebook.com\/welab.es\/\",\"https:\/\/x.com\/welabspain\"]}]}<\/script>\n<!-- \/ Yoast SEO plugin. -->","yoast_head_json":{"title":"NANLITE FORZA 720B BI-COLOR - Welabplus","description":"Alquiler del NANLITE FORZA 720B BI-COLOR en Welab en Madrid y en las Islas Canarias, para cine, publicidad, series, documentales, videoclips...","robots":{"index":"index","follow":"follow","max-snippet":"max-snippet:-1","max-image-preview":"max-image-preview:large","max-video-preview":"max-video-preview:-1"},"canonical":"https:\/\/welabplus.com\/wevision\/catalogo\/led\/foco-puntual-cob\/nanlite\/nanlite-forza-720b-bi-color\/","og_locale":"es_ES","og_type":"article","og_title":"NANLITE FORZA 720B BI-COLOR - Welabplus","og_description":"Alquiler del NANLITE FORZA 720B BI-COLOR en Welab en Madrid y en las Islas Canarias, para cine, publicidad, series, documentales, videoclips...","og_url":"https:\/\/welabplus.com\/wevision\/catalogo\/led\/foco-puntual-cob\/nanlite\/nanlite-forza-720b-bi-color\/","og_site_name":"Wevision","article_publisher":"https:\/\/www.facebook.com\/welab.es\/","article_modified_time":"2025-11-18T11:21:40+00:00","og_image":[{"width":933,"height":557,"url":"https:\/\/welabplus.com\/wevision\/wp-content\/uploads\/2025\/11\/ALQUILER-NANLITE-FORZA-720B-BI-COLOR-WEVISION_WELABPLUS.jpg","type":"image\/jpeg"}],"twitter_card":"summary_large_image","twitter_site":"@welabspain","twitter_misc":{"Tiempo de lectura":"4 minutos"},"schema":{"@context":"https:\/\/schema.org","@graph":[{"@type":"WebPage","@id":"https:\/\/welabplus.com\/wevision\/catalogo\/led\/foco-puntual-cob\/nanlite\/nanlite-forza-720b-bi-color\/","url":"https:\/\/welabplus.com\/wevision\/catalogo\/led\/foco-puntual-cob\/nanlite\/nanlite-forza-720b-bi-color\/","name":"NANLITE FORZA 720B BI-COLOR - Welabplus","isPartOf":{"@id":"https:\/\/welabplus.com\/wevision\/#website"},"primaryImageOfPage":{"@id":"https:\/\/welabplus.com\/wevision\/catalogo\/led\/foco-puntual-cob\/nanlite\/nanlite-forza-720b-bi-color\/#primaryimage"},"image":{"@id":"https:\/\/welabplus.com\/wevision\/catalogo\/led\/foco-puntual-cob\/nanlite\/nanlite-forza-720b-bi-color\/#primaryimage"},"thumbnailUrl":"https:\/\/welabplus.com\/wevision\/wp-content\/uploads\/2025\/11\/ALQUILER-NANLITE-FORZA-720B-BI-COLOR-WEVISION_WELABPLUS.jpg","datePublished":"2025-11-06T09:24:47+00:00","dateModified":"2025-11-18T11:21:40+00:00","description":"Alquiler del NANLITE FORZA 720B BI-COLOR en Welab en Madrid y en las Islas Canarias, para cine, publicidad, series, documentales, videoclips...","breadcrumb":{"@id":"https:\/\/welabplus.com\/wevision\/catalogo\/led\/foco-puntual-cob\/nanlite\/nanlite-forza-720b-bi-color\/#breadcrumb"},"inLanguage":"es","potentialAction":[{"@type":"ReadAction","target":["https:\/\/welabplus.com\/wevision\/catalogo\/led\/foco-puntual-cob\/nanlite\/nanlite-forza-720b-bi-color\/"]}]},{"@type":"ImageObject","inLanguage":"es","@id":"https:\/\/welabplus.com\/wevision\/catalogo\/led\/foco-puntual-cob\/nanlite\/nanlite-forza-720b-bi-color\/#primaryimage","url":"https:\/\/welabplus.com\/wevision\/wp-content\/uploads\/2025\/11\/ALQUILER-NANLITE-FORZA-720B-BI-COLOR-WEVISION_WELABPLUS.jpg","contentUrl":"https:\/\/welabplus.com\/wevision\/wp-content\/uploads\/2025\/11\/ALQUILER-NANLITE-FORZA-720B-BI-COLOR-WEVISION_WELABPLUS.jpg","width":933,"height":557,"caption":"ALQUILER NANLITE FORZA 720B BI COLOR WEVISION WELABPLUS"},{"@type":"BreadcrumbList","@id":"https:\/\/welabplus.com\/wevision\/catalogo\/led\/foco-puntual-cob\/nanlite\/nanlite-forza-720b-bi-color\/#breadcrumb","itemListElement":[{"@type":"ListItem","position":1,"name":"Portada","item":"https:\/\/welabplus.com\/wevision\/"},{"@type":"ListItem","position":2,"name":"Cat\u00e1logo","item":"https:\/\/welabplus.com\/wevision\/catalogo\/"},{"@type":"ListItem","position":3,"name":"NANLITE FORZA 720B BI-COLOR"}]},{"@type":"WebSite","@id":"https:\/\/welabplus.com\/wevision\/#website","url":"https:\/\/welabplus.com\/wevision\/","name":"Welabplus","description":"C\u00e1maras y lentes para cine","publisher":{"@id":"https:\/\/welabplus.com\/wevision\/#organization"},"potentialAction":[{"@type":"SearchAction","target":{"@type":"EntryPoint","urlTemplate":"https:\/\/welabplus.com\/wevision\/?s={search_term_string}"},"query-input":{"@type":"PropertyValueSpecification","valueRequired":true,"valueName":"search_term_string"}}],"inLanguage":"es"},{"@type":"Organization","@id":"https:\/\/welabplus.com\/wevision\/#organization","name":"Welab Canary Islands","url":"https:\/\/welabplus.com\/wevision\/","logo":{"@type":"ImageObject","inLanguage":"es","@id":"https:\/\/welabplus.com\/wevision\/#\/schema\/logo\/image\/","url":"","contentUrl":"","caption":"Welab Canary Islands"},"image":{"@id":"https:\/\/welabplus.com\/wevision\/#\/schema\/logo\/image\/"},"sameAs":["https:\/\/www.facebook.com\/welab.es\/","https:\/\/x.com\/welabspain"]}]}},"_links":{"self":[{"href":"https:\/\/welabplus.com\/wevision\/wp-json\/wp\/v2\/product\/25261","targetHints":{"allow":["GET"]}}],"collection":[{"href":"https:\/\/welabplus.com\/wevision\/wp-json\/wp\/v2\/product"}],"about":[{"href":"https:\/\/welabplus.com\/wevision\/wp-json\/wp\/v2\/types\/product"}],"replies":[{"embeddable":true,"href":"https:\/\/welabplus.com\/wevision\/wp-json\/wp\/v2\/comments?post=25261"}],"wp:featuredmedia":[{"embeddable":true,"href":"https:\/\/welabplus.com\/wevision\/wp-json\/wp\/v2\/media\/28049"}],"wp:attachment":[{"href":"https:\/\/welabplus.com\/wevision\/wp-json\/wp\/v2\/media?parent=25261"}],"wp:term":[{"taxonomy":"product_brand","embeddable":true,"href":"https:\/\/welabplus.com\/wevision\/wp-json\/wp\/v2\/product_brand?post=25261"},{"taxonomy":"product_cat","embeddable":true,"href":"https:\/\/welabplus.com\/wevision\/wp-json\/wp\/v2\/product_cat?post=25261"},{"taxonomy":"product_tag","embeddable":true,"href":"https:\/\/welabplus.com\/wevision\/wp-json\/wp\/v2\/product_tag?post=25261"}],"curies":[{"name":"wp","href":"https:\/\/api.w.org\/{rel}","templated":true}]}}