{"id":25259,"date":"2025-11-06T10:24:47","date_gmt":"2025-11-06T09:24:47","guid":{"rendered":"https:\/\/welabplus.com\/wevision\/?post_type=product&#038;p=25259"},"modified":"2025-11-18T12:22:52","modified_gmt":"2025-11-18T11:22:52","slug":"nanlite-fc-300b-bi-color-led-spot-light","status":"publish","type":"product","link":"https:\/\/welabplus.com\/wevision\/catalogo\/led\/foco-puntual-cob\/nanlite\/nanlite-fc-300b-bi-color-led-spot-light\/","title":{"rendered":"NANLITE FC-300B BI-COLOR LED SPOT LIGHT"},"content":{"rendered":"<p>El<strong> NANLITE FC-300B BI-COLOR LED SPOT LIGHT,<\/strong> un foco LED bicolor con nuevo concepto de dise\u00f1o exterior. Esta luz vers\u00e1til puede ser luminosa cuando la necesites. Pero tambi\u00e9n es intencionalmente compacta y liviana al igual que resistente. Provee luz potente en un paquete compacto, liviano y elegante. Se puede ajustar la atenuaci\u00f3n de <strong>0\u2013100%,<\/strong> y con voltear la perilla consigues un gran rango de looks, desde tonos c\u00e1lidos a luz del d\u00eda luminosa con su <strong>rango CCT de 2700K-6500K.<\/strong> El rango alto IRC de 96 y <strong>TLCI<\/strong> de <strong>98<\/strong> quiere decir que los tonos de piel y otros colores siempre ser\u00e1n precisos. Tiene controles abordo f\u00e1ciles de usar, Bluetooth para la aplicaci\u00f3n <strong>NANLINK<\/strong> gratuita para iOS y Android, y 2.4G para m\u00e1s opciones de control inal\u00e1mbrico. Un puerto <strong>3.5mm<\/strong> con bloque de metal permite controlar con <strong>DMX\/RDM.<\/strong><\/p>\n<h3><\/h3>\n<h3>Caracter\u00edsticas T\u00e9cnicas del NANLITE FC-300B BI-COLOR LED SPOT LIGHT:<\/h3>\n<ul>\n<li>Potencia nominal\u00a0 de 350 W\u00a0 que ofrece 37340 lux@1m (con reflector de 45\u00b0, 5600K).<\/li>\n<li>Amplio rango CCT de 2700K-6500K con dos modos de salida: salida m\u00e1xima y modo de salida constante.<\/li>\n<li>Excelente reproducci\u00f3n del color con promedio CRI\/TLCI 96 y 98, promedio TM-30 Rf 95, promedio TM-30 Rg 101\/100.<\/li>\n<li>Atenuaci\u00f3n 0-100 %\u00a0 y funcionamiento intuitivo con pantalla de 2,0 pulgadas y 2 botones y dise\u00f1o de interfaz de usuario de 2 perillas.<\/li>\n<li>M\u00faltiples m\u00e9todos de control: integrado, control remoto, aplicaci\u00f3n Nanlink y DMX\/RDM.<\/li>\n<li>12 efectos especiales incorporados con par\u00e1metros personalizables en cada efecto.<\/li>\n<li>Fuente de alimentaci\u00f3n con una correa de seguridad y una placa de liberaci\u00f3n r\u00e1pida para un f\u00e1cil montaje e instalaci\u00f3n.<\/li>\n<li>Sistema de control de ventilador ajustable con 4 modos: INTELIGENTE, VELOCIDAD M\u00c1XIMA, VELOCIDAD BAJA y APAGADO.<\/li>\n<li>Montura Bowens con entrada de paraguas para infinitas posibilidades de modificaci\u00f3n de luz.<\/li>\n<li>Admite actualizaci\u00f3n de firmware a trav\u00e9s del puerto USB en el cabezal de la l\u00e1mpara.<\/li>\n<li>Peso: Foco: 2,6 Kg.<\/li>\n<li>Alimentador : 0,5 kg.<\/li>\n<li>Tama\u00f1o Foco: 360.3 \u00d7 246.4 \u00d7 134.8mm.<\/li>\n<\/ul>\n<p>&nbsp;<\/p>\n<h3>V\u00eddeo T\u00e9cnico:<\/h3>\n<p><iframe loading=\"lazy\" title=\"YouTube video player\" src=\"https:\/\/www.youtube.com\/embed\/-3U82EMHIEw?si=b-2FiAF5RtSYuvWX\" width=\"845\" height=\"475\" frameborder=\"0\" allowfullscreen=\"allowfullscreen\"><span data-mce-type=\"bookmark\" style=\"display: inline-block; width: 0px; overflow: hidden; line-height: 0;\" class=\"mce_SELRES_start\">\ufeff<\/span><\/iframe><\/p>\n<p>&nbsp;<\/p>\n<p><strong>M\u00e1s informaci\u00f3n<\/strong> en la <a href=\"https:\/\/nanlite.es\/focos-led\/1093-foco-nanlite-fc-300b-bi-color-led-spot-light.html\">siguiente p\u00e1gina.<\/a><\/p>\n<div>\n<div class=\"\">\n<p>&nbsp;<\/p>\n<\/div>\n<\/div>\n<hr \/>\n<div class=\"social-icon social-big\"><a href=\"https:\/\/www.facebook.com\/welabplus\/\" target=\"_blank\" title=\"\"><i class=\"fa fa-facebook\"><\/i><\/a><\/div>\n<div class=\"social-icon social-big\"><a href=\"https:\/\/twitter.com\/welabplus\" target=\"_blank\" title=\"\"><i class=\"fa fa-twitter\"><\/i><\/a><\/div>\n<div class=\"social-icon social-big\"><a href=\"https:\/\/www.instagram.com\/welabplus\/?hl=es\" target=\"_blank\" title=\"\"><i class=\"fa fa-instagram\"><\/i><\/a><\/div>\n<div class=\"social-icon social-big\"><a href=\"https:\/\/www.linkedin.com\/company\/welabplus\" target=\"_blank\" title=\"\"><i class=\"fa fa-linkedin\"><\/i><\/a><\/div>\n","protected":false},"excerpt":{"rendered":"<p>El NANLITE FC-300B BI-COLOR LED SPOT LIGHT, un foco LED bicolor con nuevo concepto de dise\u00f1o exterior. Esta luz vers\u00e1til [&hellip;]<\/p>\n","protected":false},"featured_media":28050,"comment_status":"closed","ping_status":"closed","template":"","meta":{"_acf_changed":false,"inline_featured_image":false},"product_brand":[],"product_cat":[8982],"product_tag":[6422,8137,8138,8139,8140,6258,6337,6354,6356],"class_list":{"0":"post-25259","1":"product","2":"type-product","3":"status-publish","4":"has-post-thumbnail","6":"product_cat-nanlite","7":"product_tag-accesorios-iluminacion","8":"product_tag-foco","9":"product_tag-alquiler-nanlite-fc-300b-bi-color-led-spot-light","10":"product_tag-nanlite-fc-300b-bi-color-led-spot-light","11":"product_tag-nanlite","12":"product_tag-iluminacion","13":"product_tag-alquiler-focos","14":"product_tag-led","15":"product_tag-alquiler-led","17":"first","18":"instock","19":"shipping-taxable","20":"purchasable","21":"product-type-simple"},"acf":[],"yoast_head":"<!-- This site is optimized with the Yoast SEO plugin v26.2 - https:\/\/yoast.com\/wordpress\/plugins\/seo\/ -->\n<title>NANLITE FC-300B BI-COLOR LED SPOT LIGHT - Welabplus<\/title>\n<meta name=\"description\" content=\"Alquiler del foco NANLITE FC-300B BI-COLOR LED en Welab en Madrid y en las Islas Canarias, para cine, publicidad, series, documentales, videoclips...\" \/>\n<meta name=\"robots\" content=\"index, follow, max-snippet:-1, max-image-preview:large, max-video-preview:-1\" \/>\n<link rel=\"canonical\" href=\"https:\/\/welabplus.com\/wevision\/catalogo\/led\/foco-puntual-cob\/nanlite\/nanlite-fc-300b-bi-color-led-spot-light\/\" \/>\n<meta property=\"og:locale\" content=\"es_ES\" \/>\n<meta property=\"og:type\" content=\"article\" \/>\n<meta property=\"og:title\" content=\"NANLITE FC-300B BI-COLOR LED SPOT LIGHT - Welabplus\" \/>\n<meta property=\"og:description\" content=\"Alquiler del foco NANLITE FC-300B BI-COLOR LED en Welab en Madrid y en las Islas Canarias, para cine, publicidad, series, documentales, videoclips...\" \/>\n<meta property=\"og:url\" content=\"https:\/\/welabplus.com\/wevision\/catalogo\/led\/foco-puntual-cob\/nanlite\/nanlite-fc-300b-bi-color-led-spot-light\/\" \/>\n<meta property=\"og:site_name\" content=\"Wevision\" \/>\n<meta property=\"article:publisher\" content=\"https:\/\/www.facebook.com\/welab.es\/\" \/>\n<meta property=\"article:modified_time\" content=\"2025-11-18T11:22:52+00:00\" \/>\n<meta property=\"og:image\" content=\"https:\/\/welabplus.com\/wevision\/wp-content\/uploads\/2025\/11\/ALQUILER-NANLITE-FC-300B-BI-COLOR-LED-SPOT-LIGHT-WEVISION_WELABPLUS.jpg\" \/>\n\t<meta property=\"og:image:width\" content=\"933\" \/>\n\t<meta property=\"og:image:height\" content=\"557\" \/>\n\t<meta property=\"og:image:type\" content=\"image\/jpeg\" \/>\n<meta name=\"twitter:card\" content=\"summary_large_image\" \/>\n<meta name=\"twitter:site\" content=\"@welabspain\" \/>\n<meta name=\"twitter:label1\" content=\"Tiempo de lectura\" \/>\n\t<meta name=\"twitter:data1\" content=\"2 minutos\" \/>\n<script type=\"application\/ld+json\" class=\"yoast-schema-graph\">{\"@context\":\"https:\/\/schema.org\",\"@graph\":[{\"@type\":\"WebPage\",\"@id\":\"https:\/\/welabplus.com\/wevision\/catalogo\/led\/foco-puntual-cob\/nanlite\/nanlite-fc-300b-bi-color-led-spot-light\/\",\"url\":\"https:\/\/welabplus.com\/wevision\/catalogo\/led\/foco-puntual-cob\/nanlite\/nanlite-fc-300b-bi-color-led-spot-light\/\",\"name\":\"NANLITE FC-300B BI-COLOR LED SPOT LIGHT - Welabplus\",\"isPartOf\":{\"@id\":\"https:\/\/welabplus.com\/wevision\/#website\"},\"primaryImageOfPage\":{\"@id\":\"https:\/\/welabplus.com\/wevision\/catalogo\/led\/foco-puntual-cob\/nanlite\/nanlite-fc-300b-bi-color-led-spot-light\/#primaryimage\"},\"image\":{\"@id\":\"https:\/\/welabplus.com\/wevision\/catalogo\/led\/foco-puntual-cob\/nanlite\/nanlite-fc-300b-bi-color-led-spot-light\/#primaryimage\"},\"thumbnailUrl\":\"https:\/\/welabplus.com\/wevision\/wp-content\/uploads\/2025\/11\/ALQUILER-NANLITE-FC-300B-BI-COLOR-LED-SPOT-LIGHT-WEVISION_WELABPLUS.jpg\",\"datePublished\":\"2025-11-06T09:24:47+00:00\",\"dateModified\":\"2025-11-18T11:22:52+00:00\",\"description\":\"Alquiler del foco NANLITE FC-300B BI-COLOR LED en Welab en Madrid y en las Islas Canarias, para cine, publicidad, series, documentales, videoclips...\",\"breadcrumb\":{\"@id\":\"https:\/\/welabplus.com\/wevision\/catalogo\/led\/foco-puntual-cob\/nanlite\/nanlite-fc-300b-bi-color-led-spot-light\/#breadcrumb\"},\"inLanguage\":\"es\",\"potentialAction\":[{\"@type\":\"ReadAction\",\"target\":[\"https:\/\/welabplus.com\/wevision\/catalogo\/led\/foco-puntual-cob\/nanlite\/nanlite-fc-300b-bi-color-led-spot-light\/\"]}]},{\"@type\":\"ImageObject\",\"inLanguage\":\"es\",\"@id\":\"https:\/\/welabplus.com\/wevision\/catalogo\/led\/foco-puntual-cob\/nanlite\/nanlite-fc-300b-bi-color-led-spot-light\/#primaryimage\",\"url\":\"https:\/\/welabplus.com\/wevision\/wp-content\/uploads\/2025\/11\/ALQUILER-NANLITE-FC-300B-BI-COLOR-LED-SPOT-LIGHT-WEVISION_WELABPLUS.jpg\",\"contentUrl\":\"https:\/\/welabplus.com\/wevision\/wp-content\/uploads\/2025\/11\/ALQUILER-NANLITE-FC-300B-BI-COLOR-LED-SPOT-LIGHT-WEVISION_WELABPLUS.jpg\",\"width\":933,\"height\":557,\"caption\":\"ALQUILER NANLITE FC 300B BI COLOR LED SPOT LIGHT WEVISION WELABPLUS\"},{\"@type\":\"BreadcrumbList\",\"@id\":\"https:\/\/welabplus.com\/wevision\/catalogo\/led\/foco-puntual-cob\/nanlite\/nanlite-fc-300b-bi-color-led-spot-light\/#breadcrumb\",\"itemListElement\":[{\"@type\":\"ListItem\",\"position\":1,\"name\":\"Portada\",\"item\":\"https:\/\/welabplus.com\/wevision\/\"},{\"@type\":\"ListItem\",\"position\":2,\"name\":\"Cat\u00e1logo\",\"item\":\"https:\/\/welabplus.com\/wevision\/catalogo\/\"},{\"@type\":\"ListItem\",\"position\":3,\"name\":\"NANLITE FC-300B BI-COLOR LED SPOT LIGHT\"}]},{\"@type\":\"WebSite\",\"@id\":\"https:\/\/welabplus.com\/wevision\/#website\",\"url\":\"https:\/\/welabplus.com\/wevision\/\",\"name\":\"Welabplus\",\"description\":\"C\u00e1maras y lentes para cine\",\"publisher\":{\"@id\":\"https:\/\/welabplus.com\/wevision\/#organization\"},\"potentialAction\":[{\"@type\":\"SearchAction\",\"target\":{\"@type\":\"EntryPoint\",\"urlTemplate\":\"https:\/\/welabplus.com\/wevision\/?s={search_term_string}\"},\"query-input\":{\"@type\":\"PropertyValueSpecification\",\"valueRequired\":true,\"valueName\":\"search_term_string\"}}],\"inLanguage\":\"es\"},{\"@type\":\"Organization\",\"@id\":\"https:\/\/welabplus.com\/wevision\/#organization\",\"name\":\"Welab Canary Islands\",\"url\":\"https:\/\/welabplus.com\/wevision\/\",\"logo\":{\"@type\":\"ImageObject\",\"inLanguage\":\"es\",\"@id\":\"https:\/\/welabplus.com\/wevision\/#\/schema\/logo\/image\/\",\"url\":\"\",\"contentUrl\":\"\",\"caption\":\"Welab Canary Islands\"},\"image\":{\"@id\":\"https:\/\/welabplus.com\/wevision\/#\/schema\/logo\/image\/\"},\"sameAs\":[\"https:\/\/www.facebook.com\/welab.es\/\",\"https:\/\/x.com\/welabspain\"]}]}<\/script>\n<!-- \/ Yoast SEO plugin. -->","yoast_head_json":{"title":"NANLITE FC-300B BI-COLOR LED SPOT LIGHT - Welabplus","description":"Alquiler del foco NANLITE FC-300B BI-COLOR LED en Welab en Madrid y en las Islas Canarias, para cine, publicidad, series, documentales, videoclips...","robots":{"index":"index","follow":"follow","max-snippet":"max-snippet:-1","max-image-preview":"max-image-preview:large","max-video-preview":"max-video-preview:-1"},"canonical":"https:\/\/welabplus.com\/wevision\/catalogo\/led\/foco-puntual-cob\/nanlite\/nanlite-fc-300b-bi-color-led-spot-light\/","og_locale":"es_ES","og_type":"article","og_title":"NANLITE FC-300B BI-COLOR LED SPOT LIGHT - Welabplus","og_description":"Alquiler del foco NANLITE FC-300B BI-COLOR LED en Welab en Madrid y en las Islas Canarias, para cine, publicidad, series, documentales, videoclips...","og_url":"https:\/\/welabplus.com\/wevision\/catalogo\/led\/foco-puntual-cob\/nanlite\/nanlite-fc-300b-bi-color-led-spot-light\/","og_site_name":"Wevision","article_publisher":"https:\/\/www.facebook.com\/welab.es\/","article_modified_time":"2025-11-18T11:22:52+00:00","og_image":[{"width":933,"height":557,"url":"https:\/\/welabplus.com\/wevision\/wp-content\/uploads\/2025\/11\/ALQUILER-NANLITE-FC-300B-BI-COLOR-LED-SPOT-LIGHT-WEVISION_WELABPLUS.jpg","type":"image\/jpeg"}],"twitter_card":"summary_large_image","twitter_site":"@welabspain","twitter_misc":{"Tiempo de lectura":"2 minutos"},"schema":{"@context":"https:\/\/schema.org","@graph":[{"@type":"WebPage","@id":"https:\/\/welabplus.com\/wevision\/catalogo\/led\/foco-puntual-cob\/nanlite\/nanlite-fc-300b-bi-color-led-spot-light\/","url":"https:\/\/welabplus.com\/wevision\/catalogo\/led\/foco-puntual-cob\/nanlite\/nanlite-fc-300b-bi-color-led-spot-light\/","name":"NANLITE FC-300B BI-COLOR LED SPOT LIGHT - Welabplus","isPartOf":{"@id":"https:\/\/welabplus.com\/wevision\/#website"},"primaryImageOfPage":{"@id":"https:\/\/welabplus.com\/wevision\/catalogo\/led\/foco-puntual-cob\/nanlite\/nanlite-fc-300b-bi-color-led-spot-light\/#primaryimage"},"image":{"@id":"https:\/\/welabplus.com\/wevision\/catalogo\/led\/foco-puntual-cob\/nanlite\/nanlite-fc-300b-bi-color-led-spot-light\/#primaryimage"},"thumbnailUrl":"https:\/\/welabplus.com\/wevision\/wp-content\/uploads\/2025\/11\/ALQUILER-NANLITE-FC-300B-BI-COLOR-LED-SPOT-LIGHT-WEVISION_WELABPLUS.jpg","datePublished":"2025-11-06T09:24:47+00:00","dateModified":"2025-11-18T11:22:52+00:00","description":"Alquiler del foco NANLITE FC-300B BI-COLOR LED en Welab en Madrid y en las Islas Canarias, para cine, publicidad, series, documentales, videoclips...","breadcrumb":{"@id":"https:\/\/welabplus.com\/wevision\/catalogo\/led\/foco-puntual-cob\/nanlite\/nanlite-fc-300b-bi-color-led-spot-light\/#breadcrumb"},"inLanguage":"es","potentialAction":[{"@type":"ReadAction","target":["https:\/\/welabplus.com\/wevision\/catalogo\/led\/foco-puntual-cob\/nanlite\/nanlite-fc-300b-bi-color-led-spot-light\/"]}]},{"@type":"ImageObject","inLanguage":"es","@id":"https:\/\/welabplus.com\/wevision\/catalogo\/led\/foco-puntual-cob\/nanlite\/nanlite-fc-300b-bi-color-led-spot-light\/#primaryimage","url":"https:\/\/welabplus.com\/wevision\/wp-content\/uploads\/2025\/11\/ALQUILER-NANLITE-FC-300B-BI-COLOR-LED-SPOT-LIGHT-WEVISION_WELABPLUS.jpg","contentUrl":"https:\/\/welabplus.com\/wevision\/wp-content\/uploads\/2025\/11\/ALQUILER-NANLITE-FC-300B-BI-COLOR-LED-SPOT-LIGHT-WEVISION_WELABPLUS.jpg","width":933,"height":557,"caption":"ALQUILER NANLITE FC 300B BI COLOR LED SPOT LIGHT WEVISION WELABPLUS"},{"@type":"BreadcrumbList","@id":"https:\/\/welabplus.com\/wevision\/catalogo\/led\/foco-puntual-cob\/nanlite\/nanlite-fc-300b-bi-color-led-spot-light\/#breadcrumb","itemListElement":[{"@type":"ListItem","position":1,"name":"Portada","item":"https:\/\/welabplus.com\/wevision\/"},{"@type":"ListItem","position":2,"name":"Cat\u00e1logo","item":"https:\/\/welabplus.com\/wevision\/catalogo\/"},{"@type":"ListItem","position":3,"name":"NANLITE FC-300B BI-COLOR LED SPOT LIGHT"}]},{"@type":"WebSite","@id":"https:\/\/welabplus.com\/wevision\/#website","url":"https:\/\/welabplus.com\/wevision\/","name":"Welabplus","description":"C\u00e1maras y lentes para cine","publisher":{"@id":"https:\/\/welabplus.com\/wevision\/#organization"},"potentialAction":[{"@type":"SearchAction","target":{"@type":"EntryPoint","urlTemplate":"https:\/\/welabplus.com\/wevision\/?s={search_term_string}"},"query-input":{"@type":"PropertyValueSpecification","valueRequired":true,"valueName":"search_term_string"}}],"inLanguage":"es"},{"@type":"Organization","@id":"https:\/\/welabplus.com\/wevision\/#organization","name":"Welab Canary Islands","url":"https:\/\/welabplus.com\/wevision\/","logo":{"@type":"ImageObject","inLanguage":"es","@id":"https:\/\/welabplus.com\/wevision\/#\/schema\/logo\/image\/","url":"","contentUrl":"","caption":"Welab Canary Islands"},"image":{"@id":"https:\/\/welabplus.com\/wevision\/#\/schema\/logo\/image\/"},"sameAs":["https:\/\/www.facebook.com\/welab.es\/","https:\/\/x.com\/welabspain"]}]}},"_links":{"self":[{"href":"https:\/\/welabplus.com\/wevision\/wp-json\/wp\/v2\/product\/25259","targetHints":{"allow":["GET"]}}],"collection":[{"href":"https:\/\/welabplus.com\/wevision\/wp-json\/wp\/v2\/product"}],"about":[{"href":"https:\/\/welabplus.com\/wevision\/wp-json\/wp\/v2\/types\/product"}],"replies":[{"embeddable":true,"href":"https:\/\/welabplus.com\/wevision\/wp-json\/wp\/v2\/comments?post=25259"}],"wp:featuredmedia":[{"embeddable":true,"href":"https:\/\/welabplus.com\/wevision\/wp-json\/wp\/v2\/media\/28050"}],"wp:attachment":[{"href":"https:\/\/welabplus.com\/wevision\/wp-json\/wp\/v2\/media?parent=25259"}],"wp:term":[{"taxonomy":"product_brand","embeddable":true,"href":"https:\/\/welabplus.com\/wevision\/wp-json\/wp\/v2\/product_brand?post=25259"},{"taxonomy":"product_cat","embeddable":true,"href":"https:\/\/welabplus.com\/wevision\/wp-json\/wp\/v2\/product_cat?post=25259"},{"taxonomy":"product_tag","embeddable":true,"href":"https:\/\/welabplus.com\/wevision\/wp-json\/wp\/v2\/product_tag?post=25259"}],"curies":[{"name":"wp","href":"https:\/\/api.w.org\/{rel}","templated":true}]}}