{"id":25254,"date":"2025-11-06T10:24:47","date_gmt":"2025-11-06T09:24:47","guid":{"rendered":"https:\/\/welabplus.com\/wevision\/?post_type=product&#038;p=25254"},"modified":"2025-11-18T12:24:26","modified_gmt":"2025-11-18T11:24:26","slug":"nanlite-forza-60b-spot-light","status":"publish","type":"product","link":"https:\/\/welabplus.com\/wevision\/catalogo\/led\/foco-puntual-cob\/nanlite\/nanlite-forza-60b-spot-light\/","title":{"rendered":"NANLITE FORZA 60B SPOT LIGHT"},"content":{"rendered":"<p>El <strong>NANLITE FORZA 60B SPOT LIGHT,<\/strong> un foco de luz <strong>Bicolor port\u00e1til<\/strong> extremadamente potente. Forza 60B de Nanlite, cuenta con un dise\u00f1o liviano del tama\u00f1o de la palma de la mano combinado con una gran potencia ofrece creatividad sin l\u00edmites en todas las condiciones.<\/p>\n<p>&nbsp;<\/p>\n<h3>Caracter\u00edsticas T\u00e9cnicas del NANLITE FORZA 60B SPOT LIGHT:<\/h3>\n<ul>\n<li>Consumo de energ\u00eda: 72W.<\/li>\n<li>Fuente de alimentaci\u00f3n: DC15V \/ 6A, AC 100-240V 50 \/ 60Hz, CRI\/TLCI: 95\/98.<\/li>\n<li>Temperatura de color: 2700 &#8211; 5600K.<\/li>\n<li>Atenuaci\u00f3n: 0-100 %.<\/li>\n<li>Control: Control integrado, 2.4G.<\/li>\n<li>Bluetooth.<\/li>\n<li>DMX \/ RDM.<\/li>\n<li>12 efectos especiales.<\/li>\n<li>Dimensiones: 200\u00d7108\u00d784mm.<\/li>\n<li>Peso (solo foco): 0.7kg.<\/li>\n<li>Peso (Luz + Adaptador + Cable + Reflector): 1.55kg.<\/li>\n<li>Forza 60B ofrece una gama de colores ampliada de 2700-6500K.<\/li>\n<li>Con un simple giro del dial, ofrece tungsteno preciso (3200K) y luz diurna (5600K). Ahorre tiempo y dinero sin necesidad de usar gelatinas cuando necesite ajustar la temperatura de color en el Forza 60B.<\/li>\n<li>Forza 60B tiene 12 efectos pr\u00e1cticos incorporados, cada uno se puede personalizar f\u00e1cilmente para simular escenarios de iluminaci\u00f3n precisos.<\/li>\n<li>Foco de luz led Bi-color port\u00e1til extremadamente potente.<\/li>\n<\/ul>\n<p>&nbsp;<\/p>\n<h3>Iluminaci\u00f3n (con refletor):<\/h3>\n<ul>\n<li>2700K: 1m-11430lux; 2m-2540lux; 3M-1098lux.<\/li>\n<li>3200K: 1m-12170lux; 2m-2731lux; 3m-1182lux.<\/li>\n<li>5600K: 1m-14350lux; 2m-3186lux; 3M-1381lux.<\/li>\n<li>6500K: 1m-14090lux; 2m-3183lux; 3M-1372lux.<\/li>\n<\/ul>\n<p>&nbsp;<\/p>\n<h3>V\u00eddeo T\u00e9cnico:<\/h3>\n<p><iframe loading=\"lazy\" title=\"YouTube video player\" src=\"https:\/\/www.youtube.com\/embed\/SpFmoMu1AKw?si=dX-20LRB9faD1z-p\" width=\"845\" height=\"475\" frameborder=\"0\" allowfullscreen=\"allowfullscreen\"><\/iframe><\/p>\n<p>&nbsp;<\/p>\n<p><strong>M\u00e1s informaci\u00f3n<\/strong> en la <a href=\"https:\/\/nanlite.es\/focos-led\/1067-foco-nanlite-forza-60b-ii-bicolor-led-spot-light-6949987424420.html\">siguiente p\u00e1gina.<\/a><\/p>\n<div>\n<div class=\"\">\n<p>&nbsp;<\/p>\n<\/div>\n<\/div>\n<hr \/>\n<div class=\"social-icon social-big\"><a href=\"https:\/\/www.facebook.com\/welabplus\/\" target=\"_blank\" title=\"\"><i class=\"fa fa-facebook\"><\/i><\/a><\/div>\n<div class=\"social-icon social-big\"><a href=\"https:\/\/twitter.com\/welabplus\" target=\"_blank\" title=\"\"><i class=\"fa fa-twitter\"><\/i><\/a><\/div>\n<div class=\"social-icon social-big\"><a href=\"https:\/\/www.instagram.com\/welabplus\/?hl=es\" target=\"_blank\" title=\"\"><i class=\"fa fa-instagram\"><\/i><\/a><\/div>\n<div class=\"social-icon social-big\"><a href=\"https:\/\/www.linkedin.com\/company\/welabplus\" target=\"_blank\" title=\"\"><i class=\"fa fa-linkedin\"><\/i><\/a><\/div>\n","protected":false},"excerpt":{"rendered":"<p>El NANLITE FORZA 60B SPOT LIGHT, un foco de luz Bicolor port\u00e1til extremadamente potente. Forza 60B de Nanlite, cuenta con [&hellip;]<\/p>\n","protected":false},"featured_media":28051,"comment_status":"closed","ping_status":"closed","template":"","meta":{"_acf_changed":false,"inline_featured_image":false},"product_brand":[],"product_cat":[8982],"product_tag":[8130,8131,8132,8133,8134,8135,8136,6258,6337,6354,8129],"class_list":{"0":"post-25254","1":"product","2":"type-product","3":"status-publish","4":"has-post-thumbnail","6":"product_cat-nanlite","7":"product_tag-alquiler-nanlite-forza-60b-spot-light","8":"product_tag-alquiler-led-focos","9":"product_tag-focos","10":"product_tag-alquiler-luces-led","11":"product_tag-alquiler-luces-madrid","12":"product_tag-spot-light","13":"product_tag-light","14":"product_tag-iluminacion","15":"product_tag-alquiler-focos","16":"product_tag-led","17":"product_tag-nanlite-forza-60b-spot-light","19":"first","20":"instock","21":"shipping-taxable","22":"purchasable","23":"product-type-simple"},"acf":[],"yoast_head":"<!-- This site is optimized with the Yoast SEO plugin v26.2 - https:\/\/yoast.com\/wordpress\/plugins\/seo\/ -->\n<title>NANLITE FORZA 60B SPOT LIGHT - Welabplus<\/title>\n<meta name=\"description\" content=\"Alquiler del foco NANLITE FORZA 60B SPOT LIGHT en Welab en Madrid y en las Islas Canarias, para cine, publicidad, series, documentales, videoclips...\" \/>\n<meta name=\"robots\" content=\"index, follow, max-snippet:-1, max-image-preview:large, max-video-preview:-1\" \/>\n<link rel=\"canonical\" href=\"https:\/\/welabplus.com\/wevision\/catalogo\/led\/foco-puntual-cob\/nanlite\/nanlite-forza-60b-spot-light\/\" \/>\n<meta property=\"og:locale\" content=\"es_ES\" \/>\n<meta property=\"og:type\" content=\"article\" \/>\n<meta property=\"og:title\" content=\"NANLITE FORZA 60B SPOT LIGHT - Welabplus\" \/>\n<meta property=\"og:description\" content=\"Alquiler del foco NANLITE FORZA 60B SPOT LIGHT en Welab en Madrid y en las Islas Canarias, para cine, publicidad, series, documentales, videoclips...\" \/>\n<meta property=\"og:url\" content=\"https:\/\/welabplus.com\/wevision\/catalogo\/led\/foco-puntual-cob\/nanlite\/nanlite-forza-60b-spot-light\/\" \/>\n<meta property=\"og:site_name\" content=\"Wevision\" \/>\n<meta property=\"article:publisher\" content=\"https:\/\/www.facebook.com\/welab.es\/\" \/>\n<meta property=\"article:modified_time\" content=\"2025-11-18T11:24:26+00:00\" \/>\n<meta property=\"og:image\" content=\"https:\/\/welabplus.com\/wevision\/wp-content\/uploads\/2025\/11\/ALQUILER-NANLITE-FORZA-60B-SPOT-LIGHT-WEVISION_WELABPLUS.jpg\" \/>\n\t<meta property=\"og:image:width\" content=\"933\" \/>\n\t<meta property=\"og:image:height\" content=\"557\" \/>\n\t<meta property=\"og:image:type\" content=\"image\/jpeg\" \/>\n<meta name=\"twitter:card\" content=\"summary_large_image\" \/>\n<meta name=\"twitter:site\" content=\"@welabspain\" \/>\n<meta name=\"twitter:label1\" content=\"Tiempo de lectura\" \/>\n\t<meta name=\"twitter:data1\" content=\"2 minutos\" \/>\n<script type=\"application\/ld+json\" class=\"yoast-schema-graph\">{\"@context\":\"https:\/\/schema.org\",\"@graph\":[{\"@type\":\"WebPage\",\"@id\":\"https:\/\/welabplus.com\/wevision\/catalogo\/led\/foco-puntual-cob\/nanlite\/nanlite-forza-60b-spot-light\/\",\"url\":\"https:\/\/welabplus.com\/wevision\/catalogo\/led\/foco-puntual-cob\/nanlite\/nanlite-forza-60b-spot-light\/\",\"name\":\"NANLITE FORZA 60B SPOT LIGHT - Welabplus\",\"isPartOf\":{\"@id\":\"https:\/\/welabplus.com\/wevision\/#website\"},\"primaryImageOfPage\":{\"@id\":\"https:\/\/welabplus.com\/wevision\/catalogo\/led\/foco-puntual-cob\/nanlite\/nanlite-forza-60b-spot-light\/#primaryimage\"},\"image\":{\"@id\":\"https:\/\/welabplus.com\/wevision\/catalogo\/led\/foco-puntual-cob\/nanlite\/nanlite-forza-60b-spot-light\/#primaryimage\"},\"thumbnailUrl\":\"https:\/\/welabplus.com\/wevision\/wp-content\/uploads\/2025\/11\/ALQUILER-NANLITE-FORZA-60B-SPOT-LIGHT-WEVISION_WELABPLUS.jpg\",\"datePublished\":\"2025-11-06T09:24:47+00:00\",\"dateModified\":\"2025-11-18T11:24:26+00:00\",\"description\":\"Alquiler del foco NANLITE FORZA 60B SPOT LIGHT en Welab en Madrid y en las Islas Canarias, para cine, publicidad, series, documentales, videoclips...\",\"breadcrumb\":{\"@id\":\"https:\/\/welabplus.com\/wevision\/catalogo\/led\/foco-puntual-cob\/nanlite\/nanlite-forza-60b-spot-light\/#breadcrumb\"},\"inLanguage\":\"es\",\"potentialAction\":[{\"@type\":\"ReadAction\",\"target\":[\"https:\/\/welabplus.com\/wevision\/catalogo\/led\/foco-puntual-cob\/nanlite\/nanlite-forza-60b-spot-light\/\"]}]},{\"@type\":\"ImageObject\",\"inLanguage\":\"es\",\"@id\":\"https:\/\/welabplus.com\/wevision\/catalogo\/led\/foco-puntual-cob\/nanlite\/nanlite-forza-60b-spot-light\/#primaryimage\",\"url\":\"https:\/\/welabplus.com\/wevision\/wp-content\/uploads\/2025\/11\/ALQUILER-NANLITE-FORZA-60B-SPOT-LIGHT-WEVISION_WELABPLUS.jpg\",\"contentUrl\":\"https:\/\/welabplus.com\/wevision\/wp-content\/uploads\/2025\/11\/ALQUILER-NANLITE-FORZA-60B-SPOT-LIGHT-WEVISION_WELABPLUS.jpg\",\"width\":933,\"height\":557,\"caption\":\"ALQUILER NANLITE FORZA 60B SPOT LIGHT WEVISION WELABPLUS\"},{\"@type\":\"BreadcrumbList\",\"@id\":\"https:\/\/welabplus.com\/wevision\/catalogo\/led\/foco-puntual-cob\/nanlite\/nanlite-forza-60b-spot-light\/#breadcrumb\",\"itemListElement\":[{\"@type\":\"ListItem\",\"position\":1,\"name\":\"Portada\",\"item\":\"https:\/\/welabplus.com\/wevision\/\"},{\"@type\":\"ListItem\",\"position\":2,\"name\":\"Cat\u00e1logo\",\"item\":\"https:\/\/welabplus.com\/wevision\/catalogo\/\"},{\"@type\":\"ListItem\",\"position\":3,\"name\":\"NANLITE FORZA 60B SPOT LIGHT\"}]},{\"@type\":\"WebSite\",\"@id\":\"https:\/\/welabplus.com\/wevision\/#website\",\"url\":\"https:\/\/welabplus.com\/wevision\/\",\"name\":\"Welabplus\",\"description\":\"C\u00e1maras y lentes para cine\",\"publisher\":{\"@id\":\"https:\/\/welabplus.com\/wevision\/#organization\"},\"potentialAction\":[{\"@type\":\"SearchAction\",\"target\":{\"@type\":\"EntryPoint\",\"urlTemplate\":\"https:\/\/welabplus.com\/wevision\/?s={search_term_string}\"},\"query-input\":{\"@type\":\"PropertyValueSpecification\",\"valueRequired\":true,\"valueName\":\"search_term_string\"}}],\"inLanguage\":\"es\"},{\"@type\":\"Organization\",\"@id\":\"https:\/\/welabplus.com\/wevision\/#organization\",\"name\":\"Welab Canary Islands\",\"url\":\"https:\/\/welabplus.com\/wevision\/\",\"logo\":{\"@type\":\"ImageObject\",\"inLanguage\":\"es\",\"@id\":\"https:\/\/welabplus.com\/wevision\/#\/schema\/logo\/image\/\",\"url\":\"\",\"contentUrl\":\"\",\"caption\":\"Welab Canary Islands\"},\"image\":{\"@id\":\"https:\/\/welabplus.com\/wevision\/#\/schema\/logo\/image\/\"},\"sameAs\":[\"https:\/\/www.facebook.com\/welab.es\/\",\"https:\/\/x.com\/welabspain\"]}]}<\/script>\n<!-- \/ Yoast SEO plugin. -->","yoast_head_json":{"title":"NANLITE FORZA 60B SPOT LIGHT - Welabplus","description":"Alquiler del foco NANLITE FORZA 60B SPOT LIGHT en Welab en Madrid y en las Islas Canarias, para cine, publicidad, series, documentales, videoclips...","robots":{"index":"index","follow":"follow","max-snippet":"max-snippet:-1","max-image-preview":"max-image-preview:large","max-video-preview":"max-video-preview:-1"},"canonical":"https:\/\/welabplus.com\/wevision\/catalogo\/led\/foco-puntual-cob\/nanlite\/nanlite-forza-60b-spot-light\/","og_locale":"es_ES","og_type":"article","og_title":"NANLITE FORZA 60B SPOT LIGHT - Welabplus","og_description":"Alquiler del foco NANLITE FORZA 60B SPOT LIGHT en Welab en Madrid y en las Islas Canarias, para cine, publicidad, series, documentales, videoclips...","og_url":"https:\/\/welabplus.com\/wevision\/catalogo\/led\/foco-puntual-cob\/nanlite\/nanlite-forza-60b-spot-light\/","og_site_name":"Wevision","article_publisher":"https:\/\/www.facebook.com\/welab.es\/","article_modified_time":"2025-11-18T11:24:26+00:00","og_image":[{"width":933,"height":557,"url":"https:\/\/welabplus.com\/wevision\/wp-content\/uploads\/2025\/11\/ALQUILER-NANLITE-FORZA-60B-SPOT-LIGHT-WEVISION_WELABPLUS.jpg","type":"image\/jpeg"}],"twitter_card":"summary_large_image","twitter_site":"@welabspain","twitter_misc":{"Tiempo de lectura":"2 minutos"},"schema":{"@context":"https:\/\/schema.org","@graph":[{"@type":"WebPage","@id":"https:\/\/welabplus.com\/wevision\/catalogo\/led\/foco-puntual-cob\/nanlite\/nanlite-forza-60b-spot-light\/","url":"https:\/\/welabplus.com\/wevision\/catalogo\/led\/foco-puntual-cob\/nanlite\/nanlite-forza-60b-spot-light\/","name":"NANLITE FORZA 60B SPOT LIGHT - Welabplus","isPartOf":{"@id":"https:\/\/welabplus.com\/wevision\/#website"},"primaryImageOfPage":{"@id":"https:\/\/welabplus.com\/wevision\/catalogo\/led\/foco-puntual-cob\/nanlite\/nanlite-forza-60b-spot-light\/#primaryimage"},"image":{"@id":"https:\/\/welabplus.com\/wevision\/catalogo\/led\/foco-puntual-cob\/nanlite\/nanlite-forza-60b-spot-light\/#primaryimage"},"thumbnailUrl":"https:\/\/welabplus.com\/wevision\/wp-content\/uploads\/2025\/11\/ALQUILER-NANLITE-FORZA-60B-SPOT-LIGHT-WEVISION_WELABPLUS.jpg","datePublished":"2025-11-06T09:24:47+00:00","dateModified":"2025-11-18T11:24:26+00:00","description":"Alquiler del foco NANLITE FORZA 60B SPOT LIGHT en Welab en Madrid y en las Islas Canarias, para cine, publicidad, series, documentales, videoclips...","breadcrumb":{"@id":"https:\/\/welabplus.com\/wevision\/catalogo\/led\/foco-puntual-cob\/nanlite\/nanlite-forza-60b-spot-light\/#breadcrumb"},"inLanguage":"es","potentialAction":[{"@type":"ReadAction","target":["https:\/\/welabplus.com\/wevision\/catalogo\/led\/foco-puntual-cob\/nanlite\/nanlite-forza-60b-spot-light\/"]}]},{"@type":"ImageObject","inLanguage":"es","@id":"https:\/\/welabplus.com\/wevision\/catalogo\/led\/foco-puntual-cob\/nanlite\/nanlite-forza-60b-spot-light\/#primaryimage","url":"https:\/\/welabplus.com\/wevision\/wp-content\/uploads\/2025\/11\/ALQUILER-NANLITE-FORZA-60B-SPOT-LIGHT-WEVISION_WELABPLUS.jpg","contentUrl":"https:\/\/welabplus.com\/wevision\/wp-content\/uploads\/2025\/11\/ALQUILER-NANLITE-FORZA-60B-SPOT-LIGHT-WEVISION_WELABPLUS.jpg","width":933,"height":557,"caption":"ALQUILER NANLITE FORZA 60B SPOT LIGHT WEVISION WELABPLUS"},{"@type":"BreadcrumbList","@id":"https:\/\/welabplus.com\/wevision\/catalogo\/led\/foco-puntual-cob\/nanlite\/nanlite-forza-60b-spot-light\/#breadcrumb","itemListElement":[{"@type":"ListItem","position":1,"name":"Portada","item":"https:\/\/welabplus.com\/wevision\/"},{"@type":"ListItem","position":2,"name":"Cat\u00e1logo","item":"https:\/\/welabplus.com\/wevision\/catalogo\/"},{"@type":"ListItem","position":3,"name":"NANLITE FORZA 60B SPOT LIGHT"}]},{"@type":"WebSite","@id":"https:\/\/welabplus.com\/wevision\/#website","url":"https:\/\/welabplus.com\/wevision\/","name":"Welabplus","description":"C\u00e1maras y lentes para cine","publisher":{"@id":"https:\/\/welabplus.com\/wevision\/#organization"},"potentialAction":[{"@type":"SearchAction","target":{"@type":"EntryPoint","urlTemplate":"https:\/\/welabplus.com\/wevision\/?s={search_term_string}"},"query-input":{"@type":"PropertyValueSpecification","valueRequired":true,"valueName":"search_term_string"}}],"inLanguage":"es"},{"@type":"Organization","@id":"https:\/\/welabplus.com\/wevision\/#organization","name":"Welab Canary Islands","url":"https:\/\/welabplus.com\/wevision\/","logo":{"@type":"ImageObject","inLanguage":"es","@id":"https:\/\/welabplus.com\/wevision\/#\/schema\/logo\/image\/","url":"","contentUrl":"","caption":"Welab Canary Islands"},"image":{"@id":"https:\/\/welabplus.com\/wevision\/#\/schema\/logo\/image\/"},"sameAs":["https:\/\/www.facebook.com\/welab.es\/","https:\/\/x.com\/welabspain"]}]}},"_links":{"self":[{"href":"https:\/\/welabplus.com\/wevision\/wp-json\/wp\/v2\/product\/25254","targetHints":{"allow":["GET"]}}],"collection":[{"href":"https:\/\/welabplus.com\/wevision\/wp-json\/wp\/v2\/product"}],"about":[{"href":"https:\/\/welabplus.com\/wevision\/wp-json\/wp\/v2\/types\/product"}],"replies":[{"embeddable":true,"href":"https:\/\/welabplus.com\/wevision\/wp-json\/wp\/v2\/comments?post=25254"}],"wp:featuredmedia":[{"embeddable":true,"href":"https:\/\/welabplus.com\/wevision\/wp-json\/wp\/v2\/media\/28051"}],"wp:attachment":[{"href":"https:\/\/welabplus.com\/wevision\/wp-json\/wp\/v2\/media?parent=25254"}],"wp:term":[{"taxonomy":"product_brand","embeddable":true,"href":"https:\/\/welabplus.com\/wevision\/wp-json\/wp\/v2\/product_brand?post=25254"},{"taxonomy":"product_cat","embeddable":true,"href":"https:\/\/welabplus.com\/wevision\/wp-json\/wp\/v2\/product_cat?post=25254"},{"taxonomy":"product_tag","embeddable":true,"href":"https:\/\/welabplus.com\/wevision\/wp-json\/wp\/v2\/product_tag?post=25254"}],"curies":[{"name":"wp","href":"https:\/\/api.w.org\/{rel}","templated":true}]}}