{"id":24591,"date":"2026-01-23T11:44:43","date_gmt":"2026-01-23T10:44:43","guid":{"rendered":"https:\/\/welabplus.com\/wevision\/?post_type=product&#038;p=24591"},"modified":"2026-03-18T15:27:13","modified_gmt":"2026-03-18T14:27:13","slug":"ecoflow-river-2-pro-768-wh","status":"publish","type":"product","link":"https:\/\/welabplus.com\/wevision\/catalogo\/acumuladores\/ecoflow-river-2-pro-768-wh\/","title":{"rendered":"ECOFLOW RIVER 2 PRO 768 WH"},"content":{"rendered":"<p><strong>ECOFLOW RIVER 2 PRO 768 WH <\/strong>supera el est\u00e1ndar del sector en cuanto a velocidad de carga, alcanzando la carga completa en solo 70 minutos. Es decir, 5 veces m\u00e1s r\u00e1pido que otras estaciones de energ\u00eda port\u00e1tiles del mercado y un 27 % m\u00e1s r\u00e1pido que las generaciones anteriores. Carga completamente la\u00a0<strong>RIVER 2 Pro\u00a0<\/strong>mientras haces las maletas, para estar siempre preparado para viajes de \u00faltima hora.<\/p>\n<p>&nbsp;<\/p>\n<h3>Caracter\u00edsticas T\u00e9cnicas de ECOFLOW RIVER 2 PRO 768 WH:<\/h3>\n<ul>\n<li data-zone-id=\"0\" data-line-index=\"0\" data-line=\"true\">Capacidad de 768 Wh y potencia de 800 W.<\/li>\n<li data-zone-id=\"0\" data-line-index=\"0\" data-line=\"true\">Proporciona hasta 1,8kWh al d\u00eda con carga solar.<\/li>\n<li data-zone-id=\"0\" data-line-index=\"1\" data-line=\"true\">Recarga m\u00e1s r\u00e1pida 0-100% en solo 70 min.<\/li>\n<li data-zone-id=\"0\" data-line-index=\"2\" data-line=\"true\">La bater\u00eda LFP m\u00e1s segura proporciona 10 a\u00f1os de uso.<\/li>\n<li data-zone-id=\"0\" data-line-index=\"3\" data-line=\"true\">Primera estaci\u00f3n de energ\u00eda con certificaci\u00f3n de seguridad T\u00dcV Rheinland.<\/li>\n<li data-zone-id=\"0\" data-line-index=\"4\" data-line=\"true\">La salida X-Boost hasta 1600 W hace funcionar el 80% de los aparatos electr\u00f3nicos de consumo.<\/li>\n<li data-zone-id=\"0\" data-line-index=\"5\" data-line=\"true\">4 formas de carga: CA, coche, solar y USB-C.<\/li>\n<li data-zone-id=\"0\" data-line-index=\"5\" data-line=\"true\">Ligera con solo 7,8kg.<\/li>\n<li data-zone-id=\"0\" data-line-index=\"7\" data-line=\"true\">Control inteligente de aplicaciones con Bluetooth o Wi-Fi.<\/li>\n<\/ul>\n<p>&nbsp;<\/p>\n<h3><img loading=\"lazy\" decoding=\"async\" class=\"aligncenter size-full wp-image-28566\" src=\"https:\/\/welabplus.com\/wevision\/wp-content\/uploads\/2026\/01\/ALQUILER-ECOFLOW-RIVER-2-PRO-768-WH-WEVISION-01.png\" alt=\"\" width=\"1000\" height=\"500\" srcset=\"https:\/\/welabplus.com\/wevision\/wp-content\/uploads\/2026\/01\/ALQUILER-ECOFLOW-RIVER-2-PRO-768-WH-WEVISION-01.png 1000w, https:\/\/welabplus.com\/wevision\/wp-content\/uploads\/2026\/01\/ALQUILER-ECOFLOW-RIVER-2-PRO-768-WH-WEVISION-01-300x150.png 300w, https:\/\/welabplus.com\/wevision\/wp-content\/uploads\/2026\/01\/ALQUILER-ECOFLOW-RIVER-2-PRO-768-WH-WEVISION-01-768x384.png 768w, https:\/\/welabplus.com\/wevision\/wp-content\/uploads\/2026\/01\/ALQUILER-ECOFLOW-RIVER-2-PRO-768-WH-WEVISION-01-600x300.png 600w\" sizes=\"auto, (max-width: 1000px) 100vw, 1000px\" \/><\/h3>\n<h3>Especificaciones T\u00e9cnicas de ECOFLOW RIVER 2 PRO 768 WH:<\/h3>\n<p><strong>Bater\u00eda:<\/strong><\/p>\n<ul>\n<li data-zone-id=\"0\" data-line-index=\"0\" data-line=\"true\"><strong>Capacidad:\u00a0<\/strong>768Wh.<\/li>\n<li data-zone-id=\"0\" data-line-index=\"0\" data-line=\"true\"><strong>Qu\u00edmica de las celdas: <\/strong>LFP.<\/li>\n<li data-zone-id=\"0\" data-line-index=\"0\" data-line=\"true\"><strong>Ciclos de vida \u00fatil:\u00a0<\/strong>3000 ciclos a m\u00e1s del 80 % de la capacidad.<\/li>\n<li data-zone-id=\"0\" data-line-index=\"0\" data-line=\"true\"><strong>Temperatura de descarga:\u00a0<\/strong>Entre -10\u00b0C y 45\u00b0C.<\/li>\n<li data-zone-id=\"0\" data-line-index=\"0\" data-line=\"true\"><strong>Temperatura de carga:\u00a0<\/strong>Entre 0 \u00b0C y 45 \u00b0C.<\/li>\n<li data-zone-id=\"0\" data-line-index=\"0\" data-line=\"true\"><strong>Temperatura de funcionamiento \u00f3ptima:\u00a0<\/strong>Entre 20 \u00b0C y 30 \u00b0C.<\/li>\n<li data-zone-id=\"0\" data-line-index=\"0\" data-line=\"true\"><strong>Temperatura de almacenamiento:\u00a0<\/strong>Entre -10\u00b0C y 45\u00b0C (lo mejor es entre 20\u00b0C y 30\u00b0C).<\/li>\n<\/ul>\n<p>&nbsp;<\/p>\n<p><strong>Puertos:<\/strong><\/p>\n<ul>\n<li data-zone-id=\"0\" data-line-index=\"0\" data-line=\"true\"><strong>Entrada de CA:\u00a0<\/strong>220-240V 50Hz\/60Hz, 870W M\u00e1x.<\/li>\n<li data-zone-id=\"0\" data-line-index=\"0\" data-line=\"true\"><strong>Entrada solar:\u00a0<\/strong>11-50V, 13A, 220W M\u00e1x.<\/li>\n<li data-zone-id=\"0\" data-line-index=\"0\" data-line=\"true\"><strong>Entrada de coche:\u00a0<\/strong>12V\/24V, 8A, 100W M\u00e1x.<\/li>\n<li data-zone-id=\"0\" data-line-index=\"0\" data-line=\"true\"><strong>Entrada\/Salida USB-C:\u00a0<\/strong>5\/9\/12\/15\/20V, 5A, 100W M\u00e1x.<\/li>\n<li data-zone-id=\"0\" data-line-index=\"0\" data-line=\"true\"><strong>Salida de CC:\u00a0<\/strong>12.6V, 10A\/3A\/3A, 126W M\u00e1x.<\/li>\n<li data-zone-id=\"0\" data-line-index=\"0\" data-line=\"true\"><strong>Salida USB-A:\u00a0<\/strong>5V, 2,4A, 12W M\u00e1x.<\/li>\n<li data-zone-id=\"0\" data-line-index=\"0\" data-line=\"true\"><strong>Salida de CA:\u00a0<\/strong>Onda sinusoidal pura, 500W total (m\u00e1ximo 1600W),230V~50Hz\/60Hz.<\/li>\n<\/ul>\n<p>&nbsp;<\/p>\n<p><strong>Tiempo de carga:<\/strong><\/p>\n<ul>\n<li data-zone-id=\"0\" data-line-index=\"0\" data-line=\"true\"><strong>Carga de CA:\u00a0<\/strong>0-80% en 56 minutos 0-100% en 70 minutos (940W Max).<\/li>\n<li data-zone-id=\"0\" data-line-index=\"0\" data-line=\"true\"><strong>Carga de coche:\u00a0<\/strong>9<strong>\u00a0<\/strong>hora.<\/li>\n<li data-zone-id=\"0\" data-line-index=\"0\" data-line=\"true\"><strong>Carga de USB-C:\u00a0<\/strong>9 horas.<\/li>\n<li data-zone-id=\"0\" data-line-index=\"0\" data-line=\"true\"><strong>Carga solar\u00a0<\/strong><a title=\"EcoFlow RIVER 2 Pro + Panel Solar Port\u00e1til de 220 W\" href=\"https:\/\/es.ecoflow.com\/products\/river-2-pro-220w-portable-solar-panel\" target=\"_blank\" rel=\"null noopener\" aria-describedby=\"a11y-new-window-message\" data-preorder-handle=\"river-2-pro-220w-portable-solar-panel\"><strong>(1x 220W panel solar port\u00e1til)<\/strong><\/a><strong>:\u00a0<\/strong>3,5 horas.<\/li>\n<\/ul>\n<p>&nbsp;<\/p>\n<p><strong>General:<\/strong><\/p>\n<ul>\n<li data-zone-id=\"0\" data-line-index=\"0\" data-line=\"true\"><strong>Peso neto:\u00a0<\/strong>Aproximadamente 7,8 kg.<\/li>\n<li data-zone-id=\"0\" data-line-index=\"0\" data-line=\"true\"><strong>Dimensiones:\u00a0<\/strong>270 x 260 x 226mm.<\/li>\n<li data-zone-id=\"0\" data-line-index=\"0\" data-line=\"true\"><strong>Control mediante aplicaci\u00f3n:\u00a0<\/strong>Wi-Fi, Bluetooth.<\/li>\n<\/ul>\n<div>\n<div class=\"\">\n<div>\n<div class=\"\">\n<p>&nbsp;<\/p>\n<\/div>\n<\/div>\n<hr \/>\n<div class=\"social-icon social-big\"><a href=\"https:\/\/www.facebook.com\/welabplus\/\" target=\"_blank\" title=\"\"><i class=\"fa fa-facebook\"><\/i><\/a><\/div>\n<div class=\"social-icon social-big\"><a href=\"https:\/\/twitter.com\/welabplus\" target=\"_blank\" title=\"\"><i class=\"fa fa-twitter\"><\/i><\/a><\/div>\n<div class=\"social-icon social-big\"><a href=\"https:\/\/www.instagram.com\/welabplus\/?hl=es\" target=\"_blank\" title=\"\"><i class=\"fa fa-instagram\"><\/i><\/a><\/div>\n<div class=\"social-icon social-big\"><a href=\"https:\/\/www.linkedin.com\/company\/welabplus\" target=\"_blank\" title=\"\"><i class=\"fa fa-linkedin\"><\/i><\/a><\/div>\n<\/div>\n<\/div>\n","protected":false},"excerpt":{"rendered":"<p>ECOFLOW RIVER 2 PRO 768 WH supera el est\u00e1ndar del sector en cuanto a velocidad de carga, alcanzando la carga [&hellip;]<\/p>\n","protected":false},"featured_media":28447,"comment_status":"closed","ping_status":"closed","template":"","meta":{"_acf_changed":false,"inline_featured_image":false},"product_brand":[],"product_cat":[7747],"product_tag":[7741,7742,7743,7744,7745],"class_list":{"0":"post-24591","1":"product","2":"type-product","3":"status-publish","4":"has-post-thumbnail","6":"product_cat-acumuladores","7":"product_tag-ecoflow-river-2-pro-768-wh","8":"product_tag-alquiler-ecoflow-river-2-pro-768-wh","9":"product_tag-alquiler-acumuladores","10":"product_tag-alquiler-acumuladores-ecoflow-river-2-pro-768-wh","11":"product_tag-alquiler-acumuladores-madrid","13":"first","14":"instock","15":"shipping-taxable","16":"purchasable","17":"product-type-simple"},"acf":[],"yoast_head":"<!-- This site is optimized with the Yoast SEO plugin v26.2 - https:\/\/yoast.com\/wordpress\/plugins\/seo\/ -->\n<title>ECOFLOW RIVER 2 PRO 768 WH - Wevision<\/title>\n<meta name=\"description\" content=\"Alquiler de ECOFLOW RIVER 2 PRO 768 WH en Wevision en Madrid y en las Islas Canarias para cine, publicidad, series, documentales, videoclips, largometraj...\" \/>\n<meta name=\"robots\" content=\"index, follow, max-snippet:-1, max-image-preview:large, max-video-preview:-1\" \/>\n<link rel=\"canonical\" href=\"https:\/\/welabplus.com\/wevision\/catalogo\/acumuladores\/ecoflow-river-2-pro-768-wh\/\" \/>\n<meta property=\"og:locale\" content=\"es_ES\" \/>\n<meta property=\"og:type\" content=\"article\" \/>\n<meta property=\"og:title\" content=\"ECOFLOW RIVER 2 PRO 768 WH - Wevision\" \/>\n<meta property=\"og:description\" content=\"Alquiler de ECOFLOW RIVER 2 PRO 768 WH en Wevision en Madrid y en las Islas Canarias para cine, publicidad, series, documentales, videoclips, largometraj...\" \/>\n<meta property=\"og:url\" content=\"https:\/\/welabplus.com\/wevision\/catalogo\/acumuladores\/ecoflow-river-2-pro-768-wh\/\" \/>\n<meta property=\"og:site_name\" content=\"Wevision\" \/>\n<meta property=\"article:publisher\" content=\"https:\/\/www.facebook.com\/welab.es\/\" \/>\n<meta property=\"article:modified_time\" content=\"2026-03-18T14:27:13+00:00\" \/>\n<meta property=\"og:image\" content=\"https:\/\/welabplus.com\/wevision\/wp-content\/uploads\/2025\/06\/ALQUILER-ECOFLOW-RIVER-2-PRO-768-WH-WEVISION.jpg\" \/>\n\t<meta property=\"og:image:width\" content=\"933\" \/>\n\t<meta property=\"og:image:height\" content=\"557\" \/>\n\t<meta property=\"og:image:type\" content=\"image\/jpeg\" \/>\n<meta name=\"twitter:card\" content=\"summary_large_image\" \/>\n<meta name=\"twitter:site\" content=\"@welabspain\" \/>\n<meta name=\"twitter:label1\" content=\"Tiempo de lectura\" \/>\n\t<meta name=\"twitter:data1\" content=\"2 minutos\" \/>\n<script type=\"application\/ld+json\" class=\"yoast-schema-graph\">{\"@context\":\"https:\/\/schema.org\",\"@graph\":[{\"@type\":\"WebPage\",\"@id\":\"https:\/\/welabplus.com\/wevision\/catalogo\/acumuladores\/ecoflow-river-2-pro-768-wh\/\",\"url\":\"https:\/\/welabplus.com\/wevision\/catalogo\/acumuladores\/ecoflow-river-2-pro-768-wh\/\",\"name\":\"ECOFLOW RIVER 2 PRO 768 WH - Wevision\",\"isPartOf\":{\"@id\":\"https:\/\/welabplus.com\/wevision\/#website\"},\"primaryImageOfPage\":{\"@id\":\"https:\/\/welabplus.com\/wevision\/catalogo\/acumuladores\/ecoflow-river-2-pro-768-wh\/#primaryimage\"},\"image\":{\"@id\":\"https:\/\/welabplus.com\/wevision\/catalogo\/acumuladores\/ecoflow-river-2-pro-768-wh\/#primaryimage\"},\"thumbnailUrl\":\"https:\/\/welabplus.com\/wevision\/wp-content\/uploads\/2025\/06\/ALQUILER-ECOFLOW-RIVER-2-PRO-768-WH-WEVISION.jpg\",\"datePublished\":\"2026-01-23T10:44:43+00:00\",\"dateModified\":\"2026-03-18T14:27:13+00:00\",\"description\":\"Alquiler de ECOFLOW RIVER 2 PRO 768 WH en Wevision en Madrid y en las Islas Canarias para cine, publicidad, series, documentales, videoclips, largometraj...\",\"breadcrumb\":{\"@id\":\"https:\/\/welabplus.com\/wevision\/catalogo\/acumuladores\/ecoflow-river-2-pro-768-wh\/#breadcrumb\"},\"inLanguage\":\"es\",\"potentialAction\":[{\"@type\":\"ReadAction\",\"target\":[\"https:\/\/welabplus.com\/wevision\/catalogo\/acumuladores\/ecoflow-river-2-pro-768-wh\/\"]}]},{\"@type\":\"ImageObject\",\"inLanguage\":\"es\",\"@id\":\"https:\/\/welabplus.com\/wevision\/catalogo\/acumuladores\/ecoflow-river-2-pro-768-wh\/#primaryimage\",\"url\":\"https:\/\/welabplus.com\/wevision\/wp-content\/uploads\/2025\/06\/ALQUILER-ECOFLOW-RIVER-2-PRO-768-WH-WEVISION.jpg\",\"contentUrl\":\"https:\/\/welabplus.com\/wevision\/wp-content\/uploads\/2025\/06\/ALQUILER-ECOFLOW-RIVER-2-PRO-768-WH-WEVISION.jpg\",\"width\":933,\"height\":557,\"caption\":\"ALQUILER ECOFLOW RIVER 2 PRO 768 WH WEVISION\"},{\"@type\":\"BreadcrumbList\",\"@id\":\"https:\/\/welabplus.com\/wevision\/catalogo\/acumuladores\/ecoflow-river-2-pro-768-wh\/#breadcrumb\",\"itemListElement\":[{\"@type\":\"ListItem\",\"position\":1,\"name\":\"Portada\",\"item\":\"https:\/\/welabplus.com\/wevision\/\"},{\"@type\":\"ListItem\",\"position\":2,\"name\":\"Cat\u00e1logo\",\"item\":\"https:\/\/welabplus.com\/wevision\/catalogo\/\"},{\"@type\":\"ListItem\",\"position\":3,\"name\":\"ECOFLOW RIVER 2 PRO 768 WH\"}]},{\"@type\":\"WebSite\",\"@id\":\"https:\/\/welabplus.com\/wevision\/#website\",\"url\":\"https:\/\/welabplus.com\/wevision\/\",\"name\":\"Welabplus\",\"description\":\"C\u00e1maras y lentes para cine\",\"publisher\":{\"@id\":\"https:\/\/welabplus.com\/wevision\/#organization\"},\"potentialAction\":[{\"@type\":\"SearchAction\",\"target\":{\"@type\":\"EntryPoint\",\"urlTemplate\":\"https:\/\/welabplus.com\/wevision\/?s={search_term_string}\"},\"query-input\":{\"@type\":\"PropertyValueSpecification\",\"valueRequired\":true,\"valueName\":\"search_term_string\"}}],\"inLanguage\":\"es\"},{\"@type\":\"Organization\",\"@id\":\"https:\/\/welabplus.com\/wevision\/#organization\",\"name\":\"Welab Canary Islands\",\"url\":\"https:\/\/welabplus.com\/wevision\/\",\"logo\":{\"@type\":\"ImageObject\",\"inLanguage\":\"es\",\"@id\":\"https:\/\/welabplus.com\/wevision\/#\/schema\/logo\/image\/\",\"url\":\"\",\"contentUrl\":\"\",\"caption\":\"Welab Canary Islands\"},\"image\":{\"@id\":\"https:\/\/welabplus.com\/wevision\/#\/schema\/logo\/image\/\"},\"sameAs\":[\"https:\/\/www.facebook.com\/welab.es\/\",\"https:\/\/x.com\/welabspain\"]}]}<\/script>\n<!-- \/ Yoast SEO plugin. -->","yoast_head_json":{"title":"ECOFLOW RIVER 2 PRO 768 WH - Wevision","description":"Alquiler de ECOFLOW RIVER 2 PRO 768 WH en Wevision en Madrid y en las Islas Canarias para cine, publicidad, series, documentales, videoclips, largometraj...","robots":{"index":"index","follow":"follow","max-snippet":"max-snippet:-1","max-image-preview":"max-image-preview:large","max-video-preview":"max-video-preview:-1"},"canonical":"https:\/\/welabplus.com\/wevision\/catalogo\/acumuladores\/ecoflow-river-2-pro-768-wh\/","og_locale":"es_ES","og_type":"article","og_title":"ECOFLOW RIVER 2 PRO 768 WH - Wevision","og_description":"Alquiler de ECOFLOW RIVER 2 PRO 768 WH en Wevision en Madrid y en las Islas Canarias para cine, publicidad, series, documentales, videoclips, largometraj...","og_url":"https:\/\/welabplus.com\/wevision\/catalogo\/acumuladores\/ecoflow-river-2-pro-768-wh\/","og_site_name":"Wevision","article_publisher":"https:\/\/www.facebook.com\/welab.es\/","article_modified_time":"2026-03-18T14:27:13+00:00","og_image":[{"width":933,"height":557,"url":"https:\/\/welabplus.com\/wevision\/wp-content\/uploads\/2025\/06\/ALQUILER-ECOFLOW-RIVER-2-PRO-768-WH-WEVISION.jpg","type":"image\/jpeg"}],"twitter_card":"summary_large_image","twitter_site":"@welabspain","twitter_misc":{"Tiempo de lectura":"2 minutos"},"schema":{"@context":"https:\/\/schema.org","@graph":[{"@type":"WebPage","@id":"https:\/\/welabplus.com\/wevision\/catalogo\/acumuladores\/ecoflow-river-2-pro-768-wh\/","url":"https:\/\/welabplus.com\/wevision\/catalogo\/acumuladores\/ecoflow-river-2-pro-768-wh\/","name":"ECOFLOW RIVER 2 PRO 768 WH - Wevision","isPartOf":{"@id":"https:\/\/welabplus.com\/wevision\/#website"},"primaryImageOfPage":{"@id":"https:\/\/welabplus.com\/wevision\/catalogo\/acumuladores\/ecoflow-river-2-pro-768-wh\/#primaryimage"},"image":{"@id":"https:\/\/welabplus.com\/wevision\/catalogo\/acumuladores\/ecoflow-river-2-pro-768-wh\/#primaryimage"},"thumbnailUrl":"https:\/\/welabplus.com\/wevision\/wp-content\/uploads\/2025\/06\/ALQUILER-ECOFLOW-RIVER-2-PRO-768-WH-WEVISION.jpg","datePublished":"2026-01-23T10:44:43+00:00","dateModified":"2026-03-18T14:27:13+00:00","description":"Alquiler de ECOFLOW RIVER 2 PRO 768 WH en Wevision en Madrid y en las Islas Canarias para cine, publicidad, series, documentales, videoclips, largometraj...","breadcrumb":{"@id":"https:\/\/welabplus.com\/wevision\/catalogo\/acumuladores\/ecoflow-river-2-pro-768-wh\/#breadcrumb"},"inLanguage":"es","potentialAction":[{"@type":"ReadAction","target":["https:\/\/welabplus.com\/wevision\/catalogo\/acumuladores\/ecoflow-river-2-pro-768-wh\/"]}]},{"@type":"ImageObject","inLanguage":"es","@id":"https:\/\/welabplus.com\/wevision\/catalogo\/acumuladores\/ecoflow-river-2-pro-768-wh\/#primaryimage","url":"https:\/\/welabplus.com\/wevision\/wp-content\/uploads\/2025\/06\/ALQUILER-ECOFLOW-RIVER-2-PRO-768-WH-WEVISION.jpg","contentUrl":"https:\/\/welabplus.com\/wevision\/wp-content\/uploads\/2025\/06\/ALQUILER-ECOFLOW-RIVER-2-PRO-768-WH-WEVISION.jpg","width":933,"height":557,"caption":"ALQUILER ECOFLOW RIVER 2 PRO 768 WH WEVISION"},{"@type":"BreadcrumbList","@id":"https:\/\/welabplus.com\/wevision\/catalogo\/acumuladores\/ecoflow-river-2-pro-768-wh\/#breadcrumb","itemListElement":[{"@type":"ListItem","position":1,"name":"Portada","item":"https:\/\/welabplus.com\/wevision\/"},{"@type":"ListItem","position":2,"name":"Cat\u00e1logo","item":"https:\/\/welabplus.com\/wevision\/catalogo\/"},{"@type":"ListItem","position":3,"name":"ECOFLOW RIVER 2 PRO 768 WH"}]},{"@type":"WebSite","@id":"https:\/\/welabplus.com\/wevision\/#website","url":"https:\/\/welabplus.com\/wevision\/","name":"Welabplus","description":"C\u00e1maras y lentes para cine","publisher":{"@id":"https:\/\/welabplus.com\/wevision\/#organization"},"potentialAction":[{"@type":"SearchAction","target":{"@type":"EntryPoint","urlTemplate":"https:\/\/welabplus.com\/wevision\/?s={search_term_string}"},"query-input":{"@type":"PropertyValueSpecification","valueRequired":true,"valueName":"search_term_string"}}],"inLanguage":"es"},{"@type":"Organization","@id":"https:\/\/welabplus.com\/wevision\/#organization","name":"Welab Canary Islands","url":"https:\/\/welabplus.com\/wevision\/","logo":{"@type":"ImageObject","inLanguage":"es","@id":"https:\/\/welabplus.com\/wevision\/#\/schema\/logo\/image\/","url":"","contentUrl":"","caption":"Welab Canary Islands"},"image":{"@id":"https:\/\/welabplus.com\/wevision\/#\/schema\/logo\/image\/"},"sameAs":["https:\/\/www.facebook.com\/welab.es\/","https:\/\/x.com\/welabspain"]}]}},"_links":{"self":[{"href":"https:\/\/welabplus.com\/wevision\/wp-json\/wp\/v2\/product\/24591","targetHints":{"allow":["GET"]}}],"collection":[{"href":"https:\/\/welabplus.com\/wevision\/wp-json\/wp\/v2\/product"}],"about":[{"href":"https:\/\/welabplus.com\/wevision\/wp-json\/wp\/v2\/types\/product"}],"replies":[{"embeddable":true,"href":"https:\/\/welabplus.com\/wevision\/wp-json\/wp\/v2\/comments?post=24591"}],"wp:featuredmedia":[{"embeddable":true,"href":"https:\/\/welabplus.com\/wevision\/wp-json\/wp\/v2\/media\/28447"}],"wp:attachment":[{"href":"https:\/\/welabplus.com\/wevision\/wp-json\/wp\/v2\/media?parent=24591"}],"wp:term":[{"taxonomy":"product_brand","embeddable":true,"href":"https:\/\/welabplus.com\/wevision\/wp-json\/wp\/v2\/product_brand?post=24591"},{"taxonomy":"product_cat","embeddable":true,"href":"https:\/\/welabplus.com\/wevision\/wp-json\/wp\/v2\/product_cat?post=24591"},{"taxonomy":"product_tag","embeddable":true,"href":"https:\/\/welabplus.com\/wevision\/wp-json\/wp\/v2\/product_tag?post=24591"}],"curies":[{"name":"wp","href":"https:\/\/api.w.org\/{rel}","templated":true}]}}