{"id":21484,"date":"2025-11-06T10:27:29","date_gmt":"2025-11-06T09:27:29","guid":{"rendered":"https:\/\/welabplus.com\/wevision\/?post_type=product&#038;p=21484"},"modified":"2025-11-18T13:20:13","modified_gmt":"2025-11-18T12:20:13","slug":"tripode-jirafa-k-stand","status":"publish","type":"product","link":"https:\/\/welabplus.com\/wevision\/catalogo\/soporte-rigging\/tripodes-soporte-rigging\/tripode-jirafa-k-stand\/","title":{"rendered":"TRIPODE JIRAFA K STAND"},"content":{"rendered":"<p>El soporte<strong> TRIPODE JIRAFA K STAND\u00a0<\/strong>con 3 elevadores y 4 secciones es un soporte de jirafa junior con una pata niveladora. Adem\u00e1s de ser un soporte de iluminaci\u00f3n est\u00e1ndar para uso general, se puede convertir f\u00e1cilmente en un brazo de jirafa junior sacando el tubo central del soporte. Con una construcci\u00f3n robusta de acero cromado, patas de extremo cuadrado y un fuerte collar pivotante, el soporte Kupo K ofrece el soporte m\u00e1s estable para un dispositivo de iluminaci\u00f3n de tama\u00f1o mediano con una caja de luz o paraguas.<\/p>\n<p>&nbsp;<\/p>\n<p>El brazo de jirafa puede soportar 29,9 kg en su extensi\u00f3n m\u00ednima de 1,5 m del m\u00e1stil de jirafa y 8 kg en su extensi\u00f3n m\u00e1xima de <strong>2,7 m.<\/strong> El soporte Kupo K tambi\u00e9n est\u00e1 equipado con una pata niveladora para equilibrar las cargas en terrenos irregulares, lo que lo hace tan c\u00f3modo en el campo como en el estudio.<\/p>\n<p>&nbsp;<\/p>\n<h3>Especificaciones T\u00e9cnicas del TRIPODE JIRAFA K STAND:<\/h3>\n<table class=\"table-product-2-colonne-genrale\" style=\"width: 651px;\">\n<tbody>\n<tr>\n<td><strong>Peso<\/strong><\/td>\n<td>16,1 kilogramos<\/td>\n<\/tr>\n<tr>\n<td><strong>Capacidad de carga<\/strong><\/td>\n<td>30 kilos<\/td>\n<\/tr>\n<tr>\n<td><strong>Longitud m\u00ednima<\/strong><\/td>\n<td>166 cent\u00edmetros<\/td>\n<\/tr>\n<tr>\n<td><strong>Longitud m\u00e1xima<\/strong><\/td>\n<td>510 cent\u00edmetros<\/td>\n<\/tr>\n<tr>\n<td><strong>Di\u00e1metro de la base<\/strong><\/td>\n<td>134 cent\u00edmetros<\/td>\n<\/tr>\n<tr>\n<td><strong>Longitud cerrada<\/strong><\/td>\n<td>160 cent\u00edmetros<\/td>\n<\/tr>\n<tr>\n<td><strong>Material<\/strong><\/td>\n<td>Acero cromado<\/td>\n<\/tr>\n<tr>\n<td><strong>Adjunto<\/strong><\/td>\n<td>1 x 1-1\/8\u2033 \u2013 29 mm \u2013 receptor junior<br \/>\n1 x 5\/8\u2033 \u2013 16,2 mm \u2013 receptor baby<br \/>\n1 x 5\/8\u2033 \u2013 16 mm \u2013 perno baby<\/td>\n<\/tr>\n<tr>\n<td><strong>Ruedas compatibles<\/strong><\/td>\n<td>KC-215S<\/td>\n<\/tr>\n<\/tbody>\n<\/table>\n<div>\n<p>&nbsp;<\/p>\n<div class=\"\">\n<div class=\"\">\n<hr \/>\n<div class=\"social-icon social-big\"><a href=\"https:\/\/www.facebook.com\/welabplus\/\" target=\"_blank\" title=\"\"><i class=\"fa fa-facebook\"><\/i><\/a><\/div>\n<div class=\"social-icon social-big\"><a href=\"https:\/\/twitter.com\/welabplus\" target=\"_blank\" title=\"\"><i class=\"fa fa-twitter\"><\/i><\/a><\/div>\n<div class=\"social-icon social-big\"><a href=\"https:\/\/www.instagram.com\/welabplus\/?hl=es\" target=\"_blank\" title=\"\"><i class=\"fa fa-instagram\"><\/i><\/a><\/div>\n<div class=\"social-icon social-big\"><a href=\"https:\/\/www.linkedin.com\/company\/welabplus\" target=\"_blank\" title=\"\"><i class=\"fa fa-linkedin\"><\/i><\/a><\/div>\n<\/div>\n<\/div>\n<\/div>\n","protected":false},"excerpt":{"rendered":"<p>El soporte TRIPODE JIRAFA K STAND\u00a0con 3 elevadores y 4 secciones es un soporte de jirafa junior con una pata [&hellip;]<\/p>\n","protected":false},"featured_media":28080,"comment_status":"closed","ping_status":"closed","template":"","meta":{"_acf_changed":false,"inline_featured_image":false},"product_brand":[],"product_cat":[6004],"product_tag":[6413],"class_list":{"0":"post-21484","1":"product","2":"type-product","3":"status-publish","4":"has-post-thumbnail","6":"product_cat-tripodes-soporte-rigging","7":"product_tag-alquiler-tripode-jirafa-k-stand","9":"first","10":"instock","11":"shipping-taxable","12":"purchasable","13":"product-type-simple"},"acf":[],"yoast_head":"<!-- This site is optimized with the Yoast SEO plugin v26.2 - https:\/\/yoast.com\/wordpress\/plugins\/seo\/ -->\n<title>TRIPODE JIRAFA K STAND - Welabplus<\/title>\n<meta name=\"description\" content=\"Alquiler de TRIPODE JIRAFA K STAND en Welab en Madrid y en las Islas Canarias, para cine publicidad, series, documentales, videoclips...\" \/>\n<meta name=\"robots\" content=\"index, follow, max-snippet:-1, max-image-preview:large, max-video-preview:-1\" \/>\n<link rel=\"canonical\" href=\"https:\/\/welabplus.com\/wevision\/catalogo\/soporte-rigging\/tripodes-soporte-rigging\/tripode-jirafa-k-stand\/\" \/>\n<meta property=\"og:locale\" content=\"es_ES\" \/>\n<meta property=\"og:type\" content=\"article\" \/>\n<meta property=\"og:title\" content=\"TRIPODE JIRAFA K STAND - Welabplus\" \/>\n<meta property=\"og:description\" content=\"Alquiler de TRIPODE JIRAFA K STAND en Welab en Madrid y en las Islas Canarias, para cine publicidad, series, documentales, videoclips...\" \/>\n<meta property=\"og:url\" content=\"https:\/\/welabplus.com\/wevision\/catalogo\/soporte-rigging\/tripodes-soporte-rigging\/tripode-jirafa-k-stand\/\" \/>\n<meta property=\"og:site_name\" content=\"Wevision\" \/>\n<meta property=\"article:publisher\" content=\"https:\/\/www.facebook.com\/welab.es\/\" \/>\n<meta property=\"article:modified_time\" content=\"2025-11-18T12:20:13+00:00\" \/>\n<meta property=\"og:image\" content=\"https:\/\/welabplus.com\/wevision\/wp-content\/uploads\/2025\/11\/ALQULER-TRIPODE-JIRAFA-K-STAND-WEVISION_WELABPLUS.jpg\" \/>\n\t<meta property=\"og:image:width\" content=\"933\" \/>\n\t<meta property=\"og:image:height\" content=\"557\" \/>\n\t<meta property=\"og:image:type\" content=\"image\/jpeg\" \/>\n<meta name=\"twitter:card\" content=\"summary_large_image\" \/>\n<meta name=\"twitter:site\" content=\"@welabspain\" \/>\n<meta name=\"twitter:label1\" content=\"Tiempo de lectura\" \/>\n\t<meta name=\"twitter:data1\" content=\"2 minutos\" \/>\n<script type=\"application\/ld+json\" class=\"yoast-schema-graph\">{\"@context\":\"https:\/\/schema.org\",\"@graph\":[{\"@type\":\"WebPage\",\"@id\":\"https:\/\/welabplus.com\/wevision\/catalogo\/soporte-rigging\/tripodes-soporte-rigging\/tripode-jirafa-k-stand\/\",\"url\":\"https:\/\/welabplus.com\/wevision\/catalogo\/soporte-rigging\/tripodes-soporte-rigging\/tripode-jirafa-k-stand\/\",\"name\":\"TRIPODE JIRAFA K STAND - Welabplus\",\"isPartOf\":{\"@id\":\"https:\/\/welabplus.com\/wevision\/#website\"},\"primaryImageOfPage\":{\"@id\":\"https:\/\/welabplus.com\/wevision\/catalogo\/soporte-rigging\/tripodes-soporte-rigging\/tripode-jirafa-k-stand\/#primaryimage\"},\"image\":{\"@id\":\"https:\/\/welabplus.com\/wevision\/catalogo\/soporte-rigging\/tripodes-soporte-rigging\/tripode-jirafa-k-stand\/#primaryimage\"},\"thumbnailUrl\":\"https:\/\/welabplus.com\/wevision\/wp-content\/uploads\/2025\/11\/ALQULER-TRIPODE-JIRAFA-K-STAND-WEVISION_WELABPLUS.jpg\",\"datePublished\":\"2025-11-06T09:27:29+00:00\",\"dateModified\":\"2025-11-18T12:20:13+00:00\",\"description\":\"Alquiler de TRIPODE JIRAFA K STAND en Welab en Madrid y en las Islas Canarias, para cine publicidad, series, documentales, videoclips...\",\"breadcrumb\":{\"@id\":\"https:\/\/welabplus.com\/wevision\/catalogo\/soporte-rigging\/tripodes-soporte-rigging\/tripode-jirafa-k-stand\/#breadcrumb\"},\"inLanguage\":\"es\",\"potentialAction\":[{\"@type\":\"ReadAction\",\"target\":[\"https:\/\/welabplus.com\/wevision\/catalogo\/soporte-rigging\/tripodes-soporte-rigging\/tripode-jirafa-k-stand\/\"]}]},{\"@type\":\"ImageObject\",\"inLanguage\":\"es\",\"@id\":\"https:\/\/welabplus.com\/wevision\/catalogo\/soporte-rigging\/tripodes-soporte-rigging\/tripode-jirafa-k-stand\/#primaryimage\",\"url\":\"https:\/\/welabplus.com\/wevision\/wp-content\/uploads\/2025\/11\/ALQULER-TRIPODE-JIRAFA-K-STAND-WEVISION_WELABPLUS.jpg\",\"contentUrl\":\"https:\/\/welabplus.com\/wevision\/wp-content\/uploads\/2025\/11\/ALQULER-TRIPODE-JIRAFA-K-STAND-WEVISION_WELABPLUS.jpg\",\"width\":933,\"height\":557,\"caption\":\"ALQUILER TRIPODE JIRAFA K STAND WEVISION WELABPLUS\"},{\"@type\":\"BreadcrumbList\",\"@id\":\"https:\/\/welabplus.com\/wevision\/catalogo\/soporte-rigging\/tripodes-soporte-rigging\/tripode-jirafa-k-stand\/#breadcrumb\",\"itemListElement\":[{\"@type\":\"ListItem\",\"position\":1,\"name\":\"Portada\",\"item\":\"https:\/\/welabplus.com\/wevision\/\"},{\"@type\":\"ListItem\",\"position\":2,\"name\":\"Cat\u00e1logo\",\"item\":\"https:\/\/welabplus.com\/wevision\/catalogo\/\"},{\"@type\":\"ListItem\",\"position\":3,\"name\":\"TRIPODE JIRAFA K STAND\"}]},{\"@type\":\"WebSite\",\"@id\":\"https:\/\/welabplus.com\/wevision\/#website\",\"url\":\"https:\/\/welabplus.com\/wevision\/\",\"name\":\"Welabplus\",\"description\":\"C\u00e1maras y lentes para cine\",\"publisher\":{\"@id\":\"https:\/\/welabplus.com\/wevision\/#organization\"},\"potentialAction\":[{\"@type\":\"SearchAction\",\"target\":{\"@type\":\"EntryPoint\",\"urlTemplate\":\"https:\/\/welabplus.com\/wevision\/?s={search_term_string}\"},\"query-input\":{\"@type\":\"PropertyValueSpecification\",\"valueRequired\":true,\"valueName\":\"search_term_string\"}}],\"inLanguage\":\"es\"},{\"@type\":\"Organization\",\"@id\":\"https:\/\/welabplus.com\/wevision\/#organization\",\"name\":\"Welab Canary Islands\",\"url\":\"https:\/\/welabplus.com\/wevision\/\",\"logo\":{\"@type\":\"ImageObject\",\"inLanguage\":\"es\",\"@id\":\"https:\/\/welabplus.com\/wevision\/#\/schema\/logo\/image\/\",\"url\":\"\",\"contentUrl\":\"\",\"caption\":\"Welab Canary Islands\"},\"image\":{\"@id\":\"https:\/\/welabplus.com\/wevision\/#\/schema\/logo\/image\/\"},\"sameAs\":[\"https:\/\/www.facebook.com\/welab.es\/\",\"https:\/\/x.com\/welabspain\"]}]}<\/script>\n<!-- \/ Yoast SEO plugin. -->","yoast_head_json":{"title":"TRIPODE JIRAFA K STAND - Welabplus","description":"Alquiler de TRIPODE JIRAFA K STAND en Welab en Madrid y en las Islas Canarias, para cine publicidad, series, documentales, videoclips...","robots":{"index":"index","follow":"follow","max-snippet":"max-snippet:-1","max-image-preview":"max-image-preview:large","max-video-preview":"max-video-preview:-1"},"canonical":"https:\/\/welabplus.com\/wevision\/catalogo\/soporte-rigging\/tripodes-soporte-rigging\/tripode-jirafa-k-stand\/","og_locale":"es_ES","og_type":"article","og_title":"TRIPODE JIRAFA K STAND - Welabplus","og_description":"Alquiler de TRIPODE JIRAFA K STAND en Welab en Madrid y en las Islas Canarias, para cine publicidad, series, documentales, videoclips...","og_url":"https:\/\/welabplus.com\/wevision\/catalogo\/soporte-rigging\/tripodes-soporte-rigging\/tripode-jirafa-k-stand\/","og_site_name":"Wevision","article_publisher":"https:\/\/www.facebook.com\/welab.es\/","article_modified_time":"2025-11-18T12:20:13+00:00","og_image":[{"width":933,"height":557,"url":"https:\/\/welabplus.com\/wevision\/wp-content\/uploads\/2025\/11\/ALQULER-TRIPODE-JIRAFA-K-STAND-WEVISION_WELABPLUS.jpg","type":"image\/jpeg"}],"twitter_card":"summary_large_image","twitter_site":"@welabspain","twitter_misc":{"Tiempo de lectura":"2 minutos"},"schema":{"@context":"https:\/\/schema.org","@graph":[{"@type":"WebPage","@id":"https:\/\/welabplus.com\/wevision\/catalogo\/soporte-rigging\/tripodes-soporte-rigging\/tripode-jirafa-k-stand\/","url":"https:\/\/welabplus.com\/wevision\/catalogo\/soporte-rigging\/tripodes-soporte-rigging\/tripode-jirafa-k-stand\/","name":"TRIPODE JIRAFA K STAND - Welabplus","isPartOf":{"@id":"https:\/\/welabplus.com\/wevision\/#website"},"primaryImageOfPage":{"@id":"https:\/\/welabplus.com\/wevision\/catalogo\/soporte-rigging\/tripodes-soporte-rigging\/tripode-jirafa-k-stand\/#primaryimage"},"image":{"@id":"https:\/\/welabplus.com\/wevision\/catalogo\/soporte-rigging\/tripodes-soporte-rigging\/tripode-jirafa-k-stand\/#primaryimage"},"thumbnailUrl":"https:\/\/welabplus.com\/wevision\/wp-content\/uploads\/2025\/11\/ALQULER-TRIPODE-JIRAFA-K-STAND-WEVISION_WELABPLUS.jpg","datePublished":"2025-11-06T09:27:29+00:00","dateModified":"2025-11-18T12:20:13+00:00","description":"Alquiler de TRIPODE JIRAFA K STAND en Welab en Madrid y en las Islas Canarias, para cine publicidad, series, documentales, videoclips...","breadcrumb":{"@id":"https:\/\/welabplus.com\/wevision\/catalogo\/soporte-rigging\/tripodes-soporte-rigging\/tripode-jirafa-k-stand\/#breadcrumb"},"inLanguage":"es","potentialAction":[{"@type":"ReadAction","target":["https:\/\/welabplus.com\/wevision\/catalogo\/soporte-rigging\/tripodes-soporte-rigging\/tripode-jirafa-k-stand\/"]}]},{"@type":"ImageObject","inLanguage":"es","@id":"https:\/\/welabplus.com\/wevision\/catalogo\/soporte-rigging\/tripodes-soporte-rigging\/tripode-jirafa-k-stand\/#primaryimage","url":"https:\/\/welabplus.com\/wevision\/wp-content\/uploads\/2025\/11\/ALQULER-TRIPODE-JIRAFA-K-STAND-WEVISION_WELABPLUS.jpg","contentUrl":"https:\/\/welabplus.com\/wevision\/wp-content\/uploads\/2025\/11\/ALQULER-TRIPODE-JIRAFA-K-STAND-WEVISION_WELABPLUS.jpg","width":933,"height":557,"caption":"ALQUILER TRIPODE JIRAFA K STAND WEVISION WELABPLUS"},{"@type":"BreadcrumbList","@id":"https:\/\/welabplus.com\/wevision\/catalogo\/soporte-rigging\/tripodes-soporte-rigging\/tripode-jirafa-k-stand\/#breadcrumb","itemListElement":[{"@type":"ListItem","position":1,"name":"Portada","item":"https:\/\/welabplus.com\/wevision\/"},{"@type":"ListItem","position":2,"name":"Cat\u00e1logo","item":"https:\/\/welabplus.com\/wevision\/catalogo\/"},{"@type":"ListItem","position":3,"name":"TRIPODE JIRAFA K STAND"}]},{"@type":"WebSite","@id":"https:\/\/welabplus.com\/wevision\/#website","url":"https:\/\/welabplus.com\/wevision\/","name":"Welabplus","description":"C\u00e1maras y lentes para cine","publisher":{"@id":"https:\/\/welabplus.com\/wevision\/#organization"},"potentialAction":[{"@type":"SearchAction","target":{"@type":"EntryPoint","urlTemplate":"https:\/\/welabplus.com\/wevision\/?s={search_term_string}"},"query-input":{"@type":"PropertyValueSpecification","valueRequired":true,"valueName":"search_term_string"}}],"inLanguage":"es"},{"@type":"Organization","@id":"https:\/\/welabplus.com\/wevision\/#organization","name":"Welab Canary Islands","url":"https:\/\/welabplus.com\/wevision\/","logo":{"@type":"ImageObject","inLanguage":"es","@id":"https:\/\/welabplus.com\/wevision\/#\/schema\/logo\/image\/","url":"","contentUrl":"","caption":"Welab Canary Islands"},"image":{"@id":"https:\/\/welabplus.com\/wevision\/#\/schema\/logo\/image\/"},"sameAs":["https:\/\/www.facebook.com\/welab.es\/","https:\/\/x.com\/welabspain"]}]}},"_links":{"self":[{"href":"https:\/\/welabplus.com\/wevision\/wp-json\/wp\/v2\/product\/21484","targetHints":{"allow":["GET"]}}],"collection":[{"href":"https:\/\/welabplus.com\/wevision\/wp-json\/wp\/v2\/product"}],"about":[{"href":"https:\/\/welabplus.com\/wevision\/wp-json\/wp\/v2\/types\/product"}],"replies":[{"embeddable":true,"href":"https:\/\/welabplus.com\/wevision\/wp-json\/wp\/v2\/comments?post=21484"}],"wp:featuredmedia":[{"embeddable":true,"href":"https:\/\/welabplus.com\/wevision\/wp-json\/wp\/v2\/media\/28080"}],"wp:attachment":[{"href":"https:\/\/welabplus.com\/wevision\/wp-json\/wp\/v2\/media?parent=21484"}],"wp:term":[{"taxonomy":"product_brand","embeddable":true,"href":"https:\/\/welabplus.com\/wevision\/wp-json\/wp\/v2\/product_brand?post=21484"},{"taxonomy":"product_cat","embeddable":true,"href":"https:\/\/welabplus.com\/wevision\/wp-json\/wp\/v2\/product_cat?post=21484"},{"taxonomy":"product_tag","embeddable":true,"href":"https:\/\/welabplus.com\/wevision\/wp-json\/wp\/v2\/product_tag?post=21484"}],"curies":[{"name":"wp","href":"https:\/\/api.w.org\/{rel}","templated":true}]}}