{"id":21429,"date":"2025-11-06T10:24:48","date_gmt":"2025-11-06T09:24:48","guid":{"rendered":"https:\/\/welabplus.com\/wevision\/?post_type=product&#038;p=21429"},"modified":"2025-11-18T12:46:30","modified_gmt":"2025-11-18T11:46:30","slug":"rotolight-neo","status":"publish","type":"product","link":"https:\/\/welabplus.com\/wevision\/catalogo\/led\/antorchas\/rotolight-neo\/","title":{"rendered":"ROTOLIGHT NEO"},"content":{"rendered":"<section id=\"description\" class=\"mar-top-15\"><strong>Rotolight NEO<\/strong>\u00a0es un revolucionario dispositivo de iluminaci\u00f3n LED que se puede usar en c\u00e1mara o en cualquier ubicaci\u00f3n del set de rodaje. Est\u00e1 dise\u00f1ado para cumplir las expectativas de los profesionales m\u00e1s exigentes. El sistema de\u00a0<strong>LED bicolor con AccuColour<\/strong>\u00a0proporciona una implementaci\u00f3n del color excelente (CRI:95+), adem\u00e1s de un color personalizable en cualquier momento gracias al preciso display de temperatura de color (<strong>CCT<\/strong>). Se puede alimentar mediante 6 pilas tipo AA, adaptador de corriente AC\/DC o cable D-Tap y ofrece un rendimiento l\u00edder en el sector de\u00a0<strong>1077 Lux a 3 pies<\/strong>\u00a0(91,44 cm.), a la vez que emite una luz suave y el reconocido efecto de \u00abanillo de luz\u00bb.Dispone de control dual para regular tanto la potencia de luz (dimmer) como la temperatura de color. Es un accesorio perfecto tanto para grabaciones de v\u00eddeo como para fotograf\u00eda.&nbsp;<\/p>\n<h3>Caracter\u00edsticas T\u00e9cnicas del ROTOLIGHT NEO:<\/h3>\n<ul>\n<li>Bi-color (6300K-3200K); salida de luz suave con \u00e1ngulo de 50\u00ba.<\/li>\n<li>Potente salida de luz hasta 1077 Lux a 3 pies (91,44 cm.)<\/li>\n<li><strong>Tecnolog\u00eda AccuColour:<\/strong>\u00a0CRI&gt;95, Skin Tone &gt;99, TLCI &gt;91<\/li>\n<li>Modos\u00a0<strong>True Aperture Dimming<\/strong>,\u00a0<strong>CineSFX<\/strong>\u00a0y\u00a0<strong>Designer Fade<\/strong>.<\/li>\n<li>Sin parpadeo (flicker free) a cualquier frecuencia de fotogramas por segundo o velocidad de obturaci\u00f3n.<\/li>\n<li>Alimentaci\u00f3n con 6 pilas tipo AA (3 horas de duraci\u00f3n), adaptador de corriente AC (incluido), o cable D-TAP (no incluido).<\/li>\n<\/ul>\n<p>&nbsp;<\/p>\n<h3>Otras especificaciones:<\/h3>\n<ul>\n<li>Perfecto para\u00a0<strong>v\u00eddeo, cine y fotograf\u00eda<\/strong>.<\/li>\n<li>Dos potenci\u00f3metros giratorios para controles precisos de temperatura de color y brillo.<\/li>\n<li>Adaptador de c\u00e1mara y roscas de 1\/4&#8243; para soportes de iluminaci\u00f3n en set.<\/li>\n<\/ul>\n<p>&nbsp;<\/p>\n<h3>El alquiler de Rotolight NEO incluye:<\/h3>\n<ul>\n<li>Adaptador de corriente (AC\/DC).<\/li>\n<li>Adaptador a zapata c\u00e1mara.<\/li>\n<li>Set de 4 filtros.<\/li>\n<li>Bolsa de transporte.<\/li>\n<\/ul>\n<\/section>\n<div id=\"attachment_21433\" style=\"width: 1034px\" class=\"wp-caption aligncenter\"><img loading=\"lazy\" decoding=\"async\" aria-describedby=\"caption-attachment-21433\" class=\"wp-image-21433 size-full\" src=\"https:\/\/welabplus.com\/wevision\/wp-content\/uploads\/2023\/02\/ROTOLIGHT-NEO-1.jpg\" alt=\"ALQUILER ROTOLIGHT NEO WELABPLUS\" width=\"1024\" height=\"609\" srcset=\"https:\/\/welabplus.com\/wevision\/wp-content\/uploads\/2023\/02\/ROTOLIGHT-NEO-1.jpg 1024w, https:\/\/welabplus.com\/wevision\/wp-content\/uploads\/2023\/02\/ROTOLIGHT-NEO-1-300x178.jpg 300w, https:\/\/welabplus.com\/wevision\/wp-content\/uploads\/2023\/02\/ROTOLIGHT-NEO-1-768x457.jpg 768w, https:\/\/welabplus.com\/wevision\/wp-content\/uploads\/2023\/02\/ROTOLIGHT-NEO-1-600x357.jpg 600w\" sizes=\"auto, (max-width: 1024px) 100vw, 1024px\" \/><p id=\"caption-attachment-21433\" class=\"wp-caption-text\"><em>Rotolight NEO ahora en alquiler<\/em><\/p><\/div>\n<div>\n<div class=\"\">\n<p>&nbsp;<\/p>\n<\/div>\n<\/div>\n<hr \/>\n<div class=\"social-icon social-big\"><a href=\"https:\/\/www.facebook.com\/welabplus\/\" target=\"_blank\" title=\"\"><i class=\"fa fa-facebook\"><\/i><\/a><\/div>\n<div class=\"social-icon social-big\"><a href=\"https:\/\/twitter.com\/welabplus\" target=\"_blank\" title=\"\"><i class=\"fa fa-twitter\"><\/i><\/a><\/div>\n<div class=\"social-icon social-big\"><a href=\"https:\/\/www.instagram.com\/welabplus\/?hl=es\" target=\"_blank\" title=\"\"><i class=\"fa fa-instagram\"><\/i><\/a><\/div>\n<div class=\"social-icon social-big\"><a href=\"https:\/\/www.linkedin.com\/company\/welabplus\" target=\"_blank\" title=\"\"><i class=\"fa fa-linkedin\"><\/i><\/a><\/div>\n","protected":false},"excerpt":{"rendered":"<p>Rotolight NEO\u00a0es un revolucionario dispositivo de iluminaci\u00f3n LED que se puede usar en c\u00e1mara o en cualquier ubicaci\u00f3n del set [&hellip;]<\/p>\n","protected":false},"featured_media":28062,"comment_status":"closed","ping_status":"closed","template":"","meta":{"_acf_changed":false,"inline_featured_image":false},"product_brand":[],"product_cat":[6297],"product_tag":[6364,6365,6366,6367],"class_list":{"0":"post-21429","1":"product","2":"type-product","3":"status-publish","4":"has-post-thumbnail","6":"product_cat-antorchas","7":"product_tag-alquiler-iluminacion","8":"product_tag-rotolight-neo","9":"product_tag-alquiler-audiovisual-welab","10":"product_tag-alquiler-antorcha-led","12":"first","13":"instock","14":"shipping-taxable","15":"purchasable","16":"product-type-simple"},"acf":[],"yoast_head":"<!-- This site is optimized with the Yoast SEO plugin v26.2 - https:\/\/yoast.com\/wordpress\/plugins\/seo\/ -->\n<title>ROTOLIGHT NEO - Welabplus<\/title>\n<meta name=\"description\" content=\"Alquiler de ROTOLIGHT NEO en Welab en Madrid y en las Islas Canarias, para cine publicidad, series, documentales, videoclips....\" \/>\n<meta name=\"robots\" content=\"index, follow, max-snippet:-1, max-image-preview:large, max-video-preview:-1\" \/>\n<link rel=\"canonical\" href=\"https:\/\/welabplus.com\/wevision\/catalogo\/led\/antorchas\/rotolight-neo\/\" \/>\n<meta property=\"og:locale\" content=\"es_ES\" \/>\n<meta property=\"og:type\" content=\"article\" \/>\n<meta property=\"og:title\" content=\"ROTOLIGHT NEO - Welabplus\" \/>\n<meta property=\"og:description\" content=\"Alquiler de ROTOLIGHT NEO en Welab en Madrid y en las Islas Canarias, para cine publicidad, series, documentales, videoclips....\" \/>\n<meta property=\"og:url\" content=\"https:\/\/welabplus.com\/wevision\/catalogo\/led\/antorchas\/rotolight-neo\/\" \/>\n<meta property=\"og:site_name\" content=\"Wevision\" \/>\n<meta property=\"article:publisher\" content=\"https:\/\/www.facebook.com\/welab.es\/\" \/>\n<meta property=\"article:modified_time\" content=\"2025-11-18T11:46:30+00:00\" \/>\n<meta property=\"og:image\" content=\"https:\/\/welabplus.com\/wevision\/wp-content\/uploads\/2025\/11\/ALQUILER-ROTOLIGHT-NEO-WEVISION_WELABPLUS.jpg\" \/>\n\t<meta property=\"og:image:width\" content=\"933\" \/>\n\t<meta property=\"og:image:height\" content=\"557\" \/>\n\t<meta property=\"og:image:type\" content=\"image\/jpeg\" \/>\n<meta name=\"twitter:card\" content=\"summary_large_image\" \/>\n<meta name=\"twitter:site\" content=\"@welabspain\" \/>\n<meta name=\"twitter:label1\" content=\"Tiempo de lectura\" \/>\n\t<meta name=\"twitter:data1\" content=\"2 minutos\" \/>\n<script type=\"application\/ld+json\" class=\"yoast-schema-graph\">{\"@context\":\"https:\/\/schema.org\",\"@graph\":[{\"@type\":\"WebPage\",\"@id\":\"https:\/\/welabplus.com\/wevision\/catalogo\/led\/antorchas\/rotolight-neo\/\",\"url\":\"https:\/\/welabplus.com\/wevision\/catalogo\/led\/antorchas\/rotolight-neo\/\",\"name\":\"ROTOLIGHT NEO - Welabplus\",\"isPartOf\":{\"@id\":\"https:\/\/welabplus.com\/wevision\/#website\"},\"primaryImageOfPage\":{\"@id\":\"https:\/\/welabplus.com\/wevision\/catalogo\/led\/antorchas\/rotolight-neo\/#primaryimage\"},\"image\":{\"@id\":\"https:\/\/welabplus.com\/wevision\/catalogo\/led\/antorchas\/rotolight-neo\/#primaryimage\"},\"thumbnailUrl\":\"https:\/\/welabplus.com\/wevision\/wp-content\/uploads\/2025\/11\/ALQUILER-ROTOLIGHT-NEO-WEVISION_WELABPLUS.jpg\",\"datePublished\":\"2025-11-06T09:24:48+00:00\",\"dateModified\":\"2025-11-18T11:46:30+00:00\",\"description\":\"Alquiler de ROTOLIGHT NEO en Welab en Madrid y en las Islas Canarias, para cine publicidad, series, documentales, videoclips....\",\"breadcrumb\":{\"@id\":\"https:\/\/welabplus.com\/wevision\/catalogo\/led\/antorchas\/rotolight-neo\/#breadcrumb\"},\"inLanguage\":\"es\",\"potentialAction\":[{\"@type\":\"ReadAction\",\"target\":[\"https:\/\/welabplus.com\/wevision\/catalogo\/led\/antorchas\/rotolight-neo\/\"]}]},{\"@type\":\"ImageObject\",\"inLanguage\":\"es\",\"@id\":\"https:\/\/welabplus.com\/wevision\/catalogo\/led\/antorchas\/rotolight-neo\/#primaryimage\",\"url\":\"https:\/\/welabplus.com\/wevision\/wp-content\/uploads\/2025\/11\/ALQUILER-ROTOLIGHT-NEO-WEVISION_WELABPLUS.jpg\",\"contentUrl\":\"https:\/\/welabplus.com\/wevision\/wp-content\/uploads\/2025\/11\/ALQUILER-ROTOLIGHT-NEO-WEVISION_WELABPLUS.jpg\",\"width\":933,\"height\":557,\"caption\":\"ALQUILER ROTOLIGHT NEO WEVISION WELABPLUS\"},{\"@type\":\"BreadcrumbList\",\"@id\":\"https:\/\/welabplus.com\/wevision\/catalogo\/led\/antorchas\/rotolight-neo\/#breadcrumb\",\"itemListElement\":[{\"@type\":\"ListItem\",\"position\":1,\"name\":\"Portada\",\"item\":\"https:\/\/welabplus.com\/wevision\/\"},{\"@type\":\"ListItem\",\"position\":2,\"name\":\"Cat\u00e1logo\",\"item\":\"https:\/\/welabplus.com\/wevision\/catalogo\/\"},{\"@type\":\"ListItem\",\"position\":3,\"name\":\"ROTOLIGHT NEO\"}]},{\"@type\":\"WebSite\",\"@id\":\"https:\/\/welabplus.com\/wevision\/#website\",\"url\":\"https:\/\/welabplus.com\/wevision\/\",\"name\":\"Welabplus\",\"description\":\"C\u00e1maras y lentes para cine\",\"publisher\":{\"@id\":\"https:\/\/welabplus.com\/wevision\/#organization\"},\"potentialAction\":[{\"@type\":\"SearchAction\",\"target\":{\"@type\":\"EntryPoint\",\"urlTemplate\":\"https:\/\/welabplus.com\/wevision\/?s={search_term_string}\"},\"query-input\":{\"@type\":\"PropertyValueSpecification\",\"valueRequired\":true,\"valueName\":\"search_term_string\"}}],\"inLanguage\":\"es\"},{\"@type\":\"Organization\",\"@id\":\"https:\/\/welabplus.com\/wevision\/#organization\",\"name\":\"Welab Canary Islands\",\"url\":\"https:\/\/welabplus.com\/wevision\/\",\"logo\":{\"@type\":\"ImageObject\",\"inLanguage\":\"es\",\"@id\":\"https:\/\/welabplus.com\/wevision\/#\/schema\/logo\/image\/\",\"url\":\"\",\"contentUrl\":\"\",\"caption\":\"Welab Canary Islands\"},\"image\":{\"@id\":\"https:\/\/welabplus.com\/wevision\/#\/schema\/logo\/image\/\"},\"sameAs\":[\"https:\/\/www.facebook.com\/welab.es\/\",\"https:\/\/x.com\/welabspain\"]}]}<\/script>\n<!-- \/ Yoast SEO plugin. -->","yoast_head_json":{"title":"ROTOLIGHT NEO - Welabplus","description":"Alquiler de ROTOLIGHT NEO en Welab en Madrid y en las Islas Canarias, para cine publicidad, series, documentales, videoclips....","robots":{"index":"index","follow":"follow","max-snippet":"max-snippet:-1","max-image-preview":"max-image-preview:large","max-video-preview":"max-video-preview:-1"},"canonical":"https:\/\/welabplus.com\/wevision\/catalogo\/led\/antorchas\/rotolight-neo\/","og_locale":"es_ES","og_type":"article","og_title":"ROTOLIGHT NEO - Welabplus","og_description":"Alquiler de ROTOLIGHT NEO en Welab en Madrid y en las Islas Canarias, para cine publicidad, series, documentales, videoclips....","og_url":"https:\/\/welabplus.com\/wevision\/catalogo\/led\/antorchas\/rotolight-neo\/","og_site_name":"Wevision","article_publisher":"https:\/\/www.facebook.com\/welab.es\/","article_modified_time":"2025-11-18T11:46:30+00:00","og_image":[{"width":933,"height":557,"url":"https:\/\/welabplus.com\/wevision\/wp-content\/uploads\/2025\/11\/ALQUILER-ROTOLIGHT-NEO-WEVISION_WELABPLUS.jpg","type":"image\/jpeg"}],"twitter_card":"summary_large_image","twitter_site":"@welabspain","twitter_misc":{"Tiempo de lectura":"2 minutos"},"schema":{"@context":"https:\/\/schema.org","@graph":[{"@type":"WebPage","@id":"https:\/\/welabplus.com\/wevision\/catalogo\/led\/antorchas\/rotolight-neo\/","url":"https:\/\/welabplus.com\/wevision\/catalogo\/led\/antorchas\/rotolight-neo\/","name":"ROTOLIGHT NEO - Welabplus","isPartOf":{"@id":"https:\/\/welabplus.com\/wevision\/#website"},"primaryImageOfPage":{"@id":"https:\/\/welabplus.com\/wevision\/catalogo\/led\/antorchas\/rotolight-neo\/#primaryimage"},"image":{"@id":"https:\/\/welabplus.com\/wevision\/catalogo\/led\/antorchas\/rotolight-neo\/#primaryimage"},"thumbnailUrl":"https:\/\/welabplus.com\/wevision\/wp-content\/uploads\/2025\/11\/ALQUILER-ROTOLIGHT-NEO-WEVISION_WELABPLUS.jpg","datePublished":"2025-11-06T09:24:48+00:00","dateModified":"2025-11-18T11:46:30+00:00","description":"Alquiler de ROTOLIGHT NEO en Welab en Madrid y en las Islas Canarias, para cine publicidad, series, documentales, videoclips....","breadcrumb":{"@id":"https:\/\/welabplus.com\/wevision\/catalogo\/led\/antorchas\/rotolight-neo\/#breadcrumb"},"inLanguage":"es","potentialAction":[{"@type":"ReadAction","target":["https:\/\/welabplus.com\/wevision\/catalogo\/led\/antorchas\/rotolight-neo\/"]}]},{"@type":"ImageObject","inLanguage":"es","@id":"https:\/\/welabplus.com\/wevision\/catalogo\/led\/antorchas\/rotolight-neo\/#primaryimage","url":"https:\/\/welabplus.com\/wevision\/wp-content\/uploads\/2025\/11\/ALQUILER-ROTOLIGHT-NEO-WEVISION_WELABPLUS.jpg","contentUrl":"https:\/\/welabplus.com\/wevision\/wp-content\/uploads\/2025\/11\/ALQUILER-ROTOLIGHT-NEO-WEVISION_WELABPLUS.jpg","width":933,"height":557,"caption":"ALQUILER ROTOLIGHT NEO WEVISION WELABPLUS"},{"@type":"BreadcrumbList","@id":"https:\/\/welabplus.com\/wevision\/catalogo\/led\/antorchas\/rotolight-neo\/#breadcrumb","itemListElement":[{"@type":"ListItem","position":1,"name":"Portada","item":"https:\/\/welabplus.com\/wevision\/"},{"@type":"ListItem","position":2,"name":"Cat\u00e1logo","item":"https:\/\/welabplus.com\/wevision\/catalogo\/"},{"@type":"ListItem","position":3,"name":"ROTOLIGHT NEO"}]},{"@type":"WebSite","@id":"https:\/\/welabplus.com\/wevision\/#website","url":"https:\/\/welabplus.com\/wevision\/","name":"Welabplus","description":"C\u00e1maras y lentes para cine","publisher":{"@id":"https:\/\/welabplus.com\/wevision\/#organization"},"potentialAction":[{"@type":"SearchAction","target":{"@type":"EntryPoint","urlTemplate":"https:\/\/welabplus.com\/wevision\/?s={search_term_string}"},"query-input":{"@type":"PropertyValueSpecification","valueRequired":true,"valueName":"search_term_string"}}],"inLanguage":"es"},{"@type":"Organization","@id":"https:\/\/welabplus.com\/wevision\/#organization","name":"Welab Canary Islands","url":"https:\/\/welabplus.com\/wevision\/","logo":{"@type":"ImageObject","inLanguage":"es","@id":"https:\/\/welabplus.com\/wevision\/#\/schema\/logo\/image\/","url":"","contentUrl":"","caption":"Welab Canary Islands"},"image":{"@id":"https:\/\/welabplus.com\/wevision\/#\/schema\/logo\/image\/"},"sameAs":["https:\/\/www.facebook.com\/welab.es\/","https:\/\/x.com\/welabspain"]}]}},"_links":{"self":[{"href":"https:\/\/welabplus.com\/wevision\/wp-json\/wp\/v2\/product\/21429","targetHints":{"allow":["GET"]}}],"collection":[{"href":"https:\/\/welabplus.com\/wevision\/wp-json\/wp\/v2\/product"}],"about":[{"href":"https:\/\/welabplus.com\/wevision\/wp-json\/wp\/v2\/types\/product"}],"replies":[{"embeddable":true,"href":"https:\/\/welabplus.com\/wevision\/wp-json\/wp\/v2\/comments?post=21429"}],"wp:featuredmedia":[{"embeddable":true,"href":"https:\/\/welabplus.com\/wevision\/wp-json\/wp\/v2\/media\/28062"}],"wp:attachment":[{"href":"https:\/\/welabplus.com\/wevision\/wp-json\/wp\/v2\/media?parent=21429"}],"wp:term":[{"taxonomy":"product_brand","embeddable":true,"href":"https:\/\/welabplus.com\/wevision\/wp-json\/wp\/v2\/product_brand?post=21429"},{"taxonomy":"product_cat","embeddable":true,"href":"https:\/\/welabplus.com\/wevision\/wp-json\/wp\/v2\/product_cat?post=21429"},{"taxonomy":"product_tag","embeddable":true,"href":"https:\/\/welabplus.com\/wevision\/wp-json\/wp\/v2\/product_tag?post=21429"}],"curies":[{"name":"wp","href":"https:\/\/api.w.org\/{rel}","templated":true}]}}