{"id":21426,"date":"2025-11-06T10:24:48","date_gmt":"2025-11-06T09:24:48","guid":{"rendered":"https:\/\/welabplus.com\/wevision\/?post_type=product&#038;p=21426"},"modified":"2025-11-18T12:48:09","modified_gmt":"2025-11-18T11:48:09","slug":"espada-led-mastchstix-12","status":"publish","type":"product","link":"https:\/\/welabplus.com\/wevision\/catalogo\/led\/antorchas\/espada-led-mastchstix-12\/","title":{"rendered":"ESPADA LED MASTCHSTIX 12\u00bb"},"content":{"rendered":"<section id=\"description\" class=\"mar-top-15\">\n<p class=\"p1\"><span class=\"s1\">La\u00a0<strong>ESPADA LED MASTCHSTIX 12\u2019\u2019<\/strong> es\u00a0una fuente peque\u00f1a, <strong>sencilla, ligera<\/strong> y con <strong>colores precisos<\/strong>, dise\u00f1ada para la captura de im\u00e1genes con amplia\u00a0versatilidad de opciones de montaje para ir a\u00a0cualquier lugar que lo necesite.<\/span><\/p>\n<p>&nbsp;<\/p>\n<\/section>\n<h3>Caracter\u00edsticas T\u00e9cnicas de la ESPADA LED MASTCHSTIX 12\u00bb:<\/h3>\n<section id=\"description\" class=\"mar-top-15\">\n<p class=\"p1\"><span class=\"s1\"><strong>CINEO Iluminaci\u00f3n y Litegear \u2122<\/strong> se han unido para desarrollar la serie de <strong>Matchstix,<\/strong> fuentes vers\u00e1tiles de luz F\u00f3sforo peque\u00f1as y remotas.\u00a0<\/span><\/p>\n<p class=\"p1\"><span class=\"s1\">Con s\u00f3lo 35 mm de ancho, Matchstix tiene 12 \u00abde largo y es sorprendentemente brillante para su tama\u00f1o. Disponible en todas las temperaturas de\u00a0color <strong>CINEO<\/strong>, su calidad de color se adapta\u00a0perfectamente a todos los dem\u00e1s softlights CINEO. La parte de atr\u00e1s de todos Matchstix incluye una\u00a0ranura-zapata est\u00e1ndar para opciones de montaje ilimitadas pr\u00e1cticamente en cualquier lugar.<\/span><\/p>\n<\/section>\n<div class=\"bg-gris social-bar\">\n<div class=\"\">\n<div>\n<div class=\"\">\n<p>&nbsp;<\/p>\n<\/div>\n<\/div>\n<hr \/>\n<div class=\"social-icon social-big\"><a href=\"https:\/\/www.facebook.com\/welabplus\/\" target=\"_blank\" title=\"\"><i class=\"fa fa-facebook\"><\/i><\/a><\/div>\n<div class=\"social-icon social-big\"><a href=\"https:\/\/twitter.com\/welabplus\" target=\"_blank\" title=\"\"><i class=\"fa fa-twitter\"><\/i><\/a><\/div>\n<div class=\"social-icon social-big\"><a href=\"https:\/\/www.instagram.com\/welabplus\/?hl=es\" target=\"_blank\" title=\"\"><i class=\"fa fa-instagram\"><\/i><\/a><\/div>\n<div class=\"social-icon social-big\"><a href=\"https:\/\/www.linkedin.com\/company\/welabplus\" target=\"_blank\" title=\"\"><i class=\"fa fa-linkedin\"><\/i><\/a><\/div>\n<\/div>\n<\/div>\n","protected":false},"excerpt":{"rendered":"<p>La\u00a0ESPADA LED MASTCHSTIX 12\u2019\u2019 es\u00a0una fuente peque\u00f1a, sencilla, ligera y con colores precisos, dise\u00f1ada para la captura de im\u00e1genes con [&hellip;]<\/p>\n","protected":false},"featured_media":28063,"comment_status":"closed","ping_status":"closed","template":"","meta":{"_acf_changed":false,"inline_featured_image":false},"product_brand":[],"product_cat":[6297],"product_tag":[6359],"class_list":{"0":"post-21426","1":"product","2":"type-product","3":"status-publish","4":"has-post-thumbnail","6":"product_cat-antorchas","7":"product_tag-alquiler-espada-led-mastchstix-12","9":"first","10":"instock","11":"shipping-taxable","12":"purchasable","13":"product-type-simple"},"acf":[],"yoast_head":"<!-- This site is optimized with the Yoast SEO plugin v26.2 - https:\/\/yoast.com\/wordpress\/plugins\/seo\/ -->\n<title>ESPADA LED MASTCHSTIX 12&#039;&#039; - Welabplus<\/title>\n<meta name=\"description\" content=\"Alquiler ESPADA LED MASTCHSTIX 12&#039;&#039;en Welab en Madrid y en las Islas Canarias, para cine publicidad, series, documentales, videoclips....\" \/>\n<meta name=\"robots\" content=\"index, follow, max-snippet:-1, max-image-preview:large, max-video-preview:-1\" \/>\n<link rel=\"canonical\" href=\"https:\/\/welabplus.com\/wevision\/catalogo\/led\/antorchas\/espada-led-mastchstix-12\/\" \/>\n<meta property=\"og:locale\" content=\"es_ES\" \/>\n<meta property=\"og:type\" content=\"article\" \/>\n<meta property=\"og:title\" content=\"ESPADA LED MASTCHSTIX 12&#039;&#039; - Welabplus\" \/>\n<meta property=\"og:description\" content=\"Alquiler ESPADA LED MASTCHSTIX 12&#039;&#039;en Welab en Madrid y en las Islas Canarias, para cine publicidad, series, documentales, videoclips....\" \/>\n<meta property=\"og:url\" content=\"https:\/\/welabplus.com\/wevision\/catalogo\/led\/antorchas\/espada-led-mastchstix-12\/\" \/>\n<meta property=\"og:site_name\" content=\"Wevision\" \/>\n<meta property=\"article:publisher\" content=\"https:\/\/www.facebook.com\/welab.es\/\" \/>\n<meta property=\"article:modified_time\" content=\"2025-11-18T11:48:09+00:00\" \/>\n<meta property=\"og:image\" content=\"https:\/\/welabplus.com\/wevision\/wp-content\/uploads\/2025\/11\/ALQUILER-ESPADA-LED-MASTCHSTIX-12-WEVISION_WELABPLUS.jpg\" \/>\n\t<meta property=\"og:image:width\" content=\"933\" \/>\n\t<meta property=\"og:image:height\" content=\"557\" \/>\n\t<meta property=\"og:image:type\" content=\"image\/jpeg\" \/>\n<meta name=\"twitter:card\" content=\"summary_large_image\" \/>\n<meta name=\"twitter:site\" content=\"@welabspain\" \/>\n<meta name=\"twitter:label1\" content=\"Tiempo de lectura\" \/>\n\t<meta name=\"twitter:data1\" content=\"1 minuto\" \/>\n<script type=\"application\/ld+json\" class=\"yoast-schema-graph\">{\"@context\":\"https:\/\/schema.org\",\"@graph\":[{\"@type\":\"WebPage\",\"@id\":\"https:\/\/welabplus.com\/wevision\/catalogo\/led\/antorchas\/espada-led-mastchstix-12\/\",\"url\":\"https:\/\/welabplus.com\/wevision\/catalogo\/led\/antorchas\/espada-led-mastchstix-12\/\",\"name\":\"ESPADA LED MASTCHSTIX 12'' - Welabplus\",\"isPartOf\":{\"@id\":\"https:\/\/welabplus.com\/wevision\/#website\"},\"primaryImageOfPage\":{\"@id\":\"https:\/\/welabplus.com\/wevision\/catalogo\/led\/antorchas\/espada-led-mastchstix-12\/#primaryimage\"},\"image\":{\"@id\":\"https:\/\/welabplus.com\/wevision\/catalogo\/led\/antorchas\/espada-led-mastchstix-12\/#primaryimage\"},\"thumbnailUrl\":\"https:\/\/welabplus.com\/wevision\/wp-content\/uploads\/2025\/11\/ALQUILER-ESPADA-LED-MASTCHSTIX-12-WEVISION_WELABPLUS.jpg\",\"datePublished\":\"2025-11-06T09:24:48+00:00\",\"dateModified\":\"2025-11-18T11:48:09+00:00\",\"description\":\"Alquiler ESPADA LED MASTCHSTIX 12''en Welab en Madrid y en las Islas Canarias, para cine publicidad, series, documentales, videoclips....\",\"breadcrumb\":{\"@id\":\"https:\/\/welabplus.com\/wevision\/catalogo\/led\/antorchas\/espada-led-mastchstix-12\/#breadcrumb\"},\"inLanguage\":\"es\",\"potentialAction\":[{\"@type\":\"ReadAction\",\"target\":[\"https:\/\/welabplus.com\/wevision\/catalogo\/led\/antorchas\/espada-led-mastchstix-12\/\"]}]},{\"@type\":\"ImageObject\",\"inLanguage\":\"es\",\"@id\":\"https:\/\/welabplus.com\/wevision\/catalogo\/led\/antorchas\/espada-led-mastchstix-12\/#primaryimage\",\"url\":\"https:\/\/welabplus.com\/wevision\/wp-content\/uploads\/2025\/11\/ALQUILER-ESPADA-LED-MASTCHSTIX-12-WEVISION_WELABPLUS.jpg\",\"contentUrl\":\"https:\/\/welabplus.com\/wevision\/wp-content\/uploads\/2025\/11\/ALQUILER-ESPADA-LED-MASTCHSTIX-12-WEVISION_WELABPLUS.jpg\",\"width\":933,\"height\":557,\"caption\":\"ALQUILER ESPADA LED MASTCHSTIX 12 WEVISION WELABPLUS\"},{\"@type\":\"BreadcrumbList\",\"@id\":\"https:\/\/welabplus.com\/wevision\/catalogo\/led\/antorchas\/espada-led-mastchstix-12\/#breadcrumb\",\"itemListElement\":[{\"@type\":\"ListItem\",\"position\":1,\"name\":\"Portada\",\"item\":\"https:\/\/welabplus.com\/wevision\/\"},{\"@type\":\"ListItem\",\"position\":2,\"name\":\"Cat\u00e1logo\",\"item\":\"https:\/\/welabplus.com\/wevision\/catalogo\/\"},{\"@type\":\"ListItem\",\"position\":3,\"name\":\"ESPADA LED MASTCHSTIX 12\u00bb\"}]},{\"@type\":\"WebSite\",\"@id\":\"https:\/\/welabplus.com\/wevision\/#website\",\"url\":\"https:\/\/welabplus.com\/wevision\/\",\"name\":\"Welabplus\",\"description\":\"C\u00e1maras y lentes para cine\",\"publisher\":{\"@id\":\"https:\/\/welabplus.com\/wevision\/#organization\"},\"potentialAction\":[{\"@type\":\"SearchAction\",\"target\":{\"@type\":\"EntryPoint\",\"urlTemplate\":\"https:\/\/welabplus.com\/wevision\/?s={search_term_string}\"},\"query-input\":{\"@type\":\"PropertyValueSpecification\",\"valueRequired\":true,\"valueName\":\"search_term_string\"}}],\"inLanguage\":\"es\"},{\"@type\":\"Organization\",\"@id\":\"https:\/\/welabplus.com\/wevision\/#organization\",\"name\":\"Welab Canary Islands\",\"url\":\"https:\/\/welabplus.com\/wevision\/\",\"logo\":{\"@type\":\"ImageObject\",\"inLanguage\":\"es\",\"@id\":\"https:\/\/welabplus.com\/wevision\/#\/schema\/logo\/image\/\",\"url\":\"\",\"contentUrl\":\"\",\"caption\":\"Welab Canary Islands\"},\"image\":{\"@id\":\"https:\/\/welabplus.com\/wevision\/#\/schema\/logo\/image\/\"},\"sameAs\":[\"https:\/\/www.facebook.com\/welab.es\/\",\"https:\/\/x.com\/welabspain\"]}]}<\/script>\n<!-- \/ Yoast SEO plugin. -->","yoast_head_json":{"title":"ESPADA LED MASTCHSTIX 12'' - Welabplus","description":"Alquiler ESPADA LED MASTCHSTIX 12''en Welab en Madrid y en las Islas Canarias, para cine publicidad, series, documentales, videoclips....","robots":{"index":"index","follow":"follow","max-snippet":"max-snippet:-1","max-image-preview":"max-image-preview:large","max-video-preview":"max-video-preview:-1"},"canonical":"https:\/\/welabplus.com\/wevision\/catalogo\/led\/antorchas\/espada-led-mastchstix-12\/","og_locale":"es_ES","og_type":"article","og_title":"ESPADA LED MASTCHSTIX 12'' - Welabplus","og_description":"Alquiler ESPADA LED MASTCHSTIX 12''en Welab en Madrid y en las Islas Canarias, para cine publicidad, series, documentales, videoclips....","og_url":"https:\/\/welabplus.com\/wevision\/catalogo\/led\/antorchas\/espada-led-mastchstix-12\/","og_site_name":"Wevision","article_publisher":"https:\/\/www.facebook.com\/welab.es\/","article_modified_time":"2025-11-18T11:48:09+00:00","og_image":[{"width":933,"height":557,"url":"https:\/\/welabplus.com\/wevision\/wp-content\/uploads\/2025\/11\/ALQUILER-ESPADA-LED-MASTCHSTIX-12-WEVISION_WELABPLUS.jpg","type":"image\/jpeg"}],"twitter_card":"summary_large_image","twitter_site":"@welabspain","twitter_misc":{"Tiempo de lectura":"1 minuto"},"schema":{"@context":"https:\/\/schema.org","@graph":[{"@type":"WebPage","@id":"https:\/\/welabplus.com\/wevision\/catalogo\/led\/antorchas\/espada-led-mastchstix-12\/","url":"https:\/\/welabplus.com\/wevision\/catalogo\/led\/antorchas\/espada-led-mastchstix-12\/","name":"ESPADA LED MASTCHSTIX 12'' - Welabplus","isPartOf":{"@id":"https:\/\/welabplus.com\/wevision\/#website"},"primaryImageOfPage":{"@id":"https:\/\/welabplus.com\/wevision\/catalogo\/led\/antorchas\/espada-led-mastchstix-12\/#primaryimage"},"image":{"@id":"https:\/\/welabplus.com\/wevision\/catalogo\/led\/antorchas\/espada-led-mastchstix-12\/#primaryimage"},"thumbnailUrl":"https:\/\/welabplus.com\/wevision\/wp-content\/uploads\/2025\/11\/ALQUILER-ESPADA-LED-MASTCHSTIX-12-WEVISION_WELABPLUS.jpg","datePublished":"2025-11-06T09:24:48+00:00","dateModified":"2025-11-18T11:48:09+00:00","description":"Alquiler ESPADA LED MASTCHSTIX 12''en Welab en Madrid y en las Islas Canarias, para cine publicidad, series, documentales, videoclips....","breadcrumb":{"@id":"https:\/\/welabplus.com\/wevision\/catalogo\/led\/antorchas\/espada-led-mastchstix-12\/#breadcrumb"},"inLanguage":"es","potentialAction":[{"@type":"ReadAction","target":["https:\/\/welabplus.com\/wevision\/catalogo\/led\/antorchas\/espada-led-mastchstix-12\/"]}]},{"@type":"ImageObject","inLanguage":"es","@id":"https:\/\/welabplus.com\/wevision\/catalogo\/led\/antorchas\/espada-led-mastchstix-12\/#primaryimage","url":"https:\/\/welabplus.com\/wevision\/wp-content\/uploads\/2025\/11\/ALQUILER-ESPADA-LED-MASTCHSTIX-12-WEVISION_WELABPLUS.jpg","contentUrl":"https:\/\/welabplus.com\/wevision\/wp-content\/uploads\/2025\/11\/ALQUILER-ESPADA-LED-MASTCHSTIX-12-WEVISION_WELABPLUS.jpg","width":933,"height":557,"caption":"ALQUILER ESPADA LED MASTCHSTIX 12 WEVISION WELABPLUS"},{"@type":"BreadcrumbList","@id":"https:\/\/welabplus.com\/wevision\/catalogo\/led\/antorchas\/espada-led-mastchstix-12\/#breadcrumb","itemListElement":[{"@type":"ListItem","position":1,"name":"Portada","item":"https:\/\/welabplus.com\/wevision\/"},{"@type":"ListItem","position":2,"name":"Cat\u00e1logo","item":"https:\/\/welabplus.com\/wevision\/catalogo\/"},{"@type":"ListItem","position":3,"name":"ESPADA LED MASTCHSTIX 12\u00bb"}]},{"@type":"WebSite","@id":"https:\/\/welabplus.com\/wevision\/#website","url":"https:\/\/welabplus.com\/wevision\/","name":"Welabplus","description":"C\u00e1maras y lentes para cine","publisher":{"@id":"https:\/\/welabplus.com\/wevision\/#organization"},"potentialAction":[{"@type":"SearchAction","target":{"@type":"EntryPoint","urlTemplate":"https:\/\/welabplus.com\/wevision\/?s={search_term_string}"},"query-input":{"@type":"PropertyValueSpecification","valueRequired":true,"valueName":"search_term_string"}}],"inLanguage":"es"},{"@type":"Organization","@id":"https:\/\/welabplus.com\/wevision\/#organization","name":"Welab Canary Islands","url":"https:\/\/welabplus.com\/wevision\/","logo":{"@type":"ImageObject","inLanguage":"es","@id":"https:\/\/welabplus.com\/wevision\/#\/schema\/logo\/image\/","url":"","contentUrl":"","caption":"Welab Canary Islands"},"image":{"@id":"https:\/\/welabplus.com\/wevision\/#\/schema\/logo\/image\/"},"sameAs":["https:\/\/www.facebook.com\/welab.es\/","https:\/\/x.com\/welabspain"]}]}},"_links":{"self":[{"href":"https:\/\/welabplus.com\/wevision\/wp-json\/wp\/v2\/product\/21426","targetHints":{"allow":["GET"]}}],"collection":[{"href":"https:\/\/welabplus.com\/wevision\/wp-json\/wp\/v2\/product"}],"about":[{"href":"https:\/\/welabplus.com\/wevision\/wp-json\/wp\/v2\/types\/product"}],"replies":[{"embeddable":true,"href":"https:\/\/welabplus.com\/wevision\/wp-json\/wp\/v2\/comments?post=21426"}],"wp:featuredmedia":[{"embeddable":true,"href":"https:\/\/welabplus.com\/wevision\/wp-json\/wp\/v2\/media\/28063"}],"wp:attachment":[{"href":"https:\/\/welabplus.com\/wevision\/wp-json\/wp\/v2\/media?parent=21426"}],"wp:term":[{"taxonomy":"product_brand","embeddable":true,"href":"https:\/\/welabplus.com\/wevision\/wp-json\/wp\/v2\/product_brand?post=21426"},{"taxonomy":"product_cat","embeddable":true,"href":"https:\/\/welabplus.com\/wevision\/wp-json\/wp\/v2\/product_cat?post=21426"},{"taxonomy":"product_tag","embeddable":true,"href":"https:\/\/welabplus.com\/wevision\/wp-json\/wp\/v2\/product_tag?post=21426"}],"curies":[{"name":"wp","href":"https:\/\/api.w.org\/{rel}","templated":true}]}}