{"id":21425,"date":"2023-02-28T16:01:13","date_gmt":"2023-02-28T15:01:13","guid":{"rendered":"https:\/\/welabplus.com\/wevision\/?post_type=product&#038;p=21425"},"modified":"2025-11-19T15:29:41","modified_gmt":"2025-11-19T14:29:41","slug":"flash-canon-speedlite-430ex-iii-rt","status":"publish","type":"product","link":"https:\/\/welabplus.com\/wevision\/catalogo\/flash\/cabezas-flash\/flash-canon-speedlite-430ex-iii-rt\/","title":{"rendered":"FLASH CANON SPEEDLITE 430EX III-RT"},"content":{"rendered":"<p>El <strong>FLASH CANON SPEEDLITE 430EX III-RT<\/strong>\u00a0es potente y vers\u00e1til. Dispone de una funci\u00f3n de disparo por radiofrecuencia que permite usar el flash de forma independiente y as\u00ed llegar a nuevos niveles de creatividad.<\/p>\n<p>&nbsp;<\/p>\n<h3>Principales caracter\u00edsticas del FLASH CANON SPEEDLITE 430EX III-RT:<\/h3>\n<ul>\n<li>Potente y compacto.<\/li>\n<li>Controles sencillos e intuitivos.<\/li>\n<li>Funci\u00f3n remota (esclavo).<\/li>\n<li>Rebota la luz para conseguir mejor iluminaci\u00f3n.<\/li>\n<li>El flash se reactiva en s\u00f3lo 3,2 segundos despu\u00e9s de una descarga.<\/li>\n<li>Alimentado por 4 pilas AA.<\/li>\n<\/ul>\n<p>&nbsp;<\/p>\n<p>El <strong>Speedlite 430EX III-RT<\/strong> puede dispararse sin acoplarse a la c\u00e1mara mediante un disparador \u00f3ptico o por radiofrecuencia, lo que ofrece a los fot\u00f3grafos gran versatilidad. Al utilizar un disparador por radiofrecuencia, los flashes pueden colocarse a una distancia de hasta 30 metros de la c\u00e1mara y no requieren contacto visual directo. Esto permite colocarlos en muchas m\u00e1s ubicaciones, como fuera de una habitaci\u00f3n para dispararlo a trav\u00e9s de una ventana.<\/p>\n<p>&nbsp;<\/p>\n<h3>Especificaciones T\u00e9cnicas del flash:<\/h3>\n<table style=\"height: 238px; width: 707px;\" width=\"560\">\n<tbody>\n<tr>\n<td style=\"width: 364px;\"><strong>Cobertura de longitud focal<\/strong><\/td>\n<td style=\"width: 327px;\">24-105mm<\/td>\n<\/tr>\n<tr>\n<td style=\"width: 364px;\"><strong>Control de exposici\u00f3n autom\u00e1tica<\/strong><\/td>\n<td style=\"width: 327px;\">E-TTL II\/E-TTL<\/td>\n<\/tr>\n<tr>\n<td style=\"width: 364px;\"><strong>Flash de modelado<\/strong><\/td>\n<td style=\"width: 327px;\">S\u00ed<\/td>\n<\/tr>\n<tr>\n<td style=\"width: 364px;\"><strong>Transmisor inal\u00e1mbrico<\/strong><\/td>\n<td style=\"width: 327px;\">Interior: 12-15 m \/ 30 m<br \/>\nExterior: 8-10 m \/ 30 m<\/td>\n<\/tr>\n<tr>\n<td style=\"width: 364px;\"><strong>Peso (sin bater\u00edas)<\/strong><\/td>\n<td style=\"width: 327px;\">295 g<\/td>\n<\/tr>\n<\/tbody>\n<\/table>\n<div>\n<div class=\"\">\n<p>&nbsp;<\/p>\n<\/div>\n<\/div>\n<hr \/>\n<div class=\"social-icon social-big\"><a href=\"https:\/\/www.facebook.com\/welabplus\/\" target=\"_blank\" title=\"\"><i class=\"fa fa-facebook\"><\/i><\/a><\/div>\n<div class=\"social-icon social-big\"><a href=\"https:\/\/twitter.com\/welabplus\" target=\"_blank\" title=\"\"><i class=\"fa fa-twitter\"><\/i><\/a><\/div>\n<div class=\"social-icon social-big\"><a href=\"https:\/\/www.instagram.com\/welabplus\/?hl=es\" target=\"_blank\" title=\"\"><i class=\"fa fa-instagram\"><\/i><\/a><\/div>\n<div class=\"social-icon social-big\"><a href=\"https:\/\/www.linkedin.com\/company\/welabplus\" target=\"_blank\" title=\"\"><i class=\"fa fa-linkedin\"><\/i><\/a><\/div>\n","protected":false},"excerpt":{"rendered":"<p>El FLASH CANON SPEEDLITE 430EX III-RT\u00a0es potente y vers\u00e1til. Dispone de una funci\u00f3n de disparo por radiofrecuencia que permite usar [&hellip;]<\/p>\n","protected":false},"featured_media":28067,"comment_status":"closed","ping_status":"closed","template":"","meta":{"_acf_changed":false,"inline_featured_image":false},"product_brand":[],"product_cat":[9306,5998],"product_tag":[6360,6361,6362,6363],"class_list":{"0":"post-21425","1":"product","2":"type-product","3":"status-publish","4":"has-post-thumbnail","6":"product_cat-cabezas-flash","7":"product_cat-flash","8":"product_tag-alquiler-flash-camara-fotos-madrid","9":"product_tag-alquiler-flash-welab","10":"product_tag-alquilar-camara-de-fotos-madrid","11":"product_tag-flash-para-5d","13":"first","14":"instock","15":"shipping-taxable","16":"purchasable","17":"product-type-simple"},"acf":[],"yoast_head":"<!-- This site is optimized with the Yoast SEO plugin v26.2 - https:\/\/yoast.com\/wordpress\/plugins\/seo\/ -->\n<title>FLASH CANON SPEEDLITE 430EX III-RT - Welabplus<\/title>\n<meta name=\"description\" content=\"Alquiler de FLASH CANON SPEEDLITE 430EX III-RT en Welab en Madrid y en las Islas Canarias, para cine publicidad, series, documentales, videoclips...\" \/>\n<meta name=\"robots\" content=\"index, follow, max-snippet:-1, max-image-preview:large, max-video-preview:-1\" \/>\n<link rel=\"canonical\" href=\"https:\/\/welabplus.com\/wevision\/catalogo\/flash\/cabezas-flash\/flash-canon-speedlite-430ex-iii-rt\/\" \/>\n<meta property=\"og:locale\" content=\"es_ES\" \/>\n<meta property=\"og:type\" content=\"article\" \/>\n<meta property=\"og:title\" content=\"FLASH CANON SPEEDLITE 430EX III-RT - Welabplus\" \/>\n<meta property=\"og:description\" content=\"Alquiler de FLASH CANON SPEEDLITE 430EX III-RT en Welab en Madrid y en las Islas Canarias, para cine publicidad, series, documentales, videoclips...\" \/>\n<meta property=\"og:url\" content=\"https:\/\/welabplus.com\/wevision\/catalogo\/flash\/cabezas-flash\/flash-canon-speedlite-430ex-iii-rt\/\" \/>\n<meta property=\"og:site_name\" content=\"Wevision\" \/>\n<meta property=\"article:publisher\" content=\"https:\/\/www.facebook.com\/welab.es\/\" \/>\n<meta property=\"article:modified_time\" content=\"2025-11-19T14:29:41+00:00\" \/>\n<meta property=\"og:image\" content=\"https:\/\/welabplus.com\/wevision\/wp-content\/uploads\/2025\/11\/ALQUILER-FLASH-CANON-SPEEDLITE-430EX-III-RT-WEVISION_WELABPLUS.jpg\" \/>\n\t<meta property=\"og:image:width\" content=\"933\" \/>\n\t<meta property=\"og:image:height\" content=\"557\" \/>\n\t<meta property=\"og:image:type\" content=\"image\/jpeg\" \/>\n<meta name=\"twitter:card\" content=\"summary_large_image\" \/>\n<meta name=\"twitter:site\" content=\"@welabspain\" \/>\n<meta name=\"twitter:label1\" content=\"Tiempo de lectura\" \/>\n\t<meta name=\"twitter:data1\" content=\"2 minutos\" \/>\n<script type=\"application\/ld+json\" class=\"yoast-schema-graph\">{\"@context\":\"https:\/\/schema.org\",\"@graph\":[{\"@type\":\"WebPage\",\"@id\":\"https:\/\/welabplus.com\/wevision\/catalogo\/flash\/cabezas-flash\/flash-canon-speedlite-430ex-iii-rt\/\",\"url\":\"https:\/\/welabplus.com\/wevision\/catalogo\/flash\/cabezas-flash\/flash-canon-speedlite-430ex-iii-rt\/\",\"name\":\"FLASH CANON SPEEDLITE 430EX III-RT - Welabplus\",\"isPartOf\":{\"@id\":\"https:\/\/welabplus.com\/wevision\/#website\"},\"primaryImageOfPage\":{\"@id\":\"https:\/\/welabplus.com\/wevision\/catalogo\/flash\/cabezas-flash\/flash-canon-speedlite-430ex-iii-rt\/#primaryimage\"},\"image\":{\"@id\":\"https:\/\/welabplus.com\/wevision\/catalogo\/flash\/cabezas-flash\/flash-canon-speedlite-430ex-iii-rt\/#primaryimage\"},\"thumbnailUrl\":\"https:\/\/welabplus.com\/wevision\/wp-content\/uploads\/2025\/11\/ALQUILER-FLASH-CANON-SPEEDLITE-430EX-III-RT-WEVISION_WELABPLUS.jpg\",\"datePublished\":\"2023-02-28T15:01:13+00:00\",\"dateModified\":\"2025-11-19T14:29:41+00:00\",\"description\":\"Alquiler de FLASH CANON SPEEDLITE 430EX III-RT en Welab en Madrid y en las Islas Canarias, para cine publicidad, series, documentales, videoclips...\",\"breadcrumb\":{\"@id\":\"https:\/\/welabplus.com\/wevision\/catalogo\/flash\/cabezas-flash\/flash-canon-speedlite-430ex-iii-rt\/#breadcrumb\"},\"inLanguage\":\"es\",\"potentialAction\":[{\"@type\":\"ReadAction\",\"target\":[\"https:\/\/welabplus.com\/wevision\/catalogo\/flash\/cabezas-flash\/flash-canon-speedlite-430ex-iii-rt\/\"]}]},{\"@type\":\"ImageObject\",\"inLanguage\":\"es\",\"@id\":\"https:\/\/welabplus.com\/wevision\/catalogo\/flash\/cabezas-flash\/flash-canon-speedlite-430ex-iii-rt\/#primaryimage\",\"url\":\"https:\/\/welabplus.com\/wevision\/wp-content\/uploads\/2025\/11\/ALQUILER-FLASH-CANON-SPEEDLITE-430EX-III-RT-WEVISION_WELABPLUS.jpg\",\"contentUrl\":\"https:\/\/welabplus.com\/wevision\/wp-content\/uploads\/2025\/11\/ALQUILER-FLASH-CANON-SPEEDLITE-430EX-III-RT-WEVISION_WELABPLUS.jpg\",\"width\":933,\"height\":557,\"caption\":\"ALQUILER FLASH CANON SPEEDLITE 430EX III RT WEVISION WELABPLUS\"},{\"@type\":\"BreadcrumbList\",\"@id\":\"https:\/\/welabplus.com\/wevision\/catalogo\/flash\/cabezas-flash\/flash-canon-speedlite-430ex-iii-rt\/#breadcrumb\",\"itemListElement\":[{\"@type\":\"ListItem\",\"position\":1,\"name\":\"Portada\",\"item\":\"https:\/\/welabplus.com\/wevision\/\"},{\"@type\":\"ListItem\",\"position\":2,\"name\":\"Cat\u00e1logo\",\"item\":\"https:\/\/welabplus.com\/wevision\/catalogo\/\"},{\"@type\":\"ListItem\",\"position\":3,\"name\":\"FLASH CANON SPEEDLITE 430EX III-RT\"}]},{\"@type\":\"WebSite\",\"@id\":\"https:\/\/welabplus.com\/wevision\/#website\",\"url\":\"https:\/\/welabplus.com\/wevision\/\",\"name\":\"Welabplus\",\"description\":\"C\u00e1maras y lentes para cine\",\"publisher\":{\"@id\":\"https:\/\/welabplus.com\/wevision\/#organization\"},\"potentialAction\":[{\"@type\":\"SearchAction\",\"target\":{\"@type\":\"EntryPoint\",\"urlTemplate\":\"https:\/\/welabplus.com\/wevision\/?s={search_term_string}\"},\"query-input\":{\"@type\":\"PropertyValueSpecification\",\"valueRequired\":true,\"valueName\":\"search_term_string\"}}],\"inLanguage\":\"es\"},{\"@type\":\"Organization\",\"@id\":\"https:\/\/welabplus.com\/wevision\/#organization\",\"name\":\"Welab Canary Islands\",\"url\":\"https:\/\/welabplus.com\/wevision\/\",\"logo\":{\"@type\":\"ImageObject\",\"inLanguage\":\"es\",\"@id\":\"https:\/\/welabplus.com\/wevision\/#\/schema\/logo\/image\/\",\"url\":\"\",\"contentUrl\":\"\",\"caption\":\"Welab Canary Islands\"},\"image\":{\"@id\":\"https:\/\/welabplus.com\/wevision\/#\/schema\/logo\/image\/\"},\"sameAs\":[\"https:\/\/www.facebook.com\/welab.es\/\",\"https:\/\/x.com\/welabspain\"]}]}<\/script>\n<!-- \/ Yoast SEO plugin. -->","yoast_head_json":{"title":"FLASH CANON SPEEDLITE 430EX III-RT - Welabplus","description":"Alquiler de FLASH CANON SPEEDLITE 430EX III-RT en Welab en Madrid y en las Islas Canarias, para cine publicidad, series, documentales, videoclips...","robots":{"index":"index","follow":"follow","max-snippet":"max-snippet:-1","max-image-preview":"max-image-preview:large","max-video-preview":"max-video-preview:-1"},"canonical":"https:\/\/welabplus.com\/wevision\/catalogo\/flash\/cabezas-flash\/flash-canon-speedlite-430ex-iii-rt\/","og_locale":"es_ES","og_type":"article","og_title":"FLASH CANON SPEEDLITE 430EX III-RT - Welabplus","og_description":"Alquiler de FLASH CANON SPEEDLITE 430EX III-RT en Welab en Madrid y en las Islas Canarias, para cine publicidad, series, documentales, videoclips...","og_url":"https:\/\/welabplus.com\/wevision\/catalogo\/flash\/cabezas-flash\/flash-canon-speedlite-430ex-iii-rt\/","og_site_name":"Wevision","article_publisher":"https:\/\/www.facebook.com\/welab.es\/","article_modified_time":"2025-11-19T14:29:41+00:00","og_image":[{"width":933,"height":557,"url":"https:\/\/welabplus.com\/wevision\/wp-content\/uploads\/2025\/11\/ALQUILER-FLASH-CANON-SPEEDLITE-430EX-III-RT-WEVISION_WELABPLUS.jpg","type":"image\/jpeg"}],"twitter_card":"summary_large_image","twitter_site":"@welabspain","twitter_misc":{"Tiempo de lectura":"2 minutos"},"schema":{"@context":"https:\/\/schema.org","@graph":[{"@type":"WebPage","@id":"https:\/\/welabplus.com\/wevision\/catalogo\/flash\/cabezas-flash\/flash-canon-speedlite-430ex-iii-rt\/","url":"https:\/\/welabplus.com\/wevision\/catalogo\/flash\/cabezas-flash\/flash-canon-speedlite-430ex-iii-rt\/","name":"FLASH CANON SPEEDLITE 430EX III-RT - Welabplus","isPartOf":{"@id":"https:\/\/welabplus.com\/wevision\/#website"},"primaryImageOfPage":{"@id":"https:\/\/welabplus.com\/wevision\/catalogo\/flash\/cabezas-flash\/flash-canon-speedlite-430ex-iii-rt\/#primaryimage"},"image":{"@id":"https:\/\/welabplus.com\/wevision\/catalogo\/flash\/cabezas-flash\/flash-canon-speedlite-430ex-iii-rt\/#primaryimage"},"thumbnailUrl":"https:\/\/welabplus.com\/wevision\/wp-content\/uploads\/2025\/11\/ALQUILER-FLASH-CANON-SPEEDLITE-430EX-III-RT-WEVISION_WELABPLUS.jpg","datePublished":"2023-02-28T15:01:13+00:00","dateModified":"2025-11-19T14:29:41+00:00","description":"Alquiler de FLASH CANON SPEEDLITE 430EX III-RT en Welab en Madrid y en las Islas Canarias, para cine publicidad, series, documentales, videoclips...","breadcrumb":{"@id":"https:\/\/welabplus.com\/wevision\/catalogo\/flash\/cabezas-flash\/flash-canon-speedlite-430ex-iii-rt\/#breadcrumb"},"inLanguage":"es","potentialAction":[{"@type":"ReadAction","target":["https:\/\/welabplus.com\/wevision\/catalogo\/flash\/cabezas-flash\/flash-canon-speedlite-430ex-iii-rt\/"]}]},{"@type":"ImageObject","inLanguage":"es","@id":"https:\/\/welabplus.com\/wevision\/catalogo\/flash\/cabezas-flash\/flash-canon-speedlite-430ex-iii-rt\/#primaryimage","url":"https:\/\/welabplus.com\/wevision\/wp-content\/uploads\/2025\/11\/ALQUILER-FLASH-CANON-SPEEDLITE-430EX-III-RT-WEVISION_WELABPLUS.jpg","contentUrl":"https:\/\/welabplus.com\/wevision\/wp-content\/uploads\/2025\/11\/ALQUILER-FLASH-CANON-SPEEDLITE-430EX-III-RT-WEVISION_WELABPLUS.jpg","width":933,"height":557,"caption":"ALQUILER FLASH CANON SPEEDLITE 430EX III RT WEVISION WELABPLUS"},{"@type":"BreadcrumbList","@id":"https:\/\/welabplus.com\/wevision\/catalogo\/flash\/cabezas-flash\/flash-canon-speedlite-430ex-iii-rt\/#breadcrumb","itemListElement":[{"@type":"ListItem","position":1,"name":"Portada","item":"https:\/\/welabplus.com\/wevision\/"},{"@type":"ListItem","position":2,"name":"Cat\u00e1logo","item":"https:\/\/welabplus.com\/wevision\/catalogo\/"},{"@type":"ListItem","position":3,"name":"FLASH CANON SPEEDLITE 430EX III-RT"}]},{"@type":"WebSite","@id":"https:\/\/welabplus.com\/wevision\/#website","url":"https:\/\/welabplus.com\/wevision\/","name":"Welabplus","description":"C\u00e1maras y lentes para cine","publisher":{"@id":"https:\/\/welabplus.com\/wevision\/#organization"},"potentialAction":[{"@type":"SearchAction","target":{"@type":"EntryPoint","urlTemplate":"https:\/\/welabplus.com\/wevision\/?s={search_term_string}"},"query-input":{"@type":"PropertyValueSpecification","valueRequired":true,"valueName":"search_term_string"}}],"inLanguage":"es"},{"@type":"Organization","@id":"https:\/\/welabplus.com\/wevision\/#organization","name":"Welab Canary Islands","url":"https:\/\/welabplus.com\/wevision\/","logo":{"@type":"ImageObject","inLanguage":"es","@id":"https:\/\/welabplus.com\/wevision\/#\/schema\/logo\/image\/","url":"","contentUrl":"","caption":"Welab Canary Islands"},"image":{"@id":"https:\/\/welabplus.com\/wevision\/#\/schema\/logo\/image\/"},"sameAs":["https:\/\/www.facebook.com\/welab.es\/","https:\/\/x.com\/welabspain"]}]}},"_links":{"self":[{"href":"https:\/\/welabplus.com\/wevision\/wp-json\/wp\/v2\/product\/21425","targetHints":{"allow":["GET"]}}],"collection":[{"href":"https:\/\/welabplus.com\/wevision\/wp-json\/wp\/v2\/product"}],"about":[{"href":"https:\/\/welabplus.com\/wevision\/wp-json\/wp\/v2\/types\/product"}],"replies":[{"embeddable":true,"href":"https:\/\/welabplus.com\/wevision\/wp-json\/wp\/v2\/comments?post=21425"}],"wp:featuredmedia":[{"embeddable":true,"href":"https:\/\/welabplus.com\/wevision\/wp-json\/wp\/v2\/media\/28067"}],"wp:attachment":[{"href":"https:\/\/welabplus.com\/wevision\/wp-json\/wp\/v2\/media?parent=21425"}],"wp:term":[{"taxonomy":"product_brand","embeddable":true,"href":"https:\/\/welabplus.com\/wevision\/wp-json\/wp\/v2\/product_brand?post=21425"},{"taxonomy":"product_cat","embeddable":true,"href":"https:\/\/welabplus.com\/wevision\/wp-json\/wp\/v2\/product_cat?post=21425"},{"taxonomy":"product_tag","embeddable":true,"href":"https:\/\/welabplus.com\/wevision\/wp-json\/wp\/v2\/product_tag?post=21425"}],"curies":[{"name":"wp","href":"https:\/\/api.w.org\/{rel}","templated":true}]}}