{"id":21421,"date":"2025-11-06T10:24:48","date_gmt":"2025-11-06T09:24:48","guid":{"rendered":"https:\/\/welabplus.com\/wevision\/?post_type=product&#038;p=21421"},"modified":"2025-11-18T12:25:58","modified_gmt":"2025-11-18T11:25:58","slug":"nanlux-evoke-1200","status":"publish","type":"product","link":"https:\/\/welabplus.com\/wevision\/catalogo\/led\/foco-puntual-cob\/nanlux\/nanlux-evoke-1200\/","title":{"rendered":"NANLUX EVOKE 1200"},"content":{"rendered":"<h3>NANLUX Evoke 1200 (incluye lente Fresnel)<\/h3>\n<p><strong>NANLUX<\/strong> presenta el nuevo<strong> Evoke 1200.<\/strong><br \/>\nUn innovador <strong>foco LED de 1,2 kW<\/strong> que combina niveles sin precedentes de iluminaci\u00f3n LED brillante y n\u00edtida\u00a0con m\u00faltiples opciones de configuraci\u00f3n.<\/p>\n<p>&nbsp;<\/p>\n<p><strong>Extras:<\/strong><\/p>\n<ul>\n<li>30 \u20ac accesorio Soft box + nido de abeja.<\/li>\n<\/ul>\n<p>&nbsp;<\/p>\n<h3>Producci\u00f3n espectacular<\/h3>\n<p>El Evoke 1200 ofrece impresionantes niveles de parpadeo, luz controlable, comparable a la de un PAR de 1,8kW o HMI Fresnel de 2,5 kW.<\/p>\n<p>&nbsp;<\/p>\n<h3>Brillo natural<\/h3>\n<p>El ingenioso dise\u00f1o de la COB proporciona una luz de aspecto natural extremadamente potente.<\/p>\n<p>&nbsp;<\/p>\n<h3>Dise\u00f1o s\u00f3lido<\/h3>\n<p>El dise\u00f1o funcional, la construcci\u00f3n robusta y la clasificaci\u00f3n IP54 hacen que Evoke sea ideal para usar en casi cualquier condici\u00f3n.<\/p>\n<p>&nbsp;<\/p>\n<h3>Ultimate control<\/h3>\n<p>Totalmente controlable, el EVOKE 1200 admite control con cable e inal\u00e1mbrico a trav\u00e9s de la aplicaci\u00f3n NANLINK, DMX\/RDM, Bluetooth y Lumenradio TimoTwo.<\/p>\n<ul>\n<li>On-board controller.<\/li>\n<li>DMX.<\/li>\n<li>Bluetooth.<\/li>\n<li>2.4G.<\/li>\n<li>WS-TB-1.<\/li>\n<\/ul>\n<p>&nbsp;<\/p>\n<h3>Versatilidad incre\u00edble<\/h3>\n<p>El Evoke 1200 es compatible con una selecci\u00f3n de herramientas de modelado de iluminaci\u00f3n, accesorios y modificadores. La gran apertura y las robustas fijaciones de la montura NL permite al usuario cambiar r\u00e1pidamente entre la \u00f3ptica y la escultura, dar forma y modificar la salida sin comprometer absolutamente la calidad del haz,\u00a0color o intensidad.<\/p>\n<h3><\/h3>\n<p>La interfaz de usuario de alta precisi\u00f3n, con su 0,1% precisi\u00f3n permite una precisi\u00f3n milim\u00e9trica en ambos\u00a0salida e intensidad.<\/p>\n<p>&nbsp;<\/p>\n<p><strong>M\u00e1s info<\/strong> en la\u00a0<a href=\"https:\/\/www.nanlux.com\/en\/h-col-175.html\">web del fabricante.<\/a><\/p>\n<div>\n<div class=\"\">\n<p>&nbsp;<\/p>\n<\/div>\n<\/div>\n<hr \/>\n<div class=\"social-icon social-big\"><a href=\"https:\/\/www.facebook.com\/welabplus\/\" target=\"_blank\" title=\"\"><i class=\"fa fa-facebook\"><\/i><\/a><\/div>\n<div class=\"social-icon social-big\"><a href=\"https:\/\/twitter.com\/welabplus\" target=\"_blank\" title=\"\"><i class=\"fa fa-twitter\"><\/i><\/a><\/div>\n<div class=\"social-icon social-big\"><a href=\"https:\/\/www.instagram.com\/welabplus\/?hl=es\" target=\"_blank\" title=\"\"><i class=\"fa fa-instagram\"><\/i><\/a><\/div>\n<div class=\"social-icon social-big\"><a href=\"https:\/\/www.linkedin.com\/company\/welabplus\" target=\"_blank\" title=\"\"><i class=\"fa fa-linkedin\"><\/i><\/a><\/div>\n","protected":false},"excerpt":{"rendered":"<p>NANLUX Evoke 1200 (incluye lente Fresnel) NANLUX presenta el nuevo Evoke 1200. Un innovador foco LED de 1,2 kW que [&hellip;]<\/p>\n","protected":false},"featured_media":28052,"comment_status":"closed","ping_status":"closed","template":"","meta":{"_acf_changed":false,"inline_featured_image":false},"product_brand":[],"product_cat":[8983],"product_tag":[4850,6300,6304,6354,6356,6357],"class_list":{"0":"post-21421","1":"product","2":"type-product","3":"status-publish","4":"has-post-thumbnail","6":"product_cat-nanlux","7":"product_tag-alquiler-madrid","8":"product_tag-alquiler-iluminacion-led","9":"product_tag-iluminacion-led","10":"product_tag-led","11":"product_tag-alquiler-led","12":"product_tag-alquiler-nanlux-led","14":"first","15":"instock","16":"shipping-taxable","17":"purchasable","18":"product-type-simple"},"acf":[],"yoast_head":"<!-- This site is optimized with the Yoast SEO plugin v26.2 - https:\/\/yoast.com\/wordpress\/plugins\/seo\/ -->\n<title>NANLUX EVOKE 1200 - Welabplus<\/title>\n<meta name=\"description\" content=\"Alquiler de NANLUX EVOKE 1200 en Welab en Madrid y en las Islas Canarias, para cine publicidad, series, documentales, videoclips...\" \/>\n<meta name=\"robots\" content=\"index, follow, max-snippet:-1, max-image-preview:large, max-video-preview:-1\" \/>\n<link rel=\"canonical\" href=\"https:\/\/welabplus.com\/wevision\/catalogo\/led\/foco-puntual-cob\/nanlux\/nanlux-evoke-1200\/\" \/>\n<meta property=\"og:locale\" content=\"es_ES\" \/>\n<meta property=\"og:type\" content=\"article\" \/>\n<meta property=\"og:title\" content=\"NANLUX EVOKE 1200 - Welabplus\" \/>\n<meta property=\"og:description\" content=\"Alquiler de NANLUX EVOKE 1200 en Welab en Madrid y en las Islas Canarias, para cine publicidad, series, documentales, videoclips...\" \/>\n<meta property=\"og:url\" content=\"https:\/\/welabplus.com\/wevision\/catalogo\/led\/foco-puntual-cob\/nanlux\/nanlux-evoke-1200\/\" \/>\n<meta property=\"og:site_name\" content=\"Wevision\" \/>\n<meta property=\"article:publisher\" content=\"https:\/\/www.facebook.com\/welab.es\/\" \/>\n<meta property=\"article:modified_time\" content=\"2025-11-18T11:25:58+00:00\" \/>\n<meta property=\"og:image\" content=\"https:\/\/welabplus.com\/wevision\/wp-content\/uploads\/2025\/11\/ALQUILER-NANLUX-EVOKE-1200-WEVISION_WELABPLUS.jpg\" \/>\n\t<meta property=\"og:image:width\" content=\"933\" \/>\n\t<meta property=\"og:image:height\" content=\"557\" \/>\n\t<meta property=\"og:image:type\" content=\"image\/jpeg\" \/>\n<meta name=\"twitter:card\" content=\"summary_large_image\" \/>\n<meta name=\"twitter:site\" content=\"@welabspain\" \/>\n<meta name=\"twitter:label1\" content=\"Tiempo de lectura\" \/>\n\t<meta name=\"twitter:data1\" content=\"2 minutos\" \/>\n<script type=\"application\/ld+json\" class=\"yoast-schema-graph\">{\"@context\":\"https:\/\/schema.org\",\"@graph\":[{\"@type\":\"WebPage\",\"@id\":\"https:\/\/welabplus.com\/wevision\/catalogo\/led\/foco-puntual-cob\/nanlux\/nanlux-evoke-1200\/\",\"url\":\"https:\/\/welabplus.com\/wevision\/catalogo\/led\/foco-puntual-cob\/nanlux\/nanlux-evoke-1200\/\",\"name\":\"NANLUX EVOKE 1200 - Welabplus\",\"isPartOf\":{\"@id\":\"https:\/\/welabplus.com\/wevision\/#website\"},\"primaryImageOfPage\":{\"@id\":\"https:\/\/welabplus.com\/wevision\/catalogo\/led\/foco-puntual-cob\/nanlux\/nanlux-evoke-1200\/#primaryimage\"},\"image\":{\"@id\":\"https:\/\/welabplus.com\/wevision\/catalogo\/led\/foco-puntual-cob\/nanlux\/nanlux-evoke-1200\/#primaryimage\"},\"thumbnailUrl\":\"https:\/\/welabplus.com\/wevision\/wp-content\/uploads\/2025\/11\/ALQUILER-NANLUX-EVOKE-1200-WEVISION_WELABPLUS.jpg\",\"datePublished\":\"2025-11-06T09:24:48+00:00\",\"dateModified\":\"2025-11-18T11:25:58+00:00\",\"description\":\"Alquiler de NANLUX EVOKE 1200 en Welab en Madrid y en las Islas Canarias, para cine publicidad, series, documentales, videoclips...\",\"breadcrumb\":{\"@id\":\"https:\/\/welabplus.com\/wevision\/catalogo\/led\/foco-puntual-cob\/nanlux\/nanlux-evoke-1200\/#breadcrumb\"},\"inLanguage\":\"es\",\"potentialAction\":[{\"@type\":\"ReadAction\",\"target\":[\"https:\/\/welabplus.com\/wevision\/catalogo\/led\/foco-puntual-cob\/nanlux\/nanlux-evoke-1200\/\"]}]},{\"@type\":\"ImageObject\",\"inLanguage\":\"es\",\"@id\":\"https:\/\/welabplus.com\/wevision\/catalogo\/led\/foco-puntual-cob\/nanlux\/nanlux-evoke-1200\/#primaryimage\",\"url\":\"https:\/\/welabplus.com\/wevision\/wp-content\/uploads\/2025\/11\/ALQUILER-NANLUX-EVOKE-1200-WEVISION_WELABPLUS.jpg\",\"contentUrl\":\"https:\/\/welabplus.com\/wevision\/wp-content\/uploads\/2025\/11\/ALQUILER-NANLUX-EVOKE-1200-WEVISION_WELABPLUS.jpg\",\"width\":933,\"height\":557,\"caption\":\"ALQUILER NANLUX EVOKE 1200 WEVISION WELABPLUS\"},{\"@type\":\"BreadcrumbList\",\"@id\":\"https:\/\/welabplus.com\/wevision\/catalogo\/led\/foco-puntual-cob\/nanlux\/nanlux-evoke-1200\/#breadcrumb\",\"itemListElement\":[{\"@type\":\"ListItem\",\"position\":1,\"name\":\"Portada\",\"item\":\"https:\/\/welabplus.com\/wevision\/\"},{\"@type\":\"ListItem\",\"position\":2,\"name\":\"Cat\u00e1logo\",\"item\":\"https:\/\/welabplus.com\/wevision\/catalogo\/\"},{\"@type\":\"ListItem\",\"position\":3,\"name\":\"NANLUX EVOKE 1200\"}]},{\"@type\":\"WebSite\",\"@id\":\"https:\/\/welabplus.com\/wevision\/#website\",\"url\":\"https:\/\/welabplus.com\/wevision\/\",\"name\":\"Welabplus\",\"description\":\"C\u00e1maras y lentes para cine\",\"publisher\":{\"@id\":\"https:\/\/welabplus.com\/wevision\/#organization\"},\"potentialAction\":[{\"@type\":\"SearchAction\",\"target\":{\"@type\":\"EntryPoint\",\"urlTemplate\":\"https:\/\/welabplus.com\/wevision\/?s={search_term_string}\"},\"query-input\":{\"@type\":\"PropertyValueSpecification\",\"valueRequired\":true,\"valueName\":\"search_term_string\"}}],\"inLanguage\":\"es\"},{\"@type\":\"Organization\",\"@id\":\"https:\/\/welabplus.com\/wevision\/#organization\",\"name\":\"Welab Canary Islands\",\"url\":\"https:\/\/welabplus.com\/wevision\/\",\"logo\":{\"@type\":\"ImageObject\",\"inLanguage\":\"es\",\"@id\":\"https:\/\/welabplus.com\/wevision\/#\/schema\/logo\/image\/\",\"url\":\"\",\"contentUrl\":\"\",\"caption\":\"Welab Canary Islands\"},\"image\":{\"@id\":\"https:\/\/welabplus.com\/wevision\/#\/schema\/logo\/image\/\"},\"sameAs\":[\"https:\/\/www.facebook.com\/welab.es\/\",\"https:\/\/x.com\/welabspain\"]}]}<\/script>\n<!-- \/ Yoast SEO plugin. -->","yoast_head_json":{"title":"NANLUX EVOKE 1200 - Welabplus","description":"Alquiler de NANLUX EVOKE 1200 en Welab en Madrid y en las Islas Canarias, para cine publicidad, series, documentales, videoclips...","robots":{"index":"index","follow":"follow","max-snippet":"max-snippet:-1","max-image-preview":"max-image-preview:large","max-video-preview":"max-video-preview:-1"},"canonical":"https:\/\/welabplus.com\/wevision\/catalogo\/led\/foco-puntual-cob\/nanlux\/nanlux-evoke-1200\/","og_locale":"es_ES","og_type":"article","og_title":"NANLUX EVOKE 1200 - Welabplus","og_description":"Alquiler de NANLUX EVOKE 1200 en Welab en Madrid y en las Islas Canarias, para cine publicidad, series, documentales, videoclips...","og_url":"https:\/\/welabplus.com\/wevision\/catalogo\/led\/foco-puntual-cob\/nanlux\/nanlux-evoke-1200\/","og_site_name":"Wevision","article_publisher":"https:\/\/www.facebook.com\/welab.es\/","article_modified_time":"2025-11-18T11:25:58+00:00","og_image":[{"width":933,"height":557,"url":"https:\/\/welabplus.com\/wevision\/wp-content\/uploads\/2025\/11\/ALQUILER-NANLUX-EVOKE-1200-WEVISION_WELABPLUS.jpg","type":"image\/jpeg"}],"twitter_card":"summary_large_image","twitter_site":"@welabspain","twitter_misc":{"Tiempo de lectura":"2 minutos"},"schema":{"@context":"https:\/\/schema.org","@graph":[{"@type":"WebPage","@id":"https:\/\/welabplus.com\/wevision\/catalogo\/led\/foco-puntual-cob\/nanlux\/nanlux-evoke-1200\/","url":"https:\/\/welabplus.com\/wevision\/catalogo\/led\/foco-puntual-cob\/nanlux\/nanlux-evoke-1200\/","name":"NANLUX EVOKE 1200 - Welabplus","isPartOf":{"@id":"https:\/\/welabplus.com\/wevision\/#website"},"primaryImageOfPage":{"@id":"https:\/\/welabplus.com\/wevision\/catalogo\/led\/foco-puntual-cob\/nanlux\/nanlux-evoke-1200\/#primaryimage"},"image":{"@id":"https:\/\/welabplus.com\/wevision\/catalogo\/led\/foco-puntual-cob\/nanlux\/nanlux-evoke-1200\/#primaryimage"},"thumbnailUrl":"https:\/\/welabplus.com\/wevision\/wp-content\/uploads\/2025\/11\/ALQUILER-NANLUX-EVOKE-1200-WEVISION_WELABPLUS.jpg","datePublished":"2025-11-06T09:24:48+00:00","dateModified":"2025-11-18T11:25:58+00:00","description":"Alquiler de NANLUX EVOKE 1200 en Welab en Madrid y en las Islas Canarias, para cine publicidad, series, documentales, videoclips...","breadcrumb":{"@id":"https:\/\/welabplus.com\/wevision\/catalogo\/led\/foco-puntual-cob\/nanlux\/nanlux-evoke-1200\/#breadcrumb"},"inLanguage":"es","potentialAction":[{"@type":"ReadAction","target":["https:\/\/welabplus.com\/wevision\/catalogo\/led\/foco-puntual-cob\/nanlux\/nanlux-evoke-1200\/"]}]},{"@type":"ImageObject","inLanguage":"es","@id":"https:\/\/welabplus.com\/wevision\/catalogo\/led\/foco-puntual-cob\/nanlux\/nanlux-evoke-1200\/#primaryimage","url":"https:\/\/welabplus.com\/wevision\/wp-content\/uploads\/2025\/11\/ALQUILER-NANLUX-EVOKE-1200-WEVISION_WELABPLUS.jpg","contentUrl":"https:\/\/welabplus.com\/wevision\/wp-content\/uploads\/2025\/11\/ALQUILER-NANLUX-EVOKE-1200-WEVISION_WELABPLUS.jpg","width":933,"height":557,"caption":"ALQUILER NANLUX EVOKE 1200 WEVISION WELABPLUS"},{"@type":"BreadcrumbList","@id":"https:\/\/welabplus.com\/wevision\/catalogo\/led\/foco-puntual-cob\/nanlux\/nanlux-evoke-1200\/#breadcrumb","itemListElement":[{"@type":"ListItem","position":1,"name":"Portada","item":"https:\/\/welabplus.com\/wevision\/"},{"@type":"ListItem","position":2,"name":"Cat\u00e1logo","item":"https:\/\/welabplus.com\/wevision\/catalogo\/"},{"@type":"ListItem","position":3,"name":"NANLUX EVOKE 1200"}]},{"@type":"WebSite","@id":"https:\/\/welabplus.com\/wevision\/#website","url":"https:\/\/welabplus.com\/wevision\/","name":"Welabplus","description":"C\u00e1maras y lentes para cine","publisher":{"@id":"https:\/\/welabplus.com\/wevision\/#organization"},"potentialAction":[{"@type":"SearchAction","target":{"@type":"EntryPoint","urlTemplate":"https:\/\/welabplus.com\/wevision\/?s={search_term_string}"},"query-input":{"@type":"PropertyValueSpecification","valueRequired":true,"valueName":"search_term_string"}}],"inLanguage":"es"},{"@type":"Organization","@id":"https:\/\/welabplus.com\/wevision\/#organization","name":"Welab Canary Islands","url":"https:\/\/welabplus.com\/wevision\/","logo":{"@type":"ImageObject","inLanguage":"es","@id":"https:\/\/welabplus.com\/wevision\/#\/schema\/logo\/image\/","url":"","contentUrl":"","caption":"Welab Canary Islands"},"image":{"@id":"https:\/\/welabplus.com\/wevision\/#\/schema\/logo\/image\/"},"sameAs":["https:\/\/www.facebook.com\/welab.es\/","https:\/\/x.com\/welabspain"]}]}},"_links":{"self":[{"href":"https:\/\/welabplus.com\/wevision\/wp-json\/wp\/v2\/product\/21421","targetHints":{"allow":["GET"]}}],"collection":[{"href":"https:\/\/welabplus.com\/wevision\/wp-json\/wp\/v2\/product"}],"about":[{"href":"https:\/\/welabplus.com\/wevision\/wp-json\/wp\/v2\/types\/product"}],"replies":[{"embeddable":true,"href":"https:\/\/welabplus.com\/wevision\/wp-json\/wp\/v2\/comments?post=21421"}],"wp:featuredmedia":[{"embeddable":true,"href":"https:\/\/welabplus.com\/wevision\/wp-json\/wp\/v2\/media\/28052"}],"wp:attachment":[{"href":"https:\/\/welabplus.com\/wevision\/wp-json\/wp\/v2\/media?parent=21421"}],"wp:term":[{"taxonomy":"product_brand","embeddable":true,"href":"https:\/\/welabplus.com\/wevision\/wp-json\/wp\/v2\/product_brand?post=21421"},{"taxonomy":"product_cat","embeddable":true,"href":"https:\/\/welabplus.com\/wevision\/wp-json\/wp\/v2\/product_cat?post=21421"},{"taxonomy":"product_tag","embeddable":true,"href":"https:\/\/welabplus.com\/wevision\/wp-json\/wp\/v2\/product_tag?post=21421"}],"curies":[{"name":"wp","href":"https:\/\/api.w.org\/{rel}","templated":true}]}}