{"id":21409,"date":"2023-02-28T15:49:30","date_gmt":"2023-02-28T14:49:30","guid":{"rendered":"https:\/\/welabplus.com\/wevision\/?post_type=product&#038;p=21409"},"modified":"2025-11-28T12:24:17","modified_gmt":"2025-11-28T11:24:17","slug":"set-bombillas-accent-b7c-7w-rgb","status":"publish","type":"product","link":"https:\/\/welabplus.com\/wevision\/catalogo\/led\/bombillas\/set-bombillas-accent-b7c-7w-rgb\/","title":{"rendered":"SET BOMBILLAS ACCENT B7C 7W RGB"},"content":{"rendered":"<h3><a href=\"https:\/\/welabplus.com\/wevision\/portfolio-item\/bombillas-led-practicas-de-rodaje\/?preview_id=28235&amp;preview_nonce=fdb8883cb0&amp;_thumbnail_id=28278&amp;preview=true\"><img loading=\"lazy\" decoding=\"async\" class=\"wp-image-28286 size-full alignnone\" src=\"https:\/\/welabplus.com\/wevision\/wp-content\/uploads\/2025\/11\/ICO-COMPARISON-WEVISION.png\" alt=\"ICO COMPARISON WEVISION\" width=\"100\" height=\"100\" srcset=\"https:\/\/welabplus.com\/wevision\/wp-content\/uploads\/2025\/11\/ICO-COMPARISON-WEVISION.png 100w, https:\/\/welabplus.com\/wevision\/wp-content\/uploads\/2025\/11\/ICO-COMPARISON-WEVISION-80x80.png 80w\" sizes=\"auto, (max-width: 100px) 100vw, 100px\" \/><\/a><\/h3>\n<h3><strong>Kit de producci\u00f3n de 8 bombillas LED inteligentes RGBWW de 7 W<\/strong><\/h3>\n<p>El kit de 8 luces <strong>Accent B7c<\/strong> est\u00e1 dise\u00f1ado para cineastas independientes, t\u00e9cnicos de iluminaci\u00f3n y casas de alquiler, lo que permite a los usuarios almacenar, proteger y cargar simult\u00e1neamente hasta ocho bombillas <strong>B7c;<\/strong>\u00a0suficientes luces para llenar toda una escena.\u00a0Un solo enchufe puede devolver la vida a todas las bombillas.<\/p>\n<p>&nbsp;<\/p>\n<p><img loading=\"lazy\" decoding=\"async\" class=\"aligncenter wp-image-21418 size-full\" src=\"https:\/\/welabplus.com\/wevision\/wp-content\/uploads\/2023\/02\/ALQUILER-SET-BOMBILLAS-ACCENT-B7C-7W-RGB-WELABPLUS.jpg\" alt=\"ALQUILER SET BOMBILLAS ACCENT B7C 7W RGB WELABPLUS\" width=\"1000\" height=\"781\" srcset=\"https:\/\/welabplus.com\/wevision\/wp-content\/uploads\/2023\/02\/ALQUILER-SET-BOMBILLAS-ACCENT-B7C-7W-RGB-WELABPLUS.jpg 1000w, https:\/\/welabplus.com\/wevision\/wp-content\/uploads\/2023\/02\/ALQUILER-SET-BOMBILLAS-ACCENT-B7C-7W-RGB-WELABPLUS-300x234.jpg 300w, https:\/\/welabplus.com\/wevision\/wp-content\/uploads\/2023\/02\/ALQUILER-SET-BOMBILLAS-ACCENT-B7C-7W-RGB-WELABPLUS-768x600.jpg 768w, https:\/\/welabplus.com\/wevision\/wp-content\/uploads\/2023\/02\/ALQUILER-SET-BOMBILLAS-ACCENT-B7C-7W-RGB-WELABPLUS-600x469.jpg 600w\" sizes=\"auto, (max-width: 1000px) 100vw, 1000px\" \/><\/p>\n<p>&nbsp;<\/p>\n<p><strong>Iluminaci\u00f3n cinematogr\u00e1fica<\/strong><\/p>\n<p>El <strong>Accent B7c<\/strong> es un foco de luz LED de mezcla de colores <strong>RGBWW de 7 W<\/strong> que funciona con bater\u00eda y el primer producto de la familia Accent de Aputure de luces LED \u00abpr\u00e1cticas\u00bb dise\u00f1adas para cineastas, con una combinaci\u00f3n \u00fanica de caracter\u00edsticas que ninguna otra luz tiene.<\/p>\n<p>&nbsp;<\/p>\n<p><strong>Bater\u00eda integrada<\/strong><\/p>\n<p>La B7c es tambi\u00e9n la primera bombilla dise\u00f1ada para cineastas que tiene una bater\u00eda integrada, alimentando la B7c durante m\u00e1s de 70 minutos a plena potencia y m\u00e1s de 20 horas cuando se acerca al brillo m\u00ednimo.<\/p>\n<p>&nbsp;<\/p>\n<p><strong>Estuche de carga duradero<\/strong><\/p>\n<p>El kit de<strong> 8 luces B7c<\/strong> viene en un estuche de carga r\u00edgido compacto personalizado, hecho para manejar los rigores de cualquier set de filmaci\u00f3n.\u00a0Con ocho portal\u00e1mparas E27 y un cable de CA IEC est\u00e1ndar, los usuarios pueden cargar elegantemente sus bombillas B7c sin problemas.<\/p>\n<p>&nbsp;<\/p>\n<p><img loading=\"lazy\" decoding=\"async\" class=\"aligncenter wp-image-21417 size-full\" src=\"https:\/\/welabplus.com\/wevision\/wp-content\/uploads\/2023\/02\/ALQUILER-SET-BOMBILLAS-ACCENT-B7C-7W-RGB-WELABPLUS-1.jpg\" alt=\"ALQUILER SET BOMBILLAS ACCENT B7C 7W RGB WELABPLUS\" width=\"1000\" height=\"563\" srcset=\"https:\/\/welabplus.com\/wevision\/wp-content\/uploads\/2023\/02\/ALQUILER-SET-BOMBILLAS-ACCENT-B7C-7W-RGB-WELABPLUS-1.jpg 1000w, https:\/\/welabplus.com\/wevision\/wp-content\/uploads\/2023\/02\/ALQUILER-SET-BOMBILLAS-ACCENT-B7C-7W-RGB-WELABPLUS-1-300x169.jpg 300w, https:\/\/welabplus.com\/wevision\/wp-content\/uploads\/2023\/02\/ALQUILER-SET-BOMBILLAS-ACCENT-B7C-7W-RGB-WELABPLUS-1-768x432.jpg 768w, https:\/\/welabplus.com\/wevision\/wp-content\/uploads\/2023\/02\/ALQUILER-SET-BOMBILLAS-ACCENT-B7C-7W-RGB-WELABPLUS-1-600x338.jpg 600w\" sizes=\"auto, (max-width: 1000px) 100vw, 1000px\" \/><\/p>\n<p>&nbsp;<\/p>\n<p><strong>Seguridad primero<\/strong><\/p>\n<p>La tecnolog\u00eda integrada en los portal\u00e1mparas push-pull tambi\u00e9n utiliza una cubierta de portal\u00e1mparas con resorte para proteger a los usuarios de descargas el\u00e9ctricas no deseadas.\u00a0El estuche de carga de 8 luces tambi\u00e9n viene con fusibles adicionales para garantizar que los reemplazos sean r\u00e1pidos y sencillos.<\/p>\n<p>&nbsp;<\/p>\n<p><strong>Combina con cualquier luz<\/strong><\/p>\n<p>El Accent B7c coincide con el rango de temperatura de color de Nova P300c, la luz de mezcla de color m\u00e1s avanzada de Aputure, que produce un amplio rango de temperatura de color de 2000K a 10 000K.\u00a0Y cuando se combina con la funci\u00f3n SourceMatch de Sidus Link, puede coincidir con casi cualquier fuente de luz blanca.<\/p>\n<p>&nbsp;<\/p>\n<p><img loading=\"lazy\" decoding=\"async\" class=\"aligncenter wp-image-21416 size-full\" src=\"https:\/\/welabplus.com\/wevision\/wp-content\/uploads\/2023\/02\/ALQUILER-SET-BOMBILLAS-ACCENT-B7C-7W-RGB-WELABPLUS-2.jpg\" alt=\"ALQUILER SET BOMBILLAS ACCENT B7C 7W RGB WELABPLUS\" width=\"1000\" height=\"563\" srcset=\"https:\/\/welabplus.com\/wevision\/wp-content\/uploads\/2023\/02\/ALQUILER-SET-BOMBILLAS-ACCENT-B7C-7W-RGB-WELABPLUS-2.jpg 1000w, https:\/\/welabplus.com\/wevision\/wp-content\/uploads\/2023\/02\/ALQUILER-SET-BOMBILLAS-ACCENT-B7C-7W-RGB-WELABPLUS-2-300x169.jpg 300w, https:\/\/welabplus.com\/wevision\/wp-content\/uploads\/2023\/02\/ALQUILER-SET-BOMBILLAS-ACCENT-B7C-7W-RGB-WELABPLUS-2-768x432.jpg 768w, https:\/\/welabplus.com\/wevision\/wp-content\/uploads\/2023\/02\/ALQUILER-SET-BOMBILLAS-ACCENT-B7C-7W-RGB-WELABPLUS-2-600x338.jpg 600w\" sizes=\"auto, (max-width: 1000px) 100vw, 1000px\" \/><\/p>\n<p>&nbsp;<\/p>\n<p><strong>Calidad de confianza<\/strong><\/p>\n<p>A diferencia de las bombillas LED dom\u00e9sticas t\u00edpicas, el Accent B7c utiliza LED de calidad cinematogr\u00e1fica para reproducir tonos de piel inmaculados, con valores CRI y TLCI impecables de 95+ y una puntuaci\u00f3n SSI de tungsteno de 85, superando a las luces est\u00e1ndar de la industria.<\/p>\n<p>&nbsp;<\/p>\n<p><strong>M\u00e1s informaci\u00f3n<\/strong> en la\u00a0<a href=\"https:\/\/www.aputure.com\/products\/accent-b7c-8-light-kit\/\">web del fabricante.<\/a><\/p>\n<p>&nbsp;<\/p>\n<hr \/>\n<div class=\"social-icon social-big\"><a href=\"https:\/\/www.facebook.com\/welab.es\" target=\"_blank\" title=\"\"><i class=\"fa fa-facebook\"><\/i><\/a><\/div>\n<div class=\"social-icon social-big\"><a href=\"https:\/\/twitter.com\/welabspain\" target=\"_blank\" title=\"\"><i class=\"fa fa-twitter\"><\/i><\/a><\/div>\n<div class=\"social-icon social-big\"><a href=\"https:\/\/www.instagram.com\/welabspain\/?hl=es\" target=\"_blank\" title=\"\"><i class=\"fa fa-instagram\"><\/i><\/a><\/div>\n<div class=\"social-icon social-big\"><a href=\"https:\/\/www.linkedin.com\/company\/9317433\/admin\/\" target=\"_blank\" title=\"\"><i class=\"fa fa-linkedin\"><\/i><\/a><\/div>\n","protected":false},"excerpt":{"rendered":"<p>Kit de producci\u00f3n de 8 bombillas LED inteligentes RGBWW de 7 W El kit de 8 luces Accent B7c est\u00e1 [&hellip;]<\/p>\n","protected":false},"featured_media":28060,"comment_status":"closed","ping_status":"closed","template":"","meta":{"_acf_changed":false,"inline_featured_image":false},"product_brand":[],"product_cat":[6296],"product_tag":[6350,6351,6352,6353,6354,6355,6258,6300,6304,6332,6348,6349],"class_list":{"0":"post-21409","1":"product","2":"type-product","3":"status-publish","4":"has-post-thumbnail","6":"product_cat-bombillas","7":"product_tag-bombillas-led","8":"product_tag-accent-b7c-7w-rgb","9":"product_tag-smart-bulb","10":"product_tag-bombilla-led","11":"product_tag-led","12":"product_tag-luz-led","13":"product_tag-iluminacion","14":"product_tag-alquiler-iluminacion-led","15":"product_tag-iluminacion-led","16":"product_tag-luces-led","17":"product_tag-bombillas","18":"product_tag-alquiler-bombillas","20":"first","21":"instock","22":"shipping-taxable","23":"purchasable","24":"product-type-simple"},"acf":[],"yoast_head":"<!-- This site is optimized with the Yoast SEO plugin v26.2 - https:\/\/yoast.com\/wordpress\/plugins\/seo\/ -->\n<title>SET BOMBILLAS ACCENT B7C 7W RGB - Welabplus<\/title>\n<meta name=\"description\" content=\"Alquiler SET BOMBILLAS ACCENT B7C 7W RGB en Welab en Madrid y en las Islas Canarias, para cine publicidad, series, documentales, videoclips....\" \/>\n<meta name=\"robots\" content=\"index, follow, max-snippet:-1, max-image-preview:large, max-video-preview:-1\" \/>\n<link rel=\"canonical\" href=\"https:\/\/welabplus.com\/wevision\/catalogo\/led\/bombillas\/set-bombillas-accent-b7c-7w-rgb\/\" \/>\n<meta property=\"og:locale\" content=\"es_ES\" \/>\n<meta property=\"og:type\" content=\"article\" \/>\n<meta property=\"og:title\" content=\"SET BOMBILLAS ACCENT B7C 7W RGB - Welabplus\" \/>\n<meta property=\"og:description\" content=\"Alquiler SET BOMBILLAS ACCENT B7C 7W RGB en Welab en Madrid y en las Islas Canarias, para cine publicidad, series, documentales, videoclips....\" \/>\n<meta property=\"og:url\" content=\"https:\/\/welabplus.com\/wevision\/catalogo\/led\/bombillas\/set-bombillas-accent-b7c-7w-rgb\/\" \/>\n<meta property=\"og:site_name\" content=\"Wevision\" \/>\n<meta property=\"article:publisher\" content=\"https:\/\/www.facebook.com\/welab.es\/\" \/>\n<meta property=\"article:modified_time\" content=\"2025-11-28T11:24:17+00:00\" \/>\n<meta property=\"og:image\" content=\"https:\/\/welabplus.com\/wevision\/wp-content\/uploads\/2025\/11\/ALQUILER-SET-BOMBILLAS-ACCENT-B7C-7W-RGB-WEVISION_WELABPLUS.jpg\" \/>\n\t<meta property=\"og:image:width\" content=\"933\" \/>\n\t<meta property=\"og:image:height\" content=\"557\" \/>\n\t<meta property=\"og:image:type\" content=\"image\/jpeg\" \/>\n<meta name=\"twitter:card\" content=\"summary_large_image\" \/>\n<meta name=\"twitter:site\" content=\"@welabspain\" \/>\n<meta name=\"twitter:label1\" content=\"Tiempo de lectura\" \/>\n\t<meta name=\"twitter:data1\" content=\"3 minutos\" \/>\n<script type=\"application\/ld+json\" class=\"yoast-schema-graph\">{\"@context\":\"https:\/\/schema.org\",\"@graph\":[{\"@type\":\"WebPage\",\"@id\":\"https:\/\/welabplus.com\/wevision\/catalogo\/led\/bombillas\/set-bombillas-accent-b7c-7w-rgb\/\",\"url\":\"https:\/\/welabplus.com\/wevision\/catalogo\/led\/bombillas\/set-bombillas-accent-b7c-7w-rgb\/\",\"name\":\"SET BOMBILLAS ACCENT B7C 7W RGB - Welabplus\",\"isPartOf\":{\"@id\":\"https:\/\/welabplus.com\/wevision\/#website\"},\"primaryImageOfPage\":{\"@id\":\"https:\/\/welabplus.com\/wevision\/catalogo\/led\/bombillas\/set-bombillas-accent-b7c-7w-rgb\/#primaryimage\"},\"image\":{\"@id\":\"https:\/\/welabplus.com\/wevision\/catalogo\/led\/bombillas\/set-bombillas-accent-b7c-7w-rgb\/#primaryimage\"},\"thumbnailUrl\":\"https:\/\/welabplus.com\/wevision\/wp-content\/uploads\/2025\/11\/ALQUILER-SET-BOMBILLAS-ACCENT-B7C-7W-RGB-WEVISION_WELABPLUS.jpg\",\"datePublished\":\"2023-02-28T14:49:30+00:00\",\"dateModified\":\"2025-11-28T11:24:17+00:00\",\"description\":\"Alquiler SET BOMBILLAS ACCENT B7C 7W RGB en Welab en Madrid y en las Islas Canarias, para cine publicidad, series, documentales, videoclips....\",\"breadcrumb\":{\"@id\":\"https:\/\/welabplus.com\/wevision\/catalogo\/led\/bombillas\/set-bombillas-accent-b7c-7w-rgb\/#breadcrumb\"},\"inLanguage\":\"es\",\"potentialAction\":[{\"@type\":\"ReadAction\",\"target\":[\"https:\/\/welabplus.com\/wevision\/catalogo\/led\/bombillas\/set-bombillas-accent-b7c-7w-rgb\/\"]}]},{\"@type\":\"ImageObject\",\"inLanguage\":\"es\",\"@id\":\"https:\/\/welabplus.com\/wevision\/catalogo\/led\/bombillas\/set-bombillas-accent-b7c-7w-rgb\/#primaryimage\",\"url\":\"https:\/\/welabplus.com\/wevision\/wp-content\/uploads\/2025\/11\/ALQUILER-SET-BOMBILLAS-ACCENT-B7C-7W-RGB-WEVISION_WELABPLUS.jpg\",\"contentUrl\":\"https:\/\/welabplus.com\/wevision\/wp-content\/uploads\/2025\/11\/ALQUILER-SET-BOMBILLAS-ACCENT-B7C-7W-RGB-WEVISION_WELABPLUS.jpg\",\"width\":933,\"height\":557,\"caption\":\"ALQUILER SET BOMBILLAS ACCENT B7C 7W RGB WEVISION WELABPLUS\"},{\"@type\":\"BreadcrumbList\",\"@id\":\"https:\/\/welabplus.com\/wevision\/catalogo\/led\/bombillas\/set-bombillas-accent-b7c-7w-rgb\/#breadcrumb\",\"itemListElement\":[{\"@type\":\"ListItem\",\"position\":1,\"name\":\"Portada\",\"item\":\"https:\/\/welabplus.com\/wevision\/\"},{\"@type\":\"ListItem\",\"position\":2,\"name\":\"Cat\u00e1logo\",\"item\":\"https:\/\/welabplus.com\/wevision\/catalogo\/\"},{\"@type\":\"ListItem\",\"position\":3,\"name\":\"SET BOMBILLAS ACCENT B7C 7W RGB\"}]},{\"@type\":\"WebSite\",\"@id\":\"https:\/\/welabplus.com\/wevision\/#website\",\"url\":\"https:\/\/welabplus.com\/wevision\/\",\"name\":\"Welabplus\",\"description\":\"C\u00e1maras y lentes para cine\",\"publisher\":{\"@id\":\"https:\/\/welabplus.com\/wevision\/#organization\"},\"potentialAction\":[{\"@type\":\"SearchAction\",\"target\":{\"@type\":\"EntryPoint\",\"urlTemplate\":\"https:\/\/welabplus.com\/wevision\/?s={search_term_string}\"},\"query-input\":{\"@type\":\"PropertyValueSpecification\",\"valueRequired\":true,\"valueName\":\"search_term_string\"}}],\"inLanguage\":\"es\"},{\"@type\":\"Organization\",\"@id\":\"https:\/\/welabplus.com\/wevision\/#organization\",\"name\":\"Welab Canary Islands\",\"url\":\"https:\/\/welabplus.com\/wevision\/\",\"logo\":{\"@type\":\"ImageObject\",\"inLanguage\":\"es\",\"@id\":\"https:\/\/welabplus.com\/wevision\/#\/schema\/logo\/image\/\",\"url\":\"\",\"contentUrl\":\"\",\"caption\":\"Welab Canary Islands\"},\"image\":{\"@id\":\"https:\/\/welabplus.com\/wevision\/#\/schema\/logo\/image\/\"},\"sameAs\":[\"https:\/\/www.facebook.com\/welab.es\/\",\"https:\/\/x.com\/welabspain\"]}]}<\/script>\n<!-- \/ Yoast SEO plugin. -->","yoast_head_json":{"title":"SET BOMBILLAS ACCENT B7C 7W RGB - Welabplus","description":"Alquiler SET BOMBILLAS ACCENT B7C 7W RGB en Welab en Madrid y en las Islas Canarias, para cine publicidad, series, documentales, videoclips....","robots":{"index":"index","follow":"follow","max-snippet":"max-snippet:-1","max-image-preview":"max-image-preview:large","max-video-preview":"max-video-preview:-1"},"canonical":"https:\/\/welabplus.com\/wevision\/catalogo\/led\/bombillas\/set-bombillas-accent-b7c-7w-rgb\/","og_locale":"es_ES","og_type":"article","og_title":"SET BOMBILLAS ACCENT B7C 7W RGB - Welabplus","og_description":"Alquiler SET BOMBILLAS ACCENT B7C 7W RGB en Welab en Madrid y en las Islas Canarias, para cine publicidad, series, documentales, videoclips....","og_url":"https:\/\/welabplus.com\/wevision\/catalogo\/led\/bombillas\/set-bombillas-accent-b7c-7w-rgb\/","og_site_name":"Wevision","article_publisher":"https:\/\/www.facebook.com\/welab.es\/","article_modified_time":"2025-11-28T11:24:17+00:00","og_image":[{"width":933,"height":557,"url":"https:\/\/welabplus.com\/wevision\/wp-content\/uploads\/2025\/11\/ALQUILER-SET-BOMBILLAS-ACCENT-B7C-7W-RGB-WEVISION_WELABPLUS.jpg","type":"image\/jpeg"}],"twitter_card":"summary_large_image","twitter_site":"@welabspain","twitter_misc":{"Tiempo de lectura":"3 minutos"},"schema":{"@context":"https:\/\/schema.org","@graph":[{"@type":"WebPage","@id":"https:\/\/welabplus.com\/wevision\/catalogo\/led\/bombillas\/set-bombillas-accent-b7c-7w-rgb\/","url":"https:\/\/welabplus.com\/wevision\/catalogo\/led\/bombillas\/set-bombillas-accent-b7c-7w-rgb\/","name":"SET BOMBILLAS ACCENT B7C 7W RGB - Welabplus","isPartOf":{"@id":"https:\/\/welabplus.com\/wevision\/#website"},"primaryImageOfPage":{"@id":"https:\/\/welabplus.com\/wevision\/catalogo\/led\/bombillas\/set-bombillas-accent-b7c-7w-rgb\/#primaryimage"},"image":{"@id":"https:\/\/welabplus.com\/wevision\/catalogo\/led\/bombillas\/set-bombillas-accent-b7c-7w-rgb\/#primaryimage"},"thumbnailUrl":"https:\/\/welabplus.com\/wevision\/wp-content\/uploads\/2025\/11\/ALQUILER-SET-BOMBILLAS-ACCENT-B7C-7W-RGB-WEVISION_WELABPLUS.jpg","datePublished":"2023-02-28T14:49:30+00:00","dateModified":"2025-11-28T11:24:17+00:00","description":"Alquiler SET BOMBILLAS ACCENT B7C 7W RGB en Welab en Madrid y en las Islas Canarias, para cine publicidad, series, documentales, videoclips....","breadcrumb":{"@id":"https:\/\/welabplus.com\/wevision\/catalogo\/led\/bombillas\/set-bombillas-accent-b7c-7w-rgb\/#breadcrumb"},"inLanguage":"es","potentialAction":[{"@type":"ReadAction","target":["https:\/\/welabplus.com\/wevision\/catalogo\/led\/bombillas\/set-bombillas-accent-b7c-7w-rgb\/"]}]},{"@type":"ImageObject","inLanguage":"es","@id":"https:\/\/welabplus.com\/wevision\/catalogo\/led\/bombillas\/set-bombillas-accent-b7c-7w-rgb\/#primaryimage","url":"https:\/\/welabplus.com\/wevision\/wp-content\/uploads\/2025\/11\/ALQUILER-SET-BOMBILLAS-ACCENT-B7C-7W-RGB-WEVISION_WELABPLUS.jpg","contentUrl":"https:\/\/welabplus.com\/wevision\/wp-content\/uploads\/2025\/11\/ALQUILER-SET-BOMBILLAS-ACCENT-B7C-7W-RGB-WEVISION_WELABPLUS.jpg","width":933,"height":557,"caption":"ALQUILER SET BOMBILLAS ACCENT B7C 7W RGB WEVISION WELABPLUS"},{"@type":"BreadcrumbList","@id":"https:\/\/welabplus.com\/wevision\/catalogo\/led\/bombillas\/set-bombillas-accent-b7c-7w-rgb\/#breadcrumb","itemListElement":[{"@type":"ListItem","position":1,"name":"Portada","item":"https:\/\/welabplus.com\/wevision\/"},{"@type":"ListItem","position":2,"name":"Cat\u00e1logo","item":"https:\/\/welabplus.com\/wevision\/catalogo\/"},{"@type":"ListItem","position":3,"name":"SET BOMBILLAS ACCENT B7C 7W RGB"}]},{"@type":"WebSite","@id":"https:\/\/welabplus.com\/wevision\/#website","url":"https:\/\/welabplus.com\/wevision\/","name":"Welabplus","description":"C\u00e1maras y lentes para cine","publisher":{"@id":"https:\/\/welabplus.com\/wevision\/#organization"},"potentialAction":[{"@type":"SearchAction","target":{"@type":"EntryPoint","urlTemplate":"https:\/\/welabplus.com\/wevision\/?s={search_term_string}"},"query-input":{"@type":"PropertyValueSpecification","valueRequired":true,"valueName":"search_term_string"}}],"inLanguage":"es"},{"@type":"Organization","@id":"https:\/\/welabplus.com\/wevision\/#organization","name":"Welab Canary Islands","url":"https:\/\/welabplus.com\/wevision\/","logo":{"@type":"ImageObject","inLanguage":"es","@id":"https:\/\/welabplus.com\/wevision\/#\/schema\/logo\/image\/","url":"","contentUrl":"","caption":"Welab Canary Islands"},"image":{"@id":"https:\/\/welabplus.com\/wevision\/#\/schema\/logo\/image\/"},"sameAs":["https:\/\/www.facebook.com\/welab.es\/","https:\/\/x.com\/welabspain"]}]}},"_links":{"self":[{"href":"https:\/\/welabplus.com\/wevision\/wp-json\/wp\/v2\/product\/21409","targetHints":{"allow":["GET"]}}],"collection":[{"href":"https:\/\/welabplus.com\/wevision\/wp-json\/wp\/v2\/product"}],"about":[{"href":"https:\/\/welabplus.com\/wevision\/wp-json\/wp\/v2\/types\/product"}],"replies":[{"embeddable":true,"href":"https:\/\/welabplus.com\/wevision\/wp-json\/wp\/v2\/comments?post=21409"}],"wp:featuredmedia":[{"embeddable":true,"href":"https:\/\/welabplus.com\/wevision\/wp-json\/wp\/v2\/media\/28060"}],"wp:attachment":[{"href":"https:\/\/welabplus.com\/wevision\/wp-json\/wp\/v2\/media?parent=21409"}],"wp:term":[{"taxonomy":"product_brand","embeddable":true,"href":"https:\/\/welabplus.com\/wevision\/wp-json\/wp\/v2\/product_brand?post=21409"},{"taxonomy":"product_cat","embeddable":true,"href":"https:\/\/welabplus.com\/wevision\/wp-json\/wp\/v2\/product_cat?post=21409"},{"taxonomy":"product_tag","embeddable":true,"href":"https:\/\/welabplus.com\/wevision\/wp-json\/wp\/v2\/product_tag?post=21409"}],"curies":[{"name":"wp","href":"https:\/\/api.w.org\/{rel}","templated":true}]}}