{"id":21406,"date":"2025-11-06T10:24:48","date_gmt":"2025-11-06T09:24:48","guid":{"rendered":"https:\/\/welabplus.com\/wevision\/?post_type=product&#038;p=21406"},"modified":"2025-11-18T12:27:38","modified_gmt":"2025-11-18T11:27:38","slug":"dedolight-40w-led-bicolor","status":"publish","type":"product","link":"https:\/\/welabplus.com\/wevision\/catalogo\/led\/foco-puntual-cob\/dedolight\/dedolight-40w-led-bicolor\/","title":{"rendered":"DEDOLIGHT 40W LED BICOLOR"},"content":{"rendered":"<p>El cabezal de luz <strong>DEDOLIGHT 40W LED BICOLOR<\/strong> es una luz LED enfocable con soporte de zapata. Esta unidad cuenta con configuraciones de temperatura de color bicolor para una amplia gama de situaciones. La luz del foco se enfoca como una verdadera iluminaci\u00f3n interior desde\u00a060\u00b0\u00a0hasta un haz extremadamente estrecho\u00a0de 4\u00b0\u00a0. De esta manera colocas la luz exactamente donde quieres sin causar sombras adicionales no deseadas.<\/p>\n<p>&nbsp;<\/p>\n<h3>Caracter\u00edsiticas T\u00e9cnicas del DEDOLIGHT 40W LED BICOLOR:<\/h3>\n<ul>\n<li>Color perfecto en versiones luz d\u00eda y tungsteno.<\/li>\n<li><strong>Rango bicolor expandido:<\/strong> un gran regalo para el trabajo m\u00f3vil, ajustando desde 2700K linealmente hasta los 6000k, adapt\u00e1ndose as\u00ed a la mayor\u00eda de situaciones de luz ambiental sin utilizar filtros. Ajuste f\u00e1cil para dar un ligero tono c\u00e1lido a la luz de relleno o una luz de contra ligeramente fr\u00eda o separando el fondo con sutiles colores.<\/li>\n<li><strong>Regulaci\u00f3n:<\/strong> algoritmos de regulaci\u00f3n patentados, para una regulaci\u00f3n suave incluso en el nivel m\u00e1s bajo. Regulaci\u00f3n de 16 bits como opci\u00f3n especial para estudios bajo demanda.<\/li>\n<li>Balastos AC y DC.<\/li>\n<li><strong>Operaci\u00f3n con baterias:<\/strong> alto rendimiento &#8211; mejor eficiencia . La baja demanda de alimentaci\u00f3n permite a los equipos m\u00f3viles trabajar durante horas de forma totalmente independiente a la alimentaci\u00f3n AC. Pinzas para sujetarlas en el cintur\u00f3n (V-lock o AB) as\u00ed como sujetarlas a los tr\u00edpodes.<\/li>\n<\/ul>\n<p>&nbsp;<\/p>\n<p><img loading=\"lazy\" decoding=\"async\" class=\"aligncenter size-full wp-image-21410\" src=\"https:\/\/welabplus.com\/wevision\/wp-content\/uploads\/2023\/02\/ALQUILER-DEDOLIGHT-40W-LED-BICOLOR-WELABPLUS_1.png\" alt=\"ALQUILER DEDOLIGHT 40W LED BICOLOR WELABPLUS_1\" width=\"795\" height=\"311\" srcset=\"https:\/\/welabplus.com\/wevision\/wp-content\/uploads\/2023\/02\/ALQUILER-DEDOLIGHT-40W-LED-BICOLOR-WELABPLUS_1.png 795w, https:\/\/welabplus.com\/wevision\/wp-content\/uploads\/2023\/02\/ALQUILER-DEDOLIGHT-40W-LED-BICOLOR-WELABPLUS_1-300x117.png 300w, https:\/\/welabplus.com\/wevision\/wp-content\/uploads\/2023\/02\/ALQUILER-DEDOLIGHT-40W-LED-BICOLOR-WELABPLUS_1-768x300.png 768w, https:\/\/welabplus.com\/wevision\/wp-content\/uploads\/2023\/02\/ALQUILER-DEDOLIGHT-40W-LED-BICOLOR-WELABPLUS_1-600x235.png 600w\" sizes=\"auto, (max-width: 795px) 100vw, 795px\" \/><\/p>\n<p>&nbsp;<\/p>\n<p><img loading=\"lazy\" decoding=\"async\" class=\"aligncenter size-full wp-image-21411\" src=\"https:\/\/welabplus.com\/wevision\/wp-content\/uploads\/2023\/02\/ALQUILER-DEDOLIGHT-40W-LED-BICOLOR-WELABPLUS_2.png\" alt=\"ALQUILER DEDOLIGHT 40W LED BICOLOR WELABPLUS_2\" width=\"513\" height=\"266\" srcset=\"https:\/\/welabplus.com\/wevision\/wp-content\/uploads\/2023\/02\/ALQUILER-DEDOLIGHT-40W-LED-BICOLOR-WELABPLUS_2.png 513w, https:\/\/welabplus.com\/wevision\/wp-content\/uploads\/2023\/02\/ALQUILER-DEDOLIGHT-40W-LED-BICOLOR-WELABPLUS_2-300x156.png 300w\" sizes=\"auto, (max-width: 513px) 100vw, 513px\" \/><\/p>\n<div>\n<div class=\"\">\n<div>\n<div class=\"\">\n<p>&nbsp;<\/p>\n<\/div>\n<\/div>\n<hr \/>\n<div class=\"social-icon social-big\"><a href=\"https:\/\/www.facebook.com\/welabplus\/\" target=\"_blank\" title=\"\"><i class=\"fa fa-facebook\"><\/i><\/a><\/div>\n<div class=\"social-icon social-big\"><a href=\"https:\/\/twitter.com\/welabplus\" target=\"_blank\" title=\"\"><i class=\"fa fa-twitter\"><\/i><\/a><\/div>\n<div class=\"social-icon social-big\"><a href=\"https:\/\/www.instagram.com\/welabplus\/?hl=es\" target=\"_blank\" title=\"\"><i class=\"fa fa-instagram\"><\/i><\/a><\/div>\n<div class=\"social-icon social-big\"><a href=\"https:\/\/www.linkedin.com\/company\/welabplus\" target=\"_blank\" title=\"\"><i class=\"fa fa-linkedin\"><\/i><\/a><\/div>\n<\/div>\n<\/div>\n","protected":false},"excerpt":{"rendered":"<p>El cabezal de luz DEDOLIGHT 40W LED BICOLOR es una luz LED enfocable con soporte de zapata. Esta unidad cuenta [&hellip;]<\/p>\n","protected":false},"featured_media":28053,"comment_status":"closed","ping_status":"closed","template":"","meta":{"_acf_changed":false,"inline_featured_image":false},"product_brand":[],"product_cat":[8984],"product_tag":[6337,6343,6344,6345],"class_list":{"0":"post-21406","1":"product","2":"type-product","3":"status-publish","4":"has-post-thumbnail","6":"product_cat-dedolight","7":"product_tag-alquiler-focos","8":"product_tag-alquiler-dedolight-40w-led-bicolor","9":"product_tag-alquiler-foco-dedolight-40w-led-bicolor","10":"product_tag-alquiler-iluminacion-foco-dedolight-40w-led-bicolor","12":"first","13":"instock","14":"shipping-taxable","15":"purchasable","16":"product-type-simple"},"acf":[],"yoast_head":"<!-- This site is optimized with the Yoast SEO plugin v26.2 - https:\/\/yoast.com\/wordpress\/plugins\/seo\/ -->\n<title>DEDOLIGHT 40W LED BICOLOR - Welabplus<\/title>\n<meta name=\"description\" content=\"Alquiler de DEDOLIGHT 40W LED BICOLOR en Welab en Madrid y en las Islas Canarias, para cine publicidad, series, documentales, videoclips...\" \/>\n<meta name=\"robots\" content=\"index, follow, max-snippet:-1, max-image-preview:large, max-video-preview:-1\" \/>\n<link rel=\"canonical\" href=\"https:\/\/welabplus.com\/wevision\/catalogo\/led\/foco-puntual-cob\/dedolight\/dedolight-40w-led-bicolor\/\" \/>\n<meta property=\"og:locale\" content=\"es_ES\" \/>\n<meta property=\"og:type\" content=\"article\" \/>\n<meta property=\"og:title\" content=\"DEDOLIGHT 40W LED BICOLOR - Welabplus\" \/>\n<meta property=\"og:description\" content=\"Alquiler de DEDOLIGHT 40W LED BICOLOR en Welab en Madrid y en las Islas Canarias, para cine publicidad, series, documentales, videoclips...\" \/>\n<meta property=\"og:url\" content=\"https:\/\/welabplus.com\/wevision\/catalogo\/led\/foco-puntual-cob\/dedolight\/dedolight-40w-led-bicolor\/\" \/>\n<meta property=\"og:site_name\" content=\"Wevision\" \/>\n<meta property=\"article:publisher\" content=\"https:\/\/www.facebook.com\/welab.es\/\" \/>\n<meta property=\"article:modified_time\" content=\"2025-11-18T11:27:38+00:00\" \/>\n<meta property=\"og:image\" content=\"https:\/\/welabplus.com\/wevision\/wp-content\/uploads\/2025\/11\/ALQUILER-DEDOLIGHT-40W-LED-BICOLOR-WEVISION_WELABPLUS.jpg\" \/>\n\t<meta property=\"og:image:width\" content=\"933\" \/>\n\t<meta property=\"og:image:height\" content=\"557\" \/>\n\t<meta property=\"og:image:type\" content=\"image\/jpeg\" \/>\n<meta name=\"twitter:card\" content=\"summary_large_image\" \/>\n<meta name=\"twitter:site\" content=\"@welabspain\" \/>\n<meta name=\"twitter:label1\" content=\"Tiempo de lectura\" \/>\n\t<meta name=\"twitter:data1\" content=\"2 minutos\" \/>\n<script type=\"application\/ld+json\" class=\"yoast-schema-graph\">{\"@context\":\"https:\/\/schema.org\",\"@graph\":[{\"@type\":\"WebPage\",\"@id\":\"https:\/\/welabplus.com\/wevision\/catalogo\/led\/foco-puntual-cob\/dedolight\/dedolight-40w-led-bicolor\/\",\"url\":\"https:\/\/welabplus.com\/wevision\/catalogo\/led\/foco-puntual-cob\/dedolight\/dedolight-40w-led-bicolor\/\",\"name\":\"DEDOLIGHT 40W LED BICOLOR - Welabplus\",\"isPartOf\":{\"@id\":\"https:\/\/welabplus.com\/wevision\/#website\"},\"primaryImageOfPage\":{\"@id\":\"https:\/\/welabplus.com\/wevision\/catalogo\/led\/foco-puntual-cob\/dedolight\/dedolight-40w-led-bicolor\/#primaryimage\"},\"image\":{\"@id\":\"https:\/\/welabplus.com\/wevision\/catalogo\/led\/foco-puntual-cob\/dedolight\/dedolight-40w-led-bicolor\/#primaryimage\"},\"thumbnailUrl\":\"https:\/\/welabplus.com\/wevision\/wp-content\/uploads\/2025\/11\/ALQUILER-DEDOLIGHT-40W-LED-BICOLOR-WEVISION_WELABPLUS.jpg\",\"datePublished\":\"2025-11-06T09:24:48+00:00\",\"dateModified\":\"2025-11-18T11:27:38+00:00\",\"description\":\"Alquiler de DEDOLIGHT 40W LED BICOLOR en Welab en Madrid y en las Islas Canarias, para cine publicidad, series, documentales, videoclips...\",\"breadcrumb\":{\"@id\":\"https:\/\/welabplus.com\/wevision\/catalogo\/led\/foco-puntual-cob\/dedolight\/dedolight-40w-led-bicolor\/#breadcrumb\"},\"inLanguage\":\"es\",\"potentialAction\":[{\"@type\":\"ReadAction\",\"target\":[\"https:\/\/welabplus.com\/wevision\/catalogo\/led\/foco-puntual-cob\/dedolight\/dedolight-40w-led-bicolor\/\"]}]},{\"@type\":\"ImageObject\",\"inLanguage\":\"es\",\"@id\":\"https:\/\/welabplus.com\/wevision\/catalogo\/led\/foco-puntual-cob\/dedolight\/dedolight-40w-led-bicolor\/#primaryimage\",\"url\":\"https:\/\/welabplus.com\/wevision\/wp-content\/uploads\/2025\/11\/ALQUILER-DEDOLIGHT-40W-LED-BICOLOR-WEVISION_WELABPLUS.jpg\",\"contentUrl\":\"https:\/\/welabplus.com\/wevision\/wp-content\/uploads\/2025\/11\/ALQUILER-DEDOLIGHT-40W-LED-BICOLOR-WEVISION_WELABPLUS.jpg\",\"width\":933,\"height\":557,\"caption\":\"ALQUILER DEDOLIGHT 40W LED BICOLOR WEVISION WELABPLUS\"},{\"@type\":\"BreadcrumbList\",\"@id\":\"https:\/\/welabplus.com\/wevision\/catalogo\/led\/foco-puntual-cob\/dedolight\/dedolight-40w-led-bicolor\/#breadcrumb\",\"itemListElement\":[{\"@type\":\"ListItem\",\"position\":1,\"name\":\"Portada\",\"item\":\"https:\/\/welabplus.com\/wevision\/\"},{\"@type\":\"ListItem\",\"position\":2,\"name\":\"Cat\u00e1logo\",\"item\":\"https:\/\/welabplus.com\/wevision\/catalogo\/\"},{\"@type\":\"ListItem\",\"position\":3,\"name\":\"DEDOLIGHT 40W LED BICOLOR\"}]},{\"@type\":\"WebSite\",\"@id\":\"https:\/\/welabplus.com\/wevision\/#website\",\"url\":\"https:\/\/welabplus.com\/wevision\/\",\"name\":\"Welabplus\",\"description\":\"C\u00e1maras y lentes para cine\",\"publisher\":{\"@id\":\"https:\/\/welabplus.com\/wevision\/#organization\"},\"potentialAction\":[{\"@type\":\"SearchAction\",\"target\":{\"@type\":\"EntryPoint\",\"urlTemplate\":\"https:\/\/welabplus.com\/wevision\/?s={search_term_string}\"},\"query-input\":{\"@type\":\"PropertyValueSpecification\",\"valueRequired\":true,\"valueName\":\"search_term_string\"}}],\"inLanguage\":\"es\"},{\"@type\":\"Organization\",\"@id\":\"https:\/\/welabplus.com\/wevision\/#organization\",\"name\":\"Welab Canary Islands\",\"url\":\"https:\/\/welabplus.com\/wevision\/\",\"logo\":{\"@type\":\"ImageObject\",\"inLanguage\":\"es\",\"@id\":\"https:\/\/welabplus.com\/wevision\/#\/schema\/logo\/image\/\",\"url\":\"\",\"contentUrl\":\"\",\"caption\":\"Welab Canary Islands\"},\"image\":{\"@id\":\"https:\/\/welabplus.com\/wevision\/#\/schema\/logo\/image\/\"},\"sameAs\":[\"https:\/\/www.facebook.com\/welab.es\/\",\"https:\/\/x.com\/welabspain\"]}]}<\/script>\n<!-- \/ Yoast SEO plugin. -->","yoast_head_json":{"title":"DEDOLIGHT 40W LED BICOLOR - Welabplus","description":"Alquiler de DEDOLIGHT 40W LED BICOLOR en Welab en Madrid y en las Islas Canarias, para cine publicidad, series, documentales, videoclips...","robots":{"index":"index","follow":"follow","max-snippet":"max-snippet:-1","max-image-preview":"max-image-preview:large","max-video-preview":"max-video-preview:-1"},"canonical":"https:\/\/welabplus.com\/wevision\/catalogo\/led\/foco-puntual-cob\/dedolight\/dedolight-40w-led-bicolor\/","og_locale":"es_ES","og_type":"article","og_title":"DEDOLIGHT 40W LED BICOLOR - Welabplus","og_description":"Alquiler de DEDOLIGHT 40W LED BICOLOR en Welab en Madrid y en las Islas Canarias, para cine publicidad, series, documentales, videoclips...","og_url":"https:\/\/welabplus.com\/wevision\/catalogo\/led\/foco-puntual-cob\/dedolight\/dedolight-40w-led-bicolor\/","og_site_name":"Wevision","article_publisher":"https:\/\/www.facebook.com\/welab.es\/","article_modified_time":"2025-11-18T11:27:38+00:00","og_image":[{"width":933,"height":557,"url":"https:\/\/welabplus.com\/wevision\/wp-content\/uploads\/2025\/11\/ALQUILER-DEDOLIGHT-40W-LED-BICOLOR-WEVISION_WELABPLUS.jpg","type":"image\/jpeg"}],"twitter_card":"summary_large_image","twitter_site":"@welabspain","twitter_misc":{"Tiempo de lectura":"2 minutos"},"schema":{"@context":"https:\/\/schema.org","@graph":[{"@type":"WebPage","@id":"https:\/\/welabplus.com\/wevision\/catalogo\/led\/foco-puntual-cob\/dedolight\/dedolight-40w-led-bicolor\/","url":"https:\/\/welabplus.com\/wevision\/catalogo\/led\/foco-puntual-cob\/dedolight\/dedolight-40w-led-bicolor\/","name":"DEDOLIGHT 40W LED BICOLOR - Welabplus","isPartOf":{"@id":"https:\/\/welabplus.com\/wevision\/#website"},"primaryImageOfPage":{"@id":"https:\/\/welabplus.com\/wevision\/catalogo\/led\/foco-puntual-cob\/dedolight\/dedolight-40w-led-bicolor\/#primaryimage"},"image":{"@id":"https:\/\/welabplus.com\/wevision\/catalogo\/led\/foco-puntual-cob\/dedolight\/dedolight-40w-led-bicolor\/#primaryimage"},"thumbnailUrl":"https:\/\/welabplus.com\/wevision\/wp-content\/uploads\/2025\/11\/ALQUILER-DEDOLIGHT-40W-LED-BICOLOR-WEVISION_WELABPLUS.jpg","datePublished":"2025-11-06T09:24:48+00:00","dateModified":"2025-11-18T11:27:38+00:00","description":"Alquiler de DEDOLIGHT 40W LED BICOLOR en Welab en Madrid y en las Islas Canarias, para cine publicidad, series, documentales, videoclips...","breadcrumb":{"@id":"https:\/\/welabplus.com\/wevision\/catalogo\/led\/foco-puntual-cob\/dedolight\/dedolight-40w-led-bicolor\/#breadcrumb"},"inLanguage":"es","potentialAction":[{"@type":"ReadAction","target":["https:\/\/welabplus.com\/wevision\/catalogo\/led\/foco-puntual-cob\/dedolight\/dedolight-40w-led-bicolor\/"]}]},{"@type":"ImageObject","inLanguage":"es","@id":"https:\/\/welabplus.com\/wevision\/catalogo\/led\/foco-puntual-cob\/dedolight\/dedolight-40w-led-bicolor\/#primaryimage","url":"https:\/\/welabplus.com\/wevision\/wp-content\/uploads\/2025\/11\/ALQUILER-DEDOLIGHT-40W-LED-BICOLOR-WEVISION_WELABPLUS.jpg","contentUrl":"https:\/\/welabplus.com\/wevision\/wp-content\/uploads\/2025\/11\/ALQUILER-DEDOLIGHT-40W-LED-BICOLOR-WEVISION_WELABPLUS.jpg","width":933,"height":557,"caption":"ALQUILER DEDOLIGHT 40W LED BICOLOR WEVISION WELABPLUS"},{"@type":"BreadcrumbList","@id":"https:\/\/welabplus.com\/wevision\/catalogo\/led\/foco-puntual-cob\/dedolight\/dedolight-40w-led-bicolor\/#breadcrumb","itemListElement":[{"@type":"ListItem","position":1,"name":"Portada","item":"https:\/\/welabplus.com\/wevision\/"},{"@type":"ListItem","position":2,"name":"Cat\u00e1logo","item":"https:\/\/welabplus.com\/wevision\/catalogo\/"},{"@type":"ListItem","position":3,"name":"DEDOLIGHT 40W LED BICOLOR"}]},{"@type":"WebSite","@id":"https:\/\/welabplus.com\/wevision\/#website","url":"https:\/\/welabplus.com\/wevision\/","name":"Welabplus","description":"C\u00e1maras y lentes para cine","publisher":{"@id":"https:\/\/welabplus.com\/wevision\/#organization"},"potentialAction":[{"@type":"SearchAction","target":{"@type":"EntryPoint","urlTemplate":"https:\/\/welabplus.com\/wevision\/?s={search_term_string}"},"query-input":{"@type":"PropertyValueSpecification","valueRequired":true,"valueName":"search_term_string"}}],"inLanguage":"es"},{"@type":"Organization","@id":"https:\/\/welabplus.com\/wevision\/#organization","name":"Welab Canary Islands","url":"https:\/\/welabplus.com\/wevision\/","logo":{"@type":"ImageObject","inLanguage":"es","@id":"https:\/\/welabplus.com\/wevision\/#\/schema\/logo\/image\/","url":"","contentUrl":"","caption":"Welab Canary Islands"},"image":{"@id":"https:\/\/welabplus.com\/wevision\/#\/schema\/logo\/image\/"},"sameAs":["https:\/\/www.facebook.com\/welab.es\/","https:\/\/x.com\/welabspain"]}]}},"_links":{"self":[{"href":"https:\/\/welabplus.com\/wevision\/wp-json\/wp\/v2\/product\/21406","targetHints":{"allow":["GET"]}}],"collection":[{"href":"https:\/\/welabplus.com\/wevision\/wp-json\/wp\/v2\/product"}],"about":[{"href":"https:\/\/welabplus.com\/wevision\/wp-json\/wp\/v2\/types\/product"}],"replies":[{"embeddable":true,"href":"https:\/\/welabplus.com\/wevision\/wp-json\/wp\/v2\/comments?post=21406"}],"wp:featuredmedia":[{"embeddable":true,"href":"https:\/\/welabplus.com\/wevision\/wp-json\/wp\/v2\/media\/28053"}],"wp:attachment":[{"href":"https:\/\/welabplus.com\/wevision\/wp-json\/wp\/v2\/media?parent=21406"}],"wp:term":[{"taxonomy":"product_brand","embeddable":true,"href":"https:\/\/welabplus.com\/wevision\/wp-json\/wp\/v2\/product_brand?post=21406"},{"taxonomy":"product_cat","embeddable":true,"href":"https:\/\/welabplus.com\/wevision\/wp-json\/wp\/v2\/product_cat?post=21406"},{"taxonomy":"product_tag","embeddable":true,"href":"https:\/\/welabplus.com\/wevision\/wp-json\/wp\/v2\/product_tag?post=21406"}],"curies":[{"name":"wp","href":"https:\/\/api.w.org\/{rel}","templated":true}]}}