{"id":21399,"date":"2025-11-06T10:24:49","date_gmt":"2025-11-06T09:24:49","guid":{"rendered":"https:\/\/welabplus.com\/wevision\/?post_type=product&#038;p=21399"},"modified":"2025-11-20T11:21:23","modified_gmt":"2025-11-20T10:21:23","slug":"kit-astera-x8-tubos-led-titan","status":"publish","type":"product","link":"https:\/\/welabplus.com\/wevision\/catalogo\/led\/led-led\/kit-astera-x8-tubos-led-titan\/","title":{"rendered":"KIT ASTERA x8 TUBOS LED TITAN"},"content":{"rendered":"<header>\n<div>\n<div>\n<div>\n<div id=\"productname\">\n<h3>KIT ASTERA x8 TUBOS LED TITAN<\/h3>\n<\/div>\n<\/div>\n<\/div>\n<\/div>\n<div>\n<ul>\n<li>Precio d\u00eda o fin de semana (Sab-Lun):\u00a0180,00 \u20ac<\/li>\n<li>IVA NO INCLUIDO<\/li>\n<\/ul>\n<\/div>\n<\/header>\n<section id=\"description\" class=\"mar-top-15\">Los tubos asteras de <strong>iluminaci\u00f3n LED \u00abTitan Astera\u00bb<\/strong>\u00a0han sido dise\u00f1ados para las industrias de cine, radiodifusi\u00f3n y cine.\u00a0Optimizado para un TLCI ultra alto, un CRI muy alto y un brillo m\u00e1ximo, los colores, as\u00ed como el tono, la saturaci\u00f3n y la intensidad se pueden configurar directamente en las luces.\u00a0Adem\u00e1s, Titan Tube ahora acepta DMX con cable a trav\u00e9s de un cable especial de combinaci\u00f3n de alimentaci\u00f3n \/ datos.\u2022 M\u00e1x.\u00a020h<br \/>\n\u2022 Aplicaci\u00f3n<br \/>\n\u2022 DMX inal\u00e1mbrico<br \/>\n\u2022 IP65<\/p>\n<p>16\u00a0p\u00edxeles\u00a0controlables individualmente.\u00a0<strong>Blanco sintonizable<\/strong> con un rango de 1,750K a 20,000K.\u00a0<strong>Representaci\u00f3n de color ultra alto<\/strong>\u00a0TLCI&gt; = 96, CRI&gt; = 96, CRI Re&gt; = 90 de 3200K a 6500K.\u00a0Modo de impulso<\/p>\n<p>Ultrabrillante cuando muestra color blanco durante 2 horas o mientras est\u00e1 conectado a CA.<\/p>\n<p><strong>Pantalla trasera<\/strong><br \/>\nAcceso r\u00e1pido a la configuraci\u00f3n DMX, colores y matices, saturaci\u00f3n, control de intensidad.<\/p>\n<p><strong>Conexi\u00f3n de datos por cable (+ DMX inal\u00e1mbrico)<\/strong><br \/>\nDMX, Art-Net, sACN y alimentaci\u00f3n se pueden distribuir a trav\u00e9s de PowerBox.<\/p>\n<p><strong>Accesorios de montaje<\/strong><br \/>\nLos soportes personalizados permiten una f\u00e1cil fijaci\u00f3n para cualquier producci\u00f3n.<\/p>\n<p><strong>Sistema Astera<\/strong><br \/>\nUn sistema de control inteligente de su tubo de iluminaci\u00f3n de pel\u00edcula, donde el control remoto infrarrojo, el DMX inal\u00e1mbrico y la aplicaci\u00f3n trabajan juntos para permitir grandes configuraciones que se pueden configurar, monitorear y ajustar de una manera r\u00e1pida y conveniente.<\/p>\n<\/section>\n<p><iframe loading=\"lazy\" title=\"YouTube video player\" src=\"https:\/\/www.youtube.com\/embed\/V83BQca2MDY\" width=\"820\" height=\"461\" frameborder=\"0\" allowfullscreen=\"allowfullscreen\"><\/iframe><\/p>\n<p>&nbsp;<\/p>\n<hr \/>\n<div class=\"social-icon social-big\"><a href=\"https:\/\/www.facebook.com\/welab.es\" target=\"_blank\" title=\"\"><i class=\"fa fa-facebook\"><\/i><\/a><\/div>\n<div class=\"social-icon social-big\"><a href=\"https:\/\/twitter.com\/welabspain\" target=\"_blank\" title=\"\"><i class=\"fa fa-twitter\"><\/i><\/a><\/div>\n<div class=\"social-icon social-big\"><a href=\"https:\/\/www.instagram.com\/welabspain\/?hl=es\" target=\"_blank\" title=\"\"><i class=\"fa fa-instagram\"><\/i><\/a><\/div>\n<div class=\"social-icon social-big\"><a href=\"https:\/\/www.linkedin.com\/company\/9317433\/admin\/\" target=\"_blank\" title=\"\"><i class=\"fa fa-linkedin\"><\/i><\/a><\/div>\n","protected":false},"excerpt":{"rendered":"<p>KIT ASTERA x8 TUBOS LED TITAN Precio d\u00eda o fin de semana (Sab-Lun):\u00a0180,00 \u20ac IVA NO INCLUIDO Los tubos asteras [&hellip;]<\/p>\n","protected":false},"featured_media":28058,"comment_status":"closed","ping_status":"closed","template":"","meta":{"_acf_changed":false,"inline_featured_image":false},"product_brand":[],"product_cat":[9339],"product_tag":[6330,6331,6332,6333,6334],"class_list":{"0":"post-21399","1":"product","2":"type-product","3":"status-publish","4":"has-post-thumbnail","6":"product_cat-led-led","7":"product_tag-astera-titan-led","8":"product_tag-alquiler-asteras-madrid","9":"product_tag-luces-led","10":"product_tag-tubos-astera-led-titan","11":"product_tag-astera-titan-tube-rental","13":"first","14":"instock","15":"shipping-taxable","16":"purchasable","17":"product-type-simple"},"acf":[],"yoast_head":"<!-- This site is optimized with the Yoast SEO plugin v26.2 - https:\/\/yoast.com\/wordpress\/plugins\/seo\/ -->\n<title>KIT ASTERA x8 TUBOS LED TITAN - Welabplus<\/title>\n<meta name=\"description\" content=\"Alquiler KIT ASTERA x8 TUBOS LED TITAN en Welab en Madrid y en las Islas Canarias, para cine publicidad, series, documentales, videoclips....\" \/>\n<meta name=\"robots\" content=\"index, follow, max-snippet:-1, max-image-preview:large, max-video-preview:-1\" \/>\n<link rel=\"canonical\" href=\"https:\/\/welabplus.com\/wevision\/catalogo\/led\/led-led\/kit-astera-x8-tubos-led-titan\/\" \/>\n<meta property=\"og:locale\" content=\"es_ES\" \/>\n<meta property=\"og:type\" content=\"article\" \/>\n<meta property=\"og:title\" content=\"KIT ASTERA x8 TUBOS LED TITAN - Welabplus\" \/>\n<meta property=\"og:description\" content=\"Alquiler KIT ASTERA x8 TUBOS LED TITAN en Welab en Madrid y en las Islas Canarias, para cine publicidad, series, documentales, videoclips....\" \/>\n<meta property=\"og:url\" content=\"https:\/\/welabplus.com\/wevision\/catalogo\/led\/led-led\/kit-astera-x8-tubos-led-titan\/\" \/>\n<meta property=\"og:site_name\" content=\"Wevision\" \/>\n<meta property=\"article:publisher\" content=\"https:\/\/www.facebook.com\/welab.es\/\" \/>\n<meta property=\"article:modified_time\" content=\"2025-11-20T10:21:23+00:00\" \/>\n<meta property=\"og:image\" content=\"https:\/\/welabplus.com\/wevision\/wp-content\/uploads\/2025\/11\/ALQUILER-KIT-ASTERA-x8-TUBOS-LED-TITAN-WEVISION_WELABPLUS.jpg\" \/>\n\t<meta property=\"og:image:width\" content=\"933\" \/>\n\t<meta property=\"og:image:height\" content=\"557\" \/>\n\t<meta property=\"og:image:type\" content=\"image\/jpeg\" \/>\n<meta name=\"twitter:card\" content=\"summary_large_image\" \/>\n<meta name=\"twitter:site\" content=\"@welabspain\" \/>\n<meta name=\"twitter:label1\" content=\"Tiempo de lectura\" \/>\n\t<meta name=\"twitter:data1\" content=\"2 minutos\" \/>\n<script type=\"application\/ld+json\" class=\"yoast-schema-graph\">{\"@context\":\"https:\/\/schema.org\",\"@graph\":[{\"@type\":\"WebPage\",\"@id\":\"https:\/\/welabplus.com\/wevision\/catalogo\/led\/led-led\/kit-astera-x8-tubos-led-titan\/\",\"url\":\"https:\/\/welabplus.com\/wevision\/catalogo\/led\/led-led\/kit-astera-x8-tubos-led-titan\/\",\"name\":\"KIT ASTERA x8 TUBOS LED TITAN - Welabplus\",\"isPartOf\":{\"@id\":\"https:\/\/welabplus.com\/wevision\/#website\"},\"primaryImageOfPage\":{\"@id\":\"https:\/\/welabplus.com\/wevision\/catalogo\/led\/led-led\/kit-astera-x8-tubos-led-titan\/#primaryimage\"},\"image\":{\"@id\":\"https:\/\/welabplus.com\/wevision\/catalogo\/led\/led-led\/kit-astera-x8-tubos-led-titan\/#primaryimage\"},\"thumbnailUrl\":\"https:\/\/welabplus.com\/wevision\/wp-content\/uploads\/2025\/11\/ALQUILER-KIT-ASTERA-x8-TUBOS-LED-TITAN-WEVISION_WELABPLUS.jpg\",\"datePublished\":\"2025-11-06T09:24:49+00:00\",\"dateModified\":\"2025-11-20T10:21:23+00:00\",\"description\":\"Alquiler KIT ASTERA x8 TUBOS LED TITAN en Welab en Madrid y en las Islas Canarias, para cine publicidad, series, documentales, videoclips....\",\"breadcrumb\":{\"@id\":\"https:\/\/welabplus.com\/wevision\/catalogo\/led\/led-led\/kit-astera-x8-tubos-led-titan\/#breadcrumb\"},\"inLanguage\":\"es\",\"potentialAction\":[{\"@type\":\"ReadAction\",\"target\":[\"https:\/\/welabplus.com\/wevision\/catalogo\/led\/led-led\/kit-astera-x8-tubos-led-titan\/\"]}]},{\"@type\":\"ImageObject\",\"inLanguage\":\"es\",\"@id\":\"https:\/\/welabplus.com\/wevision\/catalogo\/led\/led-led\/kit-astera-x8-tubos-led-titan\/#primaryimage\",\"url\":\"https:\/\/welabplus.com\/wevision\/wp-content\/uploads\/2025\/11\/ALQUILER-KIT-ASTERA-x8-TUBOS-LED-TITAN-WEVISION_WELABPLUS.jpg\",\"contentUrl\":\"https:\/\/welabplus.com\/wevision\/wp-content\/uploads\/2025\/11\/ALQUILER-KIT-ASTERA-x8-TUBOS-LED-TITAN-WEVISION_WELABPLUS.jpg\",\"width\":933,\"height\":557,\"caption\":\"ALQUILER KIT ASTERA X8 TUBOS LED TITAN WEVISION WELABPLUS\"},{\"@type\":\"BreadcrumbList\",\"@id\":\"https:\/\/welabplus.com\/wevision\/catalogo\/led\/led-led\/kit-astera-x8-tubos-led-titan\/#breadcrumb\",\"itemListElement\":[{\"@type\":\"ListItem\",\"position\":1,\"name\":\"Portada\",\"item\":\"https:\/\/welabplus.com\/wevision\/\"},{\"@type\":\"ListItem\",\"position\":2,\"name\":\"Cat\u00e1logo\",\"item\":\"https:\/\/welabplus.com\/wevision\/catalogo\/\"},{\"@type\":\"ListItem\",\"position\":3,\"name\":\"KIT ASTERA x8 TUBOS LED TITAN\"}]},{\"@type\":\"WebSite\",\"@id\":\"https:\/\/welabplus.com\/wevision\/#website\",\"url\":\"https:\/\/welabplus.com\/wevision\/\",\"name\":\"Welabplus\",\"description\":\"C\u00e1maras y lentes para cine\",\"publisher\":{\"@id\":\"https:\/\/welabplus.com\/wevision\/#organization\"},\"potentialAction\":[{\"@type\":\"SearchAction\",\"target\":{\"@type\":\"EntryPoint\",\"urlTemplate\":\"https:\/\/welabplus.com\/wevision\/?s={search_term_string}\"},\"query-input\":{\"@type\":\"PropertyValueSpecification\",\"valueRequired\":true,\"valueName\":\"search_term_string\"}}],\"inLanguage\":\"es\"},{\"@type\":\"Organization\",\"@id\":\"https:\/\/welabplus.com\/wevision\/#organization\",\"name\":\"Welab Canary Islands\",\"url\":\"https:\/\/welabplus.com\/wevision\/\",\"logo\":{\"@type\":\"ImageObject\",\"inLanguage\":\"es\",\"@id\":\"https:\/\/welabplus.com\/wevision\/#\/schema\/logo\/image\/\",\"url\":\"\",\"contentUrl\":\"\",\"caption\":\"Welab Canary Islands\"},\"image\":{\"@id\":\"https:\/\/welabplus.com\/wevision\/#\/schema\/logo\/image\/\"},\"sameAs\":[\"https:\/\/www.facebook.com\/welab.es\/\",\"https:\/\/x.com\/welabspain\"]}]}<\/script>\n<!-- \/ Yoast SEO plugin. -->","yoast_head_json":{"title":"KIT ASTERA x8 TUBOS LED TITAN - Welabplus","description":"Alquiler KIT ASTERA x8 TUBOS LED TITAN en Welab en Madrid y en las Islas Canarias, para cine publicidad, series, documentales, videoclips....","robots":{"index":"index","follow":"follow","max-snippet":"max-snippet:-1","max-image-preview":"max-image-preview:large","max-video-preview":"max-video-preview:-1"},"canonical":"https:\/\/welabplus.com\/wevision\/catalogo\/led\/led-led\/kit-astera-x8-tubos-led-titan\/","og_locale":"es_ES","og_type":"article","og_title":"KIT ASTERA x8 TUBOS LED TITAN - Welabplus","og_description":"Alquiler KIT ASTERA x8 TUBOS LED TITAN en Welab en Madrid y en las Islas Canarias, para cine publicidad, series, documentales, videoclips....","og_url":"https:\/\/welabplus.com\/wevision\/catalogo\/led\/led-led\/kit-astera-x8-tubos-led-titan\/","og_site_name":"Wevision","article_publisher":"https:\/\/www.facebook.com\/welab.es\/","article_modified_time":"2025-11-20T10:21:23+00:00","og_image":[{"width":933,"height":557,"url":"https:\/\/welabplus.com\/wevision\/wp-content\/uploads\/2025\/11\/ALQUILER-KIT-ASTERA-x8-TUBOS-LED-TITAN-WEVISION_WELABPLUS.jpg","type":"image\/jpeg"}],"twitter_card":"summary_large_image","twitter_site":"@welabspain","twitter_misc":{"Tiempo de lectura":"2 minutos"},"schema":{"@context":"https:\/\/schema.org","@graph":[{"@type":"WebPage","@id":"https:\/\/welabplus.com\/wevision\/catalogo\/led\/led-led\/kit-astera-x8-tubos-led-titan\/","url":"https:\/\/welabplus.com\/wevision\/catalogo\/led\/led-led\/kit-astera-x8-tubos-led-titan\/","name":"KIT ASTERA x8 TUBOS LED TITAN - Welabplus","isPartOf":{"@id":"https:\/\/welabplus.com\/wevision\/#website"},"primaryImageOfPage":{"@id":"https:\/\/welabplus.com\/wevision\/catalogo\/led\/led-led\/kit-astera-x8-tubos-led-titan\/#primaryimage"},"image":{"@id":"https:\/\/welabplus.com\/wevision\/catalogo\/led\/led-led\/kit-astera-x8-tubos-led-titan\/#primaryimage"},"thumbnailUrl":"https:\/\/welabplus.com\/wevision\/wp-content\/uploads\/2025\/11\/ALQUILER-KIT-ASTERA-x8-TUBOS-LED-TITAN-WEVISION_WELABPLUS.jpg","datePublished":"2025-11-06T09:24:49+00:00","dateModified":"2025-11-20T10:21:23+00:00","description":"Alquiler KIT ASTERA x8 TUBOS LED TITAN en Welab en Madrid y en las Islas Canarias, para cine publicidad, series, documentales, videoclips....","breadcrumb":{"@id":"https:\/\/welabplus.com\/wevision\/catalogo\/led\/led-led\/kit-astera-x8-tubos-led-titan\/#breadcrumb"},"inLanguage":"es","potentialAction":[{"@type":"ReadAction","target":["https:\/\/welabplus.com\/wevision\/catalogo\/led\/led-led\/kit-astera-x8-tubos-led-titan\/"]}]},{"@type":"ImageObject","inLanguage":"es","@id":"https:\/\/welabplus.com\/wevision\/catalogo\/led\/led-led\/kit-astera-x8-tubos-led-titan\/#primaryimage","url":"https:\/\/welabplus.com\/wevision\/wp-content\/uploads\/2025\/11\/ALQUILER-KIT-ASTERA-x8-TUBOS-LED-TITAN-WEVISION_WELABPLUS.jpg","contentUrl":"https:\/\/welabplus.com\/wevision\/wp-content\/uploads\/2025\/11\/ALQUILER-KIT-ASTERA-x8-TUBOS-LED-TITAN-WEVISION_WELABPLUS.jpg","width":933,"height":557,"caption":"ALQUILER KIT ASTERA X8 TUBOS LED TITAN WEVISION WELABPLUS"},{"@type":"BreadcrumbList","@id":"https:\/\/welabplus.com\/wevision\/catalogo\/led\/led-led\/kit-astera-x8-tubos-led-titan\/#breadcrumb","itemListElement":[{"@type":"ListItem","position":1,"name":"Portada","item":"https:\/\/welabplus.com\/wevision\/"},{"@type":"ListItem","position":2,"name":"Cat\u00e1logo","item":"https:\/\/welabplus.com\/wevision\/catalogo\/"},{"@type":"ListItem","position":3,"name":"KIT ASTERA x8 TUBOS LED TITAN"}]},{"@type":"WebSite","@id":"https:\/\/welabplus.com\/wevision\/#website","url":"https:\/\/welabplus.com\/wevision\/","name":"Welabplus","description":"C\u00e1maras y lentes para cine","publisher":{"@id":"https:\/\/welabplus.com\/wevision\/#organization"},"potentialAction":[{"@type":"SearchAction","target":{"@type":"EntryPoint","urlTemplate":"https:\/\/welabplus.com\/wevision\/?s={search_term_string}"},"query-input":{"@type":"PropertyValueSpecification","valueRequired":true,"valueName":"search_term_string"}}],"inLanguage":"es"},{"@type":"Organization","@id":"https:\/\/welabplus.com\/wevision\/#organization","name":"Welab Canary Islands","url":"https:\/\/welabplus.com\/wevision\/","logo":{"@type":"ImageObject","inLanguage":"es","@id":"https:\/\/welabplus.com\/wevision\/#\/schema\/logo\/image\/","url":"","contentUrl":"","caption":"Welab Canary Islands"},"image":{"@id":"https:\/\/welabplus.com\/wevision\/#\/schema\/logo\/image\/"},"sameAs":["https:\/\/www.facebook.com\/welab.es\/","https:\/\/x.com\/welabspain"]}]}},"_links":{"self":[{"href":"https:\/\/welabplus.com\/wevision\/wp-json\/wp\/v2\/product\/21399","targetHints":{"allow":["GET"]}}],"collection":[{"href":"https:\/\/welabplus.com\/wevision\/wp-json\/wp\/v2\/product"}],"about":[{"href":"https:\/\/welabplus.com\/wevision\/wp-json\/wp\/v2\/types\/product"}],"replies":[{"embeddable":true,"href":"https:\/\/welabplus.com\/wevision\/wp-json\/wp\/v2\/comments?post=21399"}],"wp:featuredmedia":[{"embeddable":true,"href":"https:\/\/welabplus.com\/wevision\/wp-json\/wp\/v2\/media\/28058"}],"wp:attachment":[{"href":"https:\/\/welabplus.com\/wevision\/wp-json\/wp\/v2\/media?parent=21399"}],"wp:term":[{"taxonomy":"product_brand","embeddable":true,"href":"https:\/\/welabplus.com\/wevision\/wp-json\/wp\/v2\/product_brand?post=21399"},{"taxonomy":"product_cat","embeddable":true,"href":"https:\/\/welabplus.com\/wevision\/wp-json\/wp\/v2\/product_cat?post=21399"},{"taxonomy":"product_tag","embeddable":true,"href":"https:\/\/welabplus.com\/wevision\/wp-json\/wp\/v2\/product_tag?post=21399"}],"curies":[{"name":"wp","href":"https:\/\/api.w.org\/{rel}","templated":true}]}}