{"id":21394,"date":"2025-11-06T10:24:49","date_gmt":"2025-11-06T09:24:49","guid":{"rendered":"https:\/\/welabplus.com\/wevision\/?post_type=product&#038;p=21394"},"modified":"2025-11-18T12:30:10","modified_gmt":"2025-11-18T11:30:10","slug":"panel-led-swit-s-2610","status":"publish","type":"product","link":"https:\/\/welabplus.com\/wevision\/catalogo\/led\/flexibles\/panel-led-swit-s-2610\/","title":{"rendered":"PANEL LED SWIT S-2610"},"content":{"rendered":"<p><strong>PANEL LED SWIT S-2610<\/strong> con tejido impermeable para uso en exteriores. El tejido impermeable protege los LED de la lluvia y la humedad durante su uso en exteriores. A la vez que permite limpiarlo simplemente con agua. El S-2610 es un panel flexible de iluminaci\u00f3n LED con 504 LEDs SMD. Se puede doblar de cualquier forma para generar un haz de luz desde 10\u00b0 hasta 360\u00b0, lo que lo hace muy util, especialmente en espacios peque\u00f1os.<\/p>\n<p>&nbsp;<\/p>\n<h3>Caracter\u00edsticas T\u00e9cnicas del PANEL LED SWIT S-2610:<\/h3>\n<p><strong>Temperatura de color ajustable<\/strong><\/p>\n<p>Ajuste continuo desde 3000 \u00baK hasta 5600 \u00baK.<\/p>\n<p>El S-2620 se construye con LEDs de 5600 \u00baK y de 3200 \u00baK alternos, lo que le permite ajustar su temperatura de color de forma cont\u00ednua entre 3200 \u00baK y 5600 \u00baK.<\/p>\n<p>&nbsp;<\/p>\n<p><strong>Pantalla LCD<\/strong><\/p>\n<p>Valor de Dimmer \/ Temperatura de color.<\/p>\n<p>El S-2620 incluye una Caja de Control equipada con una pantalla LCD, que muestra el % de regulaci\u00f3n, la temperatura de color, el estado de la bater\u00eda y el canal de RF seleccionado. Los valores se pueden cambiar con el panel t\u00e1ctil.<\/p>\n<p>&nbsp;<\/p>\n<h3>Especificaciones T\u00e9cnicas del panel:<\/h3>\n<ul>\n<li>Panel flexible de 100W y bicolor.<\/li>\n<li>incorpora 505 LED SMD.<\/li>\n<li>2400LUX a1 metro.<\/li>\n<li>Flexible de 0 a 360\u00ba.<\/li>\n<li>Control de intensidad de luz de 0 a 100\u00ba.<\/li>\n<li>Libre de2 \u00abFlicker\u00bb.<\/li>\n<li>Ajustable de 3000K a 5600K.<\/li>\n<li>CIR 97.<\/li>\n<li>Control inal\u00e1mbrico de 2.4G.<\/li>\n<li>Control en cascada.<\/li>\n<li>Impermeable.<\/li>\n<li>X Bracket para tripode.<\/li>\n<li>DC-in \/ V-Mount.<\/li>\n<li>Bolsa de transporte.<\/li>\n<\/ul>\n<p>&nbsp;<\/p>\n<p><img loading=\"lazy\" decoding=\"async\" class=\"aligncenter wp-image-21392 size-full\" src=\"https:\/\/welabplus.com\/wevision\/wp-content\/uploads\/2023\/02\/PANEL-LED-SWIT-S-2620-1.jpg\" alt=\"ALQUILER PANEL LED SWIT S-2620 WELABPLUS\" width=\"509\" height=\"541\" srcset=\"https:\/\/welabplus.com\/wevision\/wp-content\/uploads\/2023\/02\/PANEL-LED-SWIT-S-2620-1.jpg 509w, https:\/\/welabplus.com\/wevision\/wp-content\/uploads\/2023\/02\/PANEL-LED-SWIT-S-2620-1-282x300.jpg 282w, https:\/\/welabplus.com\/wevision\/wp-content\/uploads\/2023\/02\/PANEL-LED-SWIT-S-2620-1-300x319.jpg 300w\" sizes=\"auto, (max-width: 509px) 100vw, 509px\" \/><\/p>\n<div>\n<div class=\"\">\n<div>\n<div class=\"\">\n<p>&nbsp;<\/p>\n<\/div>\n<\/div>\n<hr \/>\n<div class=\"social-icon social-big\"><a href=\"https:\/\/www.facebook.com\/welabplus\/\" target=\"_blank\" title=\"\"><i class=\"fa fa-facebook\"><\/i><\/a><\/div>\n<div class=\"social-icon social-big\"><a href=\"https:\/\/twitter.com\/welabplus\" target=\"_blank\" title=\"\"><i class=\"fa fa-twitter\"><\/i><\/a><\/div>\n<div class=\"social-icon social-big\"><a href=\"https:\/\/www.instagram.com\/welabplus\/?hl=es\" target=\"_blank\" title=\"\"><i class=\"fa fa-instagram\"><\/i><\/a><\/div>\n<div class=\"social-icon social-big\"><a href=\"https:\/\/www.linkedin.com\/company\/welabplus\" target=\"_blank\" title=\"\"><i class=\"fa fa-linkedin\"><\/i><\/a><\/div>\n<\/div>\n<\/div>\n","protected":false},"excerpt":{"rendered":"<p>PANEL LED SWIT S-2610 con tejido impermeable para uso en exteriores. El tejido impermeable protege los LED de la lluvia [&hellip;]<\/p>\n","protected":false},"featured_media":28055,"comment_status":"closed","ping_status":"closed","template":"","meta":{"_acf_changed":false,"inline_featured_image":false},"product_brand":[],"product_cat":[6294],"product_tag":[6326,6327,6321],"class_list":{"0":"post-21394","1":"product","2":"type-product","3":"status-publish","4":"has-post-thumbnail","6":"product_cat-flexibles","7":"product_tag-alquiler-swit-led-s2610","8":"product_tag-alquiler-iluminacion-para-rodajes","9":"product_tag-iluminacion-led-en-madrid","11":"first","12":"instock","13":"shipping-taxable","14":"purchasable","15":"product-type-simple"},"acf":[],"yoast_head":"<!-- This site is optimized with the Yoast SEO plugin v26.2 - https:\/\/yoast.com\/wordpress\/plugins\/seo\/ -->\n<title>PANEL LED SWIT S-2610 - Welabplus<\/title>\n<meta name=\"description\" content=\"Alquiler PANEL LED SWIT S-2610 en Welab en Madrid y en las Islas Canarias, para cine publicidad, series, documentales, videoclips....\" \/>\n<meta name=\"robots\" content=\"index, follow, max-snippet:-1, max-image-preview:large, max-video-preview:-1\" \/>\n<link rel=\"canonical\" href=\"https:\/\/welabplus.com\/wevision\/catalogo\/led\/flexibles\/panel-led-swit-s-2610\/\" \/>\n<meta property=\"og:locale\" content=\"es_ES\" \/>\n<meta property=\"og:type\" content=\"article\" \/>\n<meta property=\"og:title\" content=\"PANEL LED SWIT S-2610 - Welabplus\" \/>\n<meta property=\"og:description\" content=\"Alquiler PANEL LED SWIT S-2610 en Welab en Madrid y en las Islas Canarias, para cine publicidad, series, documentales, videoclips....\" \/>\n<meta property=\"og:url\" content=\"https:\/\/welabplus.com\/wevision\/catalogo\/led\/flexibles\/panel-led-swit-s-2610\/\" \/>\n<meta property=\"og:site_name\" content=\"Wevision\" \/>\n<meta property=\"article:publisher\" content=\"https:\/\/www.facebook.com\/welab.es\/\" \/>\n<meta property=\"article:modified_time\" content=\"2025-11-18T11:30:10+00:00\" \/>\n<meta property=\"og:image\" content=\"https:\/\/welabplus.com\/wevision\/wp-content\/uploads\/2025\/11\/ALQUILER-PANEL-LED-SWIT-S-2610-WEVISION_WELABPLUS.jpg\" \/>\n\t<meta property=\"og:image:width\" content=\"933\" \/>\n\t<meta property=\"og:image:height\" content=\"557\" \/>\n\t<meta property=\"og:image:type\" content=\"image\/jpeg\" \/>\n<meta name=\"twitter:card\" content=\"summary_large_image\" \/>\n<meta name=\"twitter:site\" content=\"@welabspain\" \/>\n<meta name=\"twitter:label1\" content=\"Tiempo de lectura\" \/>\n\t<meta name=\"twitter:data1\" content=\"2 minutos\" \/>\n<script type=\"application\/ld+json\" class=\"yoast-schema-graph\">{\"@context\":\"https:\/\/schema.org\",\"@graph\":[{\"@type\":\"WebPage\",\"@id\":\"https:\/\/welabplus.com\/wevision\/catalogo\/led\/flexibles\/panel-led-swit-s-2610\/\",\"url\":\"https:\/\/welabplus.com\/wevision\/catalogo\/led\/flexibles\/panel-led-swit-s-2610\/\",\"name\":\"PANEL LED SWIT S-2610 - Welabplus\",\"isPartOf\":{\"@id\":\"https:\/\/welabplus.com\/wevision\/#website\"},\"primaryImageOfPage\":{\"@id\":\"https:\/\/welabplus.com\/wevision\/catalogo\/led\/flexibles\/panel-led-swit-s-2610\/#primaryimage\"},\"image\":{\"@id\":\"https:\/\/welabplus.com\/wevision\/catalogo\/led\/flexibles\/panel-led-swit-s-2610\/#primaryimage\"},\"thumbnailUrl\":\"https:\/\/welabplus.com\/wevision\/wp-content\/uploads\/2025\/11\/ALQUILER-PANEL-LED-SWIT-S-2610-WEVISION_WELABPLUS.jpg\",\"datePublished\":\"2025-11-06T09:24:49+00:00\",\"dateModified\":\"2025-11-18T11:30:10+00:00\",\"description\":\"Alquiler PANEL LED SWIT S-2610 en Welab en Madrid y en las Islas Canarias, para cine publicidad, series, documentales, videoclips....\",\"breadcrumb\":{\"@id\":\"https:\/\/welabplus.com\/wevision\/catalogo\/led\/flexibles\/panel-led-swit-s-2610\/#breadcrumb\"},\"inLanguage\":\"es\",\"potentialAction\":[{\"@type\":\"ReadAction\",\"target\":[\"https:\/\/welabplus.com\/wevision\/catalogo\/led\/flexibles\/panel-led-swit-s-2610\/\"]}]},{\"@type\":\"ImageObject\",\"inLanguage\":\"es\",\"@id\":\"https:\/\/welabplus.com\/wevision\/catalogo\/led\/flexibles\/panel-led-swit-s-2610\/#primaryimage\",\"url\":\"https:\/\/welabplus.com\/wevision\/wp-content\/uploads\/2025\/11\/ALQUILER-PANEL-LED-SWIT-S-2610-WEVISION_WELABPLUS.jpg\",\"contentUrl\":\"https:\/\/welabplus.com\/wevision\/wp-content\/uploads\/2025\/11\/ALQUILER-PANEL-LED-SWIT-S-2610-WEVISION_WELABPLUS.jpg\",\"width\":933,\"height\":557,\"caption\":\"ALQUILER PANEL LED SWIT S 2610 WEVISION WELABPLUS\"},{\"@type\":\"BreadcrumbList\",\"@id\":\"https:\/\/welabplus.com\/wevision\/catalogo\/led\/flexibles\/panel-led-swit-s-2610\/#breadcrumb\",\"itemListElement\":[{\"@type\":\"ListItem\",\"position\":1,\"name\":\"Portada\",\"item\":\"https:\/\/welabplus.com\/wevision\/\"},{\"@type\":\"ListItem\",\"position\":2,\"name\":\"Cat\u00e1logo\",\"item\":\"https:\/\/welabplus.com\/wevision\/catalogo\/\"},{\"@type\":\"ListItem\",\"position\":3,\"name\":\"PANEL LED SWIT S-2610\"}]},{\"@type\":\"WebSite\",\"@id\":\"https:\/\/welabplus.com\/wevision\/#website\",\"url\":\"https:\/\/welabplus.com\/wevision\/\",\"name\":\"Welabplus\",\"description\":\"C\u00e1maras y lentes para cine\",\"publisher\":{\"@id\":\"https:\/\/welabplus.com\/wevision\/#organization\"},\"potentialAction\":[{\"@type\":\"SearchAction\",\"target\":{\"@type\":\"EntryPoint\",\"urlTemplate\":\"https:\/\/welabplus.com\/wevision\/?s={search_term_string}\"},\"query-input\":{\"@type\":\"PropertyValueSpecification\",\"valueRequired\":true,\"valueName\":\"search_term_string\"}}],\"inLanguage\":\"es\"},{\"@type\":\"Organization\",\"@id\":\"https:\/\/welabplus.com\/wevision\/#organization\",\"name\":\"Welab Canary Islands\",\"url\":\"https:\/\/welabplus.com\/wevision\/\",\"logo\":{\"@type\":\"ImageObject\",\"inLanguage\":\"es\",\"@id\":\"https:\/\/welabplus.com\/wevision\/#\/schema\/logo\/image\/\",\"url\":\"\",\"contentUrl\":\"\",\"caption\":\"Welab Canary Islands\"},\"image\":{\"@id\":\"https:\/\/welabplus.com\/wevision\/#\/schema\/logo\/image\/\"},\"sameAs\":[\"https:\/\/www.facebook.com\/welab.es\/\",\"https:\/\/x.com\/welabspain\"]}]}<\/script>\n<!-- \/ Yoast SEO plugin. -->","yoast_head_json":{"title":"PANEL LED SWIT S-2610 - Welabplus","description":"Alquiler PANEL LED SWIT S-2610 en Welab en Madrid y en las Islas Canarias, para cine publicidad, series, documentales, videoclips....","robots":{"index":"index","follow":"follow","max-snippet":"max-snippet:-1","max-image-preview":"max-image-preview:large","max-video-preview":"max-video-preview:-1"},"canonical":"https:\/\/welabplus.com\/wevision\/catalogo\/led\/flexibles\/panel-led-swit-s-2610\/","og_locale":"es_ES","og_type":"article","og_title":"PANEL LED SWIT S-2610 - Welabplus","og_description":"Alquiler PANEL LED SWIT S-2610 en Welab en Madrid y en las Islas Canarias, para cine publicidad, series, documentales, videoclips....","og_url":"https:\/\/welabplus.com\/wevision\/catalogo\/led\/flexibles\/panel-led-swit-s-2610\/","og_site_name":"Wevision","article_publisher":"https:\/\/www.facebook.com\/welab.es\/","article_modified_time":"2025-11-18T11:30:10+00:00","og_image":[{"width":933,"height":557,"url":"https:\/\/welabplus.com\/wevision\/wp-content\/uploads\/2025\/11\/ALQUILER-PANEL-LED-SWIT-S-2610-WEVISION_WELABPLUS.jpg","type":"image\/jpeg"}],"twitter_card":"summary_large_image","twitter_site":"@welabspain","twitter_misc":{"Tiempo de lectura":"2 minutos"},"schema":{"@context":"https:\/\/schema.org","@graph":[{"@type":"WebPage","@id":"https:\/\/welabplus.com\/wevision\/catalogo\/led\/flexibles\/panel-led-swit-s-2610\/","url":"https:\/\/welabplus.com\/wevision\/catalogo\/led\/flexibles\/panel-led-swit-s-2610\/","name":"PANEL LED SWIT S-2610 - Welabplus","isPartOf":{"@id":"https:\/\/welabplus.com\/wevision\/#website"},"primaryImageOfPage":{"@id":"https:\/\/welabplus.com\/wevision\/catalogo\/led\/flexibles\/panel-led-swit-s-2610\/#primaryimage"},"image":{"@id":"https:\/\/welabplus.com\/wevision\/catalogo\/led\/flexibles\/panel-led-swit-s-2610\/#primaryimage"},"thumbnailUrl":"https:\/\/welabplus.com\/wevision\/wp-content\/uploads\/2025\/11\/ALQUILER-PANEL-LED-SWIT-S-2610-WEVISION_WELABPLUS.jpg","datePublished":"2025-11-06T09:24:49+00:00","dateModified":"2025-11-18T11:30:10+00:00","description":"Alquiler PANEL LED SWIT S-2610 en Welab en Madrid y en las Islas Canarias, para cine publicidad, series, documentales, videoclips....","breadcrumb":{"@id":"https:\/\/welabplus.com\/wevision\/catalogo\/led\/flexibles\/panel-led-swit-s-2610\/#breadcrumb"},"inLanguage":"es","potentialAction":[{"@type":"ReadAction","target":["https:\/\/welabplus.com\/wevision\/catalogo\/led\/flexibles\/panel-led-swit-s-2610\/"]}]},{"@type":"ImageObject","inLanguage":"es","@id":"https:\/\/welabplus.com\/wevision\/catalogo\/led\/flexibles\/panel-led-swit-s-2610\/#primaryimage","url":"https:\/\/welabplus.com\/wevision\/wp-content\/uploads\/2025\/11\/ALQUILER-PANEL-LED-SWIT-S-2610-WEVISION_WELABPLUS.jpg","contentUrl":"https:\/\/welabplus.com\/wevision\/wp-content\/uploads\/2025\/11\/ALQUILER-PANEL-LED-SWIT-S-2610-WEVISION_WELABPLUS.jpg","width":933,"height":557,"caption":"ALQUILER PANEL LED SWIT S 2610 WEVISION WELABPLUS"},{"@type":"BreadcrumbList","@id":"https:\/\/welabplus.com\/wevision\/catalogo\/led\/flexibles\/panel-led-swit-s-2610\/#breadcrumb","itemListElement":[{"@type":"ListItem","position":1,"name":"Portada","item":"https:\/\/welabplus.com\/wevision\/"},{"@type":"ListItem","position":2,"name":"Cat\u00e1logo","item":"https:\/\/welabplus.com\/wevision\/catalogo\/"},{"@type":"ListItem","position":3,"name":"PANEL LED SWIT S-2610"}]},{"@type":"WebSite","@id":"https:\/\/welabplus.com\/wevision\/#website","url":"https:\/\/welabplus.com\/wevision\/","name":"Welabplus","description":"C\u00e1maras y lentes para cine","publisher":{"@id":"https:\/\/welabplus.com\/wevision\/#organization"},"potentialAction":[{"@type":"SearchAction","target":{"@type":"EntryPoint","urlTemplate":"https:\/\/welabplus.com\/wevision\/?s={search_term_string}"},"query-input":{"@type":"PropertyValueSpecification","valueRequired":true,"valueName":"search_term_string"}}],"inLanguage":"es"},{"@type":"Organization","@id":"https:\/\/welabplus.com\/wevision\/#organization","name":"Welab Canary Islands","url":"https:\/\/welabplus.com\/wevision\/","logo":{"@type":"ImageObject","inLanguage":"es","@id":"https:\/\/welabplus.com\/wevision\/#\/schema\/logo\/image\/","url":"","contentUrl":"","caption":"Welab Canary Islands"},"image":{"@id":"https:\/\/welabplus.com\/wevision\/#\/schema\/logo\/image\/"},"sameAs":["https:\/\/www.facebook.com\/welab.es\/","https:\/\/x.com\/welabspain"]}]}},"_links":{"self":[{"href":"https:\/\/welabplus.com\/wevision\/wp-json\/wp\/v2\/product\/21394","targetHints":{"allow":["GET"]}}],"collection":[{"href":"https:\/\/welabplus.com\/wevision\/wp-json\/wp\/v2\/product"}],"about":[{"href":"https:\/\/welabplus.com\/wevision\/wp-json\/wp\/v2\/types\/product"}],"replies":[{"embeddable":true,"href":"https:\/\/welabplus.com\/wevision\/wp-json\/wp\/v2\/comments?post=21394"}],"wp:featuredmedia":[{"embeddable":true,"href":"https:\/\/welabplus.com\/wevision\/wp-json\/wp\/v2\/media\/28055"}],"wp:attachment":[{"href":"https:\/\/welabplus.com\/wevision\/wp-json\/wp\/v2\/media?parent=21394"}],"wp:term":[{"taxonomy":"product_brand","embeddable":true,"href":"https:\/\/welabplus.com\/wevision\/wp-json\/wp\/v2\/product_brand?post=21394"},{"taxonomy":"product_cat","embeddable":true,"href":"https:\/\/welabplus.com\/wevision\/wp-json\/wp\/v2\/product_cat?post=21394"},{"taxonomy":"product_tag","embeddable":true,"href":"https:\/\/welabplus.com\/wevision\/wp-json\/wp\/v2\/product_tag?post=21394"}],"curies":[{"name":"wp","href":"https:\/\/api.w.org\/{rel}","templated":true}]}}