{"id":21384,"date":"2025-11-06T10:24:49","date_gmt":"2025-11-06T09:24:49","guid":{"rendered":"https:\/\/welabplus.com\/wevision\/?post_type=product&#038;p=21384"},"modified":"2025-11-18T12:06:52","modified_gmt":"2025-11-18T11:06:52","slug":"panel-led-swit-2440-c","status":"publish","type":"product","link":"https:\/\/welabplus.com\/wevision\/catalogo\/led\/paneles\/swit\/panel-led-swit-2440-c\/","title":{"rendered":"PANEL LED SWIT 2440-C"},"content":{"rendered":"<p>El <strong>PANEL LED SWIT 2440-C\u00a0<\/strong>es una luz LED de panel de estudio, con tecnolog\u00eda LED montada en la superficie, incluye <strong>576pcs LED<\/strong> ultra brillantes.\u00a0El difusor incorporado genera una luz de \u00e1rea de igual dispersi\u00f3n de un \u00e1ngulo de haz amplio efectivo de <strong>70 \u00b0<\/strong>, que es una fuente de luz ideal para estudios de transmisi\u00f3n y producciones de video de campo.<\/p>\n<p>&nbsp;<\/p>\n<h3>Caracter\u00edsticas T\u00e9cnicas del PANEL LED SWIT 2440-C:<\/h3>\n<p>Emite una potencia de 50 vatios, alimenta una luminancia de 1250Lux a 1 metro de distancia (centro), admite atenuaci\u00f3n digital PWM del 10% al 100%, sin problemas y sin parpadeo.<\/p>\n<p>&nbsp;<\/p>\n<p><strong>Regulador DMX512 y temperatura de color.<\/strong><\/p>\n<ul>\n<li>El S-2440C adopta el puerto de entrada \/ salida DMX est\u00e1ndar de 5 pines, admite el protocolo DMX512 y ajusta el atenuador y la temperatura del color mediante el controlador DMX.<\/li>\n<li>El dimmer y la temperatura de color ocupan 1 direcci\u00f3n DMX respectivamente.<\/li>\n<\/ul>\n<p>&nbsp;<\/p>\n<p><img loading=\"lazy\" decoding=\"async\" class=\"aligncenter size-full wp-image-21389\" src=\"https:\/\/welabplus.com\/wevision\/wp-content\/uploads\/2023\/02\/ALQUILER-PANEL-LED-SWIT-2440-C-WELABPLUS_1.jpg\" alt=\"ALQUILER PANEL LED SWIT 2440-C WELABPLUS_1\" width=\"480\" height=\"360\" srcset=\"https:\/\/welabplus.com\/wevision\/wp-content\/uploads\/2023\/02\/ALQUILER-PANEL-LED-SWIT-2440-C-WELABPLUS_1.jpg 480w, https:\/\/welabplus.com\/wevision\/wp-content\/uploads\/2023\/02\/ALQUILER-PANEL-LED-SWIT-2440-C-WELABPLUS_1-300x225.jpg 300w\" sizes=\"auto, (max-width: 480px) 100vw, 480px\" \/><\/p>\n<p>&nbsp;<\/p>\n<p><img loading=\"lazy\" decoding=\"async\" class=\"aligncenter size-full wp-image-21391\" src=\"https:\/\/welabplus.com\/wevision\/wp-content\/uploads\/2023\/02\/ALQUILER-PANEL-LED-SWIT-2440-C-WELABPLUS_2.jpg\" alt=\"ALQUILER PANEL LED SWIT 2440-C WELABPLUS_2\" width=\"480\" height=\"360\" srcset=\"https:\/\/welabplus.com\/wevision\/wp-content\/uploads\/2023\/02\/ALQUILER-PANEL-LED-SWIT-2440-C-WELABPLUS_2.jpg 480w, https:\/\/welabplus.com\/wevision\/wp-content\/uploads\/2023\/02\/ALQUILER-PANEL-LED-SWIT-2440-C-WELABPLUS_2-300x225.jpg 300w\" sizes=\"auto, (max-width: 480px) 100vw, 480px\" \/><\/p>\n<p>&nbsp;<\/p>\n<p><strong>Pantalla LCD<\/strong><\/p>\n<ul>\n<li>Dimmer \/ valor de temperatura de color, direcci\u00f3n DMX.<\/li>\n<li>La pantalla LCD posterior puede mostrar el porcentaje actual de atenuador, el valor de la temperatura del color y admite el control t\u00e1ctil para configurar la direcci\u00f3n DMX.<\/li>\n<\/ul>\n<p>&nbsp;<\/p>\n<h3>Especificaciones T\u00e9cnicas del panel:<\/h3>\n<table class=\"zhtable\" style=\"width: 695px; height: 266px;\" border=\"0\" width=\"630\" cellspacing=\"0\" cellpadding=\"0\">\n<tbody>\n<tr style=\"height: 24px;\">\n<td style=\"height: 24px; width: 276.156px;\"><strong>LED<\/strong><\/td>\n<td style=\"height: 24px; width: 412.844px;\">576 unids SMD LEDs<\/td>\n<\/tr>\n<tr style=\"height: 24px;\">\n<td style=\"height: 24px; width: 276.156px;\"><strong>Luminancia<\/strong><\/td>\n<td style=\"height: 24px; width: 412.844px;\">1250Lux @ 1m<\/td>\n<\/tr>\n<tr style=\"height: 24px;\">\n<td style=\"height: 24px; width: 276.156px;\"><strong>\u00c1ngulo de luz<\/strong><\/td>\n<td style=\"height: 24px; width: 412.844px;\">70 \u00b0<\/td>\n<\/tr>\n<tr style=\"height: 24px;\">\n<td style=\"height: 24px; width: 276.156px;\"><strong>Temperatura del color<\/strong><\/td>\n<td style=\"height: 24px; width: 412.844px;\">5600K \u00b1 300K \uff5e 3200K \u00b1 200K<\/td>\n<\/tr>\n<tr style=\"height: 24px;\">\n<td style=\"height: 24px; width: 276.156px;\"><strong>CRI<\/strong><\/td>\n<td style=\"height: 24px; width: 412.844px;\">\u226593<\/td>\n<\/tr>\n<tr style=\"height: 24px;\">\n<td style=\"height: 24px; width: 276.156px;\"><strong>TLCI<\/strong><\/td>\n<td style=\"height: 24px; width: 412.844px;\">\u226597<\/td>\n<\/tr>\n<tr style=\"height: 24px;\">\n<td style=\"height: 24px; width: 276.156px;\"><strong>Potencia<\/strong><\/td>\n<td style=\"height: 24px; width: 412.844px;\">50W<\/td>\n<\/tr>\n<tr style=\"height: 24px;\">\n<td style=\"height: 24px; width: 276.156px;\"><strong>Tensi\u00f3n de trabajo<\/strong><\/td>\n<td style=\"height: 24px; width: 412.844px;\">DC12V &#8211; 17V<\/td>\n<\/tr>\n<tr style=\"height: 24px;\">\n<td style=\"height: 24px; width: 276.156px;\"><strong>Peso<\/strong><\/td>\n<td style=\"height: 24px; width: 412.844px;\">4.1kg<\/td>\n<\/tr>\n<tr style=\"height: 25px;\">\n<td style=\"height: 25px; width: 276.156px;\" height=\"25\"><strong>Area de iluminaci\u00f3n<\/strong><\/td>\n<td style=\"height: 25px; width: 412.844px;\">237 \u00d7 237mm<\/td>\n<\/tr>\n<tr style=\"height: 25px;\">\n<td style=\"height: 25px; width: 276.156px;\" height=\"25\"><strong>Dimensi\u00f3n<\/strong><\/td>\n<td style=\"height: 25px; width: 412.844px;\">395 \u00d7 375 \u00d7 83mm<\/td>\n<\/tr>\n<\/tbody>\n<\/table>\n<div>\n<div class=\"\">\n<p>&nbsp;<\/p>\n<\/div>\n<\/div>\n<hr \/>\n<div class=\"social-icon social-big\"><a href=\"https:\/\/www.facebook.com\/welabplus\/\" target=\"_blank\" title=\"\"><i class=\"fa fa-facebook\"><\/i><\/a><\/div>\n<div class=\"social-icon social-big\"><a href=\"https:\/\/twitter.com\/welabplus\" target=\"_blank\" title=\"\"><i class=\"fa fa-twitter\"><\/i><\/a><\/div>\n<div class=\"social-icon social-big\"><a href=\"https:\/\/www.instagram.com\/welabplus\/?hl=es\" target=\"_blank\" title=\"\"><i class=\"fa fa-instagram\"><\/i><\/a><\/div>\n<div class=\"social-icon social-big\"><a href=\"https:\/\/www.linkedin.com\/company\/welabplus\" target=\"_blank\" title=\"\"><i class=\"fa fa-linkedin\"><\/i><\/a><\/div>\n","protected":false},"excerpt":{"rendered":"<p>El PANEL LED SWIT 2440-C\u00a0es una luz LED de panel de estudio, con tecnolog\u00eda LED montada en la superficie, incluye [&hellip;]<\/p>\n","protected":false},"featured_media":28041,"comment_status":"closed","ping_status":"closed","template":"","meta":{"_acf_changed":false,"inline_featured_image":false},"product_brand":[],"product_cat":[8985],"product_tag":[6304,6319,6320],"class_list":{"0":"post-21384","1":"product","2":"type-product","3":"status-publish","4":"has-post-thumbnail","6":"product_cat-swit","7":"product_tag-iluminacion-led","8":"product_tag-panel-swit","9":"product_tag-alquiler-swit-iluminacion-para-rodajes","11":"first","12":"instock","13":"shipping-taxable","14":"purchasable","15":"product-type-simple"},"acf":[],"yoast_head":"<!-- This site is optimized with the Yoast SEO plugin v26.2 - https:\/\/yoast.com\/wordpress\/plugins\/seo\/ -->\n<title>PANEL LED SWIT 2440-C - Welabplus<\/title>\n<meta name=\"description\" content=\"Alquiler de PANEL LED SWIT 2440-C en Welab en Madrid y en las Islas Canarias, para cine publicidad, series, documentales, videoclips...\" \/>\n<meta name=\"robots\" content=\"index, follow, max-snippet:-1, max-image-preview:large, max-video-preview:-1\" \/>\n<link rel=\"canonical\" href=\"https:\/\/welabplus.com\/wevision\/catalogo\/led\/paneles\/swit\/panel-led-swit-2440-c\/\" \/>\n<meta property=\"og:locale\" content=\"es_ES\" \/>\n<meta property=\"og:type\" content=\"article\" \/>\n<meta property=\"og:title\" content=\"PANEL LED SWIT 2440-C - Welabplus\" \/>\n<meta property=\"og:description\" content=\"Alquiler de PANEL LED SWIT 2440-C en Welab en Madrid y en las Islas Canarias, para cine publicidad, series, documentales, videoclips...\" \/>\n<meta property=\"og:url\" content=\"https:\/\/welabplus.com\/wevision\/catalogo\/led\/paneles\/swit\/panel-led-swit-2440-c\/\" \/>\n<meta property=\"og:site_name\" content=\"Wevision\" \/>\n<meta property=\"article:publisher\" content=\"https:\/\/www.facebook.com\/welab.es\/\" \/>\n<meta property=\"article:modified_time\" content=\"2025-11-18T11:06:52+00:00\" \/>\n<meta property=\"og:image\" content=\"https:\/\/welabplus.com\/wevision\/wp-content\/uploads\/2025\/11\/ALQUILER-PANEL-LED-SWIT-2440-C-WEVISION_WELABPLUS.jpg\" \/>\n\t<meta property=\"og:image:width\" content=\"933\" \/>\n\t<meta property=\"og:image:height\" content=\"557\" \/>\n\t<meta property=\"og:image:type\" content=\"image\/jpeg\" \/>\n<meta name=\"twitter:card\" content=\"summary_large_image\" \/>\n<meta name=\"twitter:site\" content=\"@welabspain\" \/>\n<meta name=\"twitter:label1\" content=\"Tiempo de lectura\" \/>\n\t<meta name=\"twitter:data1\" content=\"2 minutos\" \/>\n<script type=\"application\/ld+json\" class=\"yoast-schema-graph\">{\"@context\":\"https:\/\/schema.org\",\"@graph\":[{\"@type\":\"WebPage\",\"@id\":\"https:\/\/welabplus.com\/wevision\/catalogo\/led\/paneles\/swit\/panel-led-swit-2440-c\/\",\"url\":\"https:\/\/welabplus.com\/wevision\/catalogo\/led\/paneles\/swit\/panel-led-swit-2440-c\/\",\"name\":\"PANEL LED SWIT 2440-C - Welabplus\",\"isPartOf\":{\"@id\":\"https:\/\/welabplus.com\/wevision\/#website\"},\"primaryImageOfPage\":{\"@id\":\"https:\/\/welabplus.com\/wevision\/catalogo\/led\/paneles\/swit\/panel-led-swit-2440-c\/#primaryimage\"},\"image\":{\"@id\":\"https:\/\/welabplus.com\/wevision\/catalogo\/led\/paneles\/swit\/panel-led-swit-2440-c\/#primaryimage\"},\"thumbnailUrl\":\"https:\/\/welabplus.com\/wevision\/wp-content\/uploads\/2025\/11\/ALQUILER-PANEL-LED-SWIT-2440-C-WEVISION_WELABPLUS.jpg\",\"datePublished\":\"2025-11-06T09:24:49+00:00\",\"dateModified\":\"2025-11-18T11:06:52+00:00\",\"description\":\"Alquiler de PANEL LED SWIT 2440-C en Welab en Madrid y en las Islas Canarias, para cine publicidad, series, documentales, videoclips...\",\"breadcrumb\":{\"@id\":\"https:\/\/welabplus.com\/wevision\/catalogo\/led\/paneles\/swit\/panel-led-swit-2440-c\/#breadcrumb\"},\"inLanguage\":\"es\",\"potentialAction\":[{\"@type\":\"ReadAction\",\"target\":[\"https:\/\/welabplus.com\/wevision\/catalogo\/led\/paneles\/swit\/panel-led-swit-2440-c\/\"]}]},{\"@type\":\"ImageObject\",\"inLanguage\":\"es\",\"@id\":\"https:\/\/welabplus.com\/wevision\/catalogo\/led\/paneles\/swit\/panel-led-swit-2440-c\/#primaryimage\",\"url\":\"https:\/\/welabplus.com\/wevision\/wp-content\/uploads\/2025\/11\/ALQUILER-PANEL-LED-SWIT-2440-C-WEVISION_WELABPLUS.jpg\",\"contentUrl\":\"https:\/\/welabplus.com\/wevision\/wp-content\/uploads\/2025\/11\/ALQUILER-PANEL-LED-SWIT-2440-C-WEVISION_WELABPLUS.jpg\",\"width\":933,\"height\":557,\"caption\":\"ALQUILER PANEL LED SWIT 2440 C WEVISION WELABPLUS\"},{\"@type\":\"BreadcrumbList\",\"@id\":\"https:\/\/welabplus.com\/wevision\/catalogo\/led\/paneles\/swit\/panel-led-swit-2440-c\/#breadcrumb\",\"itemListElement\":[{\"@type\":\"ListItem\",\"position\":1,\"name\":\"Portada\",\"item\":\"https:\/\/welabplus.com\/wevision\/\"},{\"@type\":\"ListItem\",\"position\":2,\"name\":\"Cat\u00e1logo\",\"item\":\"https:\/\/welabplus.com\/wevision\/catalogo\/\"},{\"@type\":\"ListItem\",\"position\":3,\"name\":\"PANEL LED SWIT 2440-C\"}]},{\"@type\":\"WebSite\",\"@id\":\"https:\/\/welabplus.com\/wevision\/#website\",\"url\":\"https:\/\/welabplus.com\/wevision\/\",\"name\":\"Welabplus\",\"description\":\"C\u00e1maras y lentes para cine\",\"publisher\":{\"@id\":\"https:\/\/welabplus.com\/wevision\/#organization\"},\"potentialAction\":[{\"@type\":\"SearchAction\",\"target\":{\"@type\":\"EntryPoint\",\"urlTemplate\":\"https:\/\/welabplus.com\/wevision\/?s={search_term_string}\"},\"query-input\":{\"@type\":\"PropertyValueSpecification\",\"valueRequired\":true,\"valueName\":\"search_term_string\"}}],\"inLanguage\":\"es\"},{\"@type\":\"Organization\",\"@id\":\"https:\/\/welabplus.com\/wevision\/#organization\",\"name\":\"Welab Canary Islands\",\"url\":\"https:\/\/welabplus.com\/wevision\/\",\"logo\":{\"@type\":\"ImageObject\",\"inLanguage\":\"es\",\"@id\":\"https:\/\/welabplus.com\/wevision\/#\/schema\/logo\/image\/\",\"url\":\"\",\"contentUrl\":\"\",\"caption\":\"Welab Canary Islands\"},\"image\":{\"@id\":\"https:\/\/welabplus.com\/wevision\/#\/schema\/logo\/image\/\"},\"sameAs\":[\"https:\/\/www.facebook.com\/welab.es\/\",\"https:\/\/x.com\/welabspain\"]}]}<\/script>\n<!-- \/ Yoast SEO plugin. -->","yoast_head_json":{"title":"PANEL LED SWIT 2440-C - Welabplus","description":"Alquiler de PANEL LED SWIT 2440-C en Welab en Madrid y en las Islas Canarias, para cine publicidad, series, documentales, videoclips...","robots":{"index":"index","follow":"follow","max-snippet":"max-snippet:-1","max-image-preview":"max-image-preview:large","max-video-preview":"max-video-preview:-1"},"canonical":"https:\/\/welabplus.com\/wevision\/catalogo\/led\/paneles\/swit\/panel-led-swit-2440-c\/","og_locale":"es_ES","og_type":"article","og_title":"PANEL LED SWIT 2440-C - Welabplus","og_description":"Alquiler de PANEL LED SWIT 2440-C en Welab en Madrid y en las Islas Canarias, para cine publicidad, series, documentales, videoclips...","og_url":"https:\/\/welabplus.com\/wevision\/catalogo\/led\/paneles\/swit\/panel-led-swit-2440-c\/","og_site_name":"Wevision","article_publisher":"https:\/\/www.facebook.com\/welab.es\/","article_modified_time":"2025-11-18T11:06:52+00:00","og_image":[{"width":933,"height":557,"url":"https:\/\/welabplus.com\/wevision\/wp-content\/uploads\/2025\/11\/ALQUILER-PANEL-LED-SWIT-2440-C-WEVISION_WELABPLUS.jpg","type":"image\/jpeg"}],"twitter_card":"summary_large_image","twitter_site":"@welabspain","twitter_misc":{"Tiempo de lectura":"2 minutos"},"schema":{"@context":"https:\/\/schema.org","@graph":[{"@type":"WebPage","@id":"https:\/\/welabplus.com\/wevision\/catalogo\/led\/paneles\/swit\/panel-led-swit-2440-c\/","url":"https:\/\/welabplus.com\/wevision\/catalogo\/led\/paneles\/swit\/panel-led-swit-2440-c\/","name":"PANEL LED SWIT 2440-C - Welabplus","isPartOf":{"@id":"https:\/\/welabplus.com\/wevision\/#website"},"primaryImageOfPage":{"@id":"https:\/\/welabplus.com\/wevision\/catalogo\/led\/paneles\/swit\/panel-led-swit-2440-c\/#primaryimage"},"image":{"@id":"https:\/\/welabplus.com\/wevision\/catalogo\/led\/paneles\/swit\/panel-led-swit-2440-c\/#primaryimage"},"thumbnailUrl":"https:\/\/welabplus.com\/wevision\/wp-content\/uploads\/2025\/11\/ALQUILER-PANEL-LED-SWIT-2440-C-WEVISION_WELABPLUS.jpg","datePublished":"2025-11-06T09:24:49+00:00","dateModified":"2025-11-18T11:06:52+00:00","description":"Alquiler de PANEL LED SWIT 2440-C en Welab en Madrid y en las Islas Canarias, para cine publicidad, series, documentales, videoclips...","breadcrumb":{"@id":"https:\/\/welabplus.com\/wevision\/catalogo\/led\/paneles\/swit\/panel-led-swit-2440-c\/#breadcrumb"},"inLanguage":"es","potentialAction":[{"@type":"ReadAction","target":["https:\/\/welabplus.com\/wevision\/catalogo\/led\/paneles\/swit\/panel-led-swit-2440-c\/"]}]},{"@type":"ImageObject","inLanguage":"es","@id":"https:\/\/welabplus.com\/wevision\/catalogo\/led\/paneles\/swit\/panel-led-swit-2440-c\/#primaryimage","url":"https:\/\/welabplus.com\/wevision\/wp-content\/uploads\/2025\/11\/ALQUILER-PANEL-LED-SWIT-2440-C-WEVISION_WELABPLUS.jpg","contentUrl":"https:\/\/welabplus.com\/wevision\/wp-content\/uploads\/2025\/11\/ALQUILER-PANEL-LED-SWIT-2440-C-WEVISION_WELABPLUS.jpg","width":933,"height":557,"caption":"ALQUILER PANEL LED SWIT 2440 C WEVISION WELABPLUS"},{"@type":"BreadcrumbList","@id":"https:\/\/welabplus.com\/wevision\/catalogo\/led\/paneles\/swit\/panel-led-swit-2440-c\/#breadcrumb","itemListElement":[{"@type":"ListItem","position":1,"name":"Portada","item":"https:\/\/welabplus.com\/wevision\/"},{"@type":"ListItem","position":2,"name":"Cat\u00e1logo","item":"https:\/\/welabplus.com\/wevision\/catalogo\/"},{"@type":"ListItem","position":3,"name":"PANEL LED SWIT 2440-C"}]},{"@type":"WebSite","@id":"https:\/\/welabplus.com\/wevision\/#website","url":"https:\/\/welabplus.com\/wevision\/","name":"Welabplus","description":"C\u00e1maras y lentes para cine","publisher":{"@id":"https:\/\/welabplus.com\/wevision\/#organization"},"potentialAction":[{"@type":"SearchAction","target":{"@type":"EntryPoint","urlTemplate":"https:\/\/welabplus.com\/wevision\/?s={search_term_string}"},"query-input":{"@type":"PropertyValueSpecification","valueRequired":true,"valueName":"search_term_string"}}],"inLanguage":"es"},{"@type":"Organization","@id":"https:\/\/welabplus.com\/wevision\/#organization","name":"Welab Canary Islands","url":"https:\/\/welabplus.com\/wevision\/","logo":{"@type":"ImageObject","inLanguage":"es","@id":"https:\/\/welabplus.com\/wevision\/#\/schema\/logo\/image\/","url":"","contentUrl":"","caption":"Welab Canary Islands"},"image":{"@id":"https:\/\/welabplus.com\/wevision\/#\/schema\/logo\/image\/"},"sameAs":["https:\/\/www.facebook.com\/welab.es\/","https:\/\/x.com\/welabspain"]}]}},"_links":{"self":[{"href":"https:\/\/welabplus.com\/wevision\/wp-json\/wp\/v2\/product\/21384","targetHints":{"allow":["GET"]}}],"collection":[{"href":"https:\/\/welabplus.com\/wevision\/wp-json\/wp\/v2\/product"}],"about":[{"href":"https:\/\/welabplus.com\/wevision\/wp-json\/wp\/v2\/types\/product"}],"replies":[{"embeddable":true,"href":"https:\/\/welabplus.com\/wevision\/wp-json\/wp\/v2\/comments?post=21384"}],"wp:featuredmedia":[{"embeddable":true,"href":"https:\/\/welabplus.com\/wevision\/wp-json\/wp\/v2\/media\/28041"}],"wp:attachment":[{"href":"https:\/\/welabplus.com\/wevision\/wp-json\/wp\/v2\/media?parent=21384"}],"wp:term":[{"taxonomy":"product_brand","embeddable":true,"href":"https:\/\/welabplus.com\/wevision\/wp-json\/wp\/v2\/product_brand?post=21384"},{"taxonomy":"product_cat","embeddable":true,"href":"https:\/\/welabplus.com\/wevision\/wp-json\/wp\/v2\/product_cat?post=21384"},{"taxonomy":"product_tag","embeddable":true,"href":"https:\/\/welabplus.com\/wevision\/wp-json\/wp\/v2\/product_tag?post=21384"}],"curies":[{"name":"wp","href":"https:\/\/api.w.org\/{rel}","templated":true}]}}