{"id":21381,"date":"2025-11-06T10:24:49","date_gmt":"2025-11-06T09:24:49","guid":{"rendered":"https:\/\/welabplus.com\/wevision\/?post_type=product&#038;p=21381"},"modified":"2025-11-18T11:53:16","modified_gmt":"2025-11-18T10:53:16","slug":"sky-panel-s30-c","status":"publish","type":"product","link":"https:\/\/welabplus.com\/wevision\/catalogo\/led\/paneles\/arri-pantallas\/sky-panel-s30-c\/","title":{"rendered":"SKY PANEL S30-C"},"content":{"rendered":"<p>El nuevo <strong>SKY PANEL S30-C<\/strong> es una luz suave <strong>LED<\/strong> excepcionalmente vers\u00e1til: compacta totalmente sintonizable y que brinda luz de potencia y calidad insuperables. Debido a que diferentes \u00e1reas de aplicaci\u00f3n requieren diferentes necesidades de iluminaci\u00f3n el S30-C SkyPanel es el modelo de gama media.<\/p>\n<p>El SkyPanel S30-C de ARRI tiene una enorme salida de luz en todo el rango de <strong>CCT.<\/strong> M\u00e1s brillante que una luz suave de tungsteno de 1 kW o una luz espacial de tungsteno de 3 kW la SkyPanel S30-C tiene luz m\u00e1s que suficiente para la mayor\u00eda de las aplicaciones. En algunos casos el accesorio puede incluso competir con la luz solar natural al mismo tiempo es capaz de funcionar bellamente a niveles de luz m\u00e1s bajos.<\/p>\n<p>La interfaz de usuario de SkyPanel est\u00e1 dise\u00f1ada para ser incre\u00edblemente f\u00e1cil de usar pero tambi\u00e9n para poner a disposici\u00f3n del usuario una amplia gama de controles todo al mismo tiempo. Con tres potentes perillas la temperatura de color el punto verde \/ magenta la intensidad el tono y la saturaci\u00f3n se pueden ajustar al instante. Las personas que nunca han usado la luz antes encuentran la interfaz efectiva e intuitiva. Adem\u00e1s de los controles de a bordo todas las funciones se pueden ajustar de forma remota a trav\u00e9s de conexiones de red DMX o LAN.<\/p>\n<p>&nbsp;<\/p>\n<h3>Especificaciones T\u00e9cnicas del foco SKY PANEL S30-C:<\/h3>\n<table style=\"height: 159px; width: 570px;\">\n<tbody>\n<tr>\n<td style=\"width: 325px;\">CATEGOR\u00cdA<\/td>\n<td style=\"width: 229px;\">LED<\/td>\n<\/tr>\n<tr>\n<td style=\"width: 325px;\">SERIES<\/td>\n<td style=\"width: 229px;\">SKY PANEL<\/td>\n<\/tr>\n<tr>\n<td style=\"width: 325px;\">MODEL<\/td>\n<td style=\"width: 229px;\">S30-C<\/td>\n<\/tr>\n<tr>\n<td style=\"width: 325px;\">OPTICAL SYSTEM<\/td>\n<td style=\"width: 229px;\">SOFT DIFFUSION PANEL<\/td>\n<\/tr>\n<tr>\n<td style=\"width: 325px;\">LIGHT APERTURE \/ LENS DIAMETER IN MM.<\/td>\n<td style=\"width: 229px;\">355X300 MM<\/td>\n<\/tr>\n<\/tbody>\n<\/table>\n<p>&nbsp;<\/p>\n<p><strong>M\u00e1s info<\/strong> pinchando <a href=\"https:\/\/www.arri.com\/en\/lighting\/led\/skypanel\/s30-c\">aqu\u00ed.<\/a><\/p>\n<div>\n<div class=\"\">\n<p>&nbsp;<\/p>\n<\/div>\n<\/div>\n<hr \/>\n<div class=\"social-icon social-big\"><a href=\"https:\/\/www.facebook.com\/welabplus\/\" target=\"_blank\" title=\"\"><i class=\"fa fa-facebook\"><\/i><\/a><\/div>\n<div class=\"social-icon social-big\"><a href=\"https:\/\/twitter.com\/welabplus\" target=\"_blank\" title=\"\"><i class=\"fa fa-twitter\"><\/i><\/a><\/div>\n<div class=\"social-icon social-big\"><a href=\"https:\/\/www.instagram.com\/welabplus\/?hl=es\" target=\"_blank\" title=\"\"><i class=\"fa fa-instagram\"><\/i><\/a><\/div>\n<div class=\"social-icon social-big\"><a href=\"https:\/\/www.linkedin.com\/company\/welabplus\" target=\"_blank\" title=\"\"><i class=\"fa fa-linkedin\"><\/i><\/a><\/div>\n","protected":false},"excerpt":{"rendered":"<p>El nuevo SKY PANEL S30-C es una luz suave LED excepcionalmente vers\u00e1til: compacta totalmente sintonizable y que brinda luz de [&hellip;]<\/p>\n","protected":false},"featured_media":28035,"comment_status":"closed","ping_status":"closed","template":"","meta":{"_acf_changed":false,"inline_featured_image":false},"product_brand":[],"product_cat":[6291,9042],"product_tag":[6258,6315,6316],"class_list":{"0":"post-21381","1":"product","2":"type-product","3":"status-publish","4":"has-post-thumbnail","6":"product_cat-paneles","7":"product_cat-arri-pantallas","8":"product_tag-iluminacion","9":"product_tag-sky-panel","10":"product_tag-iluminacion-arri","12":"first","13":"instock","14":"shipping-taxable","15":"purchasable","16":"product-type-simple"},"acf":[],"yoast_head":"<!-- This site is optimized with the Yoast SEO plugin v26.2 - https:\/\/yoast.com\/wordpress\/plugins\/seo\/ -->\n<title>SKY PANEL S30-C - Welabplus<\/title>\n<meta name=\"description\" content=\"Alquiler de SKY PANEL S30-C en Welab en Madrid y en las Islas Canarias, para cine publicidad, series, documentales, videoclips....\" \/>\n<meta name=\"robots\" content=\"index, follow, max-snippet:-1, max-image-preview:large, max-video-preview:-1\" \/>\n<link rel=\"canonical\" href=\"https:\/\/welabplus.com\/wevision\/catalogo\/led\/paneles\/arri-pantallas\/sky-panel-s30-c\/\" \/>\n<meta property=\"og:locale\" content=\"es_ES\" \/>\n<meta property=\"og:type\" content=\"article\" \/>\n<meta property=\"og:title\" content=\"SKY PANEL S30-C - Welabplus\" \/>\n<meta property=\"og:description\" content=\"Alquiler de SKY PANEL S30-C en Welab en Madrid y en las Islas Canarias, para cine publicidad, series, documentales, videoclips....\" \/>\n<meta property=\"og:url\" content=\"https:\/\/welabplus.com\/wevision\/catalogo\/led\/paneles\/arri-pantallas\/sky-panel-s30-c\/\" \/>\n<meta property=\"og:site_name\" content=\"Wevision\" \/>\n<meta property=\"article:publisher\" content=\"https:\/\/www.facebook.com\/welab.es\/\" \/>\n<meta property=\"article:modified_time\" content=\"2025-11-18T10:53:16+00:00\" \/>\n<meta property=\"og:image\" content=\"https:\/\/welabplus.com\/wevision\/wp-content\/uploads\/2025\/11\/ALQUILER-SKY-PANEL-S30-C-WEVISION_WELABPLUS.jpg\" \/>\n\t<meta property=\"og:image:width\" content=\"933\" \/>\n\t<meta property=\"og:image:height\" content=\"557\" \/>\n\t<meta property=\"og:image:type\" content=\"image\/jpeg\" \/>\n<meta name=\"twitter:card\" content=\"summary_large_image\" \/>\n<meta name=\"twitter:site\" content=\"@welabspain\" \/>\n<meta name=\"twitter:label1\" content=\"Tiempo de lectura\" \/>\n\t<meta name=\"twitter:data1\" content=\"2 minutos\" \/>\n<script type=\"application\/ld+json\" class=\"yoast-schema-graph\">{\"@context\":\"https:\/\/schema.org\",\"@graph\":[{\"@type\":\"WebPage\",\"@id\":\"https:\/\/welabplus.com\/wevision\/catalogo\/led\/paneles\/arri-pantallas\/sky-panel-s30-c\/\",\"url\":\"https:\/\/welabplus.com\/wevision\/catalogo\/led\/paneles\/arri-pantallas\/sky-panel-s30-c\/\",\"name\":\"SKY PANEL S30-C - Welabplus\",\"isPartOf\":{\"@id\":\"https:\/\/welabplus.com\/wevision\/#website\"},\"primaryImageOfPage\":{\"@id\":\"https:\/\/welabplus.com\/wevision\/catalogo\/led\/paneles\/arri-pantallas\/sky-panel-s30-c\/#primaryimage\"},\"image\":{\"@id\":\"https:\/\/welabplus.com\/wevision\/catalogo\/led\/paneles\/arri-pantallas\/sky-panel-s30-c\/#primaryimage\"},\"thumbnailUrl\":\"https:\/\/welabplus.com\/wevision\/wp-content\/uploads\/2025\/11\/ALQUILER-SKY-PANEL-S30-C-WEVISION_WELABPLUS.jpg\",\"datePublished\":\"2025-11-06T09:24:49+00:00\",\"dateModified\":\"2025-11-18T10:53:16+00:00\",\"description\":\"Alquiler de SKY PANEL S30-C en Welab en Madrid y en las Islas Canarias, para cine publicidad, series, documentales, videoclips....\",\"breadcrumb\":{\"@id\":\"https:\/\/welabplus.com\/wevision\/catalogo\/led\/paneles\/arri-pantallas\/sky-panel-s30-c\/#breadcrumb\"},\"inLanguage\":\"es\",\"potentialAction\":[{\"@type\":\"ReadAction\",\"target\":[\"https:\/\/welabplus.com\/wevision\/catalogo\/led\/paneles\/arri-pantallas\/sky-panel-s30-c\/\"]}]},{\"@type\":\"ImageObject\",\"inLanguage\":\"es\",\"@id\":\"https:\/\/welabplus.com\/wevision\/catalogo\/led\/paneles\/arri-pantallas\/sky-panel-s30-c\/#primaryimage\",\"url\":\"https:\/\/welabplus.com\/wevision\/wp-content\/uploads\/2025\/11\/ALQUILER-SKY-PANEL-S30-C-WEVISION_WELABPLUS.jpg\",\"contentUrl\":\"https:\/\/welabplus.com\/wevision\/wp-content\/uploads\/2025\/11\/ALQUILER-SKY-PANEL-S30-C-WEVISION_WELABPLUS.jpg\",\"width\":933,\"height\":557,\"caption\":\"ALQUILER SKY PANEL S30 C WEVISION WELABPLUS\"},{\"@type\":\"BreadcrumbList\",\"@id\":\"https:\/\/welabplus.com\/wevision\/catalogo\/led\/paneles\/arri-pantallas\/sky-panel-s30-c\/#breadcrumb\",\"itemListElement\":[{\"@type\":\"ListItem\",\"position\":1,\"name\":\"Portada\",\"item\":\"https:\/\/welabplus.com\/wevision\/\"},{\"@type\":\"ListItem\",\"position\":2,\"name\":\"Cat\u00e1logo\",\"item\":\"https:\/\/welabplus.com\/wevision\/catalogo\/\"},{\"@type\":\"ListItem\",\"position\":3,\"name\":\"SKY PANEL S30-C\"}]},{\"@type\":\"WebSite\",\"@id\":\"https:\/\/welabplus.com\/wevision\/#website\",\"url\":\"https:\/\/welabplus.com\/wevision\/\",\"name\":\"Welabplus\",\"description\":\"C\u00e1maras y lentes para cine\",\"publisher\":{\"@id\":\"https:\/\/welabplus.com\/wevision\/#organization\"},\"potentialAction\":[{\"@type\":\"SearchAction\",\"target\":{\"@type\":\"EntryPoint\",\"urlTemplate\":\"https:\/\/welabplus.com\/wevision\/?s={search_term_string}\"},\"query-input\":{\"@type\":\"PropertyValueSpecification\",\"valueRequired\":true,\"valueName\":\"search_term_string\"}}],\"inLanguage\":\"es\"},{\"@type\":\"Organization\",\"@id\":\"https:\/\/welabplus.com\/wevision\/#organization\",\"name\":\"Welab Canary Islands\",\"url\":\"https:\/\/welabplus.com\/wevision\/\",\"logo\":{\"@type\":\"ImageObject\",\"inLanguage\":\"es\",\"@id\":\"https:\/\/welabplus.com\/wevision\/#\/schema\/logo\/image\/\",\"url\":\"\",\"contentUrl\":\"\",\"caption\":\"Welab Canary Islands\"},\"image\":{\"@id\":\"https:\/\/welabplus.com\/wevision\/#\/schema\/logo\/image\/\"},\"sameAs\":[\"https:\/\/www.facebook.com\/welab.es\/\",\"https:\/\/x.com\/welabspain\"]}]}<\/script>\n<!-- \/ Yoast SEO plugin. -->","yoast_head_json":{"title":"SKY PANEL S30-C - Welabplus","description":"Alquiler de SKY PANEL S30-C en Welab en Madrid y en las Islas Canarias, para cine publicidad, series, documentales, videoclips....","robots":{"index":"index","follow":"follow","max-snippet":"max-snippet:-1","max-image-preview":"max-image-preview:large","max-video-preview":"max-video-preview:-1"},"canonical":"https:\/\/welabplus.com\/wevision\/catalogo\/led\/paneles\/arri-pantallas\/sky-panel-s30-c\/","og_locale":"es_ES","og_type":"article","og_title":"SKY PANEL S30-C - Welabplus","og_description":"Alquiler de SKY PANEL S30-C en Welab en Madrid y en las Islas Canarias, para cine publicidad, series, documentales, videoclips....","og_url":"https:\/\/welabplus.com\/wevision\/catalogo\/led\/paneles\/arri-pantallas\/sky-panel-s30-c\/","og_site_name":"Wevision","article_publisher":"https:\/\/www.facebook.com\/welab.es\/","article_modified_time":"2025-11-18T10:53:16+00:00","og_image":[{"width":933,"height":557,"url":"https:\/\/welabplus.com\/wevision\/wp-content\/uploads\/2025\/11\/ALQUILER-SKY-PANEL-S30-C-WEVISION_WELABPLUS.jpg","type":"image\/jpeg"}],"twitter_card":"summary_large_image","twitter_site":"@welabspain","twitter_misc":{"Tiempo de lectura":"2 minutos"},"schema":{"@context":"https:\/\/schema.org","@graph":[{"@type":"WebPage","@id":"https:\/\/welabplus.com\/wevision\/catalogo\/led\/paneles\/arri-pantallas\/sky-panel-s30-c\/","url":"https:\/\/welabplus.com\/wevision\/catalogo\/led\/paneles\/arri-pantallas\/sky-panel-s30-c\/","name":"SKY PANEL S30-C - Welabplus","isPartOf":{"@id":"https:\/\/welabplus.com\/wevision\/#website"},"primaryImageOfPage":{"@id":"https:\/\/welabplus.com\/wevision\/catalogo\/led\/paneles\/arri-pantallas\/sky-panel-s30-c\/#primaryimage"},"image":{"@id":"https:\/\/welabplus.com\/wevision\/catalogo\/led\/paneles\/arri-pantallas\/sky-panel-s30-c\/#primaryimage"},"thumbnailUrl":"https:\/\/welabplus.com\/wevision\/wp-content\/uploads\/2025\/11\/ALQUILER-SKY-PANEL-S30-C-WEVISION_WELABPLUS.jpg","datePublished":"2025-11-06T09:24:49+00:00","dateModified":"2025-11-18T10:53:16+00:00","description":"Alquiler de SKY PANEL S30-C en Welab en Madrid y en las Islas Canarias, para cine publicidad, series, documentales, videoclips....","breadcrumb":{"@id":"https:\/\/welabplus.com\/wevision\/catalogo\/led\/paneles\/arri-pantallas\/sky-panel-s30-c\/#breadcrumb"},"inLanguage":"es","potentialAction":[{"@type":"ReadAction","target":["https:\/\/welabplus.com\/wevision\/catalogo\/led\/paneles\/arri-pantallas\/sky-panel-s30-c\/"]}]},{"@type":"ImageObject","inLanguage":"es","@id":"https:\/\/welabplus.com\/wevision\/catalogo\/led\/paneles\/arri-pantallas\/sky-panel-s30-c\/#primaryimage","url":"https:\/\/welabplus.com\/wevision\/wp-content\/uploads\/2025\/11\/ALQUILER-SKY-PANEL-S30-C-WEVISION_WELABPLUS.jpg","contentUrl":"https:\/\/welabplus.com\/wevision\/wp-content\/uploads\/2025\/11\/ALQUILER-SKY-PANEL-S30-C-WEVISION_WELABPLUS.jpg","width":933,"height":557,"caption":"ALQUILER SKY PANEL S30 C WEVISION WELABPLUS"},{"@type":"BreadcrumbList","@id":"https:\/\/welabplus.com\/wevision\/catalogo\/led\/paneles\/arri-pantallas\/sky-panel-s30-c\/#breadcrumb","itemListElement":[{"@type":"ListItem","position":1,"name":"Portada","item":"https:\/\/welabplus.com\/wevision\/"},{"@type":"ListItem","position":2,"name":"Cat\u00e1logo","item":"https:\/\/welabplus.com\/wevision\/catalogo\/"},{"@type":"ListItem","position":3,"name":"SKY PANEL S30-C"}]},{"@type":"WebSite","@id":"https:\/\/welabplus.com\/wevision\/#website","url":"https:\/\/welabplus.com\/wevision\/","name":"Welabplus","description":"C\u00e1maras y lentes para cine","publisher":{"@id":"https:\/\/welabplus.com\/wevision\/#organization"},"potentialAction":[{"@type":"SearchAction","target":{"@type":"EntryPoint","urlTemplate":"https:\/\/welabplus.com\/wevision\/?s={search_term_string}"},"query-input":{"@type":"PropertyValueSpecification","valueRequired":true,"valueName":"search_term_string"}}],"inLanguage":"es"},{"@type":"Organization","@id":"https:\/\/welabplus.com\/wevision\/#organization","name":"Welab Canary Islands","url":"https:\/\/welabplus.com\/wevision\/","logo":{"@type":"ImageObject","inLanguage":"es","@id":"https:\/\/welabplus.com\/wevision\/#\/schema\/logo\/image\/","url":"","contentUrl":"","caption":"Welab Canary Islands"},"image":{"@id":"https:\/\/welabplus.com\/wevision\/#\/schema\/logo\/image\/"},"sameAs":["https:\/\/www.facebook.com\/welab.es\/","https:\/\/x.com\/welabspain"]}]}},"_links":{"self":[{"href":"https:\/\/welabplus.com\/wevision\/wp-json\/wp\/v2\/product\/21381","targetHints":{"allow":["GET"]}}],"collection":[{"href":"https:\/\/welabplus.com\/wevision\/wp-json\/wp\/v2\/product"}],"about":[{"href":"https:\/\/welabplus.com\/wevision\/wp-json\/wp\/v2\/types\/product"}],"replies":[{"embeddable":true,"href":"https:\/\/welabplus.com\/wevision\/wp-json\/wp\/v2\/comments?post=21381"}],"wp:featuredmedia":[{"embeddable":true,"href":"https:\/\/welabplus.com\/wevision\/wp-json\/wp\/v2\/media\/28035"}],"wp:attachment":[{"href":"https:\/\/welabplus.com\/wevision\/wp-json\/wp\/v2\/media?parent=21381"}],"wp:term":[{"taxonomy":"product_brand","embeddable":true,"href":"https:\/\/welabplus.com\/wevision\/wp-json\/wp\/v2\/product_brand?post=21381"},{"taxonomy":"product_cat","embeddable":true,"href":"https:\/\/welabplus.com\/wevision\/wp-json\/wp\/v2\/product_cat?post=21381"},{"taxonomy":"product_tag","embeddable":true,"href":"https:\/\/welabplus.com\/wevision\/wp-json\/wp\/v2\/product_tag?post=21381"}],"curies":[{"name":"wp","href":"https:\/\/api.w.org\/{rel}","templated":true}]}}