{"id":21380,"date":"2025-11-06T10:24:49","date_gmt":"2025-11-06T09:24:49","guid":{"rendered":"https:\/\/welabplus.com\/wevision\/?post_type=product&#038;p=21380"},"modified":"2025-11-19T17:28:05","modified_gmt":"2025-11-19T16:28:05","slug":"arri-l5-c-led","status":"publish","type":"product","link":"https:\/\/welabplus.com\/wevision\/catalogo\/led\/fresnel\/arri-l5-c-led\/","title":{"rendered":"ARRI L5-C LED"},"content":{"rendered":"<p>El <strong>ARRI L5-C LED<\/strong>\u00a0es un\u00a0<strong>proyector LED\u00a0<\/strong>es una magn\u00edfica opci\u00f3n para disponer de una iluminaci\u00f3n port\u00e1til y ligera con alta capacidad para estudios y sets de producci\u00f3n peque\u00f1os. Es posible colocarlo en lugares muy peque\u00f1os y ajustados, tambi\u00e9n colgado del techo. Tambi\u00e9n ofrece la posibilidad de ser colocado en configuraciones peque\u00f1as y m\u00f3viles mediante pinzas y otras sujeciones sencillas.<\/p>\n<p>&nbsp;<\/p>\n<p>El bajo nivel de calor que emite hace posible su uso en situaciones de rodaje m\u00e1s c\u00f3modas. La versatilidad y calidad de luz soberbia convierte al L5-C en una adquisici\u00f3n muy esperada dentro de la familia de iluminaci\u00f3n de ARRI.<\/p>\n<p>Entre las novedades que incorpora<strong> el L5-C<\/strong> podemos destacar un conector de energ\u00eda <strong>\u201cpowerCON\u201d<\/strong> y una entrada de bater\u00eda on-board que permite el uso de bater\u00edas est\u00e1ndar en la industria para alimentar el proyector sin sufrir ning\u00fan sacrificio en cuanto a caracter\u00edsticas de la salida de luz. El incremento en portabilidad resultante abre un nuevo abanico de \u00e1reas de aplicaci\u00f3n, dando a las producciones realizadas con el L5-C una tremenda libertad de movimientos y agilidad de trabajo.<\/p>\n<p>Este modelo es aproximadamente un 45% m\u00e1s luminoso que los Fresnel de tungsteno de 300W, con la ventaja de que\u00a0s\u00f3lo consume 115 W.<\/p>\n<p>&nbsp;<\/p>\n<h3>Caracter\u00edsticas principales del foco ARRI L5-C LED:<\/h3>\n<ul>\n<li>Completamente ajustable desde 2.800K hasta 10.000K.<\/li>\n<li>Correcci\u00f3n de verde.<\/li>\n<li>Selecci\u00f3n de color vibrante (RGB+W Color Gamut).<\/li>\n<li>Control de tono y saturaci\u00f3n.<\/li>\n<li>Bajo consumo el\u00e9ctrico (115W Nominal).<\/li>\n<li>Totalmente regulable (dimmer).<\/li>\n<li>Caracter\u00edsticas reales de lente Fresnel.<\/li>\n<li>Conexi\u00f3n para bater\u00eda \u201con-board\u201d (23-36V DC).<\/li>\n<li>Ligero y compacto para f\u00e1cil transporte y operatividad.<\/li>\n<li>Entrada y salida de DMX incorporada..<\/li>\n<li>Implementaci\u00f3n RDM.<\/li>\n<li>Regulador del modo de ventilador.<\/li>\n<li>Conexi\u00f3n powerCON TRUE1.<\/li>\n<\/ul>\n<div>\n<div class=\"\">\n<p>&nbsp;<\/p>\n<\/div>\n<\/div>\n<hr \/>\n<div class=\"social-icon social-big\"><a href=\"https:\/\/www.facebook.com\/welabplus\/\" target=\"_blank\" title=\"\"><i class=\"fa fa-facebook\"><\/i><\/a><\/div>\n<div class=\"social-icon social-big\"><a href=\"https:\/\/twitter.com\/welabplus\" target=\"_blank\" title=\"\"><i class=\"fa fa-twitter\"><\/i><\/a><\/div>\n<div class=\"social-icon social-big\"><a href=\"https:\/\/www.instagram.com\/welabplus\/?hl=es\" target=\"_blank\" title=\"\"><i class=\"fa fa-instagram\"><\/i><\/a><\/div>\n<div class=\"social-icon social-big\"><a href=\"https:\/\/www.linkedin.com\/company\/welabplus\" target=\"_blank\" title=\"\"><i class=\"fa fa-linkedin\"><\/i><\/a><\/div>\n","protected":false},"excerpt":{"rendered":"<p>El ARRI L5-C LED\u00a0es un\u00a0proyector LED\u00a0es una magn\u00edfica opci\u00f3n para disponer de una iluminaci\u00f3n port\u00e1til y ligera con alta capacidad [&hellip;]<\/p>\n","protected":false},"featured_media":28042,"comment_status":"closed","ping_status":"closed","template":"","meta":{"_acf_changed":false,"inline_featured_image":false},"product_brand":[],"product_cat":[6292],"product_tag":[4337,4500,4501,6304,6317,6318],"class_list":{"0":"post-21380","1":"product","2":"type-product","3":"status-publish","4":"has-post-thumbnail","6":"product_cat-fresnel","7":"product_tag-alquiler-audiovisual-madrid","8":"product_tag-alquiler-de-material-audiovisual","9":"product_tag-alquiler-de-equipo-audiovisual","10":"product_tag-iluminacion-led","11":"product_tag-alquiler-de-iluminacion-madrid","12":"product_tag-arri-led","14":"first","15":"instock","16":"shipping-taxable","17":"purchasable","18":"product-type-simple"},"acf":[],"yoast_head":"<!-- This site is optimized with the Yoast SEO plugin v26.2 - https:\/\/yoast.com\/wordpress\/plugins\/seo\/ -->\n<title>ARRI L5-C LED - Welabplus<\/title>\n<meta name=\"description\" content=\"Alquiler de ARRI L5-C LED en Welab en Madrid y en las Islas Canarias, para cine publicidad, series, documentales, videoclips...\" \/>\n<meta name=\"robots\" content=\"index, follow, max-snippet:-1, max-image-preview:large, max-video-preview:-1\" \/>\n<link rel=\"canonical\" href=\"https:\/\/welabplus.com\/wevision\/catalogo\/led\/fresnel\/arri-l5-c-led\/\" \/>\n<meta property=\"og:locale\" content=\"es_ES\" \/>\n<meta property=\"og:type\" content=\"article\" \/>\n<meta property=\"og:title\" content=\"ARRI L5-C LED - Welabplus\" \/>\n<meta property=\"og:description\" content=\"Alquiler de ARRI L5-C LED en Welab en Madrid y en las Islas Canarias, para cine publicidad, series, documentales, videoclips...\" \/>\n<meta property=\"og:url\" content=\"https:\/\/welabplus.com\/wevision\/catalogo\/led\/fresnel\/arri-l5-c-led\/\" \/>\n<meta property=\"og:site_name\" content=\"Wevision\" \/>\n<meta property=\"article:publisher\" content=\"https:\/\/www.facebook.com\/welab.es\/\" \/>\n<meta property=\"article:modified_time\" content=\"2025-11-19T16:28:05+00:00\" \/>\n<meta property=\"og:image\" content=\"https:\/\/welabplus.com\/wevision\/wp-content\/uploads\/2025\/11\/ALQUILER-ARRI-L5-C-LED-WEVISION_WELABPLUS.jpg\" \/>\n\t<meta property=\"og:image:width\" content=\"933\" \/>\n\t<meta property=\"og:image:height\" content=\"557\" \/>\n\t<meta property=\"og:image:type\" content=\"image\/jpeg\" \/>\n<meta name=\"twitter:card\" content=\"summary_large_image\" \/>\n<meta name=\"twitter:site\" content=\"@welabspain\" \/>\n<meta name=\"twitter:label1\" content=\"Tiempo de lectura\" \/>\n\t<meta name=\"twitter:data1\" content=\"2 minutos\" \/>\n<script type=\"application\/ld+json\" class=\"yoast-schema-graph\">{\"@context\":\"https:\/\/schema.org\",\"@graph\":[{\"@type\":\"WebPage\",\"@id\":\"https:\/\/welabplus.com\/wevision\/catalogo\/led\/fresnel\/arri-l5-c-led\/\",\"url\":\"https:\/\/welabplus.com\/wevision\/catalogo\/led\/fresnel\/arri-l5-c-led\/\",\"name\":\"ARRI L5-C LED - Welabplus\",\"isPartOf\":{\"@id\":\"https:\/\/welabplus.com\/wevision\/#website\"},\"primaryImageOfPage\":{\"@id\":\"https:\/\/welabplus.com\/wevision\/catalogo\/led\/fresnel\/arri-l5-c-led\/#primaryimage\"},\"image\":{\"@id\":\"https:\/\/welabplus.com\/wevision\/catalogo\/led\/fresnel\/arri-l5-c-led\/#primaryimage\"},\"thumbnailUrl\":\"https:\/\/welabplus.com\/wevision\/wp-content\/uploads\/2025\/11\/ALQUILER-ARRI-L5-C-LED-WEVISION_WELABPLUS.jpg\",\"datePublished\":\"2025-11-06T09:24:49+00:00\",\"dateModified\":\"2025-11-19T16:28:05+00:00\",\"description\":\"Alquiler de ARRI L5-C LED en Welab en Madrid y en las Islas Canarias, para cine publicidad, series, documentales, videoclips...\",\"breadcrumb\":{\"@id\":\"https:\/\/welabplus.com\/wevision\/catalogo\/led\/fresnel\/arri-l5-c-led\/#breadcrumb\"},\"inLanguage\":\"es\",\"potentialAction\":[{\"@type\":\"ReadAction\",\"target\":[\"https:\/\/welabplus.com\/wevision\/catalogo\/led\/fresnel\/arri-l5-c-led\/\"]}]},{\"@type\":\"ImageObject\",\"inLanguage\":\"es\",\"@id\":\"https:\/\/welabplus.com\/wevision\/catalogo\/led\/fresnel\/arri-l5-c-led\/#primaryimage\",\"url\":\"https:\/\/welabplus.com\/wevision\/wp-content\/uploads\/2025\/11\/ALQUILER-ARRI-L5-C-LED-WEVISION_WELABPLUS.jpg\",\"contentUrl\":\"https:\/\/welabplus.com\/wevision\/wp-content\/uploads\/2025\/11\/ALQUILER-ARRI-L5-C-LED-WEVISION_WELABPLUS.jpg\",\"width\":933,\"height\":557,\"caption\":\"ALQUILER ARRI L5 C LED WEVISION WELABPLUS\"},{\"@type\":\"BreadcrumbList\",\"@id\":\"https:\/\/welabplus.com\/wevision\/catalogo\/led\/fresnel\/arri-l5-c-led\/#breadcrumb\",\"itemListElement\":[{\"@type\":\"ListItem\",\"position\":1,\"name\":\"Portada\",\"item\":\"https:\/\/welabplus.com\/wevision\/\"},{\"@type\":\"ListItem\",\"position\":2,\"name\":\"Cat\u00e1logo\",\"item\":\"https:\/\/welabplus.com\/wevision\/catalogo\/\"},{\"@type\":\"ListItem\",\"position\":3,\"name\":\"ARRI L5-C LED\"}]},{\"@type\":\"WebSite\",\"@id\":\"https:\/\/welabplus.com\/wevision\/#website\",\"url\":\"https:\/\/welabplus.com\/wevision\/\",\"name\":\"Welabplus\",\"description\":\"C\u00e1maras y lentes para cine\",\"publisher\":{\"@id\":\"https:\/\/welabplus.com\/wevision\/#organization\"},\"potentialAction\":[{\"@type\":\"SearchAction\",\"target\":{\"@type\":\"EntryPoint\",\"urlTemplate\":\"https:\/\/welabplus.com\/wevision\/?s={search_term_string}\"},\"query-input\":{\"@type\":\"PropertyValueSpecification\",\"valueRequired\":true,\"valueName\":\"search_term_string\"}}],\"inLanguage\":\"es\"},{\"@type\":\"Organization\",\"@id\":\"https:\/\/welabplus.com\/wevision\/#organization\",\"name\":\"Welab Canary Islands\",\"url\":\"https:\/\/welabplus.com\/wevision\/\",\"logo\":{\"@type\":\"ImageObject\",\"inLanguage\":\"es\",\"@id\":\"https:\/\/welabplus.com\/wevision\/#\/schema\/logo\/image\/\",\"url\":\"\",\"contentUrl\":\"\",\"caption\":\"Welab Canary Islands\"},\"image\":{\"@id\":\"https:\/\/welabplus.com\/wevision\/#\/schema\/logo\/image\/\"},\"sameAs\":[\"https:\/\/www.facebook.com\/welab.es\/\",\"https:\/\/x.com\/welabspain\"]}]}<\/script>\n<!-- \/ Yoast SEO plugin. -->","yoast_head_json":{"title":"ARRI L5-C LED - Welabplus","description":"Alquiler de ARRI L5-C LED en Welab en Madrid y en las Islas Canarias, para cine publicidad, series, documentales, videoclips...","robots":{"index":"index","follow":"follow","max-snippet":"max-snippet:-1","max-image-preview":"max-image-preview:large","max-video-preview":"max-video-preview:-1"},"canonical":"https:\/\/welabplus.com\/wevision\/catalogo\/led\/fresnel\/arri-l5-c-led\/","og_locale":"es_ES","og_type":"article","og_title":"ARRI L5-C LED - Welabplus","og_description":"Alquiler de ARRI L5-C LED en Welab en Madrid y en las Islas Canarias, para cine publicidad, series, documentales, videoclips...","og_url":"https:\/\/welabplus.com\/wevision\/catalogo\/led\/fresnel\/arri-l5-c-led\/","og_site_name":"Wevision","article_publisher":"https:\/\/www.facebook.com\/welab.es\/","article_modified_time":"2025-11-19T16:28:05+00:00","og_image":[{"width":933,"height":557,"url":"https:\/\/welabplus.com\/wevision\/wp-content\/uploads\/2025\/11\/ALQUILER-ARRI-L5-C-LED-WEVISION_WELABPLUS.jpg","type":"image\/jpeg"}],"twitter_card":"summary_large_image","twitter_site":"@welabspain","twitter_misc":{"Tiempo de lectura":"2 minutos"},"schema":{"@context":"https:\/\/schema.org","@graph":[{"@type":"WebPage","@id":"https:\/\/welabplus.com\/wevision\/catalogo\/led\/fresnel\/arri-l5-c-led\/","url":"https:\/\/welabplus.com\/wevision\/catalogo\/led\/fresnel\/arri-l5-c-led\/","name":"ARRI L5-C LED - Welabplus","isPartOf":{"@id":"https:\/\/welabplus.com\/wevision\/#website"},"primaryImageOfPage":{"@id":"https:\/\/welabplus.com\/wevision\/catalogo\/led\/fresnel\/arri-l5-c-led\/#primaryimage"},"image":{"@id":"https:\/\/welabplus.com\/wevision\/catalogo\/led\/fresnel\/arri-l5-c-led\/#primaryimage"},"thumbnailUrl":"https:\/\/welabplus.com\/wevision\/wp-content\/uploads\/2025\/11\/ALQUILER-ARRI-L5-C-LED-WEVISION_WELABPLUS.jpg","datePublished":"2025-11-06T09:24:49+00:00","dateModified":"2025-11-19T16:28:05+00:00","description":"Alquiler de ARRI L5-C LED en Welab en Madrid y en las Islas Canarias, para cine publicidad, series, documentales, videoclips...","breadcrumb":{"@id":"https:\/\/welabplus.com\/wevision\/catalogo\/led\/fresnel\/arri-l5-c-led\/#breadcrumb"},"inLanguage":"es","potentialAction":[{"@type":"ReadAction","target":["https:\/\/welabplus.com\/wevision\/catalogo\/led\/fresnel\/arri-l5-c-led\/"]}]},{"@type":"ImageObject","inLanguage":"es","@id":"https:\/\/welabplus.com\/wevision\/catalogo\/led\/fresnel\/arri-l5-c-led\/#primaryimage","url":"https:\/\/welabplus.com\/wevision\/wp-content\/uploads\/2025\/11\/ALQUILER-ARRI-L5-C-LED-WEVISION_WELABPLUS.jpg","contentUrl":"https:\/\/welabplus.com\/wevision\/wp-content\/uploads\/2025\/11\/ALQUILER-ARRI-L5-C-LED-WEVISION_WELABPLUS.jpg","width":933,"height":557,"caption":"ALQUILER ARRI L5 C LED WEVISION WELABPLUS"},{"@type":"BreadcrumbList","@id":"https:\/\/welabplus.com\/wevision\/catalogo\/led\/fresnel\/arri-l5-c-led\/#breadcrumb","itemListElement":[{"@type":"ListItem","position":1,"name":"Portada","item":"https:\/\/welabplus.com\/wevision\/"},{"@type":"ListItem","position":2,"name":"Cat\u00e1logo","item":"https:\/\/welabplus.com\/wevision\/catalogo\/"},{"@type":"ListItem","position":3,"name":"ARRI L5-C LED"}]},{"@type":"WebSite","@id":"https:\/\/welabplus.com\/wevision\/#website","url":"https:\/\/welabplus.com\/wevision\/","name":"Welabplus","description":"C\u00e1maras y lentes para cine","publisher":{"@id":"https:\/\/welabplus.com\/wevision\/#organization"},"potentialAction":[{"@type":"SearchAction","target":{"@type":"EntryPoint","urlTemplate":"https:\/\/welabplus.com\/wevision\/?s={search_term_string}"},"query-input":{"@type":"PropertyValueSpecification","valueRequired":true,"valueName":"search_term_string"}}],"inLanguage":"es"},{"@type":"Organization","@id":"https:\/\/welabplus.com\/wevision\/#organization","name":"Welab Canary Islands","url":"https:\/\/welabplus.com\/wevision\/","logo":{"@type":"ImageObject","inLanguage":"es","@id":"https:\/\/welabplus.com\/wevision\/#\/schema\/logo\/image\/","url":"","contentUrl":"","caption":"Welab Canary Islands"},"image":{"@id":"https:\/\/welabplus.com\/wevision\/#\/schema\/logo\/image\/"},"sameAs":["https:\/\/www.facebook.com\/welab.es\/","https:\/\/x.com\/welabspain"]}]}},"_links":{"self":[{"href":"https:\/\/welabplus.com\/wevision\/wp-json\/wp\/v2\/product\/21380","targetHints":{"allow":["GET"]}}],"collection":[{"href":"https:\/\/welabplus.com\/wevision\/wp-json\/wp\/v2\/product"}],"about":[{"href":"https:\/\/welabplus.com\/wevision\/wp-json\/wp\/v2\/types\/product"}],"replies":[{"embeddable":true,"href":"https:\/\/welabplus.com\/wevision\/wp-json\/wp\/v2\/comments?post=21380"}],"wp:featuredmedia":[{"embeddable":true,"href":"https:\/\/welabplus.com\/wevision\/wp-json\/wp\/v2\/media\/28042"}],"wp:attachment":[{"href":"https:\/\/welabplus.com\/wevision\/wp-json\/wp\/v2\/media?parent=21380"}],"wp:term":[{"taxonomy":"product_brand","embeddable":true,"href":"https:\/\/welabplus.com\/wevision\/wp-json\/wp\/v2\/product_brand?post=21380"},{"taxonomy":"product_cat","embeddable":true,"href":"https:\/\/welabplus.com\/wevision\/wp-json\/wp\/v2\/product_cat?post=21380"},{"taxonomy":"product_tag","embeddable":true,"href":"https:\/\/welabplus.com\/wevision\/wp-json\/wp\/v2\/product_tag?post=21380"}],"curies":[{"name":"wp","href":"https:\/\/api.w.org\/{rel}","templated":true}]}}