{"id":21375,"date":"2025-11-06T10:24:49","date_gmt":"2025-11-06T09:24:49","guid":{"rendered":"https:\/\/welabplus.com\/wevision\/?post_type=product&#038;p=21375"},"modified":"2025-11-18T11:54:48","modified_gmt":"2025-11-18T10:54:48","slug":"sky-panel-s60-c","status":"publish","type":"product","link":"https:\/\/welabplus.com\/wevision\/catalogo\/led\/paneles\/arri-pantallas\/sky-panel-s60-c\/","title":{"rendered":"SKY PANEL S60-C"},"content":{"rendered":"<p>El nuevo <strong>SKY PANEL S60-C<\/strong>\u00a0es una luz suave LED excepcionalmente vers\u00e1til: compacta, totalmente sintonizable y que brinda luz de potencia y calidad insuperables.\u00a0Debido a que diferentes \u00e1reas de aplicaci\u00f3n requieren diferentes necesidades de iluminaci\u00f3n, el S60-C SkyPanel es el modelo de gama media.<\/p>\n<p><strong>El SkyPanel S60-C de ARRI<\/strong>\u00a0tiene una enorme salida de luz en todo el rango de CCT.\u00a0M\u00e1s brillante que una luz suave de tungsteno de 2 kW o una luz espacial de tungsteno de 6 kW, la SkyPanel S60-C tiene luz m\u00e1s que suficiente para la mayor\u00eda de las aplicaciones.\u00a0En algunos casos, el accesorio puede incluso competir con la luz solar natural;\u00a0al mismo tiempo, es capaz de funcionar bellamente a niveles de luz m\u00e1s bajos.<\/p>\n<p>&nbsp;<\/p>\n<p>La interfaz de usuario de SkyPanel est\u00e1 dise\u00f1ada para ser incre\u00edblemente f\u00e1cil de usar, pero tambi\u00e9n para poner a disposici\u00f3n del usuario una amplia gama de controles, todo al mismo tiempo.\u00a0Con tres potentes perillas, la temperatura de color, el punto verde \/ magenta, la intensidad, el tono y la saturaci\u00f3n se pueden ajustar al instante.\u00a0Las personas que nunca han usado la luz antes encuentran la interfaz efectiva e intuitiva.\u00a0Adem\u00e1s de los controles de a bordo, todas las funciones se pueden ajustar de forma remota a trav\u00e9s de conexiones de red DMX o LAN.<\/p>\n<p><strong><img loading=\"lazy\" decoding=\"async\" class=\"aligncenter size-full wp-image-21378\" src=\"https:\/\/welabplus.com\/wevision\/wp-content\/uploads\/2023\/02\/SKY-PANEL-S60-C-1.jpg\" alt=\"ALQUILER SKY PANEL S60-C WELABPLUS\" width=\"640\" height=\"411\" srcset=\"https:\/\/welabplus.com\/wevision\/wp-content\/uploads\/2023\/02\/SKY-PANEL-S60-C-1.jpg 640w, https:\/\/welabplus.com\/wevision\/wp-content\/uploads\/2023\/02\/SKY-PANEL-S60-C-1-300x193.jpg 300w, https:\/\/welabplus.com\/wevision\/wp-content\/uploads\/2023\/02\/SKY-PANEL-S60-C-1-600x385.jpg 600w\" sizes=\"auto, (max-width: 640px) 100vw, 640px\" \/><\/strong><\/p>\n<h3><\/h3>\n<h3><strong>Caracter\u00edsticas del foco SKY PANEL S60-C:<\/strong><\/h3>\n<table class=\"contenttable contenttable-0 produkt-table-striped-600\" style=\"height: 1437px; width: 967px;\">\n<tbody>\n<tr class=\"tr-even tr-0\">\n<td class=\"td-0\" style=\"width: 284.156px;\"><b>Panel de luz<\/b><\/td>\n<td class=\"td-last td-1\" style=\"width: 666.844px;\"><b>S60-C<\/b><\/td>\n<\/tr>\n<tr class=\"tr-odd tr-1\">\n<td class=\"td-0\" style=\"width: 284.156px;\">Sistema \u00f3ptico:<\/td>\n<td class=\"td-last td-1\" style=\"width: 666.844px;\">Panel de difusi\u00f3n suave<\/td>\n<\/tr>\n<tr class=\"tr-even tr-2\">\n<td class=\"td-0\" style=\"width: 284.156px;\">Apertura de luz:<\/td>\n<td class=\"td-last td-1\" style=\"width: 666.844px;\">645 x 300 mm \/ 25.4 x 11.8 \u00ab<\/td>\n<\/tr>\n<tr class=\"tr-odd tr-3\">\n<td class=\"td-0\" style=\"width: 284.156px;\">\u00c1ngulo de haz:<\/td>\n<td class=\"td-last td-1\" style=\"width: 666.844px;\">115\u00ba (\u00e1ngulo medio de pico)<\/td>\n<\/tr>\n<tr class=\"tr-even tr-4\">\n<td class=\"td-0\" style=\"width: 284.156px;\">Peso:<\/td>\n<td class=\"td-last td-1\" style=\"width: 666.844px;\">Versi\u00f3n manual: aprox.\u00a013 kg \/ 29 lbs<br \/>\nPole Op Versi\u00f3n: aprox.\u00a014 kg \/ 31 lbs<\/td>\n<\/tr>\n<tr class=\"tr-odd tr-5\">\n<td class=\"td-0\" style=\"width: 284.156px;\">Peso embalado:<\/td>\n<td class=\"td-last td-1\" style=\"width: 666.844px;\">Versi\u00f3n manual: aprox.<br \/>\nVersi\u00f3n de Op. Sys.\u00a021 kg \/ 46 lbs\u00a0: aprox.\u00a022 kg \/ 49 lbs<\/td>\n<\/tr>\n<tr class=\"tr-even tr-6\">\n<td class=\"td-0\" style=\"width: 284.156px;\">Tama\u00f1o w \/ espita (H x W x L):<\/td>\n<td class=\"td-last td-1\" style=\"width: 666.844px;\">566 x 133 x 825 mm \/ 22.3 x 5.2 x 32.5 \u00ab<\/td>\n<\/tr>\n<tr class=\"tr-odd tr-7\">\n<td class=\"td-0\" style=\"width: 284.156px;\">Tama\u00f1o sin espita (H x W x L):<\/td>\n<td class=\"td-last td-1\" style=\"width: 666.844px;\">433 x 133 x 825 mm \/ 17 x 5.2 x 32.5 \u00ab<\/td>\n<\/tr>\n<tr class=\"tr-even tr-8\">\n<td class=\"td-0\" style=\"width: 284.156px;\">Tama\u00f1o empaquetado (H x W x L):<\/td>\n<td class=\"td-last td-1\" style=\"width: 666.844px;\">460 x 300 x 856 mm \/ 18 x 11.8 x 33.7 \u00ab<\/td>\n<\/tr>\n<tr class=\"tr-odd tr-9\">\n<td class=\"td-0\" style=\"width: 284.156px;\">Manejo:<\/td>\n<td class=\"td-last td-1\" style=\"width: 666.844px;\">Horquilla de aluminio,<br \/>\nopci\u00f3n de operaci\u00f3n de posicionado de\u00a0inclinaci\u00f3n de alta resistencia\u00a0(giro e inclinaci\u00f3n)<\/td>\n<\/tr>\n<tr class=\"tr-even tr-10\">\n<td class=\"td-0\" style=\"width: 284.156px;\">Montaje:<\/td>\n<td class=\"td-last td-1\" style=\"width: 666.844px;\">Espiga de 28 mm (Pin Junior)<\/td>\n<\/tr>\n<tr class=\"tr-odd tr-11\">\n<td class=\"td-0\" style=\"width: 284.156px;\">\u00c1ngulo de inclinaci\u00f3n:<\/td>\n<td class=\"td-last td-1\" style=\"width: 666.844px;\">+\/- 90\u00ba<\/td>\n<\/tr>\n<tr class=\"tr-even tr-12\">\n<td class=\"td-0\" style=\"width: 284.156px;\">Entrada de voltaje del cabezal de la l\u00e1mpara:<\/td>\n<td class=\"td-last td-1\" style=\"width: 666.844px;\">48 V DC<\/td>\n<\/tr>\n<tr class=\"tr-odd tr-13\">\n<td class=\"td-0\" style=\"width: 284.156px;\">El consumo de energ\u00eda:<\/td>\n<td class=\"td-last td-1\" style=\"width: 666.844px;\">420 W Nominal, 450 W M\u00e1ximo<\/td>\n<\/tr>\n<tr class=\"tr-even tr-14\">\n<td class=\"td-0\" style=\"width: 284.156px;\">Conexi\u00f3n de alimentaci\u00f3n de Lamphead:<\/td>\n<td class=\"td-last td-1\" style=\"width: 666.844px;\">XLR macho de 3 pines &#8211; 15 Amp (Pin 1: Negativo \/ Pin 2: positivo)<\/td>\n<\/tr>\n<tr class=\"tr-odd tr-15\">\n<td class=\"td-0\" style=\"width: 284.156px;\">Conector de bateria:<\/td>\n<td class=\"td-last td-1\" style=\"width: 666.844px;\">XLR macho de 4 pines &#8211; 10 Amp (Pin 1: Negativo \/ Pin 4: positivo)<\/td>\n<\/tr>\n<tr class=\"tr-even tr-16\">\n<td class=\"td-0\" style=\"width: 284.156px;\">Rango de voltaje de CC de la bater\u00eda:<\/td>\n<td class=\"td-last td-1\" style=\"width: 666.844px;\">23 a 36 V DC<\/td>\n<\/tr>\n<tr class=\"tr-odd tr-17\">\n<td class=\"td-0\" style=\"width: 284.156px;\">Salida de luz del modo de bater\u00eda:<\/td>\n<td class=\"td-last td-1\" style=\"width: 666.844px;\">50% de la producci\u00f3n total<\/td>\n<\/tr>\n<tr class=\"tr-even tr-18\">\n<td class=\"td-0\" style=\"width: 284.156px;\">Luz blanca:<\/td>\n<td class=\"td-last td-1\" style=\"width: 666.844px;\">Temperatura de color correlacionada variable de 2,800 K a 10,000 K<\/td>\n<\/tr>\n<tr class=\"tr-odd tr-19\">\n<td class=\"td-0\" style=\"width: 284.156px;\">Luz coloreada:<\/td>\n<td class=\"td-last td-1\" style=\"width: 666.844px;\">Gamut de color completo RGB + W con control de tono y saturaci\u00f3n<\/td>\n<\/tr>\n<tr class=\"tr-even tr-20\">\n<td class=\"td-0\" style=\"width: 284.156px;\">Tolerancia a la temperatura del color:<\/td>\n<td class=\"td-last td-1\" style=\"width: 666.844px;\">+\/- 100 K (nominal), +\/- 1\/8 Verde-Magenta (nominal)<\/td>\n<\/tr>\n<tr class=\"tr-odd tr-21\">\n<td class=\"td-0\" style=\"width: 284.156px;\">Rendici\u00f3n de color:<\/td>\n<td class=\"td-last td-1\" style=\"width: 666.844px;\">CRI Promedio&gt; 95<br \/>\nTLCI Promedio&gt; 90<\/td>\n<\/tr>\n<tr class=\"tr-even tr-22\">\n<td class=\"td-0\" style=\"width: 284.156px;\">Ajuste Verde-Magenta:<\/td>\n<td class=\"td-last td-1\" style=\"width: 666.844px;\">Ajustable continuamente (Minusgreen completo a Full Plusgreen)<\/td>\n<\/tr>\n<tr class=\"tr-odd tr-23\">\n<td class=\"td-0\" style=\"width: 284.156px;\">Atenuaci\u00f3n:<\/td>\n<td class=\"td-last td-1\" style=\"width: 666.844px;\">0 a 100% continuo<\/td>\n<\/tr>\n<tr class=\"tr-even tr-24\">\n<td class=\"td-0\" style=\"width: 284.156px;\">Controlar:<\/td>\n<td class=\"td-last td-1\" style=\"width: 666.844px;\">Controlador incorporado, entrada y salida DMX de 5 pines, conectividad de red LAN EtherCon, USB-A, Art-Net<\/td>\n<\/tr>\n<tr class=\"tr-odd tr-25\">\n<td class=\"td-0\" style=\"width: 284.156px;\">Administraci\u00f3n remota de dispositivos (RDM *):<\/td>\n<td class=\"td-last td-1\" style=\"width: 666.844px;\">Configuraci\u00f3n DMX, contador de horas y comandos RDM est\u00e1ndar<\/td>\n<\/tr>\n<tr class=\"tr-even tr-26\">\n<td class=\"td-0\" style=\"width: 284.156px;\">Interfaz de software:<\/td>\n<td class=\"td-last td-1\" style=\"width: 666.844px;\">Ethernet: configuraci\u00f3n de DMX, estado de los dispositivos y actualizaci\u00f3n de firmware a trav\u00e9s de PC, Mac USB-A: actualizaci\u00f3n de software a trav\u00e9s de una unidad flash<\/td>\n<\/tr>\n<tr class=\"tr-odd tr-27\">\n<td class=\"td-0\" style=\"width: 284.156px;\">Color de la carcasa:<\/td>\n<td class=\"td-last td-1\" style=\"width: 666.844px;\">Azul \/ plata, negro<\/td>\n<\/tr>\n<tr class=\"tr-even tr-28\">\n<td class=\"td-0\" style=\"width: 284.156px;\">Operaci\u00f3n de temperatura ambiente:<\/td>\n<td class=\"td-last td-1\" style=\"width: 666.844px;\">-20 a + 45\u00baC \/ -4 a + 113\u00baF<\/td>\n<\/tr>\n<tr class=\"tr-odd tr-29\">\n<td class=\"td-0\" style=\"width: 284.156px;\">Clase de protecci\u00f3n \/ clasificaci\u00f3n de IP:<\/td>\n<td class=\"td-last td-1\" style=\"width: 666.844px;\">III \/ IP20<\/td>\n<\/tr>\n<tr class=\"tr-even tr-30\">\n<td class=\"td-0\" style=\"width: 284.156px;\">Duraci\u00f3n estimada del LED (L70):<\/td>\n<td class=\"td-last td-1\" style=\"width: 666.844px;\">50,000 horas<\/td>\n<\/tr>\n<tr class=\"tr-odd tr-31\">\n<td class=\"td-0\" style=\"width: 284.156px;\">Cambio de color estimado durante Liftetime<\/td>\n<td class=\"td-last td-1\" style=\"width: 666.844px;\">+\/- 5%<\/td>\n<\/tr>\n<tr class=\"tr-even tr-32\">\n<td class=\"td-0\" style=\"width: 284.156px;\">Certificaciones:<\/td>\n<td class=\"td-last td-1\" style=\"width: 666.844px;\">CE, CB, ENEC, cNRTLus, FCC, PSE<\/td>\n<\/tr>\n<tr class=\"tr-odd tr-33\">\n<td class=\"td-0\" style=\"width: 284.156px;\"><\/td>\n<td class=\"td-last td-1\" style=\"width: 666.844px;\"><\/td>\n<\/tr>\n<tr class=\"tr-even tr-34\">\n<td class=\"td-0\" style=\"width: 284.156px;\"><b>Unidad de fuente de alimentaci\u00f3n<\/b><\/td>\n<td class=\"td-last td-1\" style=\"width: 666.844px;\"><b>S60 PSU<\/b><\/td>\n<\/tr>\n<tr class=\"tr-odd tr-35\">\n<td class=\"td-0\" style=\"width: 284.156px;\">Rango de entrada de la fuente de alimentaci\u00f3n:<\/td>\n<td class=\"td-last td-1\" style=\"width: 666.844px;\">110 a 240 V ~, 50\/60 Hz<\/td>\n<\/tr>\n<tr class=\"tr-even tr-36\">\n<td class=\"td-0\" style=\"width: 284.156px;\">Rango de salida de la fuente de alimentaci\u00f3n:<\/td>\n<td class=\"td-last td-1\" style=\"width: 666.844px;\">48 V DC<\/td>\n<\/tr>\n<tr class=\"tr-odd tr-37\">\n<td class=\"td-0\" style=\"width: 284.156px;\">Conexi\u00f3n de entrada de energ\u00eda:<\/td>\n<td class=\"td-last td-1\" style=\"width: 666.844px;\">powerCON TRUE1 (cables Bare Ends \/ Schuko \/ Edison disponibles)<\/td>\n<\/tr>\n<tr class=\"tr-even tr-38\">\n<td class=\"td-0\" style=\"width: 284.156px;\">Conexi\u00f3n de salida de potencia:<\/td>\n<td class=\"td-last td-1\" style=\"width: 666.844px;\">Hembra de 3 pines XLR &#8211; 10 Amp (Pin 1: Negativo \/ Pin 2: positivo) powerCON TRUE1 (alimentaci\u00f3n de corriente)<\/td>\n<\/tr>\n<tr class=\"tr-odd tr-39\">\n<td class=\"td-0\" style=\"width: 284.156px;\">Peso:<\/td>\n<td class=\"td-last td-1\" style=\"width: 666.844px;\">3.5 kg \/ 7.7 lbs<\/td>\n<\/tr>\n<tr class=\"tr-even tr-40\">\n<td class=\"td-0\" style=\"width: 284.156px;\">Dimensi\u00f3n:<\/td>\n<td class=\"td-last td-1\" style=\"width: 666.844px;\">383 x 191 x 91 mm \/ 15 x 7.5 x 3.6 \u00ab<\/td>\n<\/tr>\n<tr class=\"tr-odd tr-41\">\n<td class=\"td-0\" style=\"width: 284.156px;\">Control:<\/td>\n<td class=\"td-last td-1\" style=\"width: 666.844px;\">Interruptor de encendido \/ apagado a bordo<\/td>\n<\/tr>\n<tr class=\"tr-even tr-42\">\n<td class=\"td-0\" style=\"width: 284.156px;\">Montaje:<\/td>\n<td class=\"td-last td-1\" style=\"width: 666.844px;\">SkyPanel PSU Super Clamp Adapter \/ Rail Mount Adapter<\/td>\n<\/tr>\n<tr class=\"tr-odd tr-43\">\n<td class=\"td-0\" style=\"width: 284.156px;\">Certificaciones:<\/td>\n<td class=\"td-last td-1\" style=\"width: 666.844px;\">CE, CB, ENEC, cNRTLus, PSE<\/td>\n<\/tr>\n<tr class=\"tr-even tr-last\">\n<td class=\"td-0\" style=\"width: 284.156px;\"><b>*<\/b>\u00a0RDM disponible en Futuros Firmwares<\/td>\n<td class=\"td-last td-1\" style=\"width: 666.844px;\"><b>Nota:<\/b>\u00a0Todas las especificaciones son valores nominales \/ t\u00edpicos.<\/td>\n<\/tr>\n<\/tbody>\n<\/table>\n<div>\n<div class=\"\">\n<p>&nbsp;<\/p>\n<\/div>\n<\/div>\n<hr \/>\n<div class=\"social-icon social-big\"><a href=\"https:\/\/www.facebook.com\/welabplus\/\" target=\"_blank\" title=\"\"><i class=\"fa fa-facebook\"><\/i><\/a><\/div>\n<div class=\"social-icon social-big\"><a href=\"https:\/\/twitter.com\/welabplus\" target=\"_blank\" title=\"\"><i class=\"fa fa-twitter\"><\/i><\/a><\/div>\n<div class=\"social-icon social-big\"><a href=\"https:\/\/www.instagram.com\/welabplus\/?hl=es\" target=\"_blank\" title=\"\"><i class=\"fa fa-instagram\"><\/i><\/a><\/div>\n<div class=\"social-icon social-big\"><a href=\"https:\/\/www.linkedin.com\/company\/welabplus\" target=\"_blank\" title=\"\"><i class=\"fa fa-linkedin\"><\/i><\/a><\/div>\n","protected":false},"excerpt":{"rendered":"<p>El nuevo SKY PANEL S60-C\u00a0es una luz suave LED excepcionalmente vers\u00e1til: compacta, totalmente sintonizable y que brinda luz de potencia [&hellip;]<\/p>\n","protected":false},"featured_media":28036,"comment_status":"closed","ping_status":"closed","template":"","meta":{"_acf_changed":false,"inline_featured_image":false},"product_brand":[],"product_cat":[6291,9042],"product_tag":[6258,6315,6316],"class_list":{"0":"post-21375","1":"product","2":"type-product","3":"status-publish","4":"has-post-thumbnail","6":"product_cat-paneles","7":"product_cat-arri-pantallas","8":"product_tag-iluminacion","9":"product_tag-sky-panel","10":"product_tag-iluminacion-arri","12":"first","13":"instock","14":"shipping-taxable","15":"purchasable","16":"product-type-simple"},"acf":[],"yoast_head":"<!-- This site is optimized with the Yoast SEO plugin v26.2 - https:\/\/yoast.com\/wordpress\/plugins\/seo\/ -->\n<title>SKY PANEL S60-C - Welabplus<\/title>\n<meta name=\"description\" content=\"Alquiler de SKY PANEL S60-C en Welab en Madrid y en las Islas Canarias, para cine publicidad, series, documentales, videoclips....\" \/>\n<meta name=\"robots\" content=\"index, follow, max-snippet:-1, max-image-preview:large, max-video-preview:-1\" \/>\n<link rel=\"canonical\" href=\"https:\/\/welabplus.com\/wevision\/catalogo\/led\/paneles\/arri-pantallas\/sky-panel-s60-c\/\" \/>\n<meta property=\"og:locale\" content=\"es_ES\" \/>\n<meta property=\"og:type\" content=\"article\" \/>\n<meta property=\"og:title\" content=\"SKY PANEL S60-C - Welabplus\" \/>\n<meta property=\"og:description\" content=\"Alquiler de SKY PANEL S60-C en Welab en Madrid y en las Islas Canarias, para cine publicidad, series, documentales, videoclips....\" \/>\n<meta property=\"og:url\" content=\"https:\/\/welabplus.com\/wevision\/catalogo\/led\/paneles\/arri-pantallas\/sky-panel-s60-c\/\" \/>\n<meta property=\"og:site_name\" content=\"Wevision\" \/>\n<meta property=\"article:publisher\" content=\"https:\/\/www.facebook.com\/welab.es\/\" \/>\n<meta property=\"article:modified_time\" content=\"2025-11-18T10:54:48+00:00\" \/>\n<meta property=\"og:image\" content=\"https:\/\/welabplus.com\/wevision\/wp-content\/uploads\/2025\/11\/ALQUILER-SKY-PANEL-S60-C-WEVISION_WELABPLUS.jpg\" \/>\n\t<meta property=\"og:image:width\" content=\"933\" \/>\n\t<meta property=\"og:image:height\" content=\"557\" \/>\n\t<meta property=\"og:image:type\" content=\"image\/jpeg\" \/>\n<meta name=\"twitter:card\" content=\"summary_large_image\" \/>\n<meta name=\"twitter:site\" content=\"@welabspain\" \/>\n<meta name=\"twitter:label1\" content=\"Tiempo de lectura\" \/>\n\t<meta name=\"twitter:data1\" content=\"5 minutos\" \/>\n<script type=\"application\/ld+json\" class=\"yoast-schema-graph\">{\"@context\":\"https:\/\/schema.org\",\"@graph\":[{\"@type\":\"WebPage\",\"@id\":\"https:\/\/welabplus.com\/wevision\/catalogo\/led\/paneles\/arri-pantallas\/sky-panel-s60-c\/\",\"url\":\"https:\/\/welabplus.com\/wevision\/catalogo\/led\/paneles\/arri-pantallas\/sky-panel-s60-c\/\",\"name\":\"SKY PANEL S60-C - Welabplus\",\"isPartOf\":{\"@id\":\"https:\/\/welabplus.com\/wevision\/#website\"},\"primaryImageOfPage\":{\"@id\":\"https:\/\/welabplus.com\/wevision\/catalogo\/led\/paneles\/arri-pantallas\/sky-panel-s60-c\/#primaryimage\"},\"image\":{\"@id\":\"https:\/\/welabplus.com\/wevision\/catalogo\/led\/paneles\/arri-pantallas\/sky-panel-s60-c\/#primaryimage\"},\"thumbnailUrl\":\"https:\/\/welabplus.com\/wevision\/wp-content\/uploads\/2025\/11\/ALQUILER-SKY-PANEL-S60-C-WEVISION_WELABPLUS.jpg\",\"datePublished\":\"2025-11-06T09:24:49+00:00\",\"dateModified\":\"2025-11-18T10:54:48+00:00\",\"description\":\"Alquiler de SKY PANEL S60-C en Welab en Madrid y en las Islas Canarias, para cine publicidad, series, documentales, videoclips....\",\"breadcrumb\":{\"@id\":\"https:\/\/welabplus.com\/wevision\/catalogo\/led\/paneles\/arri-pantallas\/sky-panel-s60-c\/#breadcrumb\"},\"inLanguage\":\"es\",\"potentialAction\":[{\"@type\":\"ReadAction\",\"target\":[\"https:\/\/welabplus.com\/wevision\/catalogo\/led\/paneles\/arri-pantallas\/sky-panel-s60-c\/\"]}]},{\"@type\":\"ImageObject\",\"inLanguage\":\"es\",\"@id\":\"https:\/\/welabplus.com\/wevision\/catalogo\/led\/paneles\/arri-pantallas\/sky-panel-s60-c\/#primaryimage\",\"url\":\"https:\/\/welabplus.com\/wevision\/wp-content\/uploads\/2025\/11\/ALQUILER-SKY-PANEL-S60-C-WEVISION_WELABPLUS.jpg\",\"contentUrl\":\"https:\/\/welabplus.com\/wevision\/wp-content\/uploads\/2025\/11\/ALQUILER-SKY-PANEL-S60-C-WEVISION_WELABPLUS.jpg\",\"width\":933,\"height\":557,\"caption\":\"ALQUILER SKY PANEL S60 C WEVISION WELABPLUS\"},{\"@type\":\"BreadcrumbList\",\"@id\":\"https:\/\/welabplus.com\/wevision\/catalogo\/led\/paneles\/arri-pantallas\/sky-panel-s60-c\/#breadcrumb\",\"itemListElement\":[{\"@type\":\"ListItem\",\"position\":1,\"name\":\"Portada\",\"item\":\"https:\/\/welabplus.com\/wevision\/\"},{\"@type\":\"ListItem\",\"position\":2,\"name\":\"Cat\u00e1logo\",\"item\":\"https:\/\/welabplus.com\/wevision\/catalogo\/\"},{\"@type\":\"ListItem\",\"position\":3,\"name\":\"SKY PANEL S60-C\"}]},{\"@type\":\"WebSite\",\"@id\":\"https:\/\/welabplus.com\/wevision\/#website\",\"url\":\"https:\/\/welabplus.com\/wevision\/\",\"name\":\"Welabplus\",\"description\":\"C\u00e1maras y lentes para cine\",\"publisher\":{\"@id\":\"https:\/\/welabplus.com\/wevision\/#organization\"},\"potentialAction\":[{\"@type\":\"SearchAction\",\"target\":{\"@type\":\"EntryPoint\",\"urlTemplate\":\"https:\/\/welabplus.com\/wevision\/?s={search_term_string}\"},\"query-input\":{\"@type\":\"PropertyValueSpecification\",\"valueRequired\":true,\"valueName\":\"search_term_string\"}}],\"inLanguage\":\"es\"},{\"@type\":\"Organization\",\"@id\":\"https:\/\/welabplus.com\/wevision\/#organization\",\"name\":\"Welab Canary Islands\",\"url\":\"https:\/\/welabplus.com\/wevision\/\",\"logo\":{\"@type\":\"ImageObject\",\"inLanguage\":\"es\",\"@id\":\"https:\/\/welabplus.com\/wevision\/#\/schema\/logo\/image\/\",\"url\":\"\",\"contentUrl\":\"\",\"caption\":\"Welab Canary Islands\"},\"image\":{\"@id\":\"https:\/\/welabplus.com\/wevision\/#\/schema\/logo\/image\/\"},\"sameAs\":[\"https:\/\/www.facebook.com\/welab.es\/\",\"https:\/\/x.com\/welabspain\"]}]}<\/script>\n<!-- \/ Yoast SEO plugin. -->","yoast_head_json":{"title":"SKY PANEL S60-C - Welabplus","description":"Alquiler de SKY PANEL S60-C en Welab en Madrid y en las Islas Canarias, para cine publicidad, series, documentales, videoclips....","robots":{"index":"index","follow":"follow","max-snippet":"max-snippet:-1","max-image-preview":"max-image-preview:large","max-video-preview":"max-video-preview:-1"},"canonical":"https:\/\/welabplus.com\/wevision\/catalogo\/led\/paneles\/arri-pantallas\/sky-panel-s60-c\/","og_locale":"es_ES","og_type":"article","og_title":"SKY PANEL S60-C - Welabplus","og_description":"Alquiler de SKY PANEL S60-C en Welab en Madrid y en las Islas Canarias, para cine publicidad, series, documentales, videoclips....","og_url":"https:\/\/welabplus.com\/wevision\/catalogo\/led\/paneles\/arri-pantallas\/sky-panel-s60-c\/","og_site_name":"Wevision","article_publisher":"https:\/\/www.facebook.com\/welab.es\/","article_modified_time":"2025-11-18T10:54:48+00:00","og_image":[{"width":933,"height":557,"url":"https:\/\/welabplus.com\/wevision\/wp-content\/uploads\/2025\/11\/ALQUILER-SKY-PANEL-S60-C-WEVISION_WELABPLUS.jpg","type":"image\/jpeg"}],"twitter_card":"summary_large_image","twitter_site":"@welabspain","twitter_misc":{"Tiempo de lectura":"5 minutos"},"schema":{"@context":"https:\/\/schema.org","@graph":[{"@type":"WebPage","@id":"https:\/\/welabplus.com\/wevision\/catalogo\/led\/paneles\/arri-pantallas\/sky-panel-s60-c\/","url":"https:\/\/welabplus.com\/wevision\/catalogo\/led\/paneles\/arri-pantallas\/sky-panel-s60-c\/","name":"SKY PANEL S60-C - Welabplus","isPartOf":{"@id":"https:\/\/welabplus.com\/wevision\/#website"},"primaryImageOfPage":{"@id":"https:\/\/welabplus.com\/wevision\/catalogo\/led\/paneles\/arri-pantallas\/sky-panel-s60-c\/#primaryimage"},"image":{"@id":"https:\/\/welabplus.com\/wevision\/catalogo\/led\/paneles\/arri-pantallas\/sky-panel-s60-c\/#primaryimage"},"thumbnailUrl":"https:\/\/welabplus.com\/wevision\/wp-content\/uploads\/2025\/11\/ALQUILER-SKY-PANEL-S60-C-WEVISION_WELABPLUS.jpg","datePublished":"2025-11-06T09:24:49+00:00","dateModified":"2025-11-18T10:54:48+00:00","description":"Alquiler de SKY PANEL S60-C en Welab en Madrid y en las Islas Canarias, para cine publicidad, series, documentales, videoclips....","breadcrumb":{"@id":"https:\/\/welabplus.com\/wevision\/catalogo\/led\/paneles\/arri-pantallas\/sky-panel-s60-c\/#breadcrumb"},"inLanguage":"es","potentialAction":[{"@type":"ReadAction","target":["https:\/\/welabplus.com\/wevision\/catalogo\/led\/paneles\/arri-pantallas\/sky-panel-s60-c\/"]}]},{"@type":"ImageObject","inLanguage":"es","@id":"https:\/\/welabplus.com\/wevision\/catalogo\/led\/paneles\/arri-pantallas\/sky-panel-s60-c\/#primaryimage","url":"https:\/\/welabplus.com\/wevision\/wp-content\/uploads\/2025\/11\/ALQUILER-SKY-PANEL-S60-C-WEVISION_WELABPLUS.jpg","contentUrl":"https:\/\/welabplus.com\/wevision\/wp-content\/uploads\/2025\/11\/ALQUILER-SKY-PANEL-S60-C-WEVISION_WELABPLUS.jpg","width":933,"height":557,"caption":"ALQUILER SKY PANEL S60 C WEVISION WELABPLUS"},{"@type":"BreadcrumbList","@id":"https:\/\/welabplus.com\/wevision\/catalogo\/led\/paneles\/arri-pantallas\/sky-panel-s60-c\/#breadcrumb","itemListElement":[{"@type":"ListItem","position":1,"name":"Portada","item":"https:\/\/welabplus.com\/wevision\/"},{"@type":"ListItem","position":2,"name":"Cat\u00e1logo","item":"https:\/\/welabplus.com\/wevision\/catalogo\/"},{"@type":"ListItem","position":3,"name":"SKY PANEL S60-C"}]},{"@type":"WebSite","@id":"https:\/\/welabplus.com\/wevision\/#website","url":"https:\/\/welabplus.com\/wevision\/","name":"Welabplus","description":"C\u00e1maras y lentes para cine","publisher":{"@id":"https:\/\/welabplus.com\/wevision\/#organization"},"potentialAction":[{"@type":"SearchAction","target":{"@type":"EntryPoint","urlTemplate":"https:\/\/welabplus.com\/wevision\/?s={search_term_string}"},"query-input":{"@type":"PropertyValueSpecification","valueRequired":true,"valueName":"search_term_string"}}],"inLanguage":"es"},{"@type":"Organization","@id":"https:\/\/welabplus.com\/wevision\/#organization","name":"Welab Canary Islands","url":"https:\/\/welabplus.com\/wevision\/","logo":{"@type":"ImageObject","inLanguage":"es","@id":"https:\/\/welabplus.com\/wevision\/#\/schema\/logo\/image\/","url":"","contentUrl":"","caption":"Welab Canary Islands"},"image":{"@id":"https:\/\/welabplus.com\/wevision\/#\/schema\/logo\/image\/"},"sameAs":["https:\/\/www.facebook.com\/welab.es\/","https:\/\/x.com\/welabspain"]}]}},"_links":{"self":[{"href":"https:\/\/welabplus.com\/wevision\/wp-json\/wp\/v2\/product\/21375","targetHints":{"allow":["GET"]}}],"collection":[{"href":"https:\/\/welabplus.com\/wevision\/wp-json\/wp\/v2\/product"}],"about":[{"href":"https:\/\/welabplus.com\/wevision\/wp-json\/wp\/v2\/types\/product"}],"replies":[{"embeddable":true,"href":"https:\/\/welabplus.com\/wevision\/wp-json\/wp\/v2\/comments?post=21375"}],"wp:featuredmedia":[{"embeddable":true,"href":"https:\/\/welabplus.com\/wevision\/wp-json\/wp\/v2\/media\/28036"}],"wp:attachment":[{"href":"https:\/\/welabplus.com\/wevision\/wp-json\/wp\/v2\/media?parent=21375"}],"wp:term":[{"taxonomy":"product_brand","embeddable":true,"href":"https:\/\/welabplus.com\/wevision\/wp-json\/wp\/v2\/product_brand?post=21375"},{"taxonomy":"product_cat","embeddable":true,"href":"https:\/\/welabplus.com\/wevision\/wp-json\/wp\/v2\/product_cat?post=21375"},{"taxonomy":"product_tag","embeddable":true,"href":"https:\/\/welabplus.com\/wevision\/wp-json\/wp\/v2\/product_tag?post=21375"}],"curies":[{"name":"wp","href":"https:\/\/api.w.org\/{rel}","templated":true}]}}