{"id":21374,"date":"2025-11-06T10:24:49","date_gmt":"2025-11-06T09:24:49","guid":{"rendered":"https:\/\/welabplus.com\/wevision\/?post_type=product&#038;p=21374"},"modified":"2025-11-19T17:28:25","modified_gmt":"2025-11-19T16:28:25","slug":"arri-l10-c-led","status":"publish","type":"product","link":"https:\/\/welabplus.com\/wevision\/catalogo\/led\/fresnel\/arri-l10-c-led\/","title":{"rendered":"ARRI L10-C LED"},"content":{"rendered":"<p>El <strong>ARRI L10-C LED<\/strong> es el proyector de\u00a0iluminaci\u00f3n LED m\u00e1s luminoso y grande hasta el momento (2018). Su lente fresnel de 10\u201d y potente salida permiten una posici\u00f3n de la luz m\u00e1s lejana y tambi\u00e9n una extensi\u00f3n que abarca todos los elementos y objetos de una forma mucho m\u00e1s natural y agradable.<\/p>\n<p>&nbsp;<\/p>\n<p>La posibilidad de ajuste es el punto de partida de todos los productos LED de ARRI, as\u00ed que como los m\u00e1s peque\u00f1os L7 y L5, el\u00a0L10-C es completamente ajustable. Otorga la posibilidad de modificar la temperatura de color, tono y saturaci\u00f3n ajustando\u00a0desde 2.800K hasta 10.000K\u00a0los valores entre \/magenta y RGBW.<\/p>\n<p>La carcasa de aluminio combinado con termopl\u00e1sticos reforzados con fibra de vidrio de alta resistencia le dan al L10-C una capacidad superior de resistencia a los entornos profesionales y exigentes.<\/p>\n<p>&nbsp;<\/p>\n<h3>Caracter\u00edsticas principales del foco ARRI L10-C LED:<\/h3>\n<ul>\n<li>Completamente ajustable desde 2.800K hasta 10.000K.<\/li>\n<li>Correcci\u00f3n de verde.<\/li>\n<li>Selecci\u00f3n de color vibrante (RGB+W Color Gamut).<\/li>\n<li>Control de tono y saturaci\u00f3n.<\/li>\n<li>Bajo consumo el\u00e9ctrico (400W Nominal).<\/li>\n<li>Totalmente regulable (dimmer).<\/li>\n<li>Caracter\u00edsticas reales de lente Fresnel.<\/li>\n<li>Entrada y salida de DMX incorporada.<\/li>\n<li>Implementaci\u00f3n RDM.<\/li>\n<li>Regulador del modo de ventilador.<\/li>\n<\/ul>\n<p>&nbsp;<\/p>\n<p><strong>M\u00e1s informaci\u00f3n<\/strong> en la <a href=\"http:\/\/www.arri.com\/lighting\/l_series\/products\/l10_c\/\" target=\"_blank\" rel=\"nofollow noopener noreferrer\">p\u00e1gina del producto (ingl\u00e9s)<\/a><\/p>\n<div>\n<div class=\"\">\n<div>\n<div class=\"\">\n<p>&nbsp;<\/p>\n<\/div>\n<\/div>\n<hr \/>\n<div class=\"social-icon social-big\"><a href=\"https:\/\/www.facebook.com\/welabplus\/\" target=\"_blank\" title=\"\"><i class=\"fa fa-facebook\"><\/i><\/a><\/div>\n<div class=\"social-icon social-big\"><a href=\"https:\/\/twitter.com\/welabplus\" target=\"_blank\" title=\"\"><i class=\"fa fa-twitter\"><\/i><\/a><\/div>\n<div class=\"social-icon social-big\"><a href=\"https:\/\/www.instagram.com\/welabplus\/?hl=es\" target=\"_blank\" title=\"\"><i class=\"fa fa-instagram\"><\/i><\/a><\/div>\n<div class=\"social-icon social-big\"><a href=\"https:\/\/www.linkedin.com\/company\/welabplus\" target=\"_blank\" title=\"\"><i class=\"fa fa-linkedin\"><\/i><\/a><\/div>\n<\/div>\n<\/div>\n","protected":false},"excerpt":{"rendered":"<p>El ARRI L10-C LED es el proyector de\u00a0iluminaci\u00f3n LED m\u00e1s luminoso y grande hasta el momento (2018). Su lente fresnel [&hellip;]<\/p>\n","protected":false},"featured_media":28043,"comment_status":"closed","ping_status":"closed","template":"","meta":{"_acf_changed":false,"inline_featured_image":false},"product_brand":[],"product_cat":[6292],"product_tag":[4501,6313,6314,4500],"class_list":{"0":"post-21374","1":"product","2":"type-product","3":"status-publish","4":"has-post-thumbnail","6":"product_cat-fresnel","7":"product_tag-alquiler-de-equipo-audiovisual","8":"product_tag-alquiler-de-iluminacion-audiovisual","9":"product_tag-iluminacion-led-madrid","10":"product_tag-alquiler-de-material-audiovisual","12":"first","13":"instock","14":"shipping-taxable","15":"purchasable","16":"product-type-simple"},"acf":[],"yoast_head":"<!-- This site is optimized with the Yoast SEO plugin v26.2 - https:\/\/yoast.com\/wordpress\/plugins\/seo\/ -->\n<title>ARRI L10-C LED - Welabplus<\/title>\n<meta name=\"description\" content=\"Alquiler de ARRI L10-C LED en Welab en Madrid y en las Islas Canarias, para cine publicidad, series, documentales, videoclips...\" \/>\n<meta name=\"robots\" content=\"index, follow, max-snippet:-1, max-image-preview:large, max-video-preview:-1\" \/>\n<link rel=\"canonical\" href=\"https:\/\/welabplus.com\/wevision\/catalogo\/led\/fresnel\/arri-l10-c-led\/\" \/>\n<meta property=\"og:locale\" content=\"es_ES\" \/>\n<meta property=\"og:type\" content=\"article\" \/>\n<meta property=\"og:title\" content=\"ARRI L10-C LED - Welabplus\" \/>\n<meta property=\"og:description\" content=\"Alquiler de ARRI L10-C LED en Welab en Madrid y en las Islas Canarias, para cine publicidad, series, documentales, videoclips...\" \/>\n<meta property=\"og:url\" content=\"https:\/\/welabplus.com\/wevision\/catalogo\/led\/fresnel\/arri-l10-c-led\/\" \/>\n<meta property=\"og:site_name\" content=\"Wevision\" \/>\n<meta property=\"article:publisher\" content=\"https:\/\/www.facebook.com\/welab.es\/\" \/>\n<meta property=\"article:modified_time\" content=\"2025-11-19T16:28:25+00:00\" \/>\n<meta property=\"og:image\" content=\"https:\/\/welabplus.com\/wevision\/wp-content\/uploads\/2025\/11\/ALQUILER-ARRI-L10-C-LED-WEVISION_WELABPLUS.jpg\" \/>\n\t<meta property=\"og:image:width\" content=\"933\" \/>\n\t<meta property=\"og:image:height\" content=\"557\" \/>\n\t<meta property=\"og:image:type\" content=\"image\/jpeg\" \/>\n<meta name=\"twitter:card\" content=\"summary_large_image\" \/>\n<meta name=\"twitter:site\" content=\"@welabspain\" \/>\n<meta name=\"twitter:label1\" content=\"Tiempo de lectura\" \/>\n\t<meta name=\"twitter:data1\" content=\"2 minutos\" \/>\n<script type=\"application\/ld+json\" class=\"yoast-schema-graph\">{\"@context\":\"https:\/\/schema.org\",\"@graph\":[{\"@type\":\"WebPage\",\"@id\":\"https:\/\/welabplus.com\/wevision\/catalogo\/led\/fresnel\/arri-l10-c-led\/\",\"url\":\"https:\/\/welabplus.com\/wevision\/catalogo\/led\/fresnel\/arri-l10-c-led\/\",\"name\":\"ARRI L10-C LED - Welabplus\",\"isPartOf\":{\"@id\":\"https:\/\/welabplus.com\/wevision\/#website\"},\"primaryImageOfPage\":{\"@id\":\"https:\/\/welabplus.com\/wevision\/catalogo\/led\/fresnel\/arri-l10-c-led\/#primaryimage\"},\"image\":{\"@id\":\"https:\/\/welabplus.com\/wevision\/catalogo\/led\/fresnel\/arri-l10-c-led\/#primaryimage\"},\"thumbnailUrl\":\"https:\/\/welabplus.com\/wevision\/wp-content\/uploads\/2025\/11\/ALQUILER-ARRI-L10-C-LED-WEVISION_WELABPLUS.jpg\",\"datePublished\":\"2025-11-06T09:24:49+00:00\",\"dateModified\":\"2025-11-19T16:28:25+00:00\",\"description\":\"Alquiler de ARRI L10-C LED en Welab en Madrid y en las Islas Canarias, para cine publicidad, series, documentales, videoclips...\",\"breadcrumb\":{\"@id\":\"https:\/\/welabplus.com\/wevision\/catalogo\/led\/fresnel\/arri-l10-c-led\/#breadcrumb\"},\"inLanguage\":\"es\",\"potentialAction\":[{\"@type\":\"ReadAction\",\"target\":[\"https:\/\/welabplus.com\/wevision\/catalogo\/led\/fresnel\/arri-l10-c-led\/\"]}]},{\"@type\":\"ImageObject\",\"inLanguage\":\"es\",\"@id\":\"https:\/\/welabplus.com\/wevision\/catalogo\/led\/fresnel\/arri-l10-c-led\/#primaryimage\",\"url\":\"https:\/\/welabplus.com\/wevision\/wp-content\/uploads\/2025\/11\/ALQUILER-ARRI-L10-C-LED-WEVISION_WELABPLUS.jpg\",\"contentUrl\":\"https:\/\/welabplus.com\/wevision\/wp-content\/uploads\/2025\/11\/ALQUILER-ARRI-L10-C-LED-WEVISION_WELABPLUS.jpg\",\"width\":933,\"height\":557,\"caption\":\"ALQUILER ARRI L10 C LED WEVISION WELABPLUS\"},{\"@type\":\"BreadcrumbList\",\"@id\":\"https:\/\/welabplus.com\/wevision\/catalogo\/led\/fresnel\/arri-l10-c-led\/#breadcrumb\",\"itemListElement\":[{\"@type\":\"ListItem\",\"position\":1,\"name\":\"Portada\",\"item\":\"https:\/\/welabplus.com\/wevision\/\"},{\"@type\":\"ListItem\",\"position\":2,\"name\":\"Cat\u00e1logo\",\"item\":\"https:\/\/welabplus.com\/wevision\/catalogo\/\"},{\"@type\":\"ListItem\",\"position\":3,\"name\":\"ARRI L10-C LED\"}]},{\"@type\":\"WebSite\",\"@id\":\"https:\/\/welabplus.com\/wevision\/#website\",\"url\":\"https:\/\/welabplus.com\/wevision\/\",\"name\":\"Welabplus\",\"description\":\"C\u00e1maras y lentes para cine\",\"publisher\":{\"@id\":\"https:\/\/welabplus.com\/wevision\/#organization\"},\"potentialAction\":[{\"@type\":\"SearchAction\",\"target\":{\"@type\":\"EntryPoint\",\"urlTemplate\":\"https:\/\/welabplus.com\/wevision\/?s={search_term_string}\"},\"query-input\":{\"@type\":\"PropertyValueSpecification\",\"valueRequired\":true,\"valueName\":\"search_term_string\"}}],\"inLanguage\":\"es\"},{\"@type\":\"Organization\",\"@id\":\"https:\/\/welabplus.com\/wevision\/#organization\",\"name\":\"Welab Canary Islands\",\"url\":\"https:\/\/welabplus.com\/wevision\/\",\"logo\":{\"@type\":\"ImageObject\",\"inLanguage\":\"es\",\"@id\":\"https:\/\/welabplus.com\/wevision\/#\/schema\/logo\/image\/\",\"url\":\"\",\"contentUrl\":\"\",\"caption\":\"Welab Canary Islands\"},\"image\":{\"@id\":\"https:\/\/welabplus.com\/wevision\/#\/schema\/logo\/image\/\"},\"sameAs\":[\"https:\/\/www.facebook.com\/welab.es\/\",\"https:\/\/x.com\/welabspain\"]}]}<\/script>\n<!-- \/ Yoast SEO plugin. -->","yoast_head_json":{"title":"ARRI L10-C LED - Welabplus","description":"Alquiler de ARRI L10-C LED en Welab en Madrid y en las Islas Canarias, para cine publicidad, series, documentales, videoclips...","robots":{"index":"index","follow":"follow","max-snippet":"max-snippet:-1","max-image-preview":"max-image-preview:large","max-video-preview":"max-video-preview:-1"},"canonical":"https:\/\/welabplus.com\/wevision\/catalogo\/led\/fresnel\/arri-l10-c-led\/","og_locale":"es_ES","og_type":"article","og_title":"ARRI L10-C LED - Welabplus","og_description":"Alquiler de ARRI L10-C LED en Welab en Madrid y en las Islas Canarias, para cine publicidad, series, documentales, videoclips...","og_url":"https:\/\/welabplus.com\/wevision\/catalogo\/led\/fresnel\/arri-l10-c-led\/","og_site_name":"Wevision","article_publisher":"https:\/\/www.facebook.com\/welab.es\/","article_modified_time":"2025-11-19T16:28:25+00:00","og_image":[{"width":933,"height":557,"url":"https:\/\/welabplus.com\/wevision\/wp-content\/uploads\/2025\/11\/ALQUILER-ARRI-L10-C-LED-WEVISION_WELABPLUS.jpg","type":"image\/jpeg"}],"twitter_card":"summary_large_image","twitter_site":"@welabspain","twitter_misc":{"Tiempo de lectura":"2 minutos"},"schema":{"@context":"https:\/\/schema.org","@graph":[{"@type":"WebPage","@id":"https:\/\/welabplus.com\/wevision\/catalogo\/led\/fresnel\/arri-l10-c-led\/","url":"https:\/\/welabplus.com\/wevision\/catalogo\/led\/fresnel\/arri-l10-c-led\/","name":"ARRI L10-C LED - Welabplus","isPartOf":{"@id":"https:\/\/welabplus.com\/wevision\/#website"},"primaryImageOfPage":{"@id":"https:\/\/welabplus.com\/wevision\/catalogo\/led\/fresnel\/arri-l10-c-led\/#primaryimage"},"image":{"@id":"https:\/\/welabplus.com\/wevision\/catalogo\/led\/fresnel\/arri-l10-c-led\/#primaryimage"},"thumbnailUrl":"https:\/\/welabplus.com\/wevision\/wp-content\/uploads\/2025\/11\/ALQUILER-ARRI-L10-C-LED-WEVISION_WELABPLUS.jpg","datePublished":"2025-11-06T09:24:49+00:00","dateModified":"2025-11-19T16:28:25+00:00","description":"Alquiler de ARRI L10-C LED en Welab en Madrid y en las Islas Canarias, para cine publicidad, series, documentales, videoclips...","breadcrumb":{"@id":"https:\/\/welabplus.com\/wevision\/catalogo\/led\/fresnel\/arri-l10-c-led\/#breadcrumb"},"inLanguage":"es","potentialAction":[{"@type":"ReadAction","target":["https:\/\/welabplus.com\/wevision\/catalogo\/led\/fresnel\/arri-l10-c-led\/"]}]},{"@type":"ImageObject","inLanguage":"es","@id":"https:\/\/welabplus.com\/wevision\/catalogo\/led\/fresnel\/arri-l10-c-led\/#primaryimage","url":"https:\/\/welabplus.com\/wevision\/wp-content\/uploads\/2025\/11\/ALQUILER-ARRI-L10-C-LED-WEVISION_WELABPLUS.jpg","contentUrl":"https:\/\/welabplus.com\/wevision\/wp-content\/uploads\/2025\/11\/ALQUILER-ARRI-L10-C-LED-WEVISION_WELABPLUS.jpg","width":933,"height":557,"caption":"ALQUILER ARRI L10 C LED WEVISION WELABPLUS"},{"@type":"BreadcrumbList","@id":"https:\/\/welabplus.com\/wevision\/catalogo\/led\/fresnel\/arri-l10-c-led\/#breadcrumb","itemListElement":[{"@type":"ListItem","position":1,"name":"Portada","item":"https:\/\/welabplus.com\/wevision\/"},{"@type":"ListItem","position":2,"name":"Cat\u00e1logo","item":"https:\/\/welabplus.com\/wevision\/catalogo\/"},{"@type":"ListItem","position":3,"name":"ARRI L10-C LED"}]},{"@type":"WebSite","@id":"https:\/\/welabplus.com\/wevision\/#website","url":"https:\/\/welabplus.com\/wevision\/","name":"Welabplus","description":"C\u00e1maras y lentes para cine","publisher":{"@id":"https:\/\/welabplus.com\/wevision\/#organization"},"potentialAction":[{"@type":"SearchAction","target":{"@type":"EntryPoint","urlTemplate":"https:\/\/welabplus.com\/wevision\/?s={search_term_string}"},"query-input":{"@type":"PropertyValueSpecification","valueRequired":true,"valueName":"search_term_string"}}],"inLanguage":"es"},{"@type":"Organization","@id":"https:\/\/welabplus.com\/wevision\/#organization","name":"Welab Canary Islands","url":"https:\/\/welabplus.com\/wevision\/","logo":{"@type":"ImageObject","inLanguage":"es","@id":"https:\/\/welabplus.com\/wevision\/#\/schema\/logo\/image\/","url":"","contentUrl":"","caption":"Welab Canary Islands"},"image":{"@id":"https:\/\/welabplus.com\/wevision\/#\/schema\/logo\/image\/"},"sameAs":["https:\/\/www.facebook.com\/welab.es\/","https:\/\/x.com\/welabspain"]}]}},"_links":{"self":[{"href":"https:\/\/welabplus.com\/wevision\/wp-json\/wp\/v2\/product\/21374","targetHints":{"allow":["GET"]}}],"collection":[{"href":"https:\/\/welabplus.com\/wevision\/wp-json\/wp\/v2\/product"}],"about":[{"href":"https:\/\/welabplus.com\/wevision\/wp-json\/wp\/v2\/types\/product"}],"replies":[{"embeddable":true,"href":"https:\/\/welabplus.com\/wevision\/wp-json\/wp\/v2\/comments?post=21374"}],"wp:featuredmedia":[{"embeddable":true,"href":"https:\/\/welabplus.com\/wevision\/wp-json\/wp\/v2\/media\/28043"}],"wp:attachment":[{"href":"https:\/\/welabplus.com\/wevision\/wp-json\/wp\/v2\/media?parent=21374"}],"wp:term":[{"taxonomy":"product_brand","embeddable":true,"href":"https:\/\/welabplus.com\/wevision\/wp-json\/wp\/v2\/product_brand?post=21374"},{"taxonomy":"product_cat","embeddable":true,"href":"https:\/\/welabplus.com\/wevision\/wp-json\/wp\/v2\/product_cat?post=21374"},{"taxonomy":"product_tag","embeddable":true,"href":"https:\/\/welabplus.com\/wevision\/wp-json\/wp\/v2\/product_tag?post=21374"}],"curies":[{"name":"wp","href":"https:\/\/api.w.org\/{rel}","templated":true}]}}