{"id":21370,"date":"2025-11-06T10:24:49","date_gmt":"2025-11-06T09:24:49","guid":{"rendered":"https:\/\/welabplus.com\/wevision\/?post_type=product&#038;p=21370"},"modified":"2025-11-18T11:57:37","modified_gmt":"2025-11-18T10:57:37","slug":"mini-switch-dmg-lumiere","status":"publish","type":"product","link":"https:\/\/welabplus.com\/wevision\/catalogo\/led\/paneles\/dmg\/mini-switch-dmg-lumiere\/","title":{"rendered":"MINI SWITCH DMG LUMIERE"},"content":{"rendered":"<p>Paneles <strong>MINI SWITCH DMG LUMIERE,<\/strong> la magia de la luz extra suave. Evidentemente la base de las pantallas SL1 Switch y Mini Switch, bicolor, son unos buenos LEDs con un rendimiento espectacular dando un CRI real superior a 94.La empresa familiar francesa <strong>DMG Lumi\u00e8re<\/strong>\u00a0tiene una larga experiencia en\u00a0<strong>iluminaci\u00f3n LED<\/strong>\u00a0pues su director lleva m\u00e1s de 13 a\u00f1os desarrollando productos con esta tecnolog\u00eda, pero al ser su hermano y socio un director de fotograf\u00eda, se especializ\u00f3 en un producto para el mundo cinematogr\u00e1\ufb01co. As\u00ed pues, sumamos la experiencia en desarrollo de luces LED, con las necesidades de luz de un DoP y las ex-igencias de uso de su ga\ufb00er, y obtenemos un producto desarrollado desde lo m\u00e1s profundo, el deseo.<\/p>\n<div class=\"post-content\">\n<p>Las pantallas\u00a0<strong>DMG Lumi\u00e8re<\/strong> eran lo que muchos t\u00e9cnicos estaban esperando pero como siempre, los deseos deben ir seguidos de pasi\u00f3n por lo que se hace y t\u00e9cnica industrial para desarrollarlos; as\u00ed naci\u00f3 la primera pantalla destinada a sustituir a las tan populares y fr\u00e1giles pantallas de cuatro tubos \ufb02uorescentes, las SL1, que muchos ya conoc\u00edais como Smart-Light, al principio eran monocolor pero la demanda pronto les hizo desarrollar la versi\u00f3n bicolor a la que dieron el nombre de Switch.<\/p>\n<p>&nbsp;<\/p>\n<\/div>\n<p class=\"p1\"><span class=\"s1\"><strong>Iluminaci\u00f3n LED<\/strong> de muy alto rendimiento dando un CRI real superior a 94.\u00a0Lumi\u00e8re DMG es una empresa familiar que junta\u00a0una larga experiencia en iluminaci\u00f3n con tecnolog\u00eda LED y la pasi\u00f3n por\u00a0el cine\u00a0obteniendo un producto desarrollado\u00a0desde lo m\u00e1s profundo: el deseo.<\/span><\/p>\n<p class=\"p1\"><span class=\"s1\">El rendimiento de luz es espectacular, con difusor plano, con difusor\u00a0Dome\u00a0envolvente, con viseras ligeras, con eggcrate SnapGrid, caja de luz SnapBag con SnapGrid. Todo el\u00a0aparato es\u00a0de aluminio (excepto la torniller\u00eda y el\u00a0difusor, claro), incluida la placa de leds, lo cual le da la ventaja de una refrigeraci\u00f3n natural no forzada, que disipa el calor de una\u00a0manera tan eficiente que el\u00a0aparato no se calienta, prolongando la vida del led y consiguiendo ligereza y robustez, cualidades fundamentales para este tipo de equipo.\u00a0<\/span><\/p>\n<p class=\"p1\"><span class=\"s1\">La parte trasera facilita el trabajo en el set con el mecanizado de su pantalla con sus m\u00faltiples puntos para montar sus accesorios; la pantalla por detr\u00e1s es totalmente plana y en\u00a0ella se pueden montar con anclaje r\u00e1pido, sin necesidad\u00a0de\u00a0herramientas, el plato rotulado para ceferino, el plato rotulado para tr\u00edpode, el asa para sujetarlo a mano, el m\u00f3dulo de\u00a0control, la fuente de alimentaci\u00f3n y la montura V-Lock.<\/span><\/p>\n<p>&nbsp;<\/p>\n<p><img loading=\"lazy\" decoding=\"async\" class=\"aligncenter wp-image-21372 size-full\" src=\"https:\/\/welabplus.com\/wevision\/wp-content\/uploads\/2023\/02\/MINI-SWITCH-DMG-LUMIERE-1.jpg\" alt=\"ALQUILER MINI SWITCH DMG LUMIERE WELABPLUS\" width=\"320\" height=\"345\" srcset=\"https:\/\/welabplus.com\/wevision\/wp-content\/uploads\/2023\/02\/MINI-SWITCH-DMG-LUMIERE-1.jpg 320w, https:\/\/welabplus.com\/wevision\/wp-content\/uploads\/2023\/02\/MINI-SWITCH-DMG-LUMIERE-1-278x300.jpg 278w, https:\/\/welabplus.com\/wevision\/wp-content\/uploads\/2023\/02\/MINI-SWITCH-DMG-LUMIERE-1-300x323.jpg 300w\" sizes=\"auto, (max-width: 320px) 100vw, 320px\" \/><\/p>\n<footer class=\"single__footer\">\n<p class=\"single__footer__tags\">\n<\/footer>\n<h3 class=\"p1\"><span class=\"s1\"><strong>Especificaciones T\u00e9cnicas del MINI SWITCH DMG LUMIERE:<\/strong><\/span><\/h3>\n<ul>\n<li class=\"p1\"><span class=\"s1\">Medidas: 59x20x2cm.<\/span><\/li>\n<li class=\"p1\"><span class=\"s1\">Peso: 1,7kg sin accesorios.<\/span><\/li>\n<li class=\"p1\"><span class=\"s1\">Consumo 85W.<\/span><\/li>\n<li class=\"p1\"><span class=\"s1\">Intensidad (sin difusor) 1500Lux a 1 metro y 600Lux a 3 metros.<\/span><\/li>\n<\/ul>\n<p>&nbsp;<\/p>\n<p class=\"p1\"><strong>M\u00e1s informaci\u00f3n<\/strong> en la\u00a0<a href=\"http:\/\/www.dmglumiere.com\/products\/mini-switch-p16#product-specs\">p\u00e1gina web del fabricante<\/a>\u00a0y del\u00a0<a href=\"https:\/\/grauluminotecnia.me\/2016\/07\/11\/lumiere-la-luz-que-esparabais\/\">distribuidor<\/a>.<\/p>\n<div>\n<div class=\"\">\n<div>\n<div class=\"\">\n<p>&nbsp;<\/p>\n<\/div>\n<\/div>\n<hr \/>\n<div class=\"social-icon social-big\"><a href=\"https:\/\/www.facebook.com\/welabplus\/\" target=\"_blank\" title=\"\"><i class=\"fa fa-facebook\"><\/i><\/a><\/div>\n<div class=\"social-icon social-big\"><a href=\"https:\/\/twitter.com\/welabplus\" target=\"_blank\" title=\"\"><i class=\"fa fa-twitter\"><\/i><\/a><\/div>\n<div class=\"social-icon social-big\"><a href=\"https:\/\/www.instagram.com\/welabplus\/?hl=es\" target=\"_blank\" title=\"\"><i class=\"fa fa-instagram\"><\/i><\/a><\/div>\n<div class=\"social-icon social-big\"><a href=\"https:\/\/www.linkedin.com\/company\/welabplus\" target=\"_blank\" title=\"\"><i class=\"fa fa-linkedin\"><\/i><\/a><\/div>\n<\/div>\n<\/div>\n","protected":false},"excerpt":{"rendered":"<p>Paneles MINI SWITCH DMG LUMIERE, la magia de la luz extra suave. Evidentemente la base de las pantallas SL1 Switch [&hellip;]<\/p>\n","protected":false},"featured_media":28037,"comment_status":"closed","ping_status":"closed","template":"","meta":{"_acf_changed":false,"inline_featured_image":false},"product_brand":[],"product_cat":[6291,9039],"product_tag":[6310],"class_list":{"0":"post-21370","1":"product","2":"type-product","3":"status-publish","4":"has-post-thumbnail","6":"product_cat-paneles","7":"product_cat-dmg","8":"product_tag-alquiler-mini-switch-dmg-lumiere","10":"first","11":"instock","12":"shipping-taxable","13":"purchasable","14":"product-type-simple"},"acf":[],"yoast_head":"<!-- This site is optimized with the Yoast SEO plugin v26.2 - https:\/\/yoast.com\/wordpress\/plugins\/seo\/ -->\n<title>MINI SWITCH DMG LUMIERE - Welabplus<\/title>\n<meta name=\"description\" content=\"Alquiler de MINI SWITCH DMG LUMIERE en Welab en Madrid y en las Islas Canarias, para cine publicidad, series, documentales, videoclips....\" \/>\n<meta name=\"robots\" content=\"index, follow, max-snippet:-1, max-image-preview:large, max-video-preview:-1\" \/>\n<link rel=\"canonical\" href=\"https:\/\/welabplus.com\/wevision\/catalogo\/led\/paneles\/dmg\/mini-switch-dmg-lumiere\/\" \/>\n<meta property=\"og:locale\" content=\"es_ES\" \/>\n<meta property=\"og:type\" content=\"article\" \/>\n<meta property=\"og:title\" content=\"MINI SWITCH DMG LUMIERE - Welabplus\" \/>\n<meta property=\"og:description\" content=\"Alquiler de MINI SWITCH DMG LUMIERE en Welab en Madrid y en las Islas Canarias, para cine publicidad, series, documentales, videoclips....\" \/>\n<meta property=\"og:url\" content=\"https:\/\/welabplus.com\/wevision\/catalogo\/led\/paneles\/dmg\/mini-switch-dmg-lumiere\/\" \/>\n<meta property=\"og:site_name\" content=\"Wevision\" \/>\n<meta property=\"article:publisher\" content=\"https:\/\/www.facebook.com\/welab.es\/\" \/>\n<meta property=\"article:modified_time\" content=\"2025-11-18T10:57:37+00:00\" \/>\n<meta property=\"og:image\" content=\"https:\/\/welabplus.com\/wevision\/wp-content\/uploads\/2025\/11\/ALQUILER-MINI-SWITCH-DMG-LUMIERE-WEVISION_WELABPLUS.jpg\" \/>\n\t<meta property=\"og:image:width\" content=\"933\" \/>\n\t<meta property=\"og:image:height\" content=\"557\" \/>\n\t<meta property=\"og:image:type\" content=\"image\/jpeg\" \/>\n<meta name=\"twitter:card\" content=\"summary_large_image\" \/>\n<meta name=\"twitter:site\" content=\"@welabspain\" \/>\n<meta name=\"twitter:label1\" content=\"Tiempo de lectura\" \/>\n\t<meta name=\"twitter:data1\" content=\"3 minutos\" \/>\n<script type=\"application\/ld+json\" class=\"yoast-schema-graph\">{\"@context\":\"https:\/\/schema.org\",\"@graph\":[{\"@type\":\"WebPage\",\"@id\":\"https:\/\/welabplus.com\/wevision\/catalogo\/led\/paneles\/dmg\/mini-switch-dmg-lumiere\/\",\"url\":\"https:\/\/welabplus.com\/wevision\/catalogo\/led\/paneles\/dmg\/mini-switch-dmg-lumiere\/\",\"name\":\"MINI SWITCH DMG LUMIERE - Welabplus\",\"isPartOf\":{\"@id\":\"https:\/\/welabplus.com\/wevision\/#website\"},\"primaryImageOfPage\":{\"@id\":\"https:\/\/welabplus.com\/wevision\/catalogo\/led\/paneles\/dmg\/mini-switch-dmg-lumiere\/#primaryimage\"},\"image\":{\"@id\":\"https:\/\/welabplus.com\/wevision\/catalogo\/led\/paneles\/dmg\/mini-switch-dmg-lumiere\/#primaryimage\"},\"thumbnailUrl\":\"https:\/\/welabplus.com\/wevision\/wp-content\/uploads\/2025\/11\/ALQUILER-MINI-SWITCH-DMG-LUMIERE-WEVISION_WELABPLUS.jpg\",\"datePublished\":\"2025-11-06T09:24:49+00:00\",\"dateModified\":\"2025-11-18T10:57:37+00:00\",\"description\":\"Alquiler de MINI SWITCH DMG LUMIERE en Welab en Madrid y en las Islas Canarias, para cine publicidad, series, documentales, videoclips....\",\"breadcrumb\":{\"@id\":\"https:\/\/welabplus.com\/wevision\/catalogo\/led\/paneles\/dmg\/mini-switch-dmg-lumiere\/#breadcrumb\"},\"inLanguage\":\"es\",\"potentialAction\":[{\"@type\":\"ReadAction\",\"target\":[\"https:\/\/welabplus.com\/wevision\/catalogo\/led\/paneles\/dmg\/mini-switch-dmg-lumiere\/\"]}]},{\"@type\":\"ImageObject\",\"inLanguage\":\"es\",\"@id\":\"https:\/\/welabplus.com\/wevision\/catalogo\/led\/paneles\/dmg\/mini-switch-dmg-lumiere\/#primaryimage\",\"url\":\"https:\/\/welabplus.com\/wevision\/wp-content\/uploads\/2025\/11\/ALQUILER-MINI-SWITCH-DMG-LUMIERE-WEVISION_WELABPLUS.jpg\",\"contentUrl\":\"https:\/\/welabplus.com\/wevision\/wp-content\/uploads\/2025\/11\/ALQUILER-MINI-SWITCH-DMG-LUMIERE-WEVISION_WELABPLUS.jpg\",\"width\":933,\"height\":557,\"caption\":\"ALQUILER MINI SWITCH DMG LUMIERE WEVISION WELABPLUS\"},{\"@type\":\"BreadcrumbList\",\"@id\":\"https:\/\/welabplus.com\/wevision\/catalogo\/led\/paneles\/dmg\/mini-switch-dmg-lumiere\/#breadcrumb\",\"itemListElement\":[{\"@type\":\"ListItem\",\"position\":1,\"name\":\"Portada\",\"item\":\"https:\/\/welabplus.com\/wevision\/\"},{\"@type\":\"ListItem\",\"position\":2,\"name\":\"Cat\u00e1logo\",\"item\":\"https:\/\/welabplus.com\/wevision\/catalogo\/\"},{\"@type\":\"ListItem\",\"position\":3,\"name\":\"MINI SWITCH DMG LUMIERE\"}]},{\"@type\":\"WebSite\",\"@id\":\"https:\/\/welabplus.com\/wevision\/#website\",\"url\":\"https:\/\/welabplus.com\/wevision\/\",\"name\":\"Welabplus\",\"description\":\"C\u00e1maras y lentes para cine\",\"publisher\":{\"@id\":\"https:\/\/welabplus.com\/wevision\/#organization\"},\"potentialAction\":[{\"@type\":\"SearchAction\",\"target\":{\"@type\":\"EntryPoint\",\"urlTemplate\":\"https:\/\/welabplus.com\/wevision\/?s={search_term_string}\"},\"query-input\":{\"@type\":\"PropertyValueSpecification\",\"valueRequired\":true,\"valueName\":\"search_term_string\"}}],\"inLanguage\":\"es\"},{\"@type\":\"Organization\",\"@id\":\"https:\/\/welabplus.com\/wevision\/#organization\",\"name\":\"Welab Canary Islands\",\"url\":\"https:\/\/welabplus.com\/wevision\/\",\"logo\":{\"@type\":\"ImageObject\",\"inLanguage\":\"es\",\"@id\":\"https:\/\/welabplus.com\/wevision\/#\/schema\/logo\/image\/\",\"url\":\"\",\"contentUrl\":\"\",\"caption\":\"Welab Canary Islands\"},\"image\":{\"@id\":\"https:\/\/welabplus.com\/wevision\/#\/schema\/logo\/image\/\"},\"sameAs\":[\"https:\/\/www.facebook.com\/welab.es\/\",\"https:\/\/x.com\/welabspain\"]}]}<\/script>\n<!-- \/ Yoast SEO plugin. -->","yoast_head_json":{"title":"MINI SWITCH DMG LUMIERE - Welabplus","description":"Alquiler de MINI SWITCH DMG LUMIERE en Welab en Madrid y en las Islas Canarias, para cine publicidad, series, documentales, videoclips....","robots":{"index":"index","follow":"follow","max-snippet":"max-snippet:-1","max-image-preview":"max-image-preview:large","max-video-preview":"max-video-preview:-1"},"canonical":"https:\/\/welabplus.com\/wevision\/catalogo\/led\/paneles\/dmg\/mini-switch-dmg-lumiere\/","og_locale":"es_ES","og_type":"article","og_title":"MINI SWITCH DMG LUMIERE - Welabplus","og_description":"Alquiler de MINI SWITCH DMG LUMIERE en Welab en Madrid y en las Islas Canarias, para cine publicidad, series, documentales, videoclips....","og_url":"https:\/\/welabplus.com\/wevision\/catalogo\/led\/paneles\/dmg\/mini-switch-dmg-lumiere\/","og_site_name":"Wevision","article_publisher":"https:\/\/www.facebook.com\/welab.es\/","article_modified_time":"2025-11-18T10:57:37+00:00","og_image":[{"width":933,"height":557,"url":"https:\/\/welabplus.com\/wevision\/wp-content\/uploads\/2025\/11\/ALQUILER-MINI-SWITCH-DMG-LUMIERE-WEVISION_WELABPLUS.jpg","type":"image\/jpeg"}],"twitter_card":"summary_large_image","twitter_site":"@welabspain","twitter_misc":{"Tiempo de lectura":"3 minutos"},"schema":{"@context":"https:\/\/schema.org","@graph":[{"@type":"WebPage","@id":"https:\/\/welabplus.com\/wevision\/catalogo\/led\/paneles\/dmg\/mini-switch-dmg-lumiere\/","url":"https:\/\/welabplus.com\/wevision\/catalogo\/led\/paneles\/dmg\/mini-switch-dmg-lumiere\/","name":"MINI SWITCH DMG LUMIERE - Welabplus","isPartOf":{"@id":"https:\/\/welabplus.com\/wevision\/#website"},"primaryImageOfPage":{"@id":"https:\/\/welabplus.com\/wevision\/catalogo\/led\/paneles\/dmg\/mini-switch-dmg-lumiere\/#primaryimage"},"image":{"@id":"https:\/\/welabplus.com\/wevision\/catalogo\/led\/paneles\/dmg\/mini-switch-dmg-lumiere\/#primaryimage"},"thumbnailUrl":"https:\/\/welabplus.com\/wevision\/wp-content\/uploads\/2025\/11\/ALQUILER-MINI-SWITCH-DMG-LUMIERE-WEVISION_WELABPLUS.jpg","datePublished":"2025-11-06T09:24:49+00:00","dateModified":"2025-11-18T10:57:37+00:00","description":"Alquiler de MINI SWITCH DMG LUMIERE en Welab en Madrid y en las Islas Canarias, para cine publicidad, series, documentales, videoclips....","breadcrumb":{"@id":"https:\/\/welabplus.com\/wevision\/catalogo\/led\/paneles\/dmg\/mini-switch-dmg-lumiere\/#breadcrumb"},"inLanguage":"es","potentialAction":[{"@type":"ReadAction","target":["https:\/\/welabplus.com\/wevision\/catalogo\/led\/paneles\/dmg\/mini-switch-dmg-lumiere\/"]}]},{"@type":"ImageObject","inLanguage":"es","@id":"https:\/\/welabplus.com\/wevision\/catalogo\/led\/paneles\/dmg\/mini-switch-dmg-lumiere\/#primaryimage","url":"https:\/\/welabplus.com\/wevision\/wp-content\/uploads\/2025\/11\/ALQUILER-MINI-SWITCH-DMG-LUMIERE-WEVISION_WELABPLUS.jpg","contentUrl":"https:\/\/welabplus.com\/wevision\/wp-content\/uploads\/2025\/11\/ALQUILER-MINI-SWITCH-DMG-LUMIERE-WEVISION_WELABPLUS.jpg","width":933,"height":557,"caption":"ALQUILER MINI SWITCH DMG LUMIERE WEVISION WELABPLUS"},{"@type":"BreadcrumbList","@id":"https:\/\/welabplus.com\/wevision\/catalogo\/led\/paneles\/dmg\/mini-switch-dmg-lumiere\/#breadcrumb","itemListElement":[{"@type":"ListItem","position":1,"name":"Portada","item":"https:\/\/welabplus.com\/wevision\/"},{"@type":"ListItem","position":2,"name":"Cat\u00e1logo","item":"https:\/\/welabplus.com\/wevision\/catalogo\/"},{"@type":"ListItem","position":3,"name":"MINI SWITCH DMG LUMIERE"}]},{"@type":"WebSite","@id":"https:\/\/welabplus.com\/wevision\/#website","url":"https:\/\/welabplus.com\/wevision\/","name":"Welabplus","description":"C\u00e1maras y lentes para cine","publisher":{"@id":"https:\/\/welabplus.com\/wevision\/#organization"},"potentialAction":[{"@type":"SearchAction","target":{"@type":"EntryPoint","urlTemplate":"https:\/\/welabplus.com\/wevision\/?s={search_term_string}"},"query-input":{"@type":"PropertyValueSpecification","valueRequired":true,"valueName":"search_term_string"}}],"inLanguage":"es"},{"@type":"Organization","@id":"https:\/\/welabplus.com\/wevision\/#organization","name":"Welab Canary Islands","url":"https:\/\/welabplus.com\/wevision\/","logo":{"@type":"ImageObject","inLanguage":"es","@id":"https:\/\/welabplus.com\/wevision\/#\/schema\/logo\/image\/","url":"","contentUrl":"","caption":"Welab Canary Islands"},"image":{"@id":"https:\/\/welabplus.com\/wevision\/#\/schema\/logo\/image\/"},"sameAs":["https:\/\/www.facebook.com\/welab.es\/","https:\/\/x.com\/welabspain"]}]}},"_links":{"self":[{"href":"https:\/\/welabplus.com\/wevision\/wp-json\/wp\/v2\/product\/21370","targetHints":{"allow":["GET"]}}],"collection":[{"href":"https:\/\/welabplus.com\/wevision\/wp-json\/wp\/v2\/product"}],"about":[{"href":"https:\/\/welabplus.com\/wevision\/wp-json\/wp\/v2\/types\/product"}],"replies":[{"embeddable":true,"href":"https:\/\/welabplus.com\/wevision\/wp-json\/wp\/v2\/comments?post=21370"}],"wp:featuredmedia":[{"embeddable":true,"href":"https:\/\/welabplus.com\/wevision\/wp-json\/wp\/v2\/media\/28037"}],"wp:attachment":[{"href":"https:\/\/welabplus.com\/wevision\/wp-json\/wp\/v2\/media?parent=21370"}],"wp:term":[{"taxonomy":"product_brand","embeddable":true,"href":"https:\/\/welabplus.com\/wevision\/wp-json\/wp\/v2\/product_brand?post=21370"},{"taxonomy":"product_cat","embeddable":true,"href":"https:\/\/welabplus.com\/wevision\/wp-json\/wp\/v2\/product_cat?post=21370"},{"taxonomy":"product_tag","embeddable":true,"href":"https:\/\/welabplus.com\/wevision\/wp-json\/wp\/v2\/product_tag?post=21370"}],"curies":[{"name":"wp","href":"https:\/\/api.w.org\/{rel}","templated":true}]}}