{"id":21350,"date":"2025-11-25T16:40:07","date_gmt":"2025-11-25T15:40:07","guid":{"rendered":"https:\/\/welabplus.com\/wevision\/?post_type=product&#038;p=21350"},"modified":"2025-12-03T15:26:05","modified_gmt":"2025-12-03T14:26:05","slug":"arri-junior-fresnel-2kw","status":"publish","type":"product","link":"https:\/\/welabplus.com\/wevision\/catalogo\/tungsteno\/fresnel-tungsteno\/arri-junior-fresnel-2kw\/","title":{"rendered":"ARRI JUNIOR FRESNEL 2KW"},"content":{"rendered":"<p>El\u00a0<strong>ARRI Junior Fresnel 2K<\/strong>\u00a0es un foco de tungsteno de\u00a0<strong>2.000 W<\/strong>\u00a0compacto y ligero, ideal tanto para\u00a0<strong>estudios peque\u00f1os <\/strong>como para\u00a0<strong>rodajes en localizaci\u00f3n<\/strong>. La serie\u00a0<strong>ARRI Junior<\/strong>\u00a0est\u00e1 pensada precisamente para eso: m\u00e1xima eficiencia y calidad de haz en un formato manejable, f\u00e1cil de transportar y de montar incluso en espacios reducidos.<\/p>\n<p>Su lente Fresnel de\u00a0<strong>175 mm<\/strong>\u00a0y el reflector esf\u00e9rico de aluminio de alta pureza ofrecen un haz\u00a0<strong>homog\u00e9neo y muy controlable<\/strong>, con un rango de enfoque aproximado de\u00a0<strong>12\u00b0 a 57\u00b0 (spot\u2013flood)<\/strong>, perfecto como\u00a0<strong>key c\u00e1lido<\/strong>, contra de figura, luz puntual sobre fondos o para rebotar en telas y polies en decorados de tama\u00f1o medio. Con l\u00e1mpara de tungsteno\u00a0<strong>3.200 K<\/strong>, mantiene el look cl\u00e1sico de cine y televisi\u00f3n con una reproducci\u00f3n de color muy natural.<\/p>\n<h3>Caracter\u00edsticas principales<\/h3>\n<ul>\n<li style=\"list-style-type: none;\">\n<ul>\n<li><strong>Tipo de foco<\/strong>\n<ul>\n<li><strong>Fresnel de tungsteno 2.000 W<\/strong>\u00a0\u2013 ARRI\u00a0<strong>Junior 2000<\/strong>.<\/li>\n<\/ul>\n<\/li>\n<li><strong>Potencia y l\u00e1mparas compatibles<\/strong>\n<ul>\n<li>Potencia nominal:\u00a0<strong>2.000 W<\/strong>.<\/li>\n<li>L\u00e1mparas tungsteno 2 kW (p.ej. FKK\/CYX seg\u00fan tensi\u00f3n), casquillo\u00a0<strong>G38<\/strong>.<\/li>\n<\/ul>\n<\/li>\n<li><strong>Temperatura de color<\/strong>\n<ul>\n<li><strong>3.200 K<\/strong>\u00a0(tungsteno).<\/li>\n<\/ul>\n<\/li>\n<li><strong>\u00d3ptica y haz<\/strong>\n<ul>\n<li>Lente Fresnel de\u00a0<strong>175 mm<\/strong>\u00a0de di\u00e1metro.<\/li>\n<li>Reflector esf\u00e9rico de aluminio especular de alta pureza.<\/li>\n<li>\u00c1ngulo de haz aprox.:\u00a0<strong>12\u00b0 \u2013 57\u00b0<\/strong>\u00a0(spot\u2013flood).<\/li>\n<\/ul>\n<\/li>\n<li><strong>Dimmer \/ control<\/strong>\n<ul>\n<li>Regulaci\u00f3n\u00a0<strong>0\u2013100 %<\/strong>\u00a0mediante dimmer externo de 2 kW (no integrado).<\/li>\n<\/ul>\n<\/li>\n<li><strong>Dimensiones y peso (cabezal)<\/strong>\n<ul>\n<li>Medidas aprox. (Al \u00d7 An \u00d7 L, sin espiga): entorno a\u00a0<strong>40 \u00d7 37 \u00d7 32 cm<\/strong>\u00a0(seg\u00fan versi\u00f3n).<\/li>\n<li>Peso aprox. cabezal:\u00a0<strong>\u2248 7\u20138 kg<\/strong>.<\/li>\n<\/ul>\n<\/li>\n<li><strong>Montura y protecci\u00f3n<\/strong>\n<ul>\n<li>Espiga\u00a0<strong>Junior 28 mm (1 1\/8&#8243;)<\/strong>.<\/li>\n<li>Grado de protecci\u00f3n\u00a0<strong>IP20\u2013IP23<\/strong>\u00a0seg\u00fan versi\u00f3n, apto para uso en interior y localizaci\u00f3n con condiciones controladas.<\/li>\n<\/ul>\n<\/li>\n<li><strong>Aplicaciones t\u00edpicas<\/strong>\n<ul>\n<li>Key tungsteno c\u00e1lido en estudios peque\u00f1os y medianos.<\/li>\n<li>Contraluz y recorte de figuras.<\/li>\n<\/ul>\n<\/li>\n<\/ul>\n<\/li>\n<\/ul>\n<div>\n<div class=\"\">\n<div>\n<div class=\"\">\n<p>&nbsp;<\/p>\n<\/div>\n<\/div>\n<hr \/>\n<div class=\"social-icon social-big\"><a href=\"https:\/\/www.facebook.com\/welabplus\/\" target=\"_blank\" title=\"\"><i class=\"fa fa-facebook\"><\/i><\/a><\/div>\n<div class=\"social-icon social-big\"><a href=\"https:\/\/twitter.com\/welabplus\" target=\"_blank\" title=\"\"><i class=\"fa fa-twitter\"><\/i><\/a><\/div>\n<div class=\"social-icon social-big\"><a href=\"https:\/\/www.instagram.com\/welabplus\/?hl=es\" target=\"_blank\" title=\"\"><i class=\"fa fa-instagram\"><\/i><\/a><\/div>\n<div class=\"social-icon social-big\"><a href=\"https:\/\/www.linkedin.com\/company\/welabplus\" target=\"_blank\" title=\"\"><i class=\"fa fa-linkedin\"><\/i><\/a><\/div>\n<\/div>\n<\/div>\n","protected":false},"excerpt":{"rendered":"<p>El\u00a0ARRI Junior Fresnel 2K\u00a0es un foco de tungsteno de\u00a02.000 W\u00a0compacto y ligero, ideal tanto para\u00a0estudios peque\u00f1os como para\u00a0rodajes en localizaci\u00f3n. [&hellip;]<\/p>\n","protected":false},"featured_media":28032,"comment_status":"closed","ping_status":"closed","template":"","meta":{"_acf_changed":false,"inline_featured_image":false},"product_brand":[],"product_cat":[9297,5996],"product_tag":[6283,8136,8989,9381,9382,9519,9520,4523,6258,6271,6277,6278],"class_list":{"0":"post-21350","1":"product","2":"type-product","3":"status-publish","4":"has-post-thumbnail","6":"product_cat-fresnel-tungsteno","7":"product_cat-tungsteno","8":"product_tag-alquiler-arri-fresnel-2kw","9":"product_tag-light","10":"product_tag-fresnel","11":"product_tag-arri-junior-fresnel-2k","12":"product_tag-alquiler-arri-junior-fresnel-2k","13":"product_tag-junior","14":"product_tag-2k","15":"product_tag-arri","16":"product_tag-iluminacion","17":"product_tag-alquiler-iluminacion-madrid","18":"product_tag-alquiler-fresnel-madrid","19":"product_tag-alquiler-luz-cine","21":"first","22":"instock","23":"shipping-taxable","24":"purchasable","25":"product-type-simple"},"acf":[],"yoast_head":"<!-- This site is optimized with the Yoast SEO plugin v26.2 - https:\/\/yoast.com\/wordpress\/plugins\/seo\/ -->\n<title>ARRI JUNIOR FRESNEL 2KW - Welabplus<\/title>\n<meta name=\"description\" content=\"El\u00a0ARRI Junior Fresnel 2K\u00a0es un foco de tungsteno de\u00a02.000 W\u00a0compacto y ligero, ideal tanto para\u00a0estudios peque\u00f1os como para\u00a0rodajes en localizaci\u00f3n.\" \/>\n<meta name=\"robots\" content=\"index, follow, max-snippet:-1, max-image-preview:large, max-video-preview:-1\" \/>\n<link rel=\"canonical\" href=\"https:\/\/welabplus.com\/wevision\/catalogo\/tungsteno\/fresnel-tungsteno\/arri-junior-fresnel-2kw\/\" \/>\n<meta property=\"og:locale\" content=\"es_ES\" \/>\n<meta property=\"og:type\" content=\"article\" \/>\n<meta property=\"og:title\" content=\"ARRI JUNIOR FRESNEL 2KW - Welabplus\" \/>\n<meta property=\"og:description\" content=\"El\u00a0ARRI Junior Fresnel 2K\u00a0es un foco de tungsteno de\u00a02.000 W\u00a0compacto y ligero, ideal tanto para\u00a0estudios peque\u00f1os como para\u00a0rodajes en localizaci\u00f3n.\" \/>\n<meta property=\"og:url\" content=\"https:\/\/welabplus.com\/wevision\/catalogo\/tungsteno\/fresnel-tungsteno\/arri-junior-fresnel-2kw\/\" \/>\n<meta property=\"og:site_name\" content=\"Wevision\" \/>\n<meta property=\"article:publisher\" content=\"https:\/\/www.facebook.com\/welab.es\/\" \/>\n<meta property=\"article:modified_time\" content=\"2025-12-03T14:26:05+00:00\" \/>\n<meta property=\"og:image\" content=\"https:\/\/welabplus.com\/wevision\/wp-content\/uploads\/2025\/11\/ALQUILER-ARRI-FRESNEL-2KW-WEVISION_WELABPLUS.jpg\" \/>\n\t<meta property=\"og:image:width\" content=\"933\" \/>\n\t<meta property=\"og:image:height\" content=\"557\" \/>\n\t<meta property=\"og:image:type\" content=\"image\/jpeg\" \/>\n<meta name=\"twitter:card\" content=\"summary_large_image\" \/>\n<meta name=\"twitter:site\" content=\"@welabspain\" \/>\n<meta name=\"twitter:label1\" content=\"Tiempo de lectura\" \/>\n\t<meta name=\"twitter:data1\" content=\"2 minutos\" \/>\n<script type=\"application\/ld+json\" class=\"yoast-schema-graph\">{\"@context\":\"https:\/\/schema.org\",\"@graph\":[{\"@type\":\"WebPage\",\"@id\":\"https:\/\/welabplus.com\/wevision\/catalogo\/tungsteno\/fresnel-tungsteno\/arri-junior-fresnel-2kw\/\",\"url\":\"https:\/\/welabplus.com\/wevision\/catalogo\/tungsteno\/fresnel-tungsteno\/arri-junior-fresnel-2kw\/\",\"name\":\"ARRI JUNIOR FRESNEL 2KW - Welabplus\",\"isPartOf\":{\"@id\":\"https:\/\/welabplus.com\/wevision\/#website\"},\"primaryImageOfPage\":{\"@id\":\"https:\/\/welabplus.com\/wevision\/catalogo\/tungsteno\/fresnel-tungsteno\/arri-junior-fresnel-2kw\/#primaryimage\"},\"image\":{\"@id\":\"https:\/\/welabplus.com\/wevision\/catalogo\/tungsteno\/fresnel-tungsteno\/arri-junior-fresnel-2kw\/#primaryimage\"},\"thumbnailUrl\":\"https:\/\/welabplus.com\/wevision\/wp-content\/uploads\/2025\/11\/ALQUILER-ARRI-FRESNEL-2KW-WEVISION_WELABPLUS.jpg\",\"datePublished\":\"2025-11-25T15:40:07+00:00\",\"dateModified\":\"2025-12-03T14:26:05+00:00\",\"description\":\"El\u00a0ARRI Junior Fresnel 2K\u00a0es un foco de tungsteno de\u00a02.000 W\u00a0compacto y ligero, ideal tanto para\u00a0estudios peque\u00f1os como para\u00a0rodajes en localizaci\u00f3n.\",\"breadcrumb\":{\"@id\":\"https:\/\/welabplus.com\/wevision\/catalogo\/tungsteno\/fresnel-tungsteno\/arri-junior-fresnel-2kw\/#breadcrumb\"},\"inLanguage\":\"es\",\"potentialAction\":[{\"@type\":\"ReadAction\",\"target\":[\"https:\/\/welabplus.com\/wevision\/catalogo\/tungsteno\/fresnel-tungsteno\/arri-junior-fresnel-2kw\/\"]}]},{\"@type\":\"ImageObject\",\"inLanguage\":\"es\",\"@id\":\"https:\/\/welabplus.com\/wevision\/catalogo\/tungsteno\/fresnel-tungsteno\/arri-junior-fresnel-2kw\/#primaryimage\",\"url\":\"https:\/\/welabplus.com\/wevision\/wp-content\/uploads\/2025\/11\/ALQUILER-ARRI-FRESNEL-2KW-WEVISION_WELABPLUS.jpg\",\"contentUrl\":\"https:\/\/welabplus.com\/wevision\/wp-content\/uploads\/2025\/11\/ALQUILER-ARRI-FRESNEL-2KW-WEVISION_WELABPLUS.jpg\",\"width\":933,\"height\":557,\"caption\":\"ALQUILER ARRI FRESNEL 2KW WEVISION WELABPLUS\"},{\"@type\":\"BreadcrumbList\",\"@id\":\"https:\/\/welabplus.com\/wevision\/catalogo\/tungsteno\/fresnel-tungsteno\/arri-junior-fresnel-2kw\/#breadcrumb\",\"itemListElement\":[{\"@type\":\"ListItem\",\"position\":1,\"name\":\"Portada\",\"item\":\"https:\/\/welabplus.com\/wevision\/\"},{\"@type\":\"ListItem\",\"position\":2,\"name\":\"Cat\u00e1logo\",\"item\":\"https:\/\/welabplus.com\/wevision\/catalogo\/\"},{\"@type\":\"ListItem\",\"position\":3,\"name\":\"ARRI JUNIOR FRESNEL 2KW\"}]},{\"@type\":\"WebSite\",\"@id\":\"https:\/\/welabplus.com\/wevision\/#website\",\"url\":\"https:\/\/welabplus.com\/wevision\/\",\"name\":\"Welabplus\",\"description\":\"C\u00e1maras y lentes para cine\",\"publisher\":{\"@id\":\"https:\/\/welabplus.com\/wevision\/#organization\"},\"potentialAction\":[{\"@type\":\"SearchAction\",\"target\":{\"@type\":\"EntryPoint\",\"urlTemplate\":\"https:\/\/welabplus.com\/wevision\/?s={search_term_string}\"},\"query-input\":{\"@type\":\"PropertyValueSpecification\",\"valueRequired\":true,\"valueName\":\"search_term_string\"}}],\"inLanguage\":\"es\"},{\"@type\":\"Organization\",\"@id\":\"https:\/\/welabplus.com\/wevision\/#organization\",\"name\":\"Welab Canary Islands\",\"url\":\"https:\/\/welabplus.com\/wevision\/\",\"logo\":{\"@type\":\"ImageObject\",\"inLanguage\":\"es\",\"@id\":\"https:\/\/welabplus.com\/wevision\/#\/schema\/logo\/image\/\",\"url\":\"\",\"contentUrl\":\"\",\"caption\":\"Welab Canary Islands\"},\"image\":{\"@id\":\"https:\/\/welabplus.com\/wevision\/#\/schema\/logo\/image\/\"},\"sameAs\":[\"https:\/\/www.facebook.com\/welab.es\/\",\"https:\/\/x.com\/welabspain\"]}]}<\/script>\n<!-- \/ Yoast SEO plugin. -->","yoast_head_json":{"title":"ARRI JUNIOR FRESNEL 2KW - Welabplus","description":"El\u00a0ARRI Junior Fresnel 2K\u00a0es un foco de tungsteno de\u00a02.000 W\u00a0compacto y ligero, ideal tanto para\u00a0estudios peque\u00f1os como para\u00a0rodajes en localizaci\u00f3n.","robots":{"index":"index","follow":"follow","max-snippet":"max-snippet:-1","max-image-preview":"max-image-preview:large","max-video-preview":"max-video-preview:-1"},"canonical":"https:\/\/welabplus.com\/wevision\/catalogo\/tungsteno\/fresnel-tungsteno\/arri-junior-fresnel-2kw\/","og_locale":"es_ES","og_type":"article","og_title":"ARRI JUNIOR FRESNEL 2KW - Welabplus","og_description":"El\u00a0ARRI Junior Fresnel 2K\u00a0es un foco de tungsteno de\u00a02.000 W\u00a0compacto y ligero, ideal tanto para\u00a0estudios peque\u00f1os como para\u00a0rodajes en localizaci\u00f3n.","og_url":"https:\/\/welabplus.com\/wevision\/catalogo\/tungsteno\/fresnel-tungsteno\/arri-junior-fresnel-2kw\/","og_site_name":"Wevision","article_publisher":"https:\/\/www.facebook.com\/welab.es\/","article_modified_time":"2025-12-03T14:26:05+00:00","og_image":[{"width":933,"height":557,"url":"https:\/\/welabplus.com\/wevision\/wp-content\/uploads\/2025\/11\/ALQUILER-ARRI-FRESNEL-2KW-WEVISION_WELABPLUS.jpg","type":"image\/jpeg"}],"twitter_card":"summary_large_image","twitter_site":"@welabspain","twitter_misc":{"Tiempo de lectura":"2 minutos"},"schema":{"@context":"https:\/\/schema.org","@graph":[{"@type":"WebPage","@id":"https:\/\/welabplus.com\/wevision\/catalogo\/tungsteno\/fresnel-tungsteno\/arri-junior-fresnel-2kw\/","url":"https:\/\/welabplus.com\/wevision\/catalogo\/tungsteno\/fresnel-tungsteno\/arri-junior-fresnel-2kw\/","name":"ARRI JUNIOR FRESNEL 2KW - Welabplus","isPartOf":{"@id":"https:\/\/welabplus.com\/wevision\/#website"},"primaryImageOfPage":{"@id":"https:\/\/welabplus.com\/wevision\/catalogo\/tungsteno\/fresnel-tungsteno\/arri-junior-fresnel-2kw\/#primaryimage"},"image":{"@id":"https:\/\/welabplus.com\/wevision\/catalogo\/tungsteno\/fresnel-tungsteno\/arri-junior-fresnel-2kw\/#primaryimage"},"thumbnailUrl":"https:\/\/welabplus.com\/wevision\/wp-content\/uploads\/2025\/11\/ALQUILER-ARRI-FRESNEL-2KW-WEVISION_WELABPLUS.jpg","datePublished":"2025-11-25T15:40:07+00:00","dateModified":"2025-12-03T14:26:05+00:00","description":"El\u00a0ARRI Junior Fresnel 2K\u00a0es un foco de tungsteno de\u00a02.000 W\u00a0compacto y ligero, ideal tanto para\u00a0estudios peque\u00f1os como para\u00a0rodajes en localizaci\u00f3n.","breadcrumb":{"@id":"https:\/\/welabplus.com\/wevision\/catalogo\/tungsteno\/fresnel-tungsteno\/arri-junior-fresnel-2kw\/#breadcrumb"},"inLanguage":"es","potentialAction":[{"@type":"ReadAction","target":["https:\/\/welabplus.com\/wevision\/catalogo\/tungsteno\/fresnel-tungsteno\/arri-junior-fresnel-2kw\/"]}]},{"@type":"ImageObject","inLanguage":"es","@id":"https:\/\/welabplus.com\/wevision\/catalogo\/tungsteno\/fresnel-tungsteno\/arri-junior-fresnel-2kw\/#primaryimage","url":"https:\/\/welabplus.com\/wevision\/wp-content\/uploads\/2025\/11\/ALQUILER-ARRI-FRESNEL-2KW-WEVISION_WELABPLUS.jpg","contentUrl":"https:\/\/welabplus.com\/wevision\/wp-content\/uploads\/2025\/11\/ALQUILER-ARRI-FRESNEL-2KW-WEVISION_WELABPLUS.jpg","width":933,"height":557,"caption":"ALQUILER ARRI FRESNEL 2KW WEVISION WELABPLUS"},{"@type":"BreadcrumbList","@id":"https:\/\/welabplus.com\/wevision\/catalogo\/tungsteno\/fresnel-tungsteno\/arri-junior-fresnel-2kw\/#breadcrumb","itemListElement":[{"@type":"ListItem","position":1,"name":"Portada","item":"https:\/\/welabplus.com\/wevision\/"},{"@type":"ListItem","position":2,"name":"Cat\u00e1logo","item":"https:\/\/welabplus.com\/wevision\/catalogo\/"},{"@type":"ListItem","position":3,"name":"ARRI JUNIOR FRESNEL 2KW"}]},{"@type":"WebSite","@id":"https:\/\/welabplus.com\/wevision\/#website","url":"https:\/\/welabplus.com\/wevision\/","name":"Welabplus","description":"C\u00e1maras y lentes para cine","publisher":{"@id":"https:\/\/welabplus.com\/wevision\/#organization"},"potentialAction":[{"@type":"SearchAction","target":{"@type":"EntryPoint","urlTemplate":"https:\/\/welabplus.com\/wevision\/?s={search_term_string}"},"query-input":{"@type":"PropertyValueSpecification","valueRequired":true,"valueName":"search_term_string"}}],"inLanguage":"es"},{"@type":"Organization","@id":"https:\/\/welabplus.com\/wevision\/#organization","name":"Welab Canary Islands","url":"https:\/\/welabplus.com\/wevision\/","logo":{"@type":"ImageObject","inLanguage":"es","@id":"https:\/\/welabplus.com\/wevision\/#\/schema\/logo\/image\/","url":"","contentUrl":"","caption":"Welab Canary Islands"},"image":{"@id":"https:\/\/welabplus.com\/wevision\/#\/schema\/logo\/image\/"},"sameAs":["https:\/\/www.facebook.com\/welab.es\/","https:\/\/x.com\/welabspain"]}]}},"_links":{"self":[{"href":"https:\/\/welabplus.com\/wevision\/wp-json\/wp\/v2\/product\/21350","targetHints":{"allow":["GET"]}}],"collection":[{"href":"https:\/\/welabplus.com\/wevision\/wp-json\/wp\/v2\/product"}],"about":[{"href":"https:\/\/welabplus.com\/wevision\/wp-json\/wp\/v2\/types\/product"}],"replies":[{"embeddable":true,"href":"https:\/\/welabplus.com\/wevision\/wp-json\/wp\/v2\/comments?post=21350"}],"wp:featuredmedia":[{"embeddable":true,"href":"https:\/\/welabplus.com\/wevision\/wp-json\/wp\/v2\/media\/28032"}],"wp:attachment":[{"href":"https:\/\/welabplus.com\/wevision\/wp-json\/wp\/v2\/media?parent=21350"}],"wp:term":[{"taxonomy":"product_brand","embeddable":true,"href":"https:\/\/welabplus.com\/wevision\/wp-json\/wp\/v2\/product_brand?post=21350"},{"taxonomy":"product_cat","embeddable":true,"href":"https:\/\/welabplus.com\/wevision\/wp-json\/wp\/v2\/product_cat?post=21350"},{"taxonomy":"product_tag","embeddable":true,"href":"https:\/\/welabplus.com\/wevision\/wp-json\/wp\/v2\/product_tag?post=21350"}],"curies":[{"name":"wp","href":"https:\/\/api.w.org\/{rel}","templated":true}]}}