{"id":21340,"date":"2025-11-25T16:50:07","date_gmt":"2025-11-25T15:50:07","guid":{"rendered":"https:\/\/welabplus.com\/wevision\/?post_type=product&#038;p=21340"},"modified":"2025-11-26T16:48:58","modified_gmt":"2025-11-26T15:48:58","slug":"arri-fresnel-1kw","status":"publish","type":"product","link":"https:\/\/welabplus.com\/wevision\/catalogo\/tungsteno\/fresnel-tungsteno\/arri-fresnel-1kw\/","title":{"rendered":"ARRI FRESNEL 1KW"},"content":{"rendered":"<p><strong>ARRI FRESNEL 1KW de Tungsteno <\/strong>disponible para alquilar en Welab.<\/p>\n<p><strong>ARRI True Blue<\/strong> representa una evoluci\u00f3n sin precedentes de los accesorios de ubicaci\u00f3n que han sido caballos de batalla populares durante m\u00e1s de dos d\u00e9cadas. Despu\u00e9s de una extensa investigaci\u00f3n y comentarios de profesionales de la iluminaci\u00f3n de todo el mundo, combinados con los avances tecnol\u00f3gicos, ARRI ha dise\u00f1ado una serie de seis cabezales de l\u00e1mpara altamente innovadores con m\u00e1s de 30 nuevas mejoras para la iluminaci\u00f3n de estudio y ubicaci\u00f3n. El ARRI True Blue T1 est\u00e1 disponible en versiones manuales y operadas con p\u00e9rtiga.<\/p>\n<p>&nbsp;<\/p>\n<h3>Caracter\u00edsticas T\u00e9cnicas del foco ARRI FRESNEL 1KW:<\/h3>\n<ul>\n<li>Sistema de enfriamiento cruzado: nuevas corrientes de enfriamiento altamente efectivas adem\u00e1s del enfriamiento convencional.<\/li>\n<li>Estribo deslizante: ajuste del centro de gravedad.<\/li>\n<li>Inclinaci\u00f3n de bloqueo: disco de fricci\u00f3n de acero inoxidable para bloqueo r\u00edgido.<\/li>\n<li>Top Latches orientados a aplicaciones para uso en estudio o ubicaci\u00f3n.<\/li>\n<li>Soportes de accesorios ajustables: posici\u00f3n ajustable de 2 ca\u00f1a y 4 ca\u00f1a.<\/li>\n<li>Protecci\u00f3n de lente de acero inoxidable: transmisi\u00f3n de luz maximizada y estabilidad a altas temperaturas.<\/li>\n<li>Barndoors extremadamente robustos: fabricados en aleaci\u00f3n especial con alta relaci\u00f3n resistencia \/ peso y funci\u00f3n de apriete efectiva.<\/li>\n<li>Mantenimiento: partes m\u00e1s compartidas, acceso muy r\u00e1pido a todos los trabajos interiores con solo tres controladores torx.<\/li>\n<li>Grado de protecci\u00f3n IP23: uso seguro en interiores y exteriores.<\/li>\n<li>Certificaci\u00f3n de seguridad: CE, CB, GS, cNRTLus.<\/li>\n<\/ul>\n<div>\n<div class=\"\">\n<p>&nbsp;<\/p>\n<\/div>\n<\/div>\n<hr \/>\n<div class=\"social-icon social-big\"><a href=\"https:\/\/www.facebook.com\/welabplus\/\" target=\"_blank\" title=\"\"><i class=\"fa fa-facebook\"><\/i><\/a><\/div>\n<div class=\"social-icon social-big\"><a href=\"https:\/\/twitter.com\/welabplus\" target=\"_blank\" title=\"\"><i class=\"fa fa-twitter\"><\/i><\/a><\/div>\n<div class=\"social-icon social-big\"><a href=\"https:\/\/www.instagram.com\/welabplus\/?hl=es\" target=\"_blank\" title=\"\"><i class=\"fa fa-instagram\"><\/i><\/a><\/div>\n<div class=\"social-icon social-big\"><a href=\"https:\/\/www.linkedin.com\/company\/welabplus\" target=\"_blank\" title=\"\"><i class=\"fa fa-linkedin\"><\/i><\/a><\/div>\n","protected":false},"excerpt":{"rendered":"<p>ARRI FRESNEL 1KW de Tungsteno disponible para alquilar en Welab. ARRI True Blue representa una evoluci\u00f3n sin precedentes de los [&hellip;]<\/p>\n","protected":false},"featured_media":28034,"comment_status":"closed","ping_status":"closed","template":"","meta":{"_acf_changed":false,"inline_featured_image":false},"product_brand":[],"product_cat":[9297,5996],"product_tag":[6276,6277,6278,6271],"class_list":{"0":"post-21340","1":"product","2":"type-product","3":"status-publish","4":"has-post-thumbnail","6":"product_cat-fresnel-tungsteno","7":"product_cat-tungsteno","8":"product_tag-alquiler-arri-fresnel-1kw","9":"product_tag-alquiler-fresnel-madrid","10":"product_tag-alquiler-luz-cine","11":"product_tag-alquiler-iluminacion-madrid","13":"first","14":"instock","15":"shipping-taxable","16":"purchasable","17":"product-type-simple"},"acf":[],"yoast_head":"<!-- This site is optimized with the Yoast SEO plugin v26.2 - https:\/\/yoast.com\/wordpress\/plugins\/seo\/ -->\n<title>ARRI FRESNEL 1KW - Welabplus<\/title>\n<meta name=\"description\" content=\"Alquiler de ARRI FRESNEL 1KW en Welab en Madrid y en las Islas Canarias, para cine publicidad, series, documentales, videoclips...\" \/>\n<meta name=\"robots\" content=\"index, follow, max-snippet:-1, max-image-preview:large, max-video-preview:-1\" \/>\n<link rel=\"canonical\" href=\"https:\/\/welabplus.com\/wevision\/catalogo\/tungsteno\/fresnel-tungsteno\/arri-fresnel-1kw\/\" \/>\n<meta property=\"og:locale\" content=\"es_ES\" \/>\n<meta property=\"og:type\" content=\"article\" \/>\n<meta property=\"og:title\" content=\"ARRI FRESNEL 1KW - Welabplus\" \/>\n<meta property=\"og:description\" content=\"Alquiler de ARRI FRESNEL 1KW en Welab en Madrid y en las Islas Canarias, para cine publicidad, series, documentales, videoclips...\" \/>\n<meta property=\"og:url\" content=\"https:\/\/welabplus.com\/wevision\/catalogo\/tungsteno\/fresnel-tungsteno\/arri-fresnel-1kw\/\" \/>\n<meta property=\"og:site_name\" content=\"Wevision\" \/>\n<meta property=\"article:publisher\" content=\"https:\/\/www.facebook.com\/welab.es\/\" \/>\n<meta property=\"article:modified_time\" content=\"2025-11-26T15:48:58+00:00\" \/>\n<meta property=\"og:image\" content=\"https:\/\/welabplus.com\/wevision\/wp-content\/uploads\/2025\/11\/ALQUILER-ARRI-FRESNEL-1000W-WEVISION_WELABPLUS.jpg\" \/>\n\t<meta property=\"og:image:width\" content=\"933\" \/>\n\t<meta property=\"og:image:height\" content=\"557\" \/>\n\t<meta property=\"og:image:type\" content=\"image\/jpeg\" \/>\n<meta name=\"twitter:card\" content=\"summary_large_image\" \/>\n<meta name=\"twitter:site\" content=\"@welabspain\" \/>\n<meta name=\"twitter:label1\" content=\"Tiempo de lectura\" \/>\n\t<meta name=\"twitter:data1\" content=\"2 minutos\" \/>\n<script type=\"application\/ld+json\" class=\"yoast-schema-graph\">{\"@context\":\"https:\/\/schema.org\",\"@graph\":[{\"@type\":\"WebPage\",\"@id\":\"https:\/\/welabplus.com\/wevision\/catalogo\/tungsteno\/fresnel-tungsteno\/arri-fresnel-1kw\/\",\"url\":\"https:\/\/welabplus.com\/wevision\/catalogo\/tungsteno\/fresnel-tungsteno\/arri-fresnel-1kw\/\",\"name\":\"ARRI FRESNEL 1KW - Welabplus\",\"isPartOf\":{\"@id\":\"https:\/\/welabplus.com\/wevision\/#website\"},\"primaryImageOfPage\":{\"@id\":\"https:\/\/welabplus.com\/wevision\/catalogo\/tungsteno\/fresnel-tungsteno\/arri-fresnel-1kw\/#primaryimage\"},\"image\":{\"@id\":\"https:\/\/welabplus.com\/wevision\/catalogo\/tungsteno\/fresnel-tungsteno\/arri-fresnel-1kw\/#primaryimage\"},\"thumbnailUrl\":\"https:\/\/welabplus.com\/wevision\/wp-content\/uploads\/2025\/11\/ALQUILER-ARRI-FRESNEL-1000W-WEVISION_WELABPLUS.jpg\",\"datePublished\":\"2025-11-25T15:50:07+00:00\",\"dateModified\":\"2025-11-26T15:48:58+00:00\",\"description\":\"Alquiler de ARRI FRESNEL 1KW en Welab en Madrid y en las Islas Canarias, para cine publicidad, series, documentales, videoclips...\",\"breadcrumb\":{\"@id\":\"https:\/\/welabplus.com\/wevision\/catalogo\/tungsteno\/fresnel-tungsteno\/arri-fresnel-1kw\/#breadcrumb\"},\"inLanguage\":\"es\",\"potentialAction\":[{\"@type\":\"ReadAction\",\"target\":[\"https:\/\/welabplus.com\/wevision\/catalogo\/tungsteno\/fresnel-tungsteno\/arri-fresnel-1kw\/\"]}]},{\"@type\":\"ImageObject\",\"inLanguage\":\"es\",\"@id\":\"https:\/\/welabplus.com\/wevision\/catalogo\/tungsteno\/fresnel-tungsteno\/arri-fresnel-1kw\/#primaryimage\",\"url\":\"https:\/\/welabplus.com\/wevision\/wp-content\/uploads\/2025\/11\/ALQUILER-ARRI-FRESNEL-1000W-WEVISION_WELABPLUS.jpg\",\"contentUrl\":\"https:\/\/welabplus.com\/wevision\/wp-content\/uploads\/2025\/11\/ALQUILER-ARRI-FRESNEL-1000W-WEVISION_WELABPLUS.jpg\",\"width\":933,\"height\":557,\"caption\":\"ALQUILER ARRI FRESNEL 1000W WEVISION WELABPLUS\"},{\"@type\":\"BreadcrumbList\",\"@id\":\"https:\/\/welabplus.com\/wevision\/catalogo\/tungsteno\/fresnel-tungsteno\/arri-fresnel-1kw\/#breadcrumb\",\"itemListElement\":[{\"@type\":\"ListItem\",\"position\":1,\"name\":\"Portada\",\"item\":\"https:\/\/welabplus.com\/wevision\/\"},{\"@type\":\"ListItem\",\"position\":2,\"name\":\"Cat\u00e1logo\",\"item\":\"https:\/\/welabplus.com\/wevision\/catalogo\/\"},{\"@type\":\"ListItem\",\"position\":3,\"name\":\"ARRI FRESNEL 1KW\"}]},{\"@type\":\"WebSite\",\"@id\":\"https:\/\/welabplus.com\/wevision\/#website\",\"url\":\"https:\/\/welabplus.com\/wevision\/\",\"name\":\"Welabplus\",\"description\":\"C\u00e1maras y lentes para cine\",\"publisher\":{\"@id\":\"https:\/\/welabplus.com\/wevision\/#organization\"},\"potentialAction\":[{\"@type\":\"SearchAction\",\"target\":{\"@type\":\"EntryPoint\",\"urlTemplate\":\"https:\/\/welabplus.com\/wevision\/?s={search_term_string}\"},\"query-input\":{\"@type\":\"PropertyValueSpecification\",\"valueRequired\":true,\"valueName\":\"search_term_string\"}}],\"inLanguage\":\"es\"},{\"@type\":\"Organization\",\"@id\":\"https:\/\/welabplus.com\/wevision\/#organization\",\"name\":\"Welab Canary Islands\",\"url\":\"https:\/\/welabplus.com\/wevision\/\",\"logo\":{\"@type\":\"ImageObject\",\"inLanguage\":\"es\",\"@id\":\"https:\/\/welabplus.com\/wevision\/#\/schema\/logo\/image\/\",\"url\":\"\",\"contentUrl\":\"\",\"caption\":\"Welab Canary Islands\"},\"image\":{\"@id\":\"https:\/\/welabplus.com\/wevision\/#\/schema\/logo\/image\/\"},\"sameAs\":[\"https:\/\/www.facebook.com\/welab.es\/\",\"https:\/\/x.com\/welabspain\"]}]}<\/script>\n<!-- \/ Yoast SEO plugin. -->","yoast_head_json":{"title":"ARRI FRESNEL 1KW - Welabplus","description":"Alquiler de ARRI FRESNEL 1KW en Welab en Madrid y en las Islas Canarias, para cine publicidad, series, documentales, videoclips...","robots":{"index":"index","follow":"follow","max-snippet":"max-snippet:-1","max-image-preview":"max-image-preview:large","max-video-preview":"max-video-preview:-1"},"canonical":"https:\/\/welabplus.com\/wevision\/catalogo\/tungsteno\/fresnel-tungsteno\/arri-fresnel-1kw\/","og_locale":"es_ES","og_type":"article","og_title":"ARRI FRESNEL 1KW - Welabplus","og_description":"Alquiler de ARRI FRESNEL 1KW en Welab en Madrid y en las Islas Canarias, para cine publicidad, series, documentales, videoclips...","og_url":"https:\/\/welabplus.com\/wevision\/catalogo\/tungsteno\/fresnel-tungsteno\/arri-fresnel-1kw\/","og_site_name":"Wevision","article_publisher":"https:\/\/www.facebook.com\/welab.es\/","article_modified_time":"2025-11-26T15:48:58+00:00","og_image":[{"width":933,"height":557,"url":"https:\/\/welabplus.com\/wevision\/wp-content\/uploads\/2025\/11\/ALQUILER-ARRI-FRESNEL-1000W-WEVISION_WELABPLUS.jpg","type":"image\/jpeg"}],"twitter_card":"summary_large_image","twitter_site":"@welabspain","twitter_misc":{"Tiempo de lectura":"2 minutos"},"schema":{"@context":"https:\/\/schema.org","@graph":[{"@type":"WebPage","@id":"https:\/\/welabplus.com\/wevision\/catalogo\/tungsteno\/fresnel-tungsteno\/arri-fresnel-1kw\/","url":"https:\/\/welabplus.com\/wevision\/catalogo\/tungsteno\/fresnel-tungsteno\/arri-fresnel-1kw\/","name":"ARRI FRESNEL 1KW - Welabplus","isPartOf":{"@id":"https:\/\/welabplus.com\/wevision\/#website"},"primaryImageOfPage":{"@id":"https:\/\/welabplus.com\/wevision\/catalogo\/tungsteno\/fresnel-tungsteno\/arri-fresnel-1kw\/#primaryimage"},"image":{"@id":"https:\/\/welabplus.com\/wevision\/catalogo\/tungsteno\/fresnel-tungsteno\/arri-fresnel-1kw\/#primaryimage"},"thumbnailUrl":"https:\/\/welabplus.com\/wevision\/wp-content\/uploads\/2025\/11\/ALQUILER-ARRI-FRESNEL-1000W-WEVISION_WELABPLUS.jpg","datePublished":"2025-11-25T15:50:07+00:00","dateModified":"2025-11-26T15:48:58+00:00","description":"Alquiler de ARRI FRESNEL 1KW en Welab en Madrid y en las Islas Canarias, para cine publicidad, series, documentales, videoclips...","breadcrumb":{"@id":"https:\/\/welabplus.com\/wevision\/catalogo\/tungsteno\/fresnel-tungsteno\/arri-fresnel-1kw\/#breadcrumb"},"inLanguage":"es","potentialAction":[{"@type":"ReadAction","target":["https:\/\/welabplus.com\/wevision\/catalogo\/tungsteno\/fresnel-tungsteno\/arri-fresnel-1kw\/"]}]},{"@type":"ImageObject","inLanguage":"es","@id":"https:\/\/welabplus.com\/wevision\/catalogo\/tungsteno\/fresnel-tungsteno\/arri-fresnel-1kw\/#primaryimage","url":"https:\/\/welabplus.com\/wevision\/wp-content\/uploads\/2025\/11\/ALQUILER-ARRI-FRESNEL-1000W-WEVISION_WELABPLUS.jpg","contentUrl":"https:\/\/welabplus.com\/wevision\/wp-content\/uploads\/2025\/11\/ALQUILER-ARRI-FRESNEL-1000W-WEVISION_WELABPLUS.jpg","width":933,"height":557,"caption":"ALQUILER ARRI FRESNEL 1000W WEVISION WELABPLUS"},{"@type":"BreadcrumbList","@id":"https:\/\/welabplus.com\/wevision\/catalogo\/tungsteno\/fresnel-tungsteno\/arri-fresnel-1kw\/#breadcrumb","itemListElement":[{"@type":"ListItem","position":1,"name":"Portada","item":"https:\/\/welabplus.com\/wevision\/"},{"@type":"ListItem","position":2,"name":"Cat\u00e1logo","item":"https:\/\/welabplus.com\/wevision\/catalogo\/"},{"@type":"ListItem","position":3,"name":"ARRI FRESNEL 1KW"}]},{"@type":"WebSite","@id":"https:\/\/welabplus.com\/wevision\/#website","url":"https:\/\/welabplus.com\/wevision\/","name":"Welabplus","description":"C\u00e1maras y lentes para cine","publisher":{"@id":"https:\/\/welabplus.com\/wevision\/#organization"},"potentialAction":[{"@type":"SearchAction","target":{"@type":"EntryPoint","urlTemplate":"https:\/\/welabplus.com\/wevision\/?s={search_term_string}"},"query-input":{"@type":"PropertyValueSpecification","valueRequired":true,"valueName":"search_term_string"}}],"inLanguage":"es"},{"@type":"Organization","@id":"https:\/\/welabplus.com\/wevision\/#organization","name":"Welab Canary Islands","url":"https:\/\/welabplus.com\/wevision\/","logo":{"@type":"ImageObject","inLanguage":"es","@id":"https:\/\/welabplus.com\/wevision\/#\/schema\/logo\/image\/","url":"","contentUrl":"","caption":"Welab Canary Islands"},"image":{"@id":"https:\/\/welabplus.com\/wevision\/#\/schema\/logo\/image\/"},"sameAs":["https:\/\/www.facebook.com\/welab.es\/","https:\/\/x.com\/welabspain"]}]}},"_links":{"self":[{"href":"https:\/\/welabplus.com\/wevision\/wp-json\/wp\/v2\/product\/21340","targetHints":{"allow":["GET"]}}],"collection":[{"href":"https:\/\/welabplus.com\/wevision\/wp-json\/wp\/v2\/product"}],"about":[{"href":"https:\/\/welabplus.com\/wevision\/wp-json\/wp\/v2\/types\/product"}],"replies":[{"embeddable":true,"href":"https:\/\/welabplus.com\/wevision\/wp-json\/wp\/v2\/comments?post=21340"}],"wp:featuredmedia":[{"embeddable":true,"href":"https:\/\/welabplus.com\/wevision\/wp-json\/wp\/v2\/media\/28034"}],"wp:attachment":[{"href":"https:\/\/welabplus.com\/wevision\/wp-json\/wp\/v2\/media?parent=21340"}],"wp:term":[{"taxonomy":"product_brand","embeddable":true,"href":"https:\/\/welabplus.com\/wevision\/wp-json\/wp\/v2\/product_brand?post=21340"},{"taxonomy":"product_cat","embeddable":true,"href":"https:\/\/welabplus.com\/wevision\/wp-json\/wp\/v2\/product_cat?post=21340"},{"taxonomy":"product_tag","embeddable":true,"href":"https:\/\/welabplus.com\/wevision\/wp-json\/wp\/v2\/product_tag?post=21340"}],"curies":[{"name":"wp","href":"https:\/\/api.w.org\/{rel}","templated":true}]}}