{"id":599,"date":"2016-11-22T11:09:11","date_gmt":"2016-11-22T10:09:11","guid":{"rendered":"http:\/\/okab.pixeldima.com\/okab\/business-finance\/?page_id=115"},"modified":"2025-12-01T11:08:10","modified_gmt":"2025-12-01T10:08:10","slug":"news-wevision","status":"publish","type":"page","link":"https:\/\/welabplus.com\/wevision\/news-wevision\/","title":{"rendered":"NEWS WEVISION"},"content":{"rendered":"<section class=\"wpb-content-wrapper\"><p>[vc_row][vc_column column_padding=\u00bbpadding-1&#8243; width=\u00bb1\/2&#8243;]<h1 class=\"headline font-inherit fontsize-xxxl fontweight-500 lh-inherit align-left transform-inherit \" style=\"margin: 0 0 20px 0; color: #30393f;\">Blog<\/h1>[vc_separator align=\u00bbalign_left\u00bb border_width=\u00bb2&#8243; el_width=\u00bb60&#8243;][\/vc_column][vc_column width=\u00bb1\/2&#8243;][\/vc_column][\/vc_row][vc_row][vc_column width=\u00bb1\/1&#8243;]<div class=\"spacer\" style=\"height: 40px;\"><\/div>[vc_masonry_grid post_type=\u00bbpost\u00bb max_items=\u00bb200&#8243; style=\u00bbload-more\u00bb items_per_page=\u00bb30&#8243; btn_style=\u00bboutline\u00bb btn_color=\u00bbdanger\u00bb grid_id=\u00bbvc_gid:1679673693456-6f3a4713-c08c-7&#8243; taxonomies=\u00bb17&#8243; el_class=\u00bbwelab_box\u00bb el_id=\u00bbwelab_box\u00bb][\/vc_column][\/vc_row]<\/p>\n<\/section>","protected":false},"excerpt":{"rendered":"<p>[vc_row][vc_column column_padding=\u00bbpadding-1&#8243; width=\u00bb1\/2&#8243;][vc_separator align=\u00bbalign_left\u00bb border_width=\u00bb2&#8243; el_width=\u00bb60&#8243;][\/vc_column][vc_column width=\u00bb1\/2&#8243;][\/vc_column][\/vc_row][vc_row][vc_column width=\u00bb1\/1&#8243;][vc_masonry_grid post_type=\u00bbpost\u00bb max_items=\u00bb200&#8243; style=\u00bbload-more\u00bb items_per_page=\u00bb30&#8243; btn_style=\u00bboutline\u00bb btn_color=\u00bbdanger\u00bb grid_id=\u00bbvc_gid:1679673693456-6f3a4713-c08c-7&#8243; taxonomies=\u00bb17&#8243; el_class=\u00bbwelab_box\u00bb el_id=\u00bbwelab_box\u00bb][\/vc_column][\/vc_row]<\/p>\n","protected":false},"author":2,"featured_media":0,"parent":0,"menu_order":0,"comment_status":"closed","ping_status":"closed","template":"","meta":{"_acf_changed":false,"inline_featured_image":false,"footnotes":""},"categories":[],"tags":[],"class_list":["post-599","page","type-page","status-publish","hentry"],"acf":[],"yoast_head":"<!-- This site is optimized with the Yoast SEO plugin v26.2 - https:\/\/yoast.com\/wordpress\/plugins\/seo\/ -->\n<title>NEWS WELAB - WeVision Lighting Solutions - Welab Plus<\/title>\n<meta name=\"description\" content=\"News Welab sobre el universo de la producci\u00f3n cinematogr\u00e1fica y la producci\u00f3n audiovisual en cine, publicidad, series de televisi\u00f3n\" \/>\n<meta name=\"robots\" content=\"index, follow, max-snippet:-1, max-image-preview:large, max-video-preview:-1\" \/>\n<link rel=\"canonical\" href=\"https:\/\/welabplus.com\/wevision\/news-wevision\/\" \/>\n<meta property=\"og:locale\" content=\"es_ES\" \/>\n<meta property=\"og:type\" content=\"article\" \/>\n<meta property=\"og:title\" content=\"NEWS WELAB - WeVision Lighting Solutions - Welab Plus\" \/>\n<meta property=\"og:description\" content=\"News Welab sobre el universo de la producci\u00f3n cinematogr\u00e1fica y la producci\u00f3n audiovisual en cine, publicidad, series de televisi\u00f3n\" \/>\n<meta property=\"og:url\" content=\"https:\/\/welabplus.com\/wevision\/news-wevision\/\" \/>\n<meta property=\"og:site_name\" content=\"Wevision\" \/>\n<meta property=\"article:publisher\" content=\"https:\/\/www.facebook.com\/welab.es\/\" \/>\n<meta property=\"article:modified_time\" content=\"2025-12-01T10:08:10+00:00\" \/>\n<meta name=\"twitter:card\" content=\"summary_large_image\" \/>\n<meta name=\"twitter:site\" content=\"@welabspain\" \/>\n<meta name=\"twitter:label1\" content=\"Tiempo de lectura\" \/>\n\t<meta name=\"twitter:data1\" content=\"1 minuto\" \/>\n<script type=\"application\/ld+json\" class=\"yoast-schema-graph\">{\"@context\":\"https:\/\/schema.org\",\"@graph\":[{\"@type\":\"WebPage\",\"@id\":\"https:\/\/welabplus.com\/wevision\/news-wevision\/\",\"url\":\"https:\/\/welabplus.com\/wevision\/news-wevision\/\",\"name\":\"NEWS WELAB - WeVision Lighting Solutions - Welab Plus\",\"isPartOf\":{\"@id\":\"https:\/\/welabplus.com\/wevision\/#website\"},\"datePublished\":\"2016-11-22T10:09:11+00:00\",\"dateModified\":\"2025-12-01T10:08:10+00:00\",\"description\":\"News Welab sobre el universo de la producci\u00f3n cinematogr\u00e1fica y la producci\u00f3n audiovisual en cine, publicidad, series de televisi\u00f3n\",\"breadcrumb\":{\"@id\":\"https:\/\/welabplus.com\/wevision\/news-wevision\/#breadcrumb\"},\"inLanguage\":\"es\",\"potentialAction\":[{\"@type\":\"ReadAction\",\"target\":[\"https:\/\/welabplus.com\/wevision\/news-wevision\/\"]}]},{\"@type\":\"BreadcrumbList\",\"@id\":\"https:\/\/welabplus.com\/wevision\/news-wevision\/#breadcrumb\",\"itemListElement\":[{\"@type\":\"ListItem\",\"position\":1,\"name\":\"Portada\",\"item\":\"https:\/\/welabplus.com\/wevision\/\"},{\"@type\":\"ListItem\",\"position\":2,\"name\":\"NEWS WEVISION\"}]},{\"@type\":\"WebSite\",\"@id\":\"https:\/\/welabplus.com\/wevision\/#website\",\"url\":\"https:\/\/welabplus.com\/wevision\/\",\"name\":\"Welabplus\",\"description\":\"C\u00e1maras y lentes para cine\",\"publisher\":{\"@id\":\"https:\/\/welabplus.com\/wevision\/#organization\"},\"potentialAction\":[{\"@type\":\"SearchAction\",\"target\":{\"@type\":\"EntryPoint\",\"urlTemplate\":\"https:\/\/welabplus.com\/wevision\/?s={search_term_string}\"},\"query-input\":{\"@type\":\"PropertyValueSpecification\",\"valueRequired\":true,\"valueName\":\"search_term_string\"}}],\"inLanguage\":\"es\"},{\"@type\":\"Organization\",\"@id\":\"https:\/\/welabplus.com\/wevision\/#organization\",\"name\":\"Welab Canary Islands\",\"url\":\"https:\/\/welabplus.com\/wevision\/\",\"logo\":{\"@type\":\"ImageObject\",\"inLanguage\":\"es\",\"@id\":\"https:\/\/welabplus.com\/wevision\/#\/schema\/logo\/image\/\",\"url\":\"\",\"contentUrl\":\"\",\"caption\":\"Welab Canary Islands\"},\"image\":{\"@id\":\"https:\/\/welabplus.com\/wevision\/#\/schema\/logo\/image\/\"},\"sameAs\":[\"https:\/\/www.facebook.com\/welab.es\/\",\"https:\/\/x.com\/welabspain\"]}]}<\/script>\n<!-- \/ Yoast SEO plugin. -->","yoast_head_json":{"title":"NEWS WELAB - WeVision Lighting Solutions - Welab Plus","description":"News Welab sobre el universo de la producci\u00f3n cinematogr\u00e1fica y la producci\u00f3n audiovisual en cine, publicidad, series de televisi\u00f3n","robots":{"index":"index","follow":"follow","max-snippet":"max-snippet:-1","max-image-preview":"max-image-preview:large","max-video-preview":"max-video-preview:-1"},"canonical":"https:\/\/welabplus.com\/wevision\/news-wevision\/","og_locale":"es_ES","og_type":"article","og_title":"NEWS WELAB - WeVision Lighting Solutions - Welab Plus","og_description":"News Welab sobre el universo de la producci\u00f3n cinematogr\u00e1fica y la producci\u00f3n audiovisual en cine, publicidad, series de televisi\u00f3n","og_url":"https:\/\/welabplus.com\/wevision\/news-wevision\/","og_site_name":"Wevision","article_publisher":"https:\/\/www.facebook.com\/welab.es\/","article_modified_time":"2025-12-01T10:08:10+00:00","twitter_card":"summary_large_image","twitter_site":"@welabspain","twitter_misc":{"Tiempo de lectura":"1 minuto"},"schema":{"@context":"https:\/\/schema.org","@graph":[{"@type":"WebPage","@id":"https:\/\/welabplus.com\/wevision\/news-wevision\/","url":"https:\/\/welabplus.com\/wevision\/news-wevision\/","name":"NEWS WELAB - WeVision Lighting Solutions - Welab Plus","isPartOf":{"@id":"https:\/\/welabplus.com\/wevision\/#website"},"datePublished":"2016-11-22T10:09:11+00:00","dateModified":"2025-12-01T10:08:10+00:00","description":"News Welab sobre el universo de la producci\u00f3n cinematogr\u00e1fica y la producci\u00f3n audiovisual en cine, publicidad, series de televisi\u00f3n","breadcrumb":{"@id":"https:\/\/welabplus.com\/wevision\/news-wevision\/#breadcrumb"},"inLanguage":"es","potentialAction":[{"@type":"ReadAction","target":["https:\/\/welabplus.com\/wevision\/news-wevision\/"]}]},{"@type":"BreadcrumbList","@id":"https:\/\/welabplus.com\/wevision\/news-wevision\/#breadcrumb","itemListElement":[{"@type":"ListItem","position":1,"name":"Portada","item":"https:\/\/welabplus.com\/wevision\/"},{"@type":"ListItem","position":2,"name":"NEWS WEVISION"}]},{"@type":"WebSite","@id":"https:\/\/welabplus.com\/wevision\/#website","url":"https:\/\/welabplus.com\/wevision\/","name":"Welabplus","description":"C\u00e1maras y lentes para cine","publisher":{"@id":"https:\/\/welabplus.com\/wevision\/#organization"},"potentialAction":[{"@type":"SearchAction","target":{"@type":"EntryPoint","urlTemplate":"https:\/\/welabplus.com\/wevision\/?s={search_term_string}"},"query-input":{"@type":"PropertyValueSpecification","valueRequired":true,"valueName":"search_term_string"}}],"inLanguage":"es"},{"@type":"Organization","@id":"https:\/\/welabplus.com\/wevision\/#organization","name":"Welab Canary Islands","url":"https:\/\/welabplus.com\/wevision\/","logo":{"@type":"ImageObject","inLanguage":"es","@id":"https:\/\/welabplus.com\/wevision\/#\/schema\/logo\/image\/","url":"","contentUrl":"","caption":"Welab Canary Islands"},"image":{"@id":"https:\/\/welabplus.com\/wevision\/#\/schema\/logo\/image\/"},"sameAs":["https:\/\/www.facebook.com\/welab.es\/","https:\/\/x.com\/welabspain"]}]}},"_links":{"self":[{"href":"https:\/\/welabplus.com\/wevision\/wp-json\/wp\/v2\/pages\/599","targetHints":{"allow":["GET"]}}],"collection":[{"href":"https:\/\/welabplus.com\/wevision\/wp-json\/wp\/v2\/pages"}],"about":[{"href":"https:\/\/welabplus.com\/wevision\/wp-json\/wp\/v2\/types\/page"}],"author":[{"embeddable":true,"href":"https:\/\/welabplus.com\/wevision\/wp-json\/wp\/v2\/users\/2"}],"replies":[{"embeddable":true,"href":"https:\/\/welabplus.com\/wevision\/wp-json\/wp\/v2\/comments?post=599"}],"version-history":[{"count":25,"href":"https:\/\/welabplus.com\/wevision\/wp-json\/wp\/v2\/pages\/599\/revisions"}],"predecessor-version":[{"id":28293,"href":"https:\/\/welabplus.com\/wevision\/wp-json\/wp\/v2\/pages\/599\/revisions\/28293"}],"wp:attachment":[{"href":"https:\/\/welabplus.com\/wevision\/wp-json\/wp\/v2\/media?parent=599"}],"wp:term":[{"taxonomy":"category","embeddable":true,"href":"https:\/\/welabplus.com\/wevision\/wp-json\/wp\/v2\/categories?post=599"},{"taxonomy":"post_tag","embeddable":true,"href":"https:\/\/welabplus.com\/wevision\/wp-json\/wp\/v2\/tags?post=599"}],"curies":[{"name":"wp","href":"https:\/\/api.w.org\/{rel}","templated":true}]}}