{"id":529,"date":"2019-03-18T15:44:35","date_gmt":"2019-03-18T14:44:35","guid":{"rendered":"http:\/\/welabcanaryislands.com\/?page_id=529"},"modified":"2025-12-04T12:41:50","modified_gmt":"2025-12-04T11:41:50","slug":"politica-de-privacidad","status":"publish","type":"page","link":"https:\/\/welabplus.com\/wevision\/politica-de-privacidad\/","title":{"rendered":"POL\u00cdTICA DE PRIVACIDAD"},"content":{"rendered":"<section class=\"wpb-content-wrapper\"><p>[vc_row top_padding=\u00bb50&#8243; bottom_padding=\u00bb50&#8243;][vc_column width=\u00bb1\/1&#8243;][vc_column_text]<\/p>\n<p class=\"p1\"><a href=\"http:\/\/www.welab.es\/es\/\">Welab Professional Equipment S.L<\/a>. se compromete con su pol\u00edtica de privacidad, a salvaguardar la privacidad de los datos personales introducidos a trav\u00e9s de su p\u00e1gina web. Nos acogemos a la LOPD (Ley Org\u00e1nica de Protecci\u00f3n de Datos) y garantizamos y protegemos la intimidad de las personas que acceden a ella.<\/p>\n<h3 class=\"p1\"><strong>\u00bfQu\u00e9 hacemos con la informaci\u00f3n personal?<\/strong><\/h3>\n<p class=\"p5\">Cuando accedes a nuestra p\u00e1gina y rellenas el formulario de contacto en el sitio web de Wevision, te pedimos tus datos personales, incluyendo tu n\u00famero de tel\u00e9fono, con el objetivo poder contactar contigo.<\/p>\n<p>De acuerdo con la normativa vigente en materia de protecci\u00f3n de datos, as\u00ed como en materia de servicios de sociedad de la informaci\u00f3n y comercio electr\u00f3nico, el usuario\/a acepta que los datos personales que facilite a trav\u00e9s de la web\u00a0<a href=\"https:\/\/welabplus.com\/wevision\/\"><span class=\"s1\">w<\/span><span class=\"s1\">ww.Wevision.com<\/span><\/a> ser\u00e1n objeto de tratamiento e incorporados en un fichero titularidad de Wevision Spain del que somos responsables como entidad.<\/p>\n<p>La recogida y tratamiento de los datos personales tiene como finalidad gestionar las solicitudes de informaci\u00f3n que realices con Wevision v\u00eda online y cumplir las obligaciones legales de la organizaci\u00f3n en materia de Protecci\u00f3n de datos personales, as\u00ed como -en su caso- otras finalidades que se indiquen en los formularios del sitio web<strong>\u00a0<\/strong>donde se recaben\u00a0tus datos.<\/p>\n<p class=\"p5\">Los datos que te solicitamos en los formularios de recogida tendr\u00e1n car\u00e1cter obligatorio salvo que se indique lo contrario. En el caso de que no\u00a0nos\u00a0facilites los datos solicitados con car\u00e1cter obligatorio, no podremos tramitar el servicio solicitado mediante esta v\u00eda.<\/p>\n<p>Wevision se compromete al cumplimiento de nuestra obligaci\u00f3n de secreto de los datos de car\u00e1cter personal y de nuestro deber de tratarlos con confidencialidad, y asumimos, a estos efectos, las medidas de \u00edndole t\u00e9cnica, organizativa y de seguridad necesarias para evitar su alteraci\u00f3n, p\u00e9rdida, tratamiento o acceso no autorizado, de acuerdo con lo establecido en la Ley Org\u00e1nica 15\/1999 sobre Protecci\u00f3n de Datos de Car\u00e1cter Personal, y dem\u00e1s legislaci\u00f3n aplicable.<\/p>\n<p class=\"p5\">El titular de los datos personales deber\u00e1 dirigirse por escrito a <a href=\"mailto:info@welabplus.com\">info@welabplus.com<\/a> para el ejercicio de los derechos de acceso, rectificaci\u00f3n, cancelaci\u00f3n y oposici\u00f3n relativo al tratamiento responsabilidad de Wevision, indicando en el asunto \u2018LOPD\u2019 y acreditando su identidad.<\/p>\n<h3 class=\"p6\"><strong><br \/>\nNavegaci\u00f3n an\u00f3nima a trav\u00e9s del sitio web<\/strong><\/h3>\n<p class=\"p5\">S\u00f3lo obtenemos y conservamos la siguiente informaci\u00f3n de los visitantes de nuestro sitio\u00a0web:<\/p>\n<p>\u2013 El nombre de dominio del proveedor (PSI) y\/o direcci\u00f3n IP que les da acceso a la red.<br \/>\n\u2013 La fecha y hora de acceso a nuestra web.<br \/>\n\u2013 La direcci\u00f3n de Internet desde la que parti\u00f3 el link que dirige a nuestra web.<br \/>\n\u2013 El n\u00famero de visitantes diarios de cada secci\u00f3n.<\/p>\n<p>La informaci\u00f3n obtenida es totalmente an\u00f3nima, y en ning\u00fan caso puede ser asociada a un\/a usuario\/a concreto\/a e identificado\/a.<\/p>\n<h3 class=\"p7\"><strong>Analizamos la procedencia del usuario\/a de nuestra web<br \/>\n(javascript, CSS y\u00a0cookies)<\/strong><\/h3>\n<p class=\"p5\">Como en otros sitios web, para navegar por este portal es necesario tener activadas las opciones de javascript, CSS y cookies, peque\u00f1os ficheros de datos que se generan en el ordenador del usuario\/a y que nos permiten guardar elementos de personalizaci\u00f3n de los contenidos que escogiste en tu primera visita al sitio web de Wevision.<\/p>\n<p>Estas cookies se asocian \u00fanicamente con un usuario an\u00f3nimo y su ordenador, por lo que no proporcionan referencias que permitan deducir datos personales como el nombre y apellidos de los visitantes.<\/p>\n<p class=\"p5\">Todas nuestras cookies guardan la informaci\u00f3n de forma encriptada y se destruyen de forma autom\u00e1tica pasado cierto tiempo.<\/p>\n<p class=\"p5\">Los usuarios, por su parte,\u00a0pueden modificar la configuraci\u00f3n de su navegador para impedir la instalaci\u00f3n de cookies, o para recibir una notificaci\u00f3n cuando reciba una nueva cookie.<\/p>\n<h3 class=\"p1\"><strong><span class=\"s1\">POL\u00cdTICA DE COOKIES\u00a0<\/span><\/strong><\/h3>\n<p class=\"p1\"><span class=\"s1\">En\u00a0cumplimiento con lo dispuesto en el art\u00edculo 22.2 de la Ley 34\/2002, de 11 de\u00a0julio, de Servicios de la Sociedad de la Informaci\u00f3n y de Comercio Electr\u00f3nico,\u00a0esta p\u00e1gina web le informa, en\u00a0esta secci\u00f3n, sobre la\u00a0pol\u00edtica de recogida y tratamiento de cookies.\u00a0<\/span><\/p>\n<h3 class=\"p1\"><span class=\"s1\"><strong>\u00bfQu\u00e9\u00a0son las cookies?<br \/>\n<\/strong><\/span><\/h3>\n<p class=\"p1\"><span class=\"s1\"><strong><br \/>\n<\/strong><\/span><span class=\"s1\">Una\u00a0cookie es un fichero que se descarga en su ordenador al acceder a\u00a0determinadas p\u00e1ginas web. Las cookies permiten a una p\u00e1gina web, entre\u00a0otras cosas, almacenar y recuperar informaci\u00f3n\u00a0sobre los h\u00e1bitos\u00a0de navegaci\u00f3n de un usuario o de su equipo y, dependiendo de la\u00a0informaci\u00f3n que contengan y de la forma en que utilice su equipo, pueden\u00a0utilizarse para reconocer al usuario.\u00a0<\/span><\/p>\n<h3 class=\"p1\"><span class=\"s1\"><strong>\u00bfQu\u00e9 tipos de cookies utiliza esta p\u00e1gina web?<\/strong><\/span><\/h3>\n<p class=\"p1\"><span class=\"s1\"><strong><br \/>\n<\/strong><\/span><span class=\"s1\">Esta p\u00e1gina web utiliza los siguientes tipos de\u00a0cookies:\u00a0<\/span><\/p>\n<p class=\"p1\"><span class=\"s2\"><strong>De an\u00e1lisis:<\/strong><\/span><span class=\"s1\">\u00a0Son\u00a0aqu\u00e9llas que bien tratadas por nosotros o por terceros, nos permiten\u00a0cuantificar el n\u00famero de usuarios y as\u00ed realizar la medici\u00f3n y an\u00e1lisis\u00a0estad\u00edstico de la utilizaci\u00f3n\u00a0que hacen los usuarios del servicio\u00a0ofertado. Para ello se analiza su navegaci\u00f3n en nuestra p\u00e1gina web con el\u00a0fin de mejorar la oferta de productos o servicios que le ofrecemos.<\/span><\/p>\n<p class=\"p1\"><span class=\"s2\"><strong>T\u00e9cnicas:<\/strong><\/span><span class=\"s1\">\u00a0Son\u00a0aquellas que permiten al usuario la navegaci\u00f3n a trav\u00e9s del \u00e1rea restringida y\u00a0la utilizaci\u00f3n de sus diferentes funciones, como por ejemplo, llevar a cambio\u00a0el proceso de\u00a0compra de un art\u00edculo.<\/span><\/p>\n<p class=\"p1\"><span class=\"s2\"><strong>De personalizaci\u00f3n:<\/strong><\/span><span class=\"s1\">\u00a0Son aquellas que permiten al usuario acceder al servicio con algunas\u00a0caracter\u00edsticas de car\u00e1cter general predefinidas en funci\u00f3n de una serie de\u00a0criterios en el\u00a0terminal del usuario como por ejemplo serian el idioma o el\u00a0tipo de navegador a trav\u00e9s del cual se conecta al servicio.\u00a0<\/span><\/p>\n<p class=\"p1\"><span class=\"s2\"><strong>Publicitarias:<\/strong><\/span><span class=\"s1\">\u00a0Son aqu\u00e9llas\u00a0que, bien tratadas por esta web o por terceros, permiten gestionar de\u00a0la forma m\u00e1s eficaz posible la oferta de los espacios publicitarios que\u00a0hay en la p\u00e1gina\u00a0web, adecuando el contenido del anuncio al contenido del\u00a0servicio solicitado o al uso que realice de nuestra p\u00e1gina web. Para ello\u00a0podemos analizar sus h\u00e1bitos de navegaci\u00f3n en Internet y\u00a0podemos mostrarle\u00a0publicidad relacionada con su perfil de navegaci\u00f3n.<\/span><\/p>\n<p class=\"p1\"><span class=\"s2\"><strong>De terceros.<\/strong><\/span><span class=\"s1\">\u00a0Esta p\u00e1gina web\u00a0utiliza servicios de terceros para recopilar informaci\u00f3n con fines\u00a0estad\u00edsticos y de uso de la web. Se usan cookies de DoubleClick para mejorar la\u00a0publicidad\u00a0que se incluye en el sitio web. Son utilizadas para orientar la\u00a0publicidad seg\u00fan el contenido que es relevante para un usuario, mejorando as\u00ed\u00a0la calidad de experiencia en el uso del mismo.<\/span><\/p>\n<p class=\"p1\"><span class=\"s1\">En concreto, usamos los servicios de Google Adsense y de\u00a0Google Analytics para nuestras estad\u00edsticas y publicidad. Algunas cookies son\u00a0esenciales para el funcionamiento del sitio.\u00a0<\/span><\/p>\n<p class=\"p1\"><span class=\"s1\">Nuestro sitio incluye otras funcionalidades\u00a0proporcionadas por terceros. Usted puede f\u00e1cilmente compartir el contenido en\u00a0redes sociales como Facebook, Twitter o Google +, con los botones que\u00a0hemos\u00a0incluido a tal efecto.\u00a0<\/span><\/p>\n<p class=\"p1\"><span class=\"s1\"><strong>Desactivar las cookies.<br \/>\n<\/strong><\/span><span class=\"s1\">Puede\u00a0usted\u00a0permitir, bloquear o eliminar las cookies\u00a0instaladas\u00a0en su equipo mediante la configuraci\u00f3n de las opciones del navegador\u00a0instalado en su ordenador.<\/span><\/p>\n<p class=\"p1\"><span class=\"s1\">En la mayor\u00eda de los navegadores web se ofrece la\u00a0posibilidad de permitir, bloquear o eliminar las cookies instaladas en su\u00a0equipo.<\/span><\/p>\n<p class=\"p1\"><span class=\"s1\">A continuaci\u00f3n puede acceder a la configuraci\u00f3n de los navegadores webs m\u00e1s frecuentes para aceptar, instalar o desactivar las cookies en:<\/span><\/p>\n<p class=\"p1\"><a href=\"https:\/\/support.google.com\/chrome\/answer\/95647?hl=es\">Google Chrome<\/a><\/p>\n<p class=\"p1\"><a href=\"https:\/\/support.microsoft.com\/es-es\/help\/17442\/windows-internet-explorer-delete-manage-cookies\">Microsoft Internet Explorer<\/a><\/p>\n<p class=\"p1\"><a href=\"https:\/\/support.mozilla.org\/es\/kb\/habilitar-y-deshabilitar-cookies-sitios-web-rastrear-preferencias?redirectlocale=es&amp;redirectslug=habilitar-y-deshabilitar-cookies-que-los-sitios-we\">Mozilla Firefox<\/a><\/p>\n<p class=\"p1\"><a href=\"https:\/\/support.apple.com\/es-es\/HT201265\">Safari (Apple)<\/a><\/p>\n<p class=\"p1\"><span class=\"s1\"><strong>Advertencia sobre eliminar cookies.<br \/>\n<\/strong><\/span><span class=\"s1\">Usted puede eliminar y bloquear todas las cookies de este\u00a0sitio, pero parte del sitio no funcionar\u00e1 o la calidad de la p\u00e1gina web puede\u00a0verse afectada.<\/span><\/p>\n<p class=\"p1\"><span class=\"s1\">Si tiene cualquier duda acerca de nuestra pol\u00edtica de cookies, puede contactar con esta p\u00e1gina web escribiendo a <a href=\"mailto:info@welabplus.com\">info@welabplus.com<\/a>\u00a0<\/span><\/p>\n<p class=\"p8\"><strong>Seguridad de los datos<\/strong><\/p>\n<p class=\"p5\">Garantizamos que cualquier transmisi\u00f3n que se produzca de tus datos personales se har\u00e1 mediante una tecnolog\u00eda que cumple los m\u00e1ximos est\u00e1ndares de seguridad. La comunicaci\u00f3n entre tu m\u00e1quina y nuestros servidores se establece de manera encriptada. El tratamiento de los datos lo realizar\u00e1 solamente personal autorizado y responsable de Wevision.<\/p>\n<p class=\"p5\">Nunca cederemos, venderemos ni alquilaremos tus datos a otras organizaciones o bases de datos.<\/p>\n<p class=\"p9\"><strong>Siempre que lo desees podr\u00e1s acceder, actualizar o borrar tu informaci\u00f3<\/strong><span class=\"s2\"><strong>n<\/strong><\/span><\/p>\n<p class=\"p5\">S\u00f3lo tienes que ponerte en contacto con nosotros:<\/p>\n<p class=\"p5\"><strong>Env\u00edanos un correo electr\u00f3nico a <a href=\"mailto:info@welabplus.com\">info@welabplus.com<\/a>\u00a0<\/strong><br \/>\nRellena el\u00a0<a href=\"https:\/\/www.registradores.org\/estaticasm\/oficinaVirtual\/Formulario_MODIFICACION_DATOS.pdf\"><span class=\"s3\">siguiente formulario<\/span><\/a>\u00a0de modificaci\u00f3n de datos personales.<br \/>\n<strong>Llama al tel\u00e9fono 911823355<\/strong>\u00a0(con el prefijo 34 si lo haces desde fuera de Espa\u00f1a) de lunes a viernes laborables de 9:00 a 21:00 (Franja horaria GMT+1).<\/p>\n<p class=\"p5\">Si un menor de edad nos hubiera facilitado sus datos, el tutor o tutora del menor puede pedir la modificaci\u00f3n o cancelaci\u00f3n de los datos, as\u00ed como determinar su finalidad.<\/p>\n<p>&nbsp;<\/p>\n<p>Ir a\u00a0<a href=\"https:\/\/welabplus.com\/wevision\/aviso-legal\/\">Aviso legal<\/a>[\/vc_column_text][\/vc_column][\/vc_row]<\/p>\n<\/section>","protected":false},"excerpt":{"rendered":"<p>[vc_row top_padding=\u00bb50&#8243; bottom_padding=\u00bb50&#8243;][vc_column width=\u00bb1\/1&#8243;][vc_column_text] Welab Professional Equipment S.L. se compromete con su pol\u00edtica de privacidad, a salvaguardar la privacidad de [&hellip;]<\/p>\n","protected":false},"author":1,"featured_media":0,"parent":0,"menu_order":0,"comment_status":"closed","ping_status":"closed","template":"","meta":{"_acf_changed":false,"inline_featured_image":false,"footnotes":""},"categories":[],"tags":[],"class_list":["post-529","page","type-page","status-publish","hentry"],"acf":[],"yoast_head":"<!-- This site is optimized with the Yoast SEO plugin v26.2 - https:\/\/yoast.com\/wordpress\/plugins\/seo\/ -->\n<title>Pol\u00edtica de privacidad - Wevision Lighting Solutions<\/title>\n<meta name=\"description\" content=\"La pol\u00edtica de privacidad de WeLab Professional Equipment SL salvaguarda la privacidad de los datos personales introducidos en su web seg\u00fan la LOPD\" \/>\n<meta name=\"robots\" content=\"index, follow, max-snippet:-1, max-image-preview:large, max-video-preview:-1\" \/>\n<link rel=\"canonical\" href=\"https:\/\/welabplus.com\/wevision\/politica-de-privacidad\/\" \/>\n<meta property=\"og:locale\" content=\"es_ES\" \/>\n<meta property=\"og:type\" content=\"article\" \/>\n<meta property=\"og:title\" content=\"Pol\u00edtica de privacidad - Wevision Lighting Solutions\" \/>\n<meta property=\"og:description\" content=\"La pol\u00edtica de privacidad de WeLab Professional Equipment SL salvaguarda la privacidad de los datos personales introducidos en su web seg\u00fan la LOPD\" \/>\n<meta property=\"og:url\" content=\"https:\/\/welabplus.com\/wevision\/politica-de-privacidad\/\" \/>\n<meta property=\"og:site_name\" content=\"Wevision\" \/>\n<meta property=\"article:publisher\" content=\"https:\/\/www.facebook.com\/welab.es\/\" \/>\n<meta property=\"article:modified_time\" content=\"2025-12-04T11:41:50+00:00\" \/>\n<meta name=\"twitter:card\" content=\"summary_large_image\" \/>\n<meta name=\"twitter:site\" content=\"@welabspain\" \/>\n<meta name=\"twitter:label1\" content=\"Tiempo de lectura\" \/>\n\t<meta name=\"twitter:data1\" content=\"7 minutos\" \/>\n<script type=\"application\/ld+json\" class=\"yoast-schema-graph\">{\"@context\":\"https:\/\/schema.org\",\"@graph\":[{\"@type\":\"WebPage\",\"@id\":\"https:\/\/welabplus.com\/wevision\/politica-de-privacidad\/\",\"url\":\"https:\/\/welabplus.com\/wevision\/politica-de-privacidad\/\",\"name\":\"Pol\u00edtica de privacidad - Wevision Lighting Solutions\",\"isPartOf\":{\"@id\":\"https:\/\/welabplus.com\/wevision\/#website\"},\"datePublished\":\"2019-03-18T14:44:35+00:00\",\"dateModified\":\"2025-12-04T11:41:50+00:00\",\"description\":\"La pol\u00edtica de privacidad de WeLab Professional Equipment SL salvaguarda la privacidad de los datos personales introducidos en su web seg\u00fan la LOPD\",\"breadcrumb\":{\"@id\":\"https:\/\/welabplus.com\/wevision\/politica-de-privacidad\/#breadcrumb\"},\"inLanguage\":\"es\",\"potentialAction\":[{\"@type\":\"ReadAction\",\"target\":[\"https:\/\/welabplus.com\/wevision\/politica-de-privacidad\/\"]}]},{\"@type\":\"BreadcrumbList\",\"@id\":\"https:\/\/welabplus.com\/wevision\/politica-de-privacidad\/#breadcrumb\",\"itemListElement\":[{\"@type\":\"ListItem\",\"position\":1,\"name\":\"Portada\",\"item\":\"https:\/\/welabplus.com\/wevision\/\"},{\"@type\":\"ListItem\",\"position\":2,\"name\":\"POL\u00cdTICA DE PRIVACIDAD\"}]},{\"@type\":\"WebSite\",\"@id\":\"https:\/\/welabplus.com\/wevision\/#website\",\"url\":\"https:\/\/welabplus.com\/wevision\/\",\"name\":\"Welabplus\",\"description\":\"C\u00e1maras y lentes para cine\",\"publisher\":{\"@id\":\"https:\/\/welabplus.com\/wevision\/#organization\"},\"potentialAction\":[{\"@type\":\"SearchAction\",\"target\":{\"@type\":\"EntryPoint\",\"urlTemplate\":\"https:\/\/welabplus.com\/wevision\/?s={search_term_string}\"},\"query-input\":{\"@type\":\"PropertyValueSpecification\",\"valueRequired\":true,\"valueName\":\"search_term_string\"}}],\"inLanguage\":\"es\"},{\"@type\":\"Organization\",\"@id\":\"https:\/\/welabplus.com\/wevision\/#organization\",\"name\":\"Welab Canary Islands\",\"url\":\"https:\/\/welabplus.com\/wevision\/\",\"logo\":{\"@type\":\"ImageObject\",\"inLanguage\":\"es\",\"@id\":\"https:\/\/welabplus.com\/wevision\/#\/schema\/logo\/image\/\",\"url\":\"\",\"contentUrl\":\"\",\"caption\":\"Welab Canary Islands\"},\"image\":{\"@id\":\"https:\/\/welabplus.com\/wevision\/#\/schema\/logo\/image\/\"},\"sameAs\":[\"https:\/\/www.facebook.com\/welab.es\/\",\"https:\/\/x.com\/welabspain\"]}]}<\/script>\n<!-- \/ Yoast SEO plugin. -->","yoast_head_json":{"title":"Pol\u00edtica de privacidad - Wevision Lighting Solutions","description":"La pol\u00edtica de privacidad de WeLab Professional Equipment SL salvaguarda la privacidad de los datos personales introducidos en su web seg\u00fan la LOPD","robots":{"index":"index","follow":"follow","max-snippet":"max-snippet:-1","max-image-preview":"max-image-preview:large","max-video-preview":"max-video-preview:-1"},"canonical":"https:\/\/welabplus.com\/wevision\/politica-de-privacidad\/","og_locale":"es_ES","og_type":"article","og_title":"Pol\u00edtica de privacidad - Wevision Lighting Solutions","og_description":"La pol\u00edtica de privacidad de WeLab Professional Equipment SL salvaguarda la privacidad de los datos personales introducidos en su web seg\u00fan la LOPD","og_url":"https:\/\/welabplus.com\/wevision\/politica-de-privacidad\/","og_site_name":"Wevision","article_publisher":"https:\/\/www.facebook.com\/welab.es\/","article_modified_time":"2025-12-04T11:41:50+00:00","twitter_card":"summary_large_image","twitter_site":"@welabspain","twitter_misc":{"Tiempo de lectura":"7 minutos"},"schema":{"@context":"https:\/\/schema.org","@graph":[{"@type":"WebPage","@id":"https:\/\/welabplus.com\/wevision\/politica-de-privacidad\/","url":"https:\/\/welabplus.com\/wevision\/politica-de-privacidad\/","name":"Pol\u00edtica de privacidad - Wevision Lighting Solutions","isPartOf":{"@id":"https:\/\/welabplus.com\/wevision\/#website"},"datePublished":"2019-03-18T14:44:35+00:00","dateModified":"2025-12-04T11:41:50+00:00","description":"La pol\u00edtica de privacidad de WeLab Professional Equipment SL salvaguarda la privacidad de los datos personales introducidos en su web seg\u00fan la LOPD","breadcrumb":{"@id":"https:\/\/welabplus.com\/wevision\/politica-de-privacidad\/#breadcrumb"},"inLanguage":"es","potentialAction":[{"@type":"ReadAction","target":["https:\/\/welabplus.com\/wevision\/politica-de-privacidad\/"]}]},{"@type":"BreadcrumbList","@id":"https:\/\/welabplus.com\/wevision\/politica-de-privacidad\/#breadcrumb","itemListElement":[{"@type":"ListItem","position":1,"name":"Portada","item":"https:\/\/welabplus.com\/wevision\/"},{"@type":"ListItem","position":2,"name":"POL\u00cdTICA DE PRIVACIDAD"}]},{"@type":"WebSite","@id":"https:\/\/welabplus.com\/wevision\/#website","url":"https:\/\/welabplus.com\/wevision\/","name":"Welabplus","description":"C\u00e1maras y lentes para cine","publisher":{"@id":"https:\/\/welabplus.com\/wevision\/#organization"},"potentialAction":[{"@type":"SearchAction","target":{"@type":"EntryPoint","urlTemplate":"https:\/\/welabplus.com\/wevision\/?s={search_term_string}"},"query-input":{"@type":"PropertyValueSpecification","valueRequired":true,"valueName":"search_term_string"}}],"inLanguage":"es"},{"@type":"Organization","@id":"https:\/\/welabplus.com\/wevision\/#organization","name":"Welab Canary Islands","url":"https:\/\/welabplus.com\/wevision\/","logo":{"@type":"ImageObject","inLanguage":"es","@id":"https:\/\/welabplus.com\/wevision\/#\/schema\/logo\/image\/","url":"","contentUrl":"","caption":"Welab Canary Islands"},"image":{"@id":"https:\/\/welabplus.com\/wevision\/#\/schema\/logo\/image\/"},"sameAs":["https:\/\/www.facebook.com\/welab.es\/","https:\/\/x.com\/welabspain"]}]}},"_links":{"self":[{"href":"https:\/\/welabplus.com\/wevision\/wp-json\/wp\/v2\/pages\/529","targetHints":{"allow":["GET"]}}],"collection":[{"href":"https:\/\/welabplus.com\/wevision\/wp-json\/wp\/v2\/pages"}],"about":[{"href":"https:\/\/welabplus.com\/wevision\/wp-json\/wp\/v2\/types\/page"}],"author":[{"embeddable":true,"href":"https:\/\/welabplus.com\/wevision\/wp-json\/wp\/v2\/users\/1"}],"replies":[{"embeddable":true,"href":"https:\/\/welabplus.com\/wevision\/wp-json\/wp\/v2\/comments?post=529"}],"version-history":[{"count":16,"href":"https:\/\/welabplus.com\/wevision\/wp-json\/wp\/v2\/pages\/529\/revisions"}],"predecessor-version":[{"id":28421,"href":"https:\/\/welabplus.com\/wevision\/wp-json\/wp\/v2\/pages\/529\/revisions\/28421"}],"wp:attachment":[{"href":"https:\/\/welabplus.com\/wevision\/wp-json\/wp\/v2\/media?parent=529"}],"wp:term":[{"taxonomy":"category","embeddable":true,"href":"https:\/\/welabplus.com\/wevision\/wp-json\/wp\/v2\/categories?post=529"},{"taxonomy":"post_tag","embeddable":true,"href":"https:\/\/welabplus.com\/wevision\/wp-json\/wp\/v2\/tags?post=529"}],"curies":[{"name":"wp","href":"https:\/\/api.w.org\/{rel}","templated":true}]}}