{"id":3893,"date":"2020-12-26T21:16:43","date_gmt":"2020-12-26T20:16:43","guid":{"rendered":"https:\/\/welabplus.com\/wevision\/?page_id=3893"},"modified":"2025-12-03T17:18:54","modified_gmt":"2025-12-03T16:18:54","slug":"comparativas-tecnicas-de-equipos-wevision","status":"publish","type":"page","link":"https:\/\/welabplus.com\/wevision\/comparativas-tecnicas-de-equipos-wevision\/","title":{"rendered":"COMPARATIVAS T\u00c9CNICAS DE EQUIPOS WEVISION"},"content":{"rendered":"<section class=\"wpb-content-wrapper\"><p>[vc_row type=\u00bbfull_width_section\u00bb][vc_column width=\u00bb1\/1&#8243;]\n\t\t<div class=\"portfolio-element\">\n\n\t\t\n\t\t\t<div class=\"portfolio-filters\" data-id=\"644041502\">\n\t\t\t\t<div class=\"container\">\n\t\t\t\t\t<div class=\"sixteen columns clearfix\">\n\t\t\t\t\t\t\t\t\t\t\t\t\t<ul class=\"clearfix\">\n\t\t\t\t\t\t\t\t<li><a href=\"#\" data-filter=\"*\" class=\"filter-all active\">Todo<\/a><\/li>\t\n\t\t\t\t\t\t\t\t\t\t\t\t\t\t\t\t\t\t\t\t\t\t\t\t\t\t<li><a href=\"#\" data-filter=\".term-comparison-chart\">COMPARISON CHART<\/a><\/li>\n\t\t\t\t\t\t\t\t\t\t\t\t\t\t\t<\/ul>\n\t\t\t\t\t\t\t\n\t\t\t\t\t\t\t<!--\n\t\t\t\t\t\t\t<ul id=\"filter-custom\" class=\"clearfix\">\n\t\t\t\t\t\t\t\t<li><a href=\"#\" data-filter=\"*\" class=\"filter-all active\">Todo<\/a><\/li>\t\n\t\t\t\t\t\t\t\t\t\t\t\t\t\t\t\t\t\t\t\t\t\t\t\t\t\t<li><a href=\"#\" data-filter=\".term-comparison-chart\">COMPARISON CHART<\/a><\/li>\n\t\t\t\t\t\t\t\t\t\t\t\t\t\t\t<\/ul>\n\t\t\t\t\t\t\t-->\n\t\t\t\t\t\t\t<!--\n\t\t\t\t\t\t\t<select name=\"filter_x\" id=\"filter_x\">\n\t\t\t\t\t\t\t\t<option value=\"\"><a href=\"#\" data-filter=\"*\" class=\"filter-all active\">Todo<\/a><\/option>\n\n\t\t\t\t\t\t\t\t\t\t\t\t\t\t\t\t\t\t\t\t\t\t\t\t\t\t<option data-filter=\".term-comparison-chart\"><a href=\"#\" data-filter=\".term-comparison-chart\">COMPARISON CHART<\/a><\/option>\n\t\t\t\t\t\t\t\t\n\t\t\t\t\t\t\t<\/select>\n\t\t\t\t\t\t\t-->\n\t\t\t\t\t\t\t\t\t\t\t<\/div>\n\t\t\t\t<\/div>\n\t\t\t<\/div>\n\n\t\t\n\t\t\n\t\t\t\t\t<div id=\"644041502\" class=\"portfolio-items portfolio-nomargin portfolio-overlay-name clearfix\" data-id=\"644041502\">  \n\t\t\t\t\t\t\n\t\t\t\t\t\t\t\n\t\t\t\t\t\t\t\n\t\t\t\t\t\t\n\t\t\t\t\t\t\t\t\t\t\t\t\t\t\t\t\n\t\t\t\t\t\t\t\t   \n\n\t\t\t\t\t\t\t\t<div class=\"term-comparison-chart portfolio-item nomargin\">\n\t\t\t\t\t\t\t\t\t<div class=\"portfolio-image\"><a href=\"https:\/\/welabplus.com\/wevision\/portfolio-item\/godox-mg4kr-vs-mg2400r\/\" title=\"GODOX MG4KR VS MG2400R\"><div class=\"portfolio-image-img\"><img decoding=\"async\" src=\"https:\/\/welabplus.com\/wevision\/wp-content\/uploads\/2026\/03\/PORTFOLIO-COMPARATIVA-GODOX-KNOWLED-MG4KR-vs-MG2400R-WEVISION.jpg\" alt=\"GODOX MG4KR VS MG2400R\" \/><\/div><div class=\"portfolio-overlay overlay-name\"><span>GODOX MG4KR VS MG2400R<\/span><i class=\"icon-minti-plus\"><\/i><\/div><\/a><\/div>\n\t\t\t\t\t\t\t\t<\/div>\n\n\t\t\t\t\t\t\t\t\t\t\t\t  \n\t\t\t\t\t\t\n\t\t\t\t\t\t\t\n\t\t\t\t\t\t\t\n\t\t\t\t\t\t\n\t\t\t\t\t\t\t\t\t\t\t\t\t\t\t\t\n\t\t\t\t\t\t\t\t   \n\n\t\t\t\t\t\t\t\t<div class=\"term-comparison-chart portfolio-item nomargin\">\n\t\t\t\t\t\t\t\t\t<div class=\"portfolio-image\"><a href=\"https:\/\/welabplus.com\/wevision\/portfolio-item\/tubos-led-de-astera\/\" title=\"TUBOS LED DE ASTERA\"><div class=\"portfolio-image-img\"><img decoding=\"async\" src=\"https:\/\/welabplus.com\/wevision\/wp-content\/uploads\/2026\/03\/PORTFOLIO-TUBOS-LED-DE-ASTERA-WEVISION.jpg\" alt=\"TUBOS LED DE ASTERA\" \/><\/div><div class=\"portfolio-overlay overlay-name\"><span>TUBOS LED DE ASTERA<\/span><i class=\"icon-minti-plus\"><\/i><\/div><\/a><\/div>\n\t\t\t\t\t\t\t\t<\/div>\n\n\t\t\t\t\t\t\t\t\t\t\t\t  \n\t\t\t\t\t\t\n\t\t\t\t\t\t\t\n\t\t\t\t\t\t\t\n\t\t\t\t\t\t\n\t\t\t\t\t\t\t\t\t\t\t\t\t\t\t\t\n\t\t\t\t\t\t\t\t   \n\n\t\t\t\t\t\t\t\t<div class=\"term-comparison-chart portfolio-item nomargin\">\n\t\t\t\t\t\t\t\t\t<div class=\"portfolio-image\"><a href=\"https:\/\/welabplus.com\/wevision\/portfolio-item\/focos-hmi-serie-m-de-arri\/\" title=\"FOCOS HMI SERIE M DE ARRI\"><div class=\"portfolio-image-img\"><img decoding=\"async\" src=\"https:\/\/welabplus.com\/wevision\/wp-content\/uploads\/2025\/11\/PORTFOLIO-FOCOS-HMI-SERIE-M-DE-ARRI-WEVISION.jpg\" alt=\"FOCOS HMI SERIE M DE ARRI\" \/><\/div><div class=\"portfolio-overlay overlay-name\"><span>FOCOS HMI SERIE M DE ARRI<\/span><i class=\"icon-minti-plus\"><\/i><\/div><\/a><\/div>\n\t\t\t\t\t\t\t\t<\/div>\n\n\t\t\t\t\t\t\t\t\t\t\t\t  \n\t\t\t\t\t\t\n\t\t\t\t\t\t\t\n\t\t\t\t\t\t\t\n\t\t\t\t\t\t\n\t\t\t\t\t\t\t\t\t\t\t\t\t\t\t\t\n\t\t\t\t\t\t\t\t   \n\n\t\t\t\t\t\t\t\t<div class=\"term-comparison-chart portfolio-item nomargin\">\n\t\t\t\t\t\t\t\t\t<div class=\"portfolio-image\"><a href=\"https:\/\/welabplus.com\/wevision\/portfolio-item\/bombillas-led-practicas-de-rodaje\/\" title=\"BOMBILLAS LED PR\u00c1CTICAS DE RODAJE\"><div class=\"portfolio-image-img\"><img decoding=\"async\" src=\"https:\/\/welabplus.com\/wevision\/wp-content\/uploads\/2025\/11\/PORTFOLIO-BOMBILLAS-LED-PRACTICAS-DE-RODAJE-WEVISION.jpg\" alt=\"BOMBILLAS LED PR\u00c1CTICAS DE RODAJE\" \/><\/div><div class=\"portfolio-overlay overlay-name\"><span>BOMBILLAS LED PR\u00c1CTICAS DE RODAJE<\/span><i class=\"icon-minti-plus\"><\/i><\/div><\/a><\/div>\n\t\t\t\t\t\t\t\t<\/div>\n\n\t\t\t\t\t\t\t\t\t\t\t\t  \n\t\t\t\t\t\t\n\t\t\t\t\t\t\t\n\t\t\t\t\t\t\t\n\t\t\t\t\t\t\n\t\t\t\t\t\t\t\t\t\t\t\t\t\t\t\t\n\t\t\t\t\t\t\t\t   \n\n\t\t\t\t\t\t\t\t<div class=\"term-comparison-chart portfolio-item nomargin\">\n\t\t\t\t\t\t\t\t\t<div class=\"portfolio-image\"><a href=\"https:\/\/welabplus.com\/wevision\/portfolio-item\/paneles-led-flexibles-godox\/\" title=\"PANELES LED FLEXIBLES GODOX\"><div class=\"portfolio-image-img\"><img decoding=\"async\" src=\"https:\/\/welabplus.com\/wevision\/wp-content\/uploads\/2025\/11\/PORTFOLIO-PANELES-LED-FLEXIBLES-GODOX-KNOWLED-WEVISION.jpg\" alt=\"PANELES LED FLEXIBLES GODOX\" \/><\/div><div class=\"portfolio-overlay overlay-name\"><span>PANELES LED FLEXIBLES GODOX<\/span><i class=\"icon-minti-plus\"><\/i><\/div><\/a><\/div>\n\t\t\t\t\t\t\t\t<\/div>\n\n\t\t\t\t\t\t\t\t\t\t\t\t  \n\t\t\t\t\t\t\t\t\t\t\t<\/div>\n\n\t\t\n\t\t<\/div>\n\t\t\t\n\t\t\t\t\n\t\t[\/vc_column][\/vc_row]<\/p>\n<\/section>","protected":false},"excerpt":{"rendered":"<p>[vc_row type=\u00bbfull_width_section\u00bb][vc_column width=\u00bb1\/1&#8243;][\/vc_column][\/vc_row]<\/p>\n","protected":false},"author":1,"featured_media":0,"parent":0,"menu_order":0,"comment_status":"closed","ping_status":"closed","template":"","meta":{"_acf_changed":false,"inline_featured_image":false,"footnotes":""},"categories":[],"tags":[],"class_list":["post-3893","page","type-page","status-publish","hentry"],"acf":[],"yoast_head":"<!-- This site is optimized with the Yoast SEO plugin v26.2 - https:\/\/yoast.com\/wordpress\/plugins\/seo\/ -->\n<title>Comparativas T\u00e9cnicas de Equipos Welab - Welab Plus<\/title>\n<meta name=\"description\" content=\"Comparativas T\u00e9cnicas de Equipos desarrolladas por Welabplus para directores de fotograf\u00eda, operadores y profesionales de cine publicidad\" \/>\n<meta name=\"robots\" content=\"index, follow, max-snippet:-1, max-image-preview:large, max-video-preview:-1\" \/>\n<link rel=\"canonical\" href=\"https:\/\/welabplus.com\/wevision\/comparativas-tecnicas-de-equipos-wevision\/\" \/>\n<meta property=\"og:locale\" content=\"es_ES\" \/>\n<meta property=\"og:type\" content=\"article\" \/>\n<meta property=\"og:title\" content=\"Comparativas T\u00e9cnicas de Equipos Welab - Welab Plus\" \/>\n<meta property=\"og:description\" content=\"Comparativas T\u00e9cnicas de Equipos desarrolladas por Welabplus para directores de fotograf\u00eda, operadores y profesionales de cine publicidad\" \/>\n<meta property=\"og:url\" content=\"https:\/\/welabplus.com\/wevision\/comparativas-tecnicas-de-equipos-wevision\/\" \/>\n<meta property=\"og:site_name\" content=\"Wevision\" \/>\n<meta property=\"article:publisher\" content=\"https:\/\/www.facebook.com\/welab.es\/\" \/>\n<meta property=\"article:modified_time\" content=\"2025-12-03T16:18:54+00:00\" \/>\n<meta name=\"twitter:card\" content=\"summary_large_image\" \/>\n<meta name=\"twitter:site\" content=\"@welabspain\" \/>\n<meta name=\"twitter:label1\" content=\"Tiempo de lectura\" \/>\n\t<meta name=\"twitter:data1\" content=\"1 minuto\" \/>\n<script type=\"application\/ld+json\" class=\"yoast-schema-graph\">{\"@context\":\"https:\/\/schema.org\",\"@graph\":[{\"@type\":\"WebPage\",\"@id\":\"https:\/\/welabplus.com\/wevision\/comparativas-tecnicas-de-equipos-wevision\/\",\"url\":\"https:\/\/welabplus.com\/wevision\/comparativas-tecnicas-de-equipos-wevision\/\",\"name\":\"Comparativas T\u00e9cnicas de Equipos Welab - Welab Plus\",\"isPartOf\":{\"@id\":\"https:\/\/welabplus.com\/wevision\/#website\"},\"datePublished\":\"2020-12-26T20:16:43+00:00\",\"dateModified\":\"2025-12-03T16:18:54+00:00\",\"description\":\"Comparativas T\u00e9cnicas de Equipos desarrolladas por Welabplus para directores de fotograf\u00eda, operadores y profesionales de cine publicidad\",\"breadcrumb\":{\"@id\":\"https:\/\/welabplus.com\/wevision\/comparativas-tecnicas-de-equipos-wevision\/#breadcrumb\"},\"inLanguage\":\"es\",\"potentialAction\":[{\"@type\":\"ReadAction\",\"target\":[\"https:\/\/welabplus.com\/wevision\/comparativas-tecnicas-de-equipos-wevision\/\"]}]},{\"@type\":\"BreadcrumbList\",\"@id\":\"https:\/\/welabplus.com\/wevision\/comparativas-tecnicas-de-equipos-wevision\/#breadcrumb\",\"itemListElement\":[{\"@type\":\"ListItem\",\"position\":1,\"name\":\"Portada\",\"item\":\"https:\/\/welabplus.com\/wevision\/\"},{\"@type\":\"ListItem\",\"position\":2,\"name\":\"COMPARATIVAS T\u00c9CNICAS DE EQUIPOS WEVISION\"}]},{\"@type\":\"WebSite\",\"@id\":\"https:\/\/welabplus.com\/wevision\/#website\",\"url\":\"https:\/\/welabplus.com\/wevision\/\",\"name\":\"Welabplus\",\"description\":\"C\u00e1maras y lentes para cine\",\"publisher\":{\"@id\":\"https:\/\/welabplus.com\/wevision\/#organization\"},\"potentialAction\":[{\"@type\":\"SearchAction\",\"target\":{\"@type\":\"EntryPoint\",\"urlTemplate\":\"https:\/\/welabplus.com\/wevision\/?s={search_term_string}\"},\"query-input\":{\"@type\":\"PropertyValueSpecification\",\"valueRequired\":true,\"valueName\":\"search_term_string\"}}],\"inLanguage\":\"es\"},{\"@type\":\"Organization\",\"@id\":\"https:\/\/welabplus.com\/wevision\/#organization\",\"name\":\"Welab Canary Islands\",\"url\":\"https:\/\/welabplus.com\/wevision\/\",\"logo\":{\"@type\":\"ImageObject\",\"inLanguage\":\"es\",\"@id\":\"https:\/\/welabplus.com\/wevision\/#\/schema\/logo\/image\/\",\"url\":\"\",\"contentUrl\":\"\",\"caption\":\"Welab Canary Islands\"},\"image\":{\"@id\":\"https:\/\/welabplus.com\/wevision\/#\/schema\/logo\/image\/\"},\"sameAs\":[\"https:\/\/www.facebook.com\/welab.es\/\",\"https:\/\/x.com\/welabspain\"]}]}<\/script>\n<!-- \/ Yoast SEO plugin. -->","yoast_head_json":{"title":"Comparativas T\u00e9cnicas de Equipos Welab - Welab Plus","description":"Comparativas T\u00e9cnicas de Equipos desarrolladas por Welabplus para directores de fotograf\u00eda, operadores y profesionales de cine publicidad","robots":{"index":"index","follow":"follow","max-snippet":"max-snippet:-1","max-image-preview":"max-image-preview:large","max-video-preview":"max-video-preview:-1"},"canonical":"https:\/\/welabplus.com\/wevision\/comparativas-tecnicas-de-equipos-wevision\/","og_locale":"es_ES","og_type":"article","og_title":"Comparativas T\u00e9cnicas de Equipos Welab - Welab Plus","og_description":"Comparativas T\u00e9cnicas de Equipos desarrolladas por Welabplus para directores de fotograf\u00eda, operadores y profesionales de cine publicidad","og_url":"https:\/\/welabplus.com\/wevision\/comparativas-tecnicas-de-equipos-wevision\/","og_site_name":"Wevision","article_publisher":"https:\/\/www.facebook.com\/welab.es\/","article_modified_time":"2025-12-03T16:18:54+00:00","twitter_card":"summary_large_image","twitter_site":"@welabspain","twitter_misc":{"Tiempo de lectura":"1 minuto"},"schema":{"@context":"https:\/\/schema.org","@graph":[{"@type":"WebPage","@id":"https:\/\/welabplus.com\/wevision\/comparativas-tecnicas-de-equipos-wevision\/","url":"https:\/\/welabplus.com\/wevision\/comparativas-tecnicas-de-equipos-wevision\/","name":"Comparativas T\u00e9cnicas de Equipos Welab - Welab Plus","isPartOf":{"@id":"https:\/\/welabplus.com\/wevision\/#website"},"datePublished":"2020-12-26T20:16:43+00:00","dateModified":"2025-12-03T16:18:54+00:00","description":"Comparativas T\u00e9cnicas de Equipos desarrolladas por Welabplus para directores de fotograf\u00eda, operadores y profesionales de cine publicidad","breadcrumb":{"@id":"https:\/\/welabplus.com\/wevision\/comparativas-tecnicas-de-equipos-wevision\/#breadcrumb"},"inLanguage":"es","potentialAction":[{"@type":"ReadAction","target":["https:\/\/welabplus.com\/wevision\/comparativas-tecnicas-de-equipos-wevision\/"]}]},{"@type":"BreadcrumbList","@id":"https:\/\/welabplus.com\/wevision\/comparativas-tecnicas-de-equipos-wevision\/#breadcrumb","itemListElement":[{"@type":"ListItem","position":1,"name":"Portada","item":"https:\/\/welabplus.com\/wevision\/"},{"@type":"ListItem","position":2,"name":"COMPARATIVAS T\u00c9CNICAS DE EQUIPOS WEVISION"}]},{"@type":"WebSite","@id":"https:\/\/welabplus.com\/wevision\/#website","url":"https:\/\/welabplus.com\/wevision\/","name":"Welabplus","description":"C\u00e1maras y lentes para cine","publisher":{"@id":"https:\/\/welabplus.com\/wevision\/#organization"},"potentialAction":[{"@type":"SearchAction","target":{"@type":"EntryPoint","urlTemplate":"https:\/\/welabplus.com\/wevision\/?s={search_term_string}"},"query-input":{"@type":"PropertyValueSpecification","valueRequired":true,"valueName":"search_term_string"}}],"inLanguage":"es"},{"@type":"Organization","@id":"https:\/\/welabplus.com\/wevision\/#organization","name":"Welab Canary Islands","url":"https:\/\/welabplus.com\/wevision\/","logo":{"@type":"ImageObject","inLanguage":"es","@id":"https:\/\/welabplus.com\/wevision\/#\/schema\/logo\/image\/","url":"","contentUrl":"","caption":"Welab Canary Islands"},"image":{"@id":"https:\/\/welabplus.com\/wevision\/#\/schema\/logo\/image\/"},"sameAs":["https:\/\/www.facebook.com\/welab.es\/","https:\/\/x.com\/welabspain"]}]}},"_links":{"self":[{"href":"https:\/\/welabplus.com\/wevision\/wp-json\/wp\/v2\/pages\/3893","targetHints":{"allow":["GET"]}}],"collection":[{"href":"https:\/\/welabplus.com\/wevision\/wp-json\/wp\/v2\/pages"}],"about":[{"href":"https:\/\/welabplus.com\/wevision\/wp-json\/wp\/v2\/types\/page"}],"author":[{"embeddable":true,"href":"https:\/\/welabplus.com\/wevision\/wp-json\/wp\/v2\/users\/1"}],"replies":[{"embeddable":true,"href":"https:\/\/welabplus.com\/wevision\/wp-json\/wp\/v2\/comments?post=3893"}],"version-history":[{"count":17,"href":"https:\/\/welabplus.com\/wevision\/wp-json\/wp\/v2\/pages\/3893\/revisions"}],"predecessor-version":[{"id":28389,"href":"https:\/\/welabplus.com\/wevision\/wp-json\/wp\/v2\/pages\/3893\/revisions\/28389"}],"wp:attachment":[{"href":"https:\/\/welabplus.com\/wevision\/wp-json\/wp\/v2\/media?parent=3893"}],"wp:term":[{"taxonomy":"category","embeddable":true,"href":"https:\/\/welabplus.com\/wevision\/wp-json\/wp\/v2\/categories?post=3893"},{"taxonomy":"post_tag","embeddable":true,"href":"https:\/\/welabplus.com\/wevision\/wp-json\/wp\/v2\/tags?post=3893"}],"curies":[{"name":"wp","href":"https:\/\/api.w.org\/{rel}","templated":true}]}}