{"id":28547,"date":"2026-03-11T15:39:55","date_gmt":"2026-03-11T14:39:55","guid":{"rendered":"https:\/\/welabplus.com\/wevision\/?page_id=28547"},"modified":"2026-04-09T16:42:55","modified_gmt":"2026-04-09T14:42:55","slug":"guias-tecnicas-de-equipos-wevision","status":"publish","type":"page","link":"https:\/\/welabplus.com\/wevision\/guias-tecnicas-de-equipos-wevision\/","title":{"rendered":"GU\u00cdAS T\u00c9CNICAS DE EQUIPOS WEVISION"},"content":{"rendered":"<section class=\"wpb-content-wrapper\"><p>[vc_row][vc_column width=\u00bb1\/1&#8243;]\n\t\t<div class=\"portfolio-element\">\n\n\t\t\n\t\t\t<div class=\"portfolio-filters\" data-id=\"1956252854\">\n\t\t\t\t<div class=\"container\">\n\t\t\t\t\t<div class=\"sixteen columns clearfix\">\n\t\t\t\t\t\t\t\t\t\t\t\t\t<ul class=\"clearfix\">\n\t\t\t\t\t\t\t\t<li><a href=\"#\" data-filter=\"*\" class=\"filter-all active\">Todo<\/a><\/li>\t\n\t\t\t\t\t\t\t\t\t\t\t\t\t\t\t\t\t\t\t\t\t\t\t\t\t\t<li><a href=\"#\" data-filter=\".term-guias-aputure\">GUIAS APUTURE<\/a><\/li>\n\t\t\t\t\t\t\t\t\t\t\t\t\t\t\t\t\t\t\t\t\t\t\t\t\t\t<li><a href=\"#\" data-filter=\".term-guias-godox\">GUIAS GODOX<\/a><\/li>\n\t\t\t\t\t\t\t\t\t\t\t\t\t\t\t<\/ul>\n\t\t\t\t\t\t\t\n\t\t\t\t\t\t\t<!--\n\t\t\t\t\t\t\t<ul id=\"filter-custom\" class=\"clearfix\">\n\t\t\t\t\t\t\t\t<li><a href=\"#\" data-filter=\"*\" class=\"filter-all active\">Todo<\/a><\/li>\t\n\t\t\t\t\t\t\t\t\t\t\t\t\t\t\t\t\t\t\t\t\t\t\t\t\t\t<li><a href=\"#\" data-filter=\".term-guias-aputure\">GUIAS APUTURE<\/a><\/li>\n\t\t\t\t\t\t\t\t\t\t\t\t\t\t\t\t\t\t\t\t\t\t\t\t\t\t<li><a href=\"#\" data-filter=\".term-guias-godox\">GUIAS GODOX<\/a><\/li>\n\t\t\t\t\t\t\t\t\t\t\t\t\t\t\t<\/ul>\n\t\t\t\t\t\t\t-->\n\t\t\t\t\t\t\t<!--\n\t\t\t\t\t\t\t<select name=\"filter_x\" id=\"filter_x\">\n\t\t\t\t\t\t\t\t<option value=\"\"><a href=\"#\" data-filter=\"*\" class=\"filter-all active\">Todo<\/a><\/option>\n\n\t\t\t\t\t\t\t\t\t\t\t\t\t\t\t\t\t\t\t\t\t\t\t\t\t\t<option data-filter=\".term-guias-aputure\"><a href=\"#\" data-filter=\".term-guias-aputure\">GUIAS APUTURE<\/a><\/option>\n\t\t\t\t\t\t\t\t\t\t\t\t\t\t\t\t\t\t\t\t\t\t\t\t\t\t<option data-filter=\".term-guias-godox\"><a href=\"#\" data-filter=\".term-guias-godox\">GUIAS GODOX<\/a><\/option>\n\t\t\t\t\t\t\t\t\n\t\t\t\t\t\t\t<\/select>\n\t\t\t\t\t\t\t-->\n\t\t\t\t\t\t\t\t\t\t\t<\/div>\n\t\t\t\t<\/div>\n\t\t\t<\/div>\n\n\t\t\n\t\t\n\t\t\t\t\t<div id=\"1956252854\" class=\"portfolio-items portfolio-nomargin portfolio-overlay-name clearfix\" data-id=\"1956252854\">  \n\t\t\t\t\t\t\n\t\t\t\t\t\t\t\n\t\t\t\t\t\t\t\n\t\t\t\t\t\t\n\t\t\t\t\t\t\t\t\t\t\t\t\t\t\t\t\n\t\t\t\t\t\t\t\t   \n\n\t\t\t\t\t\t\t\t<div class=\"term-guias-godox portfolio-item nomargin\">\n\t\t\t\t\t\t\t\t\t<div class=\"portfolio-image\"><a href=\"https:\/\/welabplus.com\/wevision\/portfolio-item\/guia-godox-mantas-series-f\/\" title=\"GU\u00cdA GODOX MANTAS SERIES F\"><div class=\"portfolio-image-img\"><img decoding=\"async\" src=\"https:\/\/welabplus.com\/wevision\/wp-content\/uploads\/2026\/04\/ALQUILER-GODOX-MANTAS-SERIES-F-PORFOLIO-WEVISION-600x450.jpg\" alt=\"GU\u00cdA GODOX MANTAS SERIES F\" \/><\/div><div class=\"portfolio-overlay overlay-name\"><span>GU\u00cdA GODOX MANTAS SERIES F<\/span><i class=\"icon-minti-plus\"><\/i><\/div><\/a><\/div>\n\t\t\t\t\t\t\t\t<\/div>\n\n\t\t\t\t\t\t\t\t\t\t\t\t  \n\t\t\t\t\t\t\n\t\t\t\t\t\t\t\n\t\t\t\t\t\t\t\n\t\t\t\t\t\t\n\t\t\t\t\t\t\t\t\t\t\t\t\t\t\t\t\n\t\t\t\t\t\t\t\t   \n\n\t\t\t\t\t\t\t\t<div class=\"term-guias-aputure portfolio-item nomargin\">\n\t\t\t\t\t\t\t\t\t<div class=\"portfolio-image\"><a href=\"https:\/\/welabplus.com\/wevision\/portfolio-item\/guia-aputure-storm-80c\/\" title=\"GU\u00cdA APUTURE STORM 80C\"><div class=\"portfolio-image-img\"><img decoding=\"async\" src=\"https:\/\/welabplus.com\/wevision\/wp-content\/uploads\/2026\/03\/ALQUILER-APUTURE-STORM-80C-PORFOLIO-WEVISION-600x450.jpg\" alt=\"GU\u00cdA APUTURE STORM 80C\" \/><\/div><div class=\"portfolio-overlay overlay-name\"><span>GU\u00cdA APUTURE STORM 80C<\/span><i class=\"icon-minti-plus\"><\/i><\/div><\/a><\/div>\n\t\t\t\t\t\t\t\t<\/div>\n\n\t\t\t\t\t\t\t\t\t\t\t\t  \n\t\t\t\t\t\t\t\t\t\t\t<\/div>\n\n\t\t\n\t\t<\/div>\n\t\t\t\n\t\t\t\t\n\t\t[\/vc_column][\/vc_row]<\/p>\n<\/section>","protected":false},"excerpt":{"rendered":"<p>[vc_row][vc_column width=\u00bb1\/1&#8243;][\/vc_column][\/vc_row]<\/p>\n","protected":false},"author":1,"featured_media":0,"parent":0,"menu_order":0,"comment_status":"closed","ping_status":"open","template":"","meta":{"_acf_changed":false,"inline_featured_image":false,"footnotes":""},"categories":[],"tags":[],"class_list":["post-28547","page","type-page","status-publish","hentry"],"acf":[],"yoast_head":"<!-- This site is optimized with the Yoast SEO plugin v26.2 - https:\/\/yoast.com\/wordpress\/plugins\/seo\/ -->\n<title>GU\u00cdAS T\u00c9CNICAS DE EQUIPOS WEVISION - Wevision<\/title>\n<meta name=\"description\" content=\"Gu\u00edas t\u00e9cnicas de equipos Wevision desarrolladas para directores de fotograf\u00eda, operadores y profesionales del cine y la publicidad.\" \/>\n<meta name=\"robots\" content=\"index, follow, max-snippet:-1, max-image-preview:large, max-video-preview:-1\" \/>\n<link rel=\"canonical\" href=\"https:\/\/welabplus.com\/wevision\/guias-tecnicas-de-equipos-wevision\/\" \/>\n<meta property=\"og:locale\" content=\"es_ES\" \/>\n<meta property=\"og:type\" content=\"article\" \/>\n<meta property=\"og:title\" content=\"GU\u00cdAS T\u00c9CNICAS DE EQUIPOS WEVISION - Wevision\" \/>\n<meta property=\"og:description\" content=\"Gu\u00edas t\u00e9cnicas de equipos Wevision desarrolladas para directores de fotograf\u00eda, operadores y profesionales del cine y la publicidad.\" \/>\n<meta property=\"og:url\" content=\"https:\/\/welabplus.com\/wevision\/guias-tecnicas-de-equipos-wevision\/\" \/>\n<meta property=\"og:site_name\" content=\"Wevision\" \/>\n<meta property=\"article:publisher\" content=\"https:\/\/www.facebook.com\/welab.es\/\" \/>\n<meta property=\"article:modified_time\" content=\"2026-04-09T14:42:55+00:00\" \/>\n<meta name=\"twitter:card\" content=\"summary_large_image\" \/>\n<meta name=\"twitter:site\" content=\"@welabspain\" \/>\n<meta name=\"twitter:label1\" content=\"Tiempo de lectura\" \/>\n\t<meta name=\"twitter:data1\" content=\"1 minuto\" \/>\n<script type=\"application\/ld+json\" class=\"yoast-schema-graph\">{\"@context\":\"https:\/\/schema.org\",\"@graph\":[{\"@type\":\"WebPage\",\"@id\":\"https:\/\/welabplus.com\/wevision\/guias-tecnicas-de-equipos-wevision\/\",\"url\":\"https:\/\/welabplus.com\/wevision\/guias-tecnicas-de-equipos-wevision\/\",\"name\":\"GU\u00cdAS T\u00c9CNICAS DE EQUIPOS WEVISION - Wevision\",\"isPartOf\":{\"@id\":\"https:\/\/welabplus.com\/wevision\/#website\"},\"datePublished\":\"2026-03-11T14:39:55+00:00\",\"dateModified\":\"2026-04-09T14:42:55+00:00\",\"description\":\"Gu\u00edas t\u00e9cnicas de equipos Wevision desarrolladas para directores de fotograf\u00eda, operadores y profesionales del cine y la publicidad.\",\"breadcrumb\":{\"@id\":\"https:\/\/welabplus.com\/wevision\/guias-tecnicas-de-equipos-wevision\/#breadcrumb\"},\"inLanguage\":\"es\",\"potentialAction\":[{\"@type\":\"ReadAction\",\"target\":[\"https:\/\/welabplus.com\/wevision\/guias-tecnicas-de-equipos-wevision\/\"]}]},{\"@type\":\"BreadcrumbList\",\"@id\":\"https:\/\/welabplus.com\/wevision\/guias-tecnicas-de-equipos-wevision\/#breadcrumb\",\"itemListElement\":[{\"@type\":\"ListItem\",\"position\":1,\"name\":\"Portada\",\"item\":\"https:\/\/welabplus.com\/wevision\/\"},{\"@type\":\"ListItem\",\"position\":2,\"name\":\"GU\u00cdAS T\u00c9CNICAS DE EQUIPOS WEVISION\"}]},{\"@type\":\"WebSite\",\"@id\":\"https:\/\/welabplus.com\/wevision\/#website\",\"url\":\"https:\/\/welabplus.com\/wevision\/\",\"name\":\"Welabplus\",\"description\":\"C\u00e1maras y lentes para cine\",\"publisher\":{\"@id\":\"https:\/\/welabplus.com\/wevision\/#organization\"},\"potentialAction\":[{\"@type\":\"SearchAction\",\"target\":{\"@type\":\"EntryPoint\",\"urlTemplate\":\"https:\/\/welabplus.com\/wevision\/?s={search_term_string}\"},\"query-input\":{\"@type\":\"PropertyValueSpecification\",\"valueRequired\":true,\"valueName\":\"search_term_string\"}}],\"inLanguage\":\"es\"},{\"@type\":\"Organization\",\"@id\":\"https:\/\/welabplus.com\/wevision\/#organization\",\"name\":\"Welab Canary Islands\",\"url\":\"https:\/\/welabplus.com\/wevision\/\",\"logo\":{\"@type\":\"ImageObject\",\"inLanguage\":\"es\",\"@id\":\"https:\/\/welabplus.com\/wevision\/#\/schema\/logo\/image\/\",\"url\":\"\",\"contentUrl\":\"\",\"caption\":\"Welab Canary Islands\"},\"image\":{\"@id\":\"https:\/\/welabplus.com\/wevision\/#\/schema\/logo\/image\/\"},\"sameAs\":[\"https:\/\/www.facebook.com\/welab.es\/\",\"https:\/\/x.com\/welabspain\"]}]}<\/script>\n<!-- \/ Yoast SEO plugin. -->","yoast_head_json":{"title":"GU\u00cdAS T\u00c9CNICAS DE EQUIPOS WEVISION - Wevision","description":"Gu\u00edas t\u00e9cnicas de equipos Wevision desarrolladas para directores de fotograf\u00eda, operadores y profesionales del cine y la publicidad.","robots":{"index":"index","follow":"follow","max-snippet":"max-snippet:-1","max-image-preview":"max-image-preview:large","max-video-preview":"max-video-preview:-1"},"canonical":"https:\/\/welabplus.com\/wevision\/guias-tecnicas-de-equipos-wevision\/","og_locale":"es_ES","og_type":"article","og_title":"GU\u00cdAS T\u00c9CNICAS DE EQUIPOS WEVISION - Wevision","og_description":"Gu\u00edas t\u00e9cnicas de equipos Wevision desarrolladas para directores de fotograf\u00eda, operadores y profesionales del cine y la publicidad.","og_url":"https:\/\/welabplus.com\/wevision\/guias-tecnicas-de-equipos-wevision\/","og_site_name":"Wevision","article_publisher":"https:\/\/www.facebook.com\/welab.es\/","article_modified_time":"2026-04-09T14:42:55+00:00","twitter_card":"summary_large_image","twitter_site":"@welabspain","twitter_misc":{"Tiempo de lectura":"1 minuto"},"schema":{"@context":"https:\/\/schema.org","@graph":[{"@type":"WebPage","@id":"https:\/\/welabplus.com\/wevision\/guias-tecnicas-de-equipos-wevision\/","url":"https:\/\/welabplus.com\/wevision\/guias-tecnicas-de-equipos-wevision\/","name":"GU\u00cdAS T\u00c9CNICAS DE EQUIPOS WEVISION - Wevision","isPartOf":{"@id":"https:\/\/welabplus.com\/wevision\/#website"},"datePublished":"2026-03-11T14:39:55+00:00","dateModified":"2026-04-09T14:42:55+00:00","description":"Gu\u00edas t\u00e9cnicas de equipos Wevision desarrolladas para directores de fotograf\u00eda, operadores y profesionales del cine y la publicidad.","breadcrumb":{"@id":"https:\/\/welabplus.com\/wevision\/guias-tecnicas-de-equipos-wevision\/#breadcrumb"},"inLanguage":"es","potentialAction":[{"@type":"ReadAction","target":["https:\/\/welabplus.com\/wevision\/guias-tecnicas-de-equipos-wevision\/"]}]},{"@type":"BreadcrumbList","@id":"https:\/\/welabplus.com\/wevision\/guias-tecnicas-de-equipos-wevision\/#breadcrumb","itemListElement":[{"@type":"ListItem","position":1,"name":"Portada","item":"https:\/\/welabplus.com\/wevision\/"},{"@type":"ListItem","position":2,"name":"GU\u00cdAS T\u00c9CNICAS DE EQUIPOS WEVISION"}]},{"@type":"WebSite","@id":"https:\/\/welabplus.com\/wevision\/#website","url":"https:\/\/welabplus.com\/wevision\/","name":"Welabplus","description":"C\u00e1maras y lentes para cine","publisher":{"@id":"https:\/\/welabplus.com\/wevision\/#organization"},"potentialAction":[{"@type":"SearchAction","target":{"@type":"EntryPoint","urlTemplate":"https:\/\/welabplus.com\/wevision\/?s={search_term_string}"},"query-input":{"@type":"PropertyValueSpecification","valueRequired":true,"valueName":"search_term_string"}}],"inLanguage":"es"},{"@type":"Organization","@id":"https:\/\/welabplus.com\/wevision\/#organization","name":"Welab Canary Islands","url":"https:\/\/welabplus.com\/wevision\/","logo":{"@type":"ImageObject","inLanguage":"es","@id":"https:\/\/welabplus.com\/wevision\/#\/schema\/logo\/image\/","url":"","contentUrl":"","caption":"Welab Canary Islands"},"image":{"@id":"https:\/\/welabplus.com\/wevision\/#\/schema\/logo\/image\/"},"sameAs":["https:\/\/www.facebook.com\/welab.es\/","https:\/\/x.com\/welabspain"]}]}},"_links":{"self":[{"href":"https:\/\/welabplus.com\/wevision\/wp-json\/wp\/v2\/pages\/28547","targetHints":{"allow":["GET"]}}],"collection":[{"href":"https:\/\/welabplus.com\/wevision\/wp-json\/wp\/v2\/pages"}],"about":[{"href":"https:\/\/welabplus.com\/wevision\/wp-json\/wp\/v2\/types\/page"}],"author":[{"embeddable":true,"href":"https:\/\/welabplus.com\/wevision\/wp-json\/wp\/v2\/users\/1"}],"replies":[{"embeddable":true,"href":"https:\/\/welabplus.com\/wevision\/wp-json\/wp\/v2\/comments?post=28547"}],"version-history":[{"count":4,"href":"https:\/\/welabplus.com\/wevision\/wp-json\/wp\/v2\/pages\/28547\/revisions"}],"predecessor-version":[{"id":28551,"href":"https:\/\/welabplus.com\/wevision\/wp-json\/wp\/v2\/pages\/28547\/revisions\/28551"}],"wp:attachment":[{"href":"https:\/\/welabplus.com\/wevision\/wp-json\/wp\/v2\/media?parent=28547"}],"wp:term":[{"taxonomy":"category","embeddable":true,"href":"https:\/\/welabplus.com\/wevision\/wp-json\/wp\/v2\/categories?post=28547"},{"taxonomy":"post_tag","embeddable":true,"href":"https:\/\/welabplus.com\/wevision\/wp-json\/wp\/v2\/tags?post=28547"}],"curies":[{"name":"wp","href":"https:\/\/api.w.org\/{rel}","templated":true}]}}