{"id":22251,"date":"2023-03-24T16:06:29","date_gmt":"2023-03-24T15:06:29","guid":{"rendered":"https:\/\/welabplus.com\/wevision\/?page_id=22251"},"modified":"2025-12-04T12:33:16","modified_gmt":"2025-12-04T11:33:16","slug":"condiciones-generales","status":"publish","type":"page","link":"https:\/\/welabplus.com\/wevision\/condiciones-generales\/","title":{"rendered":"CONDICIONES GENERALES"},"content":{"rendered":"<section class=\"wpb-content-wrapper\"><p>[vc_row top_padding=\u00bb50&#8243; bottom_padding=\u00bb50&#8243;][vc_column width=\u00bb1\/1&#8243;]<h2 class=\"headline font-inherit fontsize-xl fontweight-300 lh-12 align-left transform-inherit \" style=\"margin: 0 0 -10px 0;\">Condiciones Generales<\/h2><div class=\"spacer\" style=\"height: 20px;\"><\/div><div class=\"divider divider5\" style='margin:0 0 20px 0 !important;'><\/div>[vc_column_text]<\/p>\n<div class=\"page-header\"><\/div>\n<div>\n<p><strong>1.-<\/strong> Los equipos alquilados son propiedad de Wevision Lighting Solutions S.L. (en adelante Wevision) y\/o su grupo de empresas Welab Canary Islands S.L, Welab Atl\u00e1ntica S.L, Welab Andalusia S.L, o bien, la de sus socios o partners con los que colabora de forma habitual.<\/p>\n<\/div>\n<div>\n<p><strong>2.-<\/strong> El cliente tendr\u00e1 que facilitar toda la documentaci\u00f3n requerida por Wevision y firmar el presente contrato de alquiler.<\/p>\n<\/div>\n<div>\n<p><strong>3.-<\/strong> El arrendamiento se comprenden en per\u00edodos de 24 horas a partir de su recogida de los almacenes de Wevision.<\/p>\n<\/div>\n<div><strong>4.-<\/strong> El material en alquiler debe ser devuelto en la fecha indicada en el presente contrato antes de las 10 h de la ma\u00f1ana (d\u00eda siguiente al \u00faltimo d\u00eda del rodaje o mismo d\u00eda de la finalizaci\u00f3n del rodaje). Una demora de hasta 24 h supondr\u00e1 el pago de un 80% m\u00e1s en el importe del alquiler. Si la demora fuera superior a 24 h y hasta 72 h, el cliente tendr\u00e1 que abonar la totalidad del alquiler correspondiente a cada d\u00eda de demora. En las demoras superiores a las 72 h se proceden a tomar las acciones legales correspondientes.<\/div>\n<div>\n<p><strong>5.-<\/strong> La no devoluci\u00f3n del material se considerar\u00e1 hurto, siendo un delito del c\u00f3digo penal y, por lo tanto, perseguido por la ley.<\/p>\n<\/div>\n<div>\n<p><strong>6.-<\/strong> Los equipos reservados que sean cancelados por el cliente con menos de 24 horas antes de su recogida, supondr\u00e1 un cargo del 80% de la tarifa diaria.<\/p>\n<\/div>\n<div>\n<p><strong>7.-<\/strong> El material objeto de alquiler ser\u00e1 retirado y entregado al arrendatario o a la empresa contratante en los locales de Wevision; salvo que esta empresa indicara otro lugar donde recogerlo y entregarlo, siendo por cuenta del arrendatario todos los gastos de transporte del citado material.<\/p>\n<\/div>\n<div>\n<p><strong>8.-<\/strong> Aquellos equipos que se env\u00eden fuera de la Ciudad de Madrid, supondr\u00e1n una facturaci\u00f3n m\u00ednima de 1,5 d\u00edas. Los equipos ser\u00e1n enviados por mensajer\u00eda terrestre mediante courier, a\u00e9rea o mar\u00edtima, siempre contratados y\/o controlados por Wevision. El cargo, tanto del env\u00edo y\/o de la recogida si fuere por estos medios tambi\u00e9n, ser\u00e1n facturados al cliente. Los equipos son completamente probados antes del traslado, y por lo tanto, est\u00e1n operativos. En ese sentido, Wevision no se responsabiliza de los retrasos que pueda ocasionar la mensajer\u00eda, o el mal funcionamiento de los equipos debido al viaje.<\/p>\n<\/div>\n<div>\n<p><strong>9.-<\/strong> El cliente se compromete a hacer buen uso de los equipos alquilados y a devolverlos en perfecto estado, a la hora y\/o fecha prevista en el presente contrato.<\/p>\n<\/div>\n<div>\n<p><strong>10.-<\/strong> Una vez entregados los equipos al cliente en nuestras instalaciones, Wevision declina toda responsabilidad relativa al funcionamiento de los mismos; comprometi\u00e9ndose el cliente a comprobar y revisar el correcto funcionamiento y estado de los equipos antes de su retirada.<\/p>\n<\/div>\n<div>\n<p><strong>11.-<\/strong> Los equipos de Wevision no est\u00e1n asegurados fuera de sus instalaciones. El cliente est\u00e1 obligado a contratar una p\u00f3liza de seguro que cubra y proteja los equipos durante el transporte, custodia y rodaje audiovisual.<\/p>\n<\/div>\n<div>\n<p><strong>12.-<\/strong> El seguro contratado por el cliente, o en su defecto el propio cliente, se har\u00e1 cargo del coste de inmovilizaci\u00f3n del equipo por reparaci\u00f3n y\/o sustituci\u00f3n. Tambi\u00e9n se har\u00e1 cargo del posible robo, sustracci\u00f3n, hurto, estafa, p\u00e9rdida, manipulaci\u00f3n t\u00e9cnica del equipo, cat\u00e1strofes naturales, guerra, da\u00f1os producidos por atentados o altercados p\u00fablicos. Queda terminantemente prohibido por Wevision la utilizaci\u00f3n de sus equipos en rodajes de alto riesgo (todos los acu\u00e1ticos, a\u00e9reos con octoc\u00f3pteros o dispositivos similares, veh\u00edculos a motor, deportes de aventura). Queda prohibido igualmente aquellos rodajes donde se utilice tecnolog\u00eda l\u00e1ser debido a los da\u00f1os que se pueden producir en los CMOS de las c\u00e1maras.<\/p>\n<\/div>\n<div>\n<p><strong>13.-<\/strong> En los casos en que se produzca un siniestro, ca\u00edda, robo, p\u00e9rdida, sustracci\u00f3n o cualquier otro accidente, el cliente deber\u00e1 abonar la tarifa diaria de los equipos que han sufrido el siniestro hasta que los equipos sean reembolsados por el coste de reposici\u00f3n.<\/p>\n<\/div>\n<div>\n<p><strong>14.-<\/strong> Queda prohibido sacar equipos del territorio nacional, salvo que se autorice expresamente por parte de WeVision. En estos casos, el seguro contratado por el cliente debe tener cobertura internacional. El arrendador presentar. toda la documentaci\u00f3n necesaria (seguro, cuaderno ATA y lo que proceda) antes de retirar el equipo de las instalaciones de Wevision.<\/p>\n<\/div>\n<div>\n<p><strong>15.-<\/strong> El cliente se compromete a custodiar el equipo en todo momento, as\u00ed como cuidar el buen uso y mantenimiento del material. Wevision se reserva el derecho de geolocalizar algunos de sus equipos con el \u00fanico fin de conocer su localizaci\u00f3n en caso de necesidad extrema.<\/p>\n<\/div>\n<div>\n<p><strong>16.-<\/strong> El cliente no podr\u00e1 desmontar ni hacer desmontar el equipo por terceras personas, ni venderlo, ni desprenderse del equipo y\/o accesorios, quedando sujeto a las responsabilidades legales que pudieran corresponder.<\/p>\n<\/div>\n<div>\n<p><strong>17.-<\/strong> Wevision no aceptar\u00e1 ninguna reclamaci\u00f3n posterior a la devoluci\u00f3n del material; y si las tuviese, la reclamaci\u00f3n se deber\u00e1 realizar por escrito y con acuse de recibo a Wevision en el momento en que se produzca la incidencia.<\/p>\n<\/div>\n<div>\n<p><strong>18.-<\/strong> Wevision entrega algunos equipos con pilas y\/o bater\u00edas desechables para la comprobaci\u00f3n de su funcionamiento, siendo responsabilidad del cliente adquirir tantas pilas y\/o bater\u00edas como necesitase para la correcta y continua utilizaci\u00f3n de los equipos.<\/p>\n<\/div>\n<div>\n<p><strong>19.-<\/strong> La forma de pago del alquiler ser\u00e1 al contado antes de retirar el material de las instalaciones de Wevision, mediante transferencia bancaria o tarjeta de cr\u00e9dito y\/o debito o, en su caso, seg\u00fan lo acordado por ambas partes, como se reflejara en el presente contrato.<\/p>\n<\/div>\n<div><strong>20.-<\/strong> Para cualquier gesti\u00f3n que pudiera surgir en el cumplimiento o interpretaci\u00f3n de estas condiciones, las partes renuncian al propio fuero que pudiera corresponderles, se someten a la jurisdicci\u00f3n y competencia de los Juzgados y Tribunales de Madrid.<\/div>\n<p>[\/vc_column_text][\/vc_column][\/vc_row]<\/p>\n<\/section>","protected":false},"excerpt":{"rendered":"<p>[vc_row top_padding=\u00bb50&#8243; bottom_padding=\u00bb50&#8243;][vc_column width=\u00bb1\/1&#8243;][vc_column_text] 1.- Los equipos alquilados son propiedad de Wevision Lighting Solutions S.L. (en adelante Wevision) y\/o su [&hellip;]<\/p>\n","protected":false},"author":1,"featured_media":0,"parent":0,"menu_order":0,"comment_status":"closed","ping_status":"closed","template":"","meta":{"_acf_changed":false,"inline_featured_image":false,"footnotes":""},"categories":[],"tags":[],"class_list":["post-22251","page","type-page","status-publish","hentry"],"acf":[],"yoast_head":"<!-- This site is optimized with the Yoast SEO plugin v26.2 - https:\/\/yoast.com\/wordpress\/plugins\/seo\/ -->\n<title>Alquiler de equipos cinematogr\u00e1ficos - Welab Plus<\/title>\n<meta name=\"description\" content=\"Los equipos alquilados son propiedad de WeVision Lighting Solutions S.L., Welab Plus y\/o de su grupo de empresas\" \/>\n<meta name=\"robots\" content=\"index, follow, max-snippet:-1, max-image-preview:large, max-video-preview:-1\" \/>\n<link rel=\"canonical\" href=\"https:\/\/welabplus.com\/wevision\/condiciones-generales\/\" \/>\n<meta property=\"og:locale\" content=\"es_ES\" \/>\n<meta property=\"og:type\" content=\"article\" \/>\n<meta property=\"og:title\" content=\"Alquiler de equipos cinematogr\u00e1ficos - Welab Plus\" \/>\n<meta property=\"og:description\" content=\"Los equipos alquilados son propiedad de WeVision Lighting Solutions S.L., Welab Plus y\/o de su grupo de empresas\" \/>\n<meta property=\"og:url\" content=\"https:\/\/welabplus.com\/wevision\/condiciones-generales\/\" \/>\n<meta property=\"og:site_name\" content=\"Wevision\" \/>\n<meta property=\"article:publisher\" content=\"https:\/\/www.facebook.com\/welab.es\/\" \/>\n<meta property=\"article:modified_time\" content=\"2025-12-04T11:33:16+00:00\" \/>\n<meta name=\"twitter:card\" content=\"summary_large_image\" \/>\n<meta name=\"twitter:site\" content=\"@welabspain\" \/>\n<meta name=\"twitter:label1\" content=\"Tiempo de lectura\" \/>\n\t<meta name=\"twitter:data1\" content=\"5 minutos\" \/>\n<script type=\"application\/ld+json\" class=\"yoast-schema-graph\">{\"@context\":\"https:\/\/schema.org\",\"@graph\":[{\"@type\":\"WebPage\",\"@id\":\"https:\/\/welabplus.com\/wevision\/condiciones-generales\/\",\"url\":\"https:\/\/welabplus.com\/wevision\/condiciones-generales\/\",\"name\":\"Alquiler de equipos cinematogr\u00e1ficos - Welab Plus\",\"isPartOf\":{\"@id\":\"https:\/\/welabplus.com\/wevision\/#website\"},\"datePublished\":\"2023-03-24T15:06:29+00:00\",\"dateModified\":\"2025-12-04T11:33:16+00:00\",\"description\":\"Los equipos alquilados son propiedad de WeVision Lighting Solutions S.L., Welab Plus y\/o de su grupo de empresas\",\"breadcrumb\":{\"@id\":\"https:\/\/welabplus.com\/wevision\/condiciones-generales\/#breadcrumb\"},\"inLanguage\":\"es\",\"potentialAction\":[{\"@type\":\"ReadAction\",\"target\":[\"https:\/\/welabplus.com\/wevision\/condiciones-generales\/\"]}]},{\"@type\":\"BreadcrumbList\",\"@id\":\"https:\/\/welabplus.com\/wevision\/condiciones-generales\/#breadcrumb\",\"itemListElement\":[{\"@type\":\"ListItem\",\"position\":1,\"name\":\"Portada\",\"item\":\"https:\/\/welabplus.com\/wevision\/\"},{\"@type\":\"ListItem\",\"position\":2,\"name\":\"CONDICIONES GENERALES\"}]},{\"@type\":\"WebSite\",\"@id\":\"https:\/\/welabplus.com\/wevision\/#website\",\"url\":\"https:\/\/welabplus.com\/wevision\/\",\"name\":\"Welabplus\",\"description\":\"C\u00e1maras y lentes para cine\",\"publisher\":{\"@id\":\"https:\/\/welabplus.com\/wevision\/#organization\"},\"potentialAction\":[{\"@type\":\"SearchAction\",\"target\":{\"@type\":\"EntryPoint\",\"urlTemplate\":\"https:\/\/welabplus.com\/wevision\/?s={search_term_string}\"},\"query-input\":{\"@type\":\"PropertyValueSpecification\",\"valueRequired\":true,\"valueName\":\"search_term_string\"}}],\"inLanguage\":\"es\"},{\"@type\":\"Organization\",\"@id\":\"https:\/\/welabplus.com\/wevision\/#organization\",\"name\":\"Welab Canary Islands\",\"url\":\"https:\/\/welabplus.com\/wevision\/\",\"logo\":{\"@type\":\"ImageObject\",\"inLanguage\":\"es\",\"@id\":\"https:\/\/welabplus.com\/wevision\/#\/schema\/logo\/image\/\",\"url\":\"\",\"contentUrl\":\"\",\"caption\":\"Welab Canary Islands\"},\"image\":{\"@id\":\"https:\/\/welabplus.com\/wevision\/#\/schema\/logo\/image\/\"},\"sameAs\":[\"https:\/\/www.facebook.com\/welab.es\/\",\"https:\/\/x.com\/welabspain\"]}]}<\/script>\n<!-- \/ Yoast SEO plugin. -->","yoast_head_json":{"title":"Alquiler de equipos cinematogr\u00e1ficos - Welab Plus","description":"Los equipos alquilados son propiedad de WeVision Lighting Solutions S.L., Welab Plus y\/o de su grupo de empresas","robots":{"index":"index","follow":"follow","max-snippet":"max-snippet:-1","max-image-preview":"max-image-preview:large","max-video-preview":"max-video-preview:-1"},"canonical":"https:\/\/welabplus.com\/wevision\/condiciones-generales\/","og_locale":"es_ES","og_type":"article","og_title":"Alquiler de equipos cinematogr\u00e1ficos - Welab Plus","og_description":"Los equipos alquilados son propiedad de WeVision Lighting Solutions S.L., Welab Plus y\/o de su grupo de empresas","og_url":"https:\/\/welabplus.com\/wevision\/condiciones-generales\/","og_site_name":"Wevision","article_publisher":"https:\/\/www.facebook.com\/welab.es\/","article_modified_time":"2025-12-04T11:33:16+00:00","twitter_card":"summary_large_image","twitter_site":"@welabspain","twitter_misc":{"Tiempo de lectura":"5 minutos"},"schema":{"@context":"https:\/\/schema.org","@graph":[{"@type":"WebPage","@id":"https:\/\/welabplus.com\/wevision\/condiciones-generales\/","url":"https:\/\/welabplus.com\/wevision\/condiciones-generales\/","name":"Alquiler de equipos cinematogr\u00e1ficos - Welab Plus","isPartOf":{"@id":"https:\/\/welabplus.com\/wevision\/#website"},"datePublished":"2023-03-24T15:06:29+00:00","dateModified":"2025-12-04T11:33:16+00:00","description":"Los equipos alquilados son propiedad de WeVision Lighting Solutions S.L., Welab Plus y\/o de su grupo de empresas","breadcrumb":{"@id":"https:\/\/welabplus.com\/wevision\/condiciones-generales\/#breadcrumb"},"inLanguage":"es","potentialAction":[{"@type":"ReadAction","target":["https:\/\/welabplus.com\/wevision\/condiciones-generales\/"]}]},{"@type":"BreadcrumbList","@id":"https:\/\/welabplus.com\/wevision\/condiciones-generales\/#breadcrumb","itemListElement":[{"@type":"ListItem","position":1,"name":"Portada","item":"https:\/\/welabplus.com\/wevision\/"},{"@type":"ListItem","position":2,"name":"CONDICIONES GENERALES"}]},{"@type":"WebSite","@id":"https:\/\/welabplus.com\/wevision\/#website","url":"https:\/\/welabplus.com\/wevision\/","name":"Welabplus","description":"C\u00e1maras y lentes para cine","publisher":{"@id":"https:\/\/welabplus.com\/wevision\/#organization"},"potentialAction":[{"@type":"SearchAction","target":{"@type":"EntryPoint","urlTemplate":"https:\/\/welabplus.com\/wevision\/?s={search_term_string}"},"query-input":{"@type":"PropertyValueSpecification","valueRequired":true,"valueName":"search_term_string"}}],"inLanguage":"es"},{"@type":"Organization","@id":"https:\/\/welabplus.com\/wevision\/#organization","name":"Welab Canary Islands","url":"https:\/\/welabplus.com\/wevision\/","logo":{"@type":"ImageObject","inLanguage":"es","@id":"https:\/\/welabplus.com\/wevision\/#\/schema\/logo\/image\/","url":"","contentUrl":"","caption":"Welab Canary Islands"},"image":{"@id":"https:\/\/welabplus.com\/wevision\/#\/schema\/logo\/image\/"},"sameAs":["https:\/\/www.facebook.com\/welab.es\/","https:\/\/x.com\/welabspain"]}]}},"_links":{"self":[{"href":"https:\/\/welabplus.com\/wevision\/wp-json\/wp\/v2\/pages\/22251","targetHints":{"allow":["GET"]}}],"collection":[{"href":"https:\/\/welabplus.com\/wevision\/wp-json\/wp\/v2\/pages"}],"about":[{"href":"https:\/\/welabplus.com\/wevision\/wp-json\/wp\/v2\/types\/page"}],"author":[{"embeddable":true,"href":"https:\/\/welabplus.com\/wevision\/wp-json\/wp\/v2\/users\/1"}],"replies":[{"embeddable":true,"href":"https:\/\/welabplus.com\/wevision\/wp-json\/wp\/v2\/comments?post=22251"}],"version-history":[{"count":15,"href":"https:\/\/welabplus.com\/wevision\/wp-json\/wp\/v2\/pages\/22251\/revisions"}],"predecessor-version":[{"id":28418,"href":"https:\/\/welabplus.com\/wevision\/wp-json\/wp\/v2\/pages\/22251\/revisions\/28418"}],"wp:attachment":[{"href":"https:\/\/welabplus.com\/wevision\/wp-json\/wp\/v2\/media?parent=22251"}],"wp:term":[{"taxonomy":"category","embeddable":true,"href":"https:\/\/welabplus.com\/wevision\/wp-json\/wp\/v2\/categories?post=22251"},{"taxonomy":"post_tag","embeddable":true,"href":"https:\/\/welabplus.com\/wevision\/wp-json\/wp\/v2\/tags?post=22251"}],"curies":[{"name":"wp","href":"https:\/\/api.w.org\/{rel}","templated":true}]}}